{"id":1807,"date":"2025-04-24T13:35:19","date_gmt":"2025-04-24T13:35:19","guid":{"rendered":"https:\/\/www.errebi-group.com\/empresa\/"},"modified":"2025-07-01T16:04:50","modified_gmt":"2025-07-01T16:04:50","slug":"empresa","status":"publish","type":"page","link":"https:\/\/www.errebi-group.com\/es\/empresa","title":{"rendered":"Empresa"},"content":{"rendered":"<h2>Errebi Group S.r.l<\/h2>\n<p><strong>Nosotros los de ErreBi Group somos personal experto en cableado<\/strong> y estamos organizados para gestionar la <strong>producci\u00f3n y el suministro de varios tipos de cableados<\/strong>, <strong>cuadros y componentes el\u00e9ctricos de elevada calidad<\/strong>. Gracias a a\u00f1os de estudio e investigaci\u00f3n s<strong>omos una de las empresas mejor equipadas del territorio<\/strong> en cuanto a m\u00e1quinas autom\u00e1ticas y programas de gesti\u00f3n. <strong>La meticulosa formaci\u00f3n<\/strong> que caracteriza la preparaci\u00f3n de nuestro personal nos ha ayudado a lo largo de los a\u00f1os a adquirir<strong> un conocimiento tan amplio del cableado que nos permite llevar lo mejor de un sector a otro y encontrar soluciones a problemas a menudo insuperables<\/strong>. <\/p>\n<div style=\"height: 48px;\"><\/div>\n<h2>Nuestra historia, los desaf\u00edos del pasado y del futuro<\/h2>\n<div style=\"height: 48px;\"><\/div>\n<h3>2020 &#8211; 2021 &#8211; ErreBi Group y Los desaf\u00edos internacionales<\/h3>\n<p>El 2020 es, sin duda, <strong>el a\u00f1o bajo el signo de la internacionalizaci\u00f3n<\/strong>. La empresa llev\u00f3 a cabo<strong> la renovaci\u00f3n empresarial<\/strong> y continu\u00f3 el proceso de internacionalizaci\u00f3n, cambiando el logotipo, las gr\u00e1ficas y, como consecuencia, tambi\u00e9n el sitio y los materiales de comunicaci\u00f3n. <\/p>\n<p>El 2020 por desgracia <strong>es conocido por la aparici\u00f3n de la pandemia de COVID-19<\/strong> y parte de nuestra capacidad de producci\u00f3n se transform\u00f3 en l<strong>a fabricaci\u00f3n de componentes electr\u00f3nicos para dispositivos m\u00e9dicos.<\/strong><\/p>\n<p>Entre finales de 2020 y principios de 2021<strong> la empresa inaugur\u00f3 el nuevo sitio empresarial y la renovaci\u00f3n de errebishop.com<\/strong>, etapas fundamentales en el proceso de internacionalizaci\u00f3n.<\/p>\n<p>En 2021, dado el incremento importante de los servicios y de la capacidad de producci\u00f3n de los a\u00f1os anteriores, la empresa ha invertido en un nuevo edificio, <strong>ampliando la zona de producci\u00f3n en 2200 metros cuadrados y ha dividido la producci\u00f3n en dos empresas<\/strong>:<\/p>\n<ul>\n<li><strong>ErreBi group <\/strong>para la <strong>producci\u00f3n de cuadros el\u00e9ctricos<\/strong>, ensamblajes electromec\u00e1nicos y mecanizado;<\/li>\n<li><strong>ErreBi cablaggi <\/strong>para la asesor\u00eda, personalizaci\u00f3n y<strong> producci\u00f3n a medida de cableados el\u00e9ctricos.<\/strong><\/li>\n<\/ul>\n<div style=\"height: 48px;\"><\/div>\n<h3>2016 &#8211; 2019 &#8211; El desaf\u00edo web<\/h3>\n<p>En este trienio se present\u00f3 el <strong>desaf\u00edo Web<\/strong>, la empresa se enriqueci\u00f3 con la plataforma <strong>errebishop.com<\/strong> que nos permiti\u00f3 entrar en contacto con los usuarios finales, aunque solo sea para comprar peque\u00f1as cantidades de productos dif\u00edciles de encontrar.<\/p>\n<p><strong>La oferta competitiva<\/strong>, <strong>el gran n\u00famero de productos espec\u00edficos<\/strong> y <strong>una asistencia especializada para la compra<\/strong> nos permiti\u00f3 aumentar r\u00e1pidamente nuestra presencia en la web para los productos y servicios que mejor conocemos.<\/p>\n<p>En 2019 inici\u00f3 <strong>la renovaci\u00f3n del sitio de la empresa<\/strong> para satisfacer las necesidades de un mundo digital en continua evoluci\u00f3n y para comunicar mejor los nuevos tipos de mecanizados que nuestro compromiso continuo con la investigaci\u00f3n nos ha permitido implementar:<\/p>\n<p><strong>Impresi\u00f3n de prototipos 3D, mecanizados CNC, corte por l\u00e1ser y grabado con l\u00e1ser<\/strong>, solo por citar algunos, son los reci\u00e9n llegados en nuestros procesos de producci\u00f3n.<\/p>\n<div style=\"height: 48px;\"><\/div>\n<h3>2010 &#8211; 2016<\/h3>\n<p>En 2010 se introdujeron <strong>figuras claves para la gesti\u00f3n de la producci\u00f3n<\/strong>, que junto con la oficina de calidad reorganizaron todo el departamento de producci\u00f3n, se empez\u00f3 a utilizar <strong>el m\u00e9todo kanban<\/strong>, aumentando la productividad, disminuyendo los residuos de producci\u00f3n y optimizando la compra de la materia prima, con significativas ventajas, sobre todo, para el cliente, que empez\u00f3 a tener <strong>un servicio a\u00fan m\u00e1s fiable y entregas instant\u00e1neas<\/strong>.<\/p>\n<p>En 2011, <strong>la empresa lleg\u00f3 a gestionar m\u00e1s de 10.000 \u00edculos <\/strong>que se encuentran regularmente en el almac\u00e9n e introdujo <strong>automatismos significativos para la gesti\u00f3n del almac\u00e9n<\/strong>. Adem\u00e1s, algunos miembros del personal consiguieron <strong>la certificaci\u00f3n IPC620<\/strong> aumentando de esta manera, el grado de fiabilidad de la empresa. <\/p>\n<p>En febrero de 2012, <strong>la empresa compr\u00f3 un programa inform\u00e1tico, muy apreciado por los clientes, para dise\u00f1ar y realizar dibujos t\u00e9cnicos<\/strong> tanto para cableado como para los cuadros el\u00e9ctricos.<\/p>\n<p>En enero de 2015, despu\u00e9s de un a\u00f1o de estudio, dise\u00f1o y puesta a punto, <strong>abri\u00f3 su propio e-commerce<\/strong>, que fue enseguida vinculado a las actuales plataformas, unificando la gesti\u00f3n en un \u00fanico proceso y optimizando los plazos de preparaci\u00f3n y tramitaci\u00f3n del pedido.<\/p>\n<p>El 2015 fue un a\u00f1o muy importante tambi\u00e9n por lo que respecta a<strong> la adquisici\u00f3n de nuevas certificaciones<\/strong>, ya que, desde noviembre, <strong>la empresa realiza cableados UL<\/strong>, con la posibilidad de certificar el producto para los mercados de EE. UU. y Canad\u00e1, abri\u00e9ndose de esta manera a nuevos mercados.<\/p>\n<div style=\"height: 48px;\"><\/div>\n<h3>2004 &#8211; 2009<\/h3>\n<p>En estos a\u00f1os la empresa se introdujo por primera vez<strong> en el sector de los cuadros el\u00e9ctricos<\/strong>, produciendo <strong>los primeros cuadros a bordo m\u00e1quina<\/strong>. Pero el verdadero cambio en este sector se produjo en 2009 con<strong> el nacimiento de ErreBi cablaggi s.r.l.<\/strong>, que enseguida decidi\u00f3 desarrollar un nuevo departamento para <strong>la construcci\u00f3n de cuadros el\u00e9ctricos<\/strong>, contratando personal cualificado e invirtiendo en la formaci\u00f3n y en los equipos adecuados para el sector. <\/p>\n<p>En los \u00faltimos meses de 2006,<strong> los vol\u00famenes de ventas aumentaron tanto <\/strong>que fue necesario encontrar una sede de producci\u00f3n m\u00e1s grande. De esta manera, la empresa en abril de 2008 <strong>se traslad\u00f3 al nuevo local situado en el municipio de Reggello<\/strong> a unos 20 Km de Florencia y a solo 2 Km de la autopista, optimizando el departamento de producci\u00f3n y facilitando el transporte de las mercanc\u00edas. <\/p>\n<p>En este periodo <strong>se compraron nuevas m\u00e1quinas autom\u00e1ticas<\/strong> que hicieron que la empresa se convirtiera en <strong>una de las empresas a la vanguardia en el sector<\/strong>.<\/p>\n<div style=\"height: 48px;\"><\/div>\n<h3>1998 &#8211; Los origines<\/h3>\n<p>Para remontarnos a los or\u00edgenes, tenemos que retroceder hasta julio de 1998, a\u00f1o donde fue constituida la <strong>empresa individual de gesti\u00f3n familiar,<\/strong> que se convertir\u00eda en <strong>ErreBi Group S.r.l. <\/strong>en julio de 2009.<\/p>\n<p>Desde los primeros a\u00f1os, <strong>la empresa invierte en m\u00e1quinas con tecnolog\u00edas de \u00faltima generaci\u00f3n<\/strong>, posicion\u00e1ndose r\u00e1pidamente entre los fabricantes m\u00e1s fiables de cableados el\u00e9ctricos de todo el territorio nacional, ampliando mes tras mes la clientela y fidelizando cada vez m\u00e1s los viejos clientes, adquiriendo competencia y convirti\u00e9ndose <strong>en una verdadera referencia en el sector<\/strong>.<\/p>\n<p>Apenas 2 a\u00f1os despu\u00e9s de su nacimiento, para aumentar el servicio\/soporte al cliente, <strong>la empresa decidi\u00f3 especializarse en el ensamblaje mec\u00e1nico<\/strong>, estructurando l\u00edneas para el montaje de piezas mec\u00e1nicas y suministrando adem\u00e1s de los cableados, semielaborados cableados e incluso productos acabados y probados.<\/p>\n<p>En los primeros meses de 2002, gracias al fuerte crecimiento,<strong> la empresa dio otro paso hacia delante en t\u00e9rminos de fiabilidad<\/strong> adquiriendo <strong>la certificaci\u00f3n ISO 9001<\/strong>, anhelada desde el principio y conseguida en enero de 2003.<\/p>\n","protected":false},"excerpt":{"rendered":"<p>Errebi Group S.r.l Nosotros los de ErreBi Group somos personal experto en cableado y estamos organizados para gestionar la producci\u00f3n y el suministro de varios tipos de cableados, cuadros y componentes el\u00e9ctricos de elevada calidad. Gracias a a\u00f1os de estudio e investigaci\u00f3n somos una de las empresas mejor equipadas del territorio en cuanto a m\u00e1quinas [&hellip;]<\/p>\n","protected":false},"author":1,"featured_media":1525,"parent":0,"menu_order":0,"comment_status":"closed","ping_status":"closed","template":"","meta":{"footnotes":""},"class_list":["post-1807","page","type-page","status-publish","has-post-thumbnail","hentry"],"yoast_head":"<!-- This site is optimized with the Yoast SEO plugin v27.4 - https:\/\/yoast.com\/product\/yoast-seo-wordpress\/ -->\n<title>Errebi Group | Fabricante de cableado el\u00e9ctrico<\/title>\n<meta name=\"description\" content=\"Errebi Group, fabricante de cableados y cuadros el\u00e9ctricos a medida. Descubra nuestra historia y p\u00f3ngase en contacto con nosotros para un asesoramiento personalizado!\" \/>\n<meta name=\"robots\" content=\"index, follow, max-snippet:-1, max-image-preview:large, max-video-preview:-1\" \/>\n<link rel=\"canonical\" href=\"https:\/\/www.errebi-group.com\/es\/empresa\" \/>\n<meta property=\"og:locale\" content=\"es_ES\" \/>\n<meta property=\"og:type\" content=\"article\" \/>\n<meta property=\"og:title\" content=\"Errebi Group | Fabricante de cableado el\u00e9ctrico\" \/>\n<meta property=\"og:description\" content=\"Errebi Group, fabricante de cableados y cuadros el\u00e9ctricos a medida. Descubra nuestra historia y p\u00f3ngase en contacto con nosotros para un asesoramiento personalizado!\" \/>\n<meta property=\"og:url\" content=\"https:\/\/www.errebi-group.com\/es\/empresa\" \/>\n<meta property=\"og:site_name\" content=\"ErreBi Group\" \/>\n<meta property=\"article:publisher\" content=\"https:\/\/www.facebook.com\/errebigroupsrl\" \/>\n<meta property=\"article:modified_time\" content=\"2025-07-01T16:04:50+00:00\" \/>\n<meta property=\"og:image\" content=\"https:\/\/www.errebi-group.com\/wp-content\/uploads\/2025\/04\/sede-operativa-errebi-group-produzione-cablaggi-elettrici-industriali.webp\" \/>\n\t<meta property=\"og:image:width\" content=\"1280\" \/>\n\t<meta property=\"og:image:height\" content=\"720\" \/>\n\t<meta property=\"og:image:type\" content=\"image\/webp\" \/>\n<meta name=\"twitter:card\" content=\"summary_large_image\" \/>\n<meta name=\"twitter:label1\" content=\"Tiempo de lectura\" \/>\n\t<meta name=\"twitter:data1\" content=\"6 minutos\" \/>\n<script type=\"application\/ld+json\" class=\"yoast-schema-graph\">{\"@context\":\"https:\\\/\\\/schema.org\",\"@graph\":[{\"@type\":\"WebPage\",\"@id\":\"https:\\\/\\\/www.errebi-group.com\\\/es\\\/empresa\",\"url\":\"https:\\\/\\\/www.errebi-group.com\\\/es\\\/empresa\",\"name\":\"Errebi Group | Fabricante de cableado el\u00e9ctrico\",\"isPartOf\":{\"@id\":\"https:\\\/\\\/www.errebi-group.com\\\/es#website\"},\"primaryImageOfPage\":{\"@id\":\"https:\\\/\\\/www.errebi-group.com\\\/es\\\/empresa#primaryimage\"},\"image\":{\"@id\":\"https:\\\/\\\/www.errebi-group.com\\\/es\\\/empresa#primaryimage\"},\"thumbnailUrl\":\"https:\\\/\\\/www.errebi-group.com\\\/wp-content\\\/uploads\\\/2025\\\/04\\\/sede-operativa-errebi-group-produzione-cablaggi-elettrici-industriali.webp\",\"datePublished\":\"2025-04-24T13:35:19+00:00\",\"dateModified\":\"2025-07-01T16:04:50+00:00\",\"description\":\"Errebi Group, fabricante de cableados y cuadros el\u00e9ctricos a medida. Descubra nuestra historia y p\u00f3ngase en contacto con nosotros para un asesoramiento personalizado!\",\"breadcrumb\":{\"@id\":\"https:\\\/\\\/www.errebi-group.com\\\/es\\\/empresa#breadcrumb\"},\"inLanguage\":\"es\",\"potentialAction\":[{\"@type\":\"ReadAction\",\"target\":[\"https:\\\/\\\/www.errebi-group.com\\\/es\\\/empresa\"]}]},{\"@type\":\"ImageObject\",\"inLanguage\":\"es\",\"@id\":\"https:\\\/\\\/www.errebi-group.com\\\/es\\\/empresa#primaryimage\",\"url\":\"https:\\\/\\\/www.errebi-group.com\\\/wp-content\\\/uploads\\\/2025\\\/04\\\/sede-operativa-errebi-group-produzione-cablaggi-elettrici-industriali.webp\",\"contentUrl\":\"https:\\\/\\\/www.errebi-group.com\\\/wp-content\\\/uploads\\\/2025\\\/04\\\/sede-operativa-errebi-group-produzione-cablaggi-elettrici-industriali.webp\",\"width\":1280,\"height\":720,\"caption\":\"Vista exterior de la sede ErreBi Group con el logotipo de la empresa visible en la fachada\"},{\"@type\":\"BreadcrumbList\",\"@id\":\"https:\\\/\\\/www.errebi-group.com\\\/es\\\/empresa#breadcrumb\",\"itemListElement\":[{\"@type\":\"ListItem\",\"position\":1,\"name\":\"Home\",\"item\":\"https:\\\/\\\/www.errebi-group.com\\\/es\"},{\"@type\":\"ListItem\",\"position\":2,\"name\":\"Empresa\"}]},{\"@type\":\"WebSite\",\"@id\":\"https:\\\/\\\/www.errebi-group.com\\\/es#website\",\"url\":\"https:\\\/\\\/www.errebi-group.com\\\/es\",\"name\":\"Errebi Group - Azienda produttrice di Cablaggi e Quadri Elettrici\",\"description\":\"Azienda produttrice di Cablaggi e Quadri Elettrici\",\"publisher\":{\"@id\":\"https:\\\/\\\/www.errebi-group.com\\\/es#organization\"},\"potentialAction\":[{\"@type\":\"SearchAction\",\"target\":{\"@type\":\"EntryPoint\",\"urlTemplate\":\"https:\\\/\\\/www.errebi-group.com\\\/es?s={search_term_string}\"},\"query-input\":{\"@type\":\"PropertyValueSpecification\",\"valueRequired\":true,\"valueName\":\"search_term_string\"}}],\"inLanguage\":\"es\"},{\"@type\":\"Organization\",\"@id\":\"https:\\\/\\\/www.errebi-group.com\\\/es#organization\",\"name\":\"Errebi Group\",\"url\":\"https:\\\/\\\/www.errebi-group.com\\\/es\",\"logo\":{\"@type\":\"ImageObject\",\"inLanguage\":\"es\",\"@id\":\"https:\\\/\\\/www.errebi-group.com\\\/es#\\\/schema\\\/logo\\\/image\\\/\",\"url\":\"https:\\\/\\\/www.errebi-group.com\\\/wp-content\\\/uploads\\\/2025\\\/04\\\/logo-errebi-group-payoff-white-website.png\",\"contentUrl\":\"https:\\\/\\\/www.errebi-group.com\\\/wp-content\\\/uploads\\\/2025\\\/04\\\/logo-errebi-group-payoff-white-website.png\",\"width\":610,\"height\":100,\"caption\":\"Errebi Group\"},\"image\":{\"@id\":\"https:\\\/\\\/www.errebi-group.com\\\/es#\\\/schema\\\/logo\\\/image\\\/\"},\"sameAs\":[\"https:\\\/\\\/www.facebook.com\\\/errebigroupsrl\",\"https:\\\/\\\/www.instagram.com\\\/errebi.group?igsh=cGNzN3FpcDFqNm1i\",\"https:\\\/\\\/www.linkedin.com\\\/company\\\/errebigroup\\\/?originalSubdomain=it\",\"https:\\\/\\\/www.youtube.com\\\/@errebigroup\"]}]}<\/script>\n<!-- \/ Yoast SEO plugin. -->","yoast_head_json":{"title":"Errebi Group | Fabricante de cableado el\u00e9ctrico","description":"Errebi Group, fabricante de cableados y cuadros el\u00e9ctricos a medida. Descubra nuestra historia y p\u00f3ngase en contacto con nosotros para un asesoramiento personalizado!","robots":{"index":"index","follow":"follow","max-snippet":"max-snippet:-1","max-image-preview":"max-image-preview:large","max-video-preview":"max-video-preview:-1"},"canonical":"https:\/\/www.errebi-group.com\/es\/empresa","og_locale":"es_ES","og_type":"article","og_title":"Errebi Group | Fabricante de cableado el\u00e9ctrico","og_description":"Errebi Group, fabricante de cableados y cuadros el\u00e9ctricos a medida. Descubra nuestra historia y p\u00f3ngase en contacto con nosotros para un asesoramiento personalizado!","og_url":"https:\/\/www.errebi-group.com\/es\/empresa","og_site_name":"ErreBi Group","article_publisher":"https:\/\/www.facebook.com\/errebigroupsrl","article_modified_time":"2025-07-01T16:04:50+00:00","og_image":[{"width":1280,"height":720,"url":"https:\/\/www.errebi-group.com\/wp-content\/uploads\/2025\/04\/sede-operativa-errebi-group-produzione-cablaggi-elettrici-industriali.webp","type":"image\/webp"}],"twitter_card":"summary_large_image","twitter_misc":{"Tiempo de lectura":"6 minutos"},"schema":{"@context":"https:\/\/schema.org","@graph":[{"@type":"WebPage","@id":"https:\/\/www.errebi-group.com\/es\/empresa","url":"https:\/\/www.errebi-group.com\/es\/empresa","name":"Errebi Group | Fabricante de cableado el\u00e9ctrico","isPartOf":{"@id":"https:\/\/www.errebi-group.com\/es#website"},"primaryImageOfPage":{"@id":"https:\/\/www.errebi-group.com\/es\/empresa#primaryimage"},"image":{"@id":"https:\/\/www.errebi-group.com\/es\/empresa#primaryimage"},"thumbnailUrl":"https:\/\/www.errebi-group.com\/wp-content\/uploads\/2025\/04\/sede-operativa-errebi-group-produzione-cablaggi-elettrici-industriali.webp","datePublished":"2025-04-24T13:35:19+00:00","dateModified":"2025-07-01T16:04:50+00:00","description":"Errebi Group, fabricante de cableados y cuadros el\u00e9ctricos a medida. Descubra nuestra historia y p\u00f3ngase en contacto con nosotros para un asesoramiento personalizado!","breadcrumb":{"@id":"https:\/\/www.errebi-group.com\/es\/empresa#breadcrumb"},"inLanguage":"es","potentialAction":[{"@type":"ReadAction","target":["https:\/\/www.errebi-group.com\/es\/empresa"]}]},{"@type":"ImageObject","inLanguage":"es","@id":"https:\/\/www.errebi-group.com\/es\/empresa#primaryimage","url":"https:\/\/www.errebi-group.com\/wp-content\/uploads\/2025\/04\/sede-operativa-errebi-group-produzione-cablaggi-elettrici-industriali.webp","contentUrl":"https:\/\/www.errebi-group.com\/wp-content\/uploads\/2025\/04\/sede-operativa-errebi-group-produzione-cablaggi-elettrici-industriali.webp","width":1280,"height":720,"caption":"Vista exterior de la sede ErreBi Group con el logotipo de la empresa visible en la fachada"},{"@type":"BreadcrumbList","@id":"https:\/\/www.errebi-group.com\/es\/empresa#breadcrumb","itemListElement":[{"@type":"ListItem","position":1,"name":"Home","item":"https:\/\/www.errebi-group.com\/es"},{"@type":"ListItem","position":2,"name":"Empresa"}]},{"@type":"WebSite","@id":"https:\/\/www.errebi-group.com\/es#website","url":"https:\/\/www.errebi-group.com\/es","name":"Errebi Group - Azienda produttrice di Cablaggi e Quadri Elettrici","description":"Azienda produttrice di Cablaggi e Quadri Elettrici","publisher":{"@id":"https:\/\/www.errebi-group.com\/es#organization"},"potentialAction":[{"@type":"SearchAction","target":{"@type":"EntryPoint","urlTemplate":"https:\/\/www.errebi-group.com\/es?s={search_term_string}"},"query-input":{"@type":"PropertyValueSpecification","valueRequired":true,"valueName":"search_term_string"}}],"inLanguage":"es"},{"@type":"Organization","@id":"https:\/\/www.errebi-group.com\/es#organization","name":"Errebi Group","url":"https:\/\/www.errebi-group.com\/es","logo":{"@type":"ImageObject","inLanguage":"es","@id":"https:\/\/www.errebi-group.com\/es#\/schema\/logo\/image\/","url":"https:\/\/www.errebi-group.com\/wp-content\/uploads\/2025\/04\/logo-errebi-group-payoff-white-website.png","contentUrl":"https:\/\/www.errebi-group.com\/wp-content\/uploads\/2025\/04\/logo-errebi-group-payoff-white-website.png","width":610,"height":100,"caption":"Errebi Group"},"image":{"@id":"https:\/\/www.errebi-group.com\/es#\/schema\/logo\/image\/"},"sameAs":["https:\/\/www.facebook.com\/errebigroupsrl","https:\/\/www.instagram.com\/errebi.group?igsh=cGNzN3FpcDFqNm1i","https:\/\/www.linkedin.com\/company\/errebigroup\/?originalSubdomain=it","https:\/\/www.youtube.com\/@errebigroup"]}]}},"_links":{"self":[{"href":"https:\/\/www.errebi-group.com\/es\/wp-json\/wp\/v2\/pages\/1807","targetHints":{"allow":["GET"]}}],"collection":[{"href":"https:\/\/www.errebi-group.com\/es\/wp-json\/wp\/v2\/pages"}],"about":[{"href":"https:\/\/www.errebi-group.com\/es\/wp-json\/wp\/v2\/types\/page"}],"author":[{"embeddable":true,"href":"https:\/\/www.errebi-group.com\/es\/wp-json\/wp\/v2\/users\/1"}],"replies":[{"embeddable":true,"href":"https:\/\/www.errebi-group.com\/es\/wp-json\/wp\/v2\/comments?post=1807"}],"version-history":[{"count":1,"href":"https:\/\/www.errebi-group.com\/es\/wp-json\/wp\/v2\/pages\/1807\/revisions"}],"predecessor-version":[{"id":2152,"href":"https:\/\/www.errebi-group.com\/es\/wp-json\/wp\/v2\/pages\/1807\/revisions\/2152"}],"wp:featuredmedia":[{"embeddable":true,"href":"https:\/\/www.errebi-group.com\/es\/wp-json\/wp\/v2\/media\/1525"}],"wp:attachment":[{"href":"https:\/\/www.errebi-group.com\/es\/wp-json\/wp\/v2\/media?parent=1807"}],"curies":[{"name":"wp","href":"https:\/\/api.w.org\/{rel}","templated":true}]}}