{"id":1862,"date":"2025-04-30T08:18:24","date_gmt":"2025-04-30T08:18:24","guid":{"rendered":"https:\/\/www.errebi-group.com\/certificaciones-errebi-cablaggi\/"},"modified":"2025-09-29T14:33:39","modified_gmt":"2025-09-29T14:33:39","slug":"certificaciones","status":"publish","type":"page","link":"https:\/\/www.errebi-group.com\/es\/certificaciones","title":{"rendered":"Certificaciones ErreBi Cablaggi"},"content":{"rendered":"\t\t<div data-elementor-type=\"wp-page\" data-elementor-id=\"1862\" class=\"elementor elementor-1862 elementor-1147\" data-elementor-post-type=\"page\">\n\t\t\t\t<div class=\"elementor-element elementor-element-e637faf e-con-full e-flex e-con e-parent\" data-id=\"e637faf\" data-element_type=\"container\" data-e-type=\"container\" data-settings=\"{&quot;background_background&quot;:&quot;classic&quot;}\">\n\t\t<div class=\"elementor-element elementor-element-c16ec51 e-con-full e-flex e-con e-child\" data-id=\"c16ec51\" data-element_type=\"container\" data-e-type=\"container\" data-settings=\"{&quot;background_background&quot;:&quot;classic&quot;}\">\n\t\t\t\t<div class=\"elementor-element elementor-element-f4fe95a elementor-widget elementor-widget-heading\" data-id=\"f4fe95a\" data-element_type=\"widget\" data-e-type=\"widget\" data-widget_type=\"heading.default\">\n\t\t\t\t<div class=\"elementor-widget-container\">\n\t\t\t\t\t<p class=\"elementor-heading-title elementor-size-default\"><a href=\"https:\/\/www.errebi-group.com\/es\">Inicio \/<\/a><\/p>\t\t\t\t<\/div>\n\t\t\t\t<\/div>\n\t\t\t\t<div class=\"elementor-element elementor-element-1cf0285 elementor-widget elementor-widget-heading\" data-id=\"1cf0285\" data-element_type=\"widget\" data-e-type=\"widget\" data-widget_type=\"heading.default\">\n\t\t\t\t<div class=\"elementor-widget-container\">\n\t\t\t\t\t<p class=\"elementor-heading-title elementor-size-default\">Certificaciones<\/p>\t\t\t\t<\/div>\n\t\t\t\t<\/div>\n\t\t\t\t<\/div>\n\t\t\t\t<\/div>\n\t\t<div class=\"elementor-element elementor-element-089d19c e-flex e-con-boxed e-con e-parent\" data-id=\"089d19c\" data-element_type=\"container\" data-e-type=\"container\" data-settings=\"{&quot;background_background&quot;:&quot;classic&quot;}\">\n\t\t\t\t\t<div class=\"e-con-inner\">\n\t\t\t\t<div class=\"elementor-element elementor-element-22f12af elementor-widget elementor-widget-heading\" data-id=\"22f12af\" data-element_type=\"widget\" data-e-type=\"widget\" data-widget_type=\"heading.default\">\n\t\t\t\t<div class=\"elementor-widget-container\">\n\t\t\t\t\t<h2 class=\"elementor-heading-title elementor-size-default\">Nuestras certificaciones<\/h2>\t\t\t\t<\/div>\n\t\t\t\t<\/div>\n\t\t\t\t<div class=\"elementor-element elementor-element-43a6952 gallery-spacing-custom elementor-widget elementor-widget-image-gallery\" data-id=\"43a6952\" data-element_type=\"widget\" data-e-type=\"widget\" data-widget_type=\"image-gallery.default\">\n\t\t\t\t<div class=\"elementor-widget-container\">\n\t\t\t\t\t\t\t<div class=\"elementor-image-gallery\">\n\t\t\t<div id='gallery-1' class='gallery galleryid-1862 gallery-columns-3 gallery-size-full'><figure class='gallery-item'>\n\t\t\t<div class='gallery-icon portrait'>\n\t\t\t\t<a data-elementor-open-lightbox=\"yes\" data-elementor-lightbox-slideshow=\"43a6952\" data-elementor-lightbox-title=\"certificate-of-compliance-errebi-group\" data-elementor-lightbox-description=\"Certificado de conformidad expedido a ErreBi Group, que certifica el cumplimiento de las normas internacionales para la producci\u00f3n y el control de calidad.\" data-e-action-hash=\"#elementor-action%3Aaction%3Dlightbox%26settings%3DeyJpZCI6MTU1NywidXJsIjoiaHR0cHM6XC9cL3d3dy5lcnJlYmktZ3JvdXAuY29tXC93cC1jb250ZW50XC91cGxvYWRzXC8yMDI1XC8wNFwvY2VydGlmaWNhdGUtb2YtY29tcGxpYW5jZS1lcnJlYmktZ3JvdXAtc2NhbGVkLndlYnAiLCJzbGlkZXNob3ciOiI0M2E2OTUyIn0%3D\" href='https:\/\/www.errebi-group.com\/wp-content\/uploads\/2025\/04\/certificate-of-compliance-errebi-group-scaled.webp'><img fetchpriority=\"high\" decoding=\"async\" width=\"1978\" height=\"2560\" src=\"https:\/\/www.errebi-group.com\/wp-content\/uploads\/2025\/04\/certificate-of-compliance-errebi-group-scaled.webp\" class=\"attachment-full size-full\" alt=\"Certificado de conformidad expedido a ErreBi Group, que certifica el cumplimiento de las normas internacionales para la producci\u00f3n y el control de calidad.\" aria-describedby=\"gallery-1-1557\" srcset=\"https:\/\/www.errebi-group.com\/wp-content\/uploads\/2025\/04\/certificate-of-compliance-errebi-group-scaled.webp 1978w, https:\/\/www.errebi-group.com\/wp-content\/uploads\/2025\/04\/certificate-of-compliance-errebi-group-232x300.webp 232w, https:\/\/www.errebi-group.com\/wp-content\/uploads\/2025\/04\/certificate-of-compliance-errebi-group-791x1024.webp 791w, https:\/\/www.errebi-group.com\/wp-content\/uploads\/2025\/04\/certificate-of-compliance-errebi-group-768x994.webp 768w, https:\/\/www.errebi-group.com\/wp-content\/uploads\/2025\/04\/certificate-of-compliance-errebi-group-1187x1536.webp 1187w, https:\/\/www.errebi-group.com\/wp-content\/uploads\/2025\/04\/certificate-of-compliance-errebi-group-1583x2048.webp 1583w\" sizes=\"(max-width: 1978px) 100vw, 1978px\" \/><\/a>\n\t\t\t<\/div>\n\t\t\t\t<figcaption class='wp-caption-text gallery-caption' id='gallery-1-1557'>\n\t\t\t\tCertificado de conformidad expedido a ErreBi Group, que certifica el cumplimiento de las normas internacionales para la producci\u00f3n y el control de calidad.\n\t\t\t\t<\/figcaption><\/figure><figure class='gallery-item'>\n\t\t\t<div class='gallery-icon portrait'>\n\t\t\t\t<a data-elementor-open-lightbox=\"yes\" data-elementor-lightbox-slideshow=\"43a6952\" data-elementor-lightbox-title=\"certificazione-iso-9001-2015-errebi-group\" data-elementor-lightbox-description=\"Certificaci\u00f3n ISO 9001:2015 de ErreBi Group, que garantiza un sistema de gesti\u00f3n de la calidad conforme a las normas reconocidas a nivel mundial.\" data-e-action-hash=\"#elementor-action%3Aaction%3Dlightbox%26settings%3DeyJpZCI6MTU2MSwidXJsIjoiaHR0cHM6XC9cL3d3dy5lcnJlYmktZ3JvdXAuY29tXC93cC1jb250ZW50XC91cGxvYWRzXC8yMDI1XC8wNFwvY2VydGlmaWNhemlvbmUtaXNvLTkwMDEtMjAxNS1lcnJlYmktZ3JvdXAud2VicCIsInNsaWRlc2hvdyI6IjQzYTY5NTIifQ%3D%3D\" href='https:\/\/www.errebi-group.com\/wp-content\/uploads\/2025\/04\/certificazione-iso-9001-2015-errebi-group.webp'><img decoding=\"async\" width=\"909\" height=\"1287\" src=\"https:\/\/www.errebi-group.com\/wp-content\/uploads\/2025\/04\/certificazione-iso-9001-2015-errebi-group.webp\" class=\"attachment-full size-full\" alt=\"Certificaci\u00f3n ISO 9001:2015 de ErreBi Group, que garantiza un sistema de gesti\u00f3n de la calidad conforme a las normas reconocidas a nivel mundial.\" aria-describedby=\"gallery-1-1561\" srcset=\"https:\/\/www.errebi-group.com\/wp-content\/uploads\/2025\/04\/certificazione-iso-9001-2015-errebi-group.webp 909w, https:\/\/www.errebi-group.com\/wp-content\/uploads\/2025\/04\/certificazione-iso-9001-2015-errebi-group-212x300.webp 212w, https:\/\/www.errebi-group.com\/wp-content\/uploads\/2025\/04\/certificazione-iso-9001-2015-errebi-group-723x1024.webp 723w, https:\/\/www.errebi-group.com\/wp-content\/uploads\/2025\/04\/certificazione-iso-9001-2015-errebi-group-768x1087.webp 768w\" sizes=\"(max-width: 909px) 100vw, 909px\" \/><\/a>\n\t\t\t<\/div>\n\t\t\t\t<figcaption class='wp-caption-text gallery-caption' id='gallery-1-1561'>\n\t\t\t\tCertificaci\u00f3n ISO 9001:2015 de ErreBi Group, que garantiza un sistema de gesti\u00f3n de la calidad conforme a las normas reconocidas a nivel mundial.\n\t\t\t\t<\/figcaption><\/figure><figure class='gallery-item'>\n\t\t\t<div class='gallery-icon portrait'>\n\t\t\t\t<a data-elementor-open-lightbox=\"yes\" data-elementor-lightbox-slideshow=\"43a6952\" data-elementor-lightbox-title=\"certified-ipc-specialist-errebi-group\" data-elementor-lightbox-description=\"Certificado IPC Certified Specialist obtenido por ErreBi Group, que certifica la competencia del personal en la producci\u00f3n de montajes electr\u00f3nicos fiables.\" data-e-action-hash=\"#elementor-action%3Aaction%3Dlightbox%26settings%3DeyJpZCI6MTU2NSwidXJsIjoiaHR0cHM6XC9cL3d3dy5lcnJlYmktZ3JvdXAuY29tXC93cC1jb250ZW50XC91cGxvYWRzXC8yMDI1XC8wNFwvY2VydGlmaWVkLWlwYy1zcGVjaWFsaXN0LWVycmViaS1ncm91cC1zY2FsZWQud2VicCIsInNsaWRlc2hvdyI6IjQzYTY5NTIifQ%3D%3D\" href='https:\/\/www.errebi-group.com\/wp-content\/uploads\/2025\/04\/certified-ipc-specialist-errebi-group-scaled.webp'><img decoding=\"async\" width=\"2059\" height=\"2560\" src=\"https:\/\/www.errebi-group.com\/wp-content\/uploads\/2025\/04\/certified-ipc-specialist-errebi-group-scaled.webp\" class=\"attachment-full size-full\" alt=\"Certificado IPC Certified Specialist obtenido por ErreBi Group, que certifica la competencia del personal en la producci\u00f3n de montajes electr\u00f3nicos fiables.\" aria-describedby=\"gallery-1-1565\" srcset=\"https:\/\/www.errebi-group.com\/wp-content\/uploads\/2025\/04\/certified-ipc-specialist-errebi-group-scaled.webp 2059w, https:\/\/www.errebi-group.com\/wp-content\/uploads\/2025\/04\/certified-ipc-specialist-errebi-group-241x300.webp 241w, https:\/\/www.errebi-group.com\/wp-content\/uploads\/2025\/04\/certified-ipc-specialist-errebi-group-824x1024.webp 824w, https:\/\/www.errebi-group.com\/wp-content\/uploads\/2025\/04\/certified-ipc-specialist-errebi-group-768x955.webp 768w, https:\/\/www.errebi-group.com\/wp-content\/uploads\/2025\/04\/certified-ipc-specialist-errebi-group-1235x1536.webp 1235w, https:\/\/www.errebi-group.com\/wp-content\/uploads\/2025\/04\/certified-ipc-specialist-errebi-group-1647x2048.webp 1647w\" sizes=\"(max-width: 2059px) 100vw, 2059px\" \/><\/a>\n\t\t\t<\/div>\n\t\t\t\t<figcaption class='wp-caption-text gallery-caption' id='gallery-1-1565'>\n\t\t\t\tCertificado IPC Certified Specialist obtenido por ErreBi Group, que certifica la competencia del personal en la producci\u00f3n de montajes electr\u00f3nicos fiables.\n\t\t\t\t<\/figcaption><\/figure>\n\t\t<\/div>\n\t\t<\/div>\n\t\t\t\t\t\t<\/div>\n\t\t\t\t<\/div>\n\t\t\t\t<div class=\"elementor-element elementor-element-5b6ca55 elementor-widget elementor-widget-heading\" data-id=\"5b6ca55\" data-element_type=\"widget\" data-e-type=\"widget\" data-widget_type=\"heading.default\">\n\t\t\t\t<div class=\"elementor-widget-container\">\n\t\t\t\t\t<h2 class=\"elementor-heading-title elementor-size-default\">Pol\u00edtica de calidad ErreBi Group y ErreBi Cables<\/h2>\t\t\t\t<\/div>\n\t\t\t\t<\/div>\n\t\t\t\t<div class=\"elementor-element elementor-element-d55066a gallery-spacing-custom elementor-widget elementor-widget-image-gallery\" data-id=\"d55066a\" data-element_type=\"widget\" data-e-type=\"widget\" data-widget_type=\"image-gallery.default\">\n\t\t\t\t<div class=\"elementor-widget-container\">\n\t\t\t\t\t\t\t<div class=\"elementor-image-gallery\">\n\t\t\t<div id='gallery-2' class='gallery galleryid-1862 gallery-columns-3 gallery-size-full'><figure class='gallery-item'>\n\t\t\t<div class='gallery-icon portrait'>\n\t\t\t\t<a data-elementor-open-lightbox=\"yes\" data-elementor-lightbox-slideshow=\"d55066a\" data-elementor-lightbox-title=\"politica-per-qualita-ambiente-e-sicurezza-sui-luoghi-di-lavoro-errebi-group\" data-elementor-lightbox-description=\"Documento oficial de ErreBi Group sobre la pol\u00edtica integrada para la calidad, el medio ambiente y la seguridad en los lugares de trabajo, que confirma el compromiso de la empresa con la sostenibilidad.\" data-e-action-hash=\"#elementor-action%3Aaction%3Dlightbox%26settings%3DeyJpZCI6MTU2OSwidXJsIjoiaHR0cHM6XC9cL3d3dy5lcnJlYmktZ3JvdXAuY29tXC93cC1jb250ZW50XC91cGxvYWRzXC8yMDI1XC8wNFwvcG9saXRpY2EtcGVyLXF1YWxpdGEtYW1iaWVudGUtZS1zaWN1cmV6emEtc3VpLWx1b2doaS1kaS1sYXZvcm8tZXJyZWJpLWdyb3VwLndlYnAiLCJzbGlkZXNob3ciOiJkNTUwNjZhIn0%3D\" href='https:\/\/www.errebi-group.com\/wp-content\/uploads\/2025\/04\/politica-per-qualita-ambiente-e-sicurezza-sui-luoghi-di-lavoro-errebi-group.webp'><img loading=\"lazy\" decoding=\"async\" width=\"1795\" height=\"2468\" src=\"https:\/\/www.errebi-group.com\/wp-content\/uploads\/2025\/04\/politica-per-qualita-ambiente-e-sicurezza-sui-luoghi-di-lavoro-errebi-group.webp\" class=\"attachment-full size-full\" alt=\"Documento oficial de ErreBi Group sobre la pol\u00edtica integrada para la calidad, el medio ambiente y la seguridad en los lugares de trabajo, que confirma el compromiso de la empresa con la sostenibilidad.\" aria-describedby=\"gallery-2-1569\" srcset=\"https:\/\/www.errebi-group.com\/wp-content\/uploads\/2025\/04\/politica-per-qualita-ambiente-e-sicurezza-sui-luoghi-di-lavoro-errebi-group.webp 1795w, https:\/\/www.errebi-group.com\/wp-content\/uploads\/2025\/04\/politica-per-qualita-ambiente-e-sicurezza-sui-luoghi-di-lavoro-errebi-group-218x300.webp 218w, https:\/\/www.errebi-group.com\/wp-content\/uploads\/2025\/04\/politica-per-qualita-ambiente-e-sicurezza-sui-luoghi-di-lavoro-errebi-group-745x1024.webp 745w, https:\/\/www.errebi-group.com\/wp-content\/uploads\/2025\/04\/politica-per-qualita-ambiente-e-sicurezza-sui-luoghi-di-lavoro-errebi-group-768x1056.webp 768w, https:\/\/www.errebi-group.com\/wp-content\/uploads\/2025\/04\/politica-per-qualita-ambiente-e-sicurezza-sui-luoghi-di-lavoro-errebi-group-1117x1536.webp 1117w, https:\/\/www.errebi-group.com\/wp-content\/uploads\/2025\/04\/politica-per-qualita-ambiente-e-sicurezza-sui-luoghi-di-lavoro-errebi-group-1490x2048.webp 1490w\" sizes=\"(max-width: 1795px) 100vw, 1795px\" \/><\/a>\n\t\t\t<\/div>\n\t\t\t\t<figcaption class='wp-caption-text gallery-caption' id='gallery-2-1569'>\n\t\t\t\tDocumento oficial de ErreBi Group sobre la pol\u00edtica integrada para la calidad, el medio ambiente y la seguridad en los lugares de trabajo, que confirma el compromiso de la empresa con la sostenibilidad.\n\t\t\t\t<\/figcaption><\/figure>\n\t\t<\/div>\n\t\t<\/div>\n\t\t\t\t\t\t<\/div>\n\t\t\t\t<\/div>\n\t\t\t\t\t<\/div>\n\t\t\t\t<\/div>\n\t\t\t\t<\/div>\n\t\t","protected":false},"excerpt":{"rendered":"<p>Inicio \/ Certificaciones Nuestras certificaciones Pol\u00edtica de calidad ErreBi Group y ErreBi Cables<\/p>\n","protected":false},"author":1,"featured_media":1725,"parent":0,"menu_order":0,"comment_status":"closed","ping_status":"closed","template":"","meta":{"footnotes":""},"class_list":["post-1862","page","type-page","status-publish","has-post-thumbnail","hentry"],"yoast_head":"<!-- This site is optimized with the Yoast SEO plugin v27.4 - https:\/\/yoast.com\/product\/yoast-seo-wordpress\/ -->\n<title>ErreBi Group | Nuestras certificaciones de calidad<\/title>\n<meta name=\"description\" content=\"ISO 9001:2015, certificaci\u00f3n de calidad para: Dise\u00f1o y fabricaci\u00f3n de cuadros y cableados el\u00e9ctricos.\" \/>\n<meta name=\"robots\" content=\"index, follow, max-snippet:-1, max-image-preview:large, max-video-preview:-1\" \/>\n<link rel=\"canonical\" href=\"https:\/\/www.errebi-group.com\/es\/certificaciones\" \/>\n<meta property=\"og:locale\" content=\"es_ES\" \/>\n<meta property=\"og:type\" content=\"article\" \/>\n<meta property=\"og:title\" content=\"ErreBi Group | Nuestras certificaciones de calidad\" \/>\n<meta property=\"og:description\" content=\"ISO 9001:2015, certificaci\u00f3n de calidad para: Dise\u00f1o y fabricaci\u00f3n de cuadros y cableados el\u00e9ctricos.\" \/>\n<meta property=\"og:url\" content=\"https:\/\/www.errebi-group.com\/es\/certificaciones\" \/>\n<meta property=\"og:site_name\" content=\"ErreBi Group\" \/>\n<meta property=\"article:publisher\" content=\"https:\/\/www.facebook.com\/errebigroupsrl\" \/>\n<meta property=\"article:modified_time\" content=\"2025-09-29T14:33:39+00:00\" \/>\n<meta property=\"og:image\" content=\"https:\/\/www.errebi-group.com\/wp-content\/uploads\/2025\/04\/consulenza-mirata-servizi-errebi-group-hero-section.webp\" \/>\n\t<meta property=\"og:image:width\" content=\"1920\" \/>\n\t<meta property=\"og:image:height\" content=\"1080\" \/>\n\t<meta property=\"og:image:type\" content=\"image\/webp\" \/>\n<meta name=\"twitter:card\" content=\"summary_large_image\" \/>\n<meta name=\"twitter:label1\" content=\"Tiempo de lectura\" \/>\n\t<meta name=\"twitter:data1\" content=\"2 minutos\" \/>\n<script type=\"application\/ld+json\" class=\"yoast-schema-graph\">{\"@context\":\"https:\\\/\\\/schema.org\",\"@graph\":[{\"@type\":\"WebPage\",\"@id\":\"https:\\\/\\\/www.errebi-group.com\\\/es\\\/certificaciones\",\"url\":\"https:\\\/\\\/www.errebi-group.com\\\/es\\\/certificaciones\",\"name\":\"ErreBi Group | Nuestras certificaciones de calidad\",\"isPartOf\":{\"@id\":\"https:\\\/\\\/www.errebi-group.com\\\/es#website\"},\"primaryImageOfPage\":{\"@id\":\"https:\\\/\\\/www.errebi-group.com\\\/es\\\/certificaciones#primaryimage\"},\"image\":{\"@id\":\"https:\\\/\\\/www.errebi-group.com\\\/es\\\/certificaciones#primaryimage\"},\"thumbnailUrl\":\"https:\\\/\\\/www.errebi-group.com\\\/wp-content\\\/uploads\\\/2025\\\/04\\\/consulenza-mirata-servizi-errebi-group-hero-section.webp\",\"datePublished\":\"2025-04-30T08:18:24+00:00\",\"dateModified\":\"2025-09-29T14:33:39+00:00\",\"description\":\"ISO 9001:2015, certificaci\u00f3n de calidad para: Dise\u00f1o y fabricaci\u00f3n de cuadros y cableados el\u00e9ctricos.\",\"breadcrumb\":{\"@id\":\"https:\\\/\\\/www.errebi-group.com\\\/es\\\/certificaciones#breadcrumb\"},\"inLanguage\":\"es\",\"potentialAction\":[{\"@type\":\"ReadAction\",\"target\":[\"https:\\\/\\\/www.errebi-group.com\\\/es\\\/certificaciones\"]}]},{\"@type\":\"ImageObject\",\"inLanguage\":\"es\",\"@id\":\"https:\\\/\\\/www.errebi-group.com\\\/es\\\/certificaciones#primaryimage\",\"url\":\"https:\\\/\\\/www.errebi-group.com\\\/wp-content\\\/uploads\\\/2025\\\/04\\\/consulenza-mirata-servizi-errebi-group-hero-section.webp\",\"contentUrl\":\"https:\\\/\\\/www.errebi-group.com\\\/wp-content\\\/uploads\\\/2025\\\/04\\\/consulenza-mirata-servizi-errebi-group-hero-section.webp\",\"width\":1920,\"height\":1080,\"caption\":\"Tres t\u00e9cnicos sonrientes con los brazos cruzados, s\u00edmbolo de competencia y trabajo en equipo\"},{\"@type\":\"BreadcrumbList\",\"@id\":\"https:\\\/\\\/www.errebi-group.com\\\/es\\\/certificaciones#breadcrumb\",\"itemListElement\":[{\"@type\":\"ListItem\",\"position\":1,\"name\":\"Home\",\"item\":\"https:\\\/\\\/www.errebi-group.com\\\/es\"},{\"@type\":\"ListItem\",\"position\":2,\"name\":\"Certificaciones ErreBi Cablaggi\"}]},{\"@type\":\"WebSite\",\"@id\":\"https:\\\/\\\/www.errebi-group.com\\\/es#website\",\"url\":\"https:\\\/\\\/www.errebi-group.com\\\/es\",\"name\":\"Errebi Group - Azienda produttrice di Cablaggi e Quadri Elettrici\",\"description\":\"Azienda produttrice di Cablaggi e Quadri Elettrici\",\"publisher\":{\"@id\":\"https:\\\/\\\/www.errebi-group.com\\\/es#organization\"},\"potentialAction\":[{\"@type\":\"SearchAction\",\"target\":{\"@type\":\"EntryPoint\",\"urlTemplate\":\"https:\\\/\\\/www.errebi-group.com\\\/es?s={search_term_string}\"},\"query-input\":{\"@type\":\"PropertyValueSpecification\",\"valueRequired\":true,\"valueName\":\"search_term_string\"}}],\"inLanguage\":\"es\"},{\"@type\":\"Organization\",\"@id\":\"https:\\\/\\\/www.errebi-group.com\\\/es#organization\",\"name\":\"Errebi Group\",\"url\":\"https:\\\/\\\/www.errebi-group.com\\\/es\",\"logo\":{\"@type\":\"ImageObject\",\"inLanguage\":\"es\",\"@id\":\"https:\\\/\\\/www.errebi-group.com\\\/es#\\\/schema\\\/logo\\\/image\\\/\",\"url\":\"https:\\\/\\\/www.errebi-group.com\\\/wp-content\\\/uploads\\\/2025\\\/04\\\/logo-errebi-group-payoff-white-website.png\",\"contentUrl\":\"https:\\\/\\\/www.errebi-group.com\\\/wp-content\\\/uploads\\\/2025\\\/04\\\/logo-errebi-group-payoff-white-website.png\",\"width\":610,\"height\":100,\"caption\":\"Errebi Group\"},\"image\":{\"@id\":\"https:\\\/\\\/www.errebi-group.com\\\/es#\\\/schema\\\/logo\\\/image\\\/\"},\"sameAs\":[\"https:\\\/\\\/www.facebook.com\\\/errebigroupsrl\",\"https:\\\/\\\/www.instagram.com\\\/errebi.group?igsh=cGNzN3FpcDFqNm1i\",\"https:\\\/\\\/www.linkedin.com\\\/company\\\/errebigroup\\\/?originalSubdomain=it\",\"https:\\\/\\\/www.youtube.com\\\/@errebigroup\"]}]}<\/script>\n<!-- \/ Yoast SEO plugin. -->","yoast_head_json":{"title":"ErreBi Group | Nuestras certificaciones de calidad","description":"ISO 9001:2015, certificaci\u00f3n de calidad para: Dise\u00f1o y fabricaci\u00f3n de cuadros y cableados el\u00e9ctricos.","robots":{"index":"index","follow":"follow","max-snippet":"max-snippet:-1","max-image-preview":"max-image-preview:large","max-video-preview":"max-video-preview:-1"},"canonical":"https:\/\/www.errebi-group.com\/es\/certificaciones","og_locale":"es_ES","og_type":"article","og_title":"ErreBi Group | Nuestras certificaciones de calidad","og_description":"ISO 9001:2015, certificaci\u00f3n de calidad para: Dise\u00f1o y fabricaci\u00f3n de cuadros y cableados el\u00e9ctricos.","og_url":"https:\/\/www.errebi-group.com\/es\/certificaciones","og_site_name":"ErreBi Group","article_publisher":"https:\/\/www.facebook.com\/errebigroupsrl","article_modified_time":"2025-09-29T14:33:39+00:00","og_image":[{"width":1920,"height":1080,"url":"https:\/\/www.errebi-group.com\/wp-content\/uploads\/2025\/04\/consulenza-mirata-servizi-errebi-group-hero-section.webp","type":"image\/webp"}],"twitter_card":"summary_large_image","twitter_misc":{"Tiempo de lectura":"2 minutos"},"schema":{"@context":"https:\/\/schema.org","@graph":[{"@type":"WebPage","@id":"https:\/\/www.errebi-group.com\/es\/certificaciones","url":"https:\/\/www.errebi-group.com\/es\/certificaciones","name":"ErreBi Group | Nuestras certificaciones de calidad","isPartOf":{"@id":"https:\/\/www.errebi-group.com\/es#website"},"primaryImageOfPage":{"@id":"https:\/\/www.errebi-group.com\/es\/certificaciones#primaryimage"},"image":{"@id":"https:\/\/www.errebi-group.com\/es\/certificaciones#primaryimage"},"thumbnailUrl":"https:\/\/www.errebi-group.com\/wp-content\/uploads\/2025\/04\/consulenza-mirata-servizi-errebi-group-hero-section.webp","datePublished":"2025-04-30T08:18:24+00:00","dateModified":"2025-09-29T14:33:39+00:00","description":"ISO 9001:2015, certificaci\u00f3n de calidad para: Dise\u00f1o y fabricaci\u00f3n de cuadros y cableados el\u00e9ctricos.","breadcrumb":{"@id":"https:\/\/www.errebi-group.com\/es\/certificaciones#breadcrumb"},"inLanguage":"es","potentialAction":[{"@type":"ReadAction","target":["https:\/\/www.errebi-group.com\/es\/certificaciones"]}]},{"@type":"ImageObject","inLanguage":"es","@id":"https:\/\/www.errebi-group.com\/es\/certificaciones#primaryimage","url":"https:\/\/www.errebi-group.com\/wp-content\/uploads\/2025\/04\/consulenza-mirata-servizi-errebi-group-hero-section.webp","contentUrl":"https:\/\/www.errebi-group.com\/wp-content\/uploads\/2025\/04\/consulenza-mirata-servizi-errebi-group-hero-section.webp","width":1920,"height":1080,"caption":"Tres t\u00e9cnicos sonrientes con los brazos cruzados, s\u00edmbolo de competencia y trabajo en equipo"},{"@type":"BreadcrumbList","@id":"https:\/\/www.errebi-group.com\/es\/certificaciones#breadcrumb","itemListElement":[{"@type":"ListItem","position":1,"name":"Home","item":"https:\/\/www.errebi-group.com\/es"},{"@type":"ListItem","position":2,"name":"Certificaciones ErreBi Cablaggi"}]},{"@type":"WebSite","@id":"https:\/\/www.errebi-group.com\/es#website","url":"https:\/\/www.errebi-group.com\/es","name":"Errebi Group - Azienda produttrice di Cablaggi e Quadri Elettrici","description":"Azienda produttrice di Cablaggi e Quadri Elettrici","publisher":{"@id":"https:\/\/www.errebi-group.com\/es#organization"},"potentialAction":[{"@type":"SearchAction","target":{"@type":"EntryPoint","urlTemplate":"https:\/\/www.errebi-group.com\/es?s={search_term_string}"},"query-input":{"@type":"PropertyValueSpecification","valueRequired":true,"valueName":"search_term_string"}}],"inLanguage":"es"},{"@type":"Organization","@id":"https:\/\/www.errebi-group.com\/es#organization","name":"Errebi Group","url":"https:\/\/www.errebi-group.com\/es","logo":{"@type":"ImageObject","inLanguage":"es","@id":"https:\/\/www.errebi-group.com\/es#\/schema\/logo\/image\/","url":"https:\/\/www.errebi-group.com\/wp-content\/uploads\/2025\/04\/logo-errebi-group-payoff-white-website.png","contentUrl":"https:\/\/www.errebi-group.com\/wp-content\/uploads\/2025\/04\/logo-errebi-group-payoff-white-website.png","width":610,"height":100,"caption":"Errebi Group"},"image":{"@id":"https:\/\/www.errebi-group.com\/es#\/schema\/logo\/image\/"},"sameAs":["https:\/\/www.facebook.com\/errebigroupsrl","https:\/\/www.instagram.com\/errebi.group?igsh=cGNzN3FpcDFqNm1i","https:\/\/www.linkedin.com\/company\/errebigroup\/?originalSubdomain=it","https:\/\/www.youtube.com\/@errebigroup"]}]}},"_links":{"self":[{"href":"https:\/\/www.errebi-group.com\/es\/wp-json\/wp\/v2\/pages\/1862","targetHints":{"allow":["GET"]}}],"collection":[{"href":"https:\/\/www.errebi-group.com\/es\/wp-json\/wp\/v2\/pages"}],"about":[{"href":"https:\/\/www.errebi-group.com\/es\/wp-json\/wp\/v2\/types\/page"}],"author":[{"embeddable":true,"href":"https:\/\/www.errebi-group.com\/es\/wp-json\/wp\/v2\/users\/1"}],"replies":[{"embeddable":true,"href":"https:\/\/www.errebi-group.com\/es\/wp-json\/wp\/v2\/comments?post=1862"}],"version-history":[{"count":2,"href":"https:\/\/www.errebi-group.com\/es\/wp-json\/wp\/v2\/pages\/1862\/revisions"}],"predecessor-version":[{"id":2450,"href":"https:\/\/www.errebi-group.com\/es\/wp-json\/wp\/v2\/pages\/1862\/revisions\/2450"}],"wp:featuredmedia":[{"embeddable":true,"href":"https:\/\/www.errebi-group.com\/es\/wp-json\/wp\/v2\/media\/1725"}],"wp:attachment":[{"href":"https:\/\/www.errebi-group.com\/es\/wp-json\/wp\/v2\/media?parent=1862"}],"curies":[{"name":"wp","href":"https:\/\/api.w.org\/{rel}","templated":true}]}}