{"id":1873,"date":"2025-04-24T15:38:14","date_gmt":"2025-04-24T15:38:14","guid":{"rendered":"https:\/\/www.errebi-group.com\/produccion-de-cuadros-electricos-y-realizacion-bajo-pedido\/"},"modified":"2025-09-29T14:31:32","modified_gmt":"2025-09-29T14:31:32","slug":"produccion-cuadros-electricos","status":"publish","type":"page","link":"https:\/\/www.errebi-group.com\/es\/produccion-cuadros-electricos","title":{"rendered":"Producci\u00f3n de cuadros el\u00e9ctricos y realizaci\u00f3n bajo pedido"},"content":{"rendered":"<p>La producci\u00f3n de cuadros el\u00e9ctricos se lleva a cabo a trav\u00e9s <strong>de pasos muy distintos entre s\u00ed y controlados en los m\u00ednimos detalles por un programa inform\u00e1tico de gesti\u00f3n y personal especializado<\/strong>, para minimizar posibles errores y proporcionar al cliente un producto de elevada calidad. <strong>La capacidad de diferenciaci\u00f3n operativa de nuestros departamentos <\/strong>nos permite garantizar tambi\u00e9n la automatizaci\u00f3n del cableado de los cuadros, que se lleva a cabo gracias a <strong>m\u00e1quinas espec\u00edficas<\/strong> de producci\u00f3n que dif\u00edcilmente poseen los cl\u00e1sicos cuadros el\u00e9ctricos. La posibilidad de proveer igualmente tanto a los cuadros el\u00e9ctricos como a su cableado nos permite intervenir en diferentes sectores adem\u00e1s de apoyar a empresas de sectores afines, <strong>cableando a mano los cuadros \u00fanicos y ocup\u00e1ndonos al mismo tiempo de toda la producci\u00f3n e instalaci\u00f3n de los cuadros en serie<\/strong>.<\/p>\n<div style=\"height: 48px;\"><\/div>\n<h2>Proceso de producci\u00f3n<\/h2>\n<p>La primera fase del proceso de producci\u00f3n es el <strong>contacto con el cliente<\/strong>, durante el cual se lleva a cabo <strong>una evaluaci\u00f3n preliminar,<\/strong> fundamental para poder dar una respuesta adecuada por lo que respecta a <strong>la viabilidad del servicio y sobre todo los plazos exactos para poder llevar a cabo la producci\u00f3n y la entrega<\/strong>. Una vez analizados los detalles de la solicitud del cliente, <strong>se elabora un presupuesto del servicio completo a realizar con todos sus detalles<\/strong>, que es presentado con una tabla de los costes y una probable fecha de env\u00edo. Como se ha mencionado anteriormente, cada fase de la producci\u00f3n es seguida minuciosamente tanto por el programa inform\u00e1tico adecuado como por los operadores especializados, <strong>minimizando la posibilidad de errores y comprobando la calidad del producto final<\/strong> con pruebas y ensayos finales. La entrega al cliente se llevar\u00e1 a cabo solo al final de <strong>atentas comprobaciones de calidad<\/strong>, respetando las peticiones iniciales y en previsi\u00f3n de posibles dificultades o problemas que podr\u00edan surgir con el tiempo.<\/p>\n<div style=\"height: 48px;\"><\/div>\n<h2>Recepci\u00f3n del esquema y de las especificaciones<\/h2>\n<p>Para garantizar <strong>un proceso lineal y un cuadro el\u00e9ctrico de calidad<\/strong>, es fundamental que el cliente garantice su <strong>completa colaboraci\u00f3n proporcionando datos precisos sobre el servicio solicitado<\/strong>. Permitir a nuestros expertos un<strong> an\u00e1lisis preliminar eficaz<\/strong> es en el inter\u00e9s del cliente, ya que de esta manera se podr\u00e1n evitar otras comprobaciones, aclaraciones, peticiones y visitas de inspecci\u00f3n, inevitables para poder iniciar la producci\u00f3n de forma eficaz, pero que emplear\u00edan tiempo fundamental para iniciar inmediatamente los trabajos. Para poder <strong>elaborar un presupuesto pormenorizado y fiable es necesario<\/strong> que nuestro personal conozca cada una de las especificaciones del proyecto a realizar, esto es posible solo cuando se tienen todos los elementos necesarios.<\/p>\n<div style=\"height: 48px;\"><\/div>\n<h2>Elaboraci\u00f3n de la oferta<\/h2>\n<p>Tras recibir toda la informaci\u00f3n necesaria para el an\u00e1lisis preliminar, se podr\u00e1 <strong>elaborar un presupuesto pormenorizado que muestre al cliente los costes y los plazos de entrega<\/strong>. Obviamente, todo puede cambiar seg\u00fan el volumen de la producci\u00f3n y de su complejidad:<strong> la realizaci\u00f3n de un cuadro el\u00e9ctrico simple<\/strong> puede ser muy diferente de la estructuraci\u00f3n <strong>de cuadros en serie, que prev\u00e9n un sistema de cableado a integrar.<\/strong> Como se ha mencionado, ErreBi puede ocuparse de todo el proyecto gracias a <strong>m\u00e1quinas y personal especializado<\/strong>, pero para cada caso espec\u00edfico ser\u00e1 necesario un an\u00e1lisis m\u00e1s detallado e inspecciones realizadas in situ para comprobar la exigencia de posibles estructuras o dificultades particulares que se podr\u00edan encontrar en el momento de la instalaci\u00f3n. <strong>Todas las comprobaciones se tendr\u00e1n en cuenta a la hora de realizar el presupuesto que tendr\u00e1 en consideraci\u00f3n todo el trabajo a realizar<\/strong>, ofreciendo al cliente una propuesta transparente y clara en cada detalle. Tras la confirmaci\u00f3n del cliente y si no se encuentran anomal\u00edas en la documentaci\u00f3n suministrada, <strong>la producci\u00f3n puede iniciar definitivamente<\/strong>.<\/p>\n<div style=\"height: 48px;\"><\/div>\n<h2>Proceso de producci\u00f3n<\/h2>\n<p>Todo el proceso de producci\u00f3n se lleva a cabo de forma<strong> totalmente informatizada<\/strong>, con la documentaci\u00f3n que pasa a formato electr\u00f3nico en los esquemas presentes en los diferentes puestos de trabajo. El calendario de cada operador se actualiza con el nuevo pedido, que ser\u00e1 elaborado seg\u00fan la divisi\u00f3n prevista en los d\u00edas establecidos. <strong>Gracias a la precisi\u00f3n del programa inform\u00e1tico<\/strong>, se puede monitorizar poco a poco el estado de avance del producto, <strong>localizar a la persona que est\u00e1 trabajando en el momento de la verificaci\u00f3n<\/strong> y adem\u00e1s controlar <strong>la aparici\u00f3n de posibles anomal\u00edas durante el proceso de producci\u00f3n para comunicarlas al cliente<\/strong>.<\/p>\n<div style=\"height: 48px;\"><\/div>\n<h2>Ensayo y prueba de aislamiento<\/h2>\n<p>Una vez finalizadas todas las fases de intervenci\u00f3n, el proceso se considera terminado solo cuando se lleva a cabo<strong> un control adicional de la calidad y una prueba para comprobar la funcionalidad del producto final<\/strong>. <strong>Esta fase es sin duda una de las m\u00e1s delicadas del proceso<\/strong>, ya que representa el \u00faltimo filtro antes de la instalaci\u00f3n del cuadro y, por lo tanto, de la prestaci\u00f3n del servicio al cliente final. ErreBi prev\u00e9 ensayos <strong>espec\u00edficos para la prueba de aislamiento<\/strong>, realizados con precisi\u00f3n y meticulosidad <strong>para garantizar la m\u00e1s completa seguridad del equipo<\/strong>. A menudo, a causa de excesivos esfuerzos mec\u00e1nicos o t\u00e9rmicos es posible que <strong>la calidad del aislamiento de los circuitos<\/strong> sea cuestionada, a trav\u00e9s de peque\u00f1os defectos dif\u00edcilmente identificables por un simple examen visual. Nuestros departamentos est\u00e1n <strong>equipados para realizar pruebas instrumentales capaces de identificar posibles problemas tambi\u00e9n en puntos del cableado no visibles<\/strong>, solicitando tensi\u00f3n y temperatura seg\u00fan las normas previstas y seg\u00fan el dispositivo sometido a an\u00e1lisis. Solo tras superar todas las pruebas, el producto podr\u00e1 ser entregado e instalado.<\/p>\n<div style=\"height: 48px;\"><\/div>\n<h2>Mecanizados y tipos de cuadros el\u00e9ctricos<\/h2>\n<p>Seg\u00fan las exigencias del cliente, podemos <strong>producir e instalar diferentes tipos de cuadros el\u00e9ctricos<\/strong>, tanto individuales como en serie con cableado automatizado. La posibilidad de <strong>crear cuadros el\u00e9ctricos de distribuci\u00f3n, de automatizaci\u00f3n y a bordo m\u00e1quina<\/strong> nos permite colaborar con una amplia gama de sectores, prestando un servicio de calidad gracias a la preparaci\u00f3n y a la profesionalidad de nuestros expertos.<\/p>\n<p><strong>Nuestro punto fuerte es estar equipados con m\u00e1quinas de diferente tipo y naturaleza,<\/strong> que adem\u00e1s de los normales tipos de mecanizado nos permiten llevar a cabo otras actividades como:<\/p>\n<ul>\n<li><strong>Corte por l\u00e1ser y cnc para el mecanizado de carpinter\u00eda y placas de fondo;<\/strong><\/li>\n<li><strong>Corte de barras din;<\/strong><\/li>\n<li><strong>Corte, perforaci\u00f3n y doblado de barras de cobre y aluminio;<\/strong><\/li>\n<li><strong>Soldadura por resistencia para mecanizado de carpinter\u00eda;<\/strong><\/li>\n<li><strong>Grabado con l\u00e1ser y punta de diamante para serigraf\u00eda.<\/strong><\/li>\n<\/ul>\n<p><strong>Poder llevar a cabo internamente todas las operaciones <\/strong>y <strong>la preparaci\u00f3n del personal tanto en materia de cuadros el\u00e9ctricos<\/strong> como de cableados nos permite trabajar en diferentes campos de aplicaci\u00f3n manteniendo un elevado est\u00e1ndar de calidad.<\/p>\n","protected":false},"excerpt":{"rendered":"<p>La producci\u00f3n de cuadros el\u00e9ctricos se lleva a cabo a trav\u00e9s de pasos muy distintos entre s\u00ed y controlados en los m\u00ednimos detalles por un programa inform\u00e1tico de gesti\u00f3n y personal especializado, para minimizar posibles errores y proporcionar al cliente un producto de elevada calidad. La capacidad de diferenciaci\u00f3n operativa de nuestros departamentos nos permite [&hellip;]<\/p>\n","protected":false},"author":1,"featured_media":1717,"parent":0,"menu_order":0,"comment_status":"closed","ping_status":"closed","template":"","meta":{"footnotes":""},"class_list":["post-1873","page","type-page","status-publish","has-post-thumbnail","hentry"],"yoast_head":"<!-- This site is optimized with the Yoast SEO plugin v27.4 - https:\/\/yoast.com\/product\/yoast-seo-wordpress\/ -->\n<title>Producci\u00f3n de cuadros el\u00e9ctricos y realizaci\u00f3n bajo pedido<\/title>\n<meta name=\"description\" content=\"se lleva a cabo a trav\u00e9s de pasos muy distintos entre s\u00ed y controlados en los m\u00ednimos detalles por un programa inform\u00e1tico de gesti\u00f3n y personal especializado, para minimizar posibles errores\" \/>\n<meta name=\"robots\" content=\"index, follow, max-snippet:-1, max-image-preview:large, max-video-preview:-1\" \/>\n<link rel=\"canonical\" href=\"https:\/\/www.errebi-group.com\/es\/produccion-cuadros-electricos\" \/>\n<meta property=\"og:locale\" content=\"es_ES\" \/>\n<meta property=\"og:type\" content=\"article\" \/>\n<meta property=\"og:title\" content=\"Producci\u00f3n de cuadros el\u00e9ctricos y realizaci\u00f3n bajo pedido\" \/>\n<meta property=\"og:description\" content=\"se lleva a cabo a trav\u00e9s de pasos muy distintos entre s\u00ed y controlados en los m\u00ednimos detalles por un programa inform\u00e1tico de gesti\u00f3n y personal especializado, para minimizar posibles errores\" \/>\n<meta property=\"og:url\" content=\"https:\/\/www.errebi-group.com\/es\/produccion-cuadros-electricos\" \/>\n<meta property=\"og:site_name\" content=\"ErreBi Group\" \/>\n<meta property=\"article:publisher\" content=\"https:\/\/www.facebook.com\/errebigroupsrl\" \/>\n<meta property=\"article:modified_time\" content=\"2025-09-29T14:31:32+00:00\" \/>\n<meta property=\"og:image\" content=\"https:\/\/www.errebi-group.com\/wp-content\/uploads\/2025\/04\/produzione-quadri-elettrici-servizi-errebi-group-hero-section.webp\" \/>\n\t<meta property=\"og:image:width\" content=\"1920\" \/>\n\t<meta property=\"og:image:height\" content=\"1080\" \/>\n\t<meta property=\"og:image:type\" content=\"image\/webp\" \/>\n<meta name=\"twitter:card\" content=\"summary_large_image\" \/>\n<meta name=\"twitter:label1\" content=\"Tiempo de lectura\" \/>\n\t<meta name=\"twitter:data1\" content=\"6 minutos\" \/>\n<script type=\"application\/ld+json\" class=\"yoast-schema-graph\">{\"@context\":\"https:\\\/\\\/schema.org\",\"@graph\":[{\"@type\":\"WebPage\",\"@id\":\"https:\\\/\\\/www.errebi-group.com\\\/es\\\/produccion-cuadros-electricos\",\"url\":\"https:\\\/\\\/www.errebi-group.com\\\/es\\\/produccion-cuadros-electricos\",\"name\":\"Producci\u00f3n de cuadros el\u00e9ctricos y realizaci\u00f3n bajo pedido\",\"isPartOf\":{\"@id\":\"https:\\\/\\\/www.errebi-group.com\\\/es#website\"},\"primaryImageOfPage\":{\"@id\":\"https:\\\/\\\/www.errebi-group.com\\\/es\\\/produccion-cuadros-electricos#primaryimage\"},\"image\":{\"@id\":\"https:\\\/\\\/www.errebi-group.com\\\/es\\\/produccion-cuadros-electricos#primaryimage\"},\"thumbnailUrl\":\"https:\\\/\\\/www.errebi-group.com\\\/wp-content\\\/uploads\\\/2025\\\/04\\\/produzione-quadri-elettrici-servizi-errebi-group-hero-section.webp\",\"datePublished\":\"2025-04-24T15:38:14+00:00\",\"dateModified\":\"2025-09-29T14:31:32+00:00\",\"description\":\"se lleva a cabo a trav\u00e9s de pasos muy distintos entre s\u00ed y controlados en los m\u00ednimos detalles por un programa inform\u00e1tico de gesti\u00f3n y personal especializado, para minimizar posibles errores\",\"breadcrumb\":{\"@id\":\"https:\\\/\\\/www.errebi-group.com\\\/es\\\/produccion-cuadros-electricos#breadcrumb\"},\"inLanguage\":\"es\",\"potentialAction\":[{\"@type\":\"ReadAction\",\"target\":[\"https:\\\/\\\/www.errebi-group.com\\\/es\\\/produccion-cuadros-electricos\"]}]},{\"@type\":\"ImageObject\",\"inLanguage\":\"es\",\"@id\":\"https:\\\/\\\/www.errebi-group.com\\\/es\\\/produccion-cuadros-electricos#primaryimage\",\"url\":\"https:\\\/\\\/www.errebi-group.com\\\/wp-content\\\/uploads\\\/2025\\\/04\\\/produzione-quadri-elettrici-servizi-errebi-group-hero-section.webp\",\"contentUrl\":\"https:\\\/\\\/www.errebi-group.com\\\/wp-content\\\/uploads\\\/2025\\\/04\\\/produzione-quadri-elettrici-servizi-errebi-group-hero-section.webp\",\"width\":1920,\"height\":1080,\"caption\":\"T\u00e9cnico trabajando en el panel el\u00e9ctrico industrial con cables rojos y componentes modulares\"},{\"@type\":\"BreadcrumbList\",\"@id\":\"https:\\\/\\\/www.errebi-group.com\\\/es\\\/produccion-cuadros-electricos#breadcrumb\",\"itemListElement\":[{\"@type\":\"ListItem\",\"position\":1,\"name\":\"Home\",\"item\":\"https:\\\/\\\/www.errebi-group.com\\\/es\"},{\"@type\":\"ListItem\",\"position\":2,\"name\":\"Producci\u00f3n de cuadros el\u00e9ctricos y realizaci\u00f3n bajo pedido\"}]},{\"@type\":\"WebSite\",\"@id\":\"https:\\\/\\\/www.errebi-group.com\\\/es#website\",\"url\":\"https:\\\/\\\/www.errebi-group.com\\\/es\",\"name\":\"Errebi Group - Azienda produttrice di Cablaggi e Quadri Elettrici\",\"description\":\"Azienda produttrice di Cablaggi e Quadri Elettrici\",\"publisher\":{\"@id\":\"https:\\\/\\\/www.errebi-group.com\\\/es#organization\"},\"potentialAction\":[{\"@type\":\"SearchAction\",\"target\":{\"@type\":\"EntryPoint\",\"urlTemplate\":\"https:\\\/\\\/www.errebi-group.com\\\/es?s={search_term_string}\"},\"query-input\":{\"@type\":\"PropertyValueSpecification\",\"valueRequired\":true,\"valueName\":\"search_term_string\"}}],\"inLanguage\":\"es\"},{\"@type\":\"Organization\",\"@id\":\"https:\\\/\\\/www.errebi-group.com\\\/es#organization\",\"name\":\"Errebi Group\",\"url\":\"https:\\\/\\\/www.errebi-group.com\\\/es\",\"logo\":{\"@type\":\"ImageObject\",\"inLanguage\":\"es\",\"@id\":\"https:\\\/\\\/www.errebi-group.com\\\/es#\\\/schema\\\/logo\\\/image\\\/\",\"url\":\"https:\\\/\\\/www.errebi-group.com\\\/wp-content\\\/uploads\\\/2025\\\/04\\\/logo-errebi-group-payoff-white-website.png\",\"contentUrl\":\"https:\\\/\\\/www.errebi-group.com\\\/wp-content\\\/uploads\\\/2025\\\/04\\\/logo-errebi-group-payoff-white-website.png\",\"width\":610,\"height\":100,\"caption\":\"Errebi Group\"},\"image\":{\"@id\":\"https:\\\/\\\/www.errebi-group.com\\\/es#\\\/schema\\\/logo\\\/image\\\/\"},\"sameAs\":[\"https:\\\/\\\/www.facebook.com\\\/errebigroupsrl\",\"https:\\\/\\\/www.instagram.com\\\/errebi.group?igsh=cGNzN3FpcDFqNm1i\",\"https:\\\/\\\/www.linkedin.com\\\/company\\\/errebigroup\\\/?originalSubdomain=it\",\"https:\\\/\\\/www.youtube.com\\\/@errebigroup\"]}]}<\/script>\n<!-- \/ Yoast SEO plugin. -->","yoast_head_json":{"title":"Producci\u00f3n de cuadros el\u00e9ctricos y realizaci\u00f3n bajo pedido","description":"se lleva a cabo a trav\u00e9s de pasos muy distintos entre s\u00ed y controlados en los m\u00ednimos detalles por un programa inform\u00e1tico de gesti\u00f3n y personal especializado, para minimizar posibles errores","robots":{"index":"index","follow":"follow","max-snippet":"max-snippet:-1","max-image-preview":"max-image-preview:large","max-video-preview":"max-video-preview:-1"},"canonical":"https:\/\/www.errebi-group.com\/es\/produccion-cuadros-electricos","og_locale":"es_ES","og_type":"article","og_title":"Producci\u00f3n de cuadros el\u00e9ctricos y realizaci\u00f3n bajo pedido","og_description":"se lleva a cabo a trav\u00e9s de pasos muy distintos entre s\u00ed y controlados en los m\u00ednimos detalles por un programa inform\u00e1tico de gesti\u00f3n y personal especializado, para minimizar posibles errores","og_url":"https:\/\/www.errebi-group.com\/es\/produccion-cuadros-electricos","og_site_name":"ErreBi Group","article_publisher":"https:\/\/www.facebook.com\/errebigroupsrl","article_modified_time":"2025-09-29T14:31:32+00:00","og_image":[{"width":1920,"height":1080,"url":"https:\/\/www.errebi-group.com\/wp-content\/uploads\/2025\/04\/produzione-quadri-elettrici-servizi-errebi-group-hero-section.webp","type":"image\/webp"}],"twitter_card":"summary_large_image","twitter_misc":{"Tiempo de lectura":"6 minutos"},"schema":{"@context":"https:\/\/schema.org","@graph":[{"@type":"WebPage","@id":"https:\/\/www.errebi-group.com\/es\/produccion-cuadros-electricos","url":"https:\/\/www.errebi-group.com\/es\/produccion-cuadros-electricos","name":"Producci\u00f3n de cuadros el\u00e9ctricos y realizaci\u00f3n bajo pedido","isPartOf":{"@id":"https:\/\/www.errebi-group.com\/es#website"},"primaryImageOfPage":{"@id":"https:\/\/www.errebi-group.com\/es\/produccion-cuadros-electricos#primaryimage"},"image":{"@id":"https:\/\/www.errebi-group.com\/es\/produccion-cuadros-electricos#primaryimage"},"thumbnailUrl":"https:\/\/www.errebi-group.com\/wp-content\/uploads\/2025\/04\/produzione-quadri-elettrici-servizi-errebi-group-hero-section.webp","datePublished":"2025-04-24T15:38:14+00:00","dateModified":"2025-09-29T14:31:32+00:00","description":"se lleva a cabo a trav\u00e9s de pasos muy distintos entre s\u00ed y controlados en los m\u00ednimos detalles por un programa inform\u00e1tico de gesti\u00f3n y personal especializado, para minimizar posibles errores","breadcrumb":{"@id":"https:\/\/www.errebi-group.com\/es\/produccion-cuadros-electricos#breadcrumb"},"inLanguage":"es","potentialAction":[{"@type":"ReadAction","target":["https:\/\/www.errebi-group.com\/es\/produccion-cuadros-electricos"]}]},{"@type":"ImageObject","inLanguage":"es","@id":"https:\/\/www.errebi-group.com\/es\/produccion-cuadros-electricos#primaryimage","url":"https:\/\/www.errebi-group.com\/wp-content\/uploads\/2025\/04\/produzione-quadri-elettrici-servizi-errebi-group-hero-section.webp","contentUrl":"https:\/\/www.errebi-group.com\/wp-content\/uploads\/2025\/04\/produzione-quadri-elettrici-servizi-errebi-group-hero-section.webp","width":1920,"height":1080,"caption":"T\u00e9cnico trabajando en el panel el\u00e9ctrico industrial con cables rojos y componentes modulares"},{"@type":"BreadcrumbList","@id":"https:\/\/www.errebi-group.com\/es\/produccion-cuadros-electricos#breadcrumb","itemListElement":[{"@type":"ListItem","position":1,"name":"Home","item":"https:\/\/www.errebi-group.com\/es"},{"@type":"ListItem","position":2,"name":"Producci\u00f3n de cuadros el\u00e9ctricos y realizaci\u00f3n bajo pedido"}]},{"@type":"WebSite","@id":"https:\/\/www.errebi-group.com\/es#website","url":"https:\/\/www.errebi-group.com\/es","name":"Errebi Group - Azienda produttrice di Cablaggi e Quadri Elettrici","description":"Azienda produttrice di Cablaggi e Quadri Elettrici","publisher":{"@id":"https:\/\/www.errebi-group.com\/es#organization"},"potentialAction":[{"@type":"SearchAction","target":{"@type":"EntryPoint","urlTemplate":"https:\/\/www.errebi-group.com\/es?s={search_term_string}"},"query-input":{"@type":"PropertyValueSpecification","valueRequired":true,"valueName":"search_term_string"}}],"inLanguage":"es"},{"@type":"Organization","@id":"https:\/\/www.errebi-group.com\/es#organization","name":"Errebi Group","url":"https:\/\/www.errebi-group.com\/es","logo":{"@type":"ImageObject","inLanguage":"es","@id":"https:\/\/www.errebi-group.com\/es#\/schema\/logo\/image\/","url":"https:\/\/www.errebi-group.com\/wp-content\/uploads\/2025\/04\/logo-errebi-group-payoff-white-website.png","contentUrl":"https:\/\/www.errebi-group.com\/wp-content\/uploads\/2025\/04\/logo-errebi-group-payoff-white-website.png","width":610,"height":100,"caption":"Errebi Group"},"image":{"@id":"https:\/\/www.errebi-group.com\/es#\/schema\/logo\/image\/"},"sameAs":["https:\/\/www.facebook.com\/errebigroupsrl","https:\/\/www.instagram.com\/errebi.group?igsh=cGNzN3FpcDFqNm1i","https:\/\/www.linkedin.com\/company\/errebigroup\/?originalSubdomain=it","https:\/\/www.youtube.com\/@errebigroup"]}]}},"_links":{"self":[{"href":"https:\/\/www.errebi-group.com\/es\/wp-json\/wp\/v2\/pages\/1873","targetHints":{"allow":["GET"]}}],"collection":[{"href":"https:\/\/www.errebi-group.com\/es\/wp-json\/wp\/v2\/pages"}],"about":[{"href":"https:\/\/www.errebi-group.com\/es\/wp-json\/wp\/v2\/types\/page"}],"author":[{"embeddable":true,"href":"https:\/\/www.errebi-group.com\/es\/wp-json\/wp\/v2\/users\/1"}],"replies":[{"embeddable":true,"href":"https:\/\/www.errebi-group.com\/es\/wp-json\/wp\/v2\/comments?post=1873"}],"version-history":[{"count":2,"href":"https:\/\/www.errebi-group.com\/es\/wp-json\/wp\/v2\/pages\/1873\/revisions"}],"predecessor-version":[{"id":2446,"href":"https:\/\/www.errebi-group.com\/es\/wp-json\/wp\/v2\/pages\/1873\/revisions\/2446"}],"wp:featuredmedia":[{"embeddable":true,"href":"https:\/\/www.errebi-group.com\/es\/wp-json\/wp\/v2\/media\/1717"}],"wp:attachment":[{"href":"https:\/\/www.errebi-group.com\/es\/wp-json\/wp\/v2\/media?parent=1873"}],"curies":[{"name":"wp","href":"https:\/\/api.w.org\/{rel}","templated":true}]}}