{"id":1877,"date":"2025-04-24T15:43:59","date_gmt":"2025-04-24T15:43:59","guid":{"rendered":"https:\/\/www.errebi-group.com\/asesoramiento-y-asistencia-tecnica-para-la-fabricacion-de-cableado\/"},"modified":"2025-09-29T14:30:11","modified_gmt":"2025-09-29T14:30:11","slug":"asesoramiento","status":"publish","type":"page","link":"https:\/\/www.errebi-group.com\/es\/asesoramiento","title":{"rendered":"Asesoramiento y asistencia t\u00e9cnica para la fabricaci\u00f3n de cableado"},"content":{"rendered":"<p>Escoger el buen cableado puede parecer algo pr\u00e1ctico e inmediato a ojos de quien no es particularmente experto en este \u00e1mbito. Como en tantos otros sectores, <strong>elegir por uno mismo solo es adecuado en apariencia<\/strong>: puede parecer m\u00e1s r\u00e1pido y menos costoso, pero los hechos demuestran que, de hecho, tiene efectos totalmente opuestos. Una elecci\u00f3n demasiado superficial puede llevar a seleccionar componentes poco convenientes, con un dise\u00f1o poco adecuado para el uso, quiz\u00e1s proyectados para una actividad diferente y que, en el terreno pr\u00e1ctico, no garantizan el rendimiento esperado, impactando inevitablemente sobre los costes. <strong>Nuestro servicio de asesoramiento<\/strong> se centra, en cambio, en poner todos <strong>nuestros conocimientos relativos al campo del dise\u00f1o y de la planificaci\u00f3n de los componentes para cableado<\/strong> a completa disposici\u00f3n del cliente, intentando personalizar lo m\u00e1s posible nuestra b\u00fasqueda seg\u00fan sus exigencias pr\u00e1cticas, acelerando el proceso de selecci\u00f3n al tiempo que abaratamos los costes.<\/p>\n<div style=\"height: 48px;\"><\/div>\n<h2>En qu\u00e9 consiste el asesoramiento<\/h2>\n<p>Como se ha dicho, el objetivo el un <strong>asesoramiento puntual y atenta a cada detalle<\/strong> es el de optimizar el cableado escogiendo exactamente aquellos componentes adecuados para la funci\u00f3n solicitada, encontrando <strong>la justa relaci\u00f3n calidad\/precio<\/strong> para favorecer lo m\u00e1s posible al cliente. Quien cree ser capaz de saber encontrar por s\u00ed mismo el cableado ideal se arriesga, a menudo, a tomar solamente en consideraci\u00f3n factores b\u00e1sicos como por ejemplo el volumen y las normativas a respetar para su instalaci\u00f3n, negligiendo completamente otras caracter\u00edsticas que, seg\u00fan \u00e9l, tienen poca importancia. Nuestros asesores, <strong>con un profundo conocimiento a sus espaldas del proceso de producci\u00f3n ligado a la <a href=\"https:\/\/www.errebi-group.com\/it\/produzione-cablaggi-elettrici\">creaci\u00f3n de los cableados<\/a><\/strong>, pueden, en cambio, evaluar cada detalle: un ejemplo simple ser\u00eda la elecci\u00f3n del dise\u00f1o y, por tanto, los componentes espec\u00edficos adecuados para el cableado en proyecto. Probablemente sean estos detalles los que marquen la diferencia en la optimizaci\u00f3n, no solo del punto de vista de la calidad del cableado y de su rendimiento efectivo, sino tambi\u00e9n en lo relativo al coste total del proceso. Cuando uno tiene dudas o cuando es consciente que no es lo suficientemente conocedor de un sector en particular, <strong>confiar en los expertos resulta siempre, la mejor soluci\u00f3n<\/strong> a la hora de seleccionar el servicio id\u00f3neo que cumpla con sus exigencias y obtener un precio adecuado a la intervenci\u00f3n solicitada.<\/p>\n<div style=\"height: 48px;\"><\/div>\n<h2>Sectores que abarcamos<\/h2>\n<p>Nuestra capacidad de s<strong>eguimiento del entero proceso de producci\u00f3n de componentes y cableados<\/strong> nos permite adaptar nuestros productos a todo tipo de sector y de implementarlos en diferentes funcionalidades. Nuestro servicio de asesoramiento puede, por consiguiente, abarcar campos muy dispares entre s\u00ed, con la tranquilidad de estar siempre a la altura del encargo y consiguiendo la satisfacci\u00f3n del cliente en todas sus solicitudes. Entre los sectores a los que nos dedicamos, encontramos el sector de la autocaravana, pero tambi\u00e9n la industria y el campo de las telecomunicaciones. Tambi\u00e9n faltan las colaboraciones con el sector ferroviario, el sector autom\u00f3vil e incluso los sectores aeroespaciales y de la electromedicina.<\/p>\n<p>Como se puede constatar, <strong>no existen pr\u00e1cticamente l\u00edmites para las posibles aplicaciones de nuestros productos<\/strong>, l\u00edmites que hemos conseguido superar gracias a la versatilidad de nuestro trabajo y, sobre todo, a las competencias y a la enorme preparaci\u00f3n de nuestro personal.<\/p>\n<p><a class=\"button-page\" style=\"display: inline-block; margin-left: 8px; background-color: #21a980; color: #fff; padding: 1em 1.5em; border-radius: 9999px; font-weight: 900; font-size: 16px; text-decoration: none; transition: transform 0.3s cubic-bezier(0.5, 2.5, 0.7, 0.7);\" href=\"https:\/\/www.errebi-group.com\/it\/campi-di-impiego\">Descubre los campos de aplicaci\u00f3n<\/a><\/p>\n<div style=\"height: 48px;\"><\/div>\n<h2>Preguntas frecuentes<\/h2>\n<p>Dado el amplio abanico de sectores con los que trabajamos diariamente, <strong>la tipolog\u00eda de solicitudes <\/strong>por parte de nuestros clientes se multiplica, lo que nos lleva a buscar un servicio lo m\u00e1s personalizado posible seg\u00fan cada exigencia. Entre las necesidades m\u00e1s corrientes se encuentra, sin duda, <strong>la mejora sustancial del dise\u00f1o del cableado<\/strong>, factor que, a menudo, de no adaptarse a la perfecci\u00f3n a la tipolog\u00eda de m\u00e1quina, puede influir en su correcto y buen funcionamiento. A lo anterior se suele a\u00f1adir <strong>la solicitud de cableados estructurados<\/strong>, con el objetivo de acelerar el montaje de la m\u00e1quina, abaratando as\u00ed los tiempos y costes de instalaci\u00f3n. <strong>La b\u00fasqueda de cables adecuados para la aplicaci\u00f3n<\/strong> exacta puede ser larga y compleja, pero con un buen asesoramiento resulta mucho m\u00e1s f\u00e1cil encontrar <strong>un cableado capaz de resistir a las temperaturas<\/strong> y que cuente, sobre todo, con <strong>la certificaci\u00f3n UL para los Estados Unidos y Canad\u00e1<\/strong>. Otras solicitudes frecuentes tienen que ver con<strong> la b\u00fasqueda de conectores<\/strong>: gracias a nuestra ayuda, resulta mucho menos complicado encontrar r\u00e1pidamente los conectores m\u00e1s adecuados para cada actividad espec\u00edfica, m\u00e1s a\u00fan en el caso de conectores estancos o de dimensiones particularmente reducidas.<\/p>\n<p>En resumen, <strong>las solicitudes que recibimos a diario pueden ir de lo m\u00e1s gen\u00e9rico a lo m\u00e1s espec\u00edfico<\/strong>, pero nuestra respuesta resulta, en todos los casos, puntual, precisa y, como siempre, <strong>dirigida a abaratar lo m\u00e1s posible el coste del cableado de cara al cliente<\/strong>.<\/p>\n<div style=\"height: 48px;\"><\/div>\n<h2>Las ventajas de un asesoramiento espec\u00edfico<\/h2>\n<p>Las ventajas de un asesoramiento espec\u00edfico: son <strong>la optimizaci\u00f3n del cableado<\/strong>, <strong>la disminuci\u00f3n de los tiempos de montaje del cableado en la maquinaria<\/strong>,<strong> la elecci\u00f3n de las piezas m\u00e1s adecuadas y de mayor calidad<\/strong>, <strong>y la disminuci\u00f3n del coste<\/strong>.<br \/>\nAdem\u00e1s, ofrecemos gratuitamente este tipo de asesoramiento a nuestros clientes.<\/p>\n<p>Las ventajas para el cliente una vez escogido nuestro servicio son, pues, evidentes. Gracias a nuestros consejos, podr\u00e1 obtener u<strong>n cableado perfectamente optimizado y funcional seg\u00fan el tipo de actividad prevista<\/strong>, elecci\u00f3n que, por consiguiente, reducir\u00e1 los tiempos de montaje en la maquinaria, acelerando su implementaci\u00f3n. La selecci\u00f3n de las piezas solicitadas ser\u00e1 indudablemente r\u00e1pida y a la vez precisa y adecuada a las necesidades espec\u00edficas del cliente, que podr\u00e1 beneficiarse de <strong>la mayor calidad del producto y ahorrar claramente en los costes<\/strong>. En resumen, el cliente recibir\u00e1 un seguimiento continuo a lo largo de todo el proceso de selecci\u00f3n, compra y montaje, aprovechando los consejos de un experto del sector que adaptar\u00e1 la entera operaci\u00f3n al caso espec\u00edfico propuesto. Por si fuera poco, <strong>todo el servicio de asesoramiento es completamente gratuito para los clientes que deciden utilizar los productos ErreBi<\/strong>: un peque\u00f1o regalo para demostrar, una vez m\u00e1s, la importancia que concedemos a los intereses de quien conf\u00eda en nosotros y, por encima de todo, a su satisfacci\u00f3n.<\/p>\n","protected":false},"excerpt":{"rendered":"<p>Escoger el buen cableado puede parecer algo pr\u00e1ctico e inmediato a ojos de quien no es particularmente experto en este \u00e1mbito. Como en tantos otros sectores, elegir por uno mismo solo es adecuado en apariencia: puede parecer m\u00e1s r\u00e1pido y menos costoso, pero los hechos demuestran que, de hecho, tiene efectos totalmente opuestos. Una elecci\u00f3n [&hellip;]<\/p>\n","protected":false},"author":1,"featured_media":1725,"parent":0,"menu_order":0,"comment_status":"closed","ping_status":"closed","template":"","meta":{"footnotes":""},"class_list":["post-1877","page","type-page","status-publish","has-post-thumbnail","hentry"],"yoast_head":"<!-- This site is optimized with the Yoast SEO plugin v27.4 - https:\/\/yoast.com\/product\/yoast-seo-wordpress\/ -->\n<title>Asesoramiento para la fabricaci\u00f3n de cableado y equipos<\/title>\n<meta name=\"description\" content=\"Escoger el buen cableado puede parecer algo pr\u00e1ctico e inmediato a ojos de quien no es particularmente experto en este \u00e1mbito. Como en tantos otros sectores, elegir por uno mismo solo es adecuado en..\" \/>\n<meta name=\"robots\" content=\"index, follow, max-snippet:-1, max-image-preview:large, max-video-preview:-1\" \/>\n<link rel=\"canonical\" href=\"https:\/\/www.errebi-group.com\/es\/asesoramiento\" \/>\n<meta property=\"og:locale\" content=\"es_ES\" \/>\n<meta property=\"og:type\" content=\"article\" \/>\n<meta property=\"og:title\" content=\"Asesoramiento para la fabricaci\u00f3n de cableado y equipos\" \/>\n<meta property=\"og:description\" content=\"Escoger el buen cableado puede parecer algo pr\u00e1ctico e inmediato a ojos de quien no es particularmente experto en este \u00e1mbito. Como en tantos otros sectores, elegir por uno mismo solo es adecuado en..\" \/>\n<meta property=\"og:url\" content=\"https:\/\/www.errebi-group.com\/es\/asesoramiento\" \/>\n<meta property=\"og:site_name\" content=\"ErreBi Group\" \/>\n<meta property=\"article:publisher\" content=\"https:\/\/www.facebook.com\/errebigroupsrl\" \/>\n<meta property=\"article:modified_time\" content=\"2025-09-29T14:30:11+00:00\" \/>\n<meta property=\"og:image\" content=\"https:\/\/www.errebi-group.com\/wp-content\/uploads\/2025\/04\/consulenza-mirata-servizi-errebi-group-hero-section.webp\" \/>\n\t<meta property=\"og:image:width\" content=\"1920\" \/>\n\t<meta property=\"og:image:height\" content=\"1080\" \/>\n\t<meta property=\"og:image:type\" content=\"image\/webp\" \/>\n<meta name=\"twitter:card\" content=\"summary_large_image\" \/>\n<meta name=\"twitter:label1\" content=\"Tiempo de lectura\" \/>\n\t<meta name=\"twitter:data1\" content=\"6 minutos\" \/>\n<script type=\"application\/ld+json\" class=\"yoast-schema-graph\">{\"@context\":\"https:\\\/\\\/schema.org\",\"@graph\":[{\"@type\":\"WebPage\",\"@id\":\"https:\\\/\\\/www.errebi-group.com\\\/es\\\/asesoramiento\",\"url\":\"https:\\\/\\\/www.errebi-group.com\\\/es\\\/asesoramiento\",\"name\":\"Asesoramiento para la fabricaci\u00f3n de cableado y equipos\",\"isPartOf\":{\"@id\":\"https:\\\/\\\/www.errebi-group.com\\\/es#website\"},\"primaryImageOfPage\":{\"@id\":\"https:\\\/\\\/www.errebi-group.com\\\/es\\\/asesoramiento#primaryimage\"},\"image\":{\"@id\":\"https:\\\/\\\/www.errebi-group.com\\\/es\\\/asesoramiento#primaryimage\"},\"thumbnailUrl\":\"https:\\\/\\\/www.errebi-group.com\\\/wp-content\\\/uploads\\\/2025\\\/04\\\/consulenza-mirata-servizi-errebi-group-hero-section.webp\",\"datePublished\":\"2025-04-24T15:43:59+00:00\",\"dateModified\":\"2025-09-29T14:30:11+00:00\",\"description\":\"Escoger el buen cableado puede parecer algo pr\u00e1ctico e inmediato a ojos de quien no es particularmente experto en este \u00e1mbito. Como en tantos otros sectores, elegir por uno mismo solo es adecuado en..\",\"breadcrumb\":{\"@id\":\"https:\\\/\\\/www.errebi-group.com\\\/es\\\/asesoramiento#breadcrumb\"},\"inLanguage\":\"es\",\"potentialAction\":[{\"@type\":\"ReadAction\",\"target\":[\"https:\\\/\\\/www.errebi-group.com\\\/es\\\/asesoramiento\"]}]},{\"@type\":\"ImageObject\",\"inLanguage\":\"es\",\"@id\":\"https:\\\/\\\/www.errebi-group.com\\\/es\\\/asesoramiento#primaryimage\",\"url\":\"https:\\\/\\\/www.errebi-group.com\\\/wp-content\\\/uploads\\\/2025\\\/04\\\/consulenza-mirata-servizi-errebi-group-hero-section.webp\",\"contentUrl\":\"https:\\\/\\\/www.errebi-group.com\\\/wp-content\\\/uploads\\\/2025\\\/04\\\/consulenza-mirata-servizi-errebi-group-hero-section.webp\",\"width\":1920,\"height\":1080,\"caption\":\"Tres t\u00e9cnicos sonrientes con los brazos cruzados, s\u00edmbolo de competencia y trabajo en equipo\"},{\"@type\":\"BreadcrumbList\",\"@id\":\"https:\\\/\\\/www.errebi-group.com\\\/es\\\/asesoramiento#breadcrumb\",\"itemListElement\":[{\"@type\":\"ListItem\",\"position\":1,\"name\":\"Home\",\"item\":\"https:\\\/\\\/www.errebi-group.com\\\/es\"},{\"@type\":\"ListItem\",\"position\":2,\"name\":\"Asesoramiento y asistencia t\u00e9cnica para la fabricaci\u00f3n de cableado\"}]},{\"@type\":\"WebSite\",\"@id\":\"https:\\\/\\\/www.errebi-group.com\\\/es#website\",\"url\":\"https:\\\/\\\/www.errebi-group.com\\\/es\",\"name\":\"Errebi Group - Azienda produttrice di Cablaggi e Quadri Elettrici\",\"description\":\"Azienda produttrice di Cablaggi e Quadri Elettrici\",\"publisher\":{\"@id\":\"https:\\\/\\\/www.errebi-group.com\\\/es#organization\"},\"potentialAction\":[{\"@type\":\"SearchAction\",\"target\":{\"@type\":\"EntryPoint\",\"urlTemplate\":\"https:\\\/\\\/www.errebi-group.com\\\/es?s={search_term_string}\"},\"query-input\":{\"@type\":\"PropertyValueSpecification\",\"valueRequired\":true,\"valueName\":\"search_term_string\"}}],\"inLanguage\":\"es\"},{\"@type\":\"Organization\",\"@id\":\"https:\\\/\\\/www.errebi-group.com\\\/es#organization\",\"name\":\"Errebi Group\",\"url\":\"https:\\\/\\\/www.errebi-group.com\\\/es\",\"logo\":{\"@type\":\"ImageObject\",\"inLanguage\":\"es\",\"@id\":\"https:\\\/\\\/www.errebi-group.com\\\/es#\\\/schema\\\/logo\\\/image\\\/\",\"url\":\"https:\\\/\\\/www.errebi-group.com\\\/wp-content\\\/uploads\\\/2025\\\/04\\\/logo-errebi-group-payoff-white-website.png\",\"contentUrl\":\"https:\\\/\\\/www.errebi-group.com\\\/wp-content\\\/uploads\\\/2025\\\/04\\\/logo-errebi-group-payoff-white-website.png\",\"width\":610,\"height\":100,\"caption\":\"Errebi Group\"},\"image\":{\"@id\":\"https:\\\/\\\/www.errebi-group.com\\\/es#\\\/schema\\\/logo\\\/image\\\/\"},\"sameAs\":[\"https:\\\/\\\/www.facebook.com\\\/errebigroupsrl\",\"https:\\\/\\\/www.instagram.com\\\/errebi.group?igsh=cGNzN3FpcDFqNm1i\",\"https:\\\/\\\/www.linkedin.com\\\/company\\\/errebigroup\\\/?originalSubdomain=it\",\"https:\\\/\\\/www.youtube.com\\\/@errebigroup\"]}]}<\/script>\n<!-- \/ Yoast SEO plugin. -->","yoast_head_json":{"title":"Asesoramiento para la fabricaci\u00f3n de cableado y equipos","description":"Escoger el buen cableado puede parecer algo pr\u00e1ctico e inmediato a ojos de quien no es particularmente experto en este \u00e1mbito. Como en tantos otros sectores, elegir por uno mismo solo es adecuado en..","robots":{"index":"index","follow":"follow","max-snippet":"max-snippet:-1","max-image-preview":"max-image-preview:large","max-video-preview":"max-video-preview:-1"},"canonical":"https:\/\/www.errebi-group.com\/es\/asesoramiento","og_locale":"es_ES","og_type":"article","og_title":"Asesoramiento para la fabricaci\u00f3n de cableado y equipos","og_description":"Escoger el buen cableado puede parecer algo pr\u00e1ctico e inmediato a ojos de quien no es particularmente experto en este \u00e1mbito. Como en tantos otros sectores, elegir por uno mismo solo es adecuado en..","og_url":"https:\/\/www.errebi-group.com\/es\/asesoramiento","og_site_name":"ErreBi Group","article_publisher":"https:\/\/www.facebook.com\/errebigroupsrl","article_modified_time":"2025-09-29T14:30:11+00:00","og_image":[{"width":1920,"height":1080,"url":"https:\/\/www.errebi-group.com\/wp-content\/uploads\/2025\/04\/consulenza-mirata-servizi-errebi-group-hero-section.webp","type":"image\/webp"}],"twitter_card":"summary_large_image","twitter_misc":{"Tiempo de lectura":"6 minutos"},"schema":{"@context":"https:\/\/schema.org","@graph":[{"@type":"WebPage","@id":"https:\/\/www.errebi-group.com\/es\/asesoramiento","url":"https:\/\/www.errebi-group.com\/es\/asesoramiento","name":"Asesoramiento para la fabricaci\u00f3n de cableado y equipos","isPartOf":{"@id":"https:\/\/www.errebi-group.com\/es#website"},"primaryImageOfPage":{"@id":"https:\/\/www.errebi-group.com\/es\/asesoramiento#primaryimage"},"image":{"@id":"https:\/\/www.errebi-group.com\/es\/asesoramiento#primaryimage"},"thumbnailUrl":"https:\/\/www.errebi-group.com\/wp-content\/uploads\/2025\/04\/consulenza-mirata-servizi-errebi-group-hero-section.webp","datePublished":"2025-04-24T15:43:59+00:00","dateModified":"2025-09-29T14:30:11+00:00","description":"Escoger el buen cableado puede parecer algo pr\u00e1ctico e inmediato a ojos de quien no es particularmente experto en este \u00e1mbito. Como en tantos otros sectores, elegir por uno mismo solo es adecuado en..","breadcrumb":{"@id":"https:\/\/www.errebi-group.com\/es\/asesoramiento#breadcrumb"},"inLanguage":"es","potentialAction":[{"@type":"ReadAction","target":["https:\/\/www.errebi-group.com\/es\/asesoramiento"]}]},{"@type":"ImageObject","inLanguage":"es","@id":"https:\/\/www.errebi-group.com\/es\/asesoramiento#primaryimage","url":"https:\/\/www.errebi-group.com\/wp-content\/uploads\/2025\/04\/consulenza-mirata-servizi-errebi-group-hero-section.webp","contentUrl":"https:\/\/www.errebi-group.com\/wp-content\/uploads\/2025\/04\/consulenza-mirata-servizi-errebi-group-hero-section.webp","width":1920,"height":1080,"caption":"Tres t\u00e9cnicos sonrientes con los brazos cruzados, s\u00edmbolo de competencia y trabajo en equipo"},{"@type":"BreadcrumbList","@id":"https:\/\/www.errebi-group.com\/es\/asesoramiento#breadcrumb","itemListElement":[{"@type":"ListItem","position":1,"name":"Home","item":"https:\/\/www.errebi-group.com\/es"},{"@type":"ListItem","position":2,"name":"Asesoramiento y asistencia t\u00e9cnica para la fabricaci\u00f3n de cableado"}]},{"@type":"WebSite","@id":"https:\/\/www.errebi-group.com\/es#website","url":"https:\/\/www.errebi-group.com\/es","name":"Errebi Group - Azienda produttrice di Cablaggi e Quadri Elettrici","description":"Azienda produttrice di Cablaggi e Quadri Elettrici","publisher":{"@id":"https:\/\/www.errebi-group.com\/es#organization"},"potentialAction":[{"@type":"SearchAction","target":{"@type":"EntryPoint","urlTemplate":"https:\/\/www.errebi-group.com\/es?s={search_term_string}"},"query-input":{"@type":"PropertyValueSpecification","valueRequired":true,"valueName":"search_term_string"}}],"inLanguage":"es"},{"@type":"Organization","@id":"https:\/\/www.errebi-group.com\/es#organization","name":"Errebi Group","url":"https:\/\/www.errebi-group.com\/es","logo":{"@type":"ImageObject","inLanguage":"es","@id":"https:\/\/www.errebi-group.com\/es#\/schema\/logo\/image\/","url":"https:\/\/www.errebi-group.com\/wp-content\/uploads\/2025\/04\/logo-errebi-group-payoff-white-website.png","contentUrl":"https:\/\/www.errebi-group.com\/wp-content\/uploads\/2025\/04\/logo-errebi-group-payoff-white-website.png","width":610,"height":100,"caption":"Errebi Group"},"image":{"@id":"https:\/\/www.errebi-group.com\/es#\/schema\/logo\/image\/"},"sameAs":["https:\/\/www.facebook.com\/errebigroupsrl","https:\/\/www.instagram.com\/errebi.group?igsh=cGNzN3FpcDFqNm1i","https:\/\/www.linkedin.com\/company\/errebigroup\/?originalSubdomain=it","https:\/\/www.youtube.com\/@errebigroup"]}]}},"_links":{"self":[{"href":"https:\/\/www.errebi-group.com\/es\/wp-json\/wp\/v2\/pages\/1877","targetHints":{"allow":["GET"]}}],"collection":[{"href":"https:\/\/www.errebi-group.com\/es\/wp-json\/wp\/v2\/pages"}],"about":[{"href":"https:\/\/www.errebi-group.com\/es\/wp-json\/wp\/v2\/types\/page"}],"author":[{"embeddable":true,"href":"https:\/\/www.errebi-group.com\/es\/wp-json\/wp\/v2\/users\/1"}],"replies":[{"embeddable":true,"href":"https:\/\/www.errebi-group.com\/es\/wp-json\/wp\/v2\/comments?post=1877"}],"version-history":[{"count":2,"href":"https:\/\/www.errebi-group.com\/es\/wp-json\/wp\/v2\/pages\/1877\/revisions"}],"predecessor-version":[{"id":2444,"href":"https:\/\/www.errebi-group.com\/es\/wp-json\/wp\/v2\/pages\/1877\/revisions\/2444"}],"wp:featuredmedia":[{"embeddable":true,"href":"https:\/\/www.errebi-group.com\/es\/wp-json\/wp\/v2\/media\/1725"}],"wp:attachment":[{"href":"https:\/\/www.errebi-group.com\/es\/wp-json\/wp\/v2\/media?parent=1877"}],"curies":[{"name":"wp","href":"https:\/\/api.w.org\/{rel}","templated":true}]}}