{"id":1878,"date":"2025-04-28T09:41:19","date_gmt":"2025-04-28T09:41:19","guid":{"rendered":"https:\/\/www.errebi-group.com\/montajes-electromecanicos\/"},"modified":"2025-09-29T14:21:58","modified_gmt":"2025-09-29T14:21:58","slug":"montajes-electromecanicos","status":"publish","type":"page","link":"https:\/\/www.errebi-group.com\/es\/montajes-electromecanicos","title":{"rendered":"Montajes electromec\u00e1nicos"},"content":{"rendered":"<p><strong>La pericia, profesionalidad y versatilidad del personal de Cableados ErreBi<\/strong> garantiza una diversificaci\u00f3n de las actividades capaz de ofrecer a los clientes <strong>un servicio lo m\u00e1s completo posible<\/strong>. Precisamente por ello, adem\u00e1s de la producci\u00f3n y aplicaci\u00f3n de cableados para diversos sectores, podemos desarrollar <strong>una amplia gama de montajes electromec\u00e1nicos con diferentes caracter\u00edsticas y funciones<\/strong>, que se puede utilizar en contextos profesionales muy variados.<\/p>\n<p>As\u00ed pues, nuestros expertos son capaces de dar vida no solo a productos cableados, <strong>sino tambi\u00e9n montados en su parte electr\u00f3nica y mec\u00e1nica<\/strong>, de manera a poder entregar un instrumento ya operativo o, en su caso, capaz de ser optimizado o acabado por el comprador seg\u00fan su solicitud. <strong>La compra de productos finales o semielaborados garantiza al cliente un ahorro de tiempo, trabajo, log\u00edstica y dinero<\/strong>, con la seguridad de poseer un instrumento de calidad creado gracias a la habilidad y la pasi\u00f3n de verdaderos expertos en el sector.<\/p>\n<div style=\"height: 48px;\"><\/div>\n<h2>Montajes electromec\u00e1nicos de productos finales<\/h2>\n<p><strong>Por montaje electromec\u00e1nico de productos finales <\/strong>se entiende un producto no solo cableado sino tambi\u00e9n montado enteramente por nosotros en su parte mec\u00e1nica y electr\u00f3nica (tambi\u00e9n la programaci\u00f3n del software, en caso de que la hubiera), sometido al 100 % a simulacros funcionales, y listo para ser vendido por el cliente al usuario final.<\/p>\n<p>Nuestros montajes electromec\u00e1nicos incluyen, como explicado anteriormente, tanto a <strong>productos finales como semielaborados<\/strong>. Los productos finales reciben un seguimiento por parte de nuestros expertos durante todo el proceso de fabricaci\u00f3n: la atenci\u00f3n principal va claramente dirigida a <strong>las partes electr\u00f3nicas y mec\u00e1nicas<\/strong>, pero el alto nivel de competencia de nuestro personal nos permite cuidar tambi\u00e9n los detalles de <strong>las posibles programaciones software y del simulacro final<\/strong>, para que el cliente adquiera un instrumento funcional y operativo al 100 %.<\/p>\n<p>Nuestros productos son garant\u00eda de <strong>calidad y rendimiento<\/strong>, como por ejemplo nuestro <strong>Sistema de Captura de ratas<\/strong>, a d\u00eda de hoy uno de los instrumentos m\u00e1s solicitados por nuestros usuarios. Se trata de un <strong>sistema de control remoto que funciona con el protocolo Lowaran<\/strong>: se puede configurar o controlar a distancia mediante el ordenador, tablet o m\u00f3vil, permitiendo al usuario gestionar su actividad en cualquier momento, sin tener que estar presente en el lugar donde se aplica la trampa.<\/p>\n<p>Este sistema de captura en remoto ha sido <strong>ideado, dise\u00f1ado, proyectado y montado en todas sus partes<\/strong> enteramente por nosotros, tanto su parte mec\u00e1nica como su hardware y software. Como sucede en esta creaci\u00f3n, de la cual nos enorgullecemos sumamente, <strong>todos nuestros montajes son fruto del trabajo, experiencia y pasi\u00f3n,<\/strong> valores reconocidos por parte de nuestros clientes, que han quedado plenamente satisfechos por los productos adquiridos.<\/p>\n<div style=\"height: 48px;\"><\/div>\n<h2>Factores que intervienen en la elecci\u00f3n del tipo de montaje<\/h2>\n<p><strong>Son muchas ventajas de encargarnos el montaje<\/strong>:<\/p>\n<ul>\n<li>no solo contamos con la <a href=\"https:\/\/www.errebi-group.com\/it\/produzione-cablaggi-elettrici\">maquinaria de fabricaci\u00f3n de cableado<\/a>, sino que adem\u00e1s disponemos de <strong>maquinaria para la fabricaci\u00f3n de partes mec\u00e1nicas <\/strong>(tipo CNC, corte l\u00e1ser, incisi\u00f3n l\u00e1ser, impresoras 3D, etc.) lo cual hace que nuestros precios sean muy competitivos.<\/li>\n<li><strong>Disponemos de personal formado para la fabricaci\u00f3n<\/strong>, y <strong>somos capaces de dise\u00f1ar cadenas de montaje capaces de tumbar los tiempos de producci\u00f3n<\/strong>, con la consiguiente disminuci\u00f3n de nuestros costes.<\/li>\n<li>El cliente no deber\u00e1 preocuparse por la gesti\u00f3n de la compra y de la log\u00edstica de los componentes a gestionar en caso de tener que realizar esta actividad por su cuenta, <strong>por lo que su actividad se ver\u00e1 aligerada y sus almacenes estar\u00e1n menos llenos<\/strong>.<\/li>\n<li>En el caso de que se nos encargara el producto completo, <strong>el cliente puede poner todas sus fuerzas en la parte comercial, aumentando las ventas<\/strong>: del resto nos encargamos nosotros<\/li>\n<\/ul>\n<p>Algunos podr\u00edan pensar que comprar un montaje electromec\u00e1nico de un producto final o semielaborado, en vez de fabricarlo de manera interna, es una inversi\u00f3n osada o, en todo caso, una distribuci\u00f3n del trabajo que conduce a una p\u00e9rdida de tiempo. En realidad, <strong>las ventajas para las empresas son m\u00faltiples<\/strong>, y confiar en ErreBi resulta, en particular, <strong>una garant\u00eda no solo de calidad, sino tambi\u00e9n de ahorro en t\u00e9rminos econ\u00f3micos y de organizaci\u00f3n del trabajo<\/strong>.<\/p>\n<p><strong>Nuestra empresa<\/strong>, aun siendo especialista en cableados, dispone de un equipamiento de <strong>maquinaria destinada a la fabricaci\u00f3n de las partes mec\u00e1nicas de los productos<\/strong>, como por ejemplo fabricaciones CNC, corte e incisi\u00f3n l\u00e1ser e impresoras 3D. <strong>Nuestro personal tambi\u00e9n est\u00e1 altamente cualificado<\/strong> para este tipo de producci\u00f3n, logrando al mismo tiempo dise\u00f1ar l\u00edneas de ensamblaje y seguir el proceso en todas sus fases. <strong>Por consiguiente, la posibilidad de ocuparnos del montaje en todos sus detalles<\/strong>, desde el cableado hasta las partes electr\u00f3nicas y mec\u00e1nicas, disminuye visiblemente los tiempos de producci\u00f3n, lo cual se traduce en una disminuci\u00f3n de los costes para el cliente.<\/p>\n<p>Adem\u00e1s del ahorro econ\u00f3mico, el cliente no deber\u00e1 preocuparse por encontrar, comprar, enviar y almacenar en su almac\u00e9n los diversos componentes para realizar la actividad internamente. La gesti\u00f3n y la log\u00edstica se simplificar\u00e1n con <strong>la compra de un producto final o semielaborado<\/strong>, minimizando el trabajo y, sobre todo, aligerando la carga a compa\u00f1\u00edas de transporte y almacenistas.<\/p>\n<p>El corte de las operaciones de montaje permitir\u00e1, adem\u00e1s, <strong>liberar todas las fuerzas de la empresa para concentrarlas en el sector comercial<\/strong>, facilitando, de este modo, las posibilidades de venta. En resumen: <strong>confiar plenamente las actividades t\u00e9cnicas de montaje a profesionales del sector<\/strong>, capaces de asesorarlo en cualquier \u00e1mbito, <strong>puede transformar verdaderamente su proceso productivo, abaratando los costos y permiti\u00e9ndole dedicarse a la venta sin ning\u00fan tipo de preocupaci\u00f3n<\/strong>.<\/p>\n","protected":false},"excerpt":{"rendered":"<p>La pericia, profesionalidad y versatilidad del personal de Cableados ErreBi garantiza una diversificaci\u00f3n de las actividades capaz de ofrecer a los clientes un servicio lo m\u00e1s completo posible. Precisamente por ello, adem\u00e1s de la producci\u00f3n y aplicaci\u00f3n de cableados para diversos sectores, podemos desarrollar una amplia gama de montajes electromec\u00e1nicos con diferentes caracter\u00edsticas y funciones, [&hellip;]<\/p>\n","protected":false},"author":1,"featured_media":1721,"parent":0,"menu_order":0,"comment_status":"closed","ping_status":"closed","template":"","meta":{"footnotes":""},"class_list":["post-1878","page","type-page","status-publish","has-post-thumbnail","hentry"],"yoast_head":"<!-- This site is optimized with the Yoast SEO plugin v27.4 - https:\/\/yoast.com\/product\/yoast-seo-wordpress\/ -->\n<title>Montajes electromec\u00e1nicos de productos finales y semielaborados<\/title>\n<meta name=\"description\" content=\"La pericia, profesionalidad y versatilidad del personal de Cableados ErreBi garantiza una diversificaci\u00f3n de las actividades capaz de ofrecer a los clientes un servicio lo m\u00e1s completo posible. ..\" \/>\n<meta name=\"robots\" content=\"index, follow, max-snippet:-1, max-image-preview:large, max-video-preview:-1\" \/>\n<link rel=\"canonical\" href=\"https:\/\/www.errebi-group.com\/es\/montajes-electromecanicos\" \/>\n<meta property=\"og:locale\" content=\"es_ES\" \/>\n<meta property=\"og:type\" content=\"article\" \/>\n<meta property=\"og:title\" content=\"Montajes electromec\u00e1nicos de productos finales y semielaborados\" \/>\n<meta property=\"og:description\" content=\"La pericia, profesionalidad y versatilidad del personal de Cableados ErreBi garantiza una diversificaci\u00f3n de las actividades capaz de ofrecer a los clientes un servicio lo m\u00e1s completo posible. ..\" \/>\n<meta property=\"og:url\" content=\"https:\/\/www.errebi-group.com\/es\/montajes-electromecanicos\" \/>\n<meta property=\"og:site_name\" content=\"ErreBi Group\" \/>\n<meta property=\"article:publisher\" content=\"https:\/\/www.facebook.com\/errebigroupsrl\" \/>\n<meta property=\"article:modified_time\" content=\"2025-09-29T14:21:58+00:00\" \/>\n<meta property=\"og:image\" content=\"https:\/\/www.errebi-group.com\/wp-content\/uploads\/2025\/04\/assemblaggi-elettromeccanici-servizi-errebi-group-hero-section.webp\" \/>\n\t<meta property=\"og:image:width\" content=\"1920\" \/>\n\t<meta property=\"og:image:height\" content=\"1080\" \/>\n\t<meta property=\"og:image:type\" content=\"image\/webp\" \/>\n<meta name=\"twitter:card\" content=\"summary_large_image\" \/>\n<meta name=\"twitter:label1\" content=\"Tiempo de lectura\" \/>\n\t<meta name=\"twitter:data1\" content=\"5 minutos\" \/>\n<script type=\"application\/ld+json\" class=\"yoast-schema-graph\">{\"@context\":\"https:\\\/\\\/schema.org\",\"@graph\":[{\"@type\":\"WebPage\",\"@id\":\"https:\\\/\\\/www.errebi-group.com\\\/es\\\/montajes-electromecanicos\",\"url\":\"https:\\\/\\\/www.errebi-group.com\\\/es\\\/montajes-electromecanicos\",\"name\":\"Montajes electromec\u00e1nicos de productos finales y semielaborados\",\"isPartOf\":{\"@id\":\"https:\\\/\\\/www.errebi-group.com\\\/es#website\"},\"primaryImageOfPage\":{\"@id\":\"https:\\\/\\\/www.errebi-group.com\\\/es\\\/montajes-electromecanicos#primaryimage\"},\"image\":{\"@id\":\"https:\\\/\\\/www.errebi-group.com\\\/es\\\/montajes-electromecanicos#primaryimage\"},\"thumbnailUrl\":\"https:\\\/\\\/www.errebi-group.com\\\/wp-content\\\/uploads\\\/2025\\\/04\\\/assemblaggi-elettromeccanici-servizi-errebi-group-hero-section.webp\",\"datePublished\":\"2025-04-28T09:41:19+00:00\",\"dateModified\":\"2025-09-29T14:21:58+00:00\",\"description\":\"La pericia, profesionalidad y versatilidad del personal de Cableados ErreBi garantiza una diversificaci\u00f3n de las actividades capaz de ofrecer a los clientes un servicio lo m\u00e1s completo posible. ..\",\"breadcrumb\":{\"@id\":\"https:\\\/\\\/www.errebi-group.com\\\/es\\\/montajes-electromecanicos#breadcrumb\"},\"inLanguage\":\"es\",\"potentialAction\":[{\"@type\":\"ReadAction\",\"target\":[\"https:\\\/\\\/www.errebi-group.com\\\/es\\\/montajes-electromecanicos\"]}]},{\"@type\":\"ImageObject\",\"inLanguage\":\"es\",\"@id\":\"https:\\\/\\\/www.errebi-group.com\\\/es\\\/montajes-electromecanicos#primaryimage\",\"url\":\"https:\\\/\\\/www.errebi-group.com\\\/wp-content\\\/uploads\\\/2025\\\/04\\\/assemblaggi-elettromeccanici-servizi-errebi-group-hero-section.webp\",\"contentUrl\":\"https:\\\/\\\/www.errebi-group.com\\\/wp-content\\\/uploads\\\/2025\\\/04\\\/assemblaggi-elettromeccanici-servizi-errebi-group-hero-section.webp\",\"width\":1920,\"height\":1080,\"caption\":\"Operador trabajando en montaje electromec\u00e1nico con componentes y cableado el\u00e9ctricos de precisi\u00f3n\"},{\"@type\":\"BreadcrumbList\",\"@id\":\"https:\\\/\\\/www.errebi-group.com\\\/es\\\/montajes-electromecanicos#breadcrumb\",\"itemListElement\":[{\"@type\":\"ListItem\",\"position\":1,\"name\":\"Home\",\"item\":\"https:\\\/\\\/www.errebi-group.com\\\/es\"},{\"@type\":\"ListItem\",\"position\":2,\"name\":\"Montajes electromec\u00e1nicos\"}]},{\"@type\":\"WebSite\",\"@id\":\"https:\\\/\\\/www.errebi-group.com\\\/es#website\",\"url\":\"https:\\\/\\\/www.errebi-group.com\\\/es\",\"name\":\"Errebi Group - Azienda produttrice di Cablaggi e Quadri Elettrici\",\"description\":\"Azienda produttrice di Cablaggi e Quadri Elettrici\",\"publisher\":{\"@id\":\"https:\\\/\\\/www.errebi-group.com\\\/es#organization\"},\"potentialAction\":[{\"@type\":\"SearchAction\",\"target\":{\"@type\":\"EntryPoint\",\"urlTemplate\":\"https:\\\/\\\/www.errebi-group.com\\\/es?s={search_term_string}\"},\"query-input\":{\"@type\":\"PropertyValueSpecification\",\"valueRequired\":true,\"valueName\":\"search_term_string\"}}],\"inLanguage\":\"es\"},{\"@type\":\"Organization\",\"@id\":\"https:\\\/\\\/www.errebi-group.com\\\/es#organization\",\"name\":\"Errebi Group\",\"url\":\"https:\\\/\\\/www.errebi-group.com\\\/es\",\"logo\":{\"@type\":\"ImageObject\",\"inLanguage\":\"es\",\"@id\":\"https:\\\/\\\/www.errebi-group.com\\\/es#\\\/schema\\\/logo\\\/image\\\/\",\"url\":\"https:\\\/\\\/www.errebi-group.com\\\/wp-content\\\/uploads\\\/2025\\\/04\\\/logo-errebi-group-payoff-white-website.png\",\"contentUrl\":\"https:\\\/\\\/www.errebi-group.com\\\/wp-content\\\/uploads\\\/2025\\\/04\\\/logo-errebi-group-payoff-white-website.png\",\"width\":610,\"height\":100,\"caption\":\"Errebi Group\"},\"image\":{\"@id\":\"https:\\\/\\\/www.errebi-group.com\\\/es#\\\/schema\\\/logo\\\/image\\\/\"},\"sameAs\":[\"https:\\\/\\\/www.facebook.com\\\/errebigroupsrl\",\"https:\\\/\\\/www.instagram.com\\\/errebi.group?igsh=cGNzN3FpcDFqNm1i\",\"https:\\\/\\\/www.linkedin.com\\\/company\\\/errebigroup\\\/?originalSubdomain=it\",\"https:\\\/\\\/www.youtube.com\\\/@errebigroup\"]}]}<\/script>\n<!-- \/ Yoast SEO plugin. -->","yoast_head_json":{"title":"Montajes electromec\u00e1nicos de productos finales y semielaborados","description":"La pericia, profesionalidad y versatilidad del personal de Cableados ErreBi garantiza una diversificaci\u00f3n de las actividades capaz de ofrecer a los clientes un servicio lo m\u00e1s completo posible. ..","robots":{"index":"index","follow":"follow","max-snippet":"max-snippet:-1","max-image-preview":"max-image-preview:large","max-video-preview":"max-video-preview:-1"},"canonical":"https:\/\/www.errebi-group.com\/es\/montajes-electromecanicos","og_locale":"es_ES","og_type":"article","og_title":"Montajes electromec\u00e1nicos de productos finales y semielaborados","og_description":"La pericia, profesionalidad y versatilidad del personal de Cableados ErreBi garantiza una diversificaci\u00f3n de las actividades capaz de ofrecer a los clientes un servicio lo m\u00e1s completo posible. ..","og_url":"https:\/\/www.errebi-group.com\/es\/montajes-electromecanicos","og_site_name":"ErreBi Group","article_publisher":"https:\/\/www.facebook.com\/errebigroupsrl","article_modified_time":"2025-09-29T14:21:58+00:00","og_image":[{"width":1920,"height":1080,"url":"https:\/\/www.errebi-group.com\/wp-content\/uploads\/2025\/04\/assemblaggi-elettromeccanici-servizi-errebi-group-hero-section.webp","type":"image\/webp"}],"twitter_card":"summary_large_image","twitter_misc":{"Tiempo de lectura":"5 minutos"},"schema":{"@context":"https:\/\/schema.org","@graph":[{"@type":"WebPage","@id":"https:\/\/www.errebi-group.com\/es\/montajes-electromecanicos","url":"https:\/\/www.errebi-group.com\/es\/montajes-electromecanicos","name":"Montajes electromec\u00e1nicos de productos finales y semielaborados","isPartOf":{"@id":"https:\/\/www.errebi-group.com\/es#website"},"primaryImageOfPage":{"@id":"https:\/\/www.errebi-group.com\/es\/montajes-electromecanicos#primaryimage"},"image":{"@id":"https:\/\/www.errebi-group.com\/es\/montajes-electromecanicos#primaryimage"},"thumbnailUrl":"https:\/\/www.errebi-group.com\/wp-content\/uploads\/2025\/04\/assemblaggi-elettromeccanici-servizi-errebi-group-hero-section.webp","datePublished":"2025-04-28T09:41:19+00:00","dateModified":"2025-09-29T14:21:58+00:00","description":"La pericia, profesionalidad y versatilidad del personal de Cableados ErreBi garantiza una diversificaci\u00f3n de las actividades capaz de ofrecer a los clientes un servicio lo m\u00e1s completo posible. ..","breadcrumb":{"@id":"https:\/\/www.errebi-group.com\/es\/montajes-electromecanicos#breadcrumb"},"inLanguage":"es","potentialAction":[{"@type":"ReadAction","target":["https:\/\/www.errebi-group.com\/es\/montajes-electromecanicos"]}]},{"@type":"ImageObject","inLanguage":"es","@id":"https:\/\/www.errebi-group.com\/es\/montajes-electromecanicos#primaryimage","url":"https:\/\/www.errebi-group.com\/wp-content\/uploads\/2025\/04\/assemblaggi-elettromeccanici-servizi-errebi-group-hero-section.webp","contentUrl":"https:\/\/www.errebi-group.com\/wp-content\/uploads\/2025\/04\/assemblaggi-elettromeccanici-servizi-errebi-group-hero-section.webp","width":1920,"height":1080,"caption":"Operador trabajando en montaje electromec\u00e1nico con componentes y cableado el\u00e9ctricos de precisi\u00f3n"},{"@type":"BreadcrumbList","@id":"https:\/\/www.errebi-group.com\/es\/montajes-electromecanicos#breadcrumb","itemListElement":[{"@type":"ListItem","position":1,"name":"Home","item":"https:\/\/www.errebi-group.com\/es"},{"@type":"ListItem","position":2,"name":"Montajes electromec\u00e1nicos"}]},{"@type":"WebSite","@id":"https:\/\/www.errebi-group.com\/es#website","url":"https:\/\/www.errebi-group.com\/es","name":"Errebi Group - Azienda produttrice di Cablaggi e Quadri Elettrici","description":"Azienda produttrice di Cablaggi e Quadri Elettrici","publisher":{"@id":"https:\/\/www.errebi-group.com\/es#organization"},"potentialAction":[{"@type":"SearchAction","target":{"@type":"EntryPoint","urlTemplate":"https:\/\/www.errebi-group.com\/es?s={search_term_string}"},"query-input":{"@type":"PropertyValueSpecification","valueRequired":true,"valueName":"search_term_string"}}],"inLanguage":"es"},{"@type":"Organization","@id":"https:\/\/www.errebi-group.com\/es#organization","name":"Errebi Group","url":"https:\/\/www.errebi-group.com\/es","logo":{"@type":"ImageObject","inLanguage":"es","@id":"https:\/\/www.errebi-group.com\/es#\/schema\/logo\/image\/","url":"https:\/\/www.errebi-group.com\/wp-content\/uploads\/2025\/04\/logo-errebi-group-payoff-white-website.png","contentUrl":"https:\/\/www.errebi-group.com\/wp-content\/uploads\/2025\/04\/logo-errebi-group-payoff-white-website.png","width":610,"height":100,"caption":"Errebi Group"},"image":{"@id":"https:\/\/www.errebi-group.com\/es#\/schema\/logo\/image\/"},"sameAs":["https:\/\/www.facebook.com\/errebigroupsrl","https:\/\/www.instagram.com\/errebi.group?igsh=cGNzN3FpcDFqNm1i","https:\/\/www.linkedin.com\/company\/errebigroup\/?originalSubdomain=it","https:\/\/www.youtube.com\/@errebigroup"]}]}},"_links":{"self":[{"href":"https:\/\/www.errebi-group.com\/es\/wp-json\/wp\/v2\/pages\/1878","targetHints":{"allow":["GET"]}}],"collection":[{"href":"https:\/\/www.errebi-group.com\/es\/wp-json\/wp\/v2\/pages"}],"about":[{"href":"https:\/\/www.errebi-group.com\/es\/wp-json\/wp\/v2\/types\/page"}],"author":[{"embeddable":true,"href":"https:\/\/www.errebi-group.com\/es\/wp-json\/wp\/v2\/users\/1"}],"replies":[{"embeddable":true,"href":"https:\/\/www.errebi-group.com\/es\/wp-json\/wp\/v2\/comments?post=1878"}],"version-history":[{"count":2,"href":"https:\/\/www.errebi-group.com\/es\/wp-json\/wp\/v2\/pages\/1878\/revisions"}],"predecessor-version":[{"id":2430,"href":"https:\/\/www.errebi-group.com\/es\/wp-json\/wp\/v2\/pages\/1878\/revisions\/2430"}],"wp:featuredmedia":[{"embeddable":true,"href":"https:\/\/www.errebi-group.com\/es\/wp-json\/wp\/v2\/media\/1721"}],"wp:attachment":[{"href":"https:\/\/www.errebi-group.com\/es\/wp-json\/wp\/v2\/media?parent=1878"}],"curies":[{"name":"wp","href":"https:\/\/api.w.org\/{rel}","templated":true}]}}