{"id":1885,"date":"2025-04-28T09:50:49","date_gmt":"2025-04-28T09:50:49","guid":{"rendered":"https:\/\/www.errebi-group.com\/diseno-de-cableados-personalizados\/"},"modified":"2025-09-29T14:27:05","modified_gmt":"2025-09-29T14:27:05","slug":"diseno-personalizados","status":"publish","type":"page","link":"https:\/\/www.errebi-group.com\/es\/diseno-personalizados","title":{"rendered":"Dise\u00f1o de cableados personalizados"},"content":{"rendered":"<p>La <strong>personalizaci\u00f3n del servicio de cableado<\/strong> no se queda en el asesoramiento y apoyo en la elecci\u00f3n de los componentes adecuados, sino que se planifica a partir del <strong>dise\u00f1o y de la <a href=\"https:\/\/www.errebi-group.com\/it\/produzione-cablaggi-elettrici\">fabricaci\u00f3n del mismo cableado<\/a> en todas sus partes<\/strong>. El servicio que ofrecemos al cliente parte, pues, del estudio de cada una de las situaciones y de la comprensi\u00f3n de sus necesidades espec\u00edficas, para luego proponer la soluci\u00f3n m\u00e1s adecuada. Para ello, nuestros expertos visitan al cliente y analizan exhaustivamente <strong>el dispositivo a cablear<\/strong>, <strong>su entorno y las posibles estructuras destinadas a soportar la aplicaci\u00f3n de los componentes<\/strong>, <strong>identificando seguidamente la tipolog\u00eda de cableado m\u00e1s adecuada que consiga optimizar los costes, para empezar as\u00ed con el dise\u00f1o gr\u00e1fico<\/strong><\/p>\n<p>Adem\u00e1s de la secci\u00f3n dedicada al cableado, <strong>ErreBi cuenta tambi\u00e9n con un personal altamente especializado en el dise\u00f1o de hardware y software<\/strong>, ofreciendo, de este modo, la posibilidad a nuestros clientes de disfrutar de un <strong>servicio completo y capaz de responder a sus solicitudes en cualquier \u00e1mbito<\/strong>, demostrando su versatilidad y profesionalidad.<\/p>\n<div style=\"height: 48px;\"><\/div>\n<h2>Las fases del dise\u00f1o<\/h2>\n<p><strong>El dise\u00f1o<\/strong> debe, evidentemente, planificarse en varias fases, que van de <strong>la visita<\/strong> a <strong>la fabricaci\u00f3n concreta del producto final<\/strong>, proyectado de com\u00fan acuerdo junto al cliente. El primer paso es la visita obligada de las instalaciones del cliente por parte de uno de nuestros expertos, <strong>cuyo deber ser\u00e1 analizar la maquinaria a cablear<\/strong> y recopilar todos los datos necesarios para poder programar el proyecto lo mejor posible. Los datos m\u00e1s importantes suelen estar vinculados con <strong>la futura tipolog\u00eda de los cables<\/strong>, es decir: longitud, secci\u00f3n de los cables, recorrido y, de ser necesario, previsi\u00f3n de una posible protecci\u00f3n en caso de que el pasaje estuviera especialmente desprotegido o vulnerable.<\/p>\n<p>El siguiente paso es <strong>seleccionar las piezas m\u00e1s convenientes para cada sector<\/strong>, intentando comprender cu\u00e1l es <strong>la actividad concreta de la maquinaria<\/strong>, lo cual nos permite escoger los elementos m\u00e1s adecuados para el trabajo requerido. Sin embargo, <strong>el cableado necesita a menudo una estructura de soporte<\/strong>, la cual se estudia, se dise\u00f1a y se adapta a la forma y a las dimensiones del dispositivo a cablear, con el objetivo de facilitar un montaje lo m\u00e1s simple y r\u00e1pido posible. Una vez concluida la fase de an\u00e1lisis in situ y recopiladas todas las informaciones, se podr\u00e1 poner en marcha <strong>el proceso de dise\u00f1o del cableado<\/strong> y de la estructura, que se proyectar\u00e1n y adaptar\u00e1n en funci\u00f3n del caso espec\u00edfico y ser\u00e1n, por consiguiente, totalmente id\u00f3neas a la hora de satisfacer las necesidades del cliente.<\/p>\n<div style=\"height: 48px;\"><\/div>\n<h2>Cu\u00e1les son los factores a tener en cuenta<\/h2>\n<p>Durante la visita, <strong>hemos visto que nuestro experto debe tomar en cuenta m\u00faltiples factores<\/strong>, ya que <strong>el entorno de trabajo y la maquinaria a cablear<\/strong> var\u00edan enormemente seg\u00fan el sector de trabajo del cliente y su actividad. Intentemos, pues, ahondar en los detalles por lo que respecta a los elementos que <strong>deberemos analizar para llevar a cabo un dise\u00f1o lo m\u00e1s personalizado y, sobre todo, lo m\u00e1s eficaz posible.<\/strong> Lo primero que observamos est\u00e1 relacionado con el <strong>\u00e1mbito normativo<\/strong>: el estudio de las leyes y normas por las que la maquinaria se vender\u00e1 m\u00e1s adelante es fundamental a la hora de proyectar <strong>un cableado en regla que no d\u00e9 problemas futuros al cliente durante su comercializaci\u00f3n<\/strong>, y a\u00fan menos al usuario final que luego lo utilizar\u00e1.<\/p>\n<p>Por lo que respecta <strong>al entorno del dispositivo donde luego se aplicar\u00e1n los cables<\/strong>, es importante considerar con atenci\u00f3n <strong>la temperatura y las absorciones<\/strong>, previendo posibles cambios y asegur\u00e1ndose que, en el transcurso de la actividad, el cableado no padezca ning\u00fan da\u00f1o. La fase de estudio se planifica de modo a entender si los cables deben tener una <strong>instalaci\u00f3n fija o m\u00f3vil<\/strong>; <strong>volviendo al tema de la seguridad, se debe averiguar si el tramo de pasaje del cable se encuentra m\u00e1s o menos expuesta a puntos cortantes<\/strong>. En tales casos, durante el dise\u00f1o se proyectar\u00e1n fundas especiales de protecci\u00f3n anticorte, con el objetivo de garantizar un pleno funcionamiento del cableado, incluso en situaciones de posible vulnerabilidad.<\/p>\n<p>Finalmente, para favorecer futuros trabajos de instalaci\u00f3n, <strong>el experto eval\u00faa atentamente la mejor modalidad de montaje para esa maquinaria en concreto<\/strong>, identificando sus posibles complejidades y planificando el trabajo, para no llegar desprevenido al momento de su aplicaci\u00f3n pr\u00e1ctica.<\/p>\n<p>Como se habr\u00e1 podido constatar,<strong> el trabajo que precede al dise\u00f1o en s\u00ed es largo y abarca muchos detalles<\/strong>, pero es un proceso necesario para garantizar <strong>un producto de calidad y perfectamente adecuado a las necesidades espec\u00edficas del cliente<\/strong>.<\/p>\n<div style=\"height: 48px;\"><\/div>\n<h2>El costo del servicio<\/h2>\n<p><strong>Nuestro objetivo sigue siendo siempre colaborar activamente con el cliente<\/strong> para satisfacer sus necesidades al tiempo que optimizamos sus costes. Para ello, es evidente que <strong>nuestro presupuesto puede cambiar cada vez seg\u00fan los trabajos a realizar y el dispositivo espec\u00edfico que debemos cablear<\/strong>, ya que, como hemos visto, puede presentar diversas problem\u00e1ticas y dificultades de instalaci\u00f3n.<\/p>\n<p>A pesar de ello, <strong>nuestro enfoque al cliente es capaz de superar cualquier obst\u00e1culo<\/strong> y, si nos elige a nosotros, llegar a un acuerdo sobre el costo de la planificaci\u00f3n no ser\u00e1 un problema.<strong> Est\u00e1 claro que el tipo de trabajo a realizar podr\u00e1 influir en el descuento final<\/strong>: los dise\u00f1os simples y r\u00e1pidos, sin demasiadas complicaciones, que se hicieran tras la compra del producto podr\u00edan considerarse como un peque\u00f1o regalo, mientras que <strong>el costo de dise\u00f1os m\u00e1s elaborados se podr\u00eda reajustar desde el primer encargo de fabricaci\u00f3n<\/strong>.<\/p>\n<p><strong>ErreBi dar\u00e1 siempre el primer paso hacia las necesidades del cliente<\/strong>, con la seguridad de que sus competencias y cualidades son, en cualquier caso, <strong>una garant\u00eda de satisfacci\u00f3n total<\/strong>.<\/p>\n<div style=\"height: 48px;\"><\/div>\n<h2>Facilidades para la producci\u00f3n<\/h2>\n<p><strong>As\u00ed pues, adem\u00e1s del asesoramiento por parte de un experto en el sector y del dise\u00f1o del cableado seg\u00fan su maquinaria<\/strong>, el cliente recibir\u00e1 importantes facilidades respecto a <strong>los tiempos de instalaci\u00f3n<\/strong> y, sobre todo, sobre <strong>los costes totales<\/strong>. \u00bfQu\u00e9 pasar\u00eda si el cableado comprado no respondiera exactamente a las necesidades de su dispositivo? \u00bfCu\u00e1nto costar\u00edan los componentes en caso de no ser los adecuados a su sector de trabajo espec\u00edfico? \u00bfCu\u00e1nto se deber\u00eda gastar si para implementar el cableado se necesitara una estructura de soporte? \u00bfCu\u00e1nto tiempo perder\u00eda si solo se percatara de todo esto en la fase del montaje? Son preguntas que el cliente raramente se plantea antes, pero que pasan factura m\u00e1s adelante.<\/p>\n<p><strong>Ponerse en manos de un experto significa, en cambio, prever los posibles obst\u00e1culos<\/strong>, prevenirlos y escoger aquel <strong>producto que se adapte exactamente a su actividad espec\u00edfica<\/strong>, evitando perder tiempo in\u00fatilmente y, sobre todo, <strong>ahorrando costes en posibles errores de elecci\u00f3n<\/strong>. <strong>Con ErreBi, todo ser\u00e1 exactamente como debe ser: simple, eficaz y, sobre todo, conveniente<\/strong>.<\/p>\n","protected":false},"excerpt":{"rendered":"<p>La personalizaci\u00f3n del servicio de cableado no se queda en el asesoramiento y apoyo en la elecci\u00f3n de los componentes adecuados, sino que se planifica a partir del dise\u00f1o y de la fabricaci\u00f3n del mismo cableado en todas sus partes. El servicio que ofrecemos al cliente parte, pues, del estudio de cada una de las [&hellip;]<\/p>\n","protected":false},"author":1,"featured_media":1737,"parent":0,"menu_order":0,"comment_status":"closed","ping_status":"closed","template":"","meta":{"footnotes":""},"class_list":["post-1885","page","type-page","status-publish","has-post-thumbnail","hentry"],"yoast_head":"<!-- This site is optimized with the Yoast SEO plugin v27.4 - https:\/\/yoast.com\/product\/yoast-seo-wordpress\/ -->\n<title>Dise\u00f1o de cableados personalizados y soluciones a medida<\/title>\n<meta name=\"description\" content=\"La personalizaci\u00f3n del servicio de cableado no se queda en el asesoramiento y apoyo en la elecci\u00f3n de los componentes adecuados, sino que se planifica a partir del dise\u00f1o y de la fabricaci\u00f3n del...\" \/>\n<meta name=\"robots\" content=\"index, follow, max-snippet:-1, max-image-preview:large, max-video-preview:-1\" \/>\n<link rel=\"canonical\" href=\"https:\/\/www.errebi-group.com\/es\/diseno-personalizados\" \/>\n<meta property=\"og:locale\" content=\"es_ES\" \/>\n<meta property=\"og:type\" content=\"article\" \/>\n<meta property=\"og:title\" content=\"Dise\u00f1o de cableados personalizados y soluciones a medida\" \/>\n<meta property=\"og:description\" content=\"La personalizaci\u00f3n del servicio de cableado no se queda en el asesoramiento y apoyo en la elecci\u00f3n de los componentes adecuados, sino que se planifica a partir del dise\u00f1o y de la fabricaci\u00f3n del...\" \/>\n<meta property=\"og:url\" content=\"https:\/\/www.errebi-group.com\/es\/diseno-personalizados\" \/>\n<meta property=\"og:site_name\" content=\"ErreBi Group\" \/>\n<meta property=\"article:publisher\" content=\"https:\/\/www.facebook.com\/errebigroupsrl\" \/>\n<meta property=\"article:modified_time\" content=\"2025-09-29T14:27:05+00:00\" \/>\n<meta property=\"og:image\" content=\"https:\/\/www.errebi-group.com\/wp-content\/uploads\/2025\/04\/progettazione-cablaggi-servizi-errebi-group-hero-section.webp\" \/>\n\t<meta property=\"og:image:width\" content=\"1920\" \/>\n\t<meta property=\"og:image:height\" content=\"1080\" \/>\n\t<meta property=\"og:image:type\" content=\"image\/webp\" \/>\n<meta name=\"twitter:card\" content=\"summary_large_image\" \/>\n<meta name=\"twitter:label1\" content=\"Tiempo de lectura\" \/>\n\t<meta name=\"twitter:data1\" content=\"7 minutos\" \/>\n<script type=\"application\/ld+json\" class=\"yoast-schema-graph\">{\"@context\":\"https:\\\/\\\/schema.org\",\"@graph\":[{\"@type\":\"WebPage\",\"@id\":\"https:\\\/\\\/www.errebi-group.com\\\/es\\\/diseno-personalizados\",\"url\":\"https:\\\/\\\/www.errebi-group.com\\\/es\\\/diseno-personalizados\",\"name\":\"Dise\u00f1o de cableados personalizados y soluciones a medida\",\"isPartOf\":{\"@id\":\"https:\\\/\\\/www.errebi-group.com\\\/es#website\"},\"primaryImageOfPage\":{\"@id\":\"https:\\\/\\\/www.errebi-group.com\\\/es\\\/diseno-personalizados#primaryimage\"},\"image\":{\"@id\":\"https:\\\/\\\/www.errebi-group.com\\\/es\\\/diseno-personalizados#primaryimage\"},\"thumbnailUrl\":\"https:\\\/\\\/www.errebi-group.com\\\/wp-content\\\/uploads\\\/2025\\\/04\\\/progettazione-cablaggi-servizi-errebi-group-hero-section.webp\",\"datePublished\":\"2025-04-28T09:50:49+00:00\",\"dateModified\":\"2025-09-29T14:27:05+00:00\",\"description\":\"La personalizaci\u00f3n del servicio de cableado no se queda en el asesoramiento y apoyo en la elecci\u00f3n de los componentes adecuados, sino que se planifica a partir del dise\u00f1o y de la fabricaci\u00f3n del...\",\"breadcrumb\":{\"@id\":\"https:\\\/\\\/www.errebi-group.com\\\/es\\\/diseno-personalizados#breadcrumb\"},\"inLanguage\":\"es\",\"potentialAction\":[{\"@type\":\"ReadAction\",\"target\":[\"https:\\\/\\\/www.errebi-group.com\\\/es\\\/diseno-personalizados\"]}]},{\"@type\":\"ImageObject\",\"inLanguage\":\"es\",\"@id\":\"https:\\\/\\\/www.errebi-group.com\\\/es\\\/diseno-personalizados#primaryimage\",\"url\":\"https:\\\/\\\/www.errebi-group.com\\\/wp-content\\\/uploads\\\/2025\\\/04\\\/progettazione-cablaggi-servizi-errebi-group-hero-section.webp\",\"contentUrl\":\"https:\\\/\\\/www.errebi-group.com\\\/wp-content\\\/uploads\\\/2025\\\/04\\\/progettazione-cablaggi-servizi-errebi-group-hero-section.webp\",\"width\":1920,\"height\":1080,\"caption\":\"T\u00e9cnico mide la longitud de un cableado multicolor con extrema precisi\u00f3n\"},{\"@type\":\"BreadcrumbList\",\"@id\":\"https:\\\/\\\/www.errebi-group.com\\\/es\\\/diseno-personalizados#breadcrumb\",\"itemListElement\":[{\"@type\":\"ListItem\",\"position\":1,\"name\":\"Home\",\"item\":\"https:\\\/\\\/www.errebi-group.com\\\/es\"},{\"@type\":\"ListItem\",\"position\":2,\"name\":\"Dise\u00f1o de cableados personalizados\"}]},{\"@type\":\"WebSite\",\"@id\":\"https:\\\/\\\/www.errebi-group.com\\\/es#website\",\"url\":\"https:\\\/\\\/www.errebi-group.com\\\/es\",\"name\":\"Errebi Group - Azienda produttrice di Cablaggi e Quadri Elettrici\",\"description\":\"Azienda produttrice di Cablaggi e Quadri Elettrici\",\"publisher\":{\"@id\":\"https:\\\/\\\/www.errebi-group.com\\\/es#organization\"},\"potentialAction\":[{\"@type\":\"SearchAction\",\"target\":{\"@type\":\"EntryPoint\",\"urlTemplate\":\"https:\\\/\\\/www.errebi-group.com\\\/es?s={search_term_string}\"},\"query-input\":{\"@type\":\"PropertyValueSpecification\",\"valueRequired\":true,\"valueName\":\"search_term_string\"}}],\"inLanguage\":\"es\"},{\"@type\":\"Organization\",\"@id\":\"https:\\\/\\\/www.errebi-group.com\\\/es#organization\",\"name\":\"Errebi Group\",\"url\":\"https:\\\/\\\/www.errebi-group.com\\\/es\",\"logo\":{\"@type\":\"ImageObject\",\"inLanguage\":\"es\",\"@id\":\"https:\\\/\\\/www.errebi-group.com\\\/es#\\\/schema\\\/logo\\\/image\\\/\",\"url\":\"https:\\\/\\\/www.errebi-group.com\\\/wp-content\\\/uploads\\\/2025\\\/04\\\/logo-errebi-group-payoff-white-website.png\",\"contentUrl\":\"https:\\\/\\\/www.errebi-group.com\\\/wp-content\\\/uploads\\\/2025\\\/04\\\/logo-errebi-group-payoff-white-website.png\",\"width\":610,\"height\":100,\"caption\":\"Errebi Group\"},\"image\":{\"@id\":\"https:\\\/\\\/www.errebi-group.com\\\/es#\\\/schema\\\/logo\\\/image\\\/\"},\"sameAs\":[\"https:\\\/\\\/www.facebook.com\\\/errebigroupsrl\",\"https:\\\/\\\/www.instagram.com\\\/errebi.group?igsh=cGNzN3FpcDFqNm1i\",\"https:\\\/\\\/www.linkedin.com\\\/company\\\/errebigroup\\\/?originalSubdomain=it\",\"https:\\\/\\\/www.youtube.com\\\/@errebigroup\"]}]}<\/script>\n<!-- \/ Yoast SEO plugin. -->","yoast_head_json":{"title":"Dise\u00f1o de cableados personalizados y soluciones a medida","description":"La personalizaci\u00f3n del servicio de cableado no se queda en el asesoramiento y apoyo en la elecci\u00f3n de los componentes adecuados, sino que se planifica a partir del dise\u00f1o y de la fabricaci\u00f3n del...","robots":{"index":"index","follow":"follow","max-snippet":"max-snippet:-1","max-image-preview":"max-image-preview:large","max-video-preview":"max-video-preview:-1"},"canonical":"https:\/\/www.errebi-group.com\/es\/diseno-personalizados","og_locale":"es_ES","og_type":"article","og_title":"Dise\u00f1o de cableados personalizados y soluciones a medida","og_description":"La personalizaci\u00f3n del servicio de cableado no se queda en el asesoramiento y apoyo en la elecci\u00f3n de los componentes adecuados, sino que se planifica a partir del dise\u00f1o y de la fabricaci\u00f3n del...","og_url":"https:\/\/www.errebi-group.com\/es\/diseno-personalizados","og_site_name":"ErreBi Group","article_publisher":"https:\/\/www.facebook.com\/errebigroupsrl","article_modified_time":"2025-09-29T14:27:05+00:00","og_image":[{"width":1920,"height":1080,"url":"https:\/\/www.errebi-group.com\/wp-content\/uploads\/2025\/04\/progettazione-cablaggi-servizi-errebi-group-hero-section.webp","type":"image\/webp"}],"twitter_card":"summary_large_image","twitter_misc":{"Tiempo de lectura":"7 minutos"},"schema":{"@context":"https:\/\/schema.org","@graph":[{"@type":"WebPage","@id":"https:\/\/www.errebi-group.com\/es\/diseno-personalizados","url":"https:\/\/www.errebi-group.com\/es\/diseno-personalizados","name":"Dise\u00f1o de cableados personalizados y soluciones a medida","isPartOf":{"@id":"https:\/\/www.errebi-group.com\/es#website"},"primaryImageOfPage":{"@id":"https:\/\/www.errebi-group.com\/es\/diseno-personalizados#primaryimage"},"image":{"@id":"https:\/\/www.errebi-group.com\/es\/diseno-personalizados#primaryimage"},"thumbnailUrl":"https:\/\/www.errebi-group.com\/wp-content\/uploads\/2025\/04\/progettazione-cablaggi-servizi-errebi-group-hero-section.webp","datePublished":"2025-04-28T09:50:49+00:00","dateModified":"2025-09-29T14:27:05+00:00","description":"La personalizaci\u00f3n del servicio de cableado no se queda en el asesoramiento y apoyo en la elecci\u00f3n de los componentes adecuados, sino que se planifica a partir del dise\u00f1o y de la fabricaci\u00f3n del...","breadcrumb":{"@id":"https:\/\/www.errebi-group.com\/es\/diseno-personalizados#breadcrumb"},"inLanguage":"es","potentialAction":[{"@type":"ReadAction","target":["https:\/\/www.errebi-group.com\/es\/diseno-personalizados"]}]},{"@type":"ImageObject","inLanguage":"es","@id":"https:\/\/www.errebi-group.com\/es\/diseno-personalizados#primaryimage","url":"https:\/\/www.errebi-group.com\/wp-content\/uploads\/2025\/04\/progettazione-cablaggi-servizi-errebi-group-hero-section.webp","contentUrl":"https:\/\/www.errebi-group.com\/wp-content\/uploads\/2025\/04\/progettazione-cablaggi-servizi-errebi-group-hero-section.webp","width":1920,"height":1080,"caption":"T\u00e9cnico mide la longitud de un cableado multicolor con extrema precisi\u00f3n"},{"@type":"BreadcrumbList","@id":"https:\/\/www.errebi-group.com\/es\/diseno-personalizados#breadcrumb","itemListElement":[{"@type":"ListItem","position":1,"name":"Home","item":"https:\/\/www.errebi-group.com\/es"},{"@type":"ListItem","position":2,"name":"Dise\u00f1o de cableados personalizados"}]},{"@type":"WebSite","@id":"https:\/\/www.errebi-group.com\/es#website","url":"https:\/\/www.errebi-group.com\/es","name":"Errebi Group - Azienda produttrice di Cablaggi e Quadri Elettrici","description":"Azienda produttrice di Cablaggi e Quadri Elettrici","publisher":{"@id":"https:\/\/www.errebi-group.com\/es#organization"},"potentialAction":[{"@type":"SearchAction","target":{"@type":"EntryPoint","urlTemplate":"https:\/\/www.errebi-group.com\/es?s={search_term_string}"},"query-input":{"@type":"PropertyValueSpecification","valueRequired":true,"valueName":"search_term_string"}}],"inLanguage":"es"},{"@type":"Organization","@id":"https:\/\/www.errebi-group.com\/es#organization","name":"Errebi Group","url":"https:\/\/www.errebi-group.com\/es","logo":{"@type":"ImageObject","inLanguage":"es","@id":"https:\/\/www.errebi-group.com\/es#\/schema\/logo\/image\/","url":"https:\/\/www.errebi-group.com\/wp-content\/uploads\/2025\/04\/logo-errebi-group-payoff-white-website.png","contentUrl":"https:\/\/www.errebi-group.com\/wp-content\/uploads\/2025\/04\/logo-errebi-group-payoff-white-website.png","width":610,"height":100,"caption":"Errebi Group"},"image":{"@id":"https:\/\/www.errebi-group.com\/es#\/schema\/logo\/image\/"},"sameAs":["https:\/\/www.facebook.com\/errebigroupsrl","https:\/\/www.instagram.com\/errebi.group?igsh=cGNzN3FpcDFqNm1i","https:\/\/www.linkedin.com\/company\/errebigroup\/?originalSubdomain=it","https:\/\/www.youtube.com\/@errebigroup"]}]}},"_links":{"self":[{"href":"https:\/\/www.errebi-group.com\/es\/wp-json\/wp\/v2\/pages\/1885","targetHints":{"allow":["GET"]}}],"collection":[{"href":"https:\/\/www.errebi-group.com\/es\/wp-json\/wp\/v2\/pages"}],"about":[{"href":"https:\/\/www.errebi-group.com\/es\/wp-json\/wp\/v2\/types\/page"}],"author":[{"embeddable":true,"href":"https:\/\/www.errebi-group.com\/es\/wp-json\/wp\/v2\/users\/1"}],"replies":[{"embeddable":true,"href":"https:\/\/www.errebi-group.com\/es\/wp-json\/wp\/v2\/comments?post=1885"}],"version-history":[{"count":2,"href":"https:\/\/www.errebi-group.com\/es\/wp-json\/wp\/v2\/pages\/1885\/revisions"}],"predecessor-version":[{"id":2439,"href":"https:\/\/www.errebi-group.com\/es\/wp-json\/wp\/v2\/pages\/1885\/revisions\/2439"}],"wp:featuredmedia":[{"embeddable":true,"href":"https:\/\/www.errebi-group.com\/es\/wp-json\/wp\/v2\/media\/1737"}],"wp:attachment":[{"href":"https:\/\/www.errebi-group.com\/es\/wp-json\/wp\/v2\/media?parent=1885"}],"curies":[{"name":"wp","href":"https:\/\/api.w.org\/{rel}","templated":true}]}}