{"id":1889,"date":"2025-04-28T09:55:51","date_gmt":"2025-04-28T09:55:51","guid":{"rendered":"https:\/\/www.errebi-group.com\/servicio-de-impresion-en-3d\/"},"modified":"2025-09-29T14:23:30","modified_gmt":"2025-09-29T14:23:30","slug":"impresion-en-3d","status":"publish","type":"page","link":"https:\/\/www.errebi-group.com\/es\/impresion-en-3d","title":{"rendered":"servicio de impresi\u00f3n en 3d"},"content":{"rendered":"<p>El <strong>servicio de impresi\u00f3n en 3D<\/strong> permite crear objetos reales a partir de un <strong>modelo digital<\/strong>, obtenido gracias al uso de software determinados.<\/p>\n<p><strong>Estos softwares permiten personalizar los diferentes par\u00e1metros necesarios para la impresi\u00f3n <\/strong>con el fin de realizar un objeto en funci\u00f3n de sus caracter\u00edsticas espec\u00edficas.<\/p>\n<p>El proceso de creaci\u00f3n se denomina \u00ab<strong>fabricaci\u00f3n aditiva<\/strong>\u00bb (por oposici\u00f3n a la \u00abfabricaci\u00f3n sustractiva\u00bb) y consiste en a\u00f1adir una a una todas las capas que conforman el modelo a realizar.<\/p>\n<p><strong>La impresi\u00f3n en 3D<\/strong> tambi\u00e9n se denomina \u00ab<strong>prototipado r\u00e1pido<\/strong>\u00bb justamente porque permite obtener prototipos muy detallados de manera m\u00e1s bien r\u00e1pida con respecto a las t\u00e9cnicas tradicionales.<\/p>\n<div style=\"height: 48px;\"><\/div>\n<h2>Cu\u00e1les son los tipos de componentes<\/h2>\n<p><strong>Los componentes utilizados para las impresoras 3D pueden ser de diversos tipos<\/strong>, diferenci\u00e1ndose seg\u00fan la naturaleza del material.<\/p>\n<p>Por ejemplo, tenemos:<\/p>\n<ul>\n<li><strong>Materiales r\u00edgidos opacos <\/strong>(por ejemplo: PLA o PLA+, ABS o ABS+ y nailon): estos productos pueden recibir luego un segundo tratamiento mediante operaciones de acabado, abrillantado o barnizado;<\/li>\n<li><strong>Materiales resistentes a las altas temperaturas<\/strong>: este tipo de componentes garantizan excelentes rendimientos, incluso cuando se someten a elevados cambios de temperatura.<\/li>\n<li><strong>Materiales transparentes<\/strong>: ideales para crear prototipos con materiales que recuerden al vidrio lo m\u00e1s posible por su transparencia y consistencia.<\/li>\n<li><strong>Materiales el\u00e1sticos<\/strong>: la elasticidad y la resistencia a las tensiones mec\u00e1nicas tambi\u00e9n son una caracter\u00edstica importante, que puede requerirse para prototipos en condiciones particulares. En este caso, se suelen utilizar resinas el\u00e1sticas adecuadas a este objetivo.<\/li>\n<li><strong>Materiales biocompatibles<\/strong>: son componentes indispensables sobre todo en los \u00e1mbitos m\u00e9dico y alimentario, para los cuales se deben cumplir estrictas normas de seguridad.<\/li>\n<li><strong>Materiales met\u00e1licos<\/strong>: gracias a las impresoras 3D se pueden obtener componentes realizados mediante el uso de un polvo particular, que sirve de base para el prototipado de productos finales met\u00e1licos.<\/li>\n<\/ul>\n<div style=\"height: 48px;\"><\/div>\n<h2>Ventajas del prototipado mediante impresi\u00f3n en 3D<\/h2>\n<p><strong>Las ventajas de la impresi\u00f3n en 3D son m\u00faltiples<\/strong>, pero las m\u00e1s significativas, sin lugar a duda, son:<\/p>\n<ul>\n<li><strong>exactitud y precisi\u00f3n en la creaci\u00f3n de prototipos de cualquier dimensi\u00f3n<\/strong>, caracter\u00edstica especialmente \u00fatil en aquellos productos de talla reducida, dif\u00edciles de realizar artesanalmente o mediante otras tecnolog\u00edas;<\/li>\n<li><strong>tiempos de elaboraci\u00f3n relativamente breves<\/strong> y <strong>disminuci\u00f3n de los costes de fabricaci\u00f3n<\/strong>;<\/li>\n<li><strong>relativa facilidad de uso de la maquinaria<\/strong>.<\/li>\n<\/ul>\n<p>Por todos estos motivos, <strong>la impresi\u00f3n en 3D es, actualmente, un procedimiento cada vez m\u00e1s utilizado en much\u00edsimos sectores<\/strong>. Por ello, est\u00e1n creciendo <strong>las figuras especializadas en el desarrollo de este tipo de producci\u00f3n<\/strong>, que se actualiza constantemente mediante modificaciones e <strong>innovaciones que mejoran cada vez m\u00e1s el rendimiento y la precisi\u00f3n de los productos<\/strong>.<\/p>\n<div style=\"height: 48px;\"><\/div>\n<h2>Casu\u00edsticas de uso<\/h2>\n<p><strong>La elaboraci\u00f3n de productos mediante el proceso de impresoras 3D<\/strong> ofrece numerosas ventajas y oportunidades respecto a las creaciones de prototipos con metodolog\u00edas tradicionales. <strong>Los prototipos y modelos 3D<\/strong> se utilizan en much\u00edsimos \u00e1mbitos, no solo en la producci\u00f3n de objetos de regalo o de dise\u00f1o personalizado, por lo que <strong>los cableados a partir de impresi\u00f3n 3D<\/strong> tienen infinidad de aplicaciones.<\/p>\n<p>Algunos de los sectores de uso podr\u00edan ser:<\/p>\n<ul>\n<li><strong>sector biom\u00e9dico<\/strong>: pr\u00f3tesis y tejidos espec\u00edficos<\/li>\n<li><strong>sector de la rob\u00f3tica y\/o automovil\u00edstico<\/strong>: prototipos o componentes a instalar en el interior de m\u00e1quinas o aparatos;<\/li>\n<li><strong>sector arquitect\u00f3nico<\/strong>: elaboraci\u00f3n de plantas estables en 3D, de edificios o partes de edificios.<\/li>\n<li><strong>sector art\u00edstico<\/strong>: en el caso de esculturas o instalaciones contempor\u00e1neas.<\/li>\n<\/ul>\n<div style=\"height: 48px;\"><\/div>\n<h2>Nuestra gesti\u00f3n del prototipado<\/h2>\n<p><strong>Gestionar el prototipado de una impresora 3D<\/strong> no es muy complicado, pero requiere mucha atenci\u00f3n, precisi\u00f3n y, sobre todo, <strong>un profundo conocimiento de cada paso de la elaboraci\u00f3n<\/strong>. Negligir uno de ellos o llevarlo a cabo sin demasiada atenci\u00f3n podr\u00eda, pues, poner en peligro el resultado final.<\/p>\n<p>En grandes l\u00edneas, el prototipado se gestiona de la siguiente manera: durante la primera fase se realiza el <strong>dise\u00f1o<\/strong>, a trav\u00e9s de un ordenador, del <strong>modelo digital que se desea imprimir<\/strong>. Para la elaboraci\u00f3n del modelo se suele utilizar <strong>un programa en particula<\/strong>r, por ejemplo, el Cad 3D. Seguidamente, el ordenador se conecta a la m\u00e1quina y <strong>se procede a enviar el archivo al software de la impresora<\/strong>. El software accede a los detalles y caracter\u00edsticas del modelo digital, <strong>garantizando la correcta impresi\u00f3n del prototipo<\/strong>.<\/p>\n<p>En este momento empieza el <strong>verdadero proceso de impresi\u00f3n<\/strong>: cada impresora 3D suele tener 3 ejes m\u00f3viles y un extrusor que deposita el material de impresi\u00f3n capa a capa. <strong>La duraci\u00f3n de este proceso puede variar <\/strong>seg\u00fan la <strong>complejidad del prototipo<\/strong> y del <strong>material utilizado<\/strong>.<\/p>\n","protected":false},"excerpt":{"rendered":"<p>El servicio de impresi\u00f3n en 3D permite crear objetos reales a partir de un modelo digital, obtenido gracias al uso de software determinados. Estos softwares permiten personalizar los diferentes par\u00e1metros necesarios para la impresi\u00f3n con el fin de realizar un objeto en funci\u00f3n de sus caracter\u00edsticas espec\u00edficas. El proceso de creaci\u00f3n se denomina \u00abfabricaci\u00f3n aditiva\u00bb [&hellip;]<\/p>\n","protected":false},"author":1,"featured_media":1741,"parent":0,"menu_order":0,"comment_status":"closed","ping_status":"closed","template":"","meta":{"footnotes":""},"class_list":["post-1889","page","type-page","status-publish","has-post-thumbnail","hentry"],"yoast_head":"<!-- This site is optimized with the Yoast SEO plugin v27.4 - https:\/\/yoast.com\/product\/yoast-seo-wordpress\/ -->\n<title>Impresi\u00f3n de modelos en 3D<\/title>\n<meta name=\"description\" content=\"El servicio de impresi\u00f3n en 3D permite crear objetos reales a partir de un modelo digital, obtenido gracias al uso de software determinados. Estos softwares permiten personalizar los diferentes...\" \/>\n<meta name=\"robots\" content=\"index, follow, max-snippet:-1, max-image-preview:large, max-video-preview:-1\" \/>\n<link rel=\"canonical\" href=\"https:\/\/www.errebi-group.com\/es\/impresion-en-3d\" \/>\n<meta property=\"og:locale\" content=\"es_ES\" \/>\n<meta property=\"og:type\" content=\"article\" \/>\n<meta property=\"og:title\" content=\"Impresi\u00f3n de modelos en 3D\" \/>\n<meta property=\"og:description\" content=\"El servicio de impresi\u00f3n en 3D permite crear objetos reales a partir de un modelo digital, obtenido gracias al uso de software determinados. Estos softwares permiten personalizar los diferentes...\" \/>\n<meta property=\"og:url\" content=\"https:\/\/www.errebi-group.com\/es\/impresion-en-3d\" \/>\n<meta property=\"og:site_name\" content=\"ErreBi Group\" \/>\n<meta property=\"article:publisher\" content=\"https:\/\/www.facebook.com\/errebigroupsrl\" \/>\n<meta property=\"article:modified_time\" content=\"2025-09-29T14:23:30+00:00\" \/>\n<meta property=\"og:image\" content=\"https:\/\/www.errebi-group.com\/wp-content\/uploads\/2025\/04\/stampa-3d-servizi-errebi-group-hero-section.webp\" \/>\n\t<meta property=\"og:image:width\" content=\"1920\" \/>\n\t<meta property=\"og:image:height\" content=\"1080\" \/>\n\t<meta property=\"og:image:type\" content=\"image\/webp\" \/>\n<meta name=\"twitter:card\" content=\"summary_large_image\" \/>\n<meta name=\"twitter:label1\" content=\"Tiempo de lectura\" \/>\n\t<meta name=\"twitter:data1\" content=\"5 minutos\" \/>\n<script type=\"application\/ld+json\" class=\"yoast-schema-graph\">{\"@context\":\"https:\\\/\\\/schema.org\",\"@graph\":[{\"@type\":\"WebPage\",\"@id\":\"https:\\\/\\\/www.errebi-group.com\\\/es\\\/impresion-en-3d\",\"url\":\"https:\\\/\\\/www.errebi-group.com\\\/es\\\/impresion-en-3d\",\"name\":\"Impresi\u00f3n de modelos en 3D\",\"isPartOf\":{\"@id\":\"https:\\\/\\\/www.errebi-group.com\\\/es#website\"},\"primaryImageOfPage\":{\"@id\":\"https:\\\/\\\/www.errebi-group.com\\\/es\\\/impresion-en-3d#primaryimage\"},\"image\":{\"@id\":\"https:\\\/\\\/www.errebi-group.com\\\/es\\\/impresion-en-3d#primaryimage\"},\"thumbnailUrl\":\"https:\\\/\\\/www.errebi-group.com\\\/wp-content\\\/uploads\\\/2025\\\/04\\\/stampa-3d-servizi-errebi-group-hero-section.webp\",\"datePublished\":\"2025-04-28T09:55:51+00:00\",\"dateModified\":\"2025-09-29T14:23:30+00:00\",\"description\":\"El servicio de impresi\u00f3n en 3D permite crear objetos reales a partir de un modelo digital, obtenido gracias al uso de software determinados. Estos softwares permiten personalizar los diferentes...\",\"breadcrumb\":{\"@id\":\"https:\\\/\\\/www.errebi-group.com\\\/es\\\/impresion-en-3d#breadcrumb\"},\"inLanguage\":\"es\",\"potentialAction\":[{\"@type\":\"ReadAction\",\"target\":[\"https:\\\/\\\/www.errebi-group.com\\\/es\\\/impresion-en-3d\"]}]},{\"@type\":\"ImageObject\",\"inLanguage\":\"es\",\"@id\":\"https:\\\/\\\/www.errebi-group.com\\\/es\\\/impresion-en-3d#primaryimage\",\"url\":\"https:\\\/\\\/www.errebi-group.com\\\/wp-content\\\/uploads\\\/2025\\\/04\\\/stampa-3d-servizi-errebi-group-hero-section.webp\",\"contentUrl\":\"https:\\\/\\\/www.errebi-group.com\\\/wp-content\\\/uploads\\\/2025\\\/04\\\/stampa-3d-servizi-errebi-group-hero-section.webp\",\"width\":1920,\"height\":1080,\"caption\":\"Impresora 3D en acci\u00f3n durante la realizaci\u00f3n de un componente pl\u00e1stico t\u00e9cnico\"},{\"@type\":\"BreadcrumbList\",\"@id\":\"https:\\\/\\\/www.errebi-group.com\\\/es\\\/impresion-en-3d#breadcrumb\",\"itemListElement\":[{\"@type\":\"ListItem\",\"position\":1,\"name\":\"Home\",\"item\":\"https:\\\/\\\/www.errebi-group.com\\\/es\"},{\"@type\":\"ListItem\",\"position\":2,\"name\":\"servicio de impresi\u00f3n en 3d\"}]},{\"@type\":\"WebSite\",\"@id\":\"https:\\\/\\\/www.errebi-group.com\\\/es#website\",\"url\":\"https:\\\/\\\/www.errebi-group.com\\\/es\",\"name\":\"Errebi Group - Azienda produttrice di Cablaggi e Quadri Elettrici\",\"description\":\"Azienda produttrice di Cablaggi e Quadri Elettrici\",\"publisher\":{\"@id\":\"https:\\\/\\\/www.errebi-group.com\\\/es#organization\"},\"potentialAction\":[{\"@type\":\"SearchAction\",\"target\":{\"@type\":\"EntryPoint\",\"urlTemplate\":\"https:\\\/\\\/www.errebi-group.com\\\/es?s={search_term_string}\"},\"query-input\":{\"@type\":\"PropertyValueSpecification\",\"valueRequired\":true,\"valueName\":\"search_term_string\"}}],\"inLanguage\":\"es\"},{\"@type\":\"Organization\",\"@id\":\"https:\\\/\\\/www.errebi-group.com\\\/es#organization\",\"name\":\"Errebi Group\",\"url\":\"https:\\\/\\\/www.errebi-group.com\\\/es\",\"logo\":{\"@type\":\"ImageObject\",\"inLanguage\":\"es\",\"@id\":\"https:\\\/\\\/www.errebi-group.com\\\/es#\\\/schema\\\/logo\\\/image\\\/\",\"url\":\"https:\\\/\\\/www.errebi-group.com\\\/wp-content\\\/uploads\\\/2025\\\/04\\\/logo-errebi-group-payoff-white-website.png\",\"contentUrl\":\"https:\\\/\\\/www.errebi-group.com\\\/wp-content\\\/uploads\\\/2025\\\/04\\\/logo-errebi-group-payoff-white-website.png\",\"width\":610,\"height\":100,\"caption\":\"Errebi Group\"},\"image\":{\"@id\":\"https:\\\/\\\/www.errebi-group.com\\\/es#\\\/schema\\\/logo\\\/image\\\/\"},\"sameAs\":[\"https:\\\/\\\/www.facebook.com\\\/errebigroupsrl\",\"https:\\\/\\\/www.instagram.com\\\/errebi.group?igsh=cGNzN3FpcDFqNm1i\",\"https:\\\/\\\/www.linkedin.com\\\/company\\\/errebigroup\\\/?originalSubdomain=it\",\"https:\\\/\\\/www.youtube.com\\\/@errebigroup\"]}]}<\/script>\n<!-- \/ Yoast SEO plugin. -->","yoast_head_json":{"title":"Impresi\u00f3n de modelos en 3D","description":"El servicio de impresi\u00f3n en 3D permite crear objetos reales a partir de un modelo digital, obtenido gracias al uso de software determinados. Estos softwares permiten personalizar los diferentes...","robots":{"index":"index","follow":"follow","max-snippet":"max-snippet:-1","max-image-preview":"max-image-preview:large","max-video-preview":"max-video-preview:-1"},"canonical":"https:\/\/www.errebi-group.com\/es\/impresion-en-3d","og_locale":"es_ES","og_type":"article","og_title":"Impresi\u00f3n de modelos en 3D","og_description":"El servicio de impresi\u00f3n en 3D permite crear objetos reales a partir de un modelo digital, obtenido gracias al uso de software determinados. Estos softwares permiten personalizar los diferentes...","og_url":"https:\/\/www.errebi-group.com\/es\/impresion-en-3d","og_site_name":"ErreBi Group","article_publisher":"https:\/\/www.facebook.com\/errebigroupsrl","article_modified_time":"2025-09-29T14:23:30+00:00","og_image":[{"width":1920,"height":1080,"url":"https:\/\/www.errebi-group.com\/wp-content\/uploads\/2025\/04\/stampa-3d-servizi-errebi-group-hero-section.webp","type":"image\/webp"}],"twitter_card":"summary_large_image","twitter_misc":{"Tiempo de lectura":"5 minutos"},"schema":{"@context":"https:\/\/schema.org","@graph":[{"@type":"WebPage","@id":"https:\/\/www.errebi-group.com\/es\/impresion-en-3d","url":"https:\/\/www.errebi-group.com\/es\/impresion-en-3d","name":"Impresi\u00f3n de modelos en 3D","isPartOf":{"@id":"https:\/\/www.errebi-group.com\/es#website"},"primaryImageOfPage":{"@id":"https:\/\/www.errebi-group.com\/es\/impresion-en-3d#primaryimage"},"image":{"@id":"https:\/\/www.errebi-group.com\/es\/impresion-en-3d#primaryimage"},"thumbnailUrl":"https:\/\/www.errebi-group.com\/wp-content\/uploads\/2025\/04\/stampa-3d-servizi-errebi-group-hero-section.webp","datePublished":"2025-04-28T09:55:51+00:00","dateModified":"2025-09-29T14:23:30+00:00","description":"El servicio de impresi\u00f3n en 3D permite crear objetos reales a partir de un modelo digital, obtenido gracias al uso de software determinados. Estos softwares permiten personalizar los diferentes...","breadcrumb":{"@id":"https:\/\/www.errebi-group.com\/es\/impresion-en-3d#breadcrumb"},"inLanguage":"es","potentialAction":[{"@type":"ReadAction","target":["https:\/\/www.errebi-group.com\/es\/impresion-en-3d"]}]},{"@type":"ImageObject","inLanguage":"es","@id":"https:\/\/www.errebi-group.com\/es\/impresion-en-3d#primaryimage","url":"https:\/\/www.errebi-group.com\/wp-content\/uploads\/2025\/04\/stampa-3d-servizi-errebi-group-hero-section.webp","contentUrl":"https:\/\/www.errebi-group.com\/wp-content\/uploads\/2025\/04\/stampa-3d-servizi-errebi-group-hero-section.webp","width":1920,"height":1080,"caption":"Impresora 3D en acci\u00f3n durante la realizaci\u00f3n de un componente pl\u00e1stico t\u00e9cnico"},{"@type":"BreadcrumbList","@id":"https:\/\/www.errebi-group.com\/es\/impresion-en-3d#breadcrumb","itemListElement":[{"@type":"ListItem","position":1,"name":"Home","item":"https:\/\/www.errebi-group.com\/es"},{"@type":"ListItem","position":2,"name":"servicio de impresi\u00f3n en 3d"}]},{"@type":"WebSite","@id":"https:\/\/www.errebi-group.com\/es#website","url":"https:\/\/www.errebi-group.com\/es","name":"Errebi Group - Azienda produttrice di Cablaggi e Quadri Elettrici","description":"Azienda produttrice di Cablaggi e Quadri Elettrici","publisher":{"@id":"https:\/\/www.errebi-group.com\/es#organization"},"potentialAction":[{"@type":"SearchAction","target":{"@type":"EntryPoint","urlTemplate":"https:\/\/www.errebi-group.com\/es?s={search_term_string}"},"query-input":{"@type":"PropertyValueSpecification","valueRequired":true,"valueName":"search_term_string"}}],"inLanguage":"es"},{"@type":"Organization","@id":"https:\/\/www.errebi-group.com\/es#organization","name":"Errebi Group","url":"https:\/\/www.errebi-group.com\/es","logo":{"@type":"ImageObject","inLanguage":"es","@id":"https:\/\/www.errebi-group.com\/es#\/schema\/logo\/image\/","url":"https:\/\/www.errebi-group.com\/wp-content\/uploads\/2025\/04\/logo-errebi-group-payoff-white-website.png","contentUrl":"https:\/\/www.errebi-group.com\/wp-content\/uploads\/2025\/04\/logo-errebi-group-payoff-white-website.png","width":610,"height":100,"caption":"Errebi Group"},"image":{"@id":"https:\/\/www.errebi-group.com\/es#\/schema\/logo\/image\/"},"sameAs":["https:\/\/www.facebook.com\/errebigroupsrl","https:\/\/www.instagram.com\/errebi.group?igsh=cGNzN3FpcDFqNm1i","https:\/\/www.linkedin.com\/company\/errebigroup\/?originalSubdomain=it","https:\/\/www.youtube.com\/@errebigroup"]}]}},"_links":{"self":[{"href":"https:\/\/www.errebi-group.com\/es\/wp-json\/wp\/v2\/pages\/1889","targetHints":{"allow":["GET"]}}],"collection":[{"href":"https:\/\/www.errebi-group.com\/es\/wp-json\/wp\/v2\/pages"}],"about":[{"href":"https:\/\/www.errebi-group.com\/es\/wp-json\/wp\/v2\/types\/page"}],"author":[{"embeddable":true,"href":"https:\/\/www.errebi-group.com\/es\/wp-json\/wp\/v2\/users\/1"}],"replies":[{"embeddable":true,"href":"https:\/\/www.errebi-group.com\/es\/wp-json\/wp\/v2\/comments?post=1889"}],"version-history":[{"count":2,"href":"https:\/\/www.errebi-group.com\/es\/wp-json\/wp\/v2\/pages\/1889\/revisions"}],"predecessor-version":[{"id":2433,"href":"https:\/\/www.errebi-group.com\/es\/wp-json\/wp\/v2\/pages\/1889\/revisions\/2433"}],"wp:featuredmedia":[{"embeddable":true,"href":"https:\/\/www.errebi-group.com\/es\/wp-json\/wp\/v2\/media\/1741"}],"wp:attachment":[{"href":"https:\/\/www.errebi-group.com\/es\/wp-json\/wp\/v2\/media?parent=1889"}],"curies":[{"name":"wp","href":"https:\/\/api.w.org\/{rel}","templated":true}]}}