{"id":1897,"date":"2025-04-28T10:06:53","date_gmt":"2025-04-28T10:06:53","guid":{"rendered":"https:\/\/www.errebi-group.com\/mecanizados\/"},"modified":"2025-07-02T08:51:02","modified_gmt":"2025-07-02T08:51:02","slug":"mecanizados","status":"publish","type":"page","link":"https:\/\/www.errebi-group.com\/es\/mecanizados","title":{"rendered":"Mecanizados"},"content":{"rendered":"<p><strong>La habilidad de nuestros expertos a la hora de identificar las necesidades espec\u00edficas del cliente y de implementar el cableado m\u00e1s adecuado a cada situaci\u00f3n<\/strong> va de la mano con nuestra capacidad de <strong>elaborar directamente en nuestras instalaciones los instrumentos, estructuras y componentes necesarios para realizar el servicio deseado<\/strong>. Efectivamente, <strong>somos especialistas en la fabricaci\u00f3n de muchas y variadas tipolog\u00edas de material<\/strong>, lo que nos permite crear y rematar, partiendo de la materia prima, todos los elementos indispensables para <strong><a href=\"https:\/\/www.errebi-group.com\/it\/produzione-cablaggi-elettrici\">la fabricaci\u00f3n de un cableado<\/a> que sea garant\u00eda de eficacia y calidad<\/strong>. <\/p>\n<div style=\"height: 48px;\"><\/div>\n<h2>Cu\u00e1les son nuestros tipos de fabricaci\u00f3n<\/h2>\n<p><strong>El \u201csecreto\u201d de una fabricaci\u00f3n capaz de dar vida a productos que tengan un buen rendimiento y durabilidad es<\/strong>, sin lugar a duda, <strong>la calidad de la materia prima,<\/strong> que nuestros expertos eligen cuidadosamente y seleccionan a cada momento seg\u00fan <strong>la funci\u00f3n espec\u00edfica<\/strong> para la que se necesite. Y es que cada material necesita un tratamiento diferente, del mismo modo que cada<strong> tipo de fabricaci\u00f3n cambia seg\u00fan el producto final desead<\/strong>o. <\/p>\n<p><strong>Se pueden realizar trabajos de corte con l\u00e1ser de materiales como el acero o pl\u00e1sticos<\/strong>, o bien de <strong>fresado<\/strong> cuando interviene la necesidad de aumentar el nivel de precisi\u00f3n en el acabado de instrumentos tanto de peque\u00f1as como de grandes dimensiones. El <strong>l\u00e1ser tambi\u00e9n se puede utilizar para realizar grabados<\/strong> y marcados, mientras que la <strong>fundici\u00f3n a presi\u00f3n<\/strong> es el ejemplo perfecto de c\u00f3mo una materia prima se puede descomponer y reconstruir para crear nuevos componentes. <\/p>\n<p>Todos estos trabajos se pueden realizar exclusivamente gracias a una maquinaria e <strong>instrumentos de \u00faltima generaci\u00f3n<\/strong>, manejados por <strong>personal especializado que recibe constantes actualizaciones sobre las nuevas t\u00e9cnicas de intervenci\u00f3n<\/strong>.<\/p>\n<div style=\"height: 48px;\"><\/div>\n<h2>Corte con l\u00e1ser<\/h2>\n<p>El <strong>corte con l\u00e1ser<\/strong> es un trabajo que permite, de manera r\u00e1pida y precisa, reducir materiales de grandes dimensiones, adapt\u00e1ndolos a cualquier necesidad espec\u00edfica. Gracias a este tipo de actividad se puede, por ejemplo, <strong>trabajar en planchas de distintos materiales,<\/strong> pudiendo realizar un posprocesado gracias a tratamientos t\u00e9rmicos o revestimientos. <\/p>\n<p>En resumen, pues, <strong>el corte con l\u00e1ser tiene la ventaja de poder personalizar la fabricaci\u00f3n seg\u00fan la materia prima<\/strong> y <strong>los acabados deseados, ofreciendo un trabajo preciso con tiempos particularmente reducidos<\/strong>.<\/p>\n<div style=\"height: 48px;\"><\/div>\n<h2>Fundici\u00f3n a presi\u00f3n<\/h2>\n<p>Mediante la <strong>fundici\u00f3n a presi\u00f3n<\/strong> se puede recoger la colada de un material fundido a alt\u00edsima temperatura, e inyectarlo en el interior de moldes para volverlo a modelar en funci\u00f3n del aparato que se desee obtener. La idea es <strong>descomponer la materia prima para reconstruirla bajo una nueva forma, aprovechando sus puntos fuertes<\/strong> y trasladando la calidad al nuevo producto. <\/p>\n<p>La fundici\u00f3n a presi\u00f3n tiene lugar dentro de <strong>\u201cislas\u201d en las cuales se trabaja a alt\u00edsimos niveles de temperatura y presi\u00f3n<\/strong>, mediante pasos graduales donde el metal, generalmente acero o aluminio, cambia de estado conservando sus caracter\u00edsticas intr\u00ednsecas.<\/p>\n<p>La ventaja principal de este tipo de fabricaci\u00f3n es, ciertamente, <strong>la posibilidad de obtener productos con formas bastante complejas que ofrezcan altos est\u00e1ndares de calidad<\/strong> y, sobre todo, un coeficiente de repetibilidad <strong>total gracias a la precisi\u00f3n de los moldes<\/strong> y a la atenci\u00f3n del personal en la verificaci\u00f3n de los niveles de presi\u00f3n y temperatura a lo largo de la fabricaci\u00f3n.<\/p>\n<div style=\"height: 48px;\"><\/div>\n<h2>Grabado L\u00e1ser<\/h2>\n<p>El uso de <strong>m\u00e1quinas l\u00e1ser <\/strong>no solo sirve para los trabajos de corte, sino tambi\u00e9n, y sobre todo, para actividades mucho m\u00e1s precisas y meticulosas. Se trata, verdaderamente, de un t<strong>rabajo de grabado<\/strong>, que puede realizarse en much\u00edsimas tipolog\u00edas de materiales. <\/p>\n<p><strong>La precisi\u00f3n y la atenci\u00f3n al detalle que proporciona el l\u00e1ser garantizan calidad y fiabilidad<\/strong>, caracter\u00edsticas indispensables para las actividades de <strong>ablaci\u00f3n, ennegrecimiento y viraje del color<\/strong>, pero tambi\u00e9n para la <strong>remoci\u00f3n y la carbonizaci\u00f3n<\/strong>.<\/p>\n<p>Entre los trabajos m\u00e1s solicitados se encuentra, tambi\u00e9n, el <strong>marcado de etiquetas<\/strong>, que puede realizarse tanto en materiales de metal como de pl\u00e1stico.<\/p>\n<div style=\"height: 48px;\"><\/div>\n<h2>Trabajos de fresado<\/h2>\n<p>El <strong>fresado<\/strong> se utiliza cuando necesitamos obtener <strong>una superficie determinada y bien definida a partir de una materia prima de origen<\/strong>. La fresadora, pues, remueve parte del material para pulirlo poco a poco hasta <strong>conseguir la forma y las dimensiones requeridas<\/strong>. <\/p>\n<p>Este trabajo necesita<strong> una gran calidad por parte de la m\u00e1quina y precisi\u00f3n por parte de quien la utiliza<\/strong>, ya que, para conseguir el objetivo establecido, hay que configurar y<strong> alinear tanto la velocidad de corte como el avance progresivo del material que hay que fresar<\/strong>.<\/p>\n<div style=\"height: 48px;\"><\/div>\n<h2>Por qu\u00e9 confiar en nosotros<\/h2>\n<p><strong>Experiencia, profesionalidad y disponibilidad<\/strong>: estas son las palabras que nos gu\u00edan y aseguran, en cualquier situaci\u00f3n, <strong>la calidad del servicio ofrecido<\/strong>. Escoger los cableados de <strong>ErreBi<\/strong> significa ponerse en manos de especialistas capaces no solo de <strong>identificar las necesidades exactas del cliente y de encontrar la soluci\u00f3n a sus problemas<\/strong>, sino tambi\u00e9n <strong>de escoger las materias primas y realizar ellos mismos los componentes necesarios para la intervenci\u00f3n<\/strong>, utilizando <strong>aparatos modernos para realizar trabajos siempre m\u00e1s r\u00e1pidos y precisos<\/strong>. <\/p>\n<p>En entornos como el del cableado, <strong>hacer las cosas por su cuenta<\/strong> casi nunca resulta provechoso, en cambio, <strong>escoger a quien es capaz de ejecutar un proyecto literalmente de la A a la Z<\/strong> representa una garant\u00eda de <strong>tranquilidad, calidad y ahorro<\/strong>.<\/p>\n","protected":false},"excerpt":{"rendered":"<p>La habilidad de nuestros expertos a la hora de identificar las necesidades espec\u00edficas del cliente y de implementar el cableado m\u00e1s adecuado a cada situaci\u00f3n va de la mano con nuestra capacidad de elaborar directamente en nuestras instalaciones los instrumentos, estructuras y componentes necesarios para realizar el servicio deseado. Efectivamente, somos especialistas en la fabricaci\u00f3n [&hellip;]<\/p>\n","protected":false},"author":1,"featured_media":1733,"parent":0,"menu_order":0,"comment_status":"closed","ping_status":"closed","template":"","meta":{"footnotes":""},"class_list":["post-1897","page","type-page","status-publish","has-post-thumbnail","hentry"],"yoast_head":"<!-- This site is optimized with the Yoast SEO plugin v27.4 - https:\/\/yoast.com\/product\/yoast-seo-wordpress\/ -->\n<title>Mecanizados, corte con l\u00e1ser, fresado y fundici\u00f3n a presi\u00f3n<\/title>\n<meta name=\"description\" content=\"La habilidad de nuestros expertos a la hora de identificar las necesidades espec\u00edficas del cliente y de implementar el cableado m\u00e1s adecuado a cada situaci\u00f3n va de la mano con nuestra capacidad de...\" \/>\n<meta name=\"robots\" content=\"index, follow, max-snippet:-1, max-image-preview:large, max-video-preview:-1\" \/>\n<link rel=\"canonical\" href=\"https:\/\/www.errebi-group.com\/es\/mecanizados\" \/>\n<meta property=\"og:locale\" content=\"es_ES\" \/>\n<meta property=\"og:type\" content=\"article\" \/>\n<meta property=\"og:title\" content=\"Mecanizados, corte con l\u00e1ser, fresado y fundici\u00f3n a presi\u00f3n\" \/>\n<meta property=\"og:description\" content=\"La habilidad de nuestros expertos a la hora de identificar las necesidades espec\u00edficas del cliente y de implementar el cableado m\u00e1s adecuado a cada situaci\u00f3n va de la mano con nuestra capacidad de...\" \/>\n<meta property=\"og:url\" content=\"https:\/\/www.errebi-group.com\/es\/mecanizados\" \/>\n<meta property=\"og:site_name\" content=\"ErreBi Group\" \/>\n<meta property=\"article:publisher\" content=\"https:\/\/www.facebook.com\/errebigroupsrl\" \/>\n<meta property=\"article:modified_time\" content=\"2025-07-02T08:51:02+00:00\" \/>\n<meta property=\"og:image\" content=\"https:\/\/www.errebi-group.com\/wp-content\/uploads\/2025\/04\/lavorazioni-meccaniche-servizi-errebi-group-hero-section.webp\" \/>\n\t<meta property=\"og:image:width\" content=\"1920\" \/>\n\t<meta property=\"og:image:height\" content=\"1080\" \/>\n\t<meta property=\"og:image:type\" content=\"image\/webp\" \/>\n<meta name=\"twitter:card\" content=\"summary_large_image\" \/>\n<meta name=\"twitter:label1\" content=\"Tiempo de lectura\" \/>\n\t<meta name=\"twitter:data1\" content=\"5 minutos\" \/>\n<script type=\"application\/ld+json\" class=\"yoast-schema-graph\">{\"@context\":\"https:\\\/\\\/schema.org\",\"@graph\":[{\"@type\":\"WebPage\",\"@id\":\"https:\\\/\\\/www.errebi-group.com\\\/es\\\/mecanizados\",\"url\":\"https:\\\/\\\/www.errebi-group.com\\\/es\\\/mecanizados\",\"name\":\"Mecanizados, corte con l\u00e1ser, fresado y fundici\u00f3n a presi\u00f3n\",\"isPartOf\":{\"@id\":\"https:\\\/\\\/www.errebi-group.com\\\/es#website\"},\"primaryImageOfPage\":{\"@id\":\"https:\\\/\\\/www.errebi-group.com\\\/es\\\/mecanizados#primaryimage\"},\"image\":{\"@id\":\"https:\\\/\\\/www.errebi-group.com\\\/es\\\/mecanizados#primaryimage\"},\"thumbnailUrl\":\"https:\\\/\\\/www.errebi-group.com\\\/wp-content\\\/uploads\\\/2025\\\/04\\\/lavorazioni-meccaniche-servizi-errebi-group-hero-section.webp\",\"datePublished\":\"2025-04-28T10:06:53+00:00\",\"dateModified\":\"2025-07-02T08:51:02+00:00\",\"description\":\"La habilidad de nuestros expertos a la hora de identificar las necesidades espec\u00edficas del cliente y de implementar el cableado m\u00e1s adecuado a cada situaci\u00f3n va de la mano con nuestra capacidad de...\",\"breadcrumb\":{\"@id\":\"https:\\\/\\\/www.errebi-group.com\\\/es\\\/mecanizados#breadcrumb\"},\"inLanguage\":\"es\",\"potentialAction\":[{\"@type\":\"ReadAction\",\"target\":[\"https:\\\/\\\/www.errebi-group.com\\\/es\\\/mecanizados\"]}]},{\"@type\":\"ImageObject\",\"inLanguage\":\"es\",\"@id\":\"https:\\\/\\\/www.errebi-group.com\\\/es\\\/mecanizados#primaryimage\",\"url\":\"https:\\\/\\\/www.errebi-group.com\\\/wp-content\\\/uploads\\\/2025\\\/04\\\/lavorazioni-meccaniche-servizi-errebi-group-hero-section.webp\",\"contentUrl\":\"https:\\\/\\\/www.errebi-group.com\\\/wp-content\\\/uploads\\\/2025\\\/04\\\/lavorazioni-meccaniche-servizi-errebi-group-hero-section.webp\",\"width\":1920,\"height\":1080,\"caption\":\"M\u00e1quina de corte por l\u00e1ser en funcionamiento durante un mecanizado de precisi\u00f3n\"},{\"@type\":\"BreadcrumbList\",\"@id\":\"https:\\\/\\\/www.errebi-group.com\\\/es\\\/mecanizados#breadcrumb\",\"itemListElement\":[{\"@type\":\"ListItem\",\"position\":1,\"name\":\"Home\",\"item\":\"https:\\\/\\\/www.errebi-group.com\\\/es\"},{\"@type\":\"ListItem\",\"position\":2,\"name\":\"Mecanizados\"}]},{\"@type\":\"WebSite\",\"@id\":\"https:\\\/\\\/www.errebi-group.com\\\/es#website\",\"url\":\"https:\\\/\\\/www.errebi-group.com\\\/es\",\"name\":\"Errebi Group - Azienda produttrice di Cablaggi e Quadri Elettrici\",\"description\":\"Azienda produttrice di Cablaggi e Quadri Elettrici\",\"publisher\":{\"@id\":\"https:\\\/\\\/www.errebi-group.com\\\/es#organization\"},\"potentialAction\":[{\"@type\":\"SearchAction\",\"target\":{\"@type\":\"EntryPoint\",\"urlTemplate\":\"https:\\\/\\\/www.errebi-group.com\\\/es?s={search_term_string}\"},\"query-input\":{\"@type\":\"PropertyValueSpecification\",\"valueRequired\":true,\"valueName\":\"search_term_string\"}}],\"inLanguage\":\"es\"},{\"@type\":\"Organization\",\"@id\":\"https:\\\/\\\/www.errebi-group.com\\\/es#organization\",\"name\":\"Errebi Group\",\"url\":\"https:\\\/\\\/www.errebi-group.com\\\/es\",\"logo\":{\"@type\":\"ImageObject\",\"inLanguage\":\"es\",\"@id\":\"https:\\\/\\\/www.errebi-group.com\\\/es#\\\/schema\\\/logo\\\/image\\\/\",\"url\":\"https:\\\/\\\/www.errebi-group.com\\\/wp-content\\\/uploads\\\/2025\\\/04\\\/logo-errebi-group-payoff-white-website.png\",\"contentUrl\":\"https:\\\/\\\/www.errebi-group.com\\\/wp-content\\\/uploads\\\/2025\\\/04\\\/logo-errebi-group-payoff-white-website.png\",\"width\":610,\"height\":100,\"caption\":\"Errebi Group\"},\"image\":{\"@id\":\"https:\\\/\\\/www.errebi-group.com\\\/es#\\\/schema\\\/logo\\\/image\\\/\"},\"sameAs\":[\"https:\\\/\\\/www.facebook.com\\\/errebigroupsrl\",\"https:\\\/\\\/www.instagram.com\\\/errebi.group?igsh=cGNzN3FpcDFqNm1i\",\"https:\\\/\\\/www.linkedin.com\\\/company\\\/errebigroup\\\/?originalSubdomain=it\",\"https:\\\/\\\/www.youtube.com\\\/@errebigroup\"]}]}<\/script>\n<!-- \/ Yoast SEO plugin. -->","yoast_head_json":{"title":"Mecanizados, corte con l\u00e1ser, fresado y fundici\u00f3n a presi\u00f3n","description":"La habilidad de nuestros expertos a la hora de identificar las necesidades espec\u00edficas del cliente y de implementar el cableado m\u00e1s adecuado a cada situaci\u00f3n va de la mano con nuestra capacidad de...","robots":{"index":"index","follow":"follow","max-snippet":"max-snippet:-1","max-image-preview":"max-image-preview:large","max-video-preview":"max-video-preview:-1"},"canonical":"https:\/\/www.errebi-group.com\/es\/mecanizados","og_locale":"es_ES","og_type":"article","og_title":"Mecanizados, corte con l\u00e1ser, fresado y fundici\u00f3n a presi\u00f3n","og_description":"La habilidad de nuestros expertos a la hora de identificar las necesidades espec\u00edficas del cliente y de implementar el cableado m\u00e1s adecuado a cada situaci\u00f3n va de la mano con nuestra capacidad de...","og_url":"https:\/\/www.errebi-group.com\/es\/mecanizados","og_site_name":"ErreBi Group","article_publisher":"https:\/\/www.facebook.com\/errebigroupsrl","article_modified_time":"2025-07-02T08:51:02+00:00","og_image":[{"width":1920,"height":1080,"url":"https:\/\/www.errebi-group.com\/wp-content\/uploads\/2025\/04\/lavorazioni-meccaniche-servizi-errebi-group-hero-section.webp","type":"image\/webp"}],"twitter_card":"summary_large_image","twitter_misc":{"Tiempo de lectura":"5 minutos"},"schema":{"@context":"https:\/\/schema.org","@graph":[{"@type":"WebPage","@id":"https:\/\/www.errebi-group.com\/es\/mecanizados","url":"https:\/\/www.errebi-group.com\/es\/mecanizados","name":"Mecanizados, corte con l\u00e1ser, fresado y fundici\u00f3n a presi\u00f3n","isPartOf":{"@id":"https:\/\/www.errebi-group.com\/es#website"},"primaryImageOfPage":{"@id":"https:\/\/www.errebi-group.com\/es\/mecanizados#primaryimage"},"image":{"@id":"https:\/\/www.errebi-group.com\/es\/mecanizados#primaryimage"},"thumbnailUrl":"https:\/\/www.errebi-group.com\/wp-content\/uploads\/2025\/04\/lavorazioni-meccaniche-servizi-errebi-group-hero-section.webp","datePublished":"2025-04-28T10:06:53+00:00","dateModified":"2025-07-02T08:51:02+00:00","description":"La habilidad de nuestros expertos a la hora de identificar las necesidades espec\u00edficas del cliente y de implementar el cableado m\u00e1s adecuado a cada situaci\u00f3n va de la mano con nuestra capacidad de...","breadcrumb":{"@id":"https:\/\/www.errebi-group.com\/es\/mecanizados#breadcrumb"},"inLanguage":"es","potentialAction":[{"@type":"ReadAction","target":["https:\/\/www.errebi-group.com\/es\/mecanizados"]}]},{"@type":"ImageObject","inLanguage":"es","@id":"https:\/\/www.errebi-group.com\/es\/mecanizados#primaryimage","url":"https:\/\/www.errebi-group.com\/wp-content\/uploads\/2025\/04\/lavorazioni-meccaniche-servizi-errebi-group-hero-section.webp","contentUrl":"https:\/\/www.errebi-group.com\/wp-content\/uploads\/2025\/04\/lavorazioni-meccaniche-servizi-errebi-group-hero-section.webp","width":1920,"height":1080,"caption":"M\u00e1quina de corte por l\u00e1ser en funcionamiento durante un mecanizado de precisi\u00f3n"},{"@type":"BreadcrumbList","@id":"https:\/\/www.errebi-group.com\/es\/mecanizados#breadcrumb","itemListElement":[{"@type":"ListItem","position":1,"name":"Home","item":"https:\/\/www.errebi-group.com\/es"},{"@type":"ListItem","position":2,"name":"Mecanizados"}]},{"@type":"WebSite","@id":"https:\/\/www.errebi-group.com\/es#website","url":"https:\/\/www.errebi-group.com\/es","name":"Errebi Group - Azienda produttrice di Cablaggi e Quadri Elettrici","description":"Azienda produttrice di Cablaggi e Quadri Elettrici","publisher":{"@id":"https:\/\/www.errebi-group.com\/es#organization"},"potentialAction":[{"@type":"SearchAction","target":{"@type":"EntryPoint","urlTemplate":"https:\/\/www.errebi-group.com\/es?s={search_term_string}"},"query-input":{"@type":"PropertyValueSpecification","valueRequired":true,"valueName":"search_term_string"}}],"inLanguage":"es"},{"@type":"Organization","@id":"https:\/\/www.errebi-group.com\/es#organization","name":"Errebi Group","url":"https:\/\/www.errebi-group.com\/es","logo":{"@type":"ImageObject","inLanguage":"es","@id":"https:\/\/www.errebi-group.com\/es#\/schema\/logo\/image\/","url":"https:\/\/www.errebi-group.com\/wp-content\/uploads\/2025\/04\/logo-errebi-group-payoff-white-website.png","contentUrl":"https:\/\/www.errebi-group.com\/wp-content\/uploads\/2025\/04\/logo-errebi-group-payoff-white-website.png","width":610,"height":100,"caption":"Errebi Group"},"image":{"@id":"https:\/\/www.errebi-group.com\/es#\/schema\/logo\/image\/"},"sameAs":["https:\/\/www.facebook.com\/errebigroupsrl","https:\/\/www.instagram.com\/errebi.group?igsh=cGNzN3FpcDFqNm1i","https:\/\/www.linkedin.com\/company\/errebigroup\/?originalSubdomain=it","https:\/\/www.youtube.com\/@errebigroup"]}]}},"_links":{"self":[{"href":"https:\/\/www.errebi-group.com\/es\/wp-json\/wp\/v2\/pages\/1897","targetHints":{"allow":["GET"]}}],"collection":[{"href":"https:\/\/www.errebi-group.com\/es\/wp-json\/wp\/v2\/pages"}],"about":[{"href":"https:\/\/www.errebi-group.com\/es\/wp-json\/wp\/v2\/types\/page"}],"author":[{"embeddable":true,"href":"https:\/\/www.errebi-group.com\/es\/wp-json\/wp\/v2\/users\/1"}],"replies":[{"embeddable":true,"href":"https:\/\/www.errebi-group.com\/es\/wp-json\/wp\/v2\/comments?post=1897"}],"version-history":[{"count":1,"href":"https:\/\/www.errebi-group.com\/es\/wp-json\/wp\/v2\/pages\/1897\/revisions"}],"predecessor-version":[{"id":2245,"href":"https:\/\/www.errebi-group.com\/es\/wp-json\/wp\/v2\/pages\/1897\/revisions\/2245"}],"wp:featuredmedia":[{"embeddable":true,"href":"https:\/\/www.errebi-group.com\/es\/wp-json\/wp\/v2\/media\/1733"}],"wp:attachment":[{"href":"https:\/\/www.errebi-group.com\/es\/wp-json\/wp\/v2\/media?parent=1897"}],"curies":[{"name":"wp","href":"https:\/\/api.w.org\/{rel}","templated":true}]}}