{"id":1909,"date":"2025-04-28T14:04:54","date_gmt":"2025-04-28T14:04:54","guid":{"rendered":"https:\/\/www.errebi-group.com\/cableados-y-componentes-electricos-para-el-sector-del-automovil\/"},"modified":"2025-09-29T14:33:10","modified_gmt":"2025-09-29T14:33:10","slug":"automovil","status":"publish","type":"page","link":"https:\/\/www.errebi-group.com\/es\/automovil","title":{"rendered":"Cableados y componentes el\u00e9ctricos para el sector del autom\u00f3vil"},"content":{"rendered":"<p>El objetivo principal del <strong>sector del autom\u00f3vil<\/strong> en lo que ata\u00f1e a cableados es <strong>minimizar el coste de los componentes<\/strong> y mantener, al mismo tiempo, <strong>un nivel de fiabilidad muy elevado del producto<\/strong>, desarrollando montajes con rapidez y asegurando que su rendimiento concuerde con el del veh\u00edculo.<\/p>\n<p>Para alcanzar estos objetivos se precisan <strong>profundas competencias<\/strong> en el \u00e1mbito del desarrollo, del dise\u00f1o y de la instalaci\u00f3n de los componentes espec\u00edficos para este sector, caracter\u00edstica distintiva de nuestro personal: no basta con saber gestionar los problemas ligados al cableado, sino que tambi\u00e9n hay que <strong>enfocarse en el cuadro general<\/strong>, comprendiendo todos los detalles del panorama del sector del autom\u00f3vil y encontrando soluciones adecuadas para cada una de las cuestiones que puedan surgir a cada momento.<\/p>\n<div style=\"height: 48px;\"><\/div>\n<h2>Caracter\u00edsticas del sector del autom\u00f3vil<\/h2>\n<p>Los componentes de los cableados del <strong>sector del autom\u00f3vil<\/strong> deben, necesariamente, cumplir con las normas <strong>ISO 6277<\/strong>, <strong>ser resistentes a las vibraciones, a los derrapes, a los agentes atmosf\u00e9ricos<\/strong> y, si hiciera falta, contar con un \u00edndice de <strong>protecci\u00f3n IP68<\/strong>.<\/p>\n<p>por este motivo, <strong>la selecci\u00f3n de los materiales es fundamental<\/strong> para conseguir alcanzar los objetivos establecidos, permitiendo, al mismo tiempo, un buen rendimiento, resistencia y tambi\u00e9n facilidad de instalaci\u00f3n.<\/p>\n<p>Ejemplo de ello ser\u00eda la calidad del tubo <strong>termorretr\u00e1ctil<\/strong>, que debe ser capaz de brindar a las conexiones una protecci\u00f3n contra la humedad y la corrosi\u00f3n, resistiendo al mismo tiempo a aceites y fluidos; lo mismo puede decirse de las <strong>fundas trenzadas<\/strong> o de los <strong>tubos corrugados<\/strong> utilizados para proteger las partes m\u00e1s delicadas, que por su elasticidad y resistencia constituyen una protecci\u00f3n excepcional contra las abrasiones.<\/p>\n<div style=\"height: 48px;\"><\/div>\n<h2>Dise\u00f1o personalizado<\/h2>\n<p>Como en todos nuestros sectores de trabajo, tambi\u00e9n ofrecemos un <strong>servicio de <a href=\"https:\/\/www.errebi-group.com\/it\/progettazione-cablaggi\">planificaci\u00f3n personalizado de cableados<\/a> y <a href=\"https:\/\/www.errebi-group.com\/it\/assemblaggi-elettromeccanici\">montajes<\/a> <\/strong>en el <strong>campo del autom\u00f3vil<\/strong>, intentando satisfacer las necesidades del cliente y adaptar lo m\u00e1s posible nuestro trabajo a su solicitud.<\/p>\n<p>Antes de dise\u00f1ar y <a href=\"https:\/\/www.errebi-group.com\/it\/produzione-cablaggi-elettrici\">fabricar un cableado<\/a> que se adapte a las necesidades de nuestro cliente, <strong>nuestros t\u00e9cnicos visitan<\/strong> el lugar para conocer en detalle la maquinaria a cablear, los espacios de trabajo y las eventuales necesidades de una <strong>estructura de soporte<\/strong>, para identificar luego c\u00f3mo deber\u00eda ser el producto espec\u00edfico a instalar.<\/p>\n<p>Este tr\u00e1mite acelera indudablemente el proceso de producci\u00f3n, de manera que el cliente recibe un servicio perfectamente acorde con sus necesidades, ayud\u00e1ndolo a reducir, por consiguiente, tanto los <strong>tiempos <\/strong>como <strong>los costes de fabricaci\u00f3n<\/strong>.<\/p>\n<div style=\"height: 48px;\"><\/div>\n<h2>Asesoramiento espec\u00edfico<\/h2>\n<p>En un <strong>sector como el autom\u00f3vil<\/strong>, a menudo puede ser complicado entender por uno mismo cu\u00e1l ser\u00eda la tipolog\u00eda de cableado ideal para la maquinaria o para las funciones requeridas, m\u00e1s a\u00fan si el producto que se necesita es un <strong>montaje especialmente complejo<\/strong>.<\/p>\n<p>Para sortear este tipo de problem\u00e1tica, nuestros expertos ofrecen a diario a nuestros clientes sus conocimientos mediante un servicio de <strong>asesoramiento<\/strong> destinado a encontrar el producto adecuado para cada funci\u00f3n espec\u00edfica y aconsejar, si fuera necesario, la <strong>estructura m\u00e1s conveniente<\/strong> para su aplicaci\u00f3n.<\/p>\n<p>El objetivo es, claramente, <strong>ponerse en situaci\u00f3n lo m\u00e1s r\u00e1pidamente <\/strong>posible y encontrar la soluci\u00f3n m\u00e1s eficaz a todas las dudas, que pueda <strong>garantizar al cliente un servicio satisfactorio capaz de optimizar, al mismo tiempo<\/strong>, la <strong>relaci\u00f3n calidad-precio<\/strong>.<\/p>\n<div style=\"height: 48px;\"><\/div>\n<h2>Asistencia espec\u00edfica<\/h2>\n<p>El <strong>servicio de asistencia<\/strong> se ofrece en todos nuestros sectores de intervenci\u00f3n y, por tanto, tambi\u00e9n en un sector como la <strong>autom\u00f3vil<\/strong>, a menudo puede ser complicado entender por uno mismo cu\u00e1l ser\u00eda la tipolog\u00eda de cableado ideal para la maquinaria o para las funciones requeridas, m\u00e1s a\u00fan si el producto que se necesita es un montaje . Nuestros t\u00e9cnicos proporcionan <strong><a href=\"https:\/\/www.errebi-group.com\/it\/consulenza\">asistencia espec\u00edfica para todos los cableados<\/a><\/strong> y montajes instalados, analizando a cada momento la problem\u00e1tica e interviniendo de manera espec\u00edfica una vez identificado el fallo. <strong>Las intervenciones pueden realizarse sobre la totalidad del ensamblaje<\/strong> o <strong>sobre un solo cable<\/strong>, que se puede detectar y sustituir a tiempo con el fin de que la maquinaria vuelva a estar operativa lo antes posible. Las competencias de nuestros expertos abarcan todos los sectores de nuestra empresa, permiti\u00e9ndoles no solo entender los problemas m\u00e1s complejos, sino tambi\u00e9n percatarse de cada peque\u00f1o detalle vinculado con un campo espec\u00edfico.<\/p>\n","protected":false},"excerpt":{"rendered":"<p>El objetivo principal del sector del autom\u00f3vil en lo que ata\u00f1e a cableados es minimizar el coste de los componentes y mantener, al mismo tiempo, un nivel de fiabilidad muy elevado del producto, desarrollando montajes con rapidez y asegurando que su rendimiento concuerde con el del veh\u00edculo. Para alcanzar estos objetivos se precisan profundas competencias [&hellip;]<\/p>\n","protected":false},"author":1,"featured_media":1657,"parent":0,"menu_order":0,"comment_status":"closed","ping_status":"closed","template":"","meta":{"footnotes":""},"class_list":["post-1909","page","type-page","status-publish","has-post-thumbnail","hentry"],"yoast_head":"<!-- This site is optimized with the Yoast SEO plugin v27.4 - https:\/\/yoast.com\/product\/yoast-seo-wordpress\/ -->\n<title>Cableados para el sector del autom\u00f3vil, cables y componentes el\u00e9ctricos<\/title>\n<meta name=\"description\" content=\"El objetivo principal del sector del autom\u00f3vil en lo que ata\u00f1e a cableados es minimizar el coste de los componentes y mantener, al mismo tiempo, un nivel de fiabilidad muy elevado del producto...\" \/>\n<meta name=\"robots\" content=\"index, follow, max-snippet:-1, max-image-preview:large, max-video-preview:-1\" \/>\n<link rel=\"canonical\" href=\"https:\/\/www.errebi-group.com\/es\/automovil\" \/>\n<meta property=\"og:locale\" content=\"es_ES\" \/>\n<meta property=\"og:type\" content=\"article\" \/>\n<meta property=\"og:title\" content=\"Cableados para el sector del autom\u00f3vil, cables y componentes el\u00e9ctricos\" \/>\n<meta property=\"og:description\" content=\"El objetivo principal del sector del autom\u00f3vil en lo que ata\u00f1e a cableados es minimizar el coste de los componentes y mantener, al mismo tiempo, un nivel de fiabilidad muy elevado del producto...\" \/>\n<meta property=\"og:url\" content=\"https:\/\/www.errebi-group.com\/es\/automovil\" \/>\n<meta property=\"og:site_name\" content=\"ErreBi Group\" \/>\n<meta property=\"article:publisher\" content=\"https:\/\/www.facebook.com\/errebigroupsrl\" \/>\n<meta property=\"article:modified_time\" content=\"2025-09-29T14:33:10+00:00\" \/>\n<meta property=\"og:image\" content=\"https:\/\/www.errebi-group.com\/wp-content\/uploads\/2025\/04\/automotive-campo-di-impiego-errebi-group-hero-section.webp\" \/>\n\t<meta property=\"og:image:width\" content=\"1920\" \/>\n\t<meta property=\"og:image:height\" content=\"1080\" \/>\n\t<meta property=\"og:image:type\" content=\"image\/webp\" \/>\n<meta name=\"twitter:card\" content=\"summary_large_image\" \/>\n<meta name=\"twitter:label1\" content=\"Tiempo de lectura\" \/>\n\t<meta name=\"twitter:data1\" content=\"4 minutos\" \/>\n<script type=\"application\/ld+json\" class=\"yoast-schema-graph\">{\"@context\":\"https:\\\/\\\/schema.org\",\"@graph\":[{\"@type\":\"WebPage\",\"@id\":\"https:\\\/\\\/www.errebi-group.com\\\/es\\\/automovil\",\"url\":\"https:\\\/\\\/www.errebi-group.com\\\/es\\\/automovil\",\"name\":\"Cableados para el sector del autom\u00f3vil, cables y componentes el\u00e9ctricos\",\"isPartOf\":{\"@id\":\"https:\\\/\\\/www.errebi-group.com\\\/es#website\"},\"primaryImageOfPage\":{\"@id\":\"https:\\\/\\\/www.errebi-group.com\\\/es\\\/automovil#primaryimage\"},\"image\":{\"@id\":\"https:\\\/\\\/www.errebi-group.com\\\/es\\\/automovil#primaryimage\"},\"thumbnailUrl\":\"https:\\\/\\\/www.errebi-group.com\\\/wp-content\\\/uploads\\\/2025\\\/04\\\/automotive-campo-di-impiego-errebi-group-hero-section.webp\",\"datePublished\":\"2025-04-28T14:04:54+00:00\",\"dateModified\":\"2025-09-29T14:33:10+00:00\",\"description\":\"El objetivo principal del sector del autom\u00f3vil en lo que ata\u00f1e a cableados es minimizar el coste de los componentes y mantener, al mismo tiempo, un nivel de fiabilidad muy elevado del producto...\",\"breadcrumb\":{\"@id\":\"https:\\\/\\\/www.errebi-group.com\\\/es\\\/automovil#breadcrumb\"},\"inLanguage\":\"es\",\"potentialAction\":[{\"@type\":\"ReadAction\",\"target\":[\"https:\\\/\\\/www.errebi-group.com\\\/es\\\/automovil\"]}]},{\"@type\":\"ImageObject\",\"inLanguage\":\"es\",\"@id\":\"https:\\\/\\\/www.errebi-group.com\\\/es\\\/automovil#primaryimage\",\"url\":\"https:\\\/\\\/www.errebi-group.com\\\/wp-content\\\/uploads\\\/2025\\\/04\\\/automotive-campo-di-impiego-errebi-group-hero-section.webp\",\"contentUrl\":\"https:\\\/\\\/www.errebi-group.com\\\/wp-content\\\/uploads\\\/2025\\\/04\\\/automotive-campo-di-impiego-errebi-group-hero-section.webp\",\"width\":1920,\"height\":1080,\"caption\":\"T\u00e9cnico que trabaja en la instalaci\u00f3n el\u00e9ctrica automotriz dentro del compartimiento de motor de un veh\u00edculo\"},{\"@type\":\"BreadcrumbList\",\"@id\":\"https:\\\/\\\/www.errebi-group.com\\\/es\\\/automovil#breadcrumb\",\"itemListElement\":[{\"@type\":\"ListItem\",\"position\":1,\"name\":\"Home\",\"item\":\"https:\\\/\\\/www.errebi-group.com\\\/es\"},{\"@type\":\"ListItem\",\"position\":2,\"name\":\"Cableados y componentes el\u00e9ctricos para el sector del autom\u00f3vil\"}]},{\"@type\":\"WebSite\",\"@id\":\"https:\\\/\\\/www.errebi-group.com\\\/es#website\",\"url\":\"https:\\\/\\\/www.errebi-group.com\\\/es\",\"name\":\"Errebi Group - Azienda produttrice di Cablaggi e Quadri Elettrici\",\"description\":\"Azienda produttrice di Cablaggi e Quadri Elettrici\",\"publisher\":{\"@id\":\"https:\\\/\\\/www.errebi-group.com\\\/es#organization\"},\"potentialAction\":[{\"@type\":\"SearchAction\",\"target\":{\"@type\":\"EntryPoint\",\"urlTemplate\":\"https:\\\/\\\/www.errebi-group.com\\\/es?s={search_term_string}\"},\"query-input\":{\"@type\":\"PropertyValueSpecification\",\"valueRequired\":true,\"valueName\":\"search_term_string\"}}],\"inLanguage\":\"es\"},{\"@type\":\"Organization\",\"@id\":\"https:\\\/\\\/www.errebi-group.com\\\/es#organization\",\"name\":\"Errebi Group\",\"url\":\"https:\\\/\\\/www.errebi-group.com\\\/es\",\"logo\":{\"@type\":\"ImageObject\",\"inLanguage\":\"es\",\"@id\":\"https:\\\/\\\/www.errebi-group.com\\\/es#\\\/schema\\\/logo\\\/image\\\/\",\"url\":\"https:\\\/\\\/www.errebi-group.com\\\/wp-content\\\/uploads\\\/2025\\\/04\\\/logo-errebi-group-payoff-white-website.png\",\"contentUrl\":\"https:\\\/\\\/www.errebi-group.com\\\/wp-content\\\/uploads\\\/2025\\\/04\\\/logo-errebi-group-payoff-white-website.png\",\"width\":610,\"height\":100,\"caption\":\"Errebi Group\"},\"image\":{\"@id\":\"https:\\\/\\\/www.errebi-group.com\\\/es#\\\/schema\\\/logo\\\/image\\\/\"},\"sameAs\":[\"https:\\\/\\\/www.facebook.com\\\/errebigroupsrl\",\"https:\\\/\\\/www.instagram.com\\\/errebi.group?igsh=cGNzN3FpcDFqNm1i\",\"https:\\\/\\\/www.linkedin.com\\\/company\\\/errebigroup\\\/?originalSubdomain=it\",\"https:\\\/\\\/www.youtube.com\\\/@errebigroup\"]}]}<\/script>\n<!-- \/ Yoast SEO plugin. -->","yoast_head_json":{"title":"Cableados para el sector del autom\u00f3vil, cables y componentes el\u00e9ctricos","description":"El objetivo principal del sector del autom\u00f3vil en lo que ata\u00f1e a cableados es minimizar el coste de los componentes y mantener, al mismo tiempo, un nivel de fiabilidad muy elevado del producto...","robots":{"index":"index","follow":"follow","max-snippet":"max-snippet:-1","max-image-preview":"max-image-preview:large","max-video-preview":"max-video-preview:-1"},"canonical":"https:\/\/www.errebi-group.com\/es\/automovil","og_locale":"es_ES","og_type":"article","og_title":"Cableados para el sector del autom\u00f3vil, cables y componentes el\u00e9ctricos","og_description":"El objetivo principal del sector del autom\u00f3vil en lo que ata\u00f1e a cableados es minimizar el coste de los componentes y mantener, al mismo tiempo, un nivel de fiabilidad muy elevado del producto...","og_url":"https:\/\/www.errebi-group.com\/es\/automovil","og_site_name":"ErreBi Group","article_publisher":"https:\/\/www.facebook.com\/errebigroupsrl","article_modified_time":"2025-09-29T14:33:10+00:00","og_image":[{"width":1920,"height":1080,"url":"https:\/\/www.errebi-group.com\/wp-content\/uploads\/2025\/04\/automotive-campo-di-impiego-errebi-group-hero-section.webp","type":"image\/webp"}],"twitter_card":"summary_large_image","twitter_misc":{"Tiempo de lectura":"4 minutos"},"schema":{"@context":"https:\/\/schema.org","@graph":[{"@type":"WebPage","@id":"https:\/\/www.errebi-group.com\/es\/automovil","url":"https:\/\/www.errebi-group.com\/es\/automovil","name":"Cableados para el sector del autom\u00f3vil, cables y componentes el\u00e9ctricos","isPartOf":{"@id":"https:\/\/www.errebi-group.com\/es#website"},"primaryImageOfPage":{"@id":"https:\/\/www.errebi-group.com\/es\/automovil#primaryimage"},"image":{"@id":"https:\/\/www.errebi-group.com\/es\/automovil#primaryimage"},"thumbnailUrl":"https:\/\/www.errebi-group.com\/wp-content\/uploads\/2025\/04\/automotive-campo-di-impiego-errebi-group-hero-section.webp","datePublished":"2025-04-28T14:04:54+00:00","dateModified":"2025-09-29T14:33:10+00:00","description":"El objetivo principal del sector del autom\u00f3vil en lo que ata\u00f1e a cableados es minimizar el coste de los componentes y mantener, al mismo tiempo, un nivel de fiabilidad muy elevado del producto...","breadcrumb":{"@id":"https:\/\/www.errebi-group.com\/es\/automovil#breadcrumb"},"inLanguage":"es","potentialAction":[{"@type":"ReadAction","target":["https:\/\/www.errebi-group.com\/es\/automovil"]}]},{"@type":"ImageObject","inLanguage":"es","@id":"https:\/\/www.errebi-group.com\/es\/automovil#primaryimage","url":"https:\/\/www.errebi-group.com\/wp-content\/uploads\/2025\/04\/automotive-campo-di-impiego-errebi-group-hero-section.webp","contentUrl":"https:\/\/www.errebi-group.com\/wp-content\/uploads\/2025\/04\/automotive-campo-di-impiego-errebi-group-hero-section.webp","width":1920,"height":1080,"caption":"T\u00e9cnico que trabaja en la instalaci\u00f3n el\u00e9ctrica automotriz dentro del compartimiento de motor de un veh\u00edculo"},{"@type":"BreadcrumbList","@id":"https:\/\/www.errebi-group.com\/es\/automovil#breadcrumb","itemListElement":[{"@type":"ListItem","position":1,"name":"Home","item":"https:\/\/www.errebi-group.com\/es"},{"@type":"ListItem","position":2,"name":"Cableados y componentes el\u00e9ctricos para el sector del autom\u00f3vil"}]},{"@type":"WebSite","@id":"https:\/\/www.errebi-group.com\/es#website","url":"https:\/\/www.errebi-group.com\/es","name":"Errebi Group - Azienda produttrice di Cablaggi e Quadri Elettrici","description":"Azienda produttrice di Cablaggi e Quadri Elettrici","publisher":{"@id":"https:\/\/www.errebi-group.com\/es#organization"},"potentialAction":[{"@type":"SearchAction","target":{"@type":"EntryPoint","urlTemplate":"https:\/\/www.errebi-group.com\/es?s={search_term_string}"},"query-input":{"@type":"PropertyValueSpecification","valueRequired":true,"valueName":"search_term_string"}}],"inLanguage":"es"},{"@type":"Organization","@id":"https:\/\/www.errebi-group.com\/es#organization","name":"Errebi Group","url":"https:\/\/www.errebi-group.com\/es","logo":{"@type":"ImageObject","inLanguage":"es","@id":"https:\/\/www.errebi-group.com\/es#\/schema\/logo\/image\/","url":"https:\/\/www.errebi-group.com\/wp-content\/uploads\/2025\/04\/logo-errebi-group-payoff-white-website.png","contentUrl":"https:\/\/www.errebi-group.com\/wp-content\/uploads\/2025\/04\/logo-errebi-group-payoff-white-website.png","width":610,"height":100,"caption":"Errebi Group"},"image":{"@id":"https:\/\/www.errebi-group.com\/es#\/schema\/logo\/image\/"},"sameAs":["https:\/\/www.facebook.com\/errebigroupsrl","https:\/\/www.instagram.com\/errebi.group?igsh=cGNzN3FpcDFqNm1i","https:\/\/www.linkedin.com\/company\/errebigroup\/?originalSubdomain=it","https:\/\/www.youtube.com\/@errebigroup"]}]}},"_links":{"self":[{"href":"https:\/\/www.errebi-group.com\/es\/wp-json\/wp\/v2\/pages\/1909","targetHints":{"allow":["GET"]}}],"collection":[{"href":"https:\/\/www.errebi-group.com\/es\/wp-json\/wp\/v2\/pages"}],"about":[{"href":"https:\/\/www.errebi-group.com\/es\/wp-json\/wp\/v2\/types\/page"}],"author":[{"embeddable":true,"href":"https:\/\/www.errebi-group.com\/es\/wp-json\/wp\/v2\/users\/1"}],"replies":[{"embeddable":true,"href":"https:\/\/www.errebi-group.com\/es\/wp-json\/wp\/v2\/comments?post=1909"}],"version-history":[{"count":2,"href":"https:\/\/www.errebi-group.com\/es\/wp-json\/wp\/v2\/pages\/1909\/revisions"}],"predecessor-version":[{"id":2449,"href":"https:\/\/www.errebi-group.com\/es\/wp-json\/wp\/v2\/pages\/1909\/revisions\/2449"}],"wp:featuredmedia":[{"embeddable":true,"href":"https:\/\/www.errebi-group.com\/es\/wp-json\/wp\/v2\/media\/1657"}],"wp:attachment":[{"href":"https:\/\/www.errebi-group.com\/es\/wp-json\/wp\/v2\/media?parent=1909"}],"curies":[{"name":"wp","href":"https:\/\/api.w.org\/{rel}","templated":true}]}}