{"id":1924,"date":"2025-04-28T10:25:15","date_gmt":"2025-04-28T10:25:15","guid":{"rendered":"https:\/\/www.errebi-group.com\/cableados-y-componentes-electricos-para-el-sector-de-la-autocaravana\/"},"modified":"2025-09-29T14:24:40","modified_gmt":"2025-09-29T14:24:40","slug":"autocaravanas","status":"publish","type":"page","link":"https:\/\/www.errebi-group.com\/es\/autocaravanas","title":{"rendered":"Cableados y componentes el\u00e9ctricos para el sector de la autocaravana"},"content":{"rendered":"<p><strong>Los cableados para el sector de la autocaravana<\/strong> incluyen todos <strong>los cables \u00fatiles para el buen funcionamiento de remolques<\/strong>, autocaravanas y otros veh\u00edculos recreativos.<\/p>\n<p>Se trata de una rama muy particular, <strong>que \u00faltimamente se halla en desarrollo y actualizaci\u00f3n constantes<\/strong>. Y es que cada vez son m\u00e1s los viajeros que eligen irse de <strong>vacaciones sobre cuatro ruedas<\/strong>, comprando o alquilando veh\u00edculos adecuados para realizar viajes m\u00e1s o menos exigentes.<\/p>\n<p><strong>Los cableados para el sector de la autocaravana<\/strong> constituyen un variado y numeroso conjunto: en efecto, aborda tanto los <strong><a href=\"https:\/\/www.errebi-group.com\/it\/automotive\">cableados relacionados con el veh\u00edculo<\/a><\/strong> como<strong> los cableados estrechamente ligados a <a href=\"https:\/\/www.errebi-group.com\/it\/settore-del-bianco\">los electrodom\u00e9sticos<\/a> y sensores de a bordo<\/strong>. Conocerlos y saber c\u00f3mo funcionan puede resultar muy \u00fatil para evitar imprevistos y dificultades durante el trayecto, disfrutando de cada nuevo viaje despreocupadamente.<\/p>\n<div style=\"height: 48px;\"><\/div>\n<h2>Caracter\u00edsticas del sector de la autocaravana<\/h2>\n<p>Como acabamos de explicar, <strong>los cableados para el sector de la autocaravana<\/strong> son infinitos y tienen <strong>diversas tipolog\u00edas<\/strong> de uso y funci\u00f3n. Entre ellas encontramos, sin lugar a duda, las m\u00e1s importantes<\/p>\n<ul>\n<li><strong>Cableados para bater\u00edas<\/strong><\/li>\n<li><strong>Cableados para iluminaci\u00f3n<\/strong> (fanales y luces internas)<\/li>\n<li><strong>Cableados para accesorios y electrodom\u00e9sticos<\/strong> (televisi\u00f3n, nevera, antirrobo, etc.)<\/li>\n<li><strong>Cableados para componentes adicionales<\/strong> (por ejemplo, paneles solares).<\/li>\n<\/ul>\n<p>Para elegir o sustituir cualquier tipo de cableado se recomienda, en caso de no poseer los conocimientos suficientes en la materia, acudir a un buen servicio de asistencia t\u00e9cnica y utilizar \u00fanicamente cableados certificados. Para ello, <strong>hemos elaborado un cat\u00e1logo completo<\/strong> y <strong>exhaustivo acompa\u00f1ado de especificaciones t\u00e9cnicas y de informaciones suplementarias<\/strong>.<\/p>\n<div style=\"height: 48px;\"><\/div>\n<h2>Dise\u00f1o personalizado<\/h2>\n<p>Como en todos nuestros sectores de trabajo, tambi\u00e9n ofrecemos<strong> un <a href=\"https:\/\/www.errebi-group.com\/it\/progettazione-cablaggio\">servicio de planificaci\u00f3n personalizado de cableados<\/a> y <a href=\"https:\/\/www.errebi-group.com\/it\/assemblaggi-elettromeccanici\">montajes<\/a><\/strong> en <strong>el campo de la autocaravana<\/strong>, intentando satisfacer las necesidades del cliente y adaptar lo m\u00e1s posible nuestro trabajo a su solicitud.<\/p>\n<p>Antes de dise\u00f1ar y <a href=\"https:\/\/www.errebi-group.com\/it\/produzione-cablaggi-elettrici\">fabricar un cableado<\/a> que se adapte a las necesidades de nuestro cliente, <strong>nuestros t\u00e9cnicos visitan<\/strong> el lugar para conocer en detalle la maquinaria a cablear, los espacios de trabajo y las eventuales necesidades de una estructura de soporte, <strong>para identificar luego c\u00f3mo deber\u00eda ser el producto espec\u00edfico a instalar<\/strong>.<\/p>\n<p><strong>Este tr\u00e1mite acelera indudablemente el proceso de producci\u00f3n<\/strong>, de manera que el cliente recibe <strong>un servicio perfectamente acorde con sus necesidades<\/strong>, ayud\u00e1ndolo a reducir, por consiguiente, tanto los tiempos como los costes de fabricaci\u00f3n.<\/p>\n<div style=\"height: 48px;\"><\/div>\n<h2>Asesoramiento espec\u00edfico<\/h2>\n<p>En un sector como el de la autocaravana, a menudo puede ser complicado entender por uno mismo cu\u00e1l ser\u00eda<strong> la tipolog\u00eda de cableado ideal para la maquinaria o para las funciones requeridas<\/strong>, m\u00e1s a\u00fan si el producto que se necesita es<strong> un montaje especialmente complejo<\/strong>.<\/p>\n<p>Para sortear este tipo de problem\u00e1tica, <strong>nuestros expertos ofrecen a diario a nuestros clientes sus conocimientos<\/strong> mediante <strong>un servicio de asesoramiento destinado a encontrar el producto adecuado para cada funci\u00f3n espec\u00edfica<\/strong> y aconsejar, si fuera necesario, <strong>la estructura m\u00e1s conveniente para su aplicaci\u00f3n<\/strong>.<\/p>\n<p>El objetivo es, claramente,<strong> ponerse en situaci\u00f3n lo m\u00e1s r\u00e1pidamente posible <\/strong>y encontrar <strong>la soluci\u00f3n m\u00e1s eficaz<\/strong> a todas las dudas, que pueda garantizar al cliente <strong>un servicio satisfactorio capaz de optimizar, al mismo tiempo, la relaci\u00f3n calidad-precio<\/strong>.<\/p>\n<div style=\"height: 48px;\"><\/div>\n<h2>Asistencia espec\u00edfica<\/h2>\n<p>El <strong>servicio de asistencia<\/strong> se ofrece en<strong> todos nuestros sectores de intervenci\u00f3n<\/strong> y, por tanto, tambi\u00e9n en un sector como la <strong>autocaravana<\/strong>, a menudo puede ser complicado entender por uno mismo cu\u00e1l ser\u00eda la tipolog\u00eda de cableado ideal para la maquinaria o para las funciones requeridas, m\u00e1s a\u00fan si el producto que se necesita es un montaje . <strong>Nuestros t\u00e9cnicos proporcionan <a href=\"https:\/\/www.errebi-group.com\/it\/consulenza\">asistencia espec\u00edfica<\/a> para todos los cableados y montajes instalados<\/strong>, analizando a cada momento la problem\u00e1tica e interviniendo de manera espec\u00edfica una vez identificado el fallo.<\/p>\n<p><strong>Las intervenciones pueden realizarse sobre la totalidad del ensamblaje o sobre un solo cable<\/strong>, que se puede detectar y sustituir a tiempo con el fin de que la maquinaria vuelva a estar operativa lo antes posible.<\/p>\n<p><strong>Las competencias de nuestros expertos<\/strong> abarcan todos los sectores de nuestra empresa, <strong>permiti\u00e9ndoles no solo entender los problemas m\u00e1s complejos<\/strong>, <strong>sino tambi\u00e9n percatarse de cada peque\u00f1o detalle vinculado con un campo espec\u00edfico<\/strong>.<\/p>\n","protected":false},"excerpt":{"rendered":"<p>Los cableados para el sector de la autocaravana incluyen todos los cables \u00fatiles para el buen funcionamiento de remolques, autocaravanas y otros veh\u00edculos recreativos. Se trata de una rama muy particular, que \u00faltimamente se halla en desarrollo y actualizaci\u00f3n constantes. Y es que cada vez son m\u00e1s los viajeros que eligen irse de vacaciones sobre [&hellip;]<\/p>\n","protected":false},"author":1,"featured_media":1661,"parent":0,"menu_order":0,"comment_status":"closed","ping_status":"closed","template":"","meta":{"footnotes":""},"class_list":["post-1924","page","type-page","status-publish","has-post-thumbnail","hentry"],"yoast_head":"<!-- This site is optimized with the Yoast SEO plugin v27.4 - https:\/\/yoast.com\/product\/yoast-seo-wordpress\/ -->\n<title>Cableados para el sector de las autocaravanas<\/title>\n<meta name=\"description\" content=\"Los cableados para el sector de la autocaravana incluyen todos los cables \u00fatiles para el buen funcionamiento de remolques, autocaravanas y otros veh\u00edculos recreativos...\" \/>\n<meta name=\"robots\" content=\"index, follow, max-snippet:-1, max-image-preview:large, max-video-preview:-1\" \/>\n<link rel=\"canonical\" href=\"https:\/\/www.errebi-group.com\/es\/autocaravanas\" \/>\n<meta property=\"og:locale\" content=\"es_ES\" \/>\n<meta property=\"og:type\" content=\"article\" \/>\n<meta property=\"og:title\" content=\"Cableados para el sector de las autocaravanas\" \/>\n<meta property=\"og:description\" content=\"Los cableados para el sector de la autocaravana incluyen todos los cables \u00fatiles para el buen funcionamiento de remolques, autocaravanas y otros veh\u00edculos recreativos...\" \/>\n<meta property=\"og:url\" content=\"https:\/\/www.errebi-group.com\/es\/autocaravanas\" \/>\n<meta property=\"og:site_name\" content=\"ErreBi Group\" \/>\n<meta property=\"article:publisher\" content=\"https:\/\/www.facebook.com\/errebigroupsrl\" \/>\n<meta property=\"article:modified_time\" content=\"2025-09-29T14:24:40+00:00\" \/>\n<meta property=\"og:image\" content=\"https:\/\/www.errebi-group.com\/wp-content\/uploads\/2025\/04\/camperistica-campo-di-impiego-errebi-group-hero-section.webp\" \/>\n\t<meta property=\"og:image:width\" content=\"1920\" \/>\n\t<meta property=\"og:image:height\" content=\"1080\" \/>\n\t<meta property=\"og:image:type\" content=\"image\/webp\" \/>\n<meta name=\"twitter:card\" content=\"summary_large_image\" \/>\n<meta name=\"twitter:label1\" content=\"Tiempo de lectura\" \/>\n\t<meta name=\"twitter:data1\" content=\"4 minutos\" \/>\n<script type=\"application\/ld+json\" class=\"yoast-schema-graph\">{\"@context\":\"https:\\\/\\\/schema.org\",\"@graph\":[{\"@type\":\"WebPage\",\"@id\":\"https:\\\/\\\/www.errebi-group.com\\\/es\\\/autocaravanas\",\"url\":\"https:\\\/\\\/www.errebi-group.com\\\/es\\\/autocaravanas\",\"name\":\"Cableados para el sector de las autocaravanas\",\"isPartOf\":{\"@id\":\"https:\\\/\\\/www.errebi-group.com\\\/es#website\"},\"primaryImageOfPage\":{\"@id\":\"https:\\\/\\\/www.errebi-group.com\\\/es\\\/autocaravanas#primaryimage\"},\"image\":{\"@id\":\"https:\\\/\\\/www.errebi-group.com\\\/es\\\/autocaravanas#primaryimage\"},\"thumbnailUrl\":\"https:\\\/\\\/www.errebi-group.com\\\/wp-content\\\/uploads\\\/2025\\\/04\\\/camperistica-campo-di-impiego-errebi-group-hero-section.webp\",\"datePublished\":\"2025-04-28T10:25:15+00:00\",\"dateModified\":\"2025-09-29T14:24:40+00:00\",\"description\":\"Los cableados para el sector de la autocaravana incluyen todos los cables \u00fatiles para el buen funcionamiento de remolques, autocaravanas y otros veh\u00edculos recreativos...\",\"breadcrumb\":{\"@id\":\"https:\\\/\\\/www.errebi-group.com\\\/es\\\/autocaravanas#breadcrumb\"},\"inLanguage\":\"es\",\"potentialAction\":[{\"@type\":\"ReadAction\",\"target\":[\"https:\\\/\\\/www.errebi-group.com\\\/es\\\/autocaravanas\"]}]},{\"@type\":\"ImageObject\",\"inLanguage\":\"es\",\"@id\":\"https:\\\/\\\/www.errebi-group.com\\\/es\\\/autocaravanas#primaryimage\",\"url\":\"https:\\\/\\\/www.errebi-group.com\\\/wp-content\\\/uploads\\\/2025\\\/04\\\/camperistica-campo-di-impiego-errebi-group-hero-section.webp\",\"contentUrl\":\"https:\\\/\\\/www.errebi-group.com\\\/wp-content\\\/uploads\\\/2025\\\/04\\\/camperistica-campo-di-impiego-errebi-group-hero-section.webp\",\"width\":1920,\"height\":1080,\"caption\":\"Operador especializado entra en una autocaravana con equipo t\u00e9cnico para intervenciones el\u00e9ctricas o de mantenimiento\"},{\"@type\":\"BreadcrumbList\",\"@id\":\"https:\\\/\\\/www.errebi-group.com\\\/es\\\/autocaravanas#breadcrumb\",\"itemListElement\":[{\"@type\":\"ListItem\",\"position\":1,\"name\":\"Home\",\"item\":\"https:\\\/\\\/www.errebi-group.com\\\/es\"},{\"@type\":\"ListItem\",\"position\":2,\"name\":\"Cableados y componentes el\u00e9ctricos para el sector de la autocaravana\"}]},{\"@type\":\"WebSite\",\"@id\":\"https:\\\/\\\/www.errebi-group.com\\\/es#website\",\"url\":\"https:\\\/\\\/www.errebi-group.com\\\/es\",\"name\":\"Errebi Group - Azienda produttrice di Cablaggi e Quadri Elettrici\",\"description\":\"Azienda produttrice di Cablaggi e Quadri Elettrici\",\"publisher\":{\"@id\":\"https:\\\/\\\/www.errebi-group.com\\\/es#organization\"},\"potentialAction\":[{\"@type\":\"SearchAction\",\"target\":{\"@type\":\"EntryPoint\",\"urlTemplate\":\"https:\\\/\\\/www.errebi-group.com\\\/es?s={search_term_string}\"},\"query-input\":{\"@type\":\"PropertyValueSpecification\",\"valueRequired\":true,\"valueName\":\"search_term_string\"}}],\"inLanguage\":\"es\"},{\"@type\":\"Organization\",\"@id\":\"https:\\\/\\\/www.errebi-group.com\\\/es#organization\",\"name\":\"Errebi Group\",\"url\":\"https:\\\/\\\/www.errebi-group.com\\\/es\",\"logo\":{\"@type\":\"ImageObject\",\"inLanguage\":\"es\",\"@id\":\"https:\\\/\\\/www.errebi-group.com\\\/es#\\\/schema\\\/logo\\\/image\\\/\",\"url\":\"https:\\\/\\\/www.errebi-group.com\\\/wp-content\\\/uploads\\\/2025\\\/04\\\/logo-errebi-group-payoff-white-website.png\",\"contentUrl\":\"https:\\\/\\\/www.errebi-group.com\\\/wp-content\\\/uploads\\\/2025\\\/04\\\/logo-errebi-group-payoff-white-website.png\",\"width\":610,\"height\":100,\"caption\":\"Errebi Group\"},\"image\":{\"@id\":\"https:\\\/\\\/www.errebi-group.com\\\/es#\\\/schema\\\/logo\\\/image\\\/\"},\"sameAs\":[\"https:\\\/\\\/www.facebook.com\\\/errebigroupsrl\",\"https:\\\/\\\/www.instagram.com\\\/errebi.group?igsh=cGNzN3FpcDFqNm1i\",\"https:\\\/\\\/www.linkedin.com\\\/company\\\/errebigroup\\\/?originalSubdomain=it\",\"https:\\\/\\\/www.youtube.com\\\/@errebigroup\"]}]}<\/script>\n<!-- \/ Yoast SEO plugin. -->","yoast_head_json":{"title":"Cableados para el sector de las autocaravanas","description":"Los cableados para el sector de la autocaravana incluyen todos los cables \u00fatiles para el buen funcionamiento de remolques, autocaravanas y otros veh\u00edculos recreativos...","robots":{"index":"index","follow":"follow","max-snippet":"max-snippet:-1","max-image-preview":"max-image-preview:large","max-video-preview":"max-video-preview:-1"},"canonical":"https:\/\/www.errebi-group.com\/es\/autocaravanas","og_locale":"es_ES","og_type":"article","og_title":"Cableados para el sector de las autocaravanas","og_description":"Los cableados para el sector de la autocaravana incluyen todos los cables \u00fatiles para el buen funcionamiento de remolques, autocaravanas y otros veh\u00edculos recreativos...","og_url":"https:\/\/www.errebi-group.com\/es\/autocaravanas","og_site_name":"ErreBi Group","article_publisher":"https:\/\/www.facebook.com\/errebigroupsrl","article_modified_time":"2025-09-29T14:24:40+00:00","og_image":[{"width":1920,"height":1080,"url":"https:\/\/www.errebi-group.com\/wp-content\/uploads\/2025\/04\/camperistica-campo-di-impiego-errebi-group-hero-section.webp","type":"image\/webp"}],"twitter_card":"summary_large_image","twitter_misc":{"Tiempo de lectura":"4 minutos"},"schema":{"@context":"https:\/\/schema.org","@graph":[{"@type":"WebPage","@id":"https:\/\/www.errebi-group.com\/es\/autocaravanas","url":"https:\/\/www.errebi-group.com\/es\/autocaravanas","name":"Cableados para el sector de las autocaravanas","isPartOf":{"@id":"https:\/\/www.errebi-group.com\/es#website"},"primaryImageOfPage":{"@id":"https:\/\/www.errebi-group.com\/es\/autocaravanas#primaryimage"},"image":{"@id":"https:\/\/www.errebi-group.com\/es\/autocaravanas#primaryimage"},"thumbnailUrl":"https:\/\/www.errebi-group.com\/wp-content\/uploads\/2025\/04\/camperistica-campo-di-impiego-errebi-group-hero-section.webp","datePublished":"2025-04-28T10:25:15+00:00","dateModified":"2025-09-29T14:24:40+00:00","description":"Los cableados para el sector de la autocaravana incluyen todos los cables \u00fatiles para el buen funcionamiento de remolques, autocaravanas y otros veh\u00edculos recreativos...","breadcrumb":{"@id":"https:\/\/www.errebi-group.com\/es\/autocaravanas#breadcrumb"},"inLanguage":"es","potentialAction":[{"@type":"ReadAction","target":["https:\/\/www.errebi-group.com\/es\/autocaravanas"]}]},{"@type":"ImageObject","inLanguage":"es","@id":"https:\/\/www.errebi-group.com\/es\/autocaravanas#primaryimage","url":"https:\/\/www.errebi-group.com\/wp-content\/uploads\/2025\/04\/camperistica-campo-di-impiego-errebi-group-hero-section.webp","contentUrl":"https:\/\/www.errebi-group.com\/wp-content\/uploads\/2025\/04\/camperistica-campo-di-impiego-errebi-group-hero-section.webp","width":1920,"height":1080,"caption":"Operador especializado entra en una autocaravana con equipo t\u00e9cnico para intervenciones el\u00e9ctricas o de mantenimiento"},{"@type":"BreadcrumbList","@id":"https:\/\/www.errebi-group.com\/es\/autocaravanas#breadcrumb","itemListElement":[{"@type":"ListItem","position":1,"name":"Home","item":"https:\/\/www.errebi-group.com\/es"},{"@type":"ListItem","position":2,"name":"Cableados y componentes el\u00e9ctricos para el sector de la autocaravana"}]},{"@type":"WebSite","@id":"https:\/\/www.errebi-group.com\/es#website","url":"https:\/\/www.errebi-group.com\/es","name":"Errebi Group - Azienda produttrice di Cablaggi e Quadri Elettrici","description":"Azienda produttrice di Cablaggi e Quadri Elettrici","publisher":{"@id":"https:\/\/www.errebi-group.com\/es#organization"},"potentialAction":[{"@type":"SearchAction","target":{"@type":"EntryPoint","urlTemplate":"https:\/\/www.errebi-group.com\/es?s={search_term_string}"},"query-input":{"@type":"PropertyValueSpecification","valueRequired":true,"valueName":"search_term_string"}}],"inLanguage":"es"},{"@type":"Organization","@id":"https:\/\/www.errebi-group.com\/es#organization","name":"Errebi Group","url":"https:\/\/www.errebi-group.com\/es","logo":{"@type":"ImageObject","inLanguage":"es","@id":"https:\/\/www.errebi-group.com\/es#\/schema\/logo\/image\/","url":"https:\/\/www.errebi-group.com\/wp-content\/uploads\/2025\/04\/logo-errebi-group-payoff-white-website.png","contentUrl":"https:\/\/www.errebi-group.com\/wp-content\/uploads\/2025\/04\/logo-errebi-group-payoff-white-website.png","width":610,"height":100,"caption":"Errebi Group"},"image":{"@id":"https:\/\/www.errebi-group.com\/es#\/schema\/logo\/image\/"},"sameAs":["https:\/\/www.facebook.com\/errebigroupsrl","https:\/\/www.instagram.com\/errebi.group?igsh=cGNzN3FpcDFqNm1i","https:\/\/www.linkedin.com\/company\/errebigroup\/?originalSubdomain=it","https:\/\/www.youtube.com\/@errebigroup"]}]}},"_links":{"self":[{"href":"https:\/\/www.errebi-group.com\/es\/wp-json\/wp\/v2\/pages\/1924","targetHints":{"allow":["GET"]}}],"collection":[{"href":"https:\/\/www.errebi-group.com\/es\/wp-json\/wp\/v2\/pages"}],"about":[{"href":"https:\/\/www.errebi-group.com\/es\/wp-json\/wp\/v2\/types\/page"}],"author":[{"embeddable":true,"href":"https:\/\/www.errebi-group.com\/es\/wp-json\/wp\/v2\/users\/1"}],"replies":[{"embeddable":true,"href":"https:\/\/www.errebi-group.com\/es\/wp-json\/wp\/v2\/comments?post=1924"}],"version-history":[{"count":2,"href":"https:\/\/www.errebi-group.com\/es\/wp-json\/wp\/v2\/pages\/1924\/revisions"}],"predecessor-version":[{"id":2435,"href":"https:\/\/www.errebi-group.com\/es\/wp-json\/wp\/v2\/pages\/1924\/revisions\/2435"}],"wp:featuredmedia":[{"embeddable":true,"href":"https:\/\/www.errebi-group.com\/es\/wp-json\/wp\/v2\/media\/1661"}],"wp:attachment":[{"href":"https:\/\/www.errebi-group.com\/es\/wp-json\/wp\/v2\/media?parent=1924"}],"curies":[{"name":"wp","href":"https:\/\/api.w.org\/{rel}","templated":true}]}}