{"id":1928,"date":"2025-04-28T10:40:05","date_gmt":"2025-04-28T10:40:05","guid":{"rendered":"https:\/\/www.errebi-group.com\/cableados-y-componentes-electricos-para-el-sector-militar\/"},"modified":"2025-09-29T14:27:31","modified_gmt":"2025-09-29T14:27:31","slug":"militar","status":"publish","type":"page","link":"https:\/\/www.errebi-group.com\/es\/militar","title":{"rendered":"Cableados y componentes el\u00e9ctricos para el sector militar"},"content":{"rendered":"<p><strong>Las instalaciones de cableado en el sector militar<\/strong> deben imperativamente <strong>observar la mayor reserva<\/strong> y respetar <strong>estrictos protocolos de calidad y eficacia<\/strong>.<\/p>\n<p>El sector ofrece infinitas posibilidades de aplicaci\u00f3n, ya sea en el <strong>campo <a href=\"https:\/\/www.errebi-group.com\/it\/automotive\">automovil\u00edstico<\/a><\/strong>, <strong><a href=\"https:\/\/www.errebi-group.com\/it\/navale\">naval<\/a><\/strong>, <strong><a href=\"https:\/\/www.errebi-group.com\/it\/aerospaziale\">aeroespacial<\/a><\/strong> o de las <strong><a href=\"https:\/\/www.errebi-group.com\/it\/telecomunicazioni\">telecomunicaciones<\/a><\/strong>, requiriendo, en todo momento, <strong>fiabilidad en el dise\u00f1o <\/strong>y <strong>ejecuci\u00f3n de las instalaciones<\/strong>.<\/p>\n<p>Dado que el cableado debe hacer frente a <strong>condiciones a veces extremas<\/strong>, el personal <strong>debe conocer a la perfecci\u00f3n el entorno de trabajo<\/strong>, invirtiendo tiempo y esfuerzos en <strong><a href=\"https:\/\/www.errebi-group.com\/it\/progettazione-cablaggi\">la planificaci\u00f3n de cableados <\/a>y simulacros mediante pruebas sumamente espec\u00edficas<\/strong>.<\/p>\n<div style=\"height: 48px;\"><\/div>\n<h2>Caracter\u00edsticas de los componentes del sector militar<\/h2>\n<p><strong>Dadas las diversas tipolog\u00edas de utilizaci\u00f3n de los cables y cableados<\/strong>, <strong>las instalaciones para el sector militar<\/strong> pueden contar con <strong>componentes y materiales totalmente diversos<\/strong>, que deben adaptarse a cada instalaci\u00f3n y contexto.<\/p>\n<p><strong>De cableados que necesitan una resistencia particular a la presi\u00f3n<\/strong>, como los utilizados en el campo aeroespacial, a <strong>las instalaciones de cableado estructurado con materiales ign\u00edfugos capaces de soportar altas temperatura<\/strong> como en los dispositivos de defensa y las m\u00e1quinas de movimiento en tierra, utilizando suministro el\u00e9ctrico, pero tambi\u00e9n de naturaleza h\u00edbrida.<\/p>\n<p>Nuestra prioridad es, en todo caso,<strong> ofrecer un servicio que pueda responder a todas las necesidades, a veces solicitadas de manera urgente<\/strong>, garantizando los est\u00e1ndares <strong>m\u00e1s altos de calidad y fiabilidad<\/strong>.<\/p>\n<div style=\"height: 48px;\"><\/div>\n<h2>Dise\u00f1o personalizado<\/h2>\n<p>Como en todos nuestros sectores de trabajo, tambi\u00e9n <strong>ofrecemos un servicio de planificaci\u00f3n personalizado de cableados y montajes<\/strong> en <strong>el campo militar<\/strong>, intentando satisfacer las necesidades del cliente y adaptar lo m\u00e1s posible nuestro trabajo a su solicitud.<\/p>\n<p>Antes de dise\u00f1ar y <a href=\"https:\/\/www.errebi-group.com\/it\/produzione-cablaggi-elettrici\">fabricar un cableado <\/a>que se adapte a las necesidades de nuestro cliente, <strong>nuestros t\u00e9cnicos visitan el lugar para conocer en detalle la maquinaria a cablear<\/strong>, los espacios de trabajo y las eventuales necesidades de una estructura de soporte, para identificar luego c\u00f3mo deber\u00eda ser <strong>el producto espec\u00edfico a instalar<\/strong>.<\/p>\n<p><strong>Este tr\u00e1mite acelera indudablemente el proceso de producci\u00f3n<\/strong>, de manera que el cliente recibe <strong>un servicio perfectamente acorde con sus necesidades<\/strong>, ayud\u00e1ndolo a reducir, por consiguiente, tanto los tiempos como los costes de fabricaci\u00f3n.<\/p>\n<div style=\"height: 48px;\"><\/div>\n<h2>Asesoramiento espec\u00edfico<\/h2>\n<p>En un sector como el militar, a menudo puede ser complicado entender por uno mismo cu\u00e1l ser\u00eda <strong>la tipolog\u00eda de cableado ideal para la maquinaria o para las funciones requeridas<\/strong>, m\u00e1s a\u00fan si el producto que se necesita es <strong>un montaje especialmente complejo<\/strong>.<\/p>\n<p>Para sortear este tipo de problem\u00e1tica, <strong>nuestros expertos ofrecen a diario a nuestros clientes sus conocimientos<\/strong> mediante <strong>un servicio de asesoramiento destinado a encontrar el producto adecuado para cada funci\u00f3n espec\u00edfica<\/strong> y aconsejar, si fuera necesario, <strong>la estructura m\u00e1s conveniente para su aplicaci\u00f3n<\/strong>.<\/p>\n<p>El objetivo es, claramente,<strong> ponerse en situaci\u00f3n lo m\u00e1s r\u00e1pidamente posible <\/strong>y encontrar <strong>la soluci\u00f3n m\u00e1s eficaz<\/strong> a todas las dudas, que pueda garantizar al cliente <strong>un servicio satisfactorio capaz de optimizar, al mismo tiempo, la relaci\u00f3n calidad-precio<\/strong>.<\/p>\n<div style=\"height: 48px;\"><\/div>\n<h2>Asistencia espec\u00edfica<\/h2>\n<p>El <strong>servicio de asistencia<\/strong> se ofrece en <strong>todos nuestros sectores de intervenci\u00f3n<\/strong> y, por tanto, tambi\u00e9n en el sector <strong>militar<\/strong>. <strong>Nuestros t\u00e9cnicos proporcionan <a href=\"https:\/\/www.errebi-group.com\/it\/consulenza\">asistencia espec\u00edfica<\/a> para todos los cableados y montajes instalados<\/strong>, analizando a cada momento la problem\u00e1tica e interviniendo de manera espec\u00edfica una vez identificado el fallo.<\/p>\n<p><strong>Las intervenciones pueden realizarse sobre la totalidad del ensamblaje o sobre un solo cable<\/strong>, que se puede detectar y sustituir a tiempo con el fin de que la maquinaria vuelva a estar operativa lo antes posible.<\/p>\n<p><strong>Las competencias de nuestros expertos<\/strong> abarcan todos los sectores de nuestra empresa, <strong>permiti\u00e9ndoles no solo entender los problemas m\u00e1s complejos<\/strong>, <strong>sino tambi\u00e9n percatarse de cada peque\u00f1o detalle vinculado con un campo espec\u00edfico<\/strong>.<\/p>\n","protected":false},"excerpt":{"rendered":"<p>Las instalaciones de cableado en el sector militar deben imperativamente observar la mayor reserva y respetar estrictos protocolos de calidad y eficacia. El sector ofrece infinitas posibilidades de aplicaci\u00f3n, ya sea en el campo automovil\u00edstico, naval, aeroespacial o de las telecomunicaciones, requiriendo, en todo momento, fiabilidad en el dise\u00f1o y ejecuci\u00f3n de las instalaciones. Dado [&hellip;]<\/p>\n","protected":false},"author":1,"featured_media":1685,"parent":0,"menu_order":0,"comment_status":"closed","ping_status":"closed","template":"","meta":{"footnotes":""},"class_list":["post-1928","page","type-page","status-publish","has-post-thumbnail","hentry"],"yoast_head":"<!-- This site is optimized with the Yoast SEO plugin v27.4 - https:\/\/yoast.com\/product\/yoast-seo-wordpress\/ -->\n<title>Cableados para el sector militar, cables y componentes el\u00e9ctricos<\/title>\n<meta name=\"description\" content=\"Las instalaciones de cableado en el sector militar deben imperativamente observar la mayor reserva y respetar estrictos protocolos de calidad y eficacia. El sector ofrece infinitas posibilidades de...\" \/>\n<meta name=\"robots\" content=\"index, follow, max-snippet:-1, max-image-preview:large, max-video-preview:-1\" \/>\n<link rel=\"canonical\" href=\"https:\/\/www.errebi-group.com\/es\/militar\" \/>\n<meta property=\"og:locale\" content=\"es_ES\" \/>\n<meta property=\"og:type\" content=\"article\" \/>\n<meta property=\"og:title\" content=\"Cableados para el sector militar, cables y componentes el\u00e9ctricos\" \/>\n<meta property=\"og:description\" content=\"Las instalaciones de cableado en el sector militar deben imperativamente observar la mayor reserva y respetar estrictos protocolos de calidad y eficacia. El sector ofrece infinitas posibilidades de...\" \/>\n<meta property=\"og:url\" content=\"https:\/\/www.errebi-group.com\/es\/militar\" \/>\n<meta property=\"og:site_name\" content=\"ErreBi Group\" \/>\n<meta property=\"article:publisher\" content=\"https:\/\/www.facebook.com\/errebigroupsrl\" \/>\n<meta property=\"article:modified_time\" content=\"2025-09-29T14:27:31+00:00\" \/>\n<meta property=\"og:image\" content=\"https:\/\/www.errebi-group.com\/wp-content\/uploads\/2025\/04\/militare-campo-di-impiego-errebi-group-hero-section.webp\" \/>\n\t<meta property=\"og:image:width\" content=\"1920\" \/>\n\t<meta property=\"og:image:height\" content=\"1080\" \/>\n\t<meta property=\"og:image:type\" content=\"image\/webp\" \/>\n<meta name=\"twitter:card\" content=\"summary_large_image\" \/>\n<meta name=\"twitter:label1\" content=\"Tiempo de lectura\" \/>\n\t<meta name=\"twitter:data1\" content=\"4 minutos\" \/>\n<script type=\"application\/ld+json\" class=\"yoast-schema-graph\">{\"@context\":\"https:\\\/\\\/schema.org\",\"@graph\":[{\"@type\":\"WebPage\",\"@id\":\"https:\\\/\\\/www.errebi-group.com\\\/es\\\/militar\",\"url\":\"https:\\\/\\\/www.errebi-group.com\\\/es\\\/militar\",\"name\":\"Cableados para el sector militar, cables y componentes el\u00e9ctricos\",\"isPartOf\":{\"@id\":\"https:\\\/\\\/www.errebi-group.com\\\/es#website\"},\"primaryImageOfPage\":{\"@id\":\"https:\\\/\\\/www.errebi-group.com\\\/es\\\/militar#primaryimage\"},\"image\":{\"@id\":\"https:\\\/\\\/www.errebi-group.com\\\/es\\\/militar#primaryimage\"},\"thumbnailUrl\":\"https:\\\/\\\/www.errebi-group.com\\\/wp-content\\\/uploads\\\/2025\\\/04\\\/militare-campo-di-impiego-errebi-group-hero-section.webp\",\"datePublished\":\"2025-04-28T10:40:05+00:00\",\"dateModified\":\"2025-09-29T14:27:31+00:00\",\"description\":\"Las instalaciones de cableado en el sector militar deben imperativamente observar la mayor reserva y respetar estrictos protocolos de calidad y eficacia. El sector ofrece infinitas posibilidades de...\",\"breadcrumb\":{\"@id\":\"https:\\\/\\\/www.errebi-group.com\\\/es\\\/militar#breadcrumb\"},\"inLanguage\":\"es\",\"potentialAction\":[{\"@type\":\"ReadAction\",\"target\":[\"https:\\\/\\\/www.errebi-group.com\\\/es\\\/militar\"]}]},{\"@type\":\"ImageObject\",\"inLanguage\":\"es\",\"@id\":\"https:\\\/\\\/www.errebi-group.com\\\/es\\\/militar#primaryimage\",\"url\":\"https:\\\/\\\/www.errebi-group.com\\\/wp-content\\\/uploads\\\/2025\\\/04\\\/militare-campo-di-impiego-errebi-group-hero-section.webp\",\"contentUrl\":\"https:\\\/\\\/www.errebi-group.com\\\/wp-content\\\/uploads\\\/2025\\\/04\\\/militare-campo-di-impiego-errebi-group-hero-section.webp\",\"width\":1920,\"height\":1080,\"caption\":\"Panel electr\u00f3nico militar con regulador de se\u00f1al e indicadores led, tecnolog\u00eda defensiva avanzada\"},{\"@type\":\"BreadcrumbList\",\"@id\":\"https:\\\/\\\/www.errebi-group.com\\\/es\\\/militar#breadcrumb\",\"itemListElement\":[{\"@type\":\"ListItem\",\"position\":1,\"name\":\"Home\",\"item\":\"https:\\\/\\\/www.errebi-group.com\\\/es\"},{\"@type\":\"ListItem\",\"position\":2,\"name\":\"Cableados y componentes el\u00e9ctricos para el sector militar\"}]},{\"@type\":\"WebSite\",\"@id\":\"https:\\\/\\\/www.errebi-group.com\\\/es#website\",\"url\":\"https:\\\/\\\/www.errebi-group.com\\\/es\",\"name\":\"Errebi Group - Azienda produttrice di Cablaggi e Quadri Elettrici\",\"description\":\"Azienda produttrice di Cablaggi e Quadri Elettrici\",\"publisher\":{\"@id\":\"https:\\\/\\\/www.errebi-group.com\\\/es#organization\"},\"potentialAction\":[{\"@type\":\"SearchAction\",\"target\":{\"@type\":\"EntryPoint\",\"urlTemplate\":\"https:\\\/\\\/www.errebi-group.com\\\/es?s={search_term_string}\"},\"query-input\":{\"@type\":\"PropertyValueSpecification\",\"valueRequired\":true,\"valueName\":\"search_term_string\"}}],\"inLanguage\":\"es\"},{\"@type\":\"Organization\",\"@id\":\"https:\\\/\\\/www.errebi-group.com\\\/es#organization\",\"name\":\"Errebi Group\",\"url\":\"https:\\\/\\\/www.errebi-group.com\\\/es\",\"logo\":{\"@type\":\"ImageObject\",\"inLanguage\":\"es\",\"@id\":\"https:\\\/\\\/www.errebi-group.com\\\/es#\\\/schema\\\/logo\\\/image\\\/\",\"url\":\"https:\\\/\\\/www.errebi-group.com\\\/wp-content\\\/uploads\\\/2025\\\/04\\\/logo-errebi-group-payoff-white-website.png\",\"contentUrl\":\"https:\\\/\\\/www.errebi-group.com\\\/wp-content\\\/uploads\\\/2025\\\/04\\\/logo-errebi-group-payoff-white-website.png\",\"width\":610,\"height\":100,\"caption\":\"Errebi Group\"},\"image\":{\"@id\":\"https:\\\/\\\/www.errebi-group.com\\\/es#\\\/schema\\\/logo\\\/image\\\/\"},\"sameAs\":[\"https:\\\/\\\/www.facebook.com\\\/errebigroupsrl\",\"https:\\\/\\\/www.instagram.com\\\/errebi.group?igsh=cGNzN3FpcDFqNm1i\",\"https:\\\/\\\/www.linkedin.com\\\/company\\\/errebigroup\\\/?originalSubdomain=it\",\"https:\\\/\\\/www.youtube.com\\\/@errebigroup\"]}]}<\/script>\n<!-- \/ Yoast SEO plugin. -->","yoast_head_json":{"title":"Cableados para el sector militar, cables y componentes el\u00e9ctricos","description":"Las instalaciones de cableado en el sector militar deben imperativamente observar la mayor reserva y respetar estrictos protocolos de calidad y eficacia. El sector ofrece infinitas posibilidades de...","robots":{"index":"index","follow":"follow","max-snippet":"max-snippet:-1","max-image-preview":"max-image-preview:large","max-video-preview":"max-video-preview:-1"},"canonical":"https:\/\/www.errebi-group.com\/es\/militar","og_locale":"es_ES","og_type":"article","og_title":"Cableados para el sector militar, cables y componentes el\u00e9ctricos","og_description":"Las instalaciones de cableado en el sector militar deben imperativamente observar la mayor reserva y respetar estrictos protocolos de calidad y eficacia. El sector ofrece infinitas posibilidades de...","og_url":"https:\/\/www.errebi-group.com\/es\/militar","og_site_name":"ErreBi Group","article_publisher":"https:\/\/www.facebook.com\/errebigroupsrl","article_modified_time":"2025-09-29T14:27:31+00:00","og_image":[{"width":1920,"height":1080,"url":"https:\/\/www.errebi-group.com\/wp-content\/uploads\/2025\/04\/militare-campo-di-impiego-errebi-group-hero-section.webp","type":"image\/webp"}],"twitter_card":"summary_large_image","twitter_misc":{"Tiempo de lectura":"4 minutos"},"schema":{"@context":"https:\/\/schema.org","@graph":[{"@type":"WebPage","@id":"https:\/\/www.errebi-group.com\/es\/militar","url":"https:\/\/www.errebi-group.com\/es\/militar","name":"Cableados para el sector militar, cables y componentes el\u00e9ctricos","isPartOf":{"@id":"https:\/\/www.errebi-group.com\/es#website"},"primaryImageOfPage":{"@id":"https:\/\/www.errebi-group.com\/es\/militar#primaryimage"},"image":{"@id":"https:\/\/www.errebi-group.com\/es\/militar#primaryimage"},"thumbnailUrl":"https:\/\/www.errebi-group.com\/wp-content\/uploads\/2025\/04\/militare-campo-di-impiego-errebi-group-hero-section.webp","datePublished":"2025-04-28T10:40:05+00:00","dateModified":"2025-09-29T14:27:31+00:00","description":"Las instalaciones de cableado en el sector militar deben imperativamente observar la mayor reserva y respetar estrictos protocolos de calidad y eficacia. El sector ofrece infinitas posibilidades de...","breadcrumb":{"@id":"https:\/\/www.errebi-group.com\/es\/militar#breadcrumb"},"inLanguage":"es","potentialAction":[{"@type":"ReadAction","target":["https:\/\/www.errebi-group.com\/es\/militar"]}]},{"@type":"ImageObject","inLanguage":"es","@id":"https:\/\/www.errebi-group.com\/es\/militar#primaryimage","url":"https:\/\/www.errebi-group.com\/wp-content\/uploads\/2025\/04\/militare-campo-di-impiego-errebi-group-hero-section.webp","contentUrl":"https:\/\/www.errebi-group.com\/wp-content\/uploads\/2025\/04\/militare-campo-di-impiego-errebi-group-hero-section.webp","width":1920,"height":1080,"caption":"Panel electr\u00f3nico militar con regulador de se\u00f1al e indicadores led, tecnolog\u00eda defensiva avanzada"},{"@type":"BreadcrumbList","@id":"https:\/\/www.errebi-group.com\/es\/militar#breadcrumb","itemListElement":[{"@type":"ListItem","position":1,"name":"Home","item":"https:\/\/www.errebi-group.com\/es"},{"@type":"ListItem","position":2,"name":"Cableados y componentes el\u00e9ctricos para el sector militar"}]},{"@type":"WebSite","@id":"https:\/\/www.errebi-group.com\/es#website","url":"https:\/\/www.errebi-group.com\/es","name":"Errebi Group - Azienda produttrice di Cablaggi e Quadri Elettrici","description":"Azienda produttrice di Cablaggi e Quadri Elettrici","publisher":{"@id":"https:\/\/www.errebi-group.com\/es#organization"},"potentialAction":[{"@type":"SearchAction","target":{"@type":"EntryPoint","urlTemplate":"https:\/\/www.errebi-group.com\/es?s={search_term_string}"},"query-input":{"@type":"PropertyValueSpecification","valueRequired":true,"valueName":"search_term_string"}}],"inLanguage":"es"},{"@type":"Organization","@id":"https:\/\/www.errebi-group.com\/es#organization","name":"Errebi Group","url":"https:\/\/www.errebi-group.com\/es","logo":{"@type":"ImageObject","inLanguage":"es","@id":"https:\/\/www.errebi-group.com\/es#\/schema\/logo\/image\/","url":"https:\/\/www.errebi-group.com\/wp-content\/uploads\/2025\/04\/logo-errebi-group-payoff-white-website.png","contentUrl":"https:\/\/www.errebi-group.com\/wp-content\/uploads\/2025\/04\/logo-errebi-group-payoff-white-website.png","width":610,"height":100,"caption":"Errebi Group"},"image":{"@id":"https:\/\/www.errebi-group.com\/es#\/schema\/logo\/image\/"},"sameAs":["https:\/\/www.facebook.com\/errebigroupsrl","https:\/\/www.instagram.com\/errebi.group?igsh=cGNzN3FpcDFqNm1i","https:\/\/www.linkedin.com\/company\/errebigroup\/?originalSubdomain=it","https:\/\/www.youtube.com\/@errebigroup"]}]}},"_links":{"self":[{"href":"https:\/\/www.errebi-group.com\/es\/wp-json\/wp\/v2\/pages\/1928","targetHints":{"allow":["GET"]}}],"collection":[{"href":"https:\/\/www.errebi-group.com\/es\/wp-json\/wp\/v2\/pages"}],"about":[{"href":"https:\/\/www.errebi-group.com\/es\/wp-json\/wp\/v2\/types\/page"}],"author":[{"embeddable":true,"href":"https:\/\/www.errebi-group.com\/es\/wp-json\/wp\/v2\/users\/1"}],"replies":[{"embeddable":true,"href":"https:\/\/www.errebi-group.com\/es\/wp-json\/wp\/v2\/comments?post=1928"}],"version-history":[{"count":1,"href":"https:\/\/www.errebi-group.com\/es\/wp-json\/wp\/v2\/pages\/1928\/revisions"}],"predecessor-version":[{"id":2254,"href":"https:\/\/www.errebi-group.com\/es\/wp-json\/wp\/v2\/pages\/1928\/revisions\/2254"}],"wp:featuredmedia":[{"embeddable":true,"href":"https:\/\/www.errebi-group.com\/es\/wp-json\/wp\/v2\/media\/1685"}],"wp:attachment":[{"href":"https:\/\/www.errebi-group.com\/es\/wp-json\/wp\/v2\/media?parent=1928"}],"curies":[{"name":"wp","href":"https:\/\/api.w.org\/{rel}","templated":true}]}}