{"id":1936,"date":"2025-04-28T12:52:09","date_gmt":"2025-04-28T12:52:09","guid":{"rendered":"https:\/\/www.errebi-group.com\/cableados-y-componentes-electricos-para-la-robotica\/"},"modified":"2025-09-29T14:28:22","modified_gmt":"2025-09-29T14:28:22","slug":"la-robotica","status":"publish","type":"page","link":"https:\/\/www.errebi-group.com\/es\/la-robotica","title":{"rendered":"Cableados y componentes el\u00e9ctricos para la rob\u00f3tica"},"content":{"rendered":"<p>El <strong>sector de la rob\u00f3tica<\/strong> se ocupa de una rama de la ingenier\u00eda que estudia y realiza <strong>sistemas automatizados capaces de llevar a cabo tareas y acciones espec\u00edficas<\/strong>, sustituyendo el trabajo f\u00edsico del hombre. Hablamos, por ejemplo, de los <strong>brazos mec\u00e1nicos<\/strong> que, en las f\u00e1bricas, desplazan o mueven maquinarias pesadas.<\/p>\n<p>Otro \u00e1mbito en continuo desarrollo del sector de la rob\u00f3tica es la <strong>dom\u00f3tica<\/strong>, es decir, <strong>la rob\u00f3tica aplicada al entorno dom\u00e9stico<\/strong>. Se trata de dispositivos capaces de llevar a cabo tareas dom\u00e9sticas simples como moverse y aspirar polvo sin ayuda humana, o encender y apagar las luces con una simple orden de voz.<\/p>\n<p><strong>Nos encontramos frente a un sector decididamente innovador y revolucionario<\/strong>, que precisa continuamente de nuevos <strong>instrumentos para progresar<\/strong>, incluidos <strong>los cableados<\/strong>, cuya <strong>fabricaci\u00f3n se encuentra en crecimiento y desarrollo constantes<\/strong>.<\/p>\n<div style=\"height: 48px;\"><\/div>\n<h2>Caracter\u00edsticas de los componentes para la rob\u00f3tica<\/h2>\n<p>Tal y como hemos visto, <strong>la rob\u00f3tica se aplica a muchos \u00e1mbitos<\/strong> (<a href=\"https:\/\/www.errebi-group.com\/it\/settore-del-bianco\">dom\u00e9stico<\/a>, <a href=\"https:\/\/www.errebi-group.com\/it\/elettromedicale\">biom\u00e9dico<\/a>, <a href=\"https:\/\/www.errebi-group.com\/it\/automazione-industriale\">industrial<\/a>, <a href=\"https:\/\/www.errebi-group.com\/it\/militare\">militar<\/a> y m<a href=\"https:\/\/www.errebi-group.com\/it\/campi-di-impiego\">uch\u00edsimos m\u00e1s<\/a>). <strong>Los cableados de este sector<\/strong>, pues, tambi\u00e9n<strong> son muchos y variados<\/strong>,<\/p>\n<p>desde <strong>los cables m\u00e1s cl\u00e1sicos<\/strong> como por ejemplo los que se encuentran en los interruptores y dispositivos tradicionales (cables de tensi\u00f3n, cables con conector, cables trenzados) hasta<strong> los cables m\u00e1s t\u00e9cnicos y propios del sector<\/strong>.<\/p>\n<p>En este \u00faltimo caso, nos encontramos, por ejemplo, con <strong>cables lineales<\/strong>, <strong>cables extensibles<\/strong>, <strong>cables en espiral<\/strong> y todos aquellos <strong>cables de conexi\u00f3n capaces de garantizar una buena resistencia a torsiones y torcimientos<\/strong>, con el fin de ofrecer una mayor fiabilidad en las instalaciones y maquinarias donde se encuentran.<\/p>\n<div style=\"height: 48px;\"><\/div>\n<h2>Dise\u00f1o personalizado<\/h2>\n<p>Como en todos nuestros sectores de trabajo, tambi\u00e9n ofrecemos un s<strong>ervicio de <a href=\"https:\/\/www.errebi-group.com\/it\/progettazione-cablaggi\">planificaci\u00f3n personalizado de cableados<\/a> y montajes<\/strong> en <strong>el campo de la rob\u00f3tica<\/strong>, intentando satisfacer las necesidades del cliente y adaptar lo m\u00e1s posible nuestro trabajo a su solicitud.<\/p>\n<p>Antes de dise\u00f1ar y <a href=\"https:\/\/www.errebi-group.com\/it\/produzione-cablaggi-elettrici\">fabricar un cableado<\/a> que se adapte a las necesidades de nuestro cliente, <strong>nuestros t\u00e9cnicos visitan<\/strong> el lugar para conocer en detalle la maquinaria a cablear, los espacios de trabajo y las eventuales necesidades de una estructura de soporte, <strong>para identificar luego c\u00f3mo deber\u00eda ser el producto espec\u00edfico a instalar<\/strong>.<\/p>\n<p><strong>Este tr\u00e1mite acelera indudablemente el proceso de producci\u00f3n<\/strong>, de manera que el cliente recibe <strong>un servicio perfectamente acorde con sus necesidades<\/strong>, ayud\u00e1ndolo a reducir, por consiguiente, tanto los tiempos como los costes de fabricaci\u00f3n.<\/p>\n<div style=\"height: 48px;\"><\/div>\n<h2>Asesoramiento espec\u00edfico<\/h2>\n<p>En un sector como el de la <strong>rob\u00f3tica<\/strong>, a menudo puede ser complicado entender por uno mismo cu\u00e1l ser\u00eda <strong>la tipolog\u00eda de cableado ideal para la maquinaria o para las funciones requeridas<\/strong>, m\u00e1s a\u00fan si el producto que se necesita es <strong>un montaje especialmente complejo<\/strong>.<\/p>\n<p>Para sortear este tipo de problem\u00e1tica, <strong>nuestros expertos ofrecen a diario a nuestros clientes sus conocimientos<\/strong> mediante <strong>un servicio de asesoramiento destinado a encontrar el producto adecuado para cada funci\u00f3n espec\u00edfica<\/strong> y aconsejar, si fuera necesario, <strong>la estructura m\u00e1s conveniente para su aplicaci\u00f3n<\/strong>.<\/p>\n<p>El objetivo es, claramente,<strong> ponerse en situaci\u00f3n lo m\u00e1s r\u00e1pidamente posible <\/strong>y encontrar <strong>la soluci\u00f3n m\u00e1s eficaz<\/strong> a todas las dudas, que pueda garantizar al cliente <strong>un servicio satisfactorio capaz de optimizar, al mismo tiempo, la relaci\u00f3n calidad-precio<\/strong>.<\/p>\n<div style=\"height: 48px;\"><\/div>\n<h2>Asistencia espec\u00edfica<\/h2>\n<p>El servicio de asistencia se ofrece en todos nuestros sectores de intervenci\u00f3n y, por tanto, tambi\u00e9n en un sector como el de la rob\u00f3tica, a menudo puede ser complicado entender por uno mismo cu\u00e1l ser\u00eda la tipolog\u00eda de cableado ideal para la maquinaria o para las funciones requeridas, m\u00e1s a\u00fan si el producto que se necesita es un montaje . Nuestros t\u00e9cnicos proporcionan <a href=\"https:\/\/www.errebi-group.com\/it\/consulenza\">asistencia espec\u00edfica para todos los cableados<\/a> y montajes instalados, analizando a cada momento la problem\u00e1tica e interviniendo de manera espec\u00edfica una vez identificado el fallo. Las intervenciones pueden realizarse sobre la totalidad del ensamblaje o sobre un solo cable, que se puede detectar y sustituir a tiempo con el fin de que la maquinaria vuelva a estar operativa lo antes posible. Las competencias de nuestros expertos abarcan todos los sectores de nuestra empresa, permiti\u00e9ndoles no solo entender los problemas m\u00e1s complejos, sino tambi\u00e9n percatarse de cada peque\u00f1o detalle vinculado con un campo espec\u00edfico.<\/p>\n","protected":false},"excerpt":{"rendered":"<p>El sector de la rob\u00f3tica se ocupa de una rama de la ingenier\u00eda que estudia y realiza sistemas automatizados capaces de llevar a cabo tareas y acciones espec\u00edficas, sustituyendo el trabajo f\u00edsico del hombre. Hablamos, por ejemplo, de los brazos mec\u00e1nicos que, en las f\u00e1bricas, desplazan o mueven maquinarias pesadas. Otro \u00e1mbito en continuo desarrollo [&hellip;]<\/p>\n","protected":false},"author":1,"featured_media":1697,"parent":0,"menu_order":0,"comment_status":"closed","ping_status":"closed","template":"","meta":{"footnotes":""},"class_list":["post-1936","page","type-page","status-publish","has-post-thumbnail","hentry"],"yoast_head":"<!-- This site is optimized with the Yoast SEO plugin v27.4 - https:\/\/yoast.com\/product\/yoast-seo-wordpress\/ -->\n<title>Cableados para la rob\u00f3tica: cables y componentes el\u00e9ctricos<\/title>\n<meta name=\"description\" content=\"El sector de la rob\u00f3tica se ocupa de una rama de la ingenier\u00eda que estudia y realiza sistemas automatizados capaces de llevar a cabo tareas y acciones espec\u00edficas, sustituyendo el trabajo f\u00edsico del..\" \/>\n<meta name=\"robots\" content=\"index, follow, max-snippet:-1, max-image-preview:large, max-video-preview:-1\" \/>\n<link rel=\"canonical\" href=\"https:\/\/www.errebi-group.com\/es\/la-robotica\" \/>\n<meta property=\"og:locale\" content=\"es_ES\" \/>\n<meta property=\"og:type\" content=\"article\" \/>\n<meta property=\"og:title\" content=\"Cableados para la rob\u00f3tica: cables y componentes el\u00e9ctricos\" \/>\n<meta property=\"og:description\" content=\"El sector de la rob\u00f3tica se ocupa de una rama de la ingenier\u00eda que estudia y realiza sistemas automatizados capaces de llevar a cabo tareas y acciones espec\u00edficas, sustituyendo el trabajo f\u00edsico del..\" \/>\n<meta property=\"og:url\" content=\"https:\/\/www.errebi-group.com\/es\/la-robotica\" \/>\n<meta property=\"og:site_name\" content=\"ErreBi Group\" \/>\n<meta property=\"article:publisher\" content=\"https:\/\/www.facebook.com\/errebigroupsrl\" \/>\n<meta property=\"article:modified_time\" content=\"2025-09-29T14:28:22+00:00\" \/>\n<meta property=\"og:image\" content=\"https:\/\/www.errebi-group.com\/wp-content\/uploads\/2025\/04\/robotica-campo-di-impiego-errebi-group-hero-section.webp\" \/>\n\t<meta property=\"og:image:width\" content=\"1920\" \/>\n\t<meta property=\"og:image:height\" content=\"1080\" \/>\n\t<meta property=\"og:image:type\" content=\"image\/webp\" \/>\n<meta name=\"twitter:card\" content=\"summary_large_image\" \/>\n<meta name=\"twitter:label1\" content=\"Tiempo de lectura\" \/>\n\t<meta name=\"twitter:data1\" content=\"4 minutos\" \/>\n<script type=\"application\/ld+json\" class=\"yoast-schema-graph\">{\"@context\":\"https:\\\/\\\/schema.org\",\"@graph\":[{\"@type\":\"WebPage\",\"@id\":\"https:\\\/\\\/www.errebi-group.com\\\/es\\\/la-robotica\",\"url\":\"https:\\\/\\\/www.errebi-group.com\\\/es\\\/la-robotica\",\"name\":\"Cableados para la rob\u00f3tica: cables y componentes el\u00e9ctricos\",\"isPartOf\":{\"@id\":\"https:\\\/\\\/www.errebi-group.com\\\/es#website\"},\"primaryImageOfPage\":{\"@id\":\"https:\\\/\\\/www.errebi-group.com\\\/es\\\/la-robotica#primaryimage\"},\"image\":{\"@id\":\"https:\\\/\\\/www.errebi-group.com\\\/es\\\/la-robotica#primaryimage\"},\"thumbnailUrl\":\"https:\\\/\\\/www.errebi-group.com\\\/wp-content\\\/uploads\\\/2025\\\/04\\\/robotica-campo-di-impiego-errebi-group-hero-section.webp\",\"datePublished\":\"2025-04-28T12:52:09+00:00\",\"dateModified\":\"2025-09-29T14:28:22+00:00\",\"description\":\"El sector de la rob\u00f3tica se ocupa de una rama de la ingenier\u00eda que estudia y realiza sistemas automatizados capaces de llevar a cabo tareas y acciones espec\u00edficas, sustituyendo el trabajo f\u00edsico del..\",\"breadcrumb\":{\"@id\":\"https:\\\/\\\/www.errebi-group.com\\\/es\\\/la-robotica#breadcrumb\"},\"inLanguage\":\"es\",\"potentialAction\":[{\"@type\":\"ReadAction\",\"target\":[\"https:\\\/\\\/www.errebi-group.com\\\/es\\\/la-robotica\"]}]},{\"@type\":\"ImageObject\",\"inLanguage\":\"es\",\"@id\":\"https:\\\/\\\/www.errebi-group.com\\\/es\\\/la-robotica#primaryimage\",\"url\":\"https:\\\/\\\/www.errebi-group.com\\\/wp-content\\\/uploads\\\/2025\\\/04\\\/robotica-campo-di-impiego-errebi-group-hero-section.webp\",\"contentUrl\":\"https:\\\/\\\/www.errebi-group.com\\\/wp-content\\\/uploads\\\/2025\\\/04\\\/robotica-campo-di-impiego-errebi-group-hero-section.webp\",\"width\":1920,\"height\":1080,\"caption\":\"Brazo rob\u00f3tico con cables Ethernet azules, automatizaci\u00f3n y rob\u00f3tica de precisi\u00f3n\"},{\"@type\":\"BreadcrumbList\",\"@id\":\"https:\\\/\\\/www.errebi-group.com\\\/es\\\/la-robotica#breadcrumb\",\"itemListElement\":[{\"@type\":\"ListItem\",\"position\":1,\"name\":\"Home\",\"item\":\"https:\\\/\\\/www.errebi-group.com\\\/es\"},{\"@type\":\"ListItem\",\"position\":2,\"name\":\"Cableados y componentes el\u00e9ctricos para la rob\u00f3tica\"}]},{\"@type\":\"WebSite\",\"@id\":\"https:\\\/\\\/www.errebi-group.com\\\/es#website\",\"url\":\"https:\\\/\\\/www.errebi-group.com\\\/es\",\"name\":\"Errebi Group - Azienda produttrice di Cablaggi e Quadri Elettrici\",\"description\":\"Azienda produttrice di Cablaggi e Quadri Elettrici\",\"publisher\":{\"@id\":\"https:\\\/\\\/www.errebi-group.com\\\/es#organization\"},\"potentialAction\":[{\"@type\":\"SearchAction\",\"target\":{\"@type\":\"EntryPoint\",\"urlTemplate\":\"https:\\\/\\\/www.errebi-group.com\\\/es?s={search_term_string}\"},\"query-input\":{\"@type\":\"PropertyValueSpecification\",\"valueRequired\":true,\"valueName\":\"search_term_string\"}}],\"inLanguage\":\"es\"},{\"@type\":\"Organization\",\"@id\":\"https:\\\/\\\/www.errebi-group.com\\\/es#organization\",\"name\":\"Errebi Group\",\"url\":\"https:\\\/\\\/www.errebi-group.com\\\/es\",\"logo\":{\"@type\":\"ImageObject\",\"inLanguage\":\"es\",\"@id\":\"https:\\\/\\\/www.errebi-group.com\\\/es#\\\/schema\\\/logo\\\/image\\\/\",\"url\":\"https:\\\/\\\/www.errebi-group.com\\\/wp-content\\\/uploads\\\/2025\\\/04\\\/logo-errebi-group-payoff-white-website.png\",\"contentUrl\":\"https:\\\/\\\/www.errebi-group.com\\\/wp-content\\\/uploads\\\/2025\\\/04\\\/logo-errebi-group-payoff-white-website.png\",\"width\":610,\"height\":100,\"caption\":\"Errebi Group\"},\"image\":{\"@id\":\"https:\\\/\\\/www.errebi-group.com\\\/es#\\\/schema\\\/logo\\\/image\\\/\"},\"sameAs\":[\"https:\\\/\\\/www.facebook.com\\\/errebigroupsrl\",\"https:\\\/\\\/www.instagram.com\\\/errebi.group?igsh=cGNzN3FpcDFqNm1i\",\"https:\\\/\\\/www.linkedin.com\\\/company\\\/errebigroup\\\/?originalSubdomain=it\",\"https:\\\/\\\/www.youtube.com\\\/@errebigroup\"]}]}<\/script>\n<!-- \/ Yoast SEO plugin. -->","yoast_head_json":{"title":"Cableados para la rob\u00f3tica: cables y componentes el\u00e9ctricos","description":"El sector de la rob\u00f3tica se ocupa de una rama de la ingenier\u00eda que estudia y realiza sistemas automatizados capaces de llevar a cabo tareas y acciones espec\u00edficas, sustituyendo el trabajo f\u00edsico del..","robots":{"index":"index","follow":"follow","max-snippet":"max-snippet:-1","max-image-preview":"max-image-preview:large","max-video-preview":"max-video-preview:-1"},"canonical":"https:\/\/www.errebi-group.com\/es\/la-robotica","og_locale":"es_ES","og_type":"article","og_title":"Cableados para la rob\u00f3tica: cables y componentes el\u00e9ctricos","og_description":"El sector de la rob\u00f3tica se ocupa de una rama de la ingenier\u00eda que estudia y realiza sistemas automatizados capaces de llevar a cabo tareas y acciones espec\u00edficas, sustituyendo el trabajo f\u00edsico del..","og_url":"https:\/\/www.errebi-group.com\/es\/la-robotica","og_site_name":"ErreBi Group","article_publisher":"https:\/\/www.facebook.com\/errebigroupsrl","article_modified_time":"2025-09-29T14:28:22+00:00","og_image":[{"width":1920,"height":1080,"url":"https:\/\/www.errebi-group.com\/wp-content\/uploads\/2025\/04\/robotica-campo-di-impiego-errebi-group-hero-section.webp","type":"image\/webp"}],"twitter_card":"summary_large_image","twitter_misc":{"Tiempo de lectura":"4 minutos"},"schema":{"@context":"https:\/\/schema.org","@graph":[{"@type":"WebPage","@id":"https:\/\/www.errebi-group.com\/es\/la-robotica","url":"https:\/\/www.errebi-group.com\/es\/la-robotica","name":"Cableados para la rob\u00f3tica: cables y componentes el\u00e9ctricos","isPartOf":{"@id":"https:\/\/www.errebi-group.com\/es#website"},"primaryImageOfPage":{"@id":"https:\/\/www.errebi-group.com\/es\/la-robotica#primaryimage"},"image":{"@id":"https:\/\/www.errebi-group.com\/es\/la-robotica#primaryimage"},"thumbnailUrl":"https:\/\/www.errebi-group.com\/wp-content\/uploads\/2025\/04\/robotica-campo-di-impiego-errebi-group-hero-section.webp","datePublished":"2025-04-28T12:52:09+00:00","dateModified":"2025-09-29T14:28:22+00:00","description":"El sector de la rob\u00f3tica se ocupa de una rama de la ingenier\u00eda que estudia y realiza sistemas automatizados capaces de llevar a cabo tareas y acciones espec\u00edficas, sustituyendo el trabajo f\u00edsico del..","breadcrumb":{"@id":"https:\/\/www.errebi-group.com\/es\/la-robotica#breadcrumb"},"inLanguage":"es","potentialAction":[{"@type":"ReadAction","target":["https:\/\/www.errebi-group.com\/es\/la-robotica"]}]},{"@type":"ImageObject","inLanguage":"es","@id":"https:\/\/www.errebi-group.com\/es\/la-robotica#primaryimage","url":"https:\/\/www.errebi-group.com\/wp-content\/uploads\/2025\/04\/robotica-campo-di-impiego-errebi-group-hero-section.webp","contentUrl":"https:\/\/www.errebi-group.com\/wp-content\/uploads\/2025\/04\/robotica-campo-di-impiego-errebi-group-hero-section.webp","width":1920,"height":1080,"caption":"Brazo rob\u00f3tico con cables Ethernet azules, automatizaci\u00f3n y rob\u00f3tica de precisi\u00f3n"},{"@type":"BreadcrumbList","@id":"https:\/\/www.errebi-group.com\/es\/la-robotica#breadcrumb","itemListElement":[{"@type":"ListItem","position":1,"name":"Home","item":"https:\/\/www.errebi-group.com\/es"},{"@type":"ListItem","position":2,"name":"Cableados y componentes el\u00e9ctricos para la rob\u00f3tica"}]},{"@type":"WebSite","@id":"https:\/\/www.errebi-group.com\/es#website","url":"https:\/\/www.errebi-group.com\/es","name":"Errebi Group - Azienda produttrice di Cablaggi e Quadri Elettrici","description":"Azienda produttrice di Cablaggi e Quadri Elettrici","publisher":{"@id":"https:\/\/www.errebi-group.com\/es#organization"},"potentialAction":[{"@type":"SearchAction","target":{"@type":"EntryPoint","urlTemplate":"https:\/\/www.errebi-group.com\/es?s={search_term_string}"},"query-input":{"@type":"PropertyValueSpecification","valueRequired":true,"valueName":"search_term_string"}}],"inLanguage":"es"},{"@type":"Organization","@id":"https:\/\/www.errebi-group.com\/es#organization","name":"Errebi Group","url":"https:\/\/www.errebi-group.com\/es","logo":{"@type":"ImageObject","inLanguage":"es","@id":"https:\/\/www.errebi-group.com\/es#\/schema\/logo\/image\/","url":"https:\/\/www.errebi-group.com\/wp-content\/uploads\/2025\/04\/logo-errebi-group-payoff-white-website.png","contentUrl":"https:\/\/www.errebi-group.com\/wp-content\/uploads\/2025\/04\/logo-errebi-group-payoff-white-website.png","width":610,"height":100,"caption":"Errebi Group"},"image":{"@id":"https:\/\/www.errebi-group.com\/es#\/schema\/logo\/image\/"},"sameAs":["https:\/\/www.facebook.com\/errebigroupsrl","https:\/\/www.instagram.com\/errebi.group?igsh=cGNzN3FpcDFqNm1i","https:\/\/www.linkedin.com\/company\/errebigroup\/?originalSubdomain=it","https:\/\/www.youtube.com\/@errebigroup"]}]}},"_links":{"self":[{"href":"https:\/\/www.errebi-group.com\/es\/wp-json\/wp\/v2\/pages\/1936","targetHints":{"allow":["GET"]}}],"collection":[{"href":"https:\/\/www.errebi-group.com\/es\/wp-json\/wp\/v2\/pages"}],"about":[{"href":"https:\/\/www.errebi-group.com\/es\/wp-json\/wp\/v2\/types\/page"}],"author":[{"embeddable":true,"href":"https:\/\/www.errebi-group.com\/es\/wp-json\/wp\/v2\/users\/1"}],"replies":[{"embeddable":true,"href":"https:\/\/www.errebi-group.com\/es\/wp-json\/wp\/v2\/comments?post=1936"}],"version-history":[{"count":2,"href":"https:\/\/www.errebi-group.com\/es\/wp-json\/wp\/v2\/pages\/1936\/revisions"}],"predecessor-version":[{"id":2440,"href":"https:\/\/www.errebi-group.com\/es\/wp-json\/wp\/v2\/pages\/1936\/revisions\/2440"}],"wp:featuredmedia":[{"embeddable":true,"href":"https:\/\/www.errebi-group.com\/es\/wp-json\/wp\/v2\/media\/1697"}],"wp:attachment":[{"href":"https:\/\/www.errebi-group.com\/es\/wp-json\/wp\/v2\/media?parent=1936"}],"curies":[{"name":"wp","href":"https:\/\/api.w.org\/{rel}","templated":true}]}}