{"id":1948,"date":"2025-04-28T13:02:08","date_gmt":"2025-04-28T13:02:08","guid":{"rendered":"https:\/\/www.errebi-group.com\/cableados-y-componentes-para-la-electronica\/"},"modified":"2025-09-29T14:24:14","modified_gmt":"2025-09-29T14:24:14","slug":"electronica","status":"publish","type":"page","link":"https:\/\/www.errebi-group.com\/es\/electronica","title":{"rendered":"Cableados y componentes para la electr\u00f3nica"},"content":{"rendered":"<p>El <strong>sector de la electr\u00f3nica<\/strong> es un campo muy amplio y abarca, tal y como sugiere la palabra misma, todos los dispositivos, los equipamientos y los dispositivos que, para funcionar, utilizan energ\u00eda el\u00e9ctrica.<\/p>\n<p>Entrando m\u00e1s en materia, la <strong>electr\u00f3nica de consumo<\/strong> es una rama espec\u00edfica del sector que engloba los productos utilizados a gran escala pertenecientes a diferentes categor\u00edas:<\/p>\n<ul>\n<li><strong>comunicaci\u00f3n<\/strong> (tel\u00e9fonos, faxes, transceptores y todos aquellos aparatos que reciben y env\u00edan se\u00f1ales de comunicaci\u00f3n);<\/li>\n<li><strong>entretenimiento<\/strong> (televisiones, radios, videojuegos y otros productos para actividades de recreo y tiempo libre);<\/li>\n<li><strong>trabajo<\/strong> (ordenadores, impresoras, etc.).<\/li>\n<\/ul>\n<p>Hablamos, pues, de infinidad de art\u00edculos de uso diario que han conquistado todos los \u00e1mbitos de uso cotidiano.<\/p>\n<p>Los <strong>cableados para la electr\u00f3nica<\/strong>, pues, son muchos y de tipolog\u00eda variada. Conocer a ciencia cierta cu\u00e1les escoger y c\u00f3mo utilizarlos resulta absolutamente fundamental.<\/p>\n<div style=\"height: 48px;\"><\/div>\n<h2>Caracter\u00edsticas de los componentes para la electr\u00f3nica<\/h2>\n<p>Realizar un seguimiento exhaustivo de todos los componentes y cableados para la electr\u00f3nica dar\u00eda lugar a una largu\u00edsima lista continuamente actualizada, pero para tener una visi\u00f3n general, podemos identificar los siguientes <strong>componentes principales<\/strong>:<\/p>\n<ul>\n<li><strong>cableados audio y v\u00eddeo<\/strong>: todos los cables y componentes cuya funci\u00f3n es recibir y\/o retransmitir una <strong>se\u00f1al de audio<\/strong>, una <strong>se\u00f1al visual<\/strong> o ambas, como por ejemplo los <strong>cables HDMI<\/strong>, los <strong>cables auxiliares<\/strong>, los <strong>cables de alimentaci\u00f3n para instalaciones Hi-Fi,<\/strong> <strong>cables para micr\u00f3fonos<\/strong>, etc.<\/li>\n<li><strong>cableados para transmisi\u00f3n de datos y conexiones<\/strong>;<\/li>\n<li><strong>cables trenzados<\/strong>, <strong>cables de conexi\u00f3n USB o UART<\/strong> y todos los cableados que, en el campo de la electr\u00f3nica, conectan enchufes diversos para el intercambio de datos y se\u00f1ales.<\/li>\n<\/ul>\n<div style=\"height: 48px;\"><\/div>\n<h2>Dise\u00f1o personalizado<\/h2>\n<p><strong>Como en todos nuestros sectores de trabajo<\/strong>, tambi\u00e9n ofrecemos un <strong>servicio de planificaci\u00f3n personalizado de cableados y montajes<\/strong> en el campo de la electr\u00f3nica, intentando satisfacer las necesidades del cliente y adaptar lo m\u00e1s posible nuestro trabajo a su solicitud.<\/p>\n<p>Antes de dise\u00f1ar y <a href=\"https:\/\/www.errebi-group.com\/it\/produzione-cablaggi-elettrici\">fabricar un cableado<\/a> que se adapte a las necesidades de nuestro cliente, <strong>nuestros t\u00e9cnicos visitan<\/strong> el lugar para conocer en detalle la maquinaria a cablear, los espacios de trabajo y las eventuales necesidades de una estructura de soporte, <strong>para identificar luego c\u00f3mo deber\u00eda ser el producto espec\u00edfico a instalar<\/strong>.<\/p>\n<p><strong>Este tr\u00e1mite acelera indudablemente el proceso de producci\u00f3n<\/strong>, de manera que el cliente recibe <strong>un servicio perfectamente acorde con sus necesidades<\/strong>, ayud\u00e1ndolo a reducir, por consiguiente, tanto los tiempos como los costes de fabricaci\u00f3n.<\/p>\n<div style=\"height: 48px;\"><\/div>\n<h2>Asesoramiento espec\u00edfico<\/h2>\n<p>En un sector como el de la <strong>electr\u00f3nica<\/strong>, a menudo puede ser complicado entender por uno mismo cu\u00e1l ser\u00eda <strong>la tipolog\u00eda de cableado ideal para la maquinaria o para las funciones requeridas<\/strong>, m\u00e1s a\u00fan si el producto que se necesita es <strong>un montaje especialmente complejo<\/strong>.<\/p>\n<p>Para sortear este tipo de problem\u00e1tica, <strong>nuestros expertos ofrecen a diario a nuestros clientes sus conocimientos<\/strong> mediante <strong>un servicio de asesoramiento destinado a encontrar el producto adecuado para cada funci\u00f3n espec\u00edfica<\/strong> y aconsejar, si fuera necesario, <strong>la estructura m\u00e1s conveniente para su aplicaci\u00f3n<\/strong>.<\/p>\n<p>El objetivo es, claramente,<strong> ponerse en situaci\u00f3n lo m\u00e1s r\u00e1pidamente posible <\/strong>y encontrar <strong>la soluci\u00f3n m\u00e1s eficaz<\/strong> a todas las dudas, que pueda garantizar al cliente <strong>un servicio satisfactorio capaz de optimizar, al mismo tiempo, la relaci\u00f3n calidad-precio<\/strong>.<\/p>\n<div style=\"height: 48px;\"><\/div>\n<h2>Asistencia espec\u00edfica<\/h2>\n<p>El <strong>servicio de asistencia<\/strong> se ofrece en <strong>todos nuestros sectores de intervenci\u00f3n<\/strong> y, por tanto, tambi\u00e9n en un sector como el de la <strong>electr\u00f3nica<\/strong>,<\/p>\n<p><strong>Nuestros t\u00e9cnicos proporcionan<a href=\"https:\/\/www.errebi-group.com\/it\/consulenza\"> asistencia espec\u00edfica<\/a> para todos los cableados y montajes instalados<\/strong>, analizando a cada momento la problem\u00e1tica e interviniendo de manera espec\u00edfica una vez identificado el fallo.<\/p>\n<p><strong>Las intervenciones pueden realizarse sobre la totalidad del ensamblaje o sobre un solo cable<\/strong>, que se puede detectar y sustituir a tiempo con el fin de que la maquinaria vuelva a estar operativa lo antes posible.<\/p>\n<p><strong>Las competencias de nuestros expertos<\/strong> abarcan todos los sectores de nuestra empresa, <strong>permiti\u00e9ndoles no solo entender los problemas m\u00e1s complejos<\/strong>, <strong>sino tambi\u00e9n percatarse de cada peque\u00f1o detalle vinculado con un campo espec\u00edfico<\/strong>.<\/p>\n","protected":false},"excerpt":{"rendered":"<p>El sector de la electr\u00f3nica es un campo muy amplio y abarca, tal y como sugiere la palabra misma, todos los dispositivos, los equipamientos y los dispositivos que, para funcionar, utilizan energ\u00eda el\u00e9ctrica. Entrando m\u00e1s en materia, la electr\u00f3nica de consumo es una rama espec\u00edfica del sector que engloba los productos utilizados a gran escala [&hellip;]<\/p>\n","protected":false},"author":1,"featured_media":1669,"parent":0,"menu_order":0,"comment_status":"closed","ping_status":"closed","template":"","meta":{"footnotes":""},"class_list":["post-1948","page","type-page","status-publish","has-post-thumbnail","hentry"],"yoast_head":"<!-- This site is optimized with the Yoast SEO plugin v27.4 - https:\/\/yoast.com\/product\/yoast-seo-wordpress\/ -->\n<title>Cableados para el sector de la electr\u00f3nica, y otros componentes el\u00e9ctricos<\/title>\n<meta name=\"description\" content=\"El sector de la electr\u00f3nica es un campo muy amplio y abarca, tal y como sugiere la palabra misma, todos los dispositivos, los equipamientos y los dispositivos que, para funcionar, utilizan energ\u00eda...\" \/>\n<meta name=\"robots\" content=\"index, follow, max-snippet:-1, max-image-preview:large, max-video-preview:-1\" \/>\n<link rel=\"canonical\" href=\"https:\/\/www.errebi-group.com\/es\/electronica\" \/>\n<meta property=\"og:locale\" content=\"es_ES\" \/>\n<meta property=\"og:type\" content=\"article\" \/>\n<meta property=\"og:title\" content=\"Cableados para el sector de la electr\u00f3nica, y otros componentes el\u00e9ctricos\" \/>\n<meta property=\"og:description\" content=\"El sector de la electr\u00f3nica es un campo muy amplio y abarca, tal y como sugiere la palabra misma, todos los dispositivos, los equipamientos y los dispositivos que, para funcionar, utilizan energ\u00eda...\" \/>\n<meta property=\"og:url\" content=\"https:\/\/www.errebi-group.com\/es\/electronica\" \/>\n<meta property=\"og:site_name\" content=\"ErreBi Group\" \/>\n<meta property=\"article:publisher\" content=\"https:\/\/www.facebook.com\/errebigroupsrl\" \/>\n<meta property=\"article:modified_time\" content=\"2025-09-29T14:24:14+00:00\" \/>\n<meta property=\"og:image\" content=\"https:\/\/www.errebi-group.com\/wp-content\/uploads\/2025\/04\/elettronica-campo-di-impiego-errebi-group-hero-section.webp\" \/>\n\t<meta property=\"og:image:width\" content=\"1920\" \/>\n\t<meta property=\"og:image:height\" content=\"1080\" \/>\n\t<meta property=\"og:image:type\" content=\"image\/webp\" \/>\n<meta name=\"twitter:card\" content=\"summary_large_image\" \/>\n<meta name=\"twitter:label1\" content=\"Tiempo de lectura\" \/>\n\t<meta name=\"twitter:data1\" content=\"4 minutos\" \/>\n<script type=\"application\/ld+json\" class=\"yoast-schema-graph\">{\"@context\":\"https:\\\/\\\/schema.org\",\"@graph\":[{\"@type\":\"WebPage\",\"@id\":\"https:\\\/\\\/www.errebi-group.com\\\/es\\\/electronica\",\"url\":\"https:\\\/\\\/www.errebi-group.com\\\/es\\\/electronica\",\"name\":\"Cableados para el sector de la electr\u00f3nica, y otros componentes el\u00e9ctricos\",\"isPartOf\":{\"@id\":\"https:\\\/\\\/www.errebi-group.com\\\/es#website\"},\"primaryImageOfPage\":{\"@id\":\"https:\\\/\\\/www.errebi-group.com\\\/es\\\/electronica#primaryimage\"},\"image\":{\"@id\":\"https:\\\/\\\/www.errebi-group.com\\\/es\\\/electronica#primaryimage\"},\"thumbnailUrl\":\"https:\\\/\\\/www.errebi-group.com\\\/wp-content\\\/uploads\\\/2025\\\/04\\\/elettronica-campo-di-impiego-errebi-group-hero-section.webp\",\"datePublished\":\"2025-04-28T13:02:08+00:00\",\"dateModified\":\"2025-09-29T14:24:14+00:00\",\"description\":\"El sector de la electr\u00f3nica es un campo muy amplio y abarca, tal y como sugiere la palabra misma, todos los dispositivos, los equipamientos y los dispositivos que, para funcionar, utilizan energ\u00eda...\",\"breadcrumb\":{\"@id\":\"https:\\\/\\\/www.errebi-group.com\\\/es\\\/electronica#breadcrumb\"},\"inLanguage\":\"es\",\"potentialAction\":[{\"@type\":\"ReadAction\",\"target\":[\"https:\\\/\\\/www.errebi-group.com\\\/es\\\/electronica\"]}]},{\"@type\":\"ImageObject\",\"inLanguage\":\"es\",\"@id\":\"https:\\\/\\\/www.errebi-group.com\\\/es\\\/electronica#primaryimage\",\"url\":\"https:\\\/\\\/www.errebi-group.com\\\/wp-content\\\/uploads\\\/2025\\\/04\\\/elettronica-campo-di-impiego-errebi-group-hero-section.webp\",\"contentUrl\":\"https:\\\/\\\/www.errebi-group.com\\\/wp-content\\\/uploads\\\/2025\\\/04\\\/elettronica-campo-di-impiego-errebi-group-hero-section.webp\",\"width\":1920,\"height\":1080,\"caption\":\"Placas madre y circuitos electr\u00f3nicos en laboratorio t\u00e9cnico, sector electr\u00f3nico y microcomponentes\"},{\"@type\":\"BreadcrumbList\",\"@id\":\"https:\\\/\\\/www.errebi-group.com\\\/es\\\/electronica#breadcrumb\",\"itemListElement\":[{\"@type\":\"ListItem\",\"position\":1,\"name\":\"Home\",\"item\":\"https:\\\/\\\/www.errebi-group.com\\\/es\"},{\"@type\":\"ListItem\",\"position\":2,\"name\":\"Cableados y componentes para la electr\u00f3nica\"}]},{\"@type\":\"WebSite\",\"@id\":\"https:\\\/\\\/www.errebi-group.com\\\/es#website\",\"url\":\"https:\\\/\\\/www.errebi-group.com\\\/es\",\"name\":\"Errebi Group - Azienda produttrice di Cablaggi e Quadri Elettrici\",\"description\":\"Azienda produttrice di Cablaggi e Quadri Elettrici\",\"publisher\":{\"@id\":\"https:\\\/\\\/www.errebi-group.com\\\/es#organization\"},\"potentialAction\":[{\"@type\":\"SearchAction\",\"target\":{\"@type\":\"EntryPoint\",\"urlTemplate\":\"https:\\\/\\\/www.errebi-group.com\\\/es?s={search_term_string}\"},\"query-input\":{\"@type\":\"PropertyValueSpecification\",\"valueRequired\":true,\"valueName\":\"search_term_string\"}}],\"inLanguage\":\"es\"},{\"@type\":\"Organization\",\"@id\":\"https:\\\/\\\/www.errebi-group.com\\\/es#organization\",\"name\":\"Errebi Group\",\"url\":\"https:\\\/\\\/www.errebi-group.com\\\/es\",\"logo\":{\"@type\":\"ImageObject\",\"inLanguage\":\"es\",\"@id\":\"https:\\\/\\\/www.errebi-group.com\\\/es#\\\/schema\\\/logo\\\/image\\\/\",\"url\":\"https:\\\/\\\/www.errebi-group.com\\\/wp-content\\\/uploads\\\/2025\\\/04\\\/logo-errebi-group-payoff-white-website.png\",\"contentUrl\":\"https:\\\/\\\/www.errebi-group.com\\\/wp-content\\\/uploads\\\/2025\\\/04\\\/logo-errebi-group-payoff-white-website.png\",\"width\":610,\"height\":100,\"caption\":\"Errebi Group\"},\"image\":{\"@id\":\"https:\\\/\\\/www.errebi-group.com\\\/es#\\\/schema\\\/logo\\\/image\\\/\"},\"sameAs\":[\"https:\\\/\\\/www.facebook.com\\\/errebigroupsrl\",\"https:\\\/\\\/www.instagram.com\\\/errebi.group?igsh=cGNzN3FpcDFqNm1i\",\"https:\\\/\\\/www.linkedin.com\\\/company\\\/errebigroup\\\/?originalSubdomain=it\",\"https:\\\/\\\/www.youtube.com\\\/@errebigroup\"]}]}<\/script>\n<!-- \/ Yoast SEO plugin. -->","yoast_head_json":{"title":"Cableados para el sector de la electr\u00f3nica, y otros componentes el\u00e9ctricos","description":"El sector de la electr\u00f3nica es un campo muy amplio y abarca, tal y como sugiere la palabra misma, todos los dispositivos, los equipamientos y los dispositivos que, para funcionar, utilizan energ\u00eda...","robots":{"index":"index","follow":"follow","max-snippet":"max-snippet:-1","max-image-preview":"max-image-preview:large","max-video-preview":"max-video-preview:-1"},"canonical":"https:\/\/www.errebi-group.com\/es\/electronica","og_locale":"es_ES","og_type":"article","og_title":"Cableados para el sector de la electr\u00f3nica, y otros componentes el\u00e9ctricos","og_description":"El sector de la electr\u00f3nica es un campo muy amplio y abarca, tal y como sugiere la palabra misma, todos los dispositivos, los equipamientos y los dispositivos que, para funcionar, utilizan energ\u00eda...","og_url":"https:\/\/www.errebi-group.com\/es\/electronica","og_site_name":"ErreBi Group","article_publisher":"https:\/\/www.facebook.com\/errebigroupsrl","article_modified_time":"2025-09-29T14:24:14+00:00","og_image":[{"width":1920,"height":1080,"url":"https:\/\/www.errebi-group.com\/wp-content\/uploads\/2025\/04\/elettronica-campo-di-impiego-errebi-group-hero-section.webp","type":"image\/webp"}],"twitter_card":"summary_large_image","twitter_misc":{"Tiempo de lectura":"4 minutos"},"schema":{"@context":"https:\/\/schema.org","@graph":[{"@type":"WebPage","@id":"https:\/\/www.errebi-group.com\/es\/electronica","url":"https:\/\/www.errebi-group.com\/es\/electronica","name":"Cableados para el sector de la electr\u00f3nica, y otros componentes el\u00e9ctricos","isPartOf":{"@id":"https:\/\/www.errebi-group.com\/es#website"},"primaryImageOfPage":{"@id":"https:\/\/www.errebi-group.com\/es\/electronica#primaryimage"},"image":{"@id":"https:\/\/www.errebi-group.com\/es\/electronica#primaryimage"},"thumbnailUrl":"https:\/\/www.errebi-group.com\/wp-content\/uploads\/2025\/04\/elettronica-campo-di-impiego-errebi-group-hero-section.webp","datePublished":"2025-04-28T13:02:08+00:00","dateModified":"2025-09-29T14:24:14+00:00","description":"El sector de la electr\u00f3nica es un campo muy amplio y abarca, tal y como sugiere la palabra misma, todos los dispositivos, los equipamientos y los dispositivos que, para funcionar, utilizan energ\u00eda...","breadcrumb":{"@id":"https:\/\/www.errebi-group.com\/es\/electronica#breadcrumb"},"inLanguage":"es","potentialAction":[{"@type":"ReadAction","target":["https:\/\/www.errebi-group.com\/es\/electronica"]}]},{"@type":"ImageObject","inLanguage":"es","@id":"https:\/\/www.errebi-group.com\/es\/electronica#primaryimage","url":"https:\/\/www.errebi-group.com\/wp-content\/uploads\/2025\/04\/elettronica-campo-di-impiego-errebi-group-hero-section.webp","contentUrl":"https:\/\/www.errebi-group.com\/wp-content\/uploads\/2025\/04\/elettronica-campo-di-impiego-errebi-group-hero-section.webp","width":1920,"height":1080,"caption":"Placas madre y circuitos electr\u00f3nicos en laboratorio t\u00e9cnico, sector electr\u00f3nico y microcomponentes"},{"@type":"BreadcrumbList","@id":"https:\/\/www.errebi-group.com\/es\/electronica#breadcrumb","itemListElement":[{"@type":"ListItem","position":1,"name":"Home","item":"https:\/\/www.errebi-group.com\/es"},{"@type":"ListItem","position":2,"name":"Cableados y componentes para la electr\u00f3nica"}]},{"@type":"WebSite","@id":"https:\/\/www.errebi-group.com\/es#website","url":"https:\/\/www.errebi-group.com\/es","name":"Errebi Group - Azienda produttrice di Cablaggi e Quadri Elettrici","description":"Azienda produttrice di Cablaggi e Quadri Elettrici","publisher":{"@id":"https:\/\/www.errebi-group.com\/es#organization"},"potentialAction":[{"@type":"SearchAction","target":{"@type":"EntryPoint","urlTemplate":"https:\/\/www.errebi-group.com\/es?s={search_term_string}"},"query-input":{"@type":"PropertyValueSpecification","valueRequired":true,"valueName":"search_term_string"}}],"inLanguage":"es"},{"@type":"Organization","@id":"https:\/\/www.errebi-group.com\/es#organization","name":"Errebi Group","url":"https:\/\/www.errebi-group.com\/es","logo":{"@type":"ImageObject","inLanguage":"es","@id":"https:\/\/www.errebi-group.com\/es#\/schema\/logo\/image\/","url":"https:\/\/www.errebi-group.com\/wp-content\/uploads\/2025\/04\/logo-errebi-group-payoff-white-website.png","contentUrl":"https:\/\/www.errebi-group.com\/wp-content\/uploads\/2025\/04\/logo-errebi-group-payoff-white-website.png","width":610,"height":100,"caption":"Errebi Group"},"image":{"@id":"https:\/\/www.errebi-group.com\/es#\/schema\/logo\/image\/"},"sameAs":["https:\/\/www.facebook.com\/errebigroupsrl","https:\/\/www.instagram.com\/errebi.group?igsh=cGNzN3FpcDFqNm1i","https:\/\/www.linkedin.com\/company\/errebigroup\/?originalSubdomain=it","https:\/\/www.youtube.com\/@errebigroup"]}]}},"_links":{"self":[{"href":"https:\/\/www.errebi-group.com\/es\/wp-json\/wp\/v2\/pages\/1948","targetHints":{"allow":["GET"]}}],"collection":[{"href":"https:\/\/www.errebi-group.com\/es\/wp-json\/wp\/v2\/pages"}],"about":[{"href":"https:\/\/www.errebi-group.com\/es\/wp-json\/wp\/v2\/types\/page"}],"author":[{"embeddable":true,"href":"https:\/\/www.errebi-group.com\/es\/wp-json\/wp\/v2\/users\/1"}],"replies":[{"embeddable":true,"href":"https:\/\/www.errebi-group.com\/es\/wp-json\/wp\/v2\/comments?post=1948"}],"version-history":[{"count":2,"href":"https:\/\/www.errebi-group.com\/es\/wp-json\/wp\/v2\/pages\/1948\/revisions"}],"predecessor-version":[{"id":2434,"href":"https:\/\/www.errebi-group.com\/es\/wp-json\/wp\/v2\/pages\/1948\/revisions\/2434"}],"wp:featuredmedia":[{"embeddable":true,"href":"https:\/\/www.errebi-group.com\/es\/wp-json\/wp\/v2\/media\/1669"}],"wp:attachment":[{"href":"https:\/\/www.errebi-group.com\/es\/wp-json\/wp\/v2\/media?parent=1948"}],"curies":[{"name":"wp","href":"https:\/\/api.w.org\/{rel}","templated":true}]}}