{"id":1951,"date":"2025-04-28T13:57:41","date_gmt":"2025-04-28T13:57:41","guid":{"rendered":"https:\/\/www.errebi-group.com\/cableados-y-componentes-electricos-para-la-iluminacion\/"},"modified":"2025-09-29T14:26:35","modified_gmt":"2025-09-29T14:26:35","slug":"iluminacion","status":"publish","type":"page","link":"https:\/\/www.errebi-group.com\/es\/iluminacion","title":{"rendered":"Cableados y componentes el\u00e9ctricos para la iluminaci\u00f3n"},"content":{"rendered":"<p>El <strong>sector de la iluminaci\u00f3n<\/strong> abarca todos aquellos accesorios y dispositivos capaces de general luz que, generalmente, utilizan energ\u00eda el\u00e9ctrica o solar, cuya producci\u00f3n y demanda ha aumentado de forma exponencial en los \u00faltimos a\u00f1os.<\/p>\n<p>El sector de la iluminaci\u00f3n abarca un sinf\u00edn de productos como <strong>l\u00e1mparas para iluminaci\u00f3n interior y exterior<\/strong>, <strong>componentes espec\u00edficos para iluminaci\u00f3n urbana<\/strong> o <strong>luces ideales para la decoraci\u00f3n<\/strong>, como por ejemplo luces LED para ba\u00f1eras, piscinas o interiores de armarios.<\/p>\n<p>En definitiva, nos encontramos ante un sector m\u00e1s bien complejo, en el cual se utiliza una gran variedad de cableados.<\/p>\n<div style=\"height: 48px;\"><\/div>\n<h2>Caracter\u00edsticas de los elementos para la iluminaci\u00f3n<\/h2>\n<p><strong>La iluminaci\u00f3n<\/strong> ha sido desde siempre un factor important\u00edsimo, sin el cual nuestras vidas resultar\u00edan, sin lugar a duda, mucho m\u00e1s complicadas. Se encuentra presente, efectivamente, en casi cualquier lugar: vuelve menos oscuras las calles y el entorno urbano, y nos permite disfrutar de luz en casa, en la oficina o en los medios de transporte.<\/p>\n<p>Adem\u00e1s, la iluminaci\u00f3n se est\u00e1 convirtiendo d\u00eda tras d\u00eda en una verdadera cuesti\u00f3n de dise\u00f1o: cada vez m\u00e1s se solicitan, efectivamente, <strong>l\u00e1mparas y focos que regulen los diferentes niveles de luminosidad<\/strong> y realcen los espacios y vol\u00famenes donde se encuentran. Los cableados para la iluminaci\u00f3n se han adaptado a todas estas necesidades, y actualmente presentan diversas tipolog\u00edas.<\/p>\n<p>Entre ellas, adem\u00e1s de los elementos como los <strong>cables r\u00edgidos<\/strong>, <strong>los cables de enchufe<\/strong>, <strong>los cables y partes unipolares<\/strong> y los <strong>cables para iluminaci\u00f3n de faros o luces antiniebla<\/strong>, encontramos una producci\u00f3n m\u00e1s moderna y diversificada relativa a los<strong> cables de resistencia LED, alimentadores, adaptadores y cables para tiras luminosas<\/strong>.<\/p>\n<div style=\"height: 48px;\"><\/div>\n<h2>Dise\u00f1o personalizado<\/h2>\n<p>Como en todos nuestros sectores de trabajo, tambi\u00e9n ofrecemos un <strong><a href=\"https:\/\/www.errebi-group.com\/it\/progettazione-cablaggi\">servicio de planificaci\u00f3n personalizado de cableados<\/a> y <a href=\"https:\/\/www.errebi-group.com\/it\/assemblaggi-elettromeccanici\">montajes<\/a><\/strong> en el campo de la <strong>iluminaci\u00f3n<\/strong>, intentando satisfacer las necesidades del cliente y adaptar lo m\u00e1s posible nuestro trabajo a su solicitud.<\/p>\n<p>Antes de dise\u00f1ar y fabricar un cableado que se adapte a las necesidades de nuestro cliente, nuestros t\u00e9cnicos <strong>visitan el lugar<\/strong> para conocer en detalle la maquinaria a cablear, los espacios de trabajo y las eventuales necesidades de una estructura de soporte, para identificar luego c\u00f3mo deber\u00eda ser el producto espec\u00edfico a instalar.<\/p>\n<p>Este tr\u00e1mite acelera indudablemente el proceso de producci\u00f3n, de manera que el cliente recibe un servicio perfectamente acorde con sus necesidades, ayud\u00e1ndolo a <strong>reducir, por consiguiente, tanto los tiempos como los costes de fabricaci\u00f3n.<\/strong><\/p>\n<div style=\"height: 48px;\"><\/div>\n<h2>Asesoramiento espec\u00edfico<\/h2>\n<p>En un sector como el de la <strong>iluminaci\u00f3n<\/strong>, a menudo puede ser complicado entender por uno mismo cu\u00e1l ser\u00eda la tipolog\u00eda de cableado ideal para la maquinaria o para las funciones requeridas, m\u00e1s a\u00fan si el producto que se necesita es un <strong>montaje especialmente complejo<\/strong>.<\/p>\n<p>Para sortear este tipo de problem\u00e1tica, nuestros expertos ofrecen a diario a nuestros clientes sus conocimientos mediante un servicio de <strong>asesoramiento<\/strong> destinado a encontrar el producto adecuado para cada funci\u00f3n espec\u00edfica y aconsejar, si fuera necesario, la estructura m\u00e1s conveniente para su aplicaci\u00f3n.<\/p>\n<p>El objetivo es, claramente, ponerse en situaci\u00f3n lo m\u00e1s r\u00e1pidamente posible y encontrar la soluci\u00f3n m\u00e1s eficaz a todas las dudas, que pueda garantizar al cliente un servicio satisfactorio capaz de <strong>optimizar, al mismo tiempo, la relaci\u00f3n calidad-precio.<\/strong><\/p>\n<div style=\"height: 48px;\"><\/div>\n<h2>Asistencia espec\u00edfica<\/h2>\n<p>El servicio de <strong>asistencia<\/strong> se ofrece en todos nuestros sectores de intervenci\u00f3n y, por tanto, tambi\u00e9n en un sector como el de la <strong>iluminaci\u00f3n<\/strong>, a menudo puede ser complicado entender por uno mismo cu\u00e1l ser\u00eda la tipolog\u00eda de cableado ideal para la maquinaria o para las funciones requeridas, m\u00e1s a\u00fan si el producto que se necesita es un montaje . Nuestros t\u00e9cnicos proporcionan <a href=\"https:\/\/www.errebi-group.com\/it\/consulenza\">asistencia espec\u00edfica para todos los cableados<\/a> y montajes instalados, analizando a cada momento la problem\u00e1tica e interviniendo de manera espec\u00edfica una vez identificado el fallo.<\/p>\n<p><strong>Las intervenciones pueden realizarse sobre la totalidad del ensamblaje <\/strong>o sobre un <strong>solo cable<\/strong>, que se puede detectar y sustituir a tiempo con el fin de que la maquinaria vuelva a estar operativa lo antes posible.<\/p>\n<p>Las competencias de nuestros expertos abarcan todos los sectores de nuestra empresa, permiti\u00e9ndoles no solo entender los problemas m\u00e1s complejos, sino tambi\u00e9n percatarse de cada peque\u00f1o detalle vinculado con un campo espec\u00edfico.<\/p>\n","protected":false},"excerpt":{"rendered":"<p>El sector de la iluminaci\u00f3n abarca todos aquellos accesorios y dispositivos capaces de general luz que, generalmente, utilizan energ\u00eda el\u00e9ctrica o solar, cuya producci\u00f3n y demanda ha aumentado de forma exponencial en los \u00faltimos a\u00f1os. El sector de la iluminaci\u00f3n abarca un sinf\u00edn de productos como l\u00e1mparas para iluminaci\u00f3n interior y exterior, componentes espec\u00edficos para [&hellip;]<\/p>\n","protected":false},"author":1,"featured_media":1677,"parent":0,"menu_order":0,"comment_status":"closed","ping_status":"closed","template":"","meta":{"footnotes":""},"class_list":["post-1951","page","type-page","status-publish","has-post-thumbnail","hentry"],"yoast_head":"<!-- This site is optimized with the Yoast SEO plugin v27.4 - https:\/\/yoast.com\/product\/yoast-seo-wordpress\/ -->\n<title>Cableados para la iluminaci\u00f3n: cables y componentes el\u00e9ctricos<\/title>\n<meta name=\"description\" content=\"El sector de la iluminaci\u00f3n abarca todos aquellos accesorios y dispositivos capaces de general luz que, generalmente, utilizan energ\u00eda el\u00e9ctrica o solar, cuya producci\u00f3n y demanda ha aumentado de...\" \/>\n<meta name=\"robots\" content=\"index, follow, max-snippet:-1, max-image-preview:large, max-video-preview:-1\" \/>\n<link rel=\"canonical\" href=\"https:\/\/www.errebi-group.com\/es\/iluminacion\" \/>\n<meta property=\"og:locale\" content=\"es_ES\" \/>\n<meta property=\"og:type\" content=\"article\" \/>\n<meta property=\"og:title\" content=\"Cableados para la iluminaci\u00f3n: cables y componentes el\u00e9ctricos\" \/>\n<meta property=\"og:description\" content=\"El sector de la iluminaci\u00f3n abarca todos aquellos accesorios y dispositivos capaces de general luz que, generalmente, utilizan energ\u00eda el\u00e9ctrica o solar, cuya producci\u00f3n y demanda ha aumentado de...\" \/>\n<meta property=\"og:url\" content=\"https:\/\/www.errebi-group.com\/es\/iluminacion\" \/>\n<meta property=\"og:site_name\" content=\"ErreBi Group\" \/>\n<meta property=\"article:publisher\" content=\"https:\/\/www.facebook.com\/errebigroupsrl\" \/>\n<meta property=\"article:modified_time\" content=\"2025-09-29T14:26:35+00:00\" \/>\n<meta property=\"og:image\" content=\"https:\/\/www.errebi-group.com\/wp-content\/uploads\/2025\/04\/illuminazione-campo-di-impiego-errebi-group-hero-section.webp\" \/>\n\t<meta property=\"og:image:width\" content=\"1920\" \/>\n\t<meta property=\"og:image:height\" content=\"1080\" \/>\n\t<meta property=\"og:image:type\" content=\"image\/webp\" \/>\n<meta name=\"twitter:card\" content=\"summary_large_image\" \/>\n<meta name=\"twitter:label1\" content=\"Tiempo de lectura\" \/>\n\t<meta name=\"twitter:data1\" content=\"4 minutos\" \/>\n<script type=\"application\/ld+json\" class=\"yoast-schema-graph\">{\"@context\":\"https:\\\/\\\/schema.org\",\"@graph\":[{\"@type\":\"WebPage\",\"@id\":\"https:\\\/\\\/www.errebi-group.com\\\/es\\\/iluminacion\",\"url\":\"https:\\\/\\\/www.errebi-group.com\\\/es\\\/iluminacion\",\"name\":\"Cableados para la iluminaci\u00f3n: cables y componentes el\u00e9ctricos\",\"isPartOf\":{\"@id\":\"https:\\\/\\\/www.errebi-group.com\\\/es#website\"},\"primaryImageOfPage\":{\"@id\":\"https:\\\/\\\/www.errebi-group.com\\\/es\\\/iluminacion#primaryimage\"},\"image\":{\"@id\":\"https:\\\/\\\/www.errebi-group.com\\\/es\\\/iluminacion#primaryimage\"},\"thumbnailUrl\":\"https:\\\/\\\/www.errebi-group.com\\\/wp-content\\\/uploads\\\/2025\\\/04\\\/illuminazione-campo-di-impiego-errebi-group-hero-section.webp\",\"datePublished\":\"2025-04-28T13:57:41+00:00\",\"dateModified\":\"2025-09-29T14:26:35+00:00\",\"description\":\"El sector de la iluminaci\u00f3n abarca todos aquellos accesorios y dispositivos capaces de general luz que, generalmente, utilizan energ\u00eda el\u00e9ctrica o solar, cuya producci\u00f3n y demanda ha aumentado de...\",\"breadcrumb\":{\"@id\":\"https:\\\/\\\/www.errebi-group.com\\\/es\\\/iluminacion#breadcrumb\"},\"inLanguage\":\"es\",\"potentialAction\":[{\"@type\":\"ReadAction\",\"target\":[\"https:\\\/\\\/www.errebi-group.com\\\/es\\\/iluminacion\"]}]},{\"@type\":\"ImageObject\",\"inLanguage\":\"es\",\"@id\":\"https:\\\/\\\/www.errebi-group.com\\\/es\\\/iluminacion#primaryimage\",\"url\":\"https:\\\/\\\/www.errebi-group.com\\\/wp-content\\\/uploads\\\/2025\\\/04\\\/illuminazione-campo-di-impiego-errebi-group-hero-section.webp\",\"contentUrl\":\"https:\\\/\\\/www.errebi-group.com\\\/wp-content\\\/uploads\\\/2025\\\/04\\\/illuminazione-campo-di-impiego-errebi-group-hero-section.webp\",\"width\":1920,\"height\":1080,\"caption\":\"Proyector led azul profesional en sistema de iluminaci\u00f3n esc\u00e9nica de alta eficiencia\"},{\"@type\":\"BreadcrumbList\",\"@id\":\"https:\\\/\\\/www.errebi-group.com\\\/es\\\/iluminacion#breadcrumb\",\"itemListElement\":[{\"@type\":\"ListItem\",\"position\":1,\"name\":\"Home\",\"item\":\"https:\\\/\\\/www.errebi-group.com\\\/es\"},{\"@type\":\"ListItem\",\"position\":2,\"name\":\"Cableados y componentes el\u00e9ctricos para la iluminaci\u00f3n\"}]},{\"@type\":\"WebSite\",\"@id\":\"https:\\\/\\\/www.errebi-group.com\\\/es#website\",\"url\":\"https:\\\/\\\/www.errebi-group.com\\\/es\",\"name\":\"Errebi Group - Azienda produttrice di Cablaggi e Quadri Elettrici\",\"description\":\"Azienda produttrice di Cablaggi e Quadri Elettrici\",\"publisher\":{\"@id\":\"https:\\\/\\\/www.errebi-group.com\\\/es#organization\"},\"potentialAction\":[{\"@type\":\"SearchAction\",\"target\":{\"@type\":\"EntryPoint\",\"urlTemplate\":\"https:\\\/\\\/www.errebi-group.com\\\/es?s={search_term_string}\"},\"query-input\":{\"@type\":\"PropertyValueSpecification\",\"valueRequired\":true,\"valueName\":\"search_term_string\"}}],\"inLanguage\":\"es\"},{\"@type\":\"Organization\",\"@id\":\"https:\\\/\\\/www.errebi-group.com\\\/es#organization\",\"name\":\"Errebi Group\",\"url\":\"https:\\\/\\\/www.errebi-group.com\\\/es\",\"logo\":{\"@type\":\"ImageObject\",\"inLanguage\":\"es\",\"@id\":\"https:\\\/\\\/www.errebi-group.com\\\/es#\\\/schema\\\/logo\\\/image\\\/\",\"url\":\"https:\\\/\\\/www.errebi-group.com\\\/wp-content\\\/uploads\\\/2025\\\/04\\\/logo-errebi-group-payoff-white-website.png\",\"contentUrl\":\"https:\\\/\\\/www.errebi-group.com\\\/wp-content\\\/uploads\\\/2025\\\/04\\\/logo-errebi-group-payoff-white-website.png\",\"width\":610,\"height\":100,\"caption\":\"Errebi Group\"},\"image\":{\"@id\":\"https:\\\/\\\/www.errebi-group.com\\\/es#\\\/schema\\\/logo\\\/image\\\/\"},\"sameAs\":[\"https:\\\/\\\/www.facebook.com\\\/errebigroupsrl\",\"https:\\\/\\\/www.instagram.com\\\/errebi.group?igsh=cGNzN3FpcDFqNm1i\",\"https:\\\/\\\/www.linkedin.com\\\/company\\\/errebigroup\\\/?originalSubdomain=it\",\"https:\\\/\\\/www.youtube.com\\\/@errebigroup\"]}]}<\/script>\n<!-- \/ Yoast SEO plugin. -->","yoast_head_json":{"title":"Cableados para la iluminaci\u00f3n: cables y componentes el\u00e9ctricos","description":"El sector de la iluminaci\u00f3n abarca todos aquellos accesorios y dispositivos capaces de general luz que, generalmente, utilizan energ\u00eda el\u00e9ctrica o solar, cuya producci\u00f3n y demanda ha aumentado de...","robots":{"index":"index","follow":"follow","max-snippet":"max-snippet:-1","max-image-preview":"max-image-preview:large","max-video-preview":"max-video-preview:-1"},"canonical":"https:\/\/www.errebi-group.com\/es\/iluminacion","og_locale":"es_ES","og_type":"article","og_title":"Cableados para la iluminaci\u00f3n: cables y componentes el\u00e9ctricos","og_description":"El sector de la iluminaci\u00f3n abarca todos aquellos accesorios y dispositivos capaces de general luz que, generalmente, utilizan energ\u00eda el\u00e9ctrica o solar, cuya producci\u00f3n y demanda ha aumentado de...","og_url":"https:\/\/www.errebi-group.com\/es\/iluminacion","og_site_name":"ErreBi Group","article_publisher":"https:\/\/www.facebook.com\/errebigroupsrl","article_modified_time":"2025-09-29T14:26:35+00:00","og_image":[{"width":1920,"height":1080,"url":"https:\/\/www.errebi-group.com\/wp-content\/uploads\/2025\/04\/illuminazione-campo-di-impiego-errebi-group-hero-section.webp","type":"image\/webp"}],"twitter_card":"summary_large_image","twitter_misc":{"Tiempo de lectura":"4 minutos"},"schema":{"@context":"https:\/\/schema.org","@graph":[{"@type":"WebPage","@id":"https:\/\/www.errebi-group.com\/es\/iluminacion","url":"https:\/\/www.errebi-group.com\/es\/iluminacion","name":"Cableados para la iluminaci\u00f3n: cables y componentes el\u00e9ctricos","isPartOf":{"@id":"https:\/\/www.errebi-group.com\/es#website"},"primaryImageOfPage":{"@id":"https:\/\/www.errebi-group.com\/es\/iluminacion#primaryimage"},"image":{"@id":"https:\/\/www.errebi-group.com\/es\/iluminacion#primaryimage"},"thumbnailUrl":"https:\/\/www.errebi-group.com\/wp-content\/uploads\/2025\/04\/illuminazione-campo-di-impiego-errebi-group-hero-section.webp","datePublished":"2025-04-28T13:57:41+00:00","dateModified":"2025-09-29T14:26:35+00:00","description":"El sector de la iluminaci\u00f3n abarca todos aquellos accesorios y dispositivos capaces de general luz que, generalmente, utilizan energ\u00eda el\u00e9ctrica o solar, cuya producci\u00f3n y demanda ha aumentado de...","breadcrumb":{"@id":"https:\/\/www.errebi-group.com\/es\/iluminacion#breadcrumb"},"inLanguage":"es","potentialAction":[{"@type":"ReadAction","target":["https:\/\/www.errebi-group.com\/es\/iluminacion"]}]},{"@type":"ImageObject","inLanguage":"es","@id":"https:\/\/www.errebi-group.com\/es\/iluminacion#primaryimage","url":"https:\/\/www.errebi-group.com\/wp-content\/uploads\/2025\/04\/illuminazione-campo-di-impiego-errebi-group-hero-section.webp","contentUrl":"https:\/\/www.errebi-group.com\/wp-content\/uploads\/2025\/04\/illuminazione-campo-di-impiego-errebi-group-hero-section.webp","width":1920,"height":1080,"caption":"Proyector led azul profesional en sistema de iluminaci\u00f3n esc\u00e9nica de alta eficiencia"},{"@type":"BreadcrumbList","@id":"https:\/\/www.errebi-group.com\/es\/iluminacion#breadcrumb","itemListElement":[{"@type":"ListItem","position":1,"name":"Home","item":"https:\/\/www.errebi-group.com\/es"},{"@type":"ListItem","position":2,"name":"Cableados y componentes el\u00e9ctricos para la iluminaci\u00f3n"}]},{"@type":"WebSite","@id":"https:\/\/www.errebi-group.com\/es#website","url":"https:\/\/www.errebi-group.com\/es","name":"Errebi Group - Azienda produttrice di Cablaggi e Quadri Elettrici","description":"Azienda produttrice di Cablaggi e Quadri Elettrici","publisher":{"@id":"https:\/\/www.errebi-group.com\/es#organization"},"potentialAction":[{"@type":"SearchAction","target":{"@type":"EntryPoint","urlTemplate":"https:\/\/www.errebi-group.com\/es?s={search_term_string}"},"query-input":{"@type":"PropertyValueSpecification","valueRequired":true,"valueName":"search_term_string"}}],"inLanguage":"es"},{"@type":"Organization","@id":"https:\/\/www.errebi-group.com\/es#organization","name":"Errebi Group","url":"https:\/\/www.errebi-group.com\/es","logo":{"@type":"ImageObject","inLanguage":"es","@id":"https:\/\/www.errebi-group.com\/es#\/schema\/logo\/image\/","url":"https:\/\/www.errebi-group.com\/wp-content\/uploads\/2025\/04\/logo-errebi-group-payoff-white-website.png","contentUrl":"https:\/\/www.errebi-group.com\/wp-content\/uploads\/2025\/04\/logo-errebi-group-payoff-white-website.png","width":610,"height":100,"caption":"Errebi Group"},"image":{"@id":"https:\/\/www.errebi-group.com\/es#\/schema\/logo\/image\/"},"sameAs":["https:\/\/www.facebook.com\/errebigroupsrl","https:\/\/www.instagram.com\/errebi.group?igsh=cGNzN3FpcDFqNm1i","https:\/\/www.linkedin.com\/company\/errebigroup\/?originalSubdomain=it","https:\/\/www.youtube.com\/@errebigroup"]}]}},"_links":{"self":[{"href":"https:\/\/www.errebi-group.com\/es\/wp-json\/wp\/v2\/pages\/1951","targetHints":{"allow":["GET"]}}],"collection":[{"href":"https:\/\/www.errebi-group.com\/es\/wp-json\/wp\/v2\/pages"}],"about":[{"href":"https:\/\/www.errebi-group.com\/es\/wp-json\/wp\/v2\/types\/page"}],"author":[{"embeddable":true,"href":"https:\/\/www.errebi-group.com\/es\/wp-json\/wp\/v2\/users\/1"}],"replies":[{"embeddable":true,"href":"https:\/\/www.errebi-group.com\/es\/wp-json\/wp\/v2\/comments?post=1951"}],"version-history":[{"count":2,"href":"https:\/\/www.errebi-group.com\/es\/wp-json\/wp\/v2\/pages\/1951\/revisions"}],"predecessor-version":[{"id":2438,"href":"https:\/\/www.errebi-group.com\/es\/wp-json\/wp\/v2\/pages\/1951\/revisions\/2438"}],"wp:featuredmedia":[{"embeddable":true,"href":"https:\/\/www.errebi-group.com\/es\/wp-json\/wp\/v2\/media\/1677"}],"wp:attachment":[{"href":"https:\/\/www.errebi-group.com\/es\/wp-json\/wp\/v2\/media?parent=1951"}],"curies":[{"name":"wp","href":"https:\/\/api.w.org\/{rel}","templated":true}]}}