{"id":1957,"date":"2025-04-28T13:52:55","date_gmt":"2025-04-28T13:52:55","guid":{"rendered":"https:\/\/www.errebi-group.com\/cableados-y-componentes-electricos-para-el-sector-ferroviario\/"},"modified":"2025-09-29T14:29:45","modified_gmt":"2025-09-29T14:29:45","slug":"sector-ferroviario","status":"publish","type":"page","link":"https:\/\/www.errebi-group.com\/es\/sector-ferroviario","title":{"rendered":"Cableados y componentes el\u00e9ctricos para el sector ferroviario"},"content":{"rendered":"<p>El <strong>sector ferroviario<\/strong> se encuentra, sin lugar a duda, entre los campos donde se requiere mayor versatilidad y flexibilidad, ya que la actividad de <strong>cableado<\/strong> puede desarrollarse tanto en las estaciones de control como a bordo de los veh\u00edculos sobre ra\u00edles.<\/p>\n<p>Los servicios en este campo pueden, por tanto, desarrollarse en diversos niveles: del simple <strong>corte de los cables<\/strong>, hasta la fabricaci\u00f3n de <strong>instalaciones enteras<\/strong>. Por ello, los componentes utilizados deben tener una profunda adaptabilidad de uso, de modo que cada uno de los productos se pueda utilizar en los diversos sectores de aplicaci\u00f3n de la<strong> industria ferroviaria<\/strong> con total seguridad.<\/p>\n<p>Una <strong>elecci\u00f3n cuidadosa de los materiales<\/strong> resulta, en este contexto, un pasaje fundamental para que los cableados sean <strong>resistentes<\/strong>, garantizando el funcionamiento el\u00e9ctrico de los componentes y una <strong>transmisi\u00f3n de se\u00f1al<\/strong> sin riesgos de interrupci\u00f3n.<\/p>\n<div style=\"height: 48px;\"><\/div>\n<h2>Caracter\u00edsticas para el sector ferroviario<\/h2>\n<p>Las caracter\u00edsticas de los materiales y de los componentes para los<strong> cableados del sector ferroviario<\/strong> se eligen, como hemos visto, seg\u00fan su capacidad de resistencia a las <strong>fuertes vibraciones<\/strong> y a los <strong>cambios de temperatura<\/strong>.<\/p>\n<p>La protecci\u00f3n de los cableados se garantiza mediante materiales completamente <strong>ign\u00edfugos<\/strong> para conectores y cables, cuyo bloqueo se consigue gracias a<strong> frenos vibrantes<\/strong> aplicados especialmente en aquellos puntos sometidos a m\u00e1s esfuerzos.<\/p>\n<p>Cada cableado es sometido a las debidas pruebas en amplias franjas de temperatura, de modo que no sufra da\u00f1os incluso en los peores casos de <strong>shock t\u00e9rmico<\/strong>. Estos par\u00e1metros se aplican estrictamente a todos los cables, conectores y fundas del sector, como garant\u00eda de la exquisita meticulosidad de nuestro servicio y de la calidad del producto final.<\/p>\n<div style=\"height: 48px;\"><\/div>\n<h2>Dise\u00f1o personalizado<\/h2>\n<p>Como en todos nuestros sectores de trabajo, tambi\u00e9n ofrecemos un servicio de <strong><a href=\"https:\/\/www.errebi-group.com\/it\/progettazione-cablaggi\">planificaci\u00f3n personalizado de cableados<\/a> y <a href=\"https:\/\/www.errebi-group.com\/it\/assemblaggi-elettromeccanici\">montajes<\/a><\/strong> en el <strong>campo ferroviario<\/strong>, intentando satisfacer las necesidades del cliente y adaptar lo m\u00e1s posible nuestro trabajo a su solicitud.<\/p>\n<p>Antes de dise\u00f1ar y <a href=\"https:\/\/www.errebi-group.com\/it\/produzione-cablaggi-elettrici\">fabricar un cableado<\/a> que se adapte a las necesidades de nuestro cliente, nuestros t\u00e9cnicos <strong>visitan el lugar<\/strong> para conocer en detalle la maquinaria a cablear, los espacios de trabajo y las eventuales necesidades de una estructura de soporte, para identificar luego c\u00f3mo deber\u00eda ser el producto espec\u00edfico a instalar.<\/p>\n<p>Este tr\u00e1mite acelera indudablemente el proceso de producci\u00f3n, de manera que el cliente recibe un servicio perfectamente acorde con sus necesidades, ayud\u00e1ndolo a reducir, por consiguiente, tanto los tiempos como los costes de fabricaci\u00f3n.<\/p>\n<div style=\"height: 48px;\"><\/div>\n<h2>Asesoramiento espec\u00edfico<\/h2>\n<p>En un sector como el <strong>ferroviario<\/strong>, a menudo puede ser complicado entender por uno mismo cu\u00e1l ser\u00eda la tipolog\u00eda de cableado ideal para la maquinaria o para las funciones requeridas, m\u00e1s a\u00fan si el producto que se necesita es un montaje especialmente complejo.<\/p>\n<p>Para sortear este tipo de problem\u00e1tica, nuestros expertos ofrecen a diario a nuestros clientes sus conocimientos mediante un servicio de <strong>asesoramiento<\/strong> destinado a encontrar el producto adecuado para cada funci\u00f3n espec\u00edfica y aconsejar, si fuera necesario, la estructura m\u00e1s conveniente para su aplicaci\u00f3n.<\/p>\n<p>El objetivo es, claramente, <strong>ponerse en situaci\u00f3n lo m\u00e1s r\u00e1pidamente posible<\/strong> y encontrar la soluci\u00f3n m\u00e1s eficaz a todas las dudas, que pueda garantizar al cliente un servicio satisfactorio capaz de <strong>optimizar, al mismo tiempo, la relaci\u00f3n calidad-precio.<\/strong><\/p>\n<div style=\"height: 48px;\"><\/div>\n<h2>Asistencia espec\u00edfica<\/h2>\n<p>El <strong>servicio de asistencia<\/strong> se ofrece en todos nuestros sectores de intervenci\u00f3n y, por tanto, tambi\u00e9n en el sector <strong>ferroviario<\/strong>. <strong>Nuestros t\u00e9cnicos proporcionan<a href=\"https:\/\/www.errebi-group.com\/it\/consulenza\"> asistencia espec\u00edfica<\/a> para todos los cableados y montajes instalados<\/strong>, analizando a cada momento la problem\u00e1tica e interviniendo de manera espec\u00edfica una vez identificado el fallo.<\/p>\n<p><strong>Las intervenciones pueden realizarse sobre la totalidad del ensamblaje <\/strong>o sobre un <strong>solo cable<\/strong>, que se puede detectar y sustituir a tiempo con el fin de que la maquinaria vuelva a estar operativa lo antes posible.<\/p>\n<p>Las competencias de nuestros expertos abarcan todos los sectores de nuestra empresa, permiti\u00e9ndoles no solo entender los problemas m\u00e1s complejos, sino tambi\u00e9n percatarse de cada peque\u00f1o detalle vinculado con un campo espec\u00edfico.<\/p>\n","protected":false},"excerpt":{"rendered":"<p>El sector ferroviario se encuentra, sin lugar a duda, entre los campos donde se requiere mayor versatilidad y flexibilidad, ya que la actividad de cableado puede desarrollarse tanto en las estaciones de control como a bordo de los veh\u00edculos sobre ra\u00edles. Los servicios en este campo pueden, por tanto, desarrollarse en diversos niveles: del simple [&hellip;]<\/p>\n","protected":false},"author":1,"featured_media":1673,"parent":0,"menu_order":0,"comment_status":"closed","ping_status":"closed","template":"","meta":{"footnotes":""},"class_list":["post-1957","page","type-page","status-publish","has-post-thumbnail","hentry"],"yoast_head":"<!-- This site is optimized with the Yoast SEO plugin v27.4 - https:\/\/yoast.com\/product\/yoast-seo-wordpress\/ -->\n<title>Cableados para el sector ferroviario, cables y componentes el\u00e9ctricos<\/title>\n<meta name=\"description\" content=\"El sector ferroviario se encuentra, sin lugar a duda, entre los campos donde se requiere mayor versatilidad y flexibilidad, ya que la actividad de cableado puede desarrollarse tanto en las estaciones.\" \/>\n<meta name=\"robots\" content=\"index, follow, max-snippet:-1, max-image-preview:large, max-video-preview:-1\" \/>\n<link rel=\"canonical\" href=\"https:\/\/www.errebi-group.com\/es\/sector-ferroviario\" \/>\n<meta property=\"og:locale\" content=\"es_ES\" \/>\n<meta property=\"og:type\" content=\"article\" \/>\n<meta property=\"og:title\" content=\"Cableados para el sector ferroviario, cables y componentes el\u00e9ctricos\" \/>\n<meta property=\"og:description\" content=\"El sector ferroviario se encuentra, sin lugar a duda, entre los campos donde se requiere mayor versatilidad y flexibilidad, ya que la actividad de cableado puede desarrollarse tanto en las estaciones.\" \/>\n<meta property=\"og:url\" content=\"https:\/\/www.errebi-group.com\/es\/sector-ferroviario\" \/>\n<meta property=\"og:site_name\" content=\"ErreBi Group\" \/>\n<meta property=\"article:publisher\" content=\"https:\/\/www.facebook.com\/errebigroupsrl\" \/>\n<meta property=\"article:modified_time\" content=\"2025-09-29T14:29:45+00:00\" \/>\n<meta property=\"og:image\" content=\"https:\/\/www.errebi-group.com\/wp-content\/uploads\/2025\/04\/ferroviario-campo-di-impiego-errebi-group-hero-section.webp\" \/>\n\t<meta property=\"og:image:width\" content=\"1920\" \/>\n\t<meta property=\"og:image:height\" content=\"1080\" \/>\n\t<meta property=\"og:image:type\" content=\"image\/webp\" \/>\n<meta name=\"twitter:card\" content=\"summary_large_image\" \/>\n<meta name=\"twitter:label1\" content=\"Tiempo de lectura\" \/>\n\t<meta name=\"twitter:data1\" content=\"4 minutos\" \/>\n<script type=\"application\/ld+json\" class=\"yoast-schema-graph\">{\"@context\":\"https:\\\/\\\/schema.org\",\"@graph\":[{\"@type\":\"WebPage\",\"@id\":\"https:\\\/\\\/www.errebi-group.com\\\/es\\\/sector-ferroviario\",\"url\":\"https:\\\/\\\/www.errebi-group.com\\\/es\\\/sector-ferroviario\",\"name\":\"Cableados para el sector ferroviario, cables y componentes el\u00e9ctricos\",\"isPartOf\":{\"@id\":\"https:\\\/\\\/www.errebi-group.com\\\/es#website\"},\"primaryImageOfPage\":{\"@id\":\"https:\\\/\\\/www.errebi-group.com\\\/es\\\/sector-ferroviario#primaryimage\"},\"image\":{\"@id\":\"https:\\\/\\\/www.errebi-group.com\\\/es\\\/sector-ferroviario#primaryimage\"},\"thumbnailUrl\":\"https:\\\/\\\/www.errebi-group.com\\\/wp-content\\\/uploads\\\/2025\\\/04\\\/ferroviario-campo-di-impiego-errebi-group-hero-section.webp\",\"datePublished\":\"2025-04-28T13:52:55+00:00\",\"dateModified\":\"2025-09-29T14:29:45+00:00\",\"description\":\"El sector ferroviario se encuentra, sin lugar a duda, entre los campos donde se requiere mayor versatilidad y flexibilidad, ya que la actividad de cableado puede desarrollarse tanto en las estaciones.\",\"breadcrumb\":{\"@id\":\"https:\\\/\\\/www.errebi-group.com\\\/es\\\/sector-ferroviario#breadcrumb\"},\"inLanguage\":\"es\",\"potentialAction\":[{\"@type\":\"ReadAction\",\"target\":[\"https:\\\/\\\/www.errebi-group.com\\\/es\\\/sector-ferroviario\"]}]},{\"@type\":\"ImageObject\",\"inLanguage\":\"es\",\"@id\":\"https:\\\/\\\/www.errebi-group.com\\\/es\\\/sector-ferroviario#primaryimage\",\"url\":\"https:\\\/\\\/www.errebi-group.com\\\/wp-content\\\/uploads\\\/2025\\\/04\\\/ferroviario-campo-di-impiego-errebi-group-hero-section.webp\",\"contentUrl\":\"https:\\\/\\\/www.errebi-group.com\\\/wp-content\\\/uploads\\\/2025\\\/04\\\/ferroviario-campo-di-impiego-errebi-group-hero-section.webp\",\"width\":1920,\"height\":1080,\"caption\":\"Tren de alta velocidad en la estaci\u00f3n, s\u00edmbolo de innovaci\u00f3n tecnol\u00f3gica en el sector ferroviario\"},{\"@type\":\"BreadcrumbList\",\"@id\":\"https:\\\/\\\/www.errebi-group.com\\\/es\\\/sector-ferroviario#breadcrumb\",\"itemListElement\":[{\"@type\":\"ListItem\",\"position\":1,\"name\":\"Home\",\"item\":\"https:\\\/\\\/www.errebi-group.com\\\/es\"},{\"@type\":\"ListItem\",\"position\":2,\"name\":\"Cableados y componentes el\u00e9ctricos para el sector ferroviario\"}]},{\"@type\":\"WebSite\",\"@id\":\"https:\\\/\\\/www.errebi-group.com\\\/es#website\",\"url\":\"https:\\\/\\\/www.errebi-group.com\\\/es\",\"name\":\"Errebi Group - Azienda produttrice di Cablaggi e Quadri Elettrici\",\"description\":\"Azienda produttrice di Cablaggi e Quadri Elettrici\",\"publisher\":{\"@id\":\"https:\\\/\\\/www.errebi-group.com\\\/es#organization\"},\"potentialAction\":[{\"@type\":\"SearchAction\",\"target\":{\"@type\":\"EntryPoint\",\"urlTemplate\":\"https:\\\/\\\/www.errebi-group.com\\\/es?s={search_term_string}\"},\"query-input\":{\"@type\":\"PropertyValueSpecification\",\"valueRequired\":true,\"valueName\":\"search_term_string\"}}],\"inLanguage\":\"es\"},{\"@type\":\"Organization\",\"@id\":\"https:\\\/\\\/www.errebi-group.com\\\/es#organization\",\"name\":\"Errebi Group\",\"url\":\"https:\\\/\\\/www.errebi-group.com\\\/es\",\"logo\":{\"@type\":\"ImageObject\",\"inLanguage\":\"es\",\"@id\":\"https:\\\/\\\/www.errebi-group.com\\\/es#\\\/schema\\\/logo\\\/image\\\/\",\"url\":\"https:\\\/\\\/www.errebi-group.com\\\/wp-content\\\/uploads\\\/2025\\\/04\\\/logo-errebi-group-payoff-white-website.png\",\"contentUrl\":\"https:\\\/\\\/www.errebi-group.com\\\/wp-content\\\/uploads\\\/2025\\\/04\\\/logo-errebi-group-payoff-white-website.png\",\"width\":610,\"height\":100,\"caption\":\"Errebi Group\"},\"image\":{\"@id\":\"https:\\\/\\\/www.errebi-group.com\\\/es#\\\/schema\\\/logo\\\/image\\\/\"},\"sameAs\":[\"https:\\\/\\\/www.facebook.com\\\/errebigroupsrl\",\"https:\\\/\\\/www.instagram.com\\\/errebi.group?igsh=cGNzN3FpcDFqNm1i\",\"https:\\\/\\\/www.linkedin.com\\\/company\\\/errebigroup\\\/?originalSubdomain=it\",\"https:\\\/\\\/www.youtube.com\\\/@errebigroup\"]}]}<\/script>\n<!-- \/ Yoast SEO plugin. -->","yoast_head_json":{"title":"Cableados para el sector ferroviario, cables y componentes el\u00e9ctricos","description":"El sector ferroviario se encuentra, sin lugar a duda, entre los campos donde se requiere mayor versatilidad y flexibilidad, ya que la actividad de cableado puede desarrollarse tanto en las estaciones.","robots":{"index":"index","follow":"follow","max-snippet":"max-snippet:-1","max-image-preview":"max-image-preview:large","max-video-preview":"max-video-preview:-1"},"canonical":"https:\/\/www.errebi-group.com\/es\/sector-ferroviario","og_locale":"es_ES","og_type":"article","og_title":"Cableados para el sector ferroviario, cables y componentes el\u00e9ctricos","og_description":"El sector ferroviario se encuentra, sin lugar a duda, entre los campos donde se requiere mayor versatilidad y flexibilidad, ya que la actividad de cableado puede desarrollarse tanto en las estaciones.","og_url":"https:\/\/www.errebi-group.com\/es\/sector-ferroviario","og_site_name":"ErreBi Group","article_publisher":"https:\/\/www.facebook.com\/errebigroupsrl","article_modified_time":"2025-09-29T14:29:45+00:00","og_image":[{"width":1920,"height":1080,"url":"https:\/\/www.errebi-group.com\/wp-content\/uploads\/2025\/04\/ferroviario-campo-di-impiego-errebi-group-hero-section.webp","type":"image\/webp"}],"twitter_card":"summary_large_image","twitter_misc":{"Tiempo de lectura":"4 minutos"},"schema":{"@context":"https:\/\/schema.org","@graph":[{"@type":"WebPage","@id":"https:\/\/www.errebi-group.com\/es\/sector-ferroviario","url":"https:\/\/www.errebi-group.com\/es\/sector-ferroviario","name":"Cableados para el sector ferroviario, cables y componentes el\u00e9ctricos","isPartOf":{"@id":"https:\/\/www.errebi-group.com\/es#website"},"primaryImageOfPage":{"@id":"https:\/\/www.errebi-group.com\/es\/sector-ferroviario#primaryimage"},"image":{"@id":"https:\/\/www.errebi-group.com\/es\/sector-ferroviario#primaryimage"},"thumbnailUrl":"https:\/\/www.errebi-group.com\/wp-content\/uploads\/2025\/04\/ferroviario-campo-di-impiego-errebi-group-hero-section.webp","datePublished":"2025-04-28T13:52:55+00:00","dateModified":"2025-09-29T14:29:45+00:00","description":"El sector ferroviario se encuentra, sin lugar a duda, entre los campos donde se requiere mayor versatilidad y flexibilidad, ya que la actividad de cableado puede desarrollarse tanto en las estaciones.","breadcrumb":{"@id":"https:\/\/www.errebi-group.com\/es\/sector-ferroviario#breadcrumb"},"inLanguage":"es","potentialAction":[{"@type":"ReadAction","target":["https:\/\/www.errebi-group.com\/es\/sector-ferroviario"]}]},{"@type":"ImageObject","inLanguage":"es","@id":"https:\/\/www.errebi-group.com\/es\/sector-ferroviario#primaryimage","url":"https:\/\/www.errebi-group.com\/wp-content\/uploads\/2025\/04\/ferroviario-campo-di-impiego-errebi-group-hero-section.webp","contentUrl":"https:\/\/www.errebi-group.com\/wp-content\/uploads\/2025\/04\/ferroviario-campo-di-impiego-errebi-group-hero-section.webp","width":1920,"height":1080,"caption":"Tren de alta velocidad en la estaci\u00f3n, s\u00edmbolo de innovaci\u00f3n tecnol\u00f3gica en el sector ferroviario"},{"@type":"BreadcrumbList","@id":"https:\/\/www.errebi-group.com\/es\/sector-ferroviario#breadcrumb","itemListElement":[{"@type":"ListItem","position":1,"name":"Home","item":"https:\/\/www.errebi-group.com\/es"},{"@type":"ListItem","position":2,"name":"Cableados y componentes el\u00e9ctricos para el sector ferroviario"}]},{"@type":"WebSite","@id":"https:\/\/www.errebi-group.com\/es#website","url":"https:\/\/www.errebi-group.com\/es","name":"Errebi Group - Azienda produttrice di Cablaggi e Quadri Elettrici","description":"Azienda produttrice di Cablaggi e Quadri Elettrici","publisher":{"@id":"https:\/\/www.errebi-group.com\/es#organization"},"potentialAction":[{"@type":"SearchAction","target":{"@type":"EntryPoint","urlTemplate":"https:\/\/www.errebi-group.com\/es?s={search_term_string}"},"query-input":{"@type":"PropertyValueSpecification","valueRequired":true,"valueName":"search_term_string"}}],"inLanguage":"es"},{"@type":"Organization","@id":"https:\/\/www.errebi-group.com\/es#organization","name":"Errebi Group","url":"https:\/\/www.errebi-group.com\/es","logo":{"@type":"ImageObject","inLanguage":"es","@id":"https:\/\/www.errebi-group.com\/es#\/schema\/logo\/image\/","url":"https:\/\/www.errebi-group.com\/wp-content\/uploads\/2025\/04\/logo-errebi-group-payoff-white-website.png","contentUrl":"https:\/\/www.errebi-group.com\/wp-content\/uploads\/2025\/04\/logo-errebi-group-payoff-white-website.png","width":610,"height":100,"caption":"Errebi Group"},"image":{"@id":"https:\/\/www.errebi-group.com\/es#\/schema\/logo\/image\/"},"sameAs":["https:\/\/www.facebook.com\/errebigroupsrl","https:\/\/www.instagram.com\/errebi.group?igsh=cGNzN3FpcDFqNm1i","https:\/\/www.linkedin.com\/company\/errebigroup\/?originalSubdomain=it","https:\/\/www.youtube.com\/@errebigroup"]}]}},"_links":{"self":[{"href":"https:\/\/www.errebi-group.com\/es\/wp-json\/wp\/v2\/pages\/1957","targetHints":{"allow":["GET"]}}],"collection":[{"href":"https:\/\/www.errebi-group.com\/es\/wp-json\/wp\/v2\/pages"}],"about":[{"href":"https:\/\/www.errebi-group.com\/es\/wp-json\/wp\/v2\/types\/page"}],"author":[{"embeddable":true,"href":"https:\/\/www.errebi-group.com\/es\/wp-json\/wp\/v2\/users\/1"}],"replies":[{"embeddable":true,"href":"https:\/\/www.errebi-group.com\/es\/wp-json\/wp\/v2\/comments?post=1957"}],"version-history":[{"count":2,"href":"https:\/\/www.errebi-group.com\/es\/wp-json\/wp\/v2\/pages\/1957\/revisions"}],"predecessor-version":[{"id":2443,"href":"https:\/\/www.errebi-group.com\/es\/wp-json\/wp\/v2\/pages\/1957\/revisions\/2443"}],"wp:featuredmedia":[{"embeddable":true,"href":"https:\/\/www.errebi-group.com\/es\/wp-json\/wp\/v2\/media\/1673"}],"wp:attachment":[{"href":"https:\/\/www.errebi-group.com\/es\/wp-json\/wp\/v2\/media?parent=1957"}],"curies":[{"name":"wp","href":"https:\/\/api.w.org\/{rel}","templated":true}]}}