{"id":1961,"date":"2025-04-28T13:13:11","date_gmt":"2025-04-28T13:13:11","guid":{"rendered":"https:\/\/www.errebi-group.com\/cableados-y-componentes-electricos-para-linea-blanca\/"},"modified":"2025-09-29T14:28:49","modified_gmt":"2025-09-29T14:28:49","slug":"linea-blanca","status":"publish","type":"page","link":"https:\/\/www.errebi-group.com\/es\/linea-blanca","title":{"rendered":"Cableados y componentes el\u00e9ctricos para l\u00ednea blanca"},"content":{"rendered":"<p>Por <strong>l\u00ednea blanca <\/strong>se entiende el sector de los <strong>grandes electrodom\u00e9sticos<\/strong>.<\/p>\n<p>Como es f\u00e1cil imaginar, este sector abarca infinidad de dispositivos y aparatos y, muy probablemente, incluir\u00e1 todav\u00eda m\u00e1s en el futuro gracias a la aparici\u00f3n de <strong>tecnolog\u00edas actualizadas y nuevas<\/strong>.<\/p>\n<p>De los a\u00f1os setenta hasta hoy, de hecho, la fabricaci\u00f3n de <strong>grandes electrodom\u00e9sticos<\/strong> ha experimentado una verdadera revoluci\u00f3n, tanto es as\u00ed que hoy en d\u00eda ser\u00eda imposible imaginar la vida cotidiana sin ellos.<\/p>\n<p>En consecuencia, <strong>los cableados para l\u00ednea blanca<\/strong> est\u00e1n formados por componentes muy diversos entre ellos tanto por sus caracter\u00edsticas como por su uso, siendo los m\u00e1s solicitados del mercado.<\/p>\n<div style=\"height: 48px;\"><\/div>\n<h2>Caracter\u00edsticas del sector de los electrodom\u00e9sticos<\/h2>\n<p><strong>Los componentes y las tipolog\u00edas de cableados utilizados para los grandes electrodom\u00e9sticos<\/strong> son diferentes entre s\u00ed. Entre ellos se encuentran los <strong>cableados para calderas<\/strong>, <strong>climatizadores<\/strong>, <strong>lavadoras<\/strong>, <strong>lavaplatos<\/strong>, etc. A estos cableados espec\u00edficos se a\u00f1aden tambi\u00e9n <strong>componentes m\u00e1s gen\u00e9ricos<\/strong>, como por ejemplo <strong>alargadores<\/strong> y <strong>adaptadores<\/strong>, muy \u00fatiles en este sector.<\/p>\n<p>Como en el caso de muchos otros cables, tambi\u00e9n los pertenecientes a <strong>la l\u00ednea blanca<\/strong>, al estar vinculados a dispositivos de uso cotidiano, deben <strong>garantizar durante su funcionamiento una fuerte resistencia y durabilidad<\/strong>, y estar <strong>homologados y elaborados seg\u00fan las normativas vigentes<\/strong>.<\/p>\n<p>Adem\u00e1s, en caso de deber sustituir cableados viejos o defectuosos, <strong>es recomendable dirigirse a profesionales del sector<\/strong>, para evitar causar m\u00e1s da\u00f1os al electrodom\u00e9stico que se debe reparar.<\/p>\n<div style=\"height: 48px;\"><\/div>\n<h2>Dise\u00f1o personalizado<\/h2>\n<p>Como en todos nuestros sectores de trabajo, tambi\u00e9n ofrecemos un <strong>servicio de <a href=\"https:\/\/www.errebi-group.com\/it\/progettazione-cablaggi\">planificaci\u00f3n personalizado de cableados<\/a> y <a href=\"https:\/\/www.errebi-group.com\/it\/assemblaggi-elettromeccanici\">montajes<\/a><\/strong> en <strong>el campo de los grandes electrodom\u00e9sticos<\/strong>, intentando satisfacer las necesidades del cliente y adaptar lo m\u00e1s posible nuestro trabajo a su solicitud.<\/p>\n<p>Antes de dise\u00f1ar y <a href=\"https:\/\/www.errebi-group.com\/it\/produzione-cablaggi-elettrici\">fabricar un cableado<\/a> que se adapte a las necesidades de nuestro cliente, <strong>nuestros t\u00e9cnicos visitan<\/strong> el lugar para conocer en detalle la maquinaria a cablear, los espacios de trabajo y las eventuales necesidades de una estructura de soporte, <strong>para identificar luego c\u00f3mo deber\u00eda ser el producto espec\u00edfico a instalar<\/strong>.<\/p>\n<p><strong>Este tr\u00e1mite acelera indudablemente el proceso de producci\u00f3n<\/strong>, de manera que el cliente recibe <strong>un servicio perfectamente acorde con sus necesidades<\/strong>, ayud\u00e1ndolo a reducir, por consiguiente, tanto los tiempos como los costes de fabricaci\u00f3n.<\/p>\n<div style=\"height: 48px;\"><\/div>\n<h2>Asesoramiento espec\u00edfico<\/h2>\n<p>En un sector como el de <strong>los grandes electrodom\u00e9sticos<\/strong>, a menudo puede ser complicado entender por uno mismo cu\u00e1l ser\u00eda <strong>la tipolog\u00eda de cableado ideal para la maquinaria o para las funciones requeridas<\/strong>, m\u00e1s a\u00fan si el producto que se necesita es <strong>un montaje especialmente complejo<\/strong>.<\/p>\n<p>Para sortear este tipo de problem\u00e1tica, <strong>nuestros expertos ofrecen a diario a nuestros clientes sus conocimientos<\/strong> mediante <strong>un servicio de asesoramiento destinado a encontrar el producto adecuado para cada funci\u00f3n espec\u00edfica<\/strong> y aconsejar, si fuera necesario, <strong>la estructura m\u00e1s conveniente para su aplicaci\u00f3n<\/strong>.<\/p>\n<p>El objetivo es, claramente,<strong> ponerse en situaci\u00f3n lo m\u00e1s r\u00e1pidamente posible <\/strong>y encontrar <strong>la soluci\u00f3n m\u00e1s eficaz<\/strong> a todas las dudas, que pueda garantizar al cliente <strong>un servicio satisfactorio capaz de optimizar, al mismo tiempo, la relaci\u00f3n calidad-precio<\/strong>.<\/p>\n<div style=\"height: 48px;\"><\/div>\n<h2>Asistencia espec\u00edfica<\/h2>\n<p><strong>El servicio de asistencia<\/strong> se ofrece en<strong> todos nuestros sectores de intervenci\u00f3n<\/strong> y, por tanto, tambi\u00e9n <strong>en un sector como el de los grandes electrodom\u00e9sticos<\/strong>, a menudo puede ser complicado entender por uno mismo cu\u00e1l ser\u00eda la tipolog\u00eda de cableado ideal para la maquinaria o para las funciones requeridas, m\u00e1s a\u00fan si el producto que se necesita es un montaje.<\/p>\n<p><strong>Nuestros t\u00e9cnicos proporcionan<a href=\"https:\/\/www.errebi-group.com\/it\/consulenza\"> asistencia espec\u00edfica<\/a> para todos los cableados y montajes instalados<\/strong>, analizando a cada momento la problem\u00e1tica e interviniendo de manera espec\u00edfica una vez identificado el fallo.<\/p>\n<p><strong>Las intervenciones pueden realizarse sobre la totalidad del ensamblaje o sobre un solo cable<\/strong>, que se puede detectar y sustituir a tiempo con el fin de que la maquinaria vuelva a estar operativa lo antes posible.<\/p>\n<p><strong>Las competencias de nuestros expertos<\/strong> abarcan todos los sectores de nuestra empresa, <strong>permiti\u00e9ndoles no solo entender los problemas m\u00e1s complejos<\/strong>, <strong>sino tambi\u00e9n percatarse de cada peque\u00f1o detalle vinculado con un campo espec\u00edfico<\/strong>.<\/p>\n","protected":false},"excerpt":{"rendered":"<p>Por l\u00ednea blanca se entiende el sector de los grandes electrodom\u00e9sticos. Como es f\u00e1cil imaginar, este sector abarca infinidad de dispositivos y aparatos y, muy probablemente, incluir\u00e1 todav\u00eda m\u00e1s en el futuro gracias a la aparici\u00f3n de tecnolog\u00edas actualizadas y nuevas. De los a\u00f1os setenta hasta hoy, de hecho, la fabricaci\u00f3n de grandes electrodom\u00e9sticos ha [&hellip;]<\/p>\n","protected":false},"author":1,"featured_media":1701,"parent":0,"menu_order":0,"comment_status":"closed","ping_status":"closed","template":"","meta":{"footnotes":""},"class_list":["post-1961","page","type-page","status-publish","has-post-thumbnail","hentry"],"yoast_head":"<!-- This site is optimized with the Yoast SEO plugin v27.4 - https:\/\/yoast.com\/product\/yoast-seo-wordpress\/ -->\n<title>Cableados para l\u00ednea blanca, cables y componentes el\u00e9ctricos<\/title>\n<meta name=\"description\" content=\"Como es f\u00e1cil imaginar, este sector abarca infinidad de dispositivos y aparatos y, muy probablemente, incluir\u00e1 todav\u00eda m\u00e1s en el futuro gracias a la aparici\u00f3n de tecnolog\u00edas actualizadas y nuevas\" \/>\n<meta name=\"robots\" content=\"index, follow, max-snippet:-1, max-image-preview:large, max-video-preview:-1\" \/>\n<link rel=\"canonical\" href=\"https:\/\/www.errebi-group.com\/es\/linea-blanca\" \/>\n<meta property=\"og:locale\" content=\"es_ES\" \/>\n<meta property=\"og:type\" content=\"article\" \/>\n<meta property=\"og:title\" content=\"Cableados para l\u00ednea blanca, cables y componentes el\u00e9ctricos\" \/>\n<meta property=\"og:description\" content=\"Como es f\u00e1cil imaginar, este sector abarca infinidad de dispositivos y aparatos y, muy probablemente, incluir\u00e1 todav\u00eda m\u00e1s en el futuro gracias a la aparici\u00f3n de tecnolog\u00edas actualizadas y nuevas\" \/>\n<meta property=\"og:url\" content=\"https:\/\/www.errebi-group.com\/es\/linea-blanca\" \/>\n<meta property=\"og:site_name\" content=\"ErreBi Group\" \/>\n<meta property=\"article:publisher\" content=\"https:\/\/www.facebook.com\/errebigroupsrl\" \/>\n<meta property=\"article:modified_time\" content=\"2025-09-29T14:28:49+00:00\" \/>\n<meta property=\"og:image\" content=\"https:\/\/www.errebi-group.com\/wp-content\/uploads\/2025\/04\/settore-del-bianco-campo-di-impiego-errebi-group-hero-section.webp\" \/>\n\t<meta property=\"og:image:width\" content=\"1920\" \/>\n\t<meta property=\"og:image:height\" content=\"1080\" \/>\n\t<meta property=\"og:image:type\" content=\"image\/webp\" \/>\n<meta name=\"twitter:card\" content=\"summary_large_image\" \/>\n<meta name=\"twitter:label1\" content=\"Tiempo de lectura\" \/>\n\t<meta name=\"twitter:data1\" content=\"4 minutos\" \/>\n<script type=\"application\/ld+json\" class=\"yoast-schema-graph\">{\"@context\":\"https:\\\/\\\/schema.org\",\"@graph\":[{\"@type\":\"WebPage\",\"@id\":\"https:\\\/\\\/www.errebi-group.com\\\/es\\\/linea-blanca\",\"url\":\"https:\\\/\\\/www.errebi-group.com\\\/es\\\/linea-blanca\",\"name\":\"Cableados para l\u00ednea blanca, cables y componentes el\u00e9ctricos\",\"isPartOf\":{\"@id\":\"https:\\\/\\\/www.errebi-group.com\\\/es#website\"},\"primaryImageOfPage\":{\"@id\":\"https:\\\/\\\/www.errebi-group.com\\\/es\\\/linea-blanca#primaryimage\"},\"image\":{\"@id\":\"https:\\\/\\\/www.errebi-group.com\\\/es\\\/linea-blanca#primaryimage\"},\"thumbnailUrl\":\"https:\\\/\\\/www.errebi-group.com\\\/wp-content\\\/uploads\\\/2025\\\/04\\\/settore-del-bianco-campo-di-impiego-errebi-group-hero-section.webp\",\"datePublished\":\"2025-04-28T13:13:11+00:00\",\"dateModified\":\"2025-09-29T14:28:49+00:00\",\"description\":\"Como es f\u00e1cil imaginar, este sector abarca infinidad de dispositivos y aparatos y, muy probablemente, incluir\u00e1 todav\u00eda m\u00e1s en el futuro gracias a la aparici\u00f3n de tecnolog\u00edas actualizadas y nuevas\",\"breadcrumb\":{\"@id\":\"https:\\\/\\\/www.errebi-group.com\\\/es\\\/linea-blanca#breadcrumb\"},\"inLanguage\":\"es\",\"potentialAction\":[{\"@type\":\"ReadAction\",\"target\":[\"https:\\\/\\\/www.errebi-group.com\\\/es\\\/linea-blanca\"]}]},{\"@type\":\"ImageObject\",\"inLanguage\":\"es\",\"@id\":\"https:\\\/\\\/www.errebi-group.com\\\/es\\\/linea-blanca#primaryimage\",\"url\":\"https:\\\/\\\/www.errebi-group.com\\\/wp-content\\\/uploads\\\/2025\\\/04\\\/settore-del-bianco-campo-di-impiego-errebi-group-hero-section.webp\",\"contentUrl\":\"https:\\\/\\\/www.errebi-group.com\\\/wp-content\\\/uploads\\\/2025\\\/04\\\/settore-del-bianco-campo-di-impiego-errebi-group-hero-section.webp\",\"width\":1920,\"height\":1080,\"caption\":\"Vista interior de un electrodom\u00e9stico en fase de cableado, sector del blanco y electrodom\u00e9sticos\"},{\"@type\":\"BreadcrumbList\",\"@id\":\"https:\\\/\\\/www.errebi-group.com\\\/es\\\/linea-blanca#breadcrumb\",\"itemListElement\":[{\"@type\":\"ListItem\",\"position\":1,\"name\":\"Home\",\"item\":\"https:\\\/\\\/www.errebi-group.com\\\/es\"},{\"@type\":\"ListItem\",\"position\":2,\"name\":\"Cableados y componentes el\u00e9ctricos para l\u00ednea blanca\"}]},{\"@type\":\"WebSite\",\"@id\":\"https:\\\/\\\/www.errebi-group.com\\\/es#website\",\"url\":\"https:\\\/\\\/www.errebi-group.com\\\/es\",\"name\":\"Errebi Group - Azienda produttrice di Cablaggi e Quadri Elettrici\",\"description\":\"Azienda produttrice di Cablaggi e Quadri Elettrici\",\"publisher\":{\"@id\":\"https:\\\/\\\/www.errebi-group.com\\\/es#organization\"},\"potentialAction\":[{\"@type\":\"SearchAction\",\"target\":{\"@type\":\"EntryPoint\",\"urlTemplate\":\"https:\\\/\\\/www.errebi-group.com\\\/es?s={search_term_string}\"},\"query-input\":{\"@type\":\"PropertyValueSpecification\",\"valueRequired\":true,\"valueName\":\"search_term_string\"}}],\"inLanguage\":\"es\"},{\"@type\":\"Organization\",\"@id\":\"https:\\\/\\\/www.errebi-group.com\\\/es#organization\",\"name\":\"Errebi Group\",\"url\":\"https:\\\/\\\/www.errebi-group.com\\\/es\",\"logo\":{\"@type\":\"ImageObject\",\"inLanguage\":\"es\",\"@id\":\"https:\\\/\\\/www.errebi-group.com\\\/es#\\\/schema\\\/logo\\\/image\\\/\",\"url\":\"https:\\\/\\\/www.errebi-group.com\\\/wp-content\\\/uploads\\\/2025\\\/04\\\/logo-errebi-group-payoff-white-website.png\",\"contentUrl\":\"https:\\\/\\\/www.errebi-group.com\\\/wp-content\\\/uploads\\\/2025\\\/04\\\/logo-errebi-group-payoff-white-website.png\",\"width\":610,\"height\":100,\"caption\":\"Errebi Group\"},\"image\":{\"@id\":\"https:\\\/\\\/www.errebi-group.com\\\/es#\\\/schema\\\/logo\\\/image\\\/\"},\"sameAs\":[\"https:\\\/\\\/www.facebook.com\\\/errebigroupsrl\",\"https:\\\/\\\/www.instagram.com\\\/errebi.group?igsh=cGNzN3FpcDFqNm1i\",\"https:\\\/\\\/www.linkedin.com\\\/company\\\/errebigroup\\\/?originalSubdomain=it\",\"https:\\\/\\\/www.youtube.com\\\/@errebigroup\"]}]}<\/script>\n<!-- \/ Yoast SEO plugin. -->","yoast_head_json":{"title":"Cableados para l\u00ednea blanca, cables y componentes el\u00e9ctricos","description":"Como es f\u00e1cil imaginar, este sector abarca infinidad de dispositivos y aparatos y, muy probablemente, incluir\u00e1 todav\u00eda m\u00e1s en el futuro gracias a la aparici\u00f3n de tecnolog\u00edas actualizadas y nuevas","robots":{"index":"index","follow":"follow","max-snippet":"max-snippet:-1","max-image-preview":"max-image-preview:large","max-video-preview":"max-video-preview:-1"},"canonical":"https:\/\/www.errebi-group.com\/es\/linea-blanca","og_locale":"es_ES","og_type":"article","og_title":"Cableados para l\u00ednea blanca, cables y componentes el\u00e9ctricos","og_description":"Como es f\u00e1cil imaginar, este sector abarca infinidad de dispositivos y aparatos y, muy probablemente, incluir\u00e1 todav\u00eda m\u00e1s en el futuro gracias a la aparici\u00f3n de tecnolog\u00edas actualizadas y nuevas","og_url":"https:\/\/www.errebi-group.com\/es\/linea-blanca","og_site_name":"ErreBi Group","article_publisher":"https:\/\/www.facebook.com\/errebigroupsrl","article_modified_time":"2025-09-29T14:28:49+00:00","og_image":[{"width":1920,"height":1080,"url":"https:\/\/www.errebi-group.com\/wp-content\/uploads\/2025\/04\/settore-del-bianco-campo-di-impiego-errebi-group-hero-section.webp","type":"image\/webp"}],"twitter_card":"summary_large_image","twitter_misc":{"Tiempo de lectura":"4 minutos"},"schema":{"@context":"https:\/\/schema.org","@graph":[{"@type":"WebPage","@id":"https:\/\/www.errebi-group.com\/es\/linea-blanca","url":"https:\/\/www.errebi-group.com\/es\/linea-blanca","name":"Cableados para l\u00ednea blanca, cables y componentes el\u00e9ctricos","isPartOf":{"@id":"https:\/\/www.errebi-group.com\/es#website"},"primaryImageOfPage":{"@id":"https:\/\/www.errebi-group.com\/es\/linea-blanca#primaryimage"},"image":{"@id":"https:\/\/www.errebi-group.com\/es\/linea-blanca#primaryimage"},"thumbnailUrl":"https:\/\/www.errebi-group.com\/wp-content\/uploads\/2025\/04\/settore-del-bianco-campo-di-impiego-errebi-group-hero-section.webp","datePublished":"2025-04-28T13:13:11+00:00","dateModified":"2025-09-29T14:28:49+00:00","description":"Como es f\u00e1cil imaginar, este sector abarca infinidad de dispositivos y aparatos y, muy probablemente, incluir\u00e1 todav\u00eda m\u00e1s en el futuro gracias a la aparici\u00f3n de tecnolog\u00edas actualizadas y nuevas","breadcrumb":{"@id":"https:\/\/www.errebi-group.com\/es\/linea-blanca#breadcrumb"},"inLanguage":"es","potentialAction":[{"@type":"ReadAction","target":["https:\/\/www.errebi-group.com\/es\/linea-blanca"]}]},{"@type":"ImageObject","inLanguage":"es","@id":"https:\/\/www.errebi-group.com\/es\/linea-blanca#primaryimage","url":"https:\/\/www.errebi-group.com\/wp-content\/uploads\/2025\/04\/settore-del-bianco-campo-di-impiego-errebi-group-hero-section.webp","contentUrl":"https:\/\/www.errebi-group.com\/wp-content\/uploads\/2025\/04\/settore-del-bianco-campo-di-impiego-errebi-group-hero-section.webp","width":1920,"height":1080,"caption":"Vista interior de un electrodom\u00e9stico en fase de cableado, sector del blanco y electrodom\u00e9sticos"},{"@type":"BreadcrumbList","@id":"https:\/\/www.errebi-group.com\/es\/linea-blanca#breadcrumb","itemListElement":[{"@type":"ListItem","position":1,"name":"Home","item":"https:\/\/www.errebi-group.com\/es"},{"@type":"ListItem","position":2,"name":"Cableados y componentes el\u00e9ctricos para l\u00ednea blanca"}]},{"@type":"WebSite","@id":"https:\/\/www.errebi-group.com\/es#website","url":"https:\/\/www.errebi-group.com\/es","name":"Errebi Group - Azienda produttrice di Cablaggi e Quadri Elettrici","description":"Azienda produttrice di Cablaggi e Quadri Elettrici","publisher":{"@id":"https:\/\/www.errebi-group.com\/es#organization"},"potentialAction":[{"@type":"SearchAction","target":{"@type":"EntryPoint","urlTemplate":"https:\/\/www.errebi-group.com\/es?s={search_term_string}"},"query-input":{"@type":"PropertyValueSpecification","valueRequired":true,"valueName":"search_term_string"}}],"inLanguage":"es"},{"@type":"Organization","@id":"https:\/\/www.errebi-group.com\/es#organization","name":"Errebi Group","url":"https:\/\/www.errebi-group.com\/es","logo":{"@type":"ImageObject","inLanguage":"es","@id":"https:\/\/www.errebi-group.com\/es#\/schema\/logo\/image\/","url":"https:\/\/www.errebi-group.com\/wp-content\/uploads\/2025\/04\/logo-errebi-group-payoff-white-website.png","contentUrl":"https:\/\/www.errebi-group.com\/wp-content\/uploads\/2025\/04\/logo-errebi-group-payoff-white-website.png","width":610,"height":100,"caption":"Errebi Group"},"image":{"@id":"https:\/\/www.errebi-group.com\/es#\/schema\/logo\/image\/"},"sameAs":["https:\/\/www.facebook.com\/errebigroupsrl","https:\/\/www.instagram.com\/errebi.group?igsh=cGNzN3FpcDFqNm1i","https:\/\/www.linkedin.com\/company\/errebigroup\/?originalSubdomain=it","https:\/\/www.youtube.com\/@errebigroup"]}]}},"_links":{"self":[{"href":"https:\/\/www.errebi-group.com\/es\/wp-json\/wp\/v2\/pages\/1961","targetHints":{"allow":["GET"]}}],"collection":[{"href":"https:\/\/www.errebi-group.com\/es\/wp-json\/wp\/v2\/pages"}],"about":[{"href":"https:\/\/www.errebi-group.com\/es\/wp-json\/wp\/v2\/types\/page"}],"author":[{"embeddable":true,"href":"https:\/\/www.errebi-group.com\/es\/wp-json\/wp\/v2\/users\/1"}],"replies":[{"embeddable":true,"href":"https:\/\/www.errebi-group.com\/es\/wp-json\/wp\/v2\/comments?post=1961"}],"version-history":[{"count":2,"href":"https:\/\/www.errebi-group.com\/es\/wp-json\/wp\/v2\/pages\/1961\/revisions"}],"predecessor-version":[{"id":2441,"href":"https:\/\/www.errebi-group.com\/es\/wp-json\/wp\/v2\/pages\/1961\/revisions\/2441"}],"wp:featuredmedia":[{"embeddable":true,"href":"https:\/\/www.errebi-group.com\/es\/wp-json\/wp\/v2\/media\/1701"}],"wp:attachment":[{"href":"https:\/\/www.errebi-group.com\/es\/wp-json\/wp\/v2\/media?parent=1961"}],"curies":[{"name":"wp","href":"https:\/\/api.w.org\/{rel}","templated":true}]}}