{"id":1984,"date":"2025-04-28T13:18:05","date_gmt":"2025-04-28T13:18:05","guid":{"rendered":"https:\/\/www.errebi-group.com\/cableados-y-componentes-electricos-para-audio-y-video\/"},"modified":"2025-09-29T14:32:16","modified_gmt":"2025-09-29T14:32:16","slug":"audio-y-video","status":"publish","type":"page","link":"https:\/\/www.errebi-group.com\/es\/audio-y-video","title":{"rendered":"Cableados y componentes el\u00e9ctricos para audio y v\u00eddeo"},"content":{"rendered":"<p>En el <strong>sector audiovisual<\/strong>, el <strong>cableado<\/strong> es fundamental para el buen funcionamiento de las instalaciones, facilitando la interconexi\u00f3n de aparatos <strong>electr\u00f3nicos, anal\u00f3gicos o digitales<\/strong>.<\/p>\n<p>Para obtener un <strong>cableado para audio o v\u00eddeo<\/strong> que tenga un buen rendimiento es importante <strong>llevar a cabo un buen dise\u00f1o desde el primer momento<\/strong>, capaz de adaptarse a los espacios y dispositivos a conectar, y <strong>una cuidadosa aplicaci\u00f3n<\/strong> para que la transmisi\u00f3n de datos se realice de manera correcta y fluida, sin ning\u00fan tipo de interferencias.<\/p>\n<div style=\"height: 48px;\"><\/div>\n<h2>Caracter\u00edsticas de los componentes de audio y v\u00eddeo<\/h2>\n<p>Los componentes m\u00e1s utilizados en el <strong>cableado de audio y v\u00eddeo<\/strong> son, principalmente, <strong>los cables para altavoces ac\u00fasticos <\/strong>y <strong>los cables de se\u00f1al para la conexi\u00f3n de dispositivos electr\u00f3nicos<\/strong>, sin olvidar los <strong>cables de alimentaci\u00f3n<\/strong> y <strong>los conectores modulares<\/strong>.<\/p>\n<p>A ello se a\u00f1ade una amplia gama de <strong>conectores<\/strong> y <strong>sobre todo de fundas<\/strong>, para garantizar la protecci\u00f3n y el aislamiento de los conectores.<\/p>\n<p>Nuestros expertos pueden utilizar todos los componentes y materiales disponibles en nuestro cat\u00e1logo, tanto los <strong>cableados simples<\/strong> como<strong> los complejos y estructurados<\/strong>, satisfaciendo as\u00ed las necesidades del cliente y adaptando el trabajo al entorno pr\u00e1ctico.<\/p>\n<div style=\"height: 48px;\"><\/div>\n<h2>Dise\u00f1o personalizado<\/h2>\n<p>Como en todos nuestros sectores de trabajo, tambi\u00e9n ofrecemos <strong>un servicio de <a href=\"https:\/\/www.errebi-group.com\/it\/progettazione-cablaggi\">planificaci\u00f3n personalizado de cableados<\/a> y <a href=\"https:\/\/www.errebi-group.com\/it\/assemblaggi-elettromeccanici\">montajes<\/a><\/strong> en el <strong>campo del audiovisual<\/strong>, intentando satisfacer las necesidades del cliente y adaptar lo m\u00e1s posible nuestro trabajo a su solicitud.<\/p>\n<p>Antes de dise\u00f1ar y <a href=\"https:\/\/www.errebi-group.com\/it\/produzione-cablaggi-elettrici\">fabricar un cableado<\/a> que se adapte a las necesidades de nuestro cliente, <strong>nuestros t\u00e9cnicos visitan<\/strong> el lugar para conocer en detalle la maquinaria a cablear, los espacios de trabajo y las eventuales necesidades de una estructura de soporte, <strong>para identificar luego c\u00f3mo deber\u00eda ser el producto espec\u00edfico a instalar<\/strong>.<\/p>\n<p><strong>Este tr\u00e1mite acelera indudablemente el proceso de producci\u00f3n<\/strong>, de manera que el cliente recibe <strong>un servicio perfectamente acorde con sus necesidades<\/strong>, ayud\u00e1ndolo a reducir, por consiguiente, tanto los tiempos como los costes de fabricaci\u00f3n.<\/p>\n<div style=\"height: 48px;\"><\/div>\n<h2>Asesoramiento espec\u00edfico<\/h2>\n<p>En un sector como el <strong>audiovisual<\/strong>, a menudo puede ser complicado entender por uno mismo cu\u00e1l ser\u00eda <strong>la tipolog\u00eda de cableado ideal para la maquinaria o para las funciones requeridas<\/strong>, m\u00e1s a\u00fan si el producto que se necesita es <strong>un montaje especialmente complejo<\/strong>.<\/p>\n<p>Para sortear este tipo de problem\u00e1tica, <strong>nuestros expertos ofrecen a diario a nuestros clientes sus conocimientos<\/strong> mediante <strong>un servicio de asesoramiento destinado a encontrar el producto adecuado para cada funci\u00f3n espec\u00edfica<\/strong> y aconsejar, si fuera necesario, <strong>la estructura m\u00e1s conveniente para su aplicaci\u00f3n<\/strong>.<\/p>\n<p>El objetivo es, claramente,<strong> ponerse en situaci\u00f3n lo m\u00e1s r\u00e1pidamente posible <\/strong>y encontrar <strong>la soluci\u00f3n m\u00e1s eficaz<\/strong> a todas las dudas, que pueda garantizar al cliente <strong>un servicio satisfactorio capaz de optimizar, al mismo tiempo, la relaci\u00f3n calidad-precio<\/strong>.<\/p>\n<div style=\"height: 48px;\"><\/div>\n<p>El <strong>servicio de asistencia<\/strong> se ofrece en <strong>todos nuestros sectores de intervenci\u00f3n<\/strong> y, por tanto, tambi\u00e9n en un sector como la <strong>audiovisual<\/strong>, a menudo puede ser complicado entender por uno mismo cu\u00e1l ser\u00eda la tipolog\u00eda de cableado ideal para la maquinaria o para las funciones requeridas, m\u00e1s a\u00fan si el producto que se necesita es un montaje .<\/p>\n<p>Nuestros t\u00e9cnicos proporcionan <strong><a href=\"https:\/\/www.errebi-group.com\/it\/consulenza\">asistencia espec\u00edfica<\/a> para todos los cableados y montajes instalados<\/strong>, analizando a cada momento la problem\u00e1tica e interviniendo de manera espec\u00edfica una vez identificado el fallo.<\/p>\n<p><strong>Las intervenciones pueden realizarse sobre la totalidad del ensamblaje o sobre un solo cable<\/strong>, que se puede detectar y sustituir a tiempo con el fin de que la maquinaria vuelva a estar operativa lo antes posible.<\/p>\n<p><strong>Las competencias de nuestros expertos<\/strong> abarcan todos los sectores de nuestra empresa, <strong>permiti\u00e9ndoles no solo entender los problemas m\u00e1s complejos<\/strong>, <strong>sino tambi\u00e9n percatarse de cada peque\u00f1o detalle vinculado con un campo espec\u00edfico<\/strong>.<\/p>\n","protected":false},"excerpt":{"rendered":"<p>En el sector audiovisual, el cableado es fundamental para el buen funcionamiento de las instalaciones, facilitando la interconexi\u00f3n de aparatos electr\u00f3nicos, anal\u00f3gicos o digitales. Para obtener un cableado para audio o v\u00eddeo que tenga un buen rendimiento es importante llevar a cabo un buen dise\u00f1o desde el primer momento, capaz de adaptarse a los espacios [&hellip;]<\/p>\n","protected":false},"author":1,"featured_media":1649,"parent":0,"menu_order":0,"comment_status":"closed","ping_status":"closed","template":"","meta":{"footnotes":""},"class_list":["post-1984","page","type-page","status-publish","has-post-thumbnail","hentry"],"yoast_head":"<!-- This site is optimized with the Yoast SEO plugin v27.4 - https:\/\/yoast.com\/product\/yoast-seo-wordpress\/ -->\n<title>Cableado para audio y v\u00eddeo: cables y componentes el\u00e9ctricos<\/title>\n<meta name=\"description\" content=\"En el sector audiovisual, el cableado es fundamental para el buen funcionamiento de las instalaciones, facilitando la interconexi\u00f3n de aparatos electr\u00f3nicos, anal\u00f3gicos o digitales...\" \/>\n<meta name=\"robots\" content=\"index, follow, max-snippet:-1, max-image-preview:large, max-video-preview:-1\" \/>\n<link rel=\"canonical\" href=\"https:\/\/www.errebi-group.com\/es\/audio-y-video\" \/>\n<meta property=\"og:locale\" content=\"es_ES\" \/>\n<meta property=\"og:type\" content=\"article\" \/>\n<meta property=\"og:title\" content=\"Cableado para audio y v\u00eddeo: cables y componentes el\u00e9ctricos\" \/>\n<meta property=\"og:description\" content=\"En el sector audiovisual, el cableado es fundamental para el buen funcionamiento de las instalaciones, facilitando la interconexi\u00f3n de aparatos electr\u00f3nicos, anal\u00f3gicos o digitales...\" \/>\n<meta property=\"og:url\" content=\"https:\/\/www.errebi-group.com\/es\/audio-y-video\" \/>\n<meta property=\"og:site_name\" content=\"ErreBi Group\" \/>\n<meta property=\"article:publisher\" content=\"https:\/\/www.facebook.com\/errebigroupsrl\" \/>\n<meta property=\"article:modified_time\" content=\"2025-09-29T14:32:16+00:00\" \/>\n<meta property=\"og:image\" content=\"https:\/\/www.errebi-group.com\/wp-content\/uploads\/2025\/04\/audio-e-video-campo-di-impiego-errebi-group-hero-section.webp\" \/>\n\t<meta property=\"og:image:width\" content=\"1920\" \/>\n\t<meta property=\"og:image:height\" content=\"1080\" \/>\n\t<meta property=\"og:image:type\" content=\"image\/webp\" \/>\n<meta name=\"twitter:card\" content=\"summary_large_image\" \/>\n<meta name=\"twitter:label1\" content=\"Tiempo de lectura\" \/>\n\t<meta name=\"twitter:data1\" content=\"4 minutos\" \/>\n<script type=\"application\/ld+json\" class=\"yoast-schema-graph\">{\"@context\":\"https:\\\/\\\/schema.org\",\"@graph\":[{\"@type\":\"WebPage\",\"@id\":\"https:\\\/\\\/www.errebi-group.com\\\/es\\\/audio-y-video\",\"url\":\"https:\\\/\\\/www.errebi-group.com\\\/es\\\/audio-y-video\",\"name\":\"Cableado para audio y v\u00eddeo: cables y componentes el\u00e9ctricos\",\"isPartOf\":{\"@id\":\"https:\\\/\\\/www.errebi-group.com\\\/es#website\"},\"primaryImageOfPage\":{\"@id\":\"https:\\\/\\\/www.errebi-group.com\\\/es\\\/audio-y-video#primaryimage\"},\"image\":{\"@id\":\"https:\\\/\\\/www.errebi-group.com\\\/es\\\/audio-y-video#primaryimage\"},\"thumbnailUrl\":\"https:\\\/\\\/www.errebi-group.com\\\/wp-content\\\/uploads\\\/2025\\\/04\\\/audio-e-video-campo-di-impiego-errebi-group-hero-section.webp\",\"datePublished\":\"2025-04-28T13:18:05+00:00\",\"dateModified\":\"2025-09-29T14:32:16+00:00\",\"description\":\"En el sector audiovisual, el cableado es fundamental para el buen funcionamiento de las instalaciones, facilitando la interconexi\u00f3n de aparatos electr\u00f3nicos, anal\u00f3gicos o digitales...\",\"breadcrumb\":{\"@id\":\"https:\\\/\\\/www.errebi-group.com\\\/es\\\/audio-y-video#breadcrumb\"},\"inLanguage\":\"es\",\"potentialAction\":[{\"@type\":\"ReadAction\",\"target\":[\"https:\\\/\\\/www.errebi-group.com\\\/es\\\/audio-y-video\"]}]},{\"@type\":\"ImageObject\",\"inLanguage\":\"es\",\"@id\":\"https:\\\/\\\/www.errebi-group.com\\\/es\\\/audio-y-video#primaryimage\",\"url\":\"https:\\\/\\\/www.errebi-group.com\\\/wp-content\\\/uploads\\\/2025\\\/04\\\/audio-e-video-campo-di-impiego-errebi-group-hero-section.webp\",\"contentUrl\":\"https:\\\/\\\/www.errebi-group.com\\\/wp-content\\\/uploads\\\/2025\\\/04\\\/audio-e-video-campo-di-impiego-errebi-group-hero-section.webp\",\"width\":1920,\"height\":1080,\"caption\":\"Cables RCA conectados a una unidad de audio-v\u00eddeo, s\u00edmbolo de la electr\u00f3nica para telecomunicaciones y entretenimiento\"},{\"@type\":\"BreadcrumbList\",\"@id\":\"https:\\\/\\\/www.errebi-group.com\\\/es\\\/audio-y-video#breadcrumb\",\"itemListElement\":[{\"@type\":\"ListItem\",\"position\":1,\"name\":\"Home\",\"item\":\"https:\\\/\\\/www.errebi-group.com\\\/es\"},{\"@type\":\"ListItem\",\"position\":2,\"name\":\"Cableados y componentes el\u00e9ctricos para audio y v\u00eddeo\"}]},{\"@type\":\"WebSite\",\"@id\":\"https:\\\/\\\/www.errebi-group.com\\\/es#website\",\"url\":\"https:\\\/\\\/www.errebi-group.com\\\/es\",\"name\":\"Errebi Group - Azienda produttrice di Cablaggi e Quadri Elettrici\",\"description\":\"Azienda produttrice di Cablaggi e Quadri Elettrici\",\"publisher\":{\"@id\":\"https:\\\/\\\/www.errebi-group.com\\\/es#organization\"},\"potentialAction\":[{\"@type\":\"SearchAction\",\"target\":{\"@type\":\"EntryPoint\",\"urlTemplate\":\"https:\\\/\\\/www.errebi-group.com\\\/es?s={search_term_string}\"},\"query-input\":{\"@type\":\"PropertyValueSpecification\",\"valueRequired\":true,\"valueName\":\"search_term_string\"}}],\"inLanguage\":\"es\"},{\"@type\":\"Organization\",\"@id\":\"https:\\\/\\\/www.errebi-group.com\\\/es#organization\",\"name\":\"Errebi Group\",\"url\":\"https:\\\/\\\/www.errebi-group.com\\\/es\",\"logo\":{\"@type\":\"ImageObject\",\"inLanguage\":\"es\",\"@id\":\"https:\\\/\\\/www.errebi-group.com\\\/es#\\\/schema\\\/logo\\\/image\\\/\",\"url\":\"https:\\\/\\\/www.errebi-group.com\\\/wp-content\\\/uploads\\\/2025\\\/04\\\/logo-errebi-group-payoff-white-website.png\",\"contentUrl\":\"https:\\\/\\\/www.errebi-group.com\\\/wp-content\\\/uploads\\\/2025\\\/04\\\/logo-errebi-group-payoff-white-website.png\",\"width\":610,\"height\":100,\"caption\":\"Errebi Group\"},\"image\":{\"@id\":\"https:\\\/\\\/www.errebi-group.com\\\/es#\\\/schema\\\/logo\\\/image\\\/\"},\"sameAs\":[\"https:\\\/\\\/www.facebook.com\\\/errebigroupsrl\",\"https:\\\/\\\/www.instagram.com\\\/errebi.group?igsh=cGNzN3FpcDFqNm1i\",\"https:\\\/\\\/www.linkedin.com\\\/company\\\/errebigroup\\\/?originalSubdomain=it\",\"https:\\\/\\\/www.youtube.com\\\/@errebigroup\"]}]}<\/script>\n<!-- \/ Yoast SEO plugin. -->","yoast_head_json":{"title":"Cableado para audio y v\u00eddeo: cables y componentes el\u00e9ctricos","description":"En el sector audiovisual, el cableado es fundamental para el buen funcionamiento de las instalaciones, facilitando la interconexi\u00f3n de aparatos electr\u00f3nicos, anal\u00f3gicos o digitales...","robots":{"index":"index","follow":"follow","max-snippet":"max-snippet:-1","max-image-preview":"max-image-preview:large","max-video-preview":"max-video-preview:-1"},"canonical":"https:\/\/www.errebi-group.com\/es\/audio-y-video","og_locale":"es_ES","og_type":"article","og_title":"Cableado para audio y v\u00eddeo: cables y componentes el\u00e9ctricos","og_description":"En el sector audiovisual, el cableado es fundamental para el buen funcionamiento de las instalaciones, facilitando la interconexi\u00f3n de aparatos electr\u00f3nicos, anal\u00f3gicos o digitales...","og_url":"https:\/\/www.errebi-group.com\/es\/audio-y-video","og_site_name":"ErreBi Group","article_publisher":"https:\/\/www.facebook.com\/errebigroupsrl","article_modified_time":"2025-09-29T14:32:16+00:00","og_image":[{"width":1920,"height":1080,"url":"https:\/\/www.errebi-group.com\/wp-content\/uploads\/2025\/04\/audio-e-video-campo-di-impiego-errebi-group-hero-section.webp","type":"image\/webp"}],"twitter_card":"summary_large_image","twitter_misc":{"Tiempo de lectura":"4 minutos"},"schema":{"@context":"https:\/\/schema.org","@graph":[{"@type":"WebPage","@id":"https:\/\/www.errebi-group.com\/es\/audio-y-video","url":"https:\/\/www.errebi-group.com\/es\/audio-y-video","name":"Cableado para audio y v\u00eddeo: cables y componentes el\u00e9ctricos","isPartOf":{"@id":"https:\/\/www.errebi-group.com\/es#website"},"primaryImageOfPage":{"@id":"https:\/\/www.errebi-group.com\/es\/audio-y-video#primaryimage"},"image":{"@id":"https:\/\/www.errebi-group.com\/es\/audio-y-video#primaryimage"},"thumbnailUrl":"https:\/\/www.errebi-group.com\/wp-content\/uploads\/2025\/04\/audio-e-video-campo-di-impiego-errebi-group-hero-section.webp","datePublished":"2025-04-28T13:18:05+00:00","dateModified":"2025-09-29T14:32:16+00:00","description":"En el sector audiovisual, el cableado es fundamental para el buen funcionamiento de las instalaciones, facilitando la interconexi\u00f3n de aparatos electr\u00f3nicos, anal\u00f3gicos o digitales...","breadcrumb":{"@id":"https:\/\/www.errebi-group.com\/es\/audio-y-video#breadcrumb"},"inLanguage":"es","potentialAction":[{"@type":"ReadAction","target":["https:\/\/www.errebi-group.com\/es\/audio-y-video"]}]},{"@type":"ImageObject","inLanguage":"es","@id":"https:\/\/www.errebi-group.com\/es\/audio-y-video#primaryimage","url":"https:\/\/www.errebi-group.com\/wp-content\/uploads\/2025\/04\/audio-e-video-campo-di-impiego-errebi-group-hero-section.webp","contentUrl":"https:\/\/www.errebi-group.com\/wp-content\/uploads\/2025\/04\/audio-e-video-campo-di-impiego-errebi-group-hero-section.webp","width":1920,"height":1080,"caption":"Cables RCA conectados a una unidad de audio-v\u00eddeo, s\u00edmbolo de la electr\u00f3nica para telecomunicaciones y entretenimiento"},{"@type":"BreadcrumbList","@id":"https:\/\/www.errebi-group.com\/es\/audio-y-video#breadcrumb","itemListElement":[{"@type":"ListItem","position":1,"name":"Home","item":"https:\/\/www.errebi-group.com\/es"},{"@type":"ListItem","position":2,"name":"Cableados y componentes el\u00e9ctricos para audio y v\u00eddeo"}]},{"@type":"WebSite","@id":"https:\/\/www.errebi-group.com\/es#website","url":"https:\/\/www.errebi-group.com\/es","name":"Errebi Group - Azienda produttrice di Cablaggi e Quadri Elettrici","description":"Azienda produttrice di Cablaggi e Quadri Elettrici","publisher":{"@id":"https:\/\/www.errebi-group.com\/es#organization"},"potentialAction":[{"@type":"SearchAction","target":{"@type":"EntryPoint","urlTemplate":"https:\/\/www.errebi-group.com\/es?s={search_term_string}"},"query-input":{"@type":"PropertyValueSpecification","valueRequired":true,"valueName":"search_term_string"}}],"inLanguage":"es"},{"@type":"Organization","@id":"https:\/\/www.errebi-group.com\/es#organization","name":"Errebi Group","url":"https:\/\/www.errebi-group.com\/es","logo":{"@type":"ImageObject","inLanguage":"es","@id":"https:\/\/www.errebi-group.com\/es#\/schema\/logo\/image\/","url":"https:\/\/www.errebi-group.com\/wp-content\/uploads\/2025\/04\/logo-errebi-group-payoff-white-website.png","contentUrl":"https:\/\/www.errebi-group.com\/wp-content\/uploads\/2025\/04\/logo-errebi-group-payoff-white-website.png","width":610,"height":100,"caption":"Errebi Group"},"image":{"@id":"https:\/\/www.errebi-group.com\/es#\/schema\/logo\/image\/"},"sameAs":["https:\/\/www.facebook.com\/errebigroupsrl","https:\/\/www.instagram.com\/errebi.group?igsh=cGNzN3FpcDFqNm1i","https:\/\/www.linkedin.com\/company\/errebigroup\/?originalSubdomain=it","https:\/\/www.youtube.com\/@errebigroup"]}]}},"_links":{"self":[{"href":"https:\/\/www.errebi-group.com\/es\/wp-json\/wp\/v2\/pages\/1984","targetHints":{"allow":["GET"]}}],"collection":[{"href":"https:\/\/www.errebi-group.com\/es\/wp-json\/wp\/v2\/pages"}],"about":[{"href":"https:\/\/www.errebi-group.com\/es\/wp-json\/wp\/v2\/types\/page"}],"author":[{"embeddable":true,"href":"https:\/\/www.errebi-group.com\/es\/wp-json\/wp\/v2\/users\/1"}],"replies":[{"embeddable":true,"href":"https:\/\/www.errebi-group.com\/es\/wp-json\/wp\/v2\/comments?post=1984"}],"version-history":[{"count":2,"href":"https:\/\/www.errebi-group.com\/es\/wp-json\/wp\/v2\/pages\/1984\/revisions"}],"predecessor-version":[{"id":2447,"href":"https:\/\/www.errebi-group.com\/es\/wp-json\/wp\/v2\/pages\/1984\/revisions\/2447"}],"wp:featuredmedia":[{"embeddable":true,"href":"https:\/\/www.errebi-group.com\/es\/wp-json\/wp\/v2\/media\/1649"}],"wp:attachment":[{"href":"https:\/\/www.errebi-group.com\/es\/wp-json\/wp\/v2\/media?parent=1984"}],"curies":[{"name":"wp","href":"https:\/\/api.w.org\/{rel}","templated":true}]}}