{"id":1993,"date":"2025-04-28T13:23:47","date_gmt":"2025-04-28T13:23:47","guid":{"rendered":"https:\/\/www.errebi-group.com\/cableados-y-componentes-electricos-para-el-sector-del-petroleo-y-del-gas\/"},"modified":"2025-09-29T14:25:35","modified_gmt":"2025-09-29T14:25:35","slug":"petroleo-y-del-gas","status":"publish","type":"page","link":"https:\/\/www.errebi-group.com\/es\/petroleo-y-del-gas","title":{"rendered":"Cableados y componentes el\u00e9ctricos para el sector del petr\u00f3leo y del gas"},"content":{"rendered":"<p>El <strong>sector del petr\u00f3leo y del gas<\/strong> es un campo en continua expansi\u00f3n y abarca todas las pr\u00e1cticas y procedimientos relacionados no solo con <strong>la extracci\u00f3n y producci\u00f3n de las materias primas en cuesti\u00f3n<\/strong>, sino tambi\u00e9n con <strong>su transporte y almacenamiento<\/strong>.<\/p>\n<p>Dichas operaciones, complejas y precisas, <strong>requieren equipamientos y m\u00e1quinas espec\u00edficas<\/strong>, y se encargan a empresas altamente especializadas.<\/p>\n<p>A su vez, estos procesos se enfrentan continuamente a un doble desaf\u00edo: <strong>optimizar los <a href=\"https:\/\/www.errebi-group.com\/it\/lavorazioni-meccaniche\">procesos de producci\u00f3n<\/a><\/strong> y, al mismo tiempo, <strong>convertirlos en lo m\u00e1s respetuosos posible con los ecosistemas circundantes<\/strong>.<\/p>\n<p>Todas las fases de fabricaci\u00f3n deben respetar par\u00e1metros precisos: por ello, <strong>los dispositivos el\u00e9ctricos y electr\u00f3nicos deben disponer de componentes seguros <\/strong>y adecuados en cada una de sus partes.<\/p>\n<div style=\"height: 48px;\"><\/div>\n<h2>Caracter\u00edsticas de los componentes para el sector del petr\u00f3leo y del gas<\/h2>\n<p><strong>Los cableados para el sector del petr\u00f3leo y del gas <\/strong>son diversos en cuanto a uso, materiales y tipolog\u00eda, pero todos ellos deben <strong>garantizar una fiabilidad, rendimiento y prestaciones de alt\u00edsimo nivel<\/strong>.<\/p>\n<p>Solo as\u00ed, de hecho, se puede garantizar una <strong>extracci\u00f3n segura y \u00f3ptima de los recursos naturales<\/strong>, as\u00ed como una <strong>fabricaci\u00f3n adecuada<\/strong>.<\/p>\n<p>Los cableados pertenecientes a este sector, adem\u00e1s, <strong>deben ser capaces de aguantar el estr\u00e9s y los esfuerzos debidos a factores como la temperatura, la humedad y la presi\u00f3n<\/strong>.<\/p>\n<p>Los cableados y sus respectivos accesorios del sector del petr\u00f3leo y del gas pueden clasificarse en las siguientes categor\u00edas:<\/p>\n<ul>\n<li><strong>Cableados para tableros de control<\/strong>;<\/li>\n<li><strong>Cableados para medidores y para instrumentos de control<\/strong>;<\/li>\n<li><strong>cableados para compresores<\/strong>.<\/li>\n<\/ul>\n<p>Tal y como hemos mencionado, se trata solo de algunos de los sectores existentes: de hecho, existen otras categor\u00edas y subcategor\u00edas espec\u00edficas, que cada d\u00eda incorporan <strong>nuevos componentes y cableados m\u00e1s sofisticados gracias a los avances en este \u00e1mbito<\/strong>.<\/p>\n<div style=\"height: 48px;\"><\/div>\n<h2>Dise\u00f1o personalizado<\/h2>\n<p>Como en todos nuestros sectores de trabajo, tambi\u00e9n ofrecemos <strong>un servicio de <a href=\"https:\/\/www.errebi-group.com\/it\/progettazione-cablaggi\">planificaci\u00f3n personalizado de cableados<\/a> y <a href=\"https:\/\/www.errebi-group.com\/it\/assemblaggi-elettromeccanici\">montajes<\/a><\/strong> en el <strong>campo del petr\u00f3leo y del gas<\/strong>, intentando satisfacer las necesidades del cliente y adaptar lo m\u00e1s posible nuestro trabajo a su solicitud.<\/p>\n<p>Antes de dise\u00f1ar y fabricar <strong>un cableado que se adapte a las necesidades de nuestro cliente<\/strong>, nuestros t\u00e9cnicos<strong> visitan el lugar para conocer en detalle la maquinaria a cablear<\/strong>, los espacios de trabajo y las eventuales necesidades de una estructura de soporte, para identificar luego c\u00f3mo deber\u00eda ser el producto espec\u00edfico a instalar.<\/p>\n<p>Este tr\u00e1mite acelera indudablemente el proceso de producci\u00f3n, de manera que el cliente recibe <strong>un servicio perfectamente acorde con sus necesidades<\/strong>, ayud\u00e1ndolo a reducir, por consiguiente, tanto<strong> los tiempos como los costes de fabricaci\u00f3n<\/strong>.<\/p>\n<div style=\"height: 48px;\"><\/div>\n<h2>Asesoramiento espec\u00edfico<\/h2>\n<p><strong>En un sector como el del petr\u00f3leo y del gas<\/strong>, a menudo puede ser complicado entender por uno mismo cu\u00e1l ser\u00eda la tipolog\u00eda de cableado ideal para la maquinaria o para las funciones requeridas, m\u00e1s a\u00fan si el producto que se necesita es <strong>un montaje especialmente complejo<\/strong>.<\/p>\n<p>Para sortear este tipo de problem\u00e1tica,<strong> nuestros expertos ofrecen a diario a nuestros clientes sus conocimientos<\/strong> mediante <strong>un servicio de asesoramiento destinado a encontrar el producto adecuado para cada funci\u00f3n espec\u00edfica<\/strong> y aconsejar, si fuera necesario, <strong>la estructura m\u00e1s conveniente para su aplicaci\u00f3n<\/strong>.<\/p>\n<p>El objetivo es, claramente, <strong>ponerse en situaci\u00f3n lo m\u00e1s r\u00e1pidamente posible<\/strong> y encontrar <strong>la soluci\u00f3n m\u00e1s eficaz<\/strong> a todas las dudas, que pueda garantizar al cliente <strong>un servicio satisfactorio<\/strong> capaz de optimizar, al mismo tiempo, <strong>la relaci\u00f3n calidad-precio<\/strong>.<\/p>\n<div style=\"height: 48px;\"><\/div>\n<h2>Asistencia espec\u00edfica<\/h2>\n<p><strong>El servicio de asistencia<\/strong> se ofrece en todos nuestros sectores de intervenci\u00f3n y, por tanto, tambi\u00e9n en <strong>un sector como el del petr\u00f3leo y del gas<\/strong>, a menudo puede ser complicado entender por uno mismo cu\u00e1l ser\u00eda la tipolog\u00eda de cableado ideal para la maquinaria o para las funciones requeridas, m\u00e1s a\u00fan si el producto que se necesita es un montaje .<\/p>\n<p><strong>Nuestros t\u00e9cnicos proporcionan<a href=\"https:\/\/www.errebi-group.com\/it\/consulenza\"> asistencia espec\u00edfica<\/a> para todos los cableados y montajes instalados<\/strong>, analizando a cada momento la problem\u00e1tica e interviniendo de manera espec\u00edfica una vez identificado el fallo.<\/p>\n<p>Las intervenciones <strong>pueden realizarse sobre la totalidad del ensamblaje<\/strong> o sobre <strong>un solo cable<\/strong>, que se puede detectar y sustituir a tiempo con el fin de que la maquinaria vuelva a estar operativa lo antes posible.<\/p>\n<p><strong>Las competencias de nuestros expertos abarcan todos los sectores de nuestra empresa<\/strong>, permiti\u00e9ndoles no solo entender los problemas m\u00e1s complejos, sino tambi\u00e9n percatarse de cada peque\u00f1o detalle vinculado con un campo espec\u00edfico.<\/p>\n","protected":false},"excerpt":{"rendered":"<p>El sector del petr\u00f3leo y del gas es un campo en continua expansi\u00f3n y abarca todas las pr\u00e1cticas y procedimientos relacionados no solo con la extracci\u00f3n y producci\u00f3n de las materias primas en cuesti\u00f3n, sino tambi\u00e9n con su transporte y almacenamiento. Dichas operaciones, complejas y precisas, requieren equipamientos y m\u00e1quinas espec\u00edficas, y se encargan a [&hellip;]<\/p>\n","protected":false},"author":1,"featured_media":1693,"parent":0,"menu_order":0,"comment_status":"closed","ping_status":"closed","template":"","meta":{"footnotes":""},"class_list":["post-1993","page","type-page","status-publish","has-post-thumbnail","hentry"],"yoast_head":"<!-- This site is optimized with the Yoast SEO plugin v27.4 - https:\/\/yoast.com\/product\/yoast-seo-wordpress\/ -->\n<title>Cableados para el sector del petr\u00f3leo y del gas, y componentes el\u00e9ctricos<\/title>\n<meta name=\"description\" content=\"El sector del petr\u00f3leo y del gas es un campo en continua expansi\u00f3n y abarca todas las pr\u00e1cticas y procedimientos relacionados no solo con la extracci\u00f3n y producci\u00f3n de las materias primas en cuesti\u00f3n.\" \/>\n<meta name=\"robots\" content=\"index, follow, max-snippet:-1, max-image-preview:large, max-video-preview:-1\" \/>\n<link rel=\"canonical\" href=\"https:\/\/www.errebi-group.com\/es\/petroleo-y-del-gas\" \/>\n<meta property=\"og:locale\" content=\"es_ES\" \/>\n<meta property=\"og:type\" content=\"article\" \/>\n<meta property=\"og:title\" content=\"Cableados para el sector del petr\u00f3leo y del gas, y componentes el\u00e9ctricos\" \/>\n<meta property=\"og:description\" content=\"El sector del petr\u00f3leo y del gas es un campo en continua expansi\u00f3n y abarca todas las pr\u00e1cticas y procedimientos relacionados no solo con la extracci\u00f3n y producci\u00f3n de las materias primas en cuesti\u00f3n.\" \/>\n<meta property=\"og:url\" content=\"https:\/\/www.errebi-group.com\/es\/petroleo-y-del-gas\" \/>\n<meta property=\"og:site_name\" content=\"ErreBi Group\" \/>\n<meta property=\"article:publisher\" content=\"https:\/\/www.facebook.com\/errebigroupsrl\" \/>\n<meta property=\"article:modified_time\" content=\"2025-09-29T14:25:35+00:00\" \/>\n<meta property=\"og:image\" content=\"https:\/\/www.errebi-group.com\/wp-content\/uploads\/2025\/04\/oil-e-gas-campo-di-impiego-errebi-group-hero-section.webp\" \/>\n\t<meta property=\"og:image:width\" content=\"1920\" \/>\n\t<meta property=\"og:image:height\" content=\"1080\" \/>\n\t<meta property=\"og:image:type\" content=\"image\/webp\" \/>\n<meta name=\"twitter:card\" content=\"summary_large_image\" \/>\n<meta name=\"twitter:label1\" content=\"Tiempo de lectura\" \/>\n\t<meta name=\"twitter:data1\" content=\"4 minutos\" \/>\n<script type=\"application\/ld+json\" class=\"yoast-schema-graph\">{\"@context\":\"https:\\\/\\\/schema.org\",\"@graph\":[{\"@type\":\"WebPage\",\"@id\":\"https:\\\/\\\/www.errebi-group.com\\\/es\\\/petroleo-y-del-gas\",\"url\":\"https:\\\/\\\/www.errebi-group.com\\\/es\\\/petroleo-y-del-gas\",\"name\":\"Cableados para el sector del petr\u00f3leo y del gas, y componentes el\u00e9ctricos\",\"isPartOf\":{\"@id\":\"https:\\\/\\\/www.errebi-group.com\\\/es#website\"},\"primaryImageOfPage\":{\"@id\":\"https:\\\/\\\/www.errebi-group.com\\\/es\\\/petroleo-y-del-gas#primaryimage\"},\"image\":{\"@id\":\"https:\\\/\\\/www.errebi-group.com\\\/es\\\/petroleo-y-del-gas#primaryimage\"},\"thumbnailUrl\":\"https:\\\/\\\/www.errebi-group.com\\\/wp-content\\\/uploads\\\/2025\\\/04\\\/oil-e-gas-campo-di-impiego-errebi-group-hero-section.webp\",\"datePublished\":\"2025-04-28T13:23:47+00:00\",\"dateModified\":\"2025-09-29T14:25:35+00:00\",\"description\":\"El sector del petr\u00f3leo y del gas es un campo en continua expansi\u00f3n y abarca todas las pr\u00e1cticas y procedimientos relacionados no solo con la extracci\u00f3n y producci\u00f3n de las materias primas en cuesti\u00f3n.\",\"breadcrumb\":{\"@id\":\"https:\\\/\\\/www.errebi-group.com\\\/es\\\/petroleo-y-del-gas#breadcrumb\"},\"inLanguage\":\"es\",\"potentialAction\":[{\"@type\":\"ReadAction\",\"target\":[\"https:\\\/\\\/www.errebi-group.com\\\/es\\\/petroleo-y-del-gas\"]}]},{\"@type\":\"ImageObject\",\"inLanguage\":\"es\",\"@id\":\"https:\\\/\\\/www.errebi-group.com\\\/es\\\/petroleo-y-del-gas#primaryimage\",\"url\":\"https:\\\/\\\/www.errebi-group.com\\\/wp-content\\\/uploads\\\/2025\\\/04\\\/oil-e-gas-campo-di-impiego-errebi-group-hero-section.webp\",\"contentUrl\":\"https:\\\/\\\/www.errebi-group.com\\\/wp-content\\\/uploads\\\/2025\\\/04\\\/oil-e-gas-campo-di-impiego-errebi-group-hero-section.webp\",\"width\":1920,\"height\":1080,\"caption\":\"Vista a\u00e9rea de una instalaci\u00f3n de almacenamiento y refinaci\u00f3n en el sector o\u00edl & gas\"},{\"@type\":\"BreadcrumbList\",\"@id\":\"https:\\\/\\\/www.errebi-group.com\\\/es\\\/petroleo-y-del-gas#breadcrumb\",\"itemListElement\":[{\"@type\":\"ListItem\",\"position\":1,\"name\":\"Home\",\"item\":\"https:\\\/\\\/www.errebi-group.com\\\/es\"},{\"@type\":\"ListItem\",\"position\":2,\"name\":\"Cableados y componentes el\u00e9ctricos para el sector del petr\u00f3leo y del gas\"}]},{\"@type\":\"WebSite\",\"@id\":\"https:\\\/\\\/www.errebi-group.com\\\/es#website\",\"url\":\"https:\\\/\\\/www.errebi-group.com\\\/es\",\"name\":\"Errebi Group - Azienda produttrice di Cablaggi e Quadri Elettrici\",\"description\":\"Azienda produttrice di Cablaggi e Quadri Elettrici\",\"publisher\":{\"@id\":\"https:\\\/\\\/www.errebi-group.com\\\/es#organization\"},\"potentialAction\":[{\"@type\":\"SearchAction\",\"target\":{\"@type\":\"EntryPoint\",\"urlTemplate\":\"https:\\\/\\\/www.errebi-group.com\\\/es?s={search_term_string}\"},\"query-input\":{\"@type\":\"PropertyValueSpecification\",\"valueRequired\":true,\"valueName\":\"search_term_string\"}}],\"inLanguage\":\"es\"},{\"@type\":\"Organization\",\"@id\":\"https:\\\/\\\/www.errebi-group.com\\\/es#organization\",\"name\":\"Errebi Group\",\"url\":\"https:\\\/\\\/www.errebi-group.com\\\/es\",\"logo\":{\"@type\":\"ImageObject\",\"inLanguage\":\"es\",\"@id\":\"https:\\\/\\\/www.errebi-group.com\\\/es#\\\/schema\\\/logo\\\/image\\\/\",\"url\":\"https:\\\/\\\/www.errebi-group.com\\\/wp-content\\\/uploads\\\/2025\\\/04\\\/logo-errebi-group-payoff-white-website.png\",\"contentUrl\":\"https:\\\/\\\/www.errebi-group.com\\\/wp-content\\\/uploads\\\/2025\\\/04\\\/logo-errebi-group-payoff-white-website.png\",\"width\":610,\"height\":100,\"caption\":\"Errebi Group\"},\"image\":{\"@id\":\"https:\\\/\\\/www.errebi-group.com\\\/es#\\\/schema\\\/logo\\\/image\\\/\"},\"sameAs\":[\"https:\\\/\\\/www.facebook.com\\\/errebigroupsrl\",\"https:\\\/\\\/www.instagram.com\\\/errebi.group?igsh=cGNzN3FpcDFqNm1i\",\"https:\\\/\\\/www.linkedin.com\\\/company\\\/errebigroup\\\/?originalSubdomain=it\",\"https:\\\/\\\/www.youtube.com\\\/@errebigroup\"]}]}<\/script>\n<!-- \/ Yoast SEO plugin. -->","yoast_head_json":{"title":"Cableados para el sector del petr\u00f3leo y del gas, y componentes el\u00e9ctricos","description":"El sector del petr\u00f3leo y del gas es un campo en continua expansi\u00f3n y abarca todas las pr\u00e1cticas y procedimientos relacionados no solo con la extracci\u00f3n y producci\u00f3n de las materias primas en cuesti\u00f3n.","robots":{"index":"index","follow":"follow","max-snippet":"max-snippet:-1","max-image-preview":"max-image-preview:large","max-video-preview":"max-video-preview:-1"},"canonical":"https:\/\/www.errebi-group.com\/es\/petroleo-y-del-gas","og_locale":"es_ES","og_type":"article","og_title":"Cableados para el sector del petr\u00f3leo y del gas, y componentes el\u00e9ctricos","og_description":"El sector del petr\u00f3leo y del gas es un campo en continua expansi\u00f3n y abarca todas las pr\u00e1cticas y procedimientos relacionados no solo con la extracci\u00f3n y producci\u00f3n de las materias primas en cuesti\u00f3n.","og_url":"https:\/\/www.errebi-group.com\/es\/petroleo-y-del-gas","og_site_name":"ErreBi Group","article_publisher":"https:\/\/www.facebook.com\/errebigroupsrl","article_modified_time":"2025-09-29T14:25:35+00:00","og_image":[{"width":1920,"height":1080,"url":"https:\/\/www.errebi-group.com\/wp-content\/uploads\/2025\/04\/oil-e-gas-campo-di-impiego-errebi-group-hero-section.webp","type":"image\/webp"}],"twitter_card":"summary_large_image","twitter_misc":{"Tiempo de lectura":"4 minutos"},"schema":{"@context":"https:\/\/schema.org","@graph":[{"@type":"WebPage","@id":"https:\/\/www.errebi-group.com\/es\/petroleo-y-del-gas","url":"https:\/\/www.errebi-group.com\/es\/petroleo-y-del-gas","name":"Cableados para el sector del petr\u00f3leo y del gas, y componentes el\u00e9ctricos","isPartOf":{"@id":"https:\/\/www.errebi-group.com\/es#website"},"primaryImageOfPage":{"@id":"https:\/\/www.errebi-group.com\/es\/petroleo-y-del-gas#primaryimage"},"image":{"@id":"https:\/\/www.errebi-group.com\/es\/petroleo-y-del-gas#primaryimage"},"thumbnailUrl":"https:\/\/www.errebi-group.com\/wp-content\/uploads\/2025\/04\/oil-e-gas-campo-di-impiego-errebi-group-hero-section.webp","datePublished":"2025-04-28T13:23:47+00:00","dateModified":"2025-09-29T14:25:35+00:00","description":"El sector del petr\u00f3leo y del gas es un campo en continua expansi\u00f3n y abarca todas las pr\u00e1cticas y procedimientos relacionados no solo con la extracci\u00f3n y producci\u00f3n de las materias primas en cuesti\u00f3n.","breadcrumb":{"@id":"https:\/\/www.errebi-group.com\/es\/petroleo-y-del-gas#breadcrumb"},"inLanguage":"es","potentialAction":[{"@type":"ReadAction","target":["https:\/\/www.errebi-group.com\/es\/petroleo-y-del-gas"]}]},{"@type":"ImageObject","inLanguage":"es","@id":"https:\/\/www.errebi-group.com\/es\/petroleo-y-del-gas#primaryimage","url":"https:\/\/www.errebi-group.com\/wp-content\/uploads\/2025\/04\/oil-e-gas-campo-di-impiego-errebi-group-hero-section.webp","contentUrl":"https:\/\/www.errebi-group.com\/wp-content\/uploads\/2025\/04\/oil-e-gas-campo-di-impiego-errebi-group-hero-section.webp","width":1920,"height":1080,"caption":"Vista a\u00e9rea de una instalaci\u00f3n de almacenamiento y refinaci\u00f3n en el sector o\u00edl & gas"},{"@type":"BreadcrumbList","@id":"https:\/\/www.errebi-group.com\/es\/petroleo-y-del-gas#breadcrumb","itemListElement":[{"@type":"ListItem","position":1,"name":"Home","item":"https:\/\/www.errebi-group.com\/es"},{"@type":"ListItem","position":2,"name":"Cableados y componentes el\u00e9ctricos para el sector del petr\u00f3leo y del gas"}]},{"@type":"WebSite","@id":"https:\/\/www.errebi-group.com\/es#website","url":"https:\/\/www.errebi-group.com\/es","name":"Errebi Group - Azienda produttrice di Cablaggi e Quadri Elettrici","description":"Azienda produttrice di Cablaggi e Quadri Elettrici","publisher":{"@id":"https:\/\/www.errebi-group.com\/es#organization"},"potentialAction":[{"@type":"SearchAction","target":{"@type":"EntryPoint","urlTemplate":"https:\/\/www.errebi-group.com\/es?s={search_term_string}"},"query-input":{"@type":"PropertyValueSpecification","valueRequired":true,"valueName":"search_term_string"}}],"inLanguage":"es"},{"@type":"Organization","@id":"https:\/\/www.errebi-group.com\/es#organization","name":"Errebi Group","url":"https:\/\/www.errebi-group.com\/es","logo":{"@type":"ImageObject","inLanguage":"es","@id":"https:\/\/www.errebi-group.com\/es#\/schema\/logo\/image\/","url":"https:\/\/www.errebi-group.com\/wp-content\/uploads\/2025\/04\/logo-errebi-group-payoff-white-website.png","contentUrl":"https:\/\/www.errebi-group.com\/wp-content\/uploads\/2025\/04\/logo-errebi-group-payoff-white-website.png","width":610,"height":100,"caption":"Errebi Group"},"image":{"@id":"https:\/\/www.errebi-group.com\/es#\/schema\/logo\/image\/"},"sameAs":["https:\/\/www.facebook.com\/errebigroupsrl","https:\/\/www.instagram.com\/errebi.group?igsh=cGNzN3FpcDFqNm1i","https:\/\/www.linkedin.com\/company\/errebigroup\/?originalSubdomain=it","https:\/\/www.youtube.com\/@errebigroup"]}]}},"_links":{"self":[{"href":"https:\/\/www.errebi-group.com\/es\/wp-json\/wp\/v2\/pages\/1993","targetHints":{"allow":["GET"]}}],"collection":[{"href":"https:\/\/www.errebi-group.com\/es\/wp-json\/wp\/v2\/pages"}],"about":[{"href":"https:\/\/www.errebi-group.com\/es\/wp-json\/wp\/v2\/types\/page"}],"author":[{"embeddable":true,"href":"https:\/\/www.errebi-group.com\/es\/wp-json\/wp\/v2\/users\/1"}],"replies":[{"embeddable":true,"href":"https:\/\/www.errebi-group.com\/es\/wp-json\/wp\/v2\/comments?post=1993"}],"version-history":[{"count":1,"href":"https:\/\/www.errebi-group.com\/es\/wp-json\/wp\/v2\/pages\/1993\/revisions"}],"predecessor-version":[{"id":1994,"href":"https:\/\/www.errebi-group.com\/es\/wp-json\/wp\/v2\/pages\/1993\/revisions\/1994"}],"wp:featuredmedia":[{"embeddable":true,"href":"https:\/\/www.errebi-group.com\/es\/wp-json\/wp\/v2\/media\/1693"}],"wp:attachment":[{"href":"https:\/\/www.errebi-group.com\/es\/wp-json\/wp\/v2\/media?parent=1993"}],"curies":[{"name":"wp","href":"https:\/\/api.w.org\/{rel}","templated":true}]}}