{"id":1995,"date":"2025-04-28T13:28:23","date_gmt":"2025-04-28T13:28:23","guid":{"rendered":"https:\/\/www.errebi-group.com\/cableados-y-componentes-electricos-para-el-sector-de-la-electromedicina\/"},"modified":"2025-09-29T14:26:09","modified_gmt":"2025-09-29T14:26:09","slug":"electromedicina","status":"publish","type":"page","link":"https:\/\/www.errebi-group.com\/es\/electromedicina","title":{"rendered":"Cableados y componentes el\u00e9ctricos para el sector de la electromedicina"},"content":{"rendered":"<p><strong>Los cableados para el sector de la electromedicina<\/strong> son elementos de conexi\u00f3n indispensables para el funcionamiento de los dispositivos utilizados en los entornos m\u00e9dicos hospitalarios, que precisan de energ\u00eda el\u00e9ctrica para desempe\u00f1ar su funci\u00f3n: la mayor parte de las veces, estos instrumentos entran en <strong>contacto f\u00edsico o el\u00e9ctrico directamente con el paciente<\/strong>, bajo la atenta supervisi\u00f3n de un m\u00e9dico.<\/p>\n<p>Este tipo de <strong>aparatos son considerados como dispositivos m\u00e9dicos a todos los efectos<\/strong>, y forman parte, con pleno derecho, del equipamiento de trabajo. Estamos hablando de <strong>instrumentos muy sofisticados y con instrucciones de uso muy precisas<\/strong>, por lo que los cableados de este sector son accesorios que deben ser manejados con extrema precauci\u00f3n.<\/p>\n<div style=\"height: 48px;\"><\/div>\n<h2>Caracter\u00edsticas para el sector de la electromedicina<\/h2>\n<p><strong>Los cableados para el sector de la electromedicina<\/strong> forman parte de una categor\u00eda muy particular, y su fabricaci\u00f3n est\u00e1 estrictamente regulada por normas y reglamentos, con el fin de garantizar que cumplan los est\u00e1ndares predeterminados.<\/p>\n<p>Entre las tipolog\u00edas de cableados para uso electrom\u00e9dico, distinguimos tres tipolog\u00edas:<\/p>\n<ul>\n<li><strong>cableados para aparatos electrom\u00e9dicos que no entran en contacto f\u00edsico con el paciente<\/strong><\/li>\n<li><strong>cableados para aparatos electrom\u00e9dicos que entran en contacto con el paciente, pero no con la zona card\u00edaca<\/strong><\/li>\n<li><strong>cableados para aparatos electrom\u00e9dicos que tambi\u00e9n entran en contacto con la zona card\u00edaca del paciente.<\/strong><\/li>\n<\/ul>\n<p><strong>Los cableados de esta naturaleza deben someterse a controles peri\u00f3dicos<\/strong> para supervisar su calidad, resistencia y eficacia.<\/p>\n<div style=\"height: 48px;\"><\/div>\n<h2>Dise\u00f1o personalizado<\/h2>\n<p>Como en todos nuestros sectores de trabajo, tambi\u00e9n ofrecemos un <strong>servicio de <a href=\"https:\/\/www.errebi-group.com\/it\/progettazione-cablaggi\">planificaci\u00f3n personalizado de cableados<\/a> y <a href=\"https:\/\/www.errebi-group.com\/it\/assemblaggi-elettromeccanici\">montajes<\/a><\/strong> en el <strong>campo de la electromedicina<\/strong>, intentando satisfacer las necesidades del cliente y adaptar lo m\u00e1s posible nuestro trabajo a su solicitud.<\/p>\n<p><strong>Antes de dise\u00f1ar y fabricar un cableado que se adapte a las necesidades de nuestro cliente, nuestros t\u00e9cnicos visitan el lugar para conocer en detalle la maquinaria a cablear<\/strong>, los espacios de trabajo y las eventuales necesidades de una estructura de soporte, para identificar luego c\u00f3mo deber\u00eda ser el producto espec\u00edfico a instalar.<\/p>\n<p>Este tr\u00e1mite acelera indudablemente el proceso de producci\u00f3n, de manera que el cliente recibe <strong>un servicio perfectamente acorde con sus necesidades<\/strong>, ayud\u00e1ndolo a reducir, por consiguiente, tanto los tiempos como los costes de fabricaci\u00f3n.<\/p>\n<div style=\"height: 48px;\"><\/div>\n<h2>Asesoramiento espec\u00edfico<\/h2>\n<p><strong>En un sector como el de la electromedicina<\/strong>, a menudo puede ser complicado entender por uno mismo cu\u00e1l ser\u00eda la tipolog\u00eda de cableado ideal para la maquinaria o para las funciones requeridas, m\u00e1s a\u00fan si el producto que se necesita es <strong>un montaje especialmente complejo<\/strong>.<\/p>\n<p>Para sortear este tipo de problem\u00e1tica, nuestros expertos ofrecen a diario a nuestros clientes sus conocimientos mediante <strong>un servicio de asesoramiento<\/strong> destinado a encontrar el producto adecuado para cada funci\u00f3n espec\u00edfica y aconsejar, si fuera necesario, la estructura m\u00e1s conveniente para su aplicaci\u00f3n.<\/p>\n<p>El objetivo es, claramente, <strong>ponerse en situaci\u00f3n lo m\u00e1s r\u00e1pidamente posible y encontrar la soluci\u00f3n m\u00e1s eficaz<\/strong> a todas las dudas, que pueda garantizar al cliente un servicio satisfactorio capaz de optimizar, al mismo tiempo, <strong>la relaci\u00f3n calidad-preci<\/strong>o.<\/p>\n<div style=\"height: 48px;\"><\/div>\n<h2>Asistencia espec\u00edfica<\/h2>\n<p>El <strong>servicio de asistencia<\/strong> se ofrece en todos nuestros sectores de intervenci\u00f3n y, por tanto, tambi\u00e9n en un sector como el de la <strong>electromedicina<\/strong>, a menudo puede ser complicado entender por uno mismo cu\u00e1l ser\u00eda la tipolog\u00eda de cableado ideal para la maquinaria o para las funciones requeridas, m\u00e1s a\u00fan si el producto que se necesita es un montaje . <strong>Nuestros t\u00e9cnicos proporcionan<a href=\"https:\/\/www.errebi-group.com\/it\/consulenza\"> asistencia espec\u00edfica<\/a> para todos los cableados y montajes instalados<\/strong>, analizando a cada momento la problem\u00e1tica e interviniendo de manera espec\u00edfica una vez identificado el fallo.<\/p>\n<p><strong>Las intervenciones pueden realizarse sobre la totalidad del ensamblaje<\/strong> o <strong>sobre un solo cable<\/strong>, que se puede detectar y sustituir a tiempo con el fin de que la maquinaria vuelva a estar operativa lo antes posible.<\/p>\n<p>Las competencias de nuestros expertos abarcan todos los sectores de nuestra empresa, permiti\u00e9ndoles no solo entender <strong>los problemas m\u00e1s complejos<\/strong>, sino tambi\u00e9n <strong>percatarse de cada peque\u00f1o detalle vinculado con un campo espec\u00edfico<\/strong>.<\/p>\n","protected":false},"excerpt":{"rendered":"<p>Los cableados para el sector de la electromedicina son elementos de conexi\u00f3n indispensables para el funcionamiento de los dispositivos utilizados en los entornos m\u00e9dicos hospitalarios, que precisan de energ\u00eda el\u00e9ctrica para desempe\u00f1ar su funci\u00f3n: la mayor parte de las veces, estos instrumentos entran en contacto f\u00edsico o el\u00e9ctrico directamente con el paciente, bajo la atenta [&hellip;]<\/p>\n","protected":false},"author":1,"featured_media":1665,"parent":0,"menu_order":0,"comment_status":"closed","ping_status":"closed","template":"","meta":{"footnotes":""},"class_list":["post-1995","page","type-page","status-publish","has-post-thumbnail","hentry"],"yoast_head":"<!-- This site is optimized with the Yoast SEO plugin v27.4 - https:\/\/yoast.com\/product\/yoast-seo-wordpress\/ -->\n<title>Cableados para el sector de la electromedicina, cables y componentes el\u00e9ctricos<\/title>\n<meta name=\"description\" content=\"Los cableados para el sector de la electromedicina son elementos de conexi\u00f3n indispensables para el funcionamiento de los dispositivos utilizados en los entornos m\u00e9dicos hospitalarios, que precisan...\" \/>\n<meta name=\"robots\" content=\"index, follow, max-snippet:-1, max-image-preview:large, max-video-preview:-1\" \/>\n<link rel=\"canonical\" href=\"https:\/\/www.errebi-group.com\/es\/electromedicina\" \/>\n<meta property=\"og:locale\" content=\"es_ES\" \/>\n<meta property=\"og:type\" content=\"article\" \/>\n<meta property=\"og:title\" content=\"Cableados para el sector de la electromedicina, cables y componentes el\u00e9ctricos\" \/>\n<meta property=\"og:description\" content=\"Los cableados para el sector de la electromedicina son elementos de conexi\u00f3n indispensables para el funcionamiento de los dispositivos utilizados en los entornos m\u00e9dicos hospitalarios, que precisan...\" \/>\n<meta property=\"og:url\" content=\"https:\/\/www.errebi-group.com\/es\/electromedicina\" \/>\n<meta property=\"og:site_name\" content=\"ErreBi Group\" \/>\n<meta property=\"article:publisher\" content=\"https:\/\/www.facebook.com\/errebigroupsrl\" \/>\n<meta property=\"article:modified_time\" content=\"2025-09-29T14:26:09+00:00\" \/>\n<meta property=\"og:image\" content=\"https:\/\/www.errebi-group.com\/wp-content\/uploads\/2025\/04\/elettromedicale-campo-di-impiego-errebi-group-hero-section.webp\" \/>\n\t<meta property=\"og:image:width\" content=\"1920\" \/>\n\t<meta property=\"og:image:height\" content=\"1080\" \/>\n\t<meta property=\"og:image:type\" content=\"image\/webp\" \/>\n<meta name=\"twitter:card\" content=\"summary_large_image\" \/>\n<meta name=\"twitter:label1\" content=\"Tiempo de lectura\" \/>\n\t<meta name=\"twitter:data1\" content=\"4 minutos\" \/>\n<script type=\"application\/ld+json\" class=\"yoast-schema-graph\">{\"@context\":\"https:\\\/\\\/schema.org\",\"@graph\":[{\"@type\":\"WebPage\",\"@id\":\"https:\\\/\\\/www.errebi-group.com\\\/es\\\/electromedicina\",\"url\":\"https:\\\/\\\/www.errebi-group.com\\\/es\\\/electromedicina\",\"name\":\"Cableados para el sector de la electromedicina, cables y componentes el\u00e9ctricos\",\"isPartOf\":{\"@id\":\"https:\\\/\\\/www.errebi-group.com\\\/es#website\"},\"primaryImageOfPage\":{\"@id\":\"https:\\\/\\\/www.errebi-group.com\\\/es\\\/electromedicina#primaryimage\"},\"image\":{\"@id\":\"https:\\\/\\\/www.errebi-group.com\\\/es\\\/electromedicina#primaryimage\"},\"thumbnailUrl\":\"https:\\\/\\\/www.errebi-group.com\\\/wp-content\\\/uploads\\\/2025\\\/04\\\/elettromedicale-campo-di-impiego-errebi-group-hero-section.webp\",\"datePublished\":\"2025-04-28T13:28:23+00:00\",\"dateModified\":\"2025-09-29T14:26:09+00:00\",\"description\":\"Los cableados para el sector de la electromedicina son elementos de conexi\u00f3n indispensables para el funcionamiento de los dispositivos utilizados en los entornos m\u00e9dicos hospitalarios, que precisan...\",\"breadcrumb\":{\"@id\":\"https:\\\/\\\/www.errebi-group.com\\\/es\\\/electromedicina#breadcrumb\"},\"inLanguage\":\"es\",\"potentialAction\":[{\"@type\":\"ReadAction\",\"target\":[\"https:\\\/\\\/www.errebi-group.com\\\/es\\\/electromedicina\"]}]},{\"@type\":\"ImageObject\",\"inLanguage\":\"es\",\"@id\":\"https:\\\/\\\/www.errebi-group.com\\\/es\\\/electromedicina#primaryimage\",\"url\":\"https:\\\/\\\/www.errebi-group.com\\\/wp-content\\\/uploads\\\/2025\\\/04\\\/elettromedicale-campo-di-impiego-errebi-group-hero-section.webp\",\"contentUrl\":\"https:\\\/\\\/www.errebi-group.com\\\/wp-content\\\/uploads\\\/2025\\\/04\\\/elettromedicale-campo-di-impiego-errebi-group-hero-section.webp\",\"width\":1920,\"height\":1080,\"caption\":\"Dispositivo electromec\u00e1nico con m\u00faltiples cables y sensores, utilizado en el \u00e1mbito sanitario y de diagn\u00f3stico\"},{\"@type\":\"BreadcrumbList\",\"@id\":\"https:\\\/\\\/www.errebi-group.com\\\/es\\\/electromedicina#breadcrumb\",\"itemListElement\":[{\"@type\":\"ListItem\",\"position\":1,\"name\":\"Home\",\"item\":\"https:\\\/\\\/www.errebi-group.com\\\/es\"},{\"@type\":\"ListItem\",\"position\":2,\"name\":\"Cableados y componentes el\u00e9ctricos para el sector de la electromedicina\"}]},{\"@type\":\"WebSite\",\"@id\":\"https:\\\/\\\/www.errebi-group.com\\\/es#website\",\"url\":\"https:\\\/\\\/www.errebi-group.com\\\/es\",\"name\":\"Errebi Group - Azienda produttrice di Cablaggi e Quadri Elettrici\",\"description\":\"Azienda produttrice di Cablaggi e Quadri Elettrici\",\"publisher\":{\"@id\":\"https:\\\/\\\/www.errebi-group.com\\\/es#organization\"},\"potentialAction\":[{\"@type\":\"SearchAction\",\"target\":{\"@type\":\"EntryPoint\",\"urlTemplate\":\"https:\\\/\\\/www.errebi-group.com\\\/es?s={search_term_string}\"},\"query-input\":{\"@type\":\"PropertyValueSpecification\",\"valueRequired\":true,\"valueName\":\"search_term_string\"}}],\"inLanguage\":\"es\"},{\"@type\":\"Organization\",\"@id\":\"https:\\\/\\\/www.errebi-group.com\\\/es#organization\",\"name\":\"Errebi Group\",\"url\":\"https:\\\/\\\/www.errebi-group.com\\\/es\",\"logo\":{\"@type\":\"ImageObject\",\"inLanguage\":\"es\",\"@id\":\"https:\\\/\\\/www.errebi-group.com\\\/es#\\\/schema\\\/logo\\\/image\\\/\",\"url\":\"https:\\\/\\\/www.errebi-group.com\\\/wp-content\\\/uploads\\\/2025\\\/04\\\/logo-errebi-group-payoff-white-website.png\",\"contentUrl\":\"https:\\\/\\\/www.errebi-group.com\\\/wp-content\\\/uploads\\\/2025\\\/04\\\/logo-errebi-group-payoff-white-website.png\",\"width\":610,\"height\":100,\"caption\":\"Errebi Group\"},\"image\":{\"@id\":\"https:\\\/\\\/www.errebi-group.com\\\/es#\\\/schema\\\/logo\\\/image\\\/\"},\"sameAs\":[\"https:\\\/\\\/www.facebook.com\\\/errebigroupsrl\",\"https:\\\/\\\/www.instagram.com\\\/errebi.group?igsh=cGNzN3FpcDFqNm1i\",\"https:\\\/\\\/www.linkedin.com\\\/company\\\/errebigroup\\\/?originalSubdomain=it\",\"https:\\\/\\\/www.youtube.com\\\/@errebigroup\"]}]}<\/script>\n<!-- \/ Yoast SEO plugin. -->","yoast_head_json":{"title":"Cableados para el sector de la electromedicina, cables y componentes el\u00e9ctricos","description":"Los cableados para el sector de la electromedicina son elementos de conexi\u00f3n indispensables para el funcionamiento de los dispositivos utilizados en los entornos m\u00e9dicos hospitalarios, que precisan...","robots":{"index":"index","follow":"follow","max-snippet":"max-snippet:-1","max-image-preview":"max-image-preview:large","max-video-preview":"max-video-preview:-1"},"canonical":"https:\/\/www.errebi-group.com\/es\/electromedicina","og_locale":"es_ES","og_type":"article","og_title":"Cableados para el sector de la electromedicina, cables y componentes el\u00e9ctricos","og_description":"Los cableados para el sector de la electromedicina son elementos de conexi\u00f3n indispensables para el funcionamiento de los dispositivos utilizados en los entornos m\u00e9dicos hospitalarios, que precisan...","og_url":"https:\/\/www.errebi-group.com\/es\/electromedicina","og_site_name":"ErreBi Group","article_publisher":"https:\/\/www.facebook.com\/errebigroupsrl","article_modified_time":"2025-09-29T14:26:09+00:00","og_image":[{"width":1920,"height":1080,"url":"https:\/\/www.errebi-group.com\/wp-content\/uploads\/2025\/04\/elettromedicale-campo-di-impiego-errebi-group-hero-section.webp","type":"image\/webp"}],"twitter_card":"summary_large_image","twitter_misc":{"Tiempo de lectura":"4 minutos"},"schema":{"@context":"https:\/\/schema.org","@graph":[{"@type":"WebPage","@id":"https:\/\/www.errebi-group.com\/es\/electromedicina","url":"https:\/\/www.errebi-group.com\/es\/electromedicina","name":"Cableados para el sector de la electromedicina, cables y componentes el\u00e9ctricos","isPartOf":{"@id":"https:\/\/www.errebi-group.com\/es#website"},"primaryImageOfPage":{"@id":"https:\/\/www.errebi-group.com\/es\/electromedicina#primaryimage"},"image":{"@id":"https:\/\/www.errebi-group.com\/es\/electromedicina#primaryimage"},"thumbnailUrl":"https:\/\/www.errebi-group.com\/wp-content\/uploads\/2025\/04\/elettromedicale-campo-di-impiego-errebi-group-hero-section.webp","datePublished":"2025-04-28T13:28:23+00:00","dateModified":"2025-09-29T14:26:09+00:00","description":"Los cableados para el sector de la electromedicina son elementos de conexi\u00f3n indispensables para el funcionamiento de los dispositivos utilizados en los entornos m\u00e9dicos hospitalarios, que precisan...","breadcrumb":{"@id":"https:\/\/www.errebi-group.com\/es\/electromedicina#breadcrumb"},"inLanguage":"es","potentialAction":[{"@type":"ReadAction","target":["https:\/\/www.errebi-group.com\/es\/electromedicina"]}]},{"@type":"ImageObject","inLanguage":"es","@id":"https:\/\/www.errebi-group.com\/es\/electromedicina#primaryimage","url":"https:\/\/www.errebi-group.com\/wp-content\/uploads\/2025\/04\/elettromedicale-campo-di-impiego-errebi-group-hero-section.webp","contentUrl":"https:\/\/www.errebi-group.com\/wp-content\/uploads\/2025\/04\/elettromedicale-campo-di-impiego-errebi-group-hero-section.webp","width":1920,"height":1080,"caption":"Dispositivo electromec\u00e1nico con m\u00faltiples cables y sensores, utilizado en el \u00e1mbito sanitario y de diagn\u00f3stico"},{"@type":"BreadcrumbList","@id":"https:\/\/www.errebi-group.com\/es\/electromedicina#breadcrumb","itemListElement":[{"@type":"ListItem","position":1,"name":"Home","item":"https:\/\/www.errebi-group.com\/es"},{"@type":"ListItem","position":2,"name":"Cableados y componentes el\u00e9ctricos para el sector de la electromedicina"}]},{"@type":"WebSite","@id":"https:\/\/www.errebi-group.com\/es#website","url":"https:\/\/www.errebi-group.com\/es","name":"Errebi Group - Azienda produttrice di Cablaggi e Quadri Elettrici","description":"Azienda produttrice di Cablaggi e Quadri Elettrici","publisher":{"@id":"https:\/\/www.errebi-group.com\/es#organization"},"potentialAction":[{"@type":"SearchAction","target":{"@type":"EntryPoint","urlTemplate":"https:\/\/www.errebi-group.com\/es?s={search_term_string}"},"query-input":{"@type":"PropertyValueSpecification","valueRequired":true,"valueName":"search_term_string"}}],"inLanguage":"es"},{"@type":"Organization","@id":"https:\/\/www.errebi-group.com\/es#organization","name":"Errebi Group","url":"https:\/\/www.errebi-group.com\/es","logo":{"@type":"ImageObject","inLanguage":"es","@id":"https:\/\/www.errebi-group.com\/es#\/schema\/logo\/image\/","url":"https:\/\/www.errebi-group.com\/wp-content\/uploads\/2025\/04\/logo-errebi-group-payoff-white-website.png","contentUrl":"https:\/\/www.errebi-group.com\/wp-content\/uploads\/2025\/04\/logo-errebi-group-payoff-white-website.png","width":610,"height":100,"caption":"Errebi Group"},"image":{"@id":"https:\/\/www.errebi-group.com\/es#\/schema\/logo\/image\/"},"sameAs":["https:\/\/www.facebook.com\/errebigroupsrl","https:\/\/www.instagram.com\/errebi.group?igsh=cGNzN3FpcDFqNm1i","https:\/\/www.linkedin.com\/company\/errebigroup\/?originalSubdomain=it","https:\/\/www.youtube.com\/@errebigroup"]}]}},"_links":{"self":[{"href":"https:\/\/www.errebi-group.com\/es\/wp-json\/wp\/v2\/pages\/1995","targetHints":{"allow":["GET"]}}],"collection":[{"href":"https:\/\/www.errebi-group.com\/es\/wp-json\/wp\/v2\/pages"}],"about":[{"href":"https:\/\/www.errebi-group.com\/es\/wp-json\/wp\/v2\/types\/page"}],"author":[{"embeddable":true,"href":"https:\/\/www.errebi-group.com\/es\/wp-json\/wp\/v2\/users\/1"}],"replies":[{"embeddable":true,"href":"https:\/\/www.errebi-group.com\/es\/wp-json\/wp\/v2\/comments?post=1995"}],"version-history":[{"count":2,"href":"https:\/\/www.errebi-group.com\/es\/wp-json\/wp\/v2\/pages\/1995\/revisions"}],"predecessor-version":[{"id":2437,"href":"https:\/\/www.errebi-group.com\/es\/wp-json\/wp\/v2\/pages\/1995\/revisions\/2437"}],"wp:featuredmedia":[{"embeddable":true,"href":"https:\/\/www.errebi-group.com\/es\/wp-json\/wp\/v2\/media\/1665"}],"wp:attachment":[{"href":"https:\/\/www.errebi-group.com\/es\/wp-json\/wp\/v2\/media?parent=1995"}],"curies":[{"name":"wp","href":"https:\/\/api.w.org\/{rel}","templated":true}]}}