{"id":2017,"date":"2025-04-28T13:32:55","date_gmt":"2025-04-28T13:32:55","guid":{"rendered":"https:\/\/www.errebi-group.com\/cableados-y-componentes-electricos-para-maquinaria-agricola\/"},"modified":"2025-09-29T14:34:05","modified_gmt":"2025-09-29T14:34:05","slug":"maquinaria-agricola","status":"publish","type":"page","link":"https:\/\/www.errebi-group.com\/es\/maquinaria-agricola","title":{"rendered":"Cableados y componentes el\u00e9ctricos para maquinaria agr\u00edcola"},"content":{"rendered":"<p>El sector de la <strong>maquinaria agr\u00edcola<\/strong> abarca todas las m\u00e1quinas que se ocupan de la <strong>recolecci\u00f3n, elaboraci\u00f3n, transporte y clasificaci\u00f3n de los recursos agr\u00edcolas<\/strong>.<br \/>\nHablamos, pues, de veh\u00edculos como <strong>tractores, segadoras y cultivadores para labrar la tierra<\/strong>, pero tambi\u00e9n de m\u00e1quinas m\u00e1s complejas como por ejemplo <strong>aparatos para compactar<\/strong>, <strong>bordadoras<\/strong>, <strong>m\u00e1quinas empacadoras de paja y similares<\/strong>.<\/p>\n<p>La maquinaria agr\u00edcola, as\u00ed como sus <strong>cables<\/strong>, deben poder garantizar una <strong>durabilidad y resistencia en el tiempo<\/strong>, ya que las operaciones llevadas a cabo en este \u00e1mbito son muchas y complejas.<\/p>\n<p>Dichas operaciones, en caso de no llevarse a cabo correctamente y con los instrumentos adecuados, podr\u00edan poner en peligro no solo <strong>la protecci\u00f3n del paisaje<\/strong>, sino tambi\u00e9n la salud y <strong>la seguridad de los trabajadores<\/strong>. <strong>Por esta raz\u00f3n, es necesario cerciorarse de que se est\u00e9n utilizando exclusivamente instrumentos y dispositivos garantizados y certificados<\/strong>.<\/p>\n<div style=\"height: 48px;\"><\/div>\n<h2>Caracter\u00edsticas del sector agr\u00edcola<\/h2>\n<p>El sector de la <strong>maquinaria agr\u00edcola<\/strong> utiliza diversos <strong>componentes y cableados<\/strong> con diversas tipolog\u00edas.<\/p>\n<p>Los veh\u00edculos agr\u00edcolas requieren tanto <strong>cables t\u00edpicos del sector del autom\u00f3vil<\/strong> (cables para bater\u00eda, cables para faros antiniebla, conexiones para la conducci\u00f3n autom\u00e1tica, cables para frenos, etc.) como <strong>elementos m\u00e1s espec\u00edficos<\/strong> propios del sector de la automatizaci\u00f3n y de la rob\u00f3tica: por ejemplo, los <strong>cables lineales<\/strong>, los <strong>cables extensibles<\/strong>, los <strong>cables en espiral<\/strong> y los <strong>cables de sector<\/strong>, capaces de garantizar una buena resistencia a torsiones y torcimientos en las m\u00e1quinas donde se encuentran.<\/p>\n<p>Cada cable deber\u00e1 escogerse seg\u00fan <strong>t\u00e9cnicas muy precisas<\/strong>, que cambian en funci\u00f3n de la maquinaria donde se encuentra instalado. Ello conlleva acordar una importancia especial a la elecci\u00f3n de <strong>productos de calidad<\/strong> y ponerse en manos de un <strong>buen proveedor profesiona<\/strong>l.<\/p>\n<div style=\"height: 48px;\"><\/div>\n<h2>Dise\u00f1o personalizado<\/h2>\n<p>Como en todos nuestros sectores de trabajo, tambi\u00e9n ofrecemos un <strong>servicio de planificaci\u00f3n personalizado de cableados y montajes<\/strong> en el campo de la <strong>maquinaria agr\u00edcola<\/strong>, intentando satisfacer las necesidades del cliente y adaptar lo m\u00e1s posible nuestro trabajo a su solicitud.<\/p>\n<p>Antes de dise\u00f1ar y fabricar un cableado que se adapte a las necesidades de nuestro cliente, nuestros t\u00e9cnicos <strong>visitan el lugar<\/strong> para conocer en detalle la<strong> maquinaria a cablear<\/strong>, los <strong>espacios<\/strong> de trabajo y <strong>las eventuales necesidades de una estructura de soport<\/strong>e, para identificar luego c\u00f3mo deber\u00eda ser <strong>el producto espec\u00edfico a instalar<\/strong>.<\/p>\n<p>Este tr\u00e1mite acelera indudablemente el <strong>proceso de producci\u00f3n<\/strong>, de manera que el cliente recibe un servicio perfectamente acorde con sus necesidades, ayud\u00e1ndolo a reducir, por consiguiente, tanto <strong>los tiempos<\/strong> como <strong>los costes de fabricaci\u00f3n<\/strong>.<\/p>\n<div style=\"height: 48px;\"><\/div>\n<h2>Asesoramiento espec\u00edfico<\/h2>\n<p>En un sector como el de la <strong>maquinaria agr\u00edcola<\/strong>, a menudo puede ser complicado entender por uno mismo cu\u00e1l ser\u00eda <strong>la tipolog\u00eda de cableado ideal<\/strong> para la maquinaria o para las funciones requeridas, m\u00e1s a\u00fan si el producto que se necesita es <strong>un montaje especialmente complejo<\/strong>.<\/p>\n<p>Para sortear este tipo de problem\u00e1tica, nuestros expertos ofrecen a diario a nuestros clientes sus conocimientos mediante <strong>un servicio de asesoramiento<\/strong> destinado a encontrar <strong>el producto adecuado<\/strong> para cada funci\u00f3n espec\u00edfica y aconsejar, si fuera necesario, <strong>la estructura m\u00e1s conveniente para su aplicaci\u00f3n<\/strong>.<\/p>\n<p>El objetivo es, claramente, ponerse en situaci\u00f3n lo m\u00e1s r\u00e1pidamente posible y encontrar la <strong>soluci\u00f3n m\u00e1s eficaz<\/strong> a todas las dudas, que pueda garantizar al cliente <strong>un servicio satisfactorio<\/strong> capaz de optimizar, al mismo tiempo, <strong>la relaci\u00f3n calidad-precio<\/strong>.<\/p>\n<div style=\"height: 48px;\"><\/div>\n<h2>Asistencia espec\u00edfica<\/h2>\n<p>El <strong>servicio de asistencia <\/strong>se ofrece en todos nuestros sectores de intervenci\u00f3n y, por tanto, tambi\u00e9n en un sector como el de la <strong>maquinaria agr\u00edcola<\/strong>, a menudo puede ser complicado entender por uno mismo cu\u00e1l ser\u00eda la tipolog\u00eda de cableado ideal para la maquinaria o para las funciones requeridas, m\u00e1s a\u00fan si el producto que se necesita es un montaje . Nuestros t\u00e9cnicos proporcionan <strong>asistencia espec\u00edfica<\/strong> para todos los <strong>cableados<\/strong> y <strong>montajes instalados<\/strong>, analizando a cada momento la problem\u00e1tica e interviniendo de manera espec\u00edfica una vez identificado el fallo.<\/p>\n<p><strong>Las intervenciones pueden realizarse sobre la totalidad del ensamblaje <\/strong>o sobre un <strong>solo cable<\/strong>, que se puede detectar y sustituir a tiempo con el fin de que la maquinaria vuelva a estar operativa lo antes posible.<\/p>\n<p>Las competencias de nuestros expertos abarcan todos los sectores de nuestra empresa, permiti\u00e9ndoles no solo entender los problemas m\u00e1s complejos, <strong>sino tambi\u00e9n percatarse de cada peque\u00f1o detalle vinculado con un campo espec\u00edfico<\/strong>.<\/p>\n","protected":false},"excerpt":{"rendered":"<p>El sector de la maquinaria agr\u00edcola abarca todas las m\u00e1quinas que se ocupan de la recolecci\u00f3n, elaboraci\u00f3n, transporte y clasificaci\u00f3n de los recursos agr\u00edcolas. Hablamos, pues, de veh\u00edculos como tractores, segadoras y cultivadores para labrar la tierra, pero tambi\u00e9n de m\u00e1quinas m\u00e1s complejas como por ejemplo aparatos para compactar, bordadoras, m\u00e1quinas empacadoras de paja y [&hellip;]<\/p>\n","protected":false},"author":1,"featured_media":1681,"parent":0,"menu_order":0,"comment_status":"closed","ping_status":"closed","template":"","meta":{"footnotes":""},"class_list":["post-2017","page","type-page","status-publish","has-post-thumbnail","hentry"],"yoast_head":"<!-- This site is optimized with the Yoast SEO plugin v27.4 - https:\/\/yoast.com\/product\/yoast-seo-wordpress\/ -->\n<title>Cableados para maquinaria agr\u00edcola y alimentaria<\/title>\n<meta name=\"description\" content=\"El sector de la maquinaria agr\u00edcola abarca todas las m\u00e1quinas que se ocupan de la recolecci\u00f3n, elaboraci\u00f3n, transporte y clasificaci\u00f3n de los recursos agr\u00edcolas. Hablamos, pues, de veh\u00edculos como...\" \/>\n<meta name=\"robots\" content=\"index, follow, max-snippet:-1, max-image-preview:large, max-video-preview:-1\" \/>\n<link rel=\"canonical\" href=\"https:\/\/www.errebi-group.com\/es\/maquinaria-agricola\" \/>\n<meta property=\"og:locale\" content=\"es_ES\" \/>\n<meta property=\"og:type\" content=\"article\" \/>\n<meta property=\"og:title\" content=\"Cableados para maquinaria agr\u00edcola y alimentaria\" \/>\n<meta property=\"og:description\" content=\"El sector de la maquinaria agr\u00edcola abarca todas las m\u00e1quinas que se ocupan de la recolecci\u00f3n, elaboraci\u00f3n, transporte y clasificaci\u00f3n de los recursos agr\u00edcolas. Hablamos, pues, de veh\u00edculos como...\" \/>\n<meta property=\"og:url\" content=\"https:\/\/www.errebi-group.com\/es\/maquinaria-agricola\" \/>\n<meta property=\"og:site_name\" content=\"ErreBi Group\" \/>\n<meta property=\"article:publisher\" content=\"https:\/\/www.facebook.com\/errebigroupsrl\" \/>\n<meta property=\"article:modified_time\" content=\"2025-09-29T14:34:05+00:00\" \/>\n<meta property=\"og:image\" content=\"https:\/\/www.errebi-group.com\/wp-content\/uploads\/2025\/04\/macchine-agricole-alimentari-campo-di-impiego-errebi-group-hero-section.webp\" \/>\n\t<meta property=\"og:image:width\" content=\"1920\" \/>\n\t<meta property=\"og:image:height\" content=\"1080\" \/>\n\t<meta property=\"og:image:type\" content=\"image\/webp\" \/>\n<meta name=\"twitter:card\" content=\"summary_large_image\" \/>\n<meta name=\"twitter:label1\" content=\"Tiempo de lectura\" \/>\n\t<meta name=\"twitter:data1\" content=\"4 minutos\" \/>\n<script type=\"application\/ld+json\" class=\"yoast-schema-graph\">{\"@context\":\"https:\\\/\\\/schema.org\",\"@graph\":[{\"@type\":\"WebPage\",\"@id\":\"https:\\\/\\\/www.errebi-group.com\\\/es\\\/maquinaria-agricola\",\"url\":\"https:\\\/\\\/www.errebi-group.com\\\/es\\\/maquinaria-agricola\",\"name\":\"Cableados para maquinaria agr\u00edcola y alimentaria\",\"isPartOf\":{\"@id\":\"https:\\\/\\\/www.errebi-group.com\\\/es#website\"},\"primaryImageOfPage\":{\"@id\":\"https:\\\/\\\/www.errebi-group.com\\\/es\\\/maquinaria-agricola#primaryimage\"},\"image\":{\"@id\":\"https:\\\/\\\/www.errebi-group.com\\\/es\\\/maquinaria-agricola#primaryimage\"},\"thumbnailUrl\":\"https:\\\/\\\/www.errebi-group.com\\\/wp-content\\\/uploads\\\/2025\\\/04\\\/macchine-agricole-alimentari-campo-di-impiego-errebi-group-hero-section.webp\",\"datePublished\":\"2025-04-28T13:32:55+00:00\",\"dateModified\":\"2025-09-29T14:34:05+00:00\",\"description\":\"El sector de la maquinaria agr\u00edcola abarca todas las m\u00e1quinas que se ocupan de la recolecci\u00f3n, elaboraci\u00f3n, transporte y clasificaci\u00f3n de los recursos agr\u00edcolas. Hablamos, pues, de veh\u00edculos como...\",\"breadcrumb\":{\"@id\":\"https:\\\/\\\/www.errebi-group.com\\\/es\\\/maquinaria-agricola#breadcrumb\"},\"inLanguage\":\"es\",\"potentialAction\":[{\"@type\":\"ReadAction\",\"target\":[\"https:\\\/\\\/www.errebi-group.com\\\/es\\\/maquinaria-agricola\"]}]},{\"@type\":\"ImageObject\",\"inLanguage\":\"es\",\"@id\":\"https:\\\/\\\/www.errebi-group.com\\\/es\\\/maquinaria-agricola#primaryimage\",\"url\":\"https:\\\/\\\/www.errebi-group.com\\\/wp-content\\\/uploads\\\/2025\\\/04\\\/macchine-agricole-alimentari-campo-di-impiego-errebi-group-hero-section.webp\",\"contentUrl\":\"https:\\\/\\\/www.errebi-group.com\\\/wp-content\\\/uploads\\\/2025\\\/04\\\/macchine-agricole-alimentari-campo-di-impiego-errebi-group-hero-section.webp\",\"width\":1920,\"height\":1080,\"caption\":\"T\u00e9cnico realiza la instalaci\u00f3n en maquinaria agr\u00edcola-industrial con cables y conectores\"},{\"@type\":\"BreadcrumbList\",\"@id\":\"https:\\\/\\\/www.errebi-group.com\\\/es\\\/maquinaria-agricola#breadcrumb\",\"itemListElement\":[{\"@type\":\"ListItem\",\"position\":1,\"name\":\"Home\",\"item\":\"https:\\\/\\\/www.errebi-group.com\\\/es\"},{\"@type\":\"ListItem\",\"position\":2,\"name\":\"Cableados y componentes el\u00e9ctricos para maquinaria agr\u00edcola\"}]},{\"@type\":\"WebSite\",\"@id\":\"https:\\\/\\\/www.errebi-group.com\\\/es#website\",\"url\":\"https:\\\/\\\/www.errebi-group.com\\\/es\",\"name\":\"Errebi Group - Azienda produttrice di Cablaggi e Quadri Elettrici\",\"description\":\"Azienda produttrice di Cablaggi e Quadri Elettrici\",\"publisher\":{\"@id\":\"https:\\\/\\\/www.errebi-group.com\\\/es#organization\"},\"potentialAction\":[{\"@type\":\"SearchAction\",\"target\":{\"@type\":\"EntryPoint\",\"urlTemplate\":\"https:\\\/\\\/www.errebi-group.com\\\/es?s={search_term_string}\"},\"query-input\":{\"@type\":\"PropertyValueSpecification\",\"valueRequired\":true,\"valueName\":\"search_term_string\"}}],\"inLanguage\":\"es\"},{\"@type\":\"Organization\",\"@id\":\"https:\\\/\\\/www.errebi-group.com\\\/es#organization\",\"name\":\"Errebi Group\",\"url\":\"https:\\\/\\\/www.errebi-group.com\\\/es\",\"logo\":{\"@type\":\"ImageObject\",\"inLanguage\":\"es\",\"@id\":\"https:\\\/\\\/www.errebi-group.com\\\/es#\\\/schema\\\/logo\\\/image\\\/\",\"url\":\"https:\\\/\\\/www.errebi-group.com\\\/wp-content\\\/uploads\\\/2025\\\/04\\\/logo-errebi-group-payoff-white-website.png\",\"contentUrl\":\"https:\\\/\\\/www.errebi-group.com\\\/wp-content\\\/uploads\\\/2025\\\/04\\\/logo-errebi-group-payoff-white-website.png\",\"width\":610,\"height\":100,\"caption\":\"Errebi Group\"},\"image\":{\"@id\":\"https:\\\/\\\/www.errebi-group.com\\\/es#\\\/schema\\\/logo\\\/image\\\/\"},\"sameAs\":[\"https:\\\/\\\/www.facebook.com\\\/errebigroupsrl\",\"https:\\\/\\\/www.instagram.com\\\/errebi.group?igsh=cGNzN3FpcDFqNm1i\",\"https:\\\/\\\/www.linkedin.com\\\/company\\\/errebigroup\\\/?originalSubdomain=it\",\"https:\\\/\\\/www.youtube.com\\\/@errebigroup\"]}]}<\/script>\n<!-- \/ Yoast SEO plugin. -->","yoast_head_json":{"title":"Cableados para maquinaria agr\u00edcola y alimentaria","description":"El sector de la maquinaria agr\u00edcola abarca todas las m\u00e1quinas que se ocupan de la recolecci\u00f3n, elaboraci\u00f3n, transporte y clasificaci\u00f3n de los recursos agr\u00edcolas. Hablamos, pues, de veh\u00edculos como...","robots":{"index":"index","follow":"follow","max-snippet":"max-snippet:-1","max-image-preview":"max-image-preview:large","max-video-preview":"max-video-preview:-1"},"canonical":"https:\/\/www.errebi-group.com\/es\/maquinaria-agricola","og_locale":"es_ES","og_type":"article","og_title":"Cableados para maquinaria agr\u00edcola y alimentaria","og_description":"El sector de la maquinaria agr\u00edcola abarca todas las m\u00e1quinas que se ocupan de la recolecci\u00f3n, elaboraci\u00f3n, transporte y clasificaci\u00f3n de los recursos agr\u00edcolas. Hablamos, pues, de veh\u00edculos como...","og_url":"https:\/\/www.errebi-group.com\/es\/maquinaria-agricola","og_site_name":"ErreBi Group","article_publisher":"https:\/\/www.facebook.com\/errebigroupsrl","article_modified_time":"2025-09-29T14:34:05+00:00","og_image":[{"width":1920,"height":1080,"url":"https:\/\/www.errebi-group.com\/wp-content\/uploads\/2025\/04\/macchine-agricole-alimentari-campo-di-impiego-errebi-group-hero-section.webp","type":"image\/webp"}],"twitter_card":"summary_large_image","twitter_misc":{"Tiempo de lectura":"4 minutos"},"schema":{"@context":"https:\/\/schema.org","@graph":[{"@type":"WebPage","@id":"https:\/\/www.errebi-group.com\/es\/maquinaria-agricola","url":"https:\/\/www.errebi-group.com\/es\/maquinaria-agricola","name":"Cableados para maquinaria agr\u00edcola y alimentaria","isPartOf":{"@id":"https:\/\/www.errebi-group.com\/es#website"},"primaryImageOfPage":{"@id":"https:\/\/www.errebi-group.com\/es\/maquinaria-agricola#primaryimage"},"image":{"@id":"https:\/\/www.errebi-group.com\/es\/maquinaria-agricola#primaryimage"},"thumbnailUrl":"https:\/\/www.errebi-group.com\/wp-content\/uploads\/2025\/04\/macchine-agricole-alimentari-campo-di-impiego-errebi-group-hero-section.webp","datePublished":"2025-04-28T13:32:55+00:00","dateModified":"2025-09-29T14:34:05+00:00","description":"El sector de la maquinaria agr\u00edcola abarca todas las m\u00e1quinas que se ocupan de la recolecci\u00f3n, elaboraci\u00f3n, transporte y clasificaci\u00f3n de los recursos agr\u00edcolas. Hablamos, pues, de veh\u00edculos como...","breadcrumb":{"@id":"https:\/\/www.errebi-group.com\/es\/maquinaria-agricola#breadcrumb"},"inLanguage":"es","potentialAction":[{"@type":"ReadAction","target":["https:\/\/www.errebi-group.com\/es\/maquinaria-agricola"]}]},{"@type":"ImageObject","inLanguage":"es","@id":"https:\/\/www.errebi-group.com\/es\/maquinaria-agricola#primaryimage","url":"https:\/\/www.errebi-group.com\/wp-content\/uploads\/2025\/04\/macchine-agricole-alimentari-campo-di-impiego-errebi-group-hero-section.webp","contentUrl":"https:\/\/www.errebi-group.com\/wp-content\/uploads\/2025\/04\/macchine-agricole-alimentari-campo-di-impiego-errebi-group-hero-section.webp","width":1920,"height":1080,"caption":"T\u00e9cnico realiza la instalaci\u00f3n en maquinaria agr\u00edcola-industrial con cables y conectores"},{"@type":"BreadcrumbList","@id":"https:\/\/www.errebi-group.com\/es\/maquinaria-agricola#breadcrumb","itemListElement":[{"@type":"ListItem","position":1,"name":"Home","item":"https:\/\/www.errebi-group.com\/es"},{"@type":"ListItem","position":2,"name":"Cableados y componentes el\u00e9ctricos para maquinaria agr\u00edcola"}]},{"@type":"WebSite","@id":"https:\/\/www.errebi-group.com\/es#website","url":"https:\/\/www.errebi-group.com\/es","name":"Errebi Group - Azienda produttrice di Cablaggi e Quadri Elettrici","description":"Azienda produttrice di Cablaggi e Quadri Elettrici","publisher":{"@id":"https:\/\/www.errebi-group.com\/es#organization"},"potentialAction":[{"@type":"SearchAction","target":{"@type":"EntryPoint","urlTemplate":"https:\/\/www.errebi-group.com\/es?s={search_term_string}"},"query-input":{"@type":"PropertyValueSpecification","valueRequired":true,"valueName":"search_term_string"}}],"inLanguage":"es"},{"@type":"Organization","@id":"https:\/\/www.errebi-group.com\/es#organization","name":"Errebi Group","url":"https:\/\/www.errebi-group.com\/es","logo":{"@type":"ImageObject","inLanguage":"es","@id":"https:\/\/www.errebi-group.com\/es#\/schema\/logo\/image\/","url":"https:\/\/www.errebi-group.com\/wp-content\/uploads\/2025\/04\/logo-errebi-group-payoff-white-website.png","contentUrl":"https:\/\/www.errebi-group.com\/wp-content\/uploads\/2025\/04\/logo-errebi-group-payoff-white-website.png","width":610,"height":100,"caption":"Errebi Group"},"image":{"@id":"https:\/\/www.errebi-group.com\/es#\/schema\/logo\/image\/"},"sameAs":["https:\/\/www.facebook.com\/errebigroupsrl","https:\/\/www.instagram.com\/errebi.group?igsh=cGNzN3FpcDFqNm1i","https:\/\/www.linkedin.com\/company\/errebigroup\/?originalSubdomain=it","https:\/\/www.youtube.com\/@errebigroup"]}]}},"_links":{"self":[{"href":"https:\/\/www.errebi-group.com\/es\/wp-json\/wp\/v2\/pages\/2017","targetHints":{"allow":["GET"]}}],"collection":[{"href":"https:\/\/www.errebi-group.com\/es\/wp-json\/wp\/v2\/pages"}],"about":[{"href":"https:\/\/www.errebi-group.com\/es\/wp-json\/wp\/v2\/types\/page"}],"author":[{"embeddable":true,"href":"https:\/\/www.errebi-group.com\/es\/wp-json\/wp\/v2\/users\/1"}],"replies":[{"embeddable":true,"href":"https:\/\/www.errebi-group.com\/es\/wp-json\/wp\/v2\/comments?post=2017"}],"version-history":[{"count":1,"href":"https:\/\/www.errebi-group.com\/es\/wp-json\/wp\/v2\/pages\/2017\/revisions"}],"predecessor-version":[{"id":2263,"href":"https:\/\/www.errebi-group.com\/es\/wp-json\/wp\/v2\/pages\/2017\/revisions\/2263"}],"wp:featuredmedia":[{"embeddable":true,"href":"https:\/\/www.errebi-group.com\/es\/wp-json\/wp\/v2\/media\/1681"}],"wp:attachment":[{"href":"https:\/\/www.errebi-group.com\/es\/wp-json\/wp\/v2\/media?parent=2017"}],"curies":[{"name":"wp","href":"https:\/\/api.w.org\/{rel}","templated":true}]}}