{"id":1805,"date":"2025-04-24T13:35:19","date_gmt":"2025-04-24T13:35:19","guid":{"rendered":"https:\/\/www.errebi-group.com\/compagnie\/"},"modified":"2025-07-02T07:50:09","modified_gmt":"2025-07-02T07:50:09","slug":"compagnie","status":"publish","type":"page","link":"https:\/\/www.errebi-group.com\/fr\/compagnie","title":{"rendered":"Compagnie"},"content":{"rendered":"<h2>Qui nous sommes<\/h2>\n<p><strong>Nous, chez ErreBi Group, sommes des c\u00e2bleurs experts<\/strong> et nous sommes structur\u00e9s pour g\u00e9rer la <strong>production et la fourniture de divers types de c\u00e2blages, cadres \u00e9lectriques et composants \u00e9lectriques de haute qualit\u00e9<\/strong>. Gr\u00e2ce \u00e0 des ann\u00e9es d&rsquo;\u00e9tude et de recherche, <strong>nous sommes l&rsquo;une des entreprises les mieux \u00e9quip\u00e9es du territoire<\/strong>, en termes de machines automatiques et de logiciels de gestion. <strong>La formation minutieuse<\/strong> qui distingue la pr\u00e9paration de notre personnel, au fil des ann\u00e9es, nous a conduit \u00e0 avoir une telle <strong>connaissance du c\u00e2blage<\/strong> qu&rsquo;elle nous permet <strong>d&rsquo;apporter le meilleur d&rsquo;un secteur \u00e0 un autre et de trouver des solutions \u00e0 des probl\u00e8mes souvent insurmontables<\/strong>. <\/p>\n<div style=\"height: 48px;\"><\/div>\n<h2>Notre histoire, les d\u00e9fis pass\u00e9s et futurs<\/h2>\n<div style=\"height: 48px;\"><\/div>\n<h3>2020 &#8211; 2021 &#8211; ErreBi Group et Le d\u00e9fini international<\/h3>\n<p>2020 sans l\u2019ombre d\u2019un doute <strong>l&rsquo;ann\u00e9e \u00e0 l\u2019enseigne de l&rsquo;internationalisation<\/strong>. <strong>L&rsquo;entreprise proc\u00e8de au restylage de l&rsquo;entreprise et poursuit le processus d&rsquo;internationalisation<\/strong>, en modifiant le logo, les graphismes et par cons\u00e9quent \u00e9galement le site et les supports de communication. <\/p>\n<p>Malheureusement, 2020 bien connue <strong>pour le d\u00e9but de la pand\u00e9mie COVID-19<\/strong> <strong>une partie de notre capacit\u00e9 de production est convertie pour la production de composants \u00e9lectroniques pour les dispositifs m\u00e9dicaux<\/strong>.<\/p>\n<p>Entre fin 2020 d\u00e9but 2021, <strong>l&rsquo;entreprise inaugure le nouveau site internet de l&rsquo;entreprise et le restylage d&rsquo;errebishop.com<\/strong>, \u00e9tapes fondamentales du processus d&rsquo;internationalisation.<\/p>\n<p>En 2021, compte tenu de l&rsquo;augmentation significative des services et de la capacit\u00e9 de production qui a eu lieu lors des ann\u00e9es pr\u00e9c\u00e9dentes, <strong>l&rsquo;entreprise investit dans un nouveau b\u00e2timent, agrandit la zone de production \u00e0 2200 m2 et subdivise la production en deux soci\u00e9t\u00e9s<\/strong>:<\/p>\n<ul>\n<li><strong>ErreBi group<\/strong> pour la <strong>production de cadres \u00e9lectriques<\/strong>, les assemblages \u00e9lectrom\u00e9caniques et les usinages m\u00e9caniques;<\/li>\n<li><strong>ErreBi cablaggi<\/strong> pour la consultation, la personnalisation et la <strong>production sur mesure de cabl\u00e2ges \u00e9lectriques<\/strong>.<\/li>\n<\/ul>\n<div style=\"height: 48px;\"><\/div>\n<h3>2016 &#8211; 2019 \u2013 Le d\u00e9fi web<\/h3>\n<p>Au cours de cette p\u00e9riode de trois ans \u00e0 laquelle elle<strong> est confront\u00e9e au d\u00e9fi Web<\/strong>, l&rsquo;entreprise s&rsquo;enrichit de la plateforme <strong>errebishop.com<\/strong> qui permet d&rsquo;entrer en contact avec les utilisateurs finaux, ne serait-ce que pour l&rsquo;achat de petites quantit\u00e9s de produits qui seraient autrement difficiles \u00e0 trouver.<\/p>\n<p><strong>L&rsquo;offre comp\u00e9titive<\/strong>, <strong>le nombre \u00e9lev\u00e9 de produits sp\u00e9cifiques<\/strong> et <strong>l&rsquo;assistance d\u00e9di\u00e9e \u00e0 l&rsquo;achat<\/strong> nous permettent de d\u00e9velopper rapidement notre pr\u00e9sence sur le web pour les produits et services que nous connaissons le mieux.<\/p>\n<p><strong>En 2019, le restylage du site web de l&rsquo;entreprise<\/strong> d\u00e9marre pour r\u00e9pondre aux besoins d&rsquo;un monde num\u00e9rique en constante \u00e9volution et pour mieux communiquer les nouveaux types d\u2019usinages que notre engagement continu dans la recherche nous a permis de mettre en \u0153uvre :<\/p>\n<p><strong>Impression de prototypes 3D, usinage CNC, d\u00e9coupe laser et gravure laser<\/strong>, pour n&rsquo;en nommer que quelques-uns, sont les nouveaux n\u00e9s dans nos processus de production.<\/p>\n<div style=\"height: 48px;\"><\/div>\n<h3>2010 &#8211; 2016<\/h3>\n<p>En 2010, <strong>des figures professionnelles cl\u00e9s pour la gestion de la production sont embauch\u00e9es<\/strong>, qui en harmonie avec le bureau qualit\u00e9 r\u00e9organisent l&rsquo;ensemble du d\u00e9partement de production, en commen\u00e7ant \u00e0 profiter de <strong>la m\u00e9thode kanban<\/strong>, augmentant la productivit\u00e9, diminuant les d\u00e9chets de production et optimisant les achats de mati\u00e8res premi\u00e8res, avec <strong>des avantages significatifs, surtout pour le client<\/strong>, qui commence \u00e0 obtenir un service encore plus fiable et des livraisons instantan\u00e9es.<\/p>\n<p>En 2011, <strong>l&rsquo;entreprise arrive \u00e0 g\u00e9rer plus de 10.000 articles qui tournent r\u00e9guli\u00e8rement dans l&rsquo;entrep\u00f4t<\/strong> et ins\u00e8re <strong>des automatismes importants pour la gestion de l&rsquo;entrep\u00f4t<\/strong>. De plus, <strong>certains membres du personnel acqui\u00e8rent la certification IPC620<\/strong>, augmentant ainsi le degr\u00e9 de fiabilit\u00e9 de l&rsquo;entreprise. <\/p>\n<p>En f\u00e9vrier 2012, l&rsquo;entreprise acquiert un logiciel, imm\u00e9diatement tr\u00e8s appr\u00e9ci\u00e9 par les clients, <strong>pour la conception et la r\u00e9alisation de plans techniques aussi bien pour le c\u00e2blage que pour les cadres \u00e9lectriques.<\/strong><\/p>\n<p>En janvier 2015, apr\u00e8s un an d&rsquo;\u00e9tudes, de conception et de mise au point, <strong>l\u2019entreprise ouvre son propre e-commerce<\/strong>, qui est imm\u00e9diatement li\u00e9 aux places de march\u00e9 actuelles, unifiant la gestion en un seul processus et optimisant ainsi les d\u00e9lais de pr\u00e9paration\/ex\u00e9cution des commandes.<\/p>\n<p><strong>2015 C&rsquo;est \u00e9galement une ann\u00e9e tr\u00e8s importante pour l&rsquo;acquisition de nouvelles certifications<\/strong>, puisqu\u2019\u00e0 partir de novembre, <strong>l&rsquo;entreprise devient c\u00e2bleur UL<\/strong>, avec la possibilit\u00e9 de certifier le produit pour les march\u00e9s am\u00e9ricains et le Canada, s&rsquo;ouvrant ainsi \u00e0 de nouveaux march\u00e9s.<\/p>\n<div style=\"height: 48px;\"><\/div>\n<h3>2004 &#8211; 2009<\/h3>\n<p>Lors de ces ann\u00e9es, <strong>l&rsquo;entreprise se lance pour la premi\u00e8re fois dans le secteur des cadres \u00e9lectriques<\/strong>, en produisant les premiers cadres de bord machines. Mais <strong>le v\u00e9ritable tournant dans ce secteur aura lieu en 2009<\/strong> avec <strong>la naissance d&rsquo;ErreBi cablaggi srl<\/strong>, qui d\u00e9cidera imm\u00e9diatement de d\u00e9velopper une nouvelle division pour la construction de cadres \u00e9lectriques, en commen\u00e7ant \u00e0 <strong>embaucher du personnel qualifi\u00e9 et en investissant dans la formation et dans l&rsquo;\u00e9quipement ad\u00e9quat pour le secteur<\/strong>. <\/p>\n<p>Au cours des derniers mois de 2006,<strong> les volumes de ventes augmentent<\/strong> tellement que le besoin se fait sentir de trouver un site de production plus grand. L&rsquo;entreprise a donc d\u00e9m\u00e9nag\u00e9 en avril 2008 <strong>dans les nouveaux locaux situ\u00e9s dans la commune de Reggello<\/strong> \u00e0 environ 20 km de Florence et \u00e0 seulement 2 km de la sortie de l&rsquo;autoroute, optimisant le d\u00e9partement de production et facilitant \u00e9galement le transport des marchandises. <\/p>\n<p>Au cours de cette p\u00e9riode, <strong>l\u2019entreprise investit dans de nouvelles machines automatiques<\/strong> qui lui permettent de <strong>devenir l&rsquo;une des entreprises leaders du secteur<\/strong>.<\/p>\n<div style=\"height: 48px;\"><\/div>\n<h3>1998 &#8211; Les origines<\/h3>\n<p>Pour remonter aux origines, il faut remonter \u00e0 juillet 1998, ann\u00e9e de cr\u00e9ation de <strong>l&rsquo;entreprise familiale individuelle<\/strong>, qui deviendra la <strong>ErreBi Group S.r.l.<\/strong> en juillet 2009.<\/p>\n<p>Depuis les premi\u00e8res ann\u00e9es d\u00e9j\u00e0,<strong> l&rsquo;entreprise investit dans des machines dot\u00e9es des technologies de derni\u00e8re g\u00e9n\u00e9ration<\/strong>, s&rsquo;imposant bient\u00f4t parmi les producteurs de c\u00e2blages \u00e9lectriques les plus fiables sur tout le territoire national, \u00e9largissant le parc des clients mois apr\u00e8s mois et fid\u00e9lisant de plus en plus d&rsquo;anciens clients, <strong>acqu\u00e9rant des comp\u00e9tences et devenant une v\u00e9ritable r\u00e9f\u00e9rence dans le secteur<\/strong>.<\/p>\n<p>A seulement 2 ans de sa naissance, pour offrir un meilleur service\/support au client, <strong>l&rsquo;entreprise d\u00e9cide de se sp\u00e9cialiser dans l&rsquo;assemblage m\u00e9canique<\/strong>, structurant des lignes pour l&rsquo;assemblage de pi\u00e8ces m\u00e9caniques et commen\u00e7ant \u00e0 fournir en plus, des c\u00e2blages, des produits semi-finis c\u00e2bl\u00e9s et m\u00eame des produits finis et test\u00e9s.<\/p>\n<p>Au cours des premiers mois de 2002, gr\u00e2ce \u00e0 la forte croissance, <strong>l&rsquo;entreprise franchit une nouvelle \u00e9tape<\/strong> en termes de fiabilit\u00e9 en acqu\u00e9rant <strong>la certification ISO 9001<\/strong>, imm\u00e9diatement poursuivie et obtenue en janvier 2003.<\/p>\n","protected":false},"excerpt":{"rendered":"<p>Qui nous sommes Nous, chez ErreBi Group, sommes des c\u00e2bleurs experts et nous sommes structur\u00e9s pour g\u00e9rer la production et la fourniture de divers types de c\u00e2blages, cadres \u00e9lectriques et composants \u00e9lectriques de haute qualit\u00e9. Gr\u00e2ce \u00e0 des ann\u00e9es d&rsquo;\u00e9tude et de recherche, nous sommes l&rsquo;une des entreprises les mieux \u00e9quip\u00e9es du territoire, en termes [&hellip;]<\/p>\n","protected":false},"author":1,"featured_media":1523,"parent":0,"menu_order":0,"comment_status":"closed","ping_status":"closed","template":"","meta":{"footnotes":""},"class_list":["post-1805","page","type-page","status-publish","has-post-thumbnail","hentry"],"yoast_head":"<!-- This site is optimized with the Yoast SEO plugin v27.4 - https:\/\/yoast.com\/product\/yoast-seo-wordpress\/ -->\n<title>Errebi Group | Fabricant de c\u00e2blage \u00e9lectrique<\/title>\n<meta name=\"description\" content=\"Errebi Group, fabricant de c\u00e2blages et tableaux \u00e9lectriques sur mesure. D\u00e9couvrez notre histoire et contactez-nous pour un conseil personnalis\u00e9!\" \/>\n<meta name=\"robots\" content=\"index, follow, max-snippet:-1, max-image-preview:large, max-video-preview:-1\" \/>\n<link rel=\"canonical\" href=\"https:\/\/www.errebi-group.com\/fr\/compagnie\" \/>\n<meta property=\"og:locale\" content=\"fr_FR\" \/>\n<meta property=\"og:type\" content=\"article\" \/>\n<meta property=\"og:title\" content=\"Errebi Group | Fabricant de c\u00e2blage \u00e9lectrique\" \/>\n<meta property=\"og:description\" content=\"Errebi Group, fabricant de c\u00e2blages et tableaux \u00e9lectriques sur mesure. D\u00e9couvrez notre histoire et contactez-nous pour un conseil personnalis\u00e9!\" \/>\n<meta property=\"og:url\" content=\"https:\/\/www.errebi-group.com\/fr\/compagnie\" \/>\n<meta property=\"og:site_name\" content=\"ErreBi Group\" \/>\n<meta property=\"article:publisher\" content=\"https:\/\/www.facebook.com\/errebigroupsrl\" \/>\n<meta property=\"article:modified_time\" content=\"2025-07-02T07:50:09+00:00\" \/>\n<meta property=\"og:image\" content=\"https:\/\/www.errebi-group.com\/wp-content\/uploads\/2025\/04\/sede-operativa-errebi-group-produzione-cablaggi-elettrici-industriali.webp\" \/>\n\t<meta property=\"og:image:width\" content=\"1280\" \/>\n\t<meta property=\"og:image:height\" content=\"720\" \/>\n\t<meta property=\"og:image:type\" content=\"image\/webp\" \/>\n<meta name=\"twitter:card\" content=\"summary_large_image\" \/>\n<meta name=\"twitter:label1\" content=\"Dur\u00e9e de lecture estim\u00e9e\" \/>\n\t<meta name=\"twitter:data1\" content=\"6 minutes\" \/>\n<script type=\"application\/ld+json\" class=\"yoast-schema-graph\">{\"@context\":\"https:\\\/\\\/schema.org\",\"@graph\":[{\"@type\":\"WebPage\",\"@id\":\"https:\\\/\\\/www.errebi-group.com\\\/fr\\\/compagnie\",\"url\":\"https:\\\/\\\/www.errebi-group.com\\\/fr\\\/compagnie\",\"name\":\"Errebi Group | Fabricant de c\u00e2blage \u00e9lectrique\",\"isPartOf\":{\"@id\":\"https:\\\/\\\/www.errebi-group.com\\\/fr#website\"},\"primaryImageOfPage\":{\"@id\":\"https:\\\/\\\/www.errebi-group.com\\\/fr\\\/compagnie#primaryimage\"},\"image\":{\"@id\":\"https:\\\/\\\/www.errebi-group.com\\\/fr\\\/compagnie#primaryimage\"},\"thumbnailUrl\":\"https:\\\/\\\/www.errebi-group.com\\\/wp-content\\\/uploads\\\/2025\\\/04\\\/sede-operativa-errebi-group-produzione-cablaggi-elettrici-industriali.webp\",\"datePublished\":\"2025-04-24T13:35:19+00:00\",\"dateModified\":\"2025-07-02T07:50:09+00:00\",\"description\":\"Errebi Group, fabricant de c\u00e2blages et tableaux \u00e9lectriques sur mesure. D\u00e9couvrez notre histoire et contactez-nous pour un conseil personnalis\u00e9!\",\"breadcrumb\":{\"@id\":\"https:\\\/\\\/www.errebi-group.com\\\/fr\\\/compagnie#breadcrumb\"},\"inLanguage\":\"fr-FR\",\"potentialAction\":[{\"@type\":\"ReadAction\",\"target\":[\"https:\\\/\\\/www.errebi-group.com\\\/fr\\\/compagnie\"]}]},{\"@type\":\"ImageObject\",\"inLanguage\":\"fr-FR\",\"@id\":\"https:\\\/\\\/www.errebi-group.com\\\/fr\\\/compagnie#primaryimage\",\"url\":\"https:\\\/\\\/www.errebi-group.com\\\/wp-content\\\/uploads\\\/2025\\\/04\\\/sede-operativa-errebi-group-produzione-cablaggi-elettrici-industriali.webp\",\"contentUrl\":\"https:\\\/\\\/www.errebi-group.com\\\/wp-content\\\/uploads\\\/2025\\\/04\\\/sede-operativa-errebi-group-produzione-cablaggi-elettrici-industriali.webp\",\"width\":1280,\"height\":720,\"caption\":\"vue ext\u00e9rieure du si\u00e8ge ErreBi Group avec le logo de l\u2019entreprise visible sur la fa\u00e7ade\"},{\"@type\":\"BreadcrumbList\",\"@id\":\"https:\\\/\\\/www.errebi-group.com\\\/fr\\\/compagnie#breadcrumb\",\"itemListElement\":[{\"@type\":\"ListItem\",\"position\":1,\"name\":\"Home\",\"item\":\"https:\\\/\\\/www.errebi-group.com\\\/fr\"},{\"@type\":\"ListItem\",\"position\":2,\"name\":\"Compagnie\"}]},{\"@type\":\"WebSite\",\"@id\":\"https:\\\/\\\/www.errebi-group.com\\\/fr#website\",\"url\":\"https:\\\/\\\/www.errebi-group.com\\\/fr\",\"name\":\"Errebi Group - Azienda produttrice di Cablaggi e Quadri Elettrici\",\"description\":\"Azienda produttrice di Cablaggi e Quadri Elettrici\",\"publisher\":{\"@id\":\"https:\\\/\\\/www.errebi-group.com\\\/fr#organization\"},\"potentialAction\":[{\"@type\":\"SearchAction\",\"target\":{\"@type\":\"EntryPoint\",\"urlTemplate\":\"https:\\\/\\\/www.errebi-group.com\\\/fr?s={search_term_string}\"},\"query-input\":{\"@type\":\"PropertyValueSpecification\",\"valueRequired\":true,\"valueName\":\"search_term_string\"}}],\"inLanguage\":\"fr-FR\"},{\"@type\":\"Organization\",\"@id\":\"https:\\\/\\\/www.errebi-group.com\\\/fr#organization\",\"name\":\"Errebi Group\",\"url\":\"https:\\\/\\\/www.errebi-group.com\\\/fr\",\"logo\":{\"@type\":\"ImageObject\",\"inLanguage\":\"fr-FR\",\"@id\":\"https:\\\/\\\/www.errebi-group.com\\\/fr#\\\/schema\\\/logo\\\/image\\\/\",\"url\":\"https:\\\/\\\/www.errebi-group.com\\\/wp-content\\\/uploads\\\/2025\\\/04\\\/logo-errebi-group-payoff-white-website.png\",\"contentUrl\":\"https:\\\/\\\/www.errebi-group.com\\\/wp-content\\\/uploads\\\/2025\\\/04\\\/logo-errebi-group-payoff-white-website.png\",\"width\":610,\"height\":100,\"caption\":\"Errebi Group\"},\"image\":{\"@id\":\"https:\\\/\\\/www.errebi-group.com\\\/fr#\\\/schema\\\/logo\\\/image\\\/\"},\"sameAs\":[\"https:\\\/\\\/www.facebook.com\\\/errebigroupsrl\",\"https:\\\/\\\/www.instagram.com\\\/errebi.group?igsh=cGNzN3FpcDFqNm1i\",\"https:\\\/\\\/www.linkedin.com\\\/company\\\/errebigroup\\\/?originalSubdomain=it\",\"https:\\\/\\\/www.youtube.com\\\/@errebigroup\"]}]}<\/script>\n<!-- \/ Yoast SEO plugin. -->","yoast_head_json":{"title":"Errebi Group | Fabricant de c\u00e2blage \u00e9lectrique","description":"Errebi Group, fabricant de c\u00e2blages et tableaux \u00e9lectriques sur mesure. D\u00e9couvrez notre histoire et contactez-nous pour un conseil personnalis\u00e9!","robots":{"index":"index","follow":"follow","max-snippet":"max-snippet:-1","max-image-preview":"max-image-preview:large","max-video-preview":"max-video-preview:-1"},"canonical":"https:\/\/www.errebi-group.com\/fr\/compagnie","og_locale":"fr_FR","og_type":"article","og_title":"Errebi Group | Fabricant de c\u00e2blage \u00e9lectrique","og_description":"Errebi Group, fabricant de c\u00e2blages et tableaux \u00e9lectriques sur mesure. D\u00e9couvrez notre histoire et contactez-nous pour un conseil personnalis\u00e9!","og_url":"https:\/\/www.errebi-group.com\/fr\/compagnie","og_site_name":"ErreBi Group","article_publisher":"https:\/\/www.facebook.com\/errebigroupsrl","article_modified_time":"2025-07-02T07:50:09+00:00","og_image":[{"width":1280,"height":720,"url":"https:\/\/www.errebi-group.com\/wp-content\/uploads\/2025\/04\/sede-operativa-errebi-group-produzione-cablaggi-elettrici-industriali.webp","type":"image\/webp"}],"twitter_card":"summary_large_image","twitter_misc":{"Dur\u00e9e de lecture estim\u00e9e":"6 minutes"},"schema":{"@context":"https:\/\/schema.org","@graph":[{"@type":"WebPage","@id":"https:\/\/www.errebi-group.com\/fr\/compagnie","url":"https:\/\/www.errebi-group.com\/fr\/compagnie","name":"Errebi Group | Fabricant de c\u00e2blage \u00e9lectrique","isPartOf":{"@id":"https:\/\/www.errebi-group.com\/fr#website"},"primaryImageOfPage":{"@id":"https:\/\/www.errebi-group.com\/fr\/compagnie#primaryimage"},"image":{"@id":"https:\/\/www.errebi-group.com\/fr\/compagnie#primaryimage"},"thumbnailUrl":"https:\/\/www.errebi-group.com\/wp-content\/uploads\/2025\/04\/sede-operativa-errebi-group-produzione-cablaggi-elettrici-industriali.webp","datePublished":"2025-04-24T13:35:19+00:00","dateModified":"2025-07-02T07:50:09+00:00","description":"Errebi Group, fabricant de c\u00e2blages et tableaux \u00e9lectriques sur mesure. D\u00e9couvrez notre histoire et contactez-nous pour un conseil personnalis\u00e9!","breadcrumb":{"@id":"https:\/\/www.errebi-group.com\/fr\/compagnie#breadcrumb"},"inLanguage":"fr-FR","potentialAction":[{"@type":"ReadAction","target":["https:\/\/www.errebi-group.com\/fr\/compagnie"]}]},{"@type":"ImageObject","inLanguage":"fr-FR","@id":"https:\/\/www.errebi-group.com\/fr\/compagnie#primaryimage","url":"https:\/\/www.errebi-group.com\/wp-content\/uploads\/2025\/04\/sede-operativa-errebi-group-produzione-cablaggi-elettrici-industriali.webp","contentUrl":"https:\/\/www.errebi-group.com\/wp-content\/uploads\/2025\/04\/sede-operativa-errebi-group-produzione-cablaggi-elettrici-industriali.webp","width":1280,"height":720,"caption":"vue ext\u00e9rieure du si\u00e8ge ErreBi Group avec le logo de l\u2019entreprise visible sur la fa\u00e7ade"},{"@type":"BreadcrumbList","@id":"https:\/\/www.errebi-group.com\/fr\/compagnie#breadcrumb","itemListElement":[{"@type":"ListItem","position":1,"name":"Home","item":"https:\/\/www.errebi-group.com\/fr"},{"@type":"ListItem","position":2,"name":"Compagnie"}]},{"@type":"WebSite","@id":"https:\/\/www.errebi-group.com\/fr#website","url":"https:\/\/www.errebi-group.com\/fr","name":"Errebi Group - Azienda produttrice di Cablaggi e Quadri Elettrici","description":"Azienda produttrice di Cablaggi e Quadri Elettrici","publisher":{"@id":"https:\/\/www.errebi-group.com\/fr#organization"},"potentialAction":[{"@type":"SearchAction","target":{"@type":"EntryPoint","urlTemplate":"https:\/\/www.errebi-group.com\/fr?s={search_term_string}"},"query-input":{"@type":"PropertyValueSpecification","valueRequired":true,"valueName":"search_term_string"}}],"inLanguage":"fr-FR"},{"@type":"Organization","@id":"https:\/\/www.errebi-group.com\/fr#organization","name":"Errebi Group","url":"https:\/\/www.errebi-group.com\/fr","logo":{"@type":"ImageObject","inLanguage":"fr-FR","@id":"https:\/\/www.errebi-group.com\/fr#\/schema\/logo\/image\/","url":"https:\/\/www.errebi-group.com\/wp-content\/uploads\/2025\/04\/logo-errebi-group-payoff-white-website.png","contentUrl":"https:\/\/www.errebi-group.com\/wp-content\/uploads\/2025\/04\/logo-errebi-group-payoff-white-website.png","width":610,"height":100,"caption":"Errebi Group"},"image":{"@id":"https:\/\/www.errebi-group.com\/fr#\/schema\/logo\/image\/"},"sameAs":["https:\/\/www.facebook.com\/errebigroupsrl","https:\/\/www.instagram.com\/errebi.group?igsh=cGNzN3FpcDFqNm1i","https:\/\/www.linkedin.com\/company\/errebigroup\/?originalSubdomain=it","https:\/\/www.youtube.com\/@errebigroup"]}]}},"_links":{"self":[{"href":"https:\/\/www.errebi-group.com\/fr\/wp-json\/wp\/v2\/pages\/1805","targetHints":{"allow":["GET"]}}],"collection":[{"href":"https:\/\/www.errebi-group.com\/fr\/wp-json\/wp\/v2\/pages"}],"about":[{"href":"https:\/\/www.errebi-group.com\/fr\/wp-json\/wp\/v2\/types\/page"}],"author":[{"embeddable":true,"href":"https:\/\/www.errebi-group.com\/fr\/wp-json\/wp\/v2\/users\/1"}],"replies":[{"embeddable":true,"href":"https:\/\/www.errebi-group.com\/fr\/wp-json\/wp\/v2\/comments?post=1805"}],"version-history":[{"count":1,"href":"https:\/\/www.errebi-group.com\/fr\/wp-json\/wp\/v2\/pages\/1805\/revisions"}],"predecessor-version":[{"id":2150,"href":"https:\/\/www.errebi-group.com\/fr\/wp-json\/wp\/v2\/pages\/1805\/revisions\/2150"}],"wp:featuredmedia":[{"embeddable":true,"href":"https:\/\/www.errebi-group.com\/fr\/wp-json\/wp\/v2\/media\/1523"}],"wp:attachment":[{"href":"https:\/\/www.errebi-group.com\/fr\/wp-json\/wp\/v2\/media?parent=1805"}],"curies":[{"name":"wp","href":"https:\/\/api.w.org\/{rel}","templated":true}]}}