{"id":1865,"date":"2025-04-24T15:27:40","date_gmt":"2025-04-24T15:27:40","guid":{"rendered":"https:\/\/www.errebi-group.com\/production-de-cablages-electriques\/"},"modified":"2025-07-02T08:00:04","modified_gmt":"2025-07-02T08:00:04","slug":"production-de-cablages-electriques","status":"publish","type":"page","link":"https:\/\/www.errebi-group.com\/fr\/production-de-cablages-electriques","title":{"rendered":"Production de c\u00e2blages \u00e9lectriques"},"content":{"rendered":"<p><strong>ErreBi cablaggi est structur\u00e9 pour la fourniture de diff\u00e9rents types de c\u00e2blages<\/strong>: <strong>l&rsquo;\u00e9norme investissement r\u00e9alis\u00e9 au fil des ann\u00e9es dans la recherche et l&rsquo;\u00e9tude des mati\u00e8res premi\u00e8res, dans la formation minutieuse du personnel et dans une diff\u00e9renciation du travail en fonction du type de produit,<\/strong> nous offre aujourd&rsquo;hui <strong>la possibilit\u00e9 de produire pour des secteurs totalement diff\u00e9rents, en minimisant les marges d&rsquo;erreurs et en maintenant un standard de qualit\u00e9 \u00e9lev\u00e9.<\/strong> <strong>Une connaissance \u00e0 360 degr\u00e9s du c\u00e2blage<\/strong>, nous offre ainsi une vision compl\u00e8te des \u00e9ventuels probl\u00e8mes que le client pourrait rencontrer, parvenant toujours \u00e0 proposer des solutions optimales et efficaces.<\/p>\n<div style=\"height: 48px;\"><\/div>\n<h2>Contr\u00f4le qualit\u00e9 et gestion du processus de production<\/h2>\n<p><strong>L&rsquo;ensemble du processus de production est suivi au niveau qualitatif par un logiciel de gestion<\/strong>, qui indique \u00e0 l&rsquo;op\u00e9rateur, les contr\u00f4les et interventions \u00e0 effectuer \u00e0 chaque \u00e9tape. L&rsquo;op\u00e9rateur \u00e9tablit par cons\u00e9quent des rapports sur ce qui ressort de l&rsquo;analyse pr\u00e9liminaire, \u00e0 la suite de chaque \u00e9tape du processus de production depuis l&rsquo;entrep\u00f4t jusqu&rsquo;\u00e0 l&#8217;emballage du produit final. <strong>La qualit\u00e9 est donc assur\u00e9e par une tra\u00e7abilit\u00e9 compl\u00e8te des commandes archiv\u00e9es<\/strong>, permettant ainsi de retracer les informations et les d\u00e9tails utiles m\u00eame apr\u00e8s de nombreuses ann\u00e9es. <strong>Le travail de stockage est \u00e0 son tour facilit\u00e9 par un algorithme sp\u00e9cial<\/strong> qui permet au logiciel de combiner plusieurs commandes en fonction des crit\u00e8res de recherche choisis, permettant de raccourcir les d\u00e9lais de pr\u00e9paration et, par cons\u00e9quent, d&rsquo;\u00eatre plus comp\u00e9titif d&rsquo;un point de vue \u00e9conomique.  <\/p>\n<div style=\"height: 48px;\"><\/div>\n<h2>Processus de production<\/h2>\n<p>La premi\u00e8re phase du processus de production est clairement le <strong>contact avec le client<\/strong>. Afin de mieux identifier les besoins, il est n\u00e9cessaire d&rsquo;\u00e9valuer <strong>un dessin technique du produit demand\u00e9 ou un \u00e9chantillon de celui-ci<\/strong>. L&rsquo;\u00e9valuation pr\u00e9alable est essentielle pour pouvoir donner au client une r\u00e9ponse ad\u00e9quate concernant <strong>la faisabilit\u00e9 du service et surtout les d\u00e9lais exacts \u00e0 pr\u00e9voir pour la production et la livraison<\/strong>.   Une fois les d\u00e9tails de la demande du client analys\u00e9s, <strong>un devis est \u00e9tabli sur la prestation compl\u00e8te \u00e0 r\u00e9aliser dans tous ses d\u00e9tails<\/strong>, pr\u00e9sent\u00e9 avec un tableau des co\u00fbts et une \u00e9ventuelle date d&rsquo;exp\u00e9dition. Le client a la facult\u00e9 de demander des \u00e9chantillons du produit afin d&rsquo;\u00e9valuer la qualit\u00e9 du service avant de confirmer d\u00e9finitivement le projet et ainsi de d\u00e9marrer le processus de production. Comme mentionn\u00e9 pr\u00e9c\u00e9demment, chaque phase de production est m\u00e9ticuleusement suivie \u00e0 la fois par le logiciel et par des op\u00e9rateurs sp\u00e9cialis\u00e9s, <strong>minimisant les risques d&rsquo;erreurs et v\u00e9rifiant la qualit\u00e9 du produit final par des tests et des inspections finales<\/strong>. <strong>La livraison au client n&rsquo;aura donc lieu qu&rsquo;\u00e0 l&rsquo;issue de contr\u00f4les qualit\u00e9 minutieux<\/strong>, en conformit\u00e9 avec les demandes initiales et en anticipation d&rsquo;\u00e9ventuelles difficult\u00e9s ou probl\u00e8mes qui pourraient survenir dans le temps.<\/p>\n<div style=\"height: 48px;\"><\/div>\n<h2>R\u00e9ception du sch\u00e9ma et des sp\u00e9cifications techniques<\/h2>\n<p>Comme mentionn\u00e9, il est essentiel que le client garantisse <strong>la collaboration la plus compl\u00e8te en fournissant des donn\u00e9es pr\u00e9cises et exactes sur la prestation demand\u00e9e<\/strong>, \u00e9ventuellement accompagn\u00e9es d&rsquo;un \u00e9chantillon ou d&rsquo;un dessin technique. <strong>Permettre \u00e0 nos experts une analyse pr\u00e9liminaire efficace<\/strong> est dans l&rsquo;int\u00e9r\u00eat total du client car il sera ainsi possible d&rsquo;\u00e9viter d&rsquo;autres v\u00e9rifications, clarifications, demandes et inspections, in\u00e9vitables pour d\u00e9marrer efficacement la production mais qui prendraient \u00e9galement du temps qui pourrait \u00e9galement \u00eatre utilis\u00e9 dans le d\u00e9marrage imm\u00e9diat des travaux. <strong>Afin d&rsquo;\u00e9tablir un devis d\u00e9taill\u00e9 et fiable<\/strong>, il est n\u00e9cessaire de conna\u00eetre chaque sp\u00e9cification de projet \u00e0 entreprendre, ce qui n&rsquo;est possible qu&rsquo;\u00e0 la r\u00e9ception de tous les \u00e9l\u00e9ments n\u00e9cessaires.<\/p>\n<div style=\"height: 48px;\"><\/div>\n<h2>Formulation de l\u2019offre<\/h2>\n<p>A r\u00e9ception du sch\u00e9ma du produit accompagn\u00e9 de toutes les informations n\u00e9cessaires \u00e0 l&rsquo;analyse pr\u00e9alable, il sera possible de <strong>formuler un devis d\u00e9taill\u00e9 illustrant les co\u00fbts et les d\u00e9lais de livraison au client<\/strong>. En clair, tout peut varier en fonction du volume de production et de sa complexit\u00e9, puisque chaque type de c\u00e2blage peut avoir une structure simple ou qui implique l&rsquo;utilisation d&rsquo;un plus grand nombre de composants. A l&rsquo;acceptation de l&rsquo;offre, l<strong>e client a la possibilit\u00e9 de demander un \u00e9chantillon du produit demand\u00e9 afin de v\u00e9rifier son ad\u00e9quation<\/strong> et ainsi pouvoir confirmer le d\u00e9marrage de la production de la quantit\u00e9 totale. L&rsquo;\u00e9chantillon peut \u00eatre pr\u00e9sent\u00e9 en photo ou, si possible, en personne au client, qui peut utiliser ce service gratuitement dans le cas d&rsquo;un c\u00e2blage particuli\u00e8rement simple. Dans les cas o\u00f9 l&rsquo;\u00e9chantillonnage est de nature plus complexe et pr\u00e9voit donc un co\u00fbt suppl\u00e9mentaire \u00e0 payer, n<strong>ous veillons g\u00e9n\u00e9ralement \u00e0 faire une remise partielle sur le total en cas de commande<\/strong>, permettant ainsi au client de r\u00e9cup\u00e9rer un pourcentage du montant vers\u00e9.     A la confirmation par le client et en l&rsquo;absence d&rsquo;anomalies relev\u00e9es dans la documentation fournie, <strong>la production pourra donc \u00eatre d\u00e9finitivement d\u00e9marr\u00e9e.<\/strong><\/p>\n<div style=\"height: 48px;\"><\/div>\n<h2>Production et contr\u00f4le des c\u00e2blages<\/h2>\n<p><strong>L&rsquo;ensemble du processus de production se d\u00e9roule de mani\u00e8re enti\u00e8rement informatis\u00e9e<\/strong>, la documentation passant sous format \u00e9lectronique sur les sch\u00e9mas pr\u00e9sents dans les diff\u00e9rents postes de travail. <strong>La premi\u00e8re \u00e9tape revient au bureau technique<\/strong>, qui saisit la nomenclature, d\u00e9finit les diff\u00e9rentes phases du syst\u00e8me de gestion avec les processus internes respectifs et cr\u00e9e le dessin technique (s&rsquo;il n&rsquo;est pas d\u00e9j\u00e0 fourni par le client). <\/p>\n<p><strong>Apr\u00e8s un contr\u00f4le g\u00e9n\u00e9ral par un technicien de la saisie correcte des donn\u00e9es<\/strong>, le processus est valid\u00e9 et <strong>transmis au responsable de production, qui d\u00e9finit les d\u00e9lais de la commande et choisit les op\u00e9rateurs \u00e0 impliquer dans chaque phase en fonction des comp\u00e9tences pr\u00e9vues<\/strong>. Une fois les charges de travail et les d\u00e9lais de traitement calcul\u00e9s, un bon de commande est g\u00e9n\u00e9r\u00e9 pour \u00eatre envoy\u00e9 au client. <\/p>\n<p>\u00c0 ce stade, le calendrier de chaque op\u00e9rateur est mis \u00e0 jour avec la nouvelle commande, qui sera trait\u00e9e sur la base de la r\u00e9partition pr\u00e9vue aux jours \u00e9tablis. <strong>Gr\u00e2ce \u00e0 la pr\u00e9cision du logiciel<\/strong>, il est possible de suivre progressivement l&rsquo;avancement de la commande, de tracer qui y travaille au moment de la v\u00e9rification et \u00e9galement de v\u00e9rifier l&rsquo;occurrence d&rsquo;\u00e9ventuelles anomalies pendant le processus de production \u00e0 porter \u00e0 l&rsquo;attention du client.<\/p>\n<div style=\"height: 48px;\"><\/div>\n<h2>Contr\u00f4le final et livraison<\/h2>\n<p>Une fois toutes les phases d&rsquo;intervention termin\u00e9es, le processus ne peut \u00eatre consid\u00e9r\u00e9 comme termin\u00e9 qu&rsquo;\u00e0<strong> l&rsquo;issue d&rsquo;un contr\u00f4le qualit\u00e9 suppl\u00e9mentaire et d&rsquo;un test pour v\u00e9rifier la fonctionnalit\u00e9 du produit final<\/strong>. Dans ce cas \u00e9galement, <strong>la pr\u00e9cision et la m\u00e9ticulosit\u00e9 des employ\u00e9s sont essentielles<\/strong> puisqu&rsquo;il s&rsquo;agit de la derni\u00e8re \u00e9tape avant la phase d&#8217;emballage et d&rsquo;exp\u00e9dition au client. Lorsque l&rsquo;op\u00e9rateur a effectu\u00e9 les contr\u00f4les et a valid\u00e9 la conformit\u00e9 de l&rsquo;ouvrage, <strong>la commande est emball\u00e9e, \u00e9tiquet\u00e9e et marqu\u00e9e par un code barre<\/strong>, \u00e0 partir duquel un document de transport est g\u00e9n\u00e9r\u00e9 pour la livraison. Au moment o\u00f9 le transporteur retire le colis, le client re\u00e7oit <strong>un num\u00e9ro de suivi pour surveiller l&rsquo;itin\u00e9raire et le moment de la livraison finale<\/strong>.  <\/p>\n<div style=\"height: 48px;\"><\/div>\n<h2>Usinages et automatisation des processus<\/h2>\n<p>Nous faisons absolument partie des entreprises les mieux \u00e9quip\u00e9es du territoire en ce qui concerne <strong>la disponibilit\u00e9 de machines automatiques con\u00e7ues pour l\u2019usinage et la production de tous types de c\u00e2blages.<\/strong><\/p>\n<p>Parmi les nombreux types de traitement que nous sommes en mesure d&rsquo;effectuer gr\u00e2ce \u00e0 nos \u00e9quipements, nous sommes en mesure d&rsquo;effectuer les types de traitement suivants de mani\u00e8re automatis\u00e9e:<\/p>\n<ul>\n<li><strong>D\u00e9coupe, sertissage, couverture fastons;<\/strong><\/li>\n<li><strong>Usinage de terminaux avec caoutchoucs \u00e9tanches;<\/strong><\/li>\n<li><strong>Sertissage de cosses isol\u00e9es et non;<\/strong><\/li>\n<li><strong>Moulage par injection;<\/strong><\/li>\n<li><strong>Usinage et sertissage de c\u00e2bles plats, flats et ffc;<\/strong><\/li>\n<li><strong>D\u00e9coupe, d\u00e9nudage et d\u00e9pouillement de c\u00e2bles multipolaires et coaxiaux; <\/strong><\/li>\n<li><strong>D\u00e9coupe automatique de gaines rigides et flexibles;<\/strong><\/li>\n<li><strong>Soudage automatique;<\/strong><\/li>\n<li><strong>Marquage Inkjer de c\u00e2bles et composants;<\/strong><\/li>\n<li><strong>Coupe laser, impression 3D et CNC.<\/strong><\/li>\n<\/ul>\n<p><strong>Notre capacit\u00e9 \u00e0 r\u00e9aliser tous les usinages n\u00e9cessaires \u00e0 la r\u00e9alisation de c\u00e2blages,<\/strong> la diff\u00e9renciation des travaux et la comp\u00e9tence du personnel pour chaque secteur couvert, nous permettent de travailler dans diff\u00e9rents domaines dans le cadre de la consultation, la production, le contr\u00f4le et l\u2019installation des c\u00e2blages.<\/p>\n","protected":false},"excerpt":{"rendered":"<p>ErreBi cablaggi est structur\u00e9 pour la fourniture de diff\u00e9rents types de c\u00e2blages: l&rsquo;\u00e9norme investissement r\u00e9alis\u00e9 au fil des ann\u00e9es dans la recherche et l&rsquo;\u00e9tude des mati\u00e8res premi\u00e8res, dans la formation minutieuse du personnel et dans une diff\u00e9renciation du travail en fonction du type de produit, nous offre aujourd&rsquo;hui la possibilit\u00e9 de produire pour des secteurs [&hellip;]<\/p>\n","protected":false},"author":1,"featured_media":1711,"parent":0,"menu_order":0,"comment_status":"closed","ping_status":"closed","template":"","meta":{"footnotes":""},"class_list":["post-1865","page","type-page","status-publish","has-post-thumbnail","hentry"],"yoast_head":"<!-- This site is optimized with the Yoast SEO plugin v27.4 - https:\/\/yoast.com\/product\/yoast-seo-wordpress\/ -->\n<title>Production de c\u00e2blages \u00e9lectriques et r\u00e9alisation sur commission<\/title>\n<meta name=\"description\" content=\"ErreBi cablaggi est structur\u00e9 pour la fourniture de diff\u00e9rents types de c\u00e2blages\" \/>\n<meta name=\"robots\" content=\"index, follow, max-snippet:-1, max-image-preview:large, max-video-preview:-1\" \/>\n<link rel=\"canonical\" href=\"https:\/\/www.errebi-group.com\/fr\/production-de-cablages-electriques\" \/>\n<meta property=\"og:locale\" content=\"fr_FR\" \/>\n<meta property=\"og:type\" content=\"article\" \/>\n<meta property=\"og:title\" content=\"Production de c\u00e2blages \u00e9lectriques et r\u00e9alisation sur commission\" \/>\n<meta property=\"og:description\" content=\"ErreBi cablaggi est structur\u00e9 pour la fourniture de diff\u00e9rents types de c\u00e2blages\" \/>\n<meta property=\"og:url\" content=\"https:\/\/www.errebi-group.com\/fr\/production-de-cablages-electriques\" \/>\n<meta property=\"og:site_name\" content=\"ErreBi Group\" \/>\n<meta property=\"article:publisher\" content=\"https:\/\/www.facebook.com\/errebigroupsrl\" \/>\n<meta property=\"article:modified_time\" content=\"2025-07-02T08:00:04+00:00\" \/>\n<meta property=\"og:image\" content=\"https:\/\/www.errebi-group.com\/wp-content\/uploads\/2025\/04\/produzione-cablaggi-elettrici-servizi-errebi-group-hero-section.webp\" \/>\n\t<meta property=\"og:image:width\" content=\"1920\" \/>\n\t<meta property=\"og:image:height\" content=\"1080\" \/>\n\t<meta property=\"og:image:type\" content=\"image\/webp\" \/>\n<meta name=\"twitter:card\" content=\"summary_large_image\" \/>\n<meta name=\"twitter:label1\" content=\"Dur\u00e9e de lecture estim\u00e9e\" \/>\n\t<meta name=\"twitter:data1\" content=\"7 minutes\" \/>\n<script type=\"application\/ld+json\" class=\"yoast-schema-graph\">{\"@context\":\"https:\\\/\\\/schema.org\",\"@graph\":[{\"@type\":\"WebPage\",\"@id\":\"https:\\\/\\\/www.errebi-group.com\\\/fr\\\/production-de-cablages-electriques\",\"url\":\"https:\\\/\\\/www.errebi-group.com\\\/fr\\\/production-de-cablages-electriques\",\"name\":\"Production de c\u00e2blages \u00e9lectriques et r\u00e9alisation sur commission\",\"isPartOf\":{\"@id\":\"https:\\\/\\\/www.errebi-group.com\\\/fr#website\"},\"primaryImageOfPage\":{\"@id\":\"https:\\\/\\\/www.errebi-group.com\\\/fr\\\/production-de-cablages-electriques#primaryimage\"},\"image\":{\"@id\":\"https:\\\/\\\/www.errebi-group.com\\\/fr\\\/production-de-cablages-electriques#primaryimage\"},\"thumbnailUrl\":\"https:\\\/\\\/www.errebi-group.com\\\/wp-content\\\/uploads\\\/2025\\\/04\\\/produzione-cablaggi-elettrici-servizi-errebi-group-hero-section.webp\",\"datePublished\":\"2025-04-24T15:27:40+00:00\",\"dateModified\":\"2025-07-02T08:00:04+00:00\",\"description\":\"ErreBi cablaggi est structur\u00e9 pour la fourniture de diff\u00e9rents types de c\u00e2blages\",\"breadcrumb\":{\"@id\":\"https:\\\/\\\/www.errebi-group.com\\\/fr\\\/production-de-cablages-electriques#breadcrumb\"},\"inLanguage\":\"fr-FR\",\"potentialAction\":[{\"@type\":\"ReadAction\",\"target\":[\"https:\\\/\\\/www.errebi-group.com\\\/fr\\\/production-de-cablages-electriques\"]}]},{\"@type\":\"ImageObject\",\"inLanguage\":\"fr-FR\",\"@id\":\"https:\\\/\\\/www.errebi-group.com\\\/fr\\\/production-de-cablages-electriques#primaryimage\",\"url\":\"https:\\\/\\\/www.errebi-group.com\\\/wp-content\\\/uploads\\\/2025\\\/04\\\/produzione-cablaggi-elettrici-servizi-errebi-group-hero-section.webp\",\"contentUrl\":\"https:\\\/\\\/www.errebi-group.com\\\/wp-content\\\/uploads\\\/2025\\\/04\\\/produzione-cablaggi-elettrici-servizi-errebi-group-hero-section.webp\",\"width\":1920,\"height\":1080,\"caption\":\"Op\u00e9rateur ErreBi Group avec des gants techniques tenant le c\u00e2blage \u00e9lectrique assembl\u00e9\"},{\"@type\":\"BreadcrumbList\",\"@id\":\"https:\\\/\\\/www.errebi-group.com\\\/fr\\\/production-de-cablages-electriques#breadcrumb\",\"itemListElement\":[{\"@type\":\"ListItem\",\"position\":1,\"name\":\"Home\",\"item\":\"https:\\\/\\\/www.errebi-group.com\\\/fr\"},{\"@type\":\"ListItem\",\"position\":2,\"name\":\"Production de c\u00e2blages \u00e9lectriques\"}]},{\"@type\":\"WebSite\",\"@id\":\"https:\\\/\\\/www.errebi-group.com\\\/fr#website\",\"url\":\"https:\\\/\\\/www.errebi-group.com\\\/fr\",\"name\":\"Errebi Group - Azienda produttrice di Cablaggi e Quadri Elettrici\",\"description\":\"Azienda produttrice di Cablaggi e Quadri Elettrici\",\"publisher\":{\"@id\":\"https:\\\/\\\/www.errebi-group.com\\\/fr#organization\"},\"potentialAction\":[{\"@type\":\"SearchAction\",\"target\":{\"@type\":\"EntryPoint\",\"urlTemplate\":\"https:\\\/\\\/www.errebi-group.com\\\/fr?s={search_term_string}\"},\"query-input\":{\"@type\":\"PropertyValueSpecification\",\"valueRequired\":true,\"valueName\":\"search_term_string\"}}],\"inLanguage\":\"fr-FR\"},{\"@type\":\"Organization\",\"@id\":\"https:\\\/\\\/www.errebi-group.com\\\/fr#organization\",\"name\":\"Errebi Group\",\"url\":\"https:\\\/\\\/www.errebi-group.com\\\/fr\",\"logo\":{\"@type\":\"ImageObject\",\"inLanguage\":\"fr-FR\",\"@id\":\"https:\\\/\\\/www.errebi-group.com\\\/fr#\\\/schema\\\/logo\\\/image\\\/\",\"url\":\"https:\\\/\\\/www.errebi-group.com\\\/wp-content\\\/uploads\\\/2025\\\/04\\\/logo-errebi-group-payoff-white-website.png\",\"contentUrl\":\"https:\\\/\\\/www.errebi-group.com\\\/wp-content\\\/uploads\\\/2025\\\/04\\\/logo-errebi-group-payoff-white-website.png\",\"width\":610,\"height\":100,\"caption\":\"Errebi Group\"},\"image\":{\"@id\":\"https:\\\/\\\/www.errebi-group.com\\\/fr#\\\/schema\\\/logo\\\/image\\\/\"},\"sameAs\":[\"https:\\\/\\\/www.facebook.com\\\/errebigroupsrl\",\"https:\\\/\\\/www.instagram.com\\\/errebi.group?igsh=cGNzN3FpcDFqNm1i\",\"https:\\\/\\\/www.linkedin.com\\\/company\\\/errebigroup\\\/?originalSubdomain=it\",\"https:\\\/\\\/www.youtube.com\\\/@errebigroup\"]}]}<\/script>\n<!-- \/ Yoast SEO plugin. -->","yoast_head_json":{"title":"Production de c\u00e2blages \u00e9lectriques et r\u00e9alisation sur commission","description":"ErreBi cablaggi est structur\u00e9 pour la fourniture de diff\u00e9rents types de c\u00e2blages","robots":{"index":"index","follow":"follow","max-snippet":"max-snippet:-1","max-image-preview":"max-image-preview:large","max-video-preview":"max-video-preview:-1"},"canonical":"https:\/\/www.errebi-group.com\/fr\/production-de-cablages-electriques","og_locale":"fr_FR","og_type":"article","og_title":"Production de c\u00e2blages \u00e9lectriques et r\u00e9alisation sur commission","og_description":"ErreBi cablaggi est structur\u00e9 pour la fourniture de diff\u00e9rents types de c\u00e2blages","og_url":"https:\/\/www.errebi-group.com\/fr\/production-de-cablages-electriques","og_site_name":"ErreBi Group","article_publisher":"https:\/\/www.facebook.com\/errebigroupsrl","article_modified_time":"2025-07-02T08:00:04+00:00","og_image":[{"width":1920,"height":1080,"url":"https:\/\/www.errebi-group.com\/wp-content\/uploads\/2025\/04\/produzione-cablaggi-elettrici-servizi-errebi-group-hero-section.webp","type":"image\/webp"}],"twitter_card":"summary_large_image","twitter_misc":{"Dur\u00e9e de lecture estim\u00e9e":"7 minutes"},"schema":{"@context":"https:\/\/schema.org","@graph":[{"@type":"WebPage","@id":"https:\/\/www.errebi-group.com\/fr\/production-de-cablages-electriques","url":"https:\/\/www.errebi-group.com\/fr\/production-de-cablages-electriques","name":"Production de c\u00e2blages \u00e9lectriques et r\u00e9alisation sur commission","isPartOf":{"@id":"https:\/\/www.errebi-group.com\/fr#website"},"primaryImageOfPage":{"@id":"https:\/\/www.errebi-group.com\/fr\/production-de-cablages-electriques#primaryimage"},"image":{"@id":"https:\/\/www.errebi-group.com\/fr\/production-de-cablages-electriques#primaryimage"},"thumbnailUrl":"https:\/\/www.errebi-group.com\/wp-content\/uploads\/2025\/04\/produzione-cablaggi-elettrici-servizi-errebi-group-hero-section.webp","datePublished":"2025-04-24T15:27:40+00:00","dateModified":"2025-07-02T08:00:04+00:00","description":"ErreBi cablaggi est structur\u00e9 pour la fourniture de diff\u00e9rents types de c\u00e2blages","breadcrumb":{"@id":"https:\/\/www.errebi-group.com\/fr\/production-de-cablages-electriques#breadcrumb"},"inLanguage":"fr-FR","potentialAction":[{"@type":"ReadAction","target":["https:\/\/www.errebi-group.com\/fr\/production-de-cablages-electriques"]}]},{"@type":"ImageObject","inLanguage":"fr-FR","@id":"https:\/\/www.errebi-group.com\/fr\/production-de-cablages-electriques#primaryimage","url":"https:\/\/www.errebi-group.com\/wp-content\/uploads\/2025\/04\/produzione-cablaggi-elettrici-servizi-errebi-group-hero-section.webp","contentUrl":"https:\/\/www.errebi-group.com\/wp-content\/uploads\/2025\/04\/produzione-cablaggi-elettrici-servizi-errebi-group-hero-section.webp","width":1920,"height":1080,"caption":"Op\u00e9rateur ErreBi Group avec des gants techniques tenant le c\u00e2blage \u00e9lectrique assembl\u00e9"},{"@type":"BreadcrumbList","@id":"https:\/\/www.errebi-group.com\/fr\/production-de-cablages-electriques#breadcrumb","itemListElement":[{"@type":"ListItem","position":1,"name":"Home","item":"https:\/\/www.errebi-group.com\/fr"},{"@type":"ListItem","position":2,"name":"Production de c\u00e2blages \u00e9lectriques"}]},{"@type":"WebSite","@id":"https:\/\/www.errebi-group.com\/fr#website","url":"https:\/\/www.errebi-group.com\/fr","name":"Errebi Group - Azienda produttrice di Cablaggi e Quadri Elettrici","description":"Azienda produttrice di Cablaggi e Quadri Elettrici","publisher":{"@id":"https:\/\/www.errebi-group.com\/fr#organization"},"potentialAction":[{"@type":"SearchAction","target":{"@type":"EntryPoint","urlTemplate":"https:\/\/www.errebi-group.com\/fr?s={search_term_string}"},"query-input":{"@type":"PropertyValueSpecification","valueRequired":true,"valueName":"search_term_string"}}],"inLanguage":"fr-FR"},{"@type":"Organization","@id":"https:\/\/www.errebi-group.com\/fr#organization","name":"Errebi Group","url":"https:\/\/www.errebi-group.com\/fr","logo":{"@type":"ImageObject","inLanguage":"fr-FR","@id":"https:\/\/www.errebi-group.com\/fr#\/schema\/logo\/image\/","url":"https:\/\/www.errebi-group.com\/wp-content\/uploads\/2025\/04\/logo-errebi-group-payoff-white-website.png","contentUrl":"https:\/\/www.errebi-group.com\/wp-content\/uploads\/2025\/04\/logo-errebi-group-payoff-white-website.png","width":610,"height":100,"caption":"Errebi Group"},"image":{"@id":"https:\/\/www.errebi-group.com\/fr#\/schema\/logo\/image\/"},"sameAs":["https:\/\/www.facebook.com\/errebigroupsrl","https:\/\/www.instagram.com\/errebi.group?igsh=cGNzN3FpcDFqNm1i","https:\/\/www.linkedin.com\/company\/errebigroup\/?originalSubdomain=it","https:\/\/www.youtube.com\/@errebigroup"]}]}},"_links":{"self":[{"href":"https:\/\/www.errebi-group.com\/fr\/wp-json\/wp\/v2\/pages\/1865","targetHints":{"allow":["GET"]}}],"collection":[{"href":"https:\/\/www.errebi-group.com\/fr\/wp-json\/wp\/v2\/pages"}],"about":[{"href":"https:\/\/www.errebi-group.com\/fr\/wp-json\/wp\/v2\/types\/page"}],"author":[{"embeddable":true,"href":"https:\/\/www.errebi-group.com\/fr\/wp-json\/wp\/v2\/users\/1"}],"replies":[{"embeddable":true,"href":"https:\/\/www.errebi-group.com\/fr\/wp-json\/wp\/v2\/comments?post=1865"}],"version-history":[{"count":1,"href":"https:\/\/www.errebi-group.com\/fr\/wp-json\/wp\/v2\/pages\/1865\/revisions"}],"predecessor-version":[{"id":2198,"href":"https:\/\/www.errebi-group.com\/fr\/wp-json\/wp\/v2\/pages\/1865\/revisions\/2198"}],"wp:featuredmedia":[{"embeddable":true,"href":"https:\/\/www.errebi-group.com\/fr\/wp-json\/wp\/v2\/media\/1711"}],"wp:attachment":[{"href":"https:\/\/www.errebi-group.com\/fr\/wp-json\/wp\/v2\/media?parent=1865"}],"curies":[{"name":"wp","href":"https:\/\/api.w.org\/{rel}","templated":true}]}}