{"id":1869,"date":"2025-04-24T15:38:14","date_gmt":"2025-04-24T15:38:14","guid":{"rendered":"https:\/\/www.errebi-group.com\/production-de-cadres-electriques\/"},"modified":"2025-09-29T13:51:31","modified_gmt":"2025-09-29T13:51:31","slug":"production-cadres-electriques","status":"publish","type":"page","link":"https:\/\/www.errebi-group.com\/fr\/production-cadres-electriques","title":{"rendered":"Production de cadres \u00e9lectriques"},"content":{"rendered":"<p><strong>La production de cadres \u00e9lectriques se d\u00e9roule selon des \u00e9tapes bien distinctes entre elles et sont surveill\u00e9es dans les moindres d\u00e9tails par un logiciel de gestion et un personnel sp\u00e9cialis\u00e9<\/strong> afin de minimiser les erreurs et de fournir au client un produit de haute qualit\u00e9. <strong>La capacit\u00e9 de diff\u00e9renciation op\u00e9rationnelle de nos services nous permet \u00e9galement d&rsquo;automatiser le c\u00e2blage des cadres<\/strong>, qui s&rsquo;effectue gr\u00e2ce \u00e0 des machines de production sp\u00e9cifiques que les cadreurs classiques poss\u00e8dent difficilement. <strong>La possibilit\u00e9 de fournir \u00e9galement, aussi bien les cadres \u00e9lectriques que leur c\u00e2blage<\/strong>, nous permet d&rsquo;intervenir dans diff\u00e9rents secteurs, en plus que de travailler pour des entreprises dans des secteurs similaires, e<strong>n c\u00e2blant \u00e0 la main des cadres uniques mais en prenant aussi en charge toute la production et l&rsquo;installation des cadres en s\u00e9rie.<\/strong><\/p>\n<div style=\"height: 48px;\"><\/div>\n<h2>Processus de production<\/h2>\n<p><strong>La premi\u00e8re phase du processus de production est le contact avec le client<\/strong>, au cours duquel une <strong>\u00e9valuation pr\u00e9liminaire <\/strong>est faite, essentielle pour pouvoir donner une r\u00e9ponse ad\u00e9quate concernant <strong>la faisabilit\u00e9 du service et surtout les d\u00e9lais exacts \u00e0 pr\u00e9voir pour la production et la livraison<\/strong>. Une fois les d\u00e9tails de la demande du client analys\u00e9s, <strong>un devis est \u00e9tabli sur la prestation compl\u00e8te \u00e0 r\u00e9aliser dans tous ses d\u00e9tails<\/strong>, pr\u00e9sent\u00e9 avec un tableau des co\u00fbts et une \u00e9ventuelle date d&rsquo;exp\u00e9dition. Comme mentionn\u00e9 pr\u00e9c\u00e9demment, chaque phase de production est m\u00e9ticuleusement suivie \u00e0 la fois par le logiciel et par des op\u00e9rateurs sp\u00e9cialis\u00e9s,<strong> minimisant les risques d&rsquo;erreurs et v\u00e9rifiant la qualit\u00e9 du produit final par des tests et des inspections finales<\/strong>. <strong>La livraison au client n&rsquo;aura donc lieu qu&rsquo;\u00e0 l&rsquo;issue de contr\u00f4les qualit\u00e9 minutieux<\/strong>, en conformit\u00e9 avec les demandes initiales et en anticipation d&rsquo;\u00e9ventuelles difficult\u00e9s ou probl\u00e8mes qui pourraient survenir dans le temps.<\/p>\n<div style=\"height: 48px;\"><\/div>\n<h2>R\u00e9ception du sch\u00e9ma et des sp\u00e9cifications techniques<\/h2>\n<p><strong>Pour garantir un processus lin\u00e9aire et un cadre \u00e9lectrique de qualit\u00e9<\/strong>, il est essentiel que le client garantisse <strong>la collaboration la plus compl\u00e8te en fournissant des donn\u00e9es pr\u00e9cises et exactes sur le service demand\u00e9<\/strong>. <strong>Permettre \u00e0 nos experts une analyse pr\u00e9liminaire efficace<\/strong> est dans l&rsquo;int\u00e9r\u00eat total du client car il sera ainsi possible d&rsquo;\u00e9viter d&rsquo;autres v\u00e9rifications, clarifications, demandes et inspections, in\u00e9vitables pour d\u00e9marrer efficacement la production mais qui prendraient \u00e9galement du temps qui pourrait \u00e9galement \u00eatre utilis\u00e9 dans le d\u00e9marrage imm\u00e9diat des travaux. <strong>Afin d&rsquo;\u00e9tablir un devis d\u00e9taill\u00e9 et fiable<\/strong>, il est n\u00e9cessaire que notre personnel connaisse chaque sp\u00e9cification du projet \u00e0 entreprendre, ce qui n&rsquo;est possible qu&rsquo;\u00e0 la r\u00e9ception de tous les \u00e9l\u00e9ments n\u00e9cessaires.<\/p>\n<div style=\"height: 48px;\"><\/div>\n<h2>Formulation de l\u2019offre<\/h2>\n<p>A r\u00e9ception de toutes les informations n\u00e9cessaires \u00e0 l&rsquo;analyse pr\u00e9liminaire,<strong> il sera possible de formuler un devis d\u00e9taill\u00e9 illustrant au client les co\u00fbts et les d\u00e9lais de livraison<\/strong>. <strong>En clair, tout peut varier en fonction du volume de production et de sa complexit\u00e9<\/strong> : la r\u00e9alisation d&rsquo;un cadre \u00e9lectrique simple peut en fait \u00eatre tr\u00e8s diff\u00e9rente de la structuration de cadres en s\u00e9rie, <strong>qui n\u00e9cessitent l&rsquo;int\u00e9gration d&rsquo;un syst\u00e8me de c\u00e2blage<\/strong>. Comme mentionn\u00e9, ErreBi a la possibilit\u00e9 de prendre en charge l&rsquo;ensemble du projet gr\u00e2ce \u00e0 des <strong>machines et du personnel sp\u00e9cialis\u00e9<\/strong> mais pour chaque cas sp\u00e9cifique, une analyse encore plus approfondie et \u00e9ventuellement des inspections sur site seront n\u00e9cessaires pour v\u00e9rifier le besoin de structures ou des difficult\u00e9s particuli\u00e8res que l\u2019on pourrait rencontrer au moment de l&rsquo;installation. <strong>Tous les contr\u00f4les seront pris en consid\u00e9ration pour la r\u00e9alisation d&rsquo;un devis qui prend en compte \u00e0 tous \u00e9gards les travaux \u00e0 effectuer<\/strong>, offrant au client une proposition transparente et claire dans les moindres d\u00e9tails. A la confirmation par le client et en l&rsquo;absence d&rsquo;anomalies relev\u00e9es dans la documentation fournie, <strong>la production pourra donc \u00eatre d\u00e9finitivement d\u00e9marr\u00e9e.<\/strong><\/p>\n<div style=\"height: 48px;\"><\/div>\n<h2>Processus de production<\/h2>\n<p><strong>L&rsquo;ensemble du processus de production se d\u00e9roule de mani\u00e8re enti\u00e8rement informatis\u00e9e<\/strong>, la documentation passant sous format \u00e9lectronique sur les sch\u00e9mas pr\u00e9sents dans les diff\u00e9rents postes de travail.<strong> \u00c0 ce stade, le calendrier de chaque op\u00e9rateur est mis \u00e0 jour avec la nouvelle commande<\/strong>, qui sera trait\u00e9e sur la base de la r\u00e9partition pr\u00e9vue aux jours \u00e9tablis. <strong>Gr\u00e2ce \u00e0 la pr\u00e9cision du logiciel, il est possible de suivre progressivement l&rsquo;\u00e9tat d\u2019avancement du produit<\/strong>, <strong>de tracer qui y travaille au moment de la v\u00e9rification et \u00e9galement de v\u00e9rifier l&rsquo;occurrence d&rsquo;\u00e9ventuelles anomalies pendant le processus de production \u00e0 porter \u00e0 l&rsquo;attention du client.<\/strong><\/p>\n<div style=\"height: 48px;\"><\/div>\n<h2>Contr\u00f4le et test d\u2019isolation<\/h2>\n<p>Une fois toutes les phases d&rsquo;intervention termin\u00e9es,<strong> le processus ne peut \u00eatre consid\u00e9r\u00e9 comme termin\u00e9 qu&rsquo;\u00e0 l&rsquo;issue d&rsquo;un contr\u00f4le qualit\u00e9 suppl\u00e9mentaire et d&rsquo;un test pour v\u00e9rifier la fonctionnalit\u00e9 du produit final<\/strong>. <strong>Cette phase est certainement l&rsquo;une des plus d\u00e9licates du processus<\/strong> car elle repr\u00e9sente le dernier filtre avant l&rsquo;installation du cadre et donc de la fourniture du service au client final. <strong>En effet, ErreBi pr\u00e9voit des tests sp\u00e9cifiques pour les tests d&rsquo;isolation,<\/strong> r\u00e9alis\u00e9s avec pr\u00e9cision et m\u00e9ticulosit\u00e9 pour assurer la s\u00e9curit\u00e9 <strong>la plus compl\u00e8te des \u00e9quipements.<\/strong> Souvent, en raison de contraintes m\u00e9caniques ou thermiques excessives, <strong>il est possible que la qualit\u00e9 de l&rsquo;isolation des circuits soit remise en question<\/strong>, \u00e0 travers de petits d\u00e9fauts difficiles \u00e0 identifier par une simple inspection visuelle. Nos services sont donc \u00e9quip\u00e9s <strong>pour r\u00e9aliser des tests instrumentaux capables d&rsquo;identifier d&rsquo;\u00e9ventuels probl\u00e8mes m\u00eame en des points du c\u00e2blage non visibles<\/strong>, sollicitant la tension et la temp\u00e9rature selon les r\u00e9glementations pr\u00e9vues et en fonction de l&rsquo;appareil analys\u00e9. Ce n&rsquo;est qu&rsquo;apr\u00e8s avoir pass\u00e9 tous les tests que le produit pourra \u00eatre pr\u00e9par\u00e9 pour la livraison et l&rsquo;installation.<\/p>\n<div style=\"height: 48px;\"><\/div>\n<h2>Usinages et types de cadres \u00e9lectriques<\/h2>\n<p><strong>En fonction des besoins du client, nous sommes en mesure de produire et d&rsquo;installer diff\u00e9rents types de cadres \u00e9lectriques, aussi bien simples qu\u2019en s\u00e9rie avec c\u00e2blage automatis\u00e9<\/strong>. La possibilit\u00e9 de cr\u00e9er des cadres \u00e9lectriques de distribution, d&rsquo;automatisation et \u00e0 bord de machines, nous permet de collaborer avec un large \u00e9ventail de secteurs, <strong>en r\u00e9ussissant dans tous les cas \u00e0 fournir un service de qualit\u00e9 gr\u00e2ce \u00e0 la pr\u00e9paration et au professionnalisme de nos experts<\/strong>.<\/p>\n<p><strong>Notre force est celle d&rsquo;\u00eatre \u00e9quip\u00e9 de machines de diff\u00e9rentes natures et typologies<\/strong>, qui, en plus des types d\u2019usinages normaux, nous permettent d&rsquo;entreprendre d&rsquo;autres activit\u00e9s telles que:<\/p>\n<ul>\n<li><strong>Coupe laser et cnc pour l\u2019usinage de charpenteries et plaques de fond;<\/strong><\/li>\n<li><strong>Coupe de barres din;<\/strong><\/li>\n<li><strong>Coupe, per\u00e7age et pliage de barres en cuivre et aluminium;<\/strong><\/li>\n<li><strong>Soudage par r\u00e9sistance pour l\u2019usinage de charpenterie;<\/strong><\/li>\n<li><strong>Gravure laser et \u00e0 pointe de diamant pour la s\u00e9rigraphie;<\/strong><\/li>\n<\/ul>\n<p><strong>La capacit\u00e9 \u00e0 r\u00e9aliser toutes les op\u00e9rations en interne et la pr\u00e9paration du personnel tant au niveau des cadres que du c\u00e2blage<\/strong>, <strong>nous permettent d&rsquo;intervenir dans divers domaines d&rsquo;utilisation tout en maintenant un standard de qualit\u00e9 \u00e9lev\u00e9.<\/strong><\/p>\n","protected":false},"excerpt":{"rendered":"<p>La production de cadres \u00e9lectriques se d\u00e9roule selon des \u00e9tapes bien distinctes entre elles et sont surveill\u00e9es dans les moindres d\u00e9tails par un logiciel de gestion et un personnel sp\u00e9cialis\u00e9 afin de minimiser les erreurs et de fournir au client un produit de haute qualit\u00e9. La capacit\u00e9 de diff\u00e9renciation op\u00e9rationnelle de nos services nous permet [&hellip;]<\/p>\n","protected":false},"author":1,"featured_media":1715,"parent":0,"menu_order":0,"comment_status":"closed","ping_status":"closed","template":"","meta":{"footnotes":""},"class_list":["post-1869","page","type-page","status-publish","has-post-thumbnail","hentry"],"yoast_head":"<!-- This site is optimized with the Yoast SEO plugin v27.4 - https:\/\/yoast.com\/product\/yoast-seo-wordpress\/ -->\n<title>Production de cadres \u00e9lectriques et r\u00e9alisation sur commission<\/title>\n<meta name=\"description\" content=\"production de cadres \u00e9lectriques se d\u00e9roule selon des \u00e9tapes bien distinctes entre elles et sont surveill\u00e9es dans les moindres d\u00e9tails par un logiciel de gestion\" \/>\n<meta name=\"robots\" content=\"index, follow, max-snippet:-1, max-image-preview:large, max-video-preview:-1\" \/>\n<link rel=\"canonical\" href=\"https:\/\/www.errebi-group.com\/fr\/production-cadres-electriques\" \/>\n<meta property=\"og:locale\" content=\"fr_FR\" \/>\n<meta property=\"og:type\" content=\"article\" \/>\n<meta property=\"og:title\" content=\"Production de cadres \u00e9lectriques et r\u00e9alisation sur commission\" \/>\n<meta property=\"og:description\" content=\"production de cadres \u00e9lectriques se d\u00e9roule selon des \u00e9tapes bien distinctes entre elles et sont surveill\u00e9es dans les moindres d\u00e9tails par un logiciel de gestion\" \/>\n<meta property=\"og:url\" content=\"https:\/\/www.errebi-group.com\/fr\/production-cadres-electriques\" \/>\n<meta property=\"og:site_name\" content=\"ErreBi Group\" \/>\n<meta property=\"article:publisher\" content=\"https:\/\/www.facebook.com\/errebigroupsrl\" \/>\n<meta property=\"article:modified_time\" content=\"2025-09-29T13:51:31+00:00\" \/>\n<meta property=\"og:image\" content=\"https:\/\/www.errebi-group.com\/wp-content\/uploads\/2025\/04\/produzione-quadri-elettrici-servizi-errebi-group-hero-section.webp\" \/>\n\t<meta property=\"og:image:width\" content=\"1920\" \/>\n\t<meta property=\"og:image:height\" content=\"1080\" \/>\n\t<meta property=\"og:image:type\" content=\"image\/webp\" \/>\n<meta name=\"twitter:card\" content=\"summary_large_image\" \/>\n<meta name=\"twitter:label1\" content=\"Dur\u00e9e de lecture estim\u00e9e\" \/>\n\t<meta name=\"twitter:data1\" content=\"6 minutes\" \/>\n<script type=\"application\/ld+json\" class=\"yoast-schema-graph\">{\"@context\":\"https:\\\/\\\/schema.org\",\"@graph\":[{\"@type\":\"WebPage\",\"@id\":\"https:\\\/\\\/www.errebi-group.com\\\/fr\\\/production-cadres-electriques\",\"url\":\"https:\\\/\\\/www.errebi-group.com\\\/fr\\\/production-cadres-electriques\",\"name\":\"Production de cadres \u00e9lectriques et r\u00e9alisation sur commission\",\"isPartOf\":{\"@id\":\"https:\\\/\\\/www.errebi-group.com\\\/fr#website\"},\"primaryImageOfPage\":{\"@id\":\"https:\\\/\\\/www.errebi-group.com\\\/fr\\\/production-cadres-electriques#primaryimage\"},\"image\":{\"@id\":\"https:\\\/\\\/www.errebi-group.com\\\/fr\\\/production-cadres-electriques#primaryimage\"},\"thumbnailUrl\":\"https:\\\/\\\/www.errebi-group.com\\\/wp-content\\\/uploads\\\/2025\\\/04\\\/produzione-quadri-elettrici-servizi-errebi-group-hero-section.webp\",\"datePublished\":\"2025-04-24T15:38:14+00:00\",\"dateModified\":\"2025-09-29T13:51:31+00:00\",\"description\":\"production de cadres \u00e9lectriques se d\u00e9roule selon des \u00e9tapes bien distinctes entre elles et sont surveill\u00e9es dans les moindres d\u00e9tails par un logiciel de gestion\",\"breadcrumb\":{\"@id\":\"https:\\\/\\\/www.errebi-group.com\\\/fr\\\/production-cadres-electriques#breadcrumb\"},\"inLanguage\":\"fr-FR\",\"potentialAction\":[{\"@type\":\"ReadAction\",\"target\":[\"https:\\\/\\\/www.errebi-group.com\\\/fr\\\/production-cadres-electriques\"]}]},{\"@type\":\"ImageObject\",\"inLanguage\":\"fr-FR\",\"@id\":\"https:\\\/\\\/www.errebi-group.com\\\/fr\\\/production-cadres-electriques#primaryimage\",\"url\":\"https:\\\/\\\/www.errebi-group.com\\\/wp-content\\\/uploads\\\/2025\\\/04\\\/produzione-quadri-elettrici-servizi-errebi-group-hero-section.webp\",\"contentUrl\":\"https:\\\/\\\/www.errebi-group.com\\\/wp-content\\\/uploads\\\/2025\\\/04\\\/produzione-quadri-elettrici-servizi-errebi-group-hero-section.webp\",\"width\":1920,\"height\":1080,\"caption\":\"Technicien travaillant sur un tableau \u00e9lectrique industriel avec des c\u00e2bles rouges et des composants modulaires\"},{\"@type\":\"BreadcrumbList\",\"@id\":\"https:\\\/\\\/www.errebi-group.com\\\/fr\\\/production-cadres-electriques#breadcrumb\",\"itemListElement\":[{\"@type\":\"ListItem\",\"position\":1,\"name\":\"Home\",\"item\":\"https:\\\/\\\/www.errebi-group.com\\\/fr\"},{\"@type\":\"ListItem\",\"position\":2,\"name\":\"Production de cadres \u00e9lectriques\"}]},{\"@type\":\"WebSite\",\"@id\":\"https:\\\/\\\/www.errebi-group.com\\\/fr#website\",\"url\":\"https:\\\/\\\/www.errebi-group.com\\\/fr\",\"name\":\"Errebi Group - Azienda produttrice di Cablaggi e Quadri Elettrici\",\"description\":\"Azienda produttrice di Cablaggi e Quadri Elettrici\",\"publisher\":{\"@id\":\"https:\\\/\\\/www.errebi-group.com\\\/fr#organization\"},\"potentialAction\":[{\"@type\":\"SearchAction\",\"target\":{\"@type\":\"EntryPoint\",\"urlTemplate\":\"https:\\\/\\\/www.errebi-group.com\\\/fr?s={search_term_string}\"},\"query-input\":{\"@type\":\"PropertyValueSpecification\",\"valueRequired\":true,\"valueName\":\"search_term_string\"}}],\"inLanguage\":\"fr-FR\"},{\"@type\":\"Organization\",\"@id\":\"https:\\\/\\\/www.errebi-group.com\\\/fr#organization\",\"name\":\"Errebi Group\",\"url\":\"https:\\\/\\\/www.errebi-group.com\\\/fr\",\"logo\":{\"@type\":\"ImageObject\",\"inLanguage\":\"fr-FR\",\"@id\":\"https:\\\/\\\/www.errebi-group.com\\\/fr#\\\/schema\\\/logo\\\/image\\\/\",\"url\":\"https:\\\/\\\/www.errebi-group.com\\\/wp-content\\\/uploads\\\/2025\\\/04\\\/logo-errebi-group-payoff-white-website.png\",\"contentUrl\":\"https:\\\/\\\/www.errebi-group.com\\\/wp-content\\\/uploads\\\/2025\\\/04\\\/logo-errebi-group-payoff-white-website.png\",\"width\":610,\"height\":100,\"caption\":\"Errebi Group\"},\"image\":{\"@id\":\"https:\\\/\\\/www.errebi-group.com\\\/fr#\\\/schema\\\/logo\\\/image\\\/\"},\"sameAs\":[\"https:\\\/\\\/www.facebook.com\\\/errebigroupsrl\",\"https:\\\/\\\/www.instagram.com\\\/errebi.group?igsh=cGNzN3FpcDFqNm1i\",\"https:\\\/\\\/www.linkedin.com\\\/company\\\/errebigroup\\\/?originalSubdomain=it\",\"https:\\\/\\\/www.youtube.com\\\/@errebigroup\"]}]}<\/script>\n<!-- \/ Yoast SEO plugin. -->","yoast_head_json":{"title":"Production de cadres \u00e9lectriques et r\u00e9alisation sur commission","description":"production de cadres \u00e9lectriques se d\u00e9roule selon des \u00e9tapes bien distinctes entre elles et sont surveill\u00e9es dans les moindres d\u00e9tails par un logiciel de gestion","robots":{"index":"index","follow":"follow","max-snippet":"max-snippet:-1","max-image-preview":"max-image-preview:large","max-video-preview":"max-video-preview:-1"},"canonical":"https:\/\/www.errebi-group.com\/fr\/production-cadres-electriques","og_locale":"fr_FR","og_type":"article","og_title":"Production de cadres \u00e9lectriques et r\u00e9alisation sur commission","og_description":"production de cadres \u00e9lectriques se d\u00e9roule selon des \u00e9tapes bien distinctes entre elles et sont surveill\u00e9es dans les moindres d\u00e9tails par un logiciel de gestion","og_url":"https:\/\/www.errebi-group.com\/fr\/production-cadres-electriques","og_site_name":"ErreBi Group","article_publisher":"https:\/\/www.facebook.com\/errebigroupsrl","article_modified_time":"2025-09-29T13:51:31+00:00","og_image":[{"width":1920,"height":1080,"url":"https:\/\/www.errebi-group.com\/wp-content\/uploads\/2025\/04\/produzione-quadri-elettrici-servizi-errebi-group-hero-section.webp","type":"image\/webp"}],"twitter_card":"summary_large_image","twitter_misc":{"Dur\u00e9e de lecture estim\u00e9e":"6 minutes"},"schema":{"@context":"https:\/\/schema.org","@graph":[{"@type":"WebPage","@id":"https:\/\/www.errebi-group.com\/fr\/production-cadres-electriques","url":"https:\/\/www.errebi-group.com\/fr\/production-cadres-electriques","name":"Production de cadres \u00e9lectriques et r\u00e9alisation sur commission","isPartOf":{"@id":"https:\/\/www.errebi-group.com\/fr#website"},"primaryImageOfPage":{"@id":"https:\/\/www.errebi-group.com\/fr\/production-cadres-electriques#primaryimage"},"image":{"@id":"https:\/\/www.errebi-group.com\/fr\/production-cadres-electriques#primaryimage"},"thumbnailUrl":"https:\/\/www.errebi-group.com\/wp-content\/uploads\/2025\/04\/produzione-quadri-elettrici-servizi-errebi-group-hero-section.webp","datePublished":"2025-04-24T15:38:14+00:00","dateModified":"2025-09-29T13:51:31+00:00","description":"production de cadres \u00e9lectriques se d\u00e9roule selon des \u00e9tapes bien distinctes entre elles et sont surveill\u00e9es dans les moindres d\u00e9tails par un logiciel de gestion","breadcrumb":{"@id":"https:\/\/www.errebi-group.com\/fr\/production-cadres-electriques#breadcrumb"},"inLanguage":"fr-FR","potentialAction":[{"@type":"ReadAction","target":["https:\/\/www.errebi-group.com\/fr\/production-cadres-electriques"]}]},{"@type":"ImageObject","inLanguage":"fr-FR","@id":"https:\/\/www.errebi-group.com\/fr\/production-cadres-electriques#primaryimage","url":"https:\/\/www.errebi-group.com\/wp-content\/uploads\/2025\/04\/produzione-quadri-elettrici-servizi-errebi-group-hero-section.webp","contentUrl":"https:\/\/www.errebi-group.com\/wp-content\/uploads\/2025\/04\/produzione-quadri-elettrici-servizi-errebi-group-hero-section.webp","width":1920,"height":1080,"caption":"Technicien travaillant sur un tableau \u00e9lectrique industriel avec des c\u00e2bles rouges et des composants modulaires"},{"@type":"BreadcrumbList","@id":"https:\/\/www.errebi-group.com\/fr\/production-cadres-electriques#breadcrumb","itemListElement":[{"@type":"ListItem","position":1,"name":"Home","item":"https:\/\/www.errebi-group.com\/fr"},{"@type":"ListItem","position":2,"name":"Production de cadres \u00e9lectriques"}]},{"@type":"WebSite","@id":"https:\/\/www.errebi-group.com\/fr#website","url":"https:\/\/www.errebi-group.com\/fr","name":"Errebi Group - Azienda produttrice di Cablaggi e Quadri Elettrici","description":"Azienda produttrice di Cablaggi e Quadri Elettrici","publisher":{"@id":"https:\/\/www.errebi-group.com\/fr#organization"},"potentialAction":[{"@type":"SearchAction","target":{"@type":"EntryPoint","urlTemplate":"https:\/\/www.errebi-group.com\/fr?s={search_term_string}"},"query-input":{"@type":"PropertyValueSpecification","valueRequired":true,"valueName":"search_term_string"}}],"inLanguage":"fr-FR"},{"@type":"Organization","@id":"https:\/\/www.errebi-group.com\/fr#organization","name":"Errebi Group","url":"https:\/\/www.errebi-group.com\/fr","logo":{"@type":"ImageObject","inLanguage":"fr-FR","@id":"https:\/\/www.errebi-group.com\/fr#\/schema\/logo\/image\/","url":"https:\/\/www.errebi-group.com\/wp-content\/uploads\/2025\/04\/logo-errebi-group-payoff-white-website.png","contentUrl":"https:\/\/www.errebi-group.com\/wp-content\/uploads\/2025\/04\/logo-errebi-group-payoff-white-website.png","width":610,"height":100,"caption":"Errebi Group"},"image":{"@id":"https:\/\/www.errebi-group.com\/fr#\/schema\/logo\/image\/"},"sameAs":["https:\/\/www.facebook.com\/errebigroupsrl","https:\/\/www.instagram.com\/errebi.group?igsh=cGNzN3FpcDFqNm1i","https:\/\/www.linkedin.com\/company\/errebigroup\/?originalSubdomain=it","https:\/\/www.youtube.com\/@errebigroup"]}]}},"_links":{"self":[{"href":"https:\/\/www.errebi-group.com\/fr\/wp-json\/wp\/v2\/pages\/1869","targetHints":{"allow":["GET"]}}],"collection":[{"href":"https:\/\/www.errebi-group.com\/fr\/wp-json\/wp\/v2\/pages"}],"about":[{"href":"https:\/\/www.errebi-group.com\/fr\/wp-json\/wp\/v2\/types\/page"}],"author":[{"embeddable":true,"href":"https:\/\/www.errebi-group.com\/fr\/wp-json\/wp\/v2\/users\/1"}],"replies":[{"embeddable":true,"href":"https:\/\/www.errebi-group.com\/fr\/wp-json\/wp\/v2\/comments?post=1869"}],"version-history":[{"count":3,"href":"https:\/\/www.errebi-group.com\/fr\/wp-json\/wp\/v2\/pages\/1869\/revisions"}],"predecessor-version":[{"id":2406,"href":"https:\/\/www.errebi-group.com\/fr\/wp-json\/wp\/v2\/pages\/1869\/revisions\/2406"}],"wp:featuredmedia":[{"embeddable":true,"href":"https:\/\/www.errebi-group.com\/fr\/wp-json\/wp\/v2\/media\/1715"}],"wp:attachment":[{"href":"https:\/\/www.errebi-group.com\/fr\/wp-json\/wp\/v2\/media?parent=1869"}],"curies":[{"name":"wp","href":"https:\/\/api.w.org\/{rel}","templated":true}]}}