{"id":1875,"date":"2025-04-24T15:43:59","date_gmt":"2025-04-24T15:43:59","guid":{"rendered":"https:\/\/www.errebi-group.com\/conseils-et-assistance-technique-pour-la-realisation-de-cablages\/"},"modified":"2025-09-29T14:39:37","modified_gmt":"2025-09-29T14:39:37","slug":"conseils","status":"publish","type":"page","link":"https:\/\/www.errebi-group.com\/fr\/conseils","title":{"rendered":"Conseils et assistance technique pour la r\u00e9alisation de c\u00e2blages"},"content":{"rendered":"<p>Le choix du bon c\u00e2blage peut sembler simple et rapide, mais dans la r\u00e9alit\u00e9 cela l\u2019est rarement aux yeux d\u2019une personne qui n\u2019est pas particuli\u00e8rement experte dans ce domaine. Comme dans beaucoup d\u2019autres secteurs, <strong>le choix de faire soi-m\u00eame n\u2019est avantageux qu\u2019en apparence<\/strong>: cela peut sembler plus rapide et moins co\u00fbteux, mais dans la r\u00e9alit\u00e9, c\u2019est tout l\u2019oppos\u00e9. Un choix trop superficiel peut conduire \u00e0 s\u00e9lectionner des composants non adapt\u00e9s, avec une structure inadapt\u00e9e \u00e0 l\u2019utilisation, une conception pr\u00e9vue pour une activit\u00e9 diff\u00e9rente et qui, une fois mise en \u0153uvre, ne permet pas les performances attendues, ce qui p\u00e8sera in\u00e9vitablement sur les co\u00fbts. Notre <strong>prestation de consultation<\/strong> vise au contraire \u00e0 mettre <strong>nos connaissances dans la structure et dans la conception des composants des c\u00e2blages<\/strong> \u00e0 l\u2019enti\u00e8re disposition du client. Nous cherchons \u00e0 personnaliser la recherche autant que possible, en fonction de ses besoins r\u00e9els, tout en acc\u00e9l\u00e9rant le processus de s\u00e9lection et en r\u00e9duisant les co\u00fbts.<\/p>\n<div style=\"height: 48px;\"><\/div>\n<h2>En quoi consiste la consultation<\/h2>\n<p><strong>Comme indiqu\u00e9, l\u2019objectif d\u2019une consultation ponctuelle et attentive \u00e0 chaque d\u00e9tail est d\u2019optimiser le c\u00e2blage en choisissant exactement les composants adapt\u00e9s \u00e0 la fonction recherch\u00e9e<\/strong>, en identifiant le juste rapport qualit\u00e9\/prix pour soutenir au maximum le client. <strong>Celui qui pense \u00eatre en mesure d\u2019\u00e9valuer tout seul le c\u00e2blage id\u00e9al risque souvent de ne prendre en consid\u00e9ration que des facteurs de base<\/strong>, comme par exemple les dimensions et les r\u00e9glementations \u00e0 respecter lors de l\u2019installation, n\u00e9gligeant de fait d\u2019autres caract\u00e9ristiques qui s\u2019av\u00e8rent pour le moins essentielles. <strong>S\u2019appuyant sur une connaissance approfondie du processus de production qui aboutit \u00e0 la <a href=\"https:\/\/www.errebi-group.com\/it\/produzione-cablaggi-elettrici\">cr\u00e9ation des c\u00e2blages<\/a>, nos conseillers sont en revanche capables d\u2019aller dans le d\u00e9tail<\/strong> : il pourra s\u2019agir par exemple de la structure \u00e0 utiliser et par cons\u00e9quent des composants sp\u00e9cifiques qui s\u2019adaptent au c\u00e2blage \u00e0 poser. <strong>Ce sont parfois ces d\u00e9tails qui font la diff\u00e9rence dans une optimisation, non seulement du point de vue de la qualit\u00e9 du c\u00e2blage et de ses performances r\u00e9elles, mais aussi du point de vue du co\u00fbt total de l\u2019intervention<\/strong>. Lorsque l\u2019on a des doutes ou lorsque l\u2019on est conscient de ne pas \u00eatre particuli\u00e8rement comp\u00e9tent dans un secteur d\u00e9termin\u00e9, faire confiance \u00e0 des experts s\u2019av\u00e8re toujours \u00eatre la meilleure solution pour s\u00e9lectionner le service le plus adapt\u00e9 \u00e0 ses besoins et pour obtenir le prix appropri\u00e9 \u00e0 l\u2019intervention requise.<\/p>\n<div style=\"height: 48px;\"><\/div>\n<h2>De quels secteurs nous nous occupons<\/h2>\n<p>Notre capacit\u00e9 <strong>\u00e0 suivre l\u2019ensemble du processus de production des composants et c\u00e2blages<\/strong> nous permet d\u2019adapter nos produits \u00e0 tous les types de secteurs et de les appliquer \u00e0 diff\u00e9rentes fonctionnalit\u00e9s. Notre prestation de consultation est donc en mesure de recouvrir des domaines m\u00eame tr\u00e8s \u00e9loign\u00e9s les uns des autres, en sachant que nous sommes \u00e0 la hauteur de la t\u00e2che et que nous serons capables de satisfaire tous les besoins du client. Parmi les secteurs o\u00f9 nous intervenons, nous pouvons citer le secteur des v\u00e9hicules de loisirs, mais aussi l\u2019industrie et le secteur des t\u00e9l\u00e9communications. Les collaborations dans les domaines ferroviaire, automobile, et m\u00eame \u00e9lectrom\u00e9dical et de l\u2019a\u00e9rospatiale ne manquent pas. L\u2019on pourra remarquer qu\u2019il n\u2019existe quasiment aucune limite aux applications possibles pour nos produits, nous avons en effet r\u00e9ussi \u00e0 les surmonter gr\u00e2ce \u00e0 la polyvalence de notre travail et gr\u00e2ce surtout aux comp\u00e9tences de notre personnel hautement qualifi\u00e9.<\/p>\n<p>Comme vous pouvez le constater,<strong> il n\u2019y a pratiquement pas de limites pour les applications possibles de nos produits<\/strong>, limites que nous avons r\u00e9ussi \u00e0 d\u00e9passer gr\u00e2ce \u00e0 la polyvalence de notre travail et surtout aux comp\u00e9tences de notre personnel tr\u00e8s pr\u00e9par\u00e9.<\/p>\n<p><a class=\"button-page\" style=\"display: inline-block; margin-left: 8px; background-color: #21a980; color: #fff; padding: 1em 1.5em; border-radius: 9999px; font-weight: 900; font-size: 16px; text-decoration: none; transition: transform 0.3s cubic-bezier(0.5, 2.5, 0.7, 0.7);\" href=\"https:\/\/www.errebi-group.com\/it\/campi-di-impiego\">D\u00e9couvrez les domaines d&rsquo;utilisation<\/a><\/p>\n<div style=\"height: 48px;\"><\/div>\n<h2>demandes courantes<\/h2>\n<p><strong>\u00c9tant donn\u00e9 le large \u00e9ventail de domaines auxquels nous sommes confront\u00e9s quotidiennement, nous assistons \u00e0 une multiplication du type de demandes qui nous sont soumises par les clients afin d\u2019obtenir un service aussi personnalis\u00e9 que possible en fonction des besoins individuels<\/strong>. Parmi les besoins les plus fr\u00e9quents figure sans aucun doute celui de<strong> l\u2019am\u00e9lioration substantielle de la structure du c\u00e2blage<\/strong>. Si ce facteur n\u2019est pas parfaitement adapt\u00e9 au type d\u2019\u00e9quipement, il y aura souvent des cons\u00e9quences sur son efficacit\u00e9 et son bon fonctionnement.<strong> La demande de c\u00e2blages structur\u00e9s<\/strong> est souvent li\u00e9e \u00e0 l\u2019objectif d\u2019acc\u00e9l\u00e9rer l\u2019assemblage sur l\u2019\u00e9quipement et ainsi r\u00e9duire le temps et les co\u00fbts d\u2019installation. <strong>La recherche de c\u00e2bles adapt\u00e9s pr\u00e9cis\u00e9ment \u00e0 la mise en \u0153uvre<\/strong> est parfois longue et complexe, mais avec les bons conseils, il devient beaucoup plus facile de trouver <strong>un c\u00e2blage capable de r\u00e9sister aux temp\u00e9ratures<\/strong> et surtout dot\u00e9 d\u2019une <strong>certification UL pour les \u00c9tats-Unis et le Canada<\/strong>. Les autres demandes fr\u00e9quentes concernent <strong>la recherche de connecteurs<\/strong> : gr\u00e2ce \u00e0 notre support, il s\u2019av\u00e8re beaucoup moins compliqu\u00e9 de trouver du premier coup ceux qui conviennent le mieux \u00e0 l\u2019activit\u00e9 requise, et d\u2019autant plus dans le cas de connecteurs \u00e9tanches \u00e0 l\u2019eau ou de taille particuli\u00e8rement r\u00e9duite.<\/p>\n<p>Pour r\u00e9sumer,<strong> les demandes qui nous parviennent tous les jours<\/strong> peuvent aller des plus g\u00e9n\u00e9rales aux plus sp\u00e9cifiques, mais notre r\u00e9ponse est dans tous les cas pr\u00e9cise, <strong>rapide et vise comme toujours \u00e0 abaisser autant que possible le co\u00fbt du c\u00e2blage pour le client.<\/strong><\/p>\n<div style=\"height: 48px;\"><\/div>\n<h2>Les avantages d\u2019une consultation cibl\u00e9e<\/h2>\n<p>Les avantages d\u2019une consultation cibl\u00e9e sont <strong>l\u2019optimisation du c\u00e2blage<\/strong>, <strong>la r\u00e9duction des temps de montage du c\u00e2blage sur l\u2019\u00e9quipement<\/strong>, <strong>le choix des composants les plus adapt\u00e9s et de meilleure qualit\u00e9<\/strong> et <strong>la r\u00e9duction du co\u00fbt<\/strong>. Nous fournissons en outre gratuitement ce type de consultation \u00e0 nos clients..<\/p>\n<p>Les avantages que le client peut retirer du choix de notre prestation de consultation sont donc \u00e9vidents. Gr\u00e2ce \u00e0 nos conseils, il sera en mesure d\u2019obtenir <strong>un c\u00e2blage parfaitement optimis\u00e9 et fonctionnel pour le type d\u2019activit\u00e9 pr\u00e9vu<\/strong>, ce choix permettra de r\u00e9duire les temps de montage sur l\u2019\u00e9quipement et d\u2019acc\u00e9l\u00e9rer la mise en fonction. La s\u00e9lection des composants requis sera sans aucun doute rapide, mais aussi pr\u00e9cise et adapt\u00e9e au besoin exprim\u00e9 par le client qui pourra b\u00e9n\u00e9ficier <strong>d\u2019une meilleure qualit\u00e9 de produit tout en r\u00e9alisant des \u00e9conomies<\/strong>. En bref, le client sera suivi tout au long du processus de s\u00e9lection, d\u2019achat et de montage, et pourra b\u00e9n\u00e9ficier des conseils d\u2019un professionnel du secteur qui adaptera l\u2019ensemble de l\u2019op\u00e9ration exactement \u00e0 chaque situation. Qui plus est, <strong>l\u2019ensemble de la prestation de consultation est enti\u00e8rement gratuit pour les clients qui d\u00e9cident d&rsquo;utiliser les produits ErreBi <\/strong>: il s\u2019agit d\u2019un petit cadeau pour montrer une fois de plus \u00e0 quel point comptent pour nous les int\u00e9r\u00eats de ceux qui nous choisissent et plus que tout, leur satisfaction.<\/p>\n","protected":false},"excerpt":{"rendered":"<p>Le choix du bon c\u00e2blage peut sembler simple et rapide, mais dans la r\u00e9alit\u00e9 cela l\u2019est rarement aux yeux d\u2019une personne qui n\u2019est pas particuli\u00e8rement experte dans ce domaine. Comme dans beaucoup d\u2019autres secteurs, le choix de faire soi-m\u00eame n\u2019est avantageux qu\u2019en apparence: cela peut sembler plus rapide et moins co\u00fbteux, mais dans la r\u00e9alit\u00e9, [&hellip;]<\/p>\n","protected":false},"author":1,"featured_media":1723,"parent":0,"menu_order":0,"comment_status":"closed","ping_status":"closed","template":"","meta":{"footnotes":""},"class_list":["post-1875","page","type-page","status-publish","has-post-thumbnail","hentry"],"yoast_head":"<!-- This site is optimized with the Yoast SEO plugin v27.4 - https:\/\/yoast.com\/product\/yoast-seo-wordpress\/ -->\n<title>Conseils pour la r\u00e9alisation de c\u00e2blages et d\u2019installations<\/title>\n<meta name=\"description\" content=\"Le choix du bon c\u00e2blage peut sembler simple et rapide, mais dans la r\u00e9alit\u00e9 cela l\u2019est rarement aux yeux d\u2019une personne qui n\u2019est pas particuli\u00e8rement experte dans ce domaine. Comme dans beaucoup...\" \/>\n<meta name=\"robots\" content=\"index, follow, max-snippet:-1, max-image-preview:large, max-video-preview:-1\" \/>\n<link rel=\"canonical\" href=\"https:\/\/www.errebi-group.com\/fr\/conseils\" \/>\n<meta property=\"og:locale\" content=\"fr_FR\" \/>\n<meta property=\"og:type\" content=\"article\" \/>\n<meta property=\"og:title\" content=\"Conseils pour la r\u00e9alisation de c\u00e2blages et d\u2019installations\" \/>\n<meta property=\"og:description\" content=\"Le choix du bon c\u00e2blage peut sembler simple et rapide, mais dans la r\u00e9alit\u00e9 cela l\u2019est rarement aux yeux d\u2019une personne qui n\u2019est pas particuli\u00e8rement experte dans ce domaine. Comme dans beaucoup...\" \/>\n<meta property=\"og:url\" content=\"https:\/\/www.errebi-group.com\/fr\/conseils\" \/>\n<meta property=\"og:site_name\" content=\"ErreBi Group\" \/>\n<meta property=\"article:publisher\" content=\"https:\/\/www.facebook.com\/errebigroupsrl\" \/>\n<meta property=\"article:modified_time\" content=\"2025-09-29T14:39:37+00:00\" \/>\n<meta property=\"og:image\" content=\"https:\/\/www.errebi-group.com\/wp-content\/uploads\/2025\/04\/consulenza-mirata-servizi-errebi-group-hero-section.webp\" \/>\n\t<meta property=\"og:image:width\" content=\"1920\" \/>\n\t<meta property=\"og:image:height\" content=\"1080\" \/>\n\t<meta property=\"og:image:type\" content=\"image\/webp\" \/>\n<meta name=\"twitter:card\" content=\"summary_large_image\" \/>\n<meta name=\"twitter:label1\" content=\"Dur\u00e9e de lecture estim\u00e9e\" \/>\n\t<meta name=\"twitter:data1\" content=\"6 minutes\" \/>\n<script type=\"application\/ld+json\" class=\"yoast-schema-graph\">{\"@context\":\"https:\\\/\\\/schema.org\",\"@graph\":[{\"@type\":\"WebPage\",\"@id\":\"https:\\\/\\\/www.errebi-group.com\\\/fr\\\/conseils\",\"url\":\"https:\\\/\\\/www.errebi-group.com\\\/fr\\\/conseils\",\"name\":\"Conseils pour la r\u00e9alisation de c\u00e2blages et d\u2019installations\",\"isPartOf\":{\"@id\":\"https:\\\/\\\/www.errebi-group.com\\\/fr#website\"},\"primaryImageOfPage\":{\"@id\":\"https:\\\/\\\/www.errebi-group.com\\\/fr\\\/conseils#primaryimage\"},\"image\":{\"@id\":\"https:\\\/\\\/www.errebi-group.com\\\/fr\\\/conseils#primaryimage\"},\"thumbnailUrl\":\"https:\\\/\\\/www.errebi-group.com\\\/wp-content\\\/uploads\\\/2025\\\/04\\\/consulenza-mirata-servizi-errebi-group-hero-section.webp\",\"datePublished\":\"2025-04-24T15:43:59+00:00\",\"dateModified\":\"2025-09-29T14:39:37+00:00\",\"description\":\"Le choix du bon c\u00e2blage peut sembler simple et rapide, mais dans la r\u00e9alit\u00e9 cela l\u2019est rarement aux yeux d\u2019une personne qui n\u2019est pas particuli\u00e8rement experte dans ce domaine. Comme dans beaucoup...\",\"breadcrumb\":{\"@id\":\"https:\\\/\\\/www.errebi-group.com\\\/fr\\\/conseils#breadcrumb\"},\"inLanguage\":\"fr-FR\",\"potentialAction\":[{\"@type\":\"ReadAction\",\"target\":[\"https:\\\/\\\/www.errebi-group.com\\\/fr\\\/conseils\"]}]},{\"@type\":\"ImageObject\",\"inLanguage\":\"fr-FR\",\"@id\":\"https:\\\/\\\/www.errebi-group.com\\\/fr\\\/conseils#primaryimage\",\"url\":\"https:\\\/\\\/www.errebi-group.com\\\/wp-content\\\/uploads\\\/2025\\\/04\\\/consulenza-mirata-servizi-errebi-group-hero-section.webp\",\"contentUrl\":\"https:\\\/\\\/www.errebi-group.com\\\/wp-content\\\/uploads\\\/2025\\\/04\\\/consulenza-mirata-servizi-errebi-group-hero-section.webp\",\"width\":1920,\"height\":1080,\"caption\":\"Trois techniciens ErreBi souriants avec les bras crois\u00e9s, symbole de comp\u00e9tence et de travail d\u2019\u00e9quipe\"},{\"@type\":\"BreadcrumbList\",\"@id\":\"https:\\\/\\\/www.errebi-group.com\\\/fr\\\/conseils#breadcrumb\",\"itemListElement\":[{\"@type\":\"ListItem\",\"position\":1,\"name\":\"Home\",\"item\":\"https:\\\/\\\/www.errebi-group.com\\\/fr\"},{\"@type\":\"ListItem\",\"position\":2,\"name\":\"Conseils et assistance technique pour la r\u00e9alisation de c\u00e2blages\"}]},{\"@type\":\"WebSite\",\"@id\":\"https:\\\/\\\/www.errebi-group.com\\\/fr#website\",\"url\":\"https:\\\/\\\/www.errebi-group.com\\\/fr\",\"name\":\"Errebi Group - Azienda produttrice di Cablaggi e Quadri Elettrici\",\"description\":\"Azienda produttrice di Cablaggi e Quadri Elettrici\",\"publisher\":{\"@id\":\"https:\\\/\\\/www.errebi-group.com\\\/fr#organization\"},\"potentialAction\":[{\"@type\":\"SearchAction\",\"target\":{\"@type\":\"EntryPoint\",\"urlTemplate\":\"https:\\\/\\\/www.errebi-group.com\\\/fr?s={search_term_string}\"},\"query-input\":{\"@type\":\"PropertyValueSpecification\",\"valueRequired\":true,\"valueName\":\"search_term_string\"}}],\"inLanguage\":\"fr-FR\"},{\"@type\":\"Organization\",\"@id\":\"https:\\\/\\\/www.errebi-group.com\\\/fr#organization\",\"name\":\"Errebi Group\",\"url\":\"https:\\\/\\\/www.errebi-group.com\\\/fr\",\"logo\":{\"@type\":\"ImageObject\",\"inLanguage\":\"fr-FR\",\"@id\":\"https:\\\/\\\/www.errebi-group.com\\\/fr#\\\/schema\\\/logo\\\/image\\\/\",\"url\":\"https:\\\/\\\/www.errebi-group.com\\\/wp-content\\\/uploads\\\/2025\\\/04\\\/logo-errebi-group-payoff-white-website.png\",\"contentUrl\":\"https:\\\/\\\/www.errebi-group.com\\\/wp-content\\\/uploads\\\/2025\\\/04\\\/logo-errebi-group-payoff-white-website.png\",\"width\":610,\"height\":100,\"caption\":\"Errebi Group\"},\"image\":{\"@id\":\"https:\\\/\\\/www.errebi-group.com\\\/fr#\\\/schema\\\/logo\\\/image\\\/\"},\"sameAs\":[\"https:\\\/\\\/www.facebook.com\\\/errebigroupsrl\",\"https:\\\/\\\/www.instagram.com\\\/errebi.group?igsh=cGNzN3FpcDFqNm1i\",\"https:\\\/\\\/www.linkedin.com\\\/company\\\/errebigroup\\\/?originalSubdomain=it\",\"https:\\\/\\\/www.youtube.com\\\/@errebigroup\"]}]}<\/script>\n<!-- \/ Yoast SEO plugin. -->","yoast_head_json":{"title":"Conseils pour la r\u00e9alisation de c\u00e2blages et d\u2019installations","description":"Le choix du bon c\u00e2blage peut sembler simple et rapide, mais dans la r\u00e9alit\u00e9 cela l\u2019est rarement aux yeux d\u2019une personne qui n\u2019est pas particuli\u00e8rement experte dans ce domaine. Comme dans beaucoup...","robots":{"index":"index","follow":"follow","max-snippet":"max-snippet:-1","max-image-preview":"max-image-preview:large","max-video-preview":"max-video-preview:-1"},"canonical":"https:\/\/www.errebi-group.com\/fr\/conseils","og_locale":"fr_FR","og_type":"article","og_title":"Conseils pour la r\u00e9alisation de c\u00e2blages et d\u2019installations","og_description":"Le choix du bon c\u00e2blage peut sembler simple et rapide, mais dans la r\u00e9alit\u00e9 cela l\u2019est rarement aux yeux d\u2019une personne qui n\u2019est pas particuli\u00e8rement experte dans ce domaine. Comme dans beaucoup...","og_url":"https:\/\/www.errebi-group.com\/fr\/conseils","og_site_name":"ErreBi Group","article_publisher":"https:\/\/www.facebook.com\/errebigroupsrl","article_modified_time":"2025-09-29T14:39:37+00:00","og_image":[{"width":1920,"height":1080,"url":"https:\/\/www.errebi-group.com\/wp-content\/uploads\/2025\/04\/consulenza-mirata-servizi-errebi-group-hero-section.webp","type":"image\/webp"}],"twitter_card":"summary_large_image","twitter_misc":{"Dur\u00e9e de lecture estim\u00e9e":"6 minutes"},"schema":{"@context":"https:\/\/schema.org","@graph":[{"@type":"WebPage","@id":"https:\/\/www.errebi-group.com\/fr\/conseils","url":"https:\/\/www.errebi-group.com\/fr\/conseils","name":"Conseils pour la r\u00e9alisation de c\u00e2blages et d\u2019installations","isPartOf":{"@id":"https:\/\/www.errebi-group.com\/fr#website"},"primaryImageOfPage":{"@id":"https:\/\/www.errebi-group.com\/fr\/conseils#primaryimage"},"image":{"@id":"https:\/\/www.errebi-group.com\/fr\/conseils#primaryimage"},"thumbnailUrl":"https:\/\/www.errebi-group.com\/wp-content\/uploads\/2025\/04\/consulenza-mirata-servizi-errebi-group-hero-section.webp","datePublished":"2025-04-24T15:43:59+00:00","dateModified":"2025-09-29T14:39:37+00:00","description":"Le choix du bon c\u00e2blage peut sembler simple et rapide, mais dans la r\u00e9alit\u00e9 cela l\u2019est rarement aux yeux d\u2019une personne qui n\u2019est pas particuli\u00e8rement experte dans ce domaine. Comme dans beaucoup...","breadcrumb":{"@id":"https:\/\/www.errebi-group.com\/fr\/conseils#breadcrumb"},"inLanguage":"fr-FR","potentialAction":[{"@type":"ReadAction","target":["https:\/\/www.errebi-group.com\/fr\/conseils"]}]},{"@type":"ImageObject","inLanguage":"fr-FR","@id":"https:\/\/www.errebi-group.com\/fr\/conseils#primaryimage","url":"https:\/\/www.errebi-group.com\/wp-content\/uploads\/2025\/04\/consulenza-mirata-servizi-errebi-group-hero-section.webp","contentUrl":"https:\/\/www.errebi-group.com\/wp-content\/uploads\/2025\/04\/consulenza-mirata-servizi-errebi-group-hero-section.webp","width":1920,"height":1080,"caption":"Trois techniciens ErreBi souriants avec les bras crois\u00e9s, symbole de comp\u00e9tence et de travail d\u2019\u00e9quipe"},{"@type":"BreadcrumbList","@id":"https:\/\/www.errebi-group.com\/fr\/conseils#breadcrumb","itemListElement":[{"@type":"ListItem","position":1,"name":"Home","item":"https:\/\/www.errebi-group.com\/fr"},{"@type":"ListItem","position":2,"name":"Conseils et assistance technique pour la r\u00e9alisation de c\u00e2blages"}]},{"@type":"WebSite","@id":"https:\/\/www.errebi-group.com\/fr#website","url":"https:\/\/www.errebi-group.com\/fr","name":"Errebi Group - Azienda produttrice di Cablaggi e Quadri Elettrici","description":"Azienda produttrice di Cablaggi e Quadri Elettrici","publisher":{"@id":"https:\/\/www.errebi-group.com\/fr#organization"},"potentialAction":[{"@type":"SearchAction","target":{"@type":"EntryPoint","urlTemplate":"https:\/\/www.errebi-group.com\/fr?s={search_term_string}"},"query-input":{"@type":"PropertyValueSpecification","valueRequired":true,"valueName":"search_term_string"}}],"inLanguage":"fr-FR"},{"@type":"Organization","@id":"https:\/\/www.errebi-group.com\/fr#organization","name":"Errebi Group","url":"https:\/\/www.errebi-group.com\/fr","logo":{"@type":"ImageObject","inLanguage":"fr-FR","@id":"https:\/\/www.errebi-group.com\/fr#\/schema\/logo\/image\/","url":"https:\/\/www.errebi-group.com\/wp-content\/uploads\/2025\/04\/logo-errebi-group-payoff-white-website.png","contentUrl":"https:\/\/www.errebi-group.com\/wp-content\/uploads\/2025\/04\/logo-errebi-group-payoff-white-website.png","width":610,"height":100,"caption":"Errebi Group"},"image":{"@id":"https:\/\/www.errebi-group.com\/fr#\/schema\/logo\/image\/"},"sameAs":["https:\/\/www.facebook.com\/errebigroupsrl","https:\/\/www.instagram.com\/errebi.group?igsh=cGNzN3FpcDFqNm1i","https:\/\/www.linkedin.com\/company\/errebigroup\/?originalSubdomain=it","https:\/\/www.youtube.com\/@errebigroup"]}]}},"_links":{"self":[{"href":"https:\/\/www.errebi-group.com\/fr\/wp-json\/wp\/v2\/pages\/1875","targetHints":{"allow":["GET"]}}],"collection":[{"href":"https:\/\/www.errebi-group.com\/fr\/wp-json\/wp\/v2\/pages"}],"about":[{"href":"https:\/\/www.errebi-group.com\/fr\/wp-json\/wp\/v2\/types\/page"}],"author":[{"embeddable":true,"href":"https:\/\/www.errebi-group.com\/fr\/wp-json\/wp\/v2\/users\/1"}],"replies":[{"embeddable":true,"href":"https:\/\/www.errebi-group.com\/fr\/wp-json\/wp\/v2\/comments?post=1875"}],"version-history":[{"count":2,"href":"https:\/\/www.errebi-group.com\/fr\/wp-json\/wp\/v2\/pages\/1875\/revisions"}],"predecessor-version":[{"id":2454,"href":"https:\/\/www.errebi-group.com\/fr\/wp-json\/wp\/v2\/pages\/1875\/revisions\/2454"}],"wp:featuredmedia":[{"embeddable":true,"href":"https:\/\/www.errebi-group.com\/fr\/wp-json\/wp\/v2\/media\/1723"}],"wp:attachment":[{"href":"https:\/\/www.errebi-group.com\/fr\/wp-json\/wp\/v2\/media?parent=1875"}],"curies":[{"name":"wp","href":"https:\/\/api.w.org\/{rel}","templated":true}]}}