{"id":1880,"date":"2025-04-28T09:41:19","date_gmt":"2025-04-28T09:41:19","guid":{"rendered":"https:\/\/www.errebi-group.com\/assemblages-electromecaniques\/"},"modified":"2025-07-02T08:09:18","modified_gmt":"2025-07-02T08:09:18","slug":"assemblages-electromecaniques","status":"publish","type":"page","link":"https:\/\/www.errebi-group.com\/fr\/assemblages-electromecaniques","title":{"rendered":"Assemblages \u00e9lectrom\u00e9caniques"},"content":{"rendered":"<p><strong>Les comp\u00e9tences, le professionnalisme et la polyvalence du personnel d\u2019ErreBi Cablaggi <\/strong>sont la garantie d\u2019une activit\u00e9 diversifi\u00e9e visant \u00e0 offrir aux clients <strong>un service aussi complet que possible<\/strong>. Pour cette raison, outre la production et la pose de c\u00e2blages pour diff\u00e9rents secteurs, nous sommes en mesure de pr\u00e9parer <strong>une vaste gamme d\u2019assemblages \u00e9lectrom\u00e9caniques aux caract\u00e9ristiques et usages vari\u00e9s et qui pourront \u00eatre utilis\u00e9s dans de multiples contextes professionnels<\/strong>. <\/p>\n<p>Nos experts sont en effet en mesure de cr\u00e9er des produits non seulement c\u00e2bl\u00e9s, <strong>mais \u00e9galement avec des parties \u00e9lectroniques et m\u00e9caniques assembl\u00e9es<\/strong>, afin de pouvoir livrer un outil qui soit d\u00e9j\u00e0 op\u00e9rationnel ou, le cas \u00e9ch\u00e9ant, qui sera optimis\u00e9 ou fini par l\u2019acqu\u00e9reur en fonction de ses besoins.<strong> L\u2019achat de produits finis ou semi-finis est pour le client la garantie de r\u00e9aliser des \u00e9conomies de temps, de main d\u2019\u0153uvre, de logistique et d\u2019argent, avec l\u2019assurance de recevoir un appareil de qualit\u00e9, cr\u00e9\u00e9 gr\u00e2ce \u00e0 l\u2019habilet\u00e9 et la passion de v\u00e9ritables experts du secteur<\/strong>.<\/p>\n<div style=\"height: 48px;\"><\/div>\n<h2>Assemblages \u00e9lectrom\u00e9caniques de produits finis<\/h2>\n<p><strong>Par assemblages \u00e9lectrom\u00e9caniques de produits finis,<\/strong> nous entendons un produit que nous avons non seulement c\u00e2bl\u00e9 mais aussi assembl\u00e9 dans sa partie m\u00e9canique et \u00e9lectronique (lorsqu\u2019il y a \u00e9galement une programmation du logiciel) en totalit\u00e9, avec essai fonctionnel \u00e0 100 % et pr\u00eat \u00e0 \u00eatre vendu par notre client \u00e0 l\u2019utilisateur final. <\/p>\n<p>Comme nous l\u2019avons expliqu\u00e9, les assemblages \u00e9lectrom\u00e9caniques que nous avons r\u00e9alis\u00e9s peuvent concerner <strong>des produits finis ou semi-finis<\/strong>. Les produits finis sont suivis par nos experts tout au long du processus de fabrication : il est \u00e9vident que la plus grande attention est accord\u00e9e aux <strong>parties \u00e9lectroniques et m\u00e9caniques<\/strong>, mais le niveau \u00e9lev\u00e9 de comp\u00e9tences de notre personnel permet \u00e9galement de nous occuper dans le d\u00e9tail de <strong>l\u2019\u00e9ventuelle programmation logicielle et du contr\u00f4le final<\/strong>. Ainsi, le client ach\u00e8te un outil fonctionnel et op\u00e9rationnel \u00e0 100 %. <\/p>\n<p>Les produits de notre r\u00e9alisation vous garantissent <strong>qualit\u00e9 et performances<\/strong>, comme par exemple notre <strong>syst\u00e8me de capture de rongeurs<\/strong>, \u00e0 ce jour l\u2019un des appareils les plus demand\u00e9s par nos utilisateurs. <strong>Il s\u2019agit d\u2019un syst\u00e8me t\u00e9l\u00e9command\u00e9, qui fonctionne avec le protocole LoRaWAN <\/strong>: il peut \u00eatre configur\u00e9 et command\u00e9 \u00e0 distance par ordinateur, tablette ou smartphone, et permet \u00e0 l\u2019utilisateur d\u2019en g\u00e9rer l\u2019activit\u00e9 \u00e0 tout moment, ind\u00e9pendamment de sa pr\u00e9sence ou non sur le lieu o\u00f9 le pi\u00e8ge est pos\u00e9. <\/p>\n<p>Ce syst\u00e8me de capture \u00e0 distance a \u00e9t\u00e9 imagin\u00e9, <strong>dessin\u00e9, con\u00e7u et assembl\u00e9 enti\u00e8rement par nous,<\/strong> tant pour ce qui concerne la m\u00e9canique que pour le mat\u00e9riel informatique et le logiciel. Comme pour cette r\u00e9alisation dont nous sommes tr\u00e8s fiers, <strong>tous nos assemblages sont le fruit de notre travail, de notre exp\u00e9rience et de notre passion<\/strong>. Nos clients reconnaissent ces valeurs et sont enti\u00e8rement satisfaits de la qualit\u00e9 des produits qu\u2019ils acqui\u00e8rent. <\/p>\n<div style=\"height: 48px;\"><\/div>\n<h2>Facteurs contribuant au choix du type d\u2019assemblage<\/h2>\n<p><strong>Il y a de nombreux avantages \u00e0 faire appel \u00e0 nous pour l\u2019assemblage:<\/strong><\/p>\n<ul>\n<li>nous avons l\u2019organisation, non seulement avec les <a href=\"https:\/\/www.errebi-group.com\/it\/produzione-cablaggi-elettrici\">machines pour la production de c\u00e2blages<\/a>, mais nous disposons \u00e9galement de <strong>machines pour l\u2019usinage de pi\u00e8ces m\u00e9caniques<\/strong> (de type CNC, d\u00e9coupe laser, gravure laser, imprimantes 3D, etc.), et ceci nous permet d\u2019\u00eatre tr\u00e8s comp\u00e9titifs sur le plan des prix.<\/li>\n<li><strong>Nous disposons d\u2019un personnel form\u00e9 pour effectuer ces op\u00e9rations<\/strong> et sommes en mesure d\u2019organiser des <strong>lignes de montage afin de r\u00e9duire les temps de production<\/strong>, et par cons\u00e9quent diminuer les co\u00fbts.<\/li>\n<li>Le client n\u2019a pas \u00e0 s\u2019inqui\u00e9ter de la gestion des achats et de la logistique des composants, ce qu\u2019il devrait faire s\u2019il s\u2019occupait de ces activit\u00e9s en interne. <strong>Cela r\u00e9duit ses activit\u00e9s et les stocks dans ses entrep\u00f4ts.<\/strong><\/li>\n<li>Si le client fait appel \u00e0 nous pour un produit complet, <strong>il peut consacrer toutes ses ressources pour la partie commerciale<\/strong>, et accro\u00eetre ses ventes, nous nous occupons du reste.<\/li>\n<\/ul>\n<p>Acheter un assemblage \u00e9lectrom\u00e9canique fini ou semi-fini plut\u00f4t que de le produire en interne pourrait \u00eatre consid\u00e9r\u00e9 par certains comme un investissement audacieux, ou comme de la r\u00e9partition de travail qui pourrait constituer une perte de temps. En r\u00e9alit\u00e9, <strong>les avantages pour une entreprise sont multiples<\/strong>. Plus particuli\u00e8rement, <strong>faire confiance \u00e0 ErreBi s\u2019av\u00e8re \u00eatre une garantie non seulement de qualit\u00e9, mais aussi d\u2019\u00e9conomies en mati\u00e8re de co\u00fbts et d\u2019organisation du travail.<\/strong> <\/p>\n<p><strong>Bien qu\u2019elle soit sp\u00e9cialis\u00e9e dans le c\u00e2blage,<\/strong> notre entreprise <strong>dispose d\u2019\u00e9quipements qu\u2019elle peut utiliser pour l\u2019usinage de pi\u00e8ces m\u00e9caniques<\/strong>, comme notamment les machines \u00e0 commande num\u00e9rique, de d\u00e9coupe et de gravure laser et les imprimantes 3D. <strong>Notre personnel est tr\u00e8s qualifi\u00e9 pour ce type de travaux<\/strong>, et parvient en m\u00eame temps \u00e0 organiser des lignes d\u2019assemblage et \u00e0 suivre le processus \u00e0 toutes les \u00e9tapes. <strong>La possibilit\u00e9 que nous avons de nous occuper de l\u2019assemblage dans le d\u00e9tail<\/strong>, depuis les c\u00e2blages jusqu\u2019au travail sur les pi\u00e8ces \u00e9lectroniques et m\u00e9caniques, r\u00e9duit sensiblement les temps de production et se traduit par cons\u00e9quent en r\u00e9duction de co\u00fbts pour le client. <\/p>\n<p>utre les \u00e9conomies qu\u2019il r\u00e9alise, le client n\u2019aura plus \u00e0 se pr\u00e9occuper de chercher, d\u2019acheter, d\u2019exp\u00e9dier et de stocker les diff\u00e9rents composants dans son entrep\u00f4t pour effectuer cette activit\u00e9 en interne. <strong>La gestion et la logistique seront remplac\u00e9es par l\u2019achat d\u2019un produit fini ou semi-fini<\/strong>, ce qui diminue la charge de travail et surtout all\u00e8ge la t\u00e2che des transporteurs et des manutentionnaires. <\/p>\n<p>La r\u00e9duction des op\u00e9rations d\u2019assemblage <strong>lib\u00e9rera par ailleurs toutes les forces de l\u2019entreprise et les concentrera sur le secteur commercial,<\/strong> ce qui renforcera le r\u00e9seau et multipliera les opportunit\u00e9s de ventes. En r\u00e9sum\u00e9, <strong>confier la totalit\u00e9 des activit\u00e9s techniques d\u2019assemblage \u00e0 des professionnels du secteur<\/strong> qui suivront l\u2019ensemble du processus peut constituer un r\u00e9el changement. <strong>Cela vous permettra de r\u00e9organiser votre processus de production, de r\u00e9duire les co\u00fbts et de vous consacrer \u00e0 la vente sans vous pr\u00e9occuper de rien d\u2019autre<\/strong>. <\/p>\n","protected":false},"excerpt":{"rendered":"<p>Les comp\u00e9tences, le professionnalisme et la polyvalence du personnel d\u2019ErreBi Cablaggi sont la garantie d\u2019une activit\u00e9 diversifi\u00e9e visant \u00e0 offrir aux clients un service aussi complet que possible. Pour cette raison, outre la production et la pose de c\u00e2blages pour diff\u00e9rents secteurs, nous sommes en mesure de pr\u00e9parer une vaste gamme d\u2019assemblages \u00e9lectrom\u00e9caniques aux caract\u00e9ristiques [&hellip;]<\/p>\n","protected":false},"author":1,"featured_media":1719,"parent":0,"menu_order":0,"comment_status":"closed","ping_status":"closed","template":"","meta":{"footnotes":""},"class_list":["post-1880","page","type-page","status-publish","has-post-thumbnail","hentry"],"yoast_head":"<!-- This site is optimized with the Yoast SEO plugin v27.4 - https:\/\/yoast.com\/product\/yoast-seo-wordpress\/ -->\n<title>C\u00e2blages audios et vid\u00e9os, c\u00e2bles et composants \u00e9lectriques<\/title>\n<meta name=\"description\" content=\"Dans le secteur audiovisuel, le c\u00e2blage est essentiel au bon fonctionnement des installations et permet l\u2019interconnexion d\u2019\u00e9quipements de nature \u00e9lectronique, analogique ou num\u00e9rique...\" \/>\n<meta name=\"robots\" content=\"index, follow, max-snippet:-1, max-image-preview:large, max-video-preview:-1\" \/>\n<link rel=\"canonical\" href=\"https:\/\/www.errebi-group.com\/fr\/assemblages-electromecaniques\" \/>\n<meta property=\"og:locale\" content=\"fr_FR\" \/>\n<meta property=\"og:type\" content=\"article\" \/>\n<meta property=\"og:title\" content=\"C\u00e2blages audios et vid\u00e9os, c\u00e2bles et composants \u00e9lectriques\" \/>\n<meta property=\"og:description\" content=\"Dans le secteur audiovisuel, le c\u00e2blage est essentiel au bon fonctionnement des installations et permet l\u2019interconnexion d\u2019\u00e9quipements de nature \u00e9lectronique, analogique ou num\u00e9rique...\" \/>\n<meta property=\"og:url\" content=\"https:\/\/www.errebi-group.com\/fr\/assemblages-electromecaniques\" \/>\n<meta property=\"og:site_name\" content=\"ErreBi Group\" \/>\n<meta property=\"article:publisher\" content=\"https:\/\/www.facebook.com\/errebigroupsrl\" \/>\n<meta property=\"article:modified_time\" content=\"2025-07-02T08:09:18+00:00\" \/>\n<meta property=\"og:image\" content=\"https:\/\/www.errebi-group.com\/wp-content\/uploads\/2025\/04\/assemblaggi-elettromeccanici-servizi-errebi-group-hero-section.webp\" \/>\n\t<meta property=\"og:image:width\" content=\"1920\" \/>\n\t<meta property=\"og:image:height\" content=\"1080\" \/>\n\t<meta property=\"og:image:type\" content=\"image\/webp\" \/>\n<meta name=\"twitter:card\" content=\"summary_large_image\" \/>\n<meta name=\"twitter:label1\" content=\"Dur\u00e9e de lecture estim\u00e9e\" \/>\n\t<meta name=\"twitter:data1\" content=\"5 minutes\" \/>\n<script type=\"application\/ld+json\" class=\"yoast-schema-graph\">{\"@context\":\"https:\\\/\\\/schema.org\",\"@graph\":[{\"@type\":\"WebPage\",\"@id\":\"https:\\\/\\\/www.errebi-group.com\\\/fr\\\/assemblages-electromecaniques\",\"url\":\"https:\\\/\\\/www.errebi-group.com\\\/fr\\\/assemblages-electromecaniques\",\"name\":\"C\u00e2blages audios et vid\u00e9os, c\u00e2bles et composants \u00e9lectriques\",\"isPartOf\":{\"@id\":\"https:\\\/\\\/www.errebi-group.com\\\/fr#website\"},\"primaryImageOfPage\":{\"@id\":\"https:\\\/\\\/www.errebi-group.com\\\/fr\\\/assemblages-electromecaniques#primaryimage\"},\"image\":{\"@id\":\"https:\\\/\\\/www.errebi-group.com\\\/fr\\\/assemblages-electromecaniques#primaryimage\"},\"thumbnailUrl\":\"https:\\\/\\\/www.errebi-group.com\\\/wp-content\\\/uploads\\\/2025\\\/04\\\/assemblaggi-elettromeccanici-servizi-errebi-group-hero-section.webp\",\"datePublished\":\"2025-04-28T09:41:19+00:00\",\"dateModified\":\"2025-07-02T08:09:18+00:00\",\"description\":\"Dans le secteur audiovisuel, le c\u00e2blage est essentiel au bon fonctionnement des installations et permet l\u2019interconnexion d\u2019\u00e9quipements de nature \u00e9lectronique, analogique ou num\u00e9rique...\",\"breadcrumb\":{\"@id\":\"https:\\\/\\\/www.errebi-group.com\\\/fr\\\/assemblages-electromecaniques#breadcrumb\"},\"inLanguage\":\"fr-FR\",\"potentialAction\":[{\"@type\":\"ReadAction\",\"target\":[\"https:\\\/\\\/www.errebi-group.com\\\/fr\\\/assemblages-electromecaniques\"]}]},{\"@type\":\"ImageObject\",\"inLanguage\":\"fr-FR\",\"@id\":\"https:\\\/\\\/www.errebi-group.com\\\/fr\\\/assemblages-electromecaniques#primaryimage\",\"url\":\"https:\\\/\\\/www.errebi-group.com\\\/wp-content\\\/uploads\\\/2025\\\/04\\\/assemblaggi-elettromeccanici-servizi-errebi-group-hero-section.webp\",\"contentUrl\":\"https:\\\/\\\/www.errebi-group.com\\\/wp-content\\\/uploads\\\/2025\\\/04\\\/assemblaggi-elettromeccanici-servizi-errebi-group-hero-section.webp\",\"width\":1920,\"height\":1080,\"caption\":\"Op\u00e9rateur travaillant sur l\u2019assemblage \u00e9lectrom\u00e9canique avec des composants et c\u00e2blages \u00e9lectriques de pr\u00e9cision\"},{\"@type\":\"BreadcrumbList\",\"@id\":\"https:\\\/\\\/www.errebi-group.com\\\/fr\\\/assemblages-electromecaniques#breadcrumb\",\"itemListElement\":[{\"@type\":\"ListItem\",\"position\":1,\"name\":\"Home\",\"item\":\"https:\\\/\\\/www.errebi-group.com\\\/fr\"},{\"@type\":\"ListItem\",\"position\":2,\"name\":\"Assemblages \u00e9lectrom\u00e9caniques\"}]},{\"@type\":\"WebSite\",\"@id\":\"https:\\\/\\\/www.errebi-group.com\\\/fr#website\",\"url\":\"https:\\\/\\\/www.errebi-group.com\\\/fr\",\"name\":\"Errebi Group - Azienda produttrice di Cablaggi e Quadri Elettrici\",\"description\":\"Azienda produttrice di Cablaggi e Quadri Elettrici\",\"publisher\":{\"@id\":\"https:\\\/\\\/www.errebi-group.com\\\/fr#organization\"},\"potentialAction\":[{\"@type\":\"SearchAction\",\"target\":{\"@type\":\"EntryPoint\",\"urlTemplate\":\"https:\\\/\\\/www.errebi-group.com\\\/fr?s={search_term_string}\"},\"query-input\":{\"@type\":\"PropertyValueSpecification\",\"valueRequired\":true,\"valueName\":\"search_term_string\"}}],\"inLanguage\":\"fr-FR\"},{\"@type\":\"Organization\",\"@id\":\"https:\\\/\\\/www.errebi-group.com\\\/fr#organization\",\"name\":\"Errebi Group\",\"url\":\"https:\\\/\\\/www.errebi-group.com\\\/fr\",\"logo\":{\"@type\":\"ImageObject\",\"inLanguage\":\"fr-FR\",\"@id\":\"https:\\\/\\\/www.errebi-group.com\\\/fr#\\\/schema\\\/logo\\\/image\\\/\",\"url\":\"https:\\\/\\\/www.errebi-group.com\\\/wp-content\\\/uploads\\\/2025\\\/04\\\/logo-errebi-group-payoff-white-website.png\",\"contentUrl\":\"https:\\\/\\\/www.errebi-group.com\\\/wp-content\\\/uploads\\\/2025\\\/04\\\/logo-errebi-group-payoff-white-website.png\",\"width\":610,\"height\":100,\"caption\":\"Errebi Group\"},\"image\":{\"@id\":\"https:\\\/\\\/www.errebi-group.com\\\/fr#\\\/schema\\\/logo\\\/image\\\/\"},\"sameAs\":[\"https:\\\/\\\/www.facebook.com\\\/errebigroupsrl\",\"https:\\\/\\\/www.instagram.com\\\/errebi.group?igsh=cGNzN3FpcDFqNm1i\",\"https:\\\/\\\/www.linkedin.com\\\/company\\\/errebigroup\\\/?originalSubdomain=it\",\"https:\\\/\\\/www.youtube.com\\\/@errebigroup\"]}]}<\/script>\n<!-- \/ Yoast SEO plugin. -->","yoast_head_json":{"title":"C\u00e2blages audios et vid\u00e9os, c\u00e2bles et composants \u00e9lectriques","description":"Dans le secteur audiovisuel, le c\u00e2blage est essentiel au bon fonctionnement des installations et permet l\u2019interconnexion d\u2019\u00e9quipements de nature \u00e9lectronique, analogique ou num\u00e9rique...","robots":{"index":"index","follow":"follow","max-snippet":"max-snippet:-1","max-image-preview":"max-image-preview:large","max-video-preview":"max-video-preview:-1"},"canonical":"https:\/\/www.errebi-group.com\/fr\/assemblages-electromecaniques","og_locale":"fr_FR","og_type":"article","og_title":"C\u00e2blages audios et vid\u00e9os, c\u00e2bles et composants \u00e9lectriques","og_description":"Dans le secteur audiovisuel, le c\u00e2blage est essentiel au bon fonctionnement des installations et permet l\u2019interconnexion d\u2019\u00e9quipements de nature \u00e9lectronique, analogique ou num\u00e9rique...","og_url":"https:\/\/www.errebi-group.com\/fr\/assemblages-electromecaniques","og_site_name":"ErreBi Group","article_publisher":"https:\/\/www.facebook.com\/errebigroupsrl","article_modified_time":"2025-07-02T08:09:18+00:00","og_image":[{"width":1920,"height":1080,"url":"https:\/\/www.errebi-group.com\/wp-content\/uploads\/2025\/04\/assemblaggi-elettromeccanici-servizi-errebi-group-hero-section.webp","type":"image\/webp"}],"twitter_card":"summary_large_image","twitter_misc":{"Dur\u00e9e de lecture estim\u00e9e":"5 minutes"},"schema":{"@context":"https:\/\/schema.org","@graph":[{"@type":"WebPage","@id":"https:\/\/www.errebi-group.com\/fr\/assemblages-electromecaniques","url":"https:\/\/www.errebi-group.com\/fr\/assemblages-electromecaniques","name":"C\u00e2blages audios et vid\u00e9os, c\u00e2bles et composants \u00e9lectriques","isPartOf":{"@id":"https:\/\/www.errebi-group.com\/fr#website"},"primaryImageOfPage":{"@id":"https:\/\/www.errebi-group.com\/fr\/assemblages-electromecaniques#primaryimage"},"image":{"@id":"https:\/\/www.errebi-group.com\/fr\/assemblages-electromecaniques#primaryimage"},"thumbnailUrl":"https:\/\/www.errebi-group.com\/wp-content\/uploads\/2025\/04\/assemblaggi-elettromeccanici-servizi-errebi-group-hero-section.webp","datePublished":"2025-04-28T09:41:19+00:00","dateModified":"2025-07-02T08:09:18+00:00","description":"Dans le secteur audiovisuel, le c\u00e2blage est essentiel au bon fonctionnement des installations et permet l\u2019interconnexion d\u2019\u00e9quipements de nature \u00e9lectronique, analogique ou num\u00e9rique...","breadcrumb":{"@id":"https:\/\/www.errebi-group.com\/fr\/assemblages-electromecaniques#breadcrumb"},"inLanguage":"fr-FR","potentialAction":[{"@type":"ReadAction","target":["https:\/\/www.errebi-group.com\/fr\/assemblages-electromecaniques"]}]},{"@type":"ImageObject","inLanguage":"fr-FR","@id":"https:\/\/www.errebi-group.com\/fr\/assemblages-electromecaniques#primaryimage","url":"https:\/\/www.errebi-group.com\/wp-content\/uploads\/2025\/04\/assemblaggi-elettromeccanici-servizi-errebi-group-hero-section.webp","contentUrl":"https:\/\/www.errebi-group.com\/wp-content\/uploads\/2025\/04\/assemblaggi-elettromeccanici-servizi-errebi-group-hero-section.webp","width":1920,"height":1080,"caption":"Op\u00e9rateur travaillant sur l\u2019assemblage \u00e9lectrom\u00e9canique avec des composants et c\u00e2blages \u00e9lectriques de pr\u00e9cision"},{"@type":"BreadcrumbList","@id":"https:\/\/www.errebi-group.com\/fr\/assemblages-electromecaniques#breadcrumb","itemListElement":[{"@type":"ListItem","position":1,"name":"Home","item":"https:\/\/www.errebi-group.com\/fr"},{"@type":"ListItem","position":2,"name":"Assemblages \u00e9lectrom\u00e9caniques"}]},{"@type":"WebSite","@id":"https:\/\/www.errebi-group.com\/fr#website","url":"https:\/\/www.errebi-group.com\/fr","name":"Errebi Group - Azienda produttrice di Cablaggi e Quadri Elettrici","description":"Azienda produttrice di Cablaggi e Quadri Elettrici","publisher":{"@id":"https:\/\/www.errebi-group.com\/fr#organization"},"potentialAction":[{"@type":"SearchAction","target":{"@type":"EntryPoint","urlTemplate":"https:\/\/www.errebi-group.com\/fr?s={search_term_string}"},"query-input":{"@type":"PropertyValueSpecification","valueRequired":true,"valueName":"search_term_string"}}],"inLanguage":"fr-FR"},{"@type":"Organization","@id":"https:\/\/www.errebi-group.com\/fr#organization","name":"Errebi Group","url":"https:\/\/www.errebi-group.com\/fr","logo":{"@type":"ImageObject","inLanguage":"fr-FR","@id":"https:\/\/www.errebi-group.com\/fr#\/schema\/logo\/image\/","url":"https:\/\/www.errebi-group.com\/wp-content\/uploads\/2025\/04\/logo-errebi-group-payoff-white-website.png","contentUrl":"https:\/\/www.errebi-group.com\/wp-content\/uploads\/2025\/04\/logo-errebi-group-payoff-white-website.png","width":610,"height":100,"caption":"Errebi Group"},"image":{"@id":"https:\/\/www.errebi-group.com\/fr#\/schema\/logo\/image\/"},"sameAs":["https:\/\/www.facebook.com\/errebigroupsrl","https:\/\/www.instagram.com\/errebi.group?igsh=cGNzN3FpcDFqNm1i","https:\/\/www.linkedin.com\/company\/errebigroup\/?originalSubdomain=it","https:\/\/www.youtube.com\/@errebigroup"]}]}},"_links":{"self":[{"href":"https:\/\/www.errebi-group.com\/fr\/wp-json\/wp\/v2\/pages\/1880","targetHints":{"allow":["GET"]}}],"collection":[{"href":"https:\/\/www.errebi-group.com\/fr\/wp-json\/wp\/v2\/pages"}],"about":[{"href":"https:\/\/www.errebi-group.com\/fr\/wp-json\/wp\/v2\/types\/page"}],"author":[{"embeddable":true,"href":"https:\/\/www.errebi-group.com\/fr\/wp-json\/wp\/v2\/users\/1"}],"replies":[{"embeddable":true,"href":"https:\/\/www.errebi-group.com\/fr\/wp-json\/wp\/v2\/comments?post=1880"}],"version-history":[{"count":1,"href":"https:\/\/www.errebi-group.com\/fr\/wp-json\/wp\/v2\/pages\/1880\/revisions"}],"predecessor-version":[{"id":2193,"href":"https:\/\/www.errebi-group.com\/fr\/wp-json\/wp\/v2\/pages\/1880\/revisions\/2193"}],"wp:featuredmedia":[{"embeddable":true,"href":"https:\/\/www.errebi-group.com\/fr\/wp-json\/wp\/v2\/media\/1719"}],"wp:attachment":[{"href":"https:\/\/www.errebi-group.com\/fr\/wp-json\/wp\/v2\/media?parent=1880"}],"curies":[{"name":"wp","href":"https:\/\/api.w.org\/{rel}","templated":true}]}}