{"id":1883,"date":"2025-04-28T09:50:49","date_gmt":"2025-04-28T09:50:49","guid":{"rendered":"https:\/\/www.errebi-group.com\/conception-de-cablages-personnalises\/"},"modified":"2025-09-29T14:37:29","modified_gmt":"2025-09-29T14:37:29","slug":"solutions-sur-mesure","status":"publish","type":"page","link":"https:\/\/www.errebi-group.com\/fr\/solutions-sur-mesure","title":{"rendered":"Conception de c\u00e2blages personnalis\u00e9s"},"content":{"rendered":"<p><strong>La personnalisation du service de c\u00e2blage<\/strong> ne consiste pas uniquement en une consultation et en un support pour choisir les bons composants. Elle s\u2019\u00e9labore \u00e0 partir<strong> de la conception et de la <a href=\"https:\/\/www.errebi-group.com\/it\/produzione-cablaggi-elettrici\">r\u00e9alisation du c\u00e2blage<\/a> lui-m\u00eame dans toute ses parties<\/strong>. Le service propos\u00e9 au client d\u00e9marre donc avec l\u2019\u00e9tude de la situation individuelle et la compr\u00e9hension de ses besoins r\u00e9els, pour ensuite proposer la solution la plus adapt\u00e9e. \u00c0 cette fin, nos experts se rendent en rep\u00e9rage chez le client et analysent dans le d\u00e9tail <strong>le dispositif \u00e0 c\u00e2bler,<\/strong> <strong>l\u2019environnement<\/strong>, <strong>l\u2019\u00e9ventuelle structure qui devrait soutenir la pose des composants<\/strong>, pour ensuite identifier le type de c\u00e2blage le plus appropri\u00e9 afin d\u2019optimiser les co\u00fbts et ainsi d\u00e9marrer la conception graphique.<\/p>\n<p>Outre le secteur d\u00e9di\u00e9 aux c\u00e2blages, <strong>ErreBi peut compter sur un personnel hautement sp\u00e9cialis\u00e9 dans la conception de mat\u00e9riel informatique et de logiciels<\/strong>, et donne ainsi la possibilit\u00e9 aux clients de b\u00e9n\u00e9ficier d\u2019un service complet, <strong>en mesure de r\u00e9pondre \u00e0 ses demandes dans chaque domaine<\/strong>, faisant preuve de polyvalence et de professionnalisme.<\/p>\n<div style=\"height: 48px;\"><\/div>\n<h2>Les \u00e9tapes de la conception<\/h2>\n<p>Il est \u00e9vident que <strong>la conception<\/strong> doit <strong>s\u2019organiser suivant plusieurs \u00e9tapes<\/strong>, qui vont du rep\u00e9rage \u00e0 la <strong>r\u00e9alisation concr\u00e8te du produit final choisi d\u2019un commun accord avec le client<\/strong>. La premi\u00e8re \u00e9tape est normalement la visite dans les locaux du client par l\u2019un de nos experts, lequel a pour mission d\u2019analyser <strong>l\u2019\u00e9quipement \u00e0 c\u00e2bler<\/strong> et de recueillir toutes les informations n\u00e9cessaires pour pouvoir param\u00e9trer au mieux le projet. Les donn\u00e9es les plus importantes consistent g\u00e9n\u00e9ralement \u00e0 d\u00e9terminer <strong>le type de c\u00e2bles \u00e0 poser,<\/strong> la longueur, la section des c\u00e2bles, le trajet \u00e0 effectuer et l\u2019\u00e9ventuelle protection \u00e0 pr\u00e9voir lorsque le parcours est particuli\u00e8rement expos\u00e9 ou vuln\u00e9rable.<\/p>\n<p>L\u2019\u00e9tape suivante consiste \u00e0 <strong>s\u00e9lectionner les composants les plus adapt\u00e9s pour ce secteur en particulier<\/strong>, en cherchant \u00e0 d\u00e9limiter <strong>l\u2019activit\u00e9 r\u00e9elle de l\u2019\u00e9quipement<\/strong> et \u00e0 choisir ainsi les \u00e9l\u00e9ments les plus adapt\u00e9s pour le travail \u00e0 effectuer. Cependant, <strong>le c\u00e2blage n\u00e9cessite souvent une structure de support<\/strong> qui doit \u00eatre \u00e9tudi\u00e9e, con\u00e7ue et adapt\u00e9e \u00e0 la forme et aux dimensions du dispositif \u00e0 c\u00e2bler, de mani\u00e8re \u00e0 favoriser un montage aussi simple et rapide que possible. Une fois la phase d\u2019analyse sur place termin\u00e9e et toutes les informations recueillies, il sera possible de lancer l<strong>e processus de conception du c\u00e2blage et de la structure<\/strong>, qui seront con\u00e7us et adapt\u00e9s exactement pour le cas particulier \u00e9tudi\u00e9 et qui seront par cons\u00e9quent parfaitement aptes \u00e0 r\u00e9pondre aux besoins du client.<\/p>\n<div style=\"height: 48px;\"><\/div>\n<h2>Quels facteurs prendre en consid\u00e9ration<\/h2>\n<p>Nous avons vu lors de notre inspection sur place que<strong> les facteurs \u00e0 prendre en compte par notre expert sont multiples<\/strong>, <strong>car l\u2019environnement dans lequel il faudra intervenir et l\u2019\u00e9quipement \u00e0 c\u00e2bler<\/strong> peuvent varier consid\u00e9rablement en fonction du secteur professionnel du client et de l\u2019activit\u00e9 exerc\u00e9e. Nous faisons donc en sorte d\u2019\u00e9tudier le plus en d\u00e9tail possible<strong> les \u00e9l\u00e9ments \u00e0 analyser en vue d\u2019une conception aussi personnalis\u00e9e et surtout aussi efficace que possible<\/strong>. Le premier point \u00e0 consid\u00e9rer concerne <strong>le cadre r\u00e9glementaire<\/strong>: l\u2019\u00e9tude des lois et des r\u00e9glementations concernant l\u2019\u00e9quipement qui sera ensuite vendu est essentiel pour pouvoir concevoir <strong>un c\u00e2blage normalis\u00e9<\/strong> qui ne cause aucun probl\u00e8me au client durant la phase commerciale et encore moins \u00e0 l\u2019utilisateur final qui s\u2019en servira par la suite.<\/p>\n<p>En ce qui concerne <strong>l\u2019environnement dans lequel se trouve le dispositif et o\u00f9 les c\u00e2bles<\/strong> devront ensuite \u00eatre pos\u00e9s, <strong>la temp\u00e9rature et les coefficients d\u2019absorption<\/strong> seront \u00e9tudi\u00e9s avec soin, en pr\u00e9voyant d\u2019\u00e9ventuels \u00e9carts et en s\u2019assurant que le c\u00e2blage ne sera en aucun cas endommag\u00e9 pendant l\u2019activit\u00e9. La phase d\u2019\u00e9tude vise \u00e0 comprendre si <strong>l\u2019installation des c\u00e2bles doit \u00eatre fixe ou mobile<\/strong>, ainsi que, pour revenir \u00e0 la question de la s\u00e9curit\u00e9, <strong>si la zone de passage du c\u00e2ble est ou non expos\u00e9e \u00e0 des points tranchants<\/strong>. Dans de tels cas, des gaines sp\u00e9ciales de protection, r\u00e9sistant aux coupures, seront pr\u00e9vues en phase de conception afin de garantir le plein fonctionnement du c\u00e2blage, m\u00eame en cas de vuln\u00e9rabilit\u00e9 potentielle.<\/p>\n<p>Enfin, pour promouvoir les op\u00e9rations ult\u00e9rieures d\u2019installation, <strong>l\u2019expert \u00e9value soigneusement le meilleur mode de montage pour l\u2019\u00e9quipement en question<\/strong>, en d\u00e9terminant les \u00e9ventuelles difficult\u00e9s et en pr\u00e9d\u00e9finissant le travail, afin d\u2018\u00eatre enti\u00e8rement pr\u00eat au moment de la pose effective.<\/p>\n<p>Comme vous avez pu le remarquer, <strong>le travail pr\u00e9paratoire \u00e0 la conception proprement dite est long et tr\u00e8s d\u00e9taill\u00e9<\/strong>, mais c\u2019est un processus n\u00e9cessaire pour garantir <strong>un produit de qualit\u00e9, parfaitement adapt\u00e9 aux besoins sp\u00e9cifiques du client<\/strong>.<\/p>\n<div style=\"height: 48px;\"><\/div>\n<h2>Le co\u00fbt du service<\/h2>\n<p><strong>Notre objectif est toujours de coop\u00e9rer activement avec le client <\/strong>et de chercher \u00e0 r\u00e9pondre \u00e0 ses demandes tout en optimisant les co\u00fbts. \u00c0 cette fin, <strong>le devis que nous \u00e9tablissons peut varier au cas par cas<\/strong>, en fonction des op\u00e9rations \u00e0 effectuer et du dispositif \u00e0 c\u00e2bler qui, comme nous l\u2019avons vu, peut donner lieu \u00e0 diverses probl\u00e9matiques et difficult\u00e9s li\u00e9es \u00e0 l\u2019installation.<\/p>\n<p>Malgr\u00e9 cela, <strong>l\u2019attention que nous portons \u00e0 notre client nous permet de d\u00e9passer tous les obstacles<\/strong>, et si nous sommes s\u00e9lectionn\u00e9s, nous trouverons un moyen de nous entendre sur le co\u00fbt de la conception. Il est \u00e9vident que <strong>l\u2019ampleur du travail \u00e0 effectuer pourra influer sur le rabais final<\/strong> : des conceptions simples et rapides sans trop de difficult\u00e9s pourront donner lieu \u00e0 un geste de notre part suite \u00e0 l\u2019achat du produit, tandis que <strong>le co\u00fbt des conceptions plus \u00e9labor\u00e9es pourra \u00eatre reconsid\u00e9r\u00e9 lors de la premi\u00e8re commande de production<\/strong>.<\/p>\n<p><strong>ErreBi fera toujours le premier pas et ira au-devant des besoins des clients<\/strong>, avec la certitude que les comp\u00e9tences et la qualit\u00e9 sont toujours <strong>la garantie d\u2019une totale satisfaction<\/strong>.<\/p>\n<div style=\"height: 48px;\"><\/div>\n<h2>Avantages pour la production<\/h2>\n<p>Outre le fait de b\u00e9n\u00e9ficier d\u2019une <strong>consultation d\u2019un expert du secteur et de la conception du c\u00e2blage adapt\u00e9 en tous points \u00e0 l\u2019\u00e9quipement<\/strong>, le client profitera d\u2019importants avantages sur <strong>le plan des d\u00e9lais d\u2019installation<\/strong> et surtout sur le <strong>co\u00fbt global<\/strong>. Qu\u2019adviendrait-il si le c\u00e2blage achet\u00e9 n\u2019\u00e9tait pas exactement conforme \u00e0 l\u2019installation sur le dispositif ? Combien co\u00fbteraient les composants s\u2019ils n\u2019\u00e9taient pas ceux adapt\u00e9s au secteur professionnel de r\u00e9f\u00e9rence ? Combien faudrait-il d\u00e9penser si une structure de support \u00e9tait n\u00e9cessaire \u00e0 la pose du c\u00e2blage ? Combien de temps serait perdu si l\u2019on s\u2019en rendait compte seulement au moment de l\u2019installation ? Voil\u00e0 quelques questions qu\u2019un client peut difficilement se poser \u00e0 l\u2019avance, mais il s\u2019agit de facteurs qui serviront au calcul de la note dans un second temps<\/p>\n<p><strong>Faire confiance \u00e0 un expert signifie en revanche pr\u00e9voir les \u00e9ventuels obstacles<\/strong>, les contourner au pr\u00e9alable et choisir exactement <strong>le produit qui convient \u00e0 l\u2019activit\u00e9 demand\u00e9e.<\/strong> L\u2019on \u00e9vite ainsi de perdre du temps inutilement et surtout,<strong> l\u2019on \u00e9conomise les frais li\u00e9s aux \u00e9ventuels choix erron\u00e9s<\/strong>. Avec <strong>ErreBi, tout sera exactement comme il se doit : simple, efficace et surtout rentable<\/strong>.<\/p>\n","protected":false},"excerpt":{"rendered":"<p>La personnalisation du service de c\u00e2blage ne consiste pas uniquement en une consultation et en un support pour choisir les bons composants. Elle s\u2019\u00e9labore \u00e0 partir de la conception et de la r\u00e9alisation du c\u00e2blage lui-m\u00eame dans toute ses parties. Le service propos\u00e9 au client d\u00e9marre donc avec l\u2019\u00e9tude de la situation individuelle et la [&hellip;]<\/p>\n","protected":false},"author":1,"featured_media":1735,"parent":0,"menu_order":0,"comment_status":"closed","ping_status":"closed","template":"","meta":{"footnotes":""},"class_list":["post-1883","page","type-page","status-publish","has-post-thumbnail","hentry"],"yoast_head":"<!-- This site is optimized with the Yoast SEO plugin v27.4 - https:\/\/yoast.com\/product\/yoast-seo-wordpress\/ -->\n<title>Conception de c\u00e2blages personnalis\u00e9s et solutions sur mesure<\/title>\n<meta name=\"description\" content=\"La personnalisation du service de c\u00e2blage ne consiste pas uniquement en une consultation et en un support pour choisir les bons composants. Elle s\u2019\u00e9labore \u00e0 partir de la conception et de la...\" \/>\n<meta name=\"robots\" content=\"index, follow, max-snippet:-1, max-image-preview:large, max-video-preview:-1\" \/>\n<link rel=\"canonical\" href=\"https:\/\/www.errebi-group.com\/fr\/solutions-sur-mesure\" \/>\n<meta property=\"og:locale\" content=\"fr_FR\" \/>\n<meta property=\"og:type\" content=\"article\" \/>\n<meta property=\"og:title\" content=\"Conception de c\u00e2blages personnalis\u00e9s et solutions sur mesure\" \/>\n<meta property=\"og:description\" content=\"La personnalisation du service de c\u00e2blage ne consiste pas uniquement en une consultation et en un support pour choisir les bons composants. Elle s\u2019\u00e9labore \u00e0 partir de la conception et de la...\" \/>\n<meta property=\"og:url\" content=\"https:\/\/www.errebi-group.com\/fr\/solutions-sur-mesure\" \/>\n<meta property=\"og:site_name\" content=\"ErreBi Group\" \/>\n<meta property=\"article:publisher\" content=\"https:\/\/www.facebook.com\/errebigroupsrl\" \/>\n<meta property=\"article:modified_time\" content=\"2025-09-29T14:37:29+00:00\" \/>\n<meta property=\"og:image\" content=\"https:\/\/www.errebi-group.com\/wp-content\/uploads\/2025\/04\/progettazione-cablaggi-servizi-errebi-group-hero-section.webp\" \/>\n\t<meta property=\"og:image:width\" content=\"1920\" \/>\n\t<meta property=\"og:image:height\" content=\"1080\" \/>\n\t<meta property=\"og:image:type\" content=\"image\/webp\" \/>\n<meta name=\"twitter:card\" content=\"summary_large_image\" \/>\n<meta name=\"twitter:label1\" content=\"Dur\u00e9e de lecture estim\u00e9e\" \/>\n\t<meta name=\"twitter:data1\" content=\"7 minutes\" \/>\n<script type=\"application\/ld+json\" class=\"yoast-schema-graph\">{\"@context\":\"https:\\\/\\\/schema.org\",\"@graph\":[{\"@type\":\"WebPage\",\"@id\":\"https:\\\/\\\/www.errebi-group.com\\\/fr\\\/solutions-sur-mesure\",\"url\":\"https:\\\/\\\/www.errebi-group.com\\\/fr\\\/solutions-sur-mesure\",\"name\":\"Conception de c\u00e2blages personnalis\u00e9s et solutions sur mesure\",\"isPartOf\":{\"@id\":\"https:\\\/\\\/www.errebi-group.com\\\/fr#website\"},\"primaryImageOfPage\":{\"@id\":\"https:\\\/\\\/www.errebi-group.com\\\/fr\\\/solutions-sur-mesure#primaryimage\"},\"image\":{\"@id\":\"https:\\\/\\\/www.errebi-group.com\\\/fr\\\/solutions-sur-mesure#primaryimage\"},\"thumbnailUrl\":\"https:\\\/\\\/www.errebi-group.com\\\/wp-content\\\/uploads\\\/2025\\\/04\\\/progettazione-cablaggi-servizi-errebi-group-hero-section.webp\",\"datePublished\":\"2025-04-28T09:50:49+00:00\",\"dateModified\":\"2025-09-29T14:37:29+00:00\",\"description\":\"La personnalisation du service de c\u00e2blage ne consiste pas uniquement en une consultation et en un support pour choisir les bons composants. Elle s\u2019\u00e9labore \u00e0 partir de la conception et de la...\",\"breadcrumb\":{\"@id\":\"https:\\\/\\\/www.errebi-group.com\\\/fr\\\/solutions-sur-mesure#breadcrumb\"},\"inLanguage\":\"fr-FR\",\"potentialAction\":[{\"@type\":\"ReadAction\",\"target\":[\"https:\\\/\\\/www.errebi-group.com\\\/fr\\\/solutions-sur-mesure\"]}]},{\"@type\":\"ImageObject\",\"inLanguage\":\"fr-FR\",\"@id\":\"https:\\\/\\\/www.errebi-group.com\\\/fr\\\/solutions-sur-mesure#primaryimage\",\"url\":\"https:\\\/\\\/www.errebi-group.com\\\/wp-content\\\/uploads\\\/2025\\\/04\\\/progettazione-cablaggi-servizi-errebi-group-hero-section.webp\",\"contentUrl\":\"https:\\\/\\\/www.errebi-group.com\\\/wp-content\\\/uploads\\\/2025\\\/04\\\/progettazione-cablaggi-servizi-errebi-group-hero-section.webp\",\"width\":1920,\"height\":1080,\"caption\":\"Technique mesure la longueur d\u2019un c\u00e2blage multicolore avec une extr\u00eame pr\u00e9cision\"},{\"@type\":\"BreadcrumbList\",\"@id\":\"https:\\\/\\\/www.errebi-group.com\\\/fr\\\/solutions-sur-mesure#breadcrumb\",\"itemListElement\":[{\"@type\":\"ListItem\",\"position\":1,\"name\":\"Home\",\"item\":\"https:\\\/\\\/www.errebi-group.com\\\/fr\"},{\"@type\":\"ListItem\",\"position\":2,\"name\":\"Conception de c\u00e2blages personnalis\u00e9s\"}]},{\"@type\":\"WebSite\",\"@id\":\"https:\\\/\\\/www.errebi-group.com\\\/fr#website\",\"url\":\"https:\\\/\\\/www.errebi-group.com\\\/fr\",\"name\":\"Errebi Group - Azienda produttrice di Cablaggi e Quadri Elettrici\",\"description\":\"Azienda produttrice di Cablaggi e Quadri Elettrici\",\"publisher\":{\"@id\":\"https:\\\/\\\/www.errebi-group.com\\\/fr#organization\"},\"potentialAction\":[{\"@type\":\"SearchAction\",\"target\":{\"@type\":\"EntryPoint\",\"urlTemplate\":\"https:\\\/\\\/www.errebi-group.com\\\/fr?s={search_term_string}\"},\"query-input\":{\"@type\":\"PropertyValueSpecification\",\"valueRequired\":true,\"valueName\":\"search_term_string\"}}],\"inLanguage\":\"fr-FR\"},{\"@type\":\"Organization\",\"@id\":\"https:\\\/\\\/www.errebi-group.com\\\/fr#organization\",\"name\":\"Errebi Group\",\"url\":\"https:\\\/\\\/www.errebi-group.com\\\/fr\",\"logo\":{\"@type\":\"ImageObject\",\"inLanguage\":\"fr-FR\",\"@id\":\"https:\\\/\\\/www.errebi-group.com\\\/fr#\\\/schema\\\/logo\\\/image\\\/\",\"url\":\"https:\\\/\\\/www.errebi-group.com\\\/wp-content\\\/uploads\\\/2025\\\/04\\\/logo-errebi-group-payoff-white-website.png\",\"contentUrl\":\"https:\\\/\\\/www.errebi-group.com\\\/wp-content\\\/uploads\\\/2025\\\/04\\\/logo-errebi-group-payoff-white-website.png\",\"width\":610,\"height\":100,\"caption\":\"Errebi Group\"},\"image\":{\"@id\":\"https:\\\/\\\/www.errebi-group.com\\\/fr#\\\/schema\\\/logo\\\/image\\\/\"},\"sameAs\":[\"https:\\\/\\\/www.facebook.com\\\/errebigroupsrl\",\"https:\\\/\\\/www.instagram.com\\\/errebi.group?igsh=cGNzN3FpcDFqNm1i\",\"https:\\\/\\\/www.linkedin.com\\\/company\\\/errebigroup\\\/?originalSubdomain=it\",\"https:\\\/\\\/www.youtube.com\\\/@errebigroup\"]}]}<\/script>\n<!-- \/ Yoast SEO plugin. -->","yoast_head_json":{"title":"Conception de c\u00e2blages personnalis\u00e9s et solutions sur mesure","description":"La personnalisation du service de c\u00e2blage ne consiste pas uniquement en une consultation et en un support pour choisir les bons composants. Elle s\u2019\u00e9labore \u00e0 partir de la conception et de la...","robots":{"index":"index","follow":"follow","max-snippet":"max-snippet:-1","max-image-preview":"max-image-preview:large","max-video-preview":"max-video-preview:-1"},"canonical":"https:\/\/www.errebi-group.com\/fr\/solutions-sur-mesure","og_locale":"fr_FR","og_type":"article","og_title":"Conception de c\u00e2blages personnalis\u00e9s et solutions sur mesure","og_description":"La personnalisation du service de c\u00e2blage ne consiste pas uniquement en une consultation et en un support pour choisir les bons composants. Elle s\u2019\u00e9labore \u00e0 partir de la conception et de la...","og_url":"https:\/\/www.errebi-group.com\/fr\/solutions-sur-mesure","og_site_name":"ErreBi Group","article_publisher":"https:\/\/www.facebook.com\/errebigroupsrl","article_modified_time":"2025-09-29T14:37:29+00:00","og_image":[{"width":1920,"height":1080,"url":"https:\/\/www.errebi-group.com\/wp-content\/uploads\/2025\/04\/progettazione-cablaggi-servizi-errebi-group-hero-section.webp","type":"image\/webp"}],"twitter_card":"summary_large_image","twitter_misc":{"Dur\u00e9e de lecture estim\u00e9e":"7 minutes"},"schema":{"@context":"https:\/\/schema.org","@graph":[{"@type":"WebPage","@id":"https:\/\/www.errebi-group.com\/fr\/solutions-sur-mesure","url":"https:\/\/www.errebi-group.com\/fr\/solutions-sur-mesure","name":"Conception de c\u00e2blages personnalis\u00e9s et solutions sur mesure","isPartOf":{"@id":"https:\/\/www.errebi-group.com\/fr#website"},"primaryImageOfPage":{"@id":"https:\/\/www.errebi-group.com\/fr\/solutions-sur-mesure#primaryimage"},"image":{"@id":"https:\/\/www.errebi-group.com\/fr\/solutions-sur-mesure#primaryimage"},"thumbnailUrl":"https:\/\/www.errebi-group.com\/wp-content\/uploads\/2025\/04\/progettazione-cablaggi-servizi-errebi-group-hero-section.webp","datePublished":"2025-04-28T09:50:49+00:00","dateModified":"2025-09-29T14:37:29+00:00","description":"La personnalisation du service de c\u00e2blage ne consiste pas uniquement en une consultation et en un support pour choisir les bons composants. Elle s\u2019\u00e9labore \u00e0 partir de la conception et de la...","breadcrumb":{"@id":"https:\/\/www.errebi-group.com\/fr\/solutions-sur-mesure#breadcrumb"},"inLanguage":"fr-FR","potentialAction":[{"@type":"ReadAction","target":["https:\/\/www.errebi-group.com\/fr\/solutions-sur-mesure"]}]},{"@type":"ImageObject","inLanguage":"fr-FR","@id":"https:\/\/www.errebi-group.com\/fr\/solutions-sur-mesure#primaryimage","url":"https:\/\/www.errebi-group.com\/wp-content\/uploads\/2025\/04\/progettazione-cablaggi-servizi-errebi-group-hero-section.webp","contentUrl":"https:\/\/www.errebi-group.com\/wp-content\/uploads\/2025\/04\/progettazione-cablaggi-servizi-errebi-group-hero-section.webp","width":1920,"height":1080,"caption":"Technique mesure la longueur d\u2019un c\u00e2blage multicolore avec une extr\u00eame pr\u00e9cision"},{"@type":"BreadcrumbList","@id":"https:\/\/www.errebi-group.com\/fr\/solutions-sur-mesure#breadcrumb","itemListElement":[{"@type":"ListItem","position":1,"name":"Home","item":"https:\/\/www.errebi-group.com\/fr"},{"@type":"ListItem","position":2,"name":"Conception de c\u00e2blages personnalis\u00e9s"}]},{"@type":"WebSite","@id":"https:\/\/www.errebi-group.com\/fr#website","url":"https:\/\/www.errebi-group.com\/fr","name":"Errebi Group - Azienda produttrice di Cablaggi e Quadri Elettrici","description":"Azienda produttrice di Cablaggi e Quadri Elettrici","publisher":{"@id":"https:\/\/www.errebi-group.com\/fr#organization"},"potentialAction":[{"@type":"SearchAction","target":{"@type":"EntryPoint","urlTemplate":"https:\/\/www.errebi-group.com\/fr?s={search_term_string}"},"query-input":{"@type":"PropertyValueSpecification","valueRequired":true,"valueName":"search_term_string"}}],"inLanguage":"fr-FR"},{"@type":"Organization","@id":"https:\/\/www.errebi-group.com\/fr#organization","name":"Errebi Group","url":"https:\/\/www.errebi-group.com\/fr","logo":{"@type":"ImageObject","inLanguage":"fr-FR","@id":"https:\/\/www.errebi-group.com\/fr#\/schema\/logo\/image\/","url":"https:\/\/www.errebi-group.com\/wp-content\/uploads\/2025\/04\/logo-errebi-group-payoff-white-website.png","contentUrl":"https:\/\/www.errebi-group.com\/wp-content\/uploads\/2025\/04\/logo-errebi-group-payoff-white-website.png","width":610,"height":100,"caption":"Errebi Group"},"image":{"@id":"https:\/\/www.errebi-group.com\/fr#\/schema\/logo\/image\/"},"sameAs":["https:\/\/www.facebook.com\/errebigroupsrl","https:\/\/www.instagram.com\/errebi.group?igsh=cGNzN3FpcDFqNm1i","https:\/\/www.linkedin.com\/company\/errebigroup\/?originalSubdomain=it","https:\/\/www.youtube.com\/@errebigroup"]}]}},"_links":{"self":[{"href":"https:\/\/www.errebi-group.com\/fr\/wp-json\/wp\/v2\/pages\/1883","targetHints":{"allow":["GET"]}}],"collection":[{"href":"https:\/\/www.errebi-group.com\/fr\/wp-json\/wp\/v2\/pages"}],"about":[{"href":"https:\/\/www.errebi-group.com\/fr\/wp-json\/wp\/v2\/types\/page"}],"author":[{"embeddable":true,"href":"https:\/\/www.errebi-group.com\/fr\/wp-json\/wp\/v2\/users\/1"}],"replies":[{"embeddable":true,"href":"https:\/\/www.errebi-group.com\/fr\/wp-json\/wp\/v2\/comments?post=1883"}],"version-history":[{"count":2,"href":"https:\/\/www.errebi-group.com\/fr\/wp-json\/wp\/v2\/pages\/1883\/revisions"}],"predecessor-version":[{"id":2451,"href":"https:\/\/www.errebi-group.com\/fr\/wp-json\/wp\/v2\/pages\/1883\/revisions\/2451"}],"wp:featuredmedia":[{"embeddable":true,"href":"https:\/\/www.errebi-group.com\/fr\/wp-json\/wp\/v2\/media\/1735"}],"wp:attachment":[{"href":"https:\/\/www.errebi-group.com\/fr\/wp-json\/wp\/v2\/media?parent=1883"}],"curies":[{"name":"wp","href":"https:\/\/api.w.org\/{rel}","templated":true}]}}