{"id":1887,"date":"2025-04-28T09:55:51","date_gmt":"2025-04-28T09:55:51","guid":{"rendered":"https:\/\/www.errebi-group.com\/service-dimpression-3d\/"},"modified":"2025-09-29T13:53:06","modified_gmt":"2025-09-29T13:53:06","slug":"impression-prototypes-3d","status":"publish","type":"page","link":"https:\/\/www.errebi-group.com\/fr\/impression-prototypes-3d","title":{"rendered":"Service d\u2019impression 3d"},"content":{"rendered":"<p><strong>Le service d\u2019impression 3D<\/strong> permet de cr\u00e9er de v\u00e9ritables objets \u00e0 partir d\u2019un<strong> mod\u00e8le num\u00e9rique<\/strong>, obtenu gr\u00e2ce \u00e0 l\u2019utilisation de logiciels sp\u00e9cifiques.<\/p>\n<p>Ces logiciels permettent de <strong>personnaliser les diff\u00e9rents param\u00e8tres n\u00e9cessaires \u00e0 l&rsquo;impression<\/strong> pour cr\u00e9er un objet en fonction de ses caract\u00e9ristiques d\u00e9finies.<\/p>\n<p>Le processus de cr\u00e9ation est appel\u00e9 \u00ab<strong>fabrication additive<\/strong>\u00bb (par opposition \u00e0 \u00abfabrication soustractive\u00bb) et permet d&rsquo;ajouter une \u00e0 une toutes les couches qui composent le mod\u00e8le \u00e0 cr\u00e9er.<\/p>\n<p>L\u2019<strong>impression 3D<\/strong> est aussi appel\u00e9e \u00ab<strong> prototypage rapide<\/strong> \u00bb, pr\u00e9cis\u00e9ment parce qu\u2019elle permet d\u2019obtenir assez rapidement des prototypes tr\u00e8s pr\u00e9cis par rapport aux techniques traditionnelles.<\/p>\n<div style=\"height: 48px;\"><\/div>\n<h2>Quels types de composants<\/h2>\n<p>Les <strong>composants r\u00e9alis\u00e9s avec les imprimantes 3D<\/strong> peuvent \u00eatre de nature diff\u00e9rente, \u00e0 diff\u00e9rencier selon le type de mat\u00e9riau.<\/p>\n<p>\u00f9 Nous avons par exemple:<\/p>\n<ul>\n<li><strong>Mat\u00e9riaux rigides-opaques<\/strong> : (par exemple PLA ou PLA+, ABS o ABS+ et nylon) ces produits peuvent \u00eatre trait\u00e9s ult\u00e9rieurement par des op\u00e9rations de finition, de polissage ou de peinture ;<\/li>\n<li><strong>Mat\u00e9riaux r\u00e9sistants aux temp\u00e9ratures \u00e9lev\u00e9es<\/strong> : les composants fabriqu\u00e9s garantissent d\u2019excellentes performances m\u00eame lorsqu\u2019ils sont soumis \u00e0 de fortes variations de temp\u00e9rature.<\/li>\n<li><strong>Mat\u00e9riaux transparents<\/strong> : parfaits pour r\u00e9aliser des prototypes en utilisant des mat\u00e9riaux qui ressemblent le plus possible au verre du point de vue de la transparence et de la consistance.<\/li>\n<li><strong>Mat\u00e9riaux \u00e9lastiques <\/strong>: l&rsquo;\u00e9lasticit\u00e9 et la r\u00e9sistance aux tensions m\u00e9caniques sont \u00e9galement une caract\u00e9ristique importante, qui peut \u00eatre requise pour un prototype dans des conditions particuli\u00e8res. Dans ce cas, des r\u00e9sines \u00e9lastiques adapt\u00e9es \u00e0 cet usage sont g\u00e9n\u00e9ralement utilis\u00e9es.<\/li>\n<li><strong>Mat\u00e9riaux biocompatibles<\/strong> : ces composants sont indispensables notamment dans les domaines m\u00e9dical et alimentaire, pour lesquels des normes de s\u00e9curit\u00e9 pr\u00e9cises doivent \u00eatre respect\u00e9es.<\/li>\n<li><strong>Mat\u00e9riaux M\u00e9talliques<\/strong> : avec les imprimantes 3D, il est en effet possible d&rsquo;obtenir des composants r\u00e9alis\u00e9s gr\u00e2ce \u00e0 l&rsquo;utilisation d&rsquo;une poudre particuli\u00e8re, qui sert de base au prototypage de produits m\u00e9talliques finis<\/li>\n<\/ul>\n<div style=\"height: 48px;\"><\/div>\n<h2>Avantages du prototypage d\u2019impression 3D<\/h2>\n<p><strong>Les avantages de l\u2019utilisation des impressions 3D sont nombreux<\/strong>, mais les plus significatifs sont certainement:<\/p>\n<ul>\n<li><strong>l\u2019exactitude et la pr\u00e9cision dans la cr\u00e9ation de prototypes de toutes tailles<\/strong>, une caract\u00e9ristique utile en particulier lorsqu\u2019il s\u2019agit de produits de taille particuli\u00e8rement r\u00e9duite, difficiles \u00e0 fabriquer de fa\u00e7on artisanale ou avec d\u2019autres technologies ;<\/li>\n<li><strong>d\u00e9lais de r\u00e9alisation relativement brefs<\/strong> et <strong>r\u00e9duction des co\u00fbts de fabrication<\/strong> ;<\/li>\n<li><strong>relative facilit\u00e9 d\u2019utilisation des machines.<\/strong><\/li>\n<\/ul>\n<p>Pour toutes ces raisons, <strong>l&rsquo;impression 3D est actuellement une proc\u00e9dure de plus en plus utilis\u00e9e dans de nombreux secteurs<\/strong>. Par cons\u00e9quent, <strong>les profils sp\u00e9cialis\u00e9s dans la r\u00e9alisation de ce type de fabrication<\/strong> se multiplient, laquelle subit une mise \u00e0 jour constante gr\u00e2ce aux modifications et aux innovations pour rendre <strong>les composants produits de plus en plus performants et pr\u00e9cis<\/strong>.<\/p>\n<div style=\"height: 48px;\"><\/div>\n<h2>Cas d\u2019utilisation<\/h2>\n<p><strong>Fabriquer des produits via le processus d\u2019impression 3D<\/strong> offre de nombreux avantages et opportunit\u00e9s par rapport \u00e0 la cr\u00e9ation de prototypes li\u00e9s aux m\u00e9thodologies traditionnelles. <strong>Les prototypes et les mod\u00e8les 3D<\/strong> sont utilis\u00e9s dans de nombreux domaines, non seulement dans le domaine de la cr\u00e9ation d\u2019objets ou du design personnalis\u00e9 et, par cons\u00e9quent, les c\u00e2bles pour<strong> les impressions 3D<\/strong> trouvent \u00e9galement une large utilisation.<\/p>\n<p>Certains domaines d\u2019utilisation peuvent \u00eatre<\/p>\n<ul>\n<li><strong>secteur biom\u00e9dical<\/strong> : proth\u00e8ses et tissus sp\u00e9cifiques<\/li>\n<li><strong>secteur de la robotique et \/ ou de l\u2019automobile<\/strong> : prototypes ou composants \u00e0 placer \u00e0 l&rsquo;int\u00e9rieur de machines ou d&rsquo;\u00e9quipements;<\/li>\n<li><strong>secteur de l\u2019architecture<\/strong> : cr\u00e9ation de plans 3D de b\u00e2timents, d\u2019\u00e9difices ou de leurs divers \u00e9l\u00e9ments ;<\/li>\n<li><strong>secteur artistique<\/strong> : dans le cas de sculptures ou d\u2019installations contemporaines.<\/li>\n<\/ul>\n<div style=\"height: 48px;\"><\/div>\n<h2>Comment nous g\u00e9rons le prototypage<\/h2>\n<p><strong>G\u00e9rer le prototypage d&rsquo;une imprimante 3D<\/strong> n&rsquo;est pas tr\u00e8s compliqu\u00e9, mais cela demande beaucoup d&rsquo;attention, de pr\u00e9cision et surtout <strong>une connaissance approfondie de chaque \u00e9tape de fabrication<\/strong>. En effet, en oublier une ou l\u2019ex\u00e9cuter de fa\u00e7on approximative risquerait compromettre le r\u00e9sultat final.<\/p>\n<p>Voici, dans les grandes lignes la fa\u00e7on dont nous g\u00e9rons le prototypage : <strong>la premi\u00e8re phase est repr\u00e9sent\u00e9e par le design<\/strong>. <strong>Pour la r\u00e9alisation du mod\u00e8le<\/strong>, nous utilisons g\u00e9n\u00e9ralement un <strong>programme sp\u00e9cifique<\/strong> tel que Cad 3D. L&rsquo;ordinateur est ensuite reli\u00e9 \u00e0 la machine et le fichier est <strong>transf\u00e9r\u00e9 vers le logiciel d&rsquo;impression<\/strong>. Le logiciel, en acc\u00e9dant aux d\u00e9tails et aux caract\u00e9ristiques du mod\u00e8le num\u00e9rique, <strong>peut garantir l&rsquo;impression correcte et pr\u00e9cise du prototype<\/strong>.<\/p>\n<p>\u00c0 ce stade, <strong>le processus d&rsquo;impression proprement dit commence<\/strong> : chaque imprimante 3D a g\u00e9n\u00e9ralement 3 axes le long desquels elle peut se d\u00e9placer et l&rsquo;extrudeuse d\u00e9pose le mat\u00e9riau sur la plaque d&rsquo;impression couche par couche. <strong>La dur\u00e9e de ce processus peut varier<\/strong>, elle change selon la <strong>complexit\u00e9 du prototype<\/strong> et du <strong>mat\u00e9riau utilis\u00e9<\/strong>.<\/p>\n","protected":false},"excerpt":{"rendered":"<p>Le service d\u2019impression 3D permet de cr\u00e9er de v\u00e9ritables objets \u00e0 partir d\u2019un mod\u00e8le num\u00e9rique, obtenu gr\u00e2ce \u00e0 l\u2019utilisation de logiciels sp\u00e9cifiques. Ces logiciels permettent de personnaliser les diff\u00e9rents param\u00e8tres n\u00e9cessaires \u00e0 l&rsquo;impression pour cr\u00e9er un objet en fonction de ses caract\u00e9ristiques d\u00e9finies. Le processus de cr\u00e9ation est appel\u00e9 \u00abfabrication additive\u00bb (par opposition \u00e0 \u00abfabrication [&hellip;]<\/p>\n","protected":false},"author":1,"featured_media":1739,"parent":0,"menu_order":0,"comment_status":"closed","ping_status":"closed","template":"","meta":{"footnotes":""},"class_list":["post-1887","page","type-page","status-publish","has-post-thumbnail","hentry"],"yoast_head":"<!-- This site is optimized with the Yoast SEO plugin v27.4 - https:\/\/yoast.com\/product\/yoast-seo-wordpress\/ -->\n<title>Impression prototypes 3D<\/title>\n<meta name=\"description\" content=\"Le service d\u2019impression 3D permet de cr\u00e9er de v\u00e9ritables objets \u00e0 partir d\u2019un mod\u00e8le num\u00e9rique, obtenu gr\u00e2ce \u00e0 l\u2019utilisation de logiciels sp\u00e9cifiques. Ces logiciels permettent de personnaliser les...\" \/>\n<meta name=\"robots\" content=\"index, follow, max-snippet:-1, max-image-preview:large, max-video-preview:-1\" \/>\n<link rel=\"canonical\" href=\"https:\/\/www.errebi-group.com\/fr\/impression-prototypes-3d\" \/>\n<meta property=\"og:locale\" content=\"fr_FR\" \/>\n<meta property=\"og:type\" content=\"article\" \/>\n<meta property=\"og:title\" content=\"Impression prototypes 3D\" \/>\n<meta property=\"og:description\" content=\"Le service d\u2019impression 3D permet de cr\u00e9er de v\u00e9ritables objets \u00e0 partir d\u2019un mod\u00e8le num\u00e9rique, obtenu gr\u00e2ce \u00e0 l\u2019utilisation de logiciels sp\u00e9cifiques. Ces logiciels permettent de personnaliser les...\" \/>\n<meta property=\"og:url\" content=\"https:\/\/www.errebi-group.com\/fr\/impression-prototypes-3d\" \/>\n<meta property=\"og:site_name\" content=\"ErreBi Group\" \/>\n<meta property=\"article:publisher\" content=\"https:\/\/www.facebook.com\/errebigroupsrl\" \/>\n<meta property=\"article:modified_time\" content=\"2025-09-29T13:53:06+00:00\" \/>\n<meta property=\"og:image\" content=\"https:\/\/www.errebi-group.com\/wp-content\/uploads\/2025\/04\/stampa-3d-servizi-errebi-group-hero-section.webp\" \/>\n\t<meta property=\"og:image:width\" content=\"1920\" \/>\n\t<meta property=\"og:image:height\" content=\"1080\" \/>\n\t<meta property=\"og:image:type\" content=\"image\/webp\" \/>\n<meta name=\"twitter:card\" content=\"summary_large_image\" \/>\n<meta name=\"twitter:label1\" content=\"Dur\u00e9e de lecture estim\u00e9e\" \/>\n\t<meta name=\"twitter:data1\" content=\"5 minutes\" \/>\n<script type=\"application\/ld+json\" class=\"yoast-schema-graph\">{\"@context\":\"https:\\\/\\\/schema.org\",\"@graph\":[{\"@type\":\"WebPage\",\"@id\":\"https:\\\/\\\/www.errebi-group.com\\\/fr\\\/impression-prototypes-3d\",\"url\":\"https:\\\/\\\/www.errebi-group.com\\\/fr\\\/impression-prototypes-3d\",\"name\":\"Impression prototypes 3D\",\"isPartOf\":{\"@id\":\"https:\\\/\\\/www.errebi-group.com\\\/fr#website\"},\"primaryImageOfPage\":{\"@id\":\"https:\\\/\\\/www.errebi-group.com\\\/fr\\\/impression-prototypes-3d#primaryimage\"},\"image\":{\"@id\":\"https:\\\/\\\/www.errebi-group.com\\\/fr\\\/impression-prototypes-3d#primaryimage\"},\"thumbnailUrl\":\"https:\\\/\\\/www.errebi-group.com\\\/wp-content\\\/uploads\\\/2025\\\/04\\\/stampa-3d-servizi-errebi-group-hero-section.webp\",\"datePublished\":\"2025-04-28T09:55:51+00:00\",\"dateModified\":\"2025-09-29T13:53:06+00:00\",\"description\":\"Le service d\u2019impression 3D permet de cr\u00e9er de v\u00e9ritables objets \u00e0 partir d\u2019un mod\u00e8le num\u00e9rique, obtenu gr\u00e2ce \u00e0 l\u2019utilisation de logiciels sp\u00e9cifiques. Ces logiciels permettent de personnaliser les...\",\"breadcrumb\":{\"@id\":\"https:\\\/\\\/www.errebi-group.com\\\/fr\\\/impression-prototypes-3d#breadcrumb\"},\"inLanguage\":\"fr-FR\",\"potentialAction\":[{\"@type\":\"ReadAction\",\"target\":[\"https:\\\/\\\/www.errebi-group.com\\\/fr\\\/impression-prototypes-3d\"]}]},{\"@type\":\"ImageObject\",\"inLanguage\":\"fr-FR\",\"@id\":\"https:\\\/\\\/www.errebi-group.com\\\/fr\\\/impression-prototypes-3d#primaryimage\",\"url\":\"https:\\\/\\\/www.errebi-group.com\\\/wp-content\\\/uploads\\\/2025\\\/04\\\/stampa-3d-servizi-errebi-group-hero-section.webp\",\"contentUrl\":\"https:\\\/\\\/www.errebi-group.com\\\/wp-content\\\/uploads\\\/2025\\\/04\\\/stampa-3d-servizi-errebi-group-hero-section.webp\",\"width\":1920,\"height\":1080,\"caption\":\"Imprimante 3D en action lors de la r\u00e9alisation d\u2019un composant plastique technique\"},{\"@type\":\"BreadcrumbList\",\"@id\":\"https:\\\/\\\/www.errebi-group.com\\\/fr\\\/impression-prototypes-3d#breadcrumb\",\"itemListElement\":[{\"@type\":\"ListItem\",\"position\":1,\"name\":\"Home\",\"item\":\"https:\\\/\\\/www.errebi-group.com\\\/fr\"},{\"@type\":\"ListItem\",\"position\":2,\"name\":\"Service d\u2019impression 3d\"}]},{\"@type\":\"WebSite\",\"@id\":\"https:\\\/\\\/www.errebi-group.com\\\/fr#website\",\"url\":\"https:\\\/\\\/www.errebi-group.com\\\/fr\",\"name\":\"Errebi Group - Azienda produttrice di Cablaggi e Quadri Elettrici\",\"description\":\"Azienda produttrice di Cablaggi e Quadri Elettrici\",\"publisher\":{\"@id\":\"https:\\\/\\\/www.errebi-group.com\\\/fr#organization\"},\"potentialAction\":[{\"@type\":\"SearchAction\",\"target\":{\"@type\":\"EntryPoint\",\"urlTemplate\":\"https:\\\/\\\/www.errebi-group.com\\\/fr?s={search_term_string}\"},\"query-input\":{\"@type\":\"PropertyValueSpecification\",\"valueRequired\":true,\"valueName\":\"search_term_string\"}}],\"inLanguage\":\"fr-FR\"},{\"@type\":\"Organization\",\"@id\":\"https:\\\/\\\/www.errebi-group.com\\\/fr#organization\",\"name\":\"Errebi Group\",\"url\":\"https:\\\/\\\/www.errebi-group.com\\\/fr\",\"logo\":{\"@type\":\"ImageObject\",\"inLanguage\":\"fr-FR\",\"@id\":\"https:\\\/\\\/www.errebi-group.com\\\/fr#\\\/schema\\\/logo\\\/image\\\/\",\"url\":\"https:\\\/\\\/www.errebi-group.com\\\/wp-content\\\/uploads\\\/2025\\\/04\\\/logo-errebi-group-payoff-white-website.png\",\"contentUrl\":\"https:\\\/\\\/www.errebi-group.com\\\/wp-content\\\/uploads\\\/2025\\\/04\\\/logo-errebi-group-payoff-white-website.png\",\"width\":610,\"height\":100,\"caption\":\"Errebi Group\"},\"image\":{\"@id\":\"https:\\\/\\\/www.errebi-group.com\\\/fr#\\\/schema\\\/logo\\\/image\\\/\"},\"sameAs\":[\"https:\\\/\\\/www.facebook.com\\\/errebigroupsrl\",\"https:\\\/\\\/www.instagram.com\\\/errebi.group?igsh=cGNzN3FpcDFqNm1i\",\"https:\\\/\\\/www.linkedin.com\\\/company\\\/errebigroup\\\/?originalSubdomain=it\",\"https:\\\/\\\/www.youtube.com\\\/@errebigroup\"]}]}<\/script>\n<!-- \/ Yoast SEO plugin. -->","yoast_head_json":{"title":"Impression prototypes 3D","description":"Le service d\u2019impression 3D permet de cr\u00e9er de v\u00e9ritables objets \u00e0 partir d\u2019un mod\u00e8le num\u00e9rique, obtenu gr\u00e2ce \u00e0 l\u2019utilisation de logiciels sp\u00e9cifiques. Ces logiciels permettent de personnaliser les...","robots":{"index":"index","follow":"follow","max-snippet":"max-snippet:-1","max-image-preview":"max-image-preview:large","max-video-preview":"max-video-preview:-1"},"canonical":"https:\/\/www.errebi-group.com\/fr\/impression-prototypes-3d","og_locale":"fr_FR","og_type":"article","og_title":"Impression prototypes 3D","og_description":"Le service d\u2019impression 3D permet de cr\u00e9er de v\u00e9ritables objets \u00e0 partir d\u2019un mod\u00e8le num\u00e9rique, obtenu gr\u00e2ce \u00e0 l\u2019utilisation de logiciels sp\u00e9cifiques. Ces logiciels permettent de personnaliser les...","og_url":"https:\/\/www.errebi-group.com\/fr\/impression-prototypes-3d","og_site_name":"ErreBi Group","article_publisher":"https:\/\/www.facebook.com\/errebigroupsrl","article_modified_time":"2025-09-29T13:53:06+00:00","og_image":[{"width":1920,"height":1080,"url":"https:\/\/www.errebi-group.com\/wp-content\/uploads\/2025\/04\/stampa-3d-servizi-errebi-group-hero-section.webp","type":"image\/webp"}],"twitter_card":"summary_large_image","twitter_misc":{"Dur\u00e9e de lecture estim\u00e9e":"5 minutes"},"schema":{"@context":"https:\/\/schema.org","@graph":[{"@type":"WebPage","@id":"https:\/\/www.errebi-group.com\/fr\/impression-prototypes-3d","url":"https:\/\/www.errebi-group.com\/fr\/impression-prototypes-3d","name":"Impression prototypes 3D","isPartOf":{"@id":"https:\/\/www.errebi-group.com\/fr#website"},"primaryImageOfPage":{"@id":"https:\/\/www.errebi-group.com\/fr\/impression-prototypes-3d#primaryimage"},"image":{"@id":"https:\/\/www.errebi-group.com\/fr\/impression-prototypes-3d#primaryimage"},"thumbnailUrl":"https:\/\/www.errebi-group.com\/wp-content\/uploads\/2025\/04\/stampa-3d-servizi-errebi-group-hero-section.webp","datePublished":"2025-04-28T09:55:51+00:00","dateModified":"2025-09-29T13:53:06+00:00","description":"Le service d\u2019impression 3D permet de cr\u00e9er de v\u00e9ritables objets \u00e0 partir d\u2019un mod\u00e8le num\u00e9rique, obtenu gr\u00e2ce \u00e0 l\u2019utilisation de logiciels sp\u00e9cifiques. Ces logiciels permettent de personnaliser les...","breadcrumb":{"@id":"https:\/\/www.errebi-group.com\/fr\/impression-prototypes-3d#breadcrumb"},"inLanguage":"fr-FR","potentialAction":[{"@type":"ReadAction","target":["https:\/\/www.errebi-group.com\/fr\/impression-prototypes-3d"]}]},{"@type":"ImageObject","inLanguage":"fr-FR","@id":"https:\/\/www.errebi-group.com\/fr\/impression-prototypes-3d#primaryimage","url":"https:\/\/www.errebi-group.com\/wp-content\/uploads\/2025\/04\/stampa-3d-servizi-errebi-group-hero-section.webp","contentUrl":"https:\/\/www.errebi-group.com\/wp-content\/uploads\/2025\/04\/stampa-3d-servizi-errebi-group-hero-section.webp","width":1920,"height":1080,"caption":"Imprimante 3D en action lors de la r\u00e9alisation d\u2019un composant plastique technique"},{"@type":"BreadcrumbList","@id":"https:\/\/www.errebi-group.com\/fr\/impression-prototypes-3d#breadcrumb","itemListElement":[{"@type":"ListItem","position":1,"name":"Home","item":"https:\/\/www.errebi-group.com\/fr"},{"@type":"ListItem","position":2,"name":"Service d\u2019impression 3d"}]},{"@type":"WebSite","@id":"https:\/\/www.errebi-group.com\/fr#website","url":"https:\/\/www.errebi-group.com\/fr","name":"Errebi Group - Azienda produttrice di Cablaggi e Quadri Elettrici","description":"Azienda produttrice di Cablaggi e Quadri Elettrici","publisher":{"@id":"https:\/\/www.errebi-group.com\/fr#organization"},"potentialAction":[{"@type":"SearchAction","target":{"@type":"EntryPoint","urlTemplate":"https:\/\/www.errebi-group.com\/fr?s={search_term_string}"},"query-input":{"@type":"PropertyValueSpecification","valueRequired":true,"valueName":"search_term_string"}}],"inLanguage":"fr-FR"},{"@type":"Organization","@id":"https:\/\/www.errebi-group.com\/fr#organization","name":"Errebi Group","url":"https:\/\/www.errebi-group.com\/fr","logo":{"@type":"ImageObject","inLanguage":"fr-FR","@id":"https:\/\/www.errebi-group.com\/fr#\/schema\/logo\/image\/","url":"https:\/\/www.errebi-group.com\/wp-content\/uploads\/2025\/04\/logo-errebi-group-payoff-white-website.png","contentUrl":"https:\/\/www.errebi-group.com\/wp-content\/uploads\/2025\/04\/logo-errebi-group-payoff-white-website.png","width":610,"height":100,"caption":"Errebi Group"},"image":{"@id":"https:\/\/www.errebi-group.com\/fr#\/schema\/logo\/image\/"},"sameAs":["https:\/\/www.facebook.com\/errebigroupsrl","https:\/\/www.instagram.com\/errebi.group?igsh=cGNzN3FpcDFqNm1i","https:\/\/www.linkedin.com\/company\/errebigroup\/?originalSubdomain=it","https:\/\/www.youtube.com\/@errebigroup"]}]}},"_links":{"self":[{"href":"https:\/\/www.errebi-group.com\/fr\/wp-json\/wp\/v2\/pages\/1887","targetHints":{"allow":["GET"]}}],"collection":[{"href":"https:\/\/www.errebi-group.com\/fr\/wp-json\/wp\/v2\/pages"}],"about":[{"href":"https:\/\/www.errebi-group.com\/fr\/wp-json\/wp\/v2\/types\/page"}],"author":[{"embeddable":true,"href":"https:\/\/www.errebi-group.com\/fr\/wp-json\/wp\/v2\/users\/1"}],"replies":[{"embeddable":true,"href":"https:\/\/www.errebi-group.com\/fr\/wp-json\/wp\/v2\/comments?post=1887"}],"version-history":[{"count":2,"href":"https:\/\/www.errebi-group.com\/fr\/wp-json\/wp\/v2\/pages\/1887\/revisions"}],"predecessor-version":[{"id":2408,"href":"https:\/\/www.errebi-group.com\/fr\/wp-json\/wp\/v2\/pages\/1887\/revisions\/2408"}],"wp:featuredmedia":[{"embeddable":true,"href":"https:\/\/www.errebi-group.com\/fr\/wp-json\/wp\/v2\/media\/1739"}],"wp:attachment":[{"href":"https:\/\/www.errebi-group.com\/fr\/wp-json\/wp\/v2\/media?parent=1887"}],"curies":[{"name":"wp","href":"https:\/\/api.w.org\/{rel}","templated":true}]}}