{"id":1891,"date":"2025-04-28T10:08:50","date_gmt":"2025-04-28T10:08:50","guid":{"rendered":"https:\/\/www.errebi-group.com\/livraisons-urgentes-et-demarrage-de-la-production-en-24h\/"},"modified":"2025-09-22T13:25:13","modified_gmt":"2025-09-22T13:25:13","slug":"livraisons-urgentes","status":"publish","type":"page","link":"https:\/\/www.errebi-group.com\/fr\/livraisons-urgentes","title":{"rendered":"Livraisons urgentes et d\u00e9marrage de la production en 24h"},"content":{"rendered":"<p><strong>Notre personnel travaille en permanence pour traiter les commandes et les demandes dans le plus rapidement possible<\/strong>, en essayant de r\u00e9pondre aux besoins du client et d\u2019effectuer <strong>la livraison dans les d\u00e9lais pr\u00e9vus<\/strong>.<\/p>\n<p><strong>En cas de besoins et d\u2019urgences sp\u00e9cifiques<\/strong>, il est possible <strong>d\u2019acc\u00e9l\u00e9rer le processus habituel et de d\u00e9marrer la production de fa\u00e7on plus rapide<\/strong>, en sortant du cycle ordinaire et en g\u00e9rant la commande en priorit\u00e9. La production peut donc d\u00e9marrer dans les 24 heures suivant la commande, sous r\u00e9serve de l&rsquo;acceptation du devis et de la disponibilit\u00e9 du mat\u00e9riel n\u00e9cessaire.<\/p>\n<p><strong>La gestion des livraisons urgentes<\/strong>, compte tenu des diff\u00e9rentes variables qui pourraient survenir et influencer les d\u00e9lais de production et de livraison, ne peut pas \u00eatre garantie pour tous les types de commande. La production est en effet soumise \u00e0 d&rsquo;\u00e9ventuels obstacles logistiques li\u00e9s \u00e0 la r\u00e9ception de mat\u00e9riaux sp\u00e9cifiques qui pourraient rendre impossible une gestion dans des d\u00e9lais r\u00e9duits. <strong>Toute demande urgente fait donc l&rsquo;objet d&rsquo;une \u00e9valuation minutieuse avant d&rsquo;\u00eatre accept\u00e9e comme telle et confirm\u00e9e au client<\/strong>.<\/p>\n<p><strong>La gestion des livraisons urgentes<\/strong>, sortant du cycle de production habituel, entra\u00eene clairement <strong>un surco\u00fbt avec une \u00e9valuation soumise \u00e0 devis<\/strong>, qui peut varier en fonction de la complexit\u00e9 et de la quantit\u00e9 de travail \u00e0 effectuer. Une fois l&rsquo;acceptation du client obtenue et la disponibilit\u00e9 logistique du mat\u00e9riel n\u00e9cessaire v\u00e9rifi\u00e9e, <strong>nous assurons le d\u00e9marrage de la production dans les prochaines 24 heures et<\/strong> <strong>la livraison cons\u00e9cutive \u00e0 la date demand\u00e9e<\/strong>.<\/p>\n","protected":false},"excerpt":{"rendered":"<p>Notre personnel travaille en permanence pour traiter les commandes et les demandes dans le plus rapidement possible, en essayant de r\u00e9pondre aux besoins du client et d\u2019effectuer la livraison dans les d\u00e9lais pr\u00e9vus. En cas de besoins et d\u2019urgences sp\u00e9cifiques, il est possible d\u2019acc\u00e9l\u00e9rer le processus habituel et de d\u00e9marrer la production de fa\u00e7on plus [&hellip;]<\/p>\n","protected":false},"author":1,"featured_media":1727,"parent":0,"menu_order":0,"comment_status":"closed","ping_status":"closed","template":"","meta":{"footnotes":""},"class_list":["post-1891","page","type-page","status-publish","has-post-thumbnail","hentry"],"yoast_head":"<!-- This site is optimized with the Yoast SEO plugin v27.4 - https:\/\/yoast.com\/product\/yoast-seo-wordpress\/ -->\n<title>Gestion des livraisons urgentes<\/title>\n<meta name=\"description\" content=\"Notre personnel travaille en permanence pour traiter les commandes et les demandes dans le plus rapidement possible, en essayant de r\u00e9pondre aux besoins du client et d\u2019effectuer la livraison dans...\" \/>\n<meta name=\"robots\" content=\"index, follow, max-snippet:-1, max-image-preview:large, max-video-preview:-1\" \/>\n<link rel=\"canonical\" href=\"https:\/\/www.errebi-group.com\/fr\/livraisons-urgentes\" \/>\n<meta property=\"og:locale\" content=\"fr_FR\" \/>\n<meta property=\"og:type\" content=\"article\" \/>\n<meta property=\"og:title\" content=\"Gestion des livraisons urgentes\" \/>\n<meta property=\"og:description\" content=\"Notre personnel travaille en permanence pour traiter les commandes et les demandes dans le plus rapidement possible, en essayant de r\u00e9pondre aux besoins du client et d\u2019effectuer la livraison dans...\" \/>\n<meta property=\"og:url\" content=\"https:\/\/www.errebi-group.com\/fr\/livraisons-urgentes\" \/>\n<meta property=\"og:site_name\" content=\"ErreBi Group\" \/>\n<meta property=\"article:publisher\" content=\"https:\/\/www.facebook.com\/errebigroupsrl\" \/>\n<meta property=\"article:modified_time\" content=\"2025-09-22T13:25:13+00:00\" \/>\n<meta property=\"og:image\" content=\"https:\/\/www.errebi-group.com\/wp-content\/uploads\/2025\/04\/gestione-consegne-urgenti-errebi-group-hero-section.webp\" \/>\n\t<meta property=\"og:image:width\" content=\"1920\" \/>\n\t<meta property=\"og:image:height\" content=\"1080\" \/>\n\t<meta property=\"og:image:type\" content=\"image\/webp\" \/>\n<meta name=\"twitter:card\" content=\"summary_large_image\" \/>\n<meta name=\"twitter:label1\" content=\"Dur\u00e9e de lecture estim\u00e9e\" \/>\n\t<meta name=\"twitter:data1\" content=\"2 minutes\" \/>\n<script type=\"application\/ld+json\" class=\"yoast-schema-graph\">{\"@context\":\"https:\\\/\\\/schema.org\",\"@graph\":[{\"@type\":\"WebPage\",\"@id\":\"https:\\\/\\\/www.errebi-group.com\\\/fr\\\/livraisons-urgentes\",\"url\":\"https:\\\/\\\/www.errebi-group.com\\\/fr\\\/livraisons-urgentes\",\"name\":\"Gestion des livraisons urgentes\",\"isPartOf\":{\"@id\":\"https:\\\/\\\/www.errebi-group.com\\\/fr#website\"},\"primaryImageOfPage\":{\"@id\":\"https:\\\/\\\/www.errebi-group.com\\\/fr\\\/livraisons-urgentes#primaryimage\"},\"image\":{\"@id\":\"https:\\\/\\\/www.errebi-group.com\\\/fr\\\/livraisons-urgentes#primaryimage\"},\"thumbnailUrl\":\"https:\\\/\\\/www.errebi-group.com\\\/wp-content\\\/uploads\\\/2025\\\/04\\\/gestione-consegne-urgenti-errebi-group-hero-section.webp\",\"datePublished\":\"2025-04-28T10:08:50+00:00\",\"dateModified\":\"2025-09-22T13:25:13+00:00\",\"description\":\"Notre personnel travaille en permanence pour traiter les commandes et les demandes dans le plus rapidement possible, en essayant de r\u00e9pondre aux besoins du client et d\u2019effectuer la livraison dans...\",\"breadcrumb\":{\"@id\":\"https:\\\/\\\/www.errebi-group.com\\\/fr\\\/livraisons-urgentes#breadcrumb\"},\"inLanguage\":\"fr-FR\",\"potentialAction\":[{\"@type\":\"ReadAction\",\"target\":[\"https:\\\/\\\/www.errebi-group.com\\\/fr\\\/livraisons-urgentes\"]}]},{\"@type\":\"ImageObject\",\"inLanguage\":\"fr-FR\",\"@id\":\"https:\\\/\\\/www.errebi-group.com\\\/fr\\\/livraisons-urgentes#primaryimage\",\"url\":\"https:\\\/\\\/www.errebi-group.com\\\/wp-content\\\/uploads\\\/2025\\\/04\\\/gestione-consegne-urgenti-errebi-group-hero-section.webp\",\"contentUrl\":\"https:\\\/\\\/www.errebi-group.com\\\/wp-content\\\/uploads\\\/2025\\\/04\\\/gestione-consegne-urgenti-errebi-group-hero-section.webp\",\"width\":1920,\"height\":1080,\"caption\":\"Bo\u00eetes ErreBi pr\u00eates \u00e0 l\u2019exp\u00e9dition avec \u00e9tiquettes et emballage de marque\"},{\"@type\":\"BreadcrumbList\",\"@id\":\"https:\\\/\\\/www.errebi-group.com\\\/fr\\\/livraisons-urgentes#breadcrumb\",\"itemListElement\":[{\"@type\":\"ListItem\",\"position\":1,\"name\":\"Home\",\"item\":\"https:\\\/\\\/www.errebi-group.com\\\/fr\"},{\"@type\":\"ListItem\",\"position\":2,\"name\":\"Livraisons urgentes et d\u00e9marrage de la production en 24h\"}]},{\"@type\":\"WebSite\",\"@id\":\"https:\\\/\\\/www.errebi-group.com\\\/fr#website\",\"url\":\"https:\\\/\\\/www.errebi-group.com\\\/fr\",\"name\":\"Errebi Group - Azienda produttrice di Cablaggi e Quadri Elettrici\",\"description\":\"Azienda produttrice di Cablaggi e Quadri Elettrici\",\"publisher\":{\"@id\":\"https:\\\/\\\/www.errebi-group.com\\\/fr#organization\"},\"potentialAction\":[{\"@type\":\"SearchAction\",\"target\":{\"@type\":\"EntryPoint\",\"urlTemplate\":\"https:\\\/\\\/www.errebi-group.com\\\/fr?s={search_term_string}\"},\"query-input\":{\"@type\":\"PropertyValueSpecification\",\"valueRequired\":true,\"valueName\":\"search_term_string\"}}],\"inLanguage\":\"fr-FR\"},{\"@type\":\"Organization\",\"@id\":\"https:\\\/\\\/www.errebi-group.com\\\/fr#organization\",\"name\":\"Errebi Group\",\"url\":\"https:\\\/\\\/www.errebi-group.com\\\/fr\",\"logo\":{\"@type\":\"ImageObject\",\"inLanguage\":\"fr-FR\",\"@id\":\"https:\\\/\\\/www.errebi-group.com\\\/fr#\\\/schema\\\/logo\\\/image\\\/\",\"url\":\"https:\\\/\\\/www.errebi-group.com\\\/wp-content\\\/uploads\\\/2025\\\/04\\\/logo-errebi-group-payoff-white-website.png\",\"contentUrl\":\"https:\\\/\\\/www.errebi-group.com\\\/wp-content\\\/uploads\\\/2025\\\/04\\\/logo-errebi-group-payoff-white-website.png\",\"width\":610,\"height\":100,\"caption\":\"Errebi Group\"},\"image\":{\"@id\":\"https:\\\/\\\/www.errebi-group.com\\\/fr#\\\/schema\\\/logo\\\/image\\\/\"},\"sameAs\":[\"https:\\\/\\\/www.facebook.com\\\/errebigroupsrl\",\"https:\\\/\\\/www.instagram.com\\\/errebi.group?igsh=cGNzN3FpcDFqNm1i\",\"https:\\\/\\\/www.linkedin.com\\\/company\\\/errebigroup\\\/?originalSubdomain=it\",\"https:\\\/\\\/www.youtube.com\\\/@errebigroup\"]}]}<\/script>\n<!-- \/ Yoast SEO plugin. -->","yoast_head_json":{"title":"Gestion des livraisons urgentes","description":"Notre personnel travaille en permanence pour traiter les commandes et les demandes dans le plus rapidement possible, en essayant de r\u00e9pondre aux besoins du client et d\u2019effectuer la livraison dans...","robots":{"index":"index","follow":"follow","max-snippet":"max-snippet:-1","max-image-preview":"max-image-preview:large","max-video-preview":"max-video-preview:-1"},"canonical":"https:\/\/www.errebi-group.com\/fr\/livraisons-urgentes","og_locale":"fr_FR","og_type":"article","og_title":"Gestion des livraisons urgentes","og_description":"Notre personnel travaille en permanence pour traiter les commandes et les demandes dans le plus rapidement possible, en essayant de r\u00e9pondre aux besoins du client et d\u2019effectuer la livraison dans...","og_url":"https:\/\/www.errebi-group.com\/fr\/livraisons-urgentes","og_site_name":"ErreBi Group","article_publisher":"https:\/\/www.facebook.com\/errebigroupsrl","article_modified_time":"2025-09-22T13:25:13+00:00","og_image":[{"width":1920,"height":1080,"url":"https:\/\/www.errebi-group.com\/wp-content\/uploads\/2025\/04\/gestione-consegne-urgenti-errebi-group-hero-section.webp","type":"image\/webp"}],"twitter_card":"summary_large_image","twitter_misc":{"Dur\u00e9e de lecture estim\u00e9e":"2 minutes"},"schema":{"@context":"https:\/\/schema.org","@graph":[{"@type":"WebPage","@id":"https:\/\/www.errebi-group.com\/fr\/livraisons-urgentes","url":"https:\/\/www.errebi-group.com\/fr\/livraisons-urgentes","name":"Gestion des livraisons urgentes","isPartOf":{"@id":"https:\/\/www.errebi-group.com\/fr#website"},"primaryImageOfPage":{"@id":"https:\/\/www.errebi-group.com\/fr\/livraisons-urgentes#primaryimage"},"image":{"@id":"https:\/\/www.errebi-group.com\/fr\/livraisons-urgentes#primaryimage"},"thumbnailUrl":"https:\/\/www.errebi-group.com\/wp-content\/uploads\/2025\/04\/gestione-consegne-urgenti-errebi-group-hero-section.webp","datePublished":"2025-04-28T10:08:50+00:00","dateModified":"2025-09-22T13:25:13+00:00","description":"Notre personnel travaille en permanence pour traiter les commandes et les demandes dans le plus rapidement possible, en essayant de r\u00e9pondre aux besoins du client et d\u2019effectuer la livraison dans...","breadcrumb":{"@id":"https:\/\/www.errebi-group.com\/fr\/livraisons-urgentes#breadcrumb"},"inLanguage":"fr-FR","potentialAction":[{"@type":"ReadAction","target":["https:\/\/www.errebi-group.com\/fr\/livraisons-urgentes"]}]},{"@type":"ImageObject","inLanguage":"fr-FR","@id":"https:\/\/www.errebi-group.com\/fr\/livraisons-urgentes#primaryimage","url":"https:\/\/www.errebi-group.com\/wp-content\/uploads\/2025\/04\/gestione-consegne-urgenti-errebi-group-hero-section.webp","contentUrl":"https:\/\/www.errebi-group.com\/wp-content\/uploads\/2025\/04\/gestione-consegne-urgenti-errebi-group-hero-section.webp","width":1920,"height":1080,"caption":"Bo\u00eetes ErreBi pr\u00eates \u00e0 l\u2019exp\u00e9dition avec \u00e9tiquettes et emballage de marque"},{"@type":"BreadcrumbList","@id":"https:\/\/www.errebi-group.com\/fr\/livraisons-urgentes#breadcrumb","itemListElement":[{"@type":"ListItem","position":1,"name":"Home","item":"https:\/\/www.errebi-group.com\/fr"},{"@type":"ListItem","position":2,"name":"Livraisons urgentes et d\u00e9marrage de la production en 24h"}]},{"@type":"WebSite","@id":"https:\/\/www.errebi-group.com\/fr#website","url":"https:\/\/www.errebi-group.com\/fr","name":"Errebi Group - Azienda produttrice di Cablaggi e Quadri Elettrici","description":"Azienda produttrice di Cablaggi e Quadri Elettrici","publisher":{"@id":"https:\/\/www.errebi-group.com\/fr#organization"},"potentialAction":[{"@type":"SearchAction","target":{"@type":"EntryPoint","urlTemplate":"https:\/\/www.errebi-group.com\/fr?s={search_term_string}"},"query-input":{"@type":"PropertyValueSpecification","valueRequired":true,"valueName":"search_term_string"}}],"inLanguage":"fr-FR"},{"@type":"Organization","@id":"https:\/\/www.errebi-group.com\/fr#organization","name":"Errebi Group","url":"https:\/\/www.errebi-group.com\/fr","logo":{"@type":"ImageObject","inLanguage":"fr-FR","@id":"https:\/\/www.errebi-group.com\/fr#\/schema\/logo\/image\/","url":"https:\/\/www.errebi-group.com\/wp-content\/uploads\/2025\/04\/logo-errebi-group-payoff-white-website.png","contentUrl":"https:\/\/www.errebi-group.com\/wp-content\/uploads\/2025\/04\/logo-errebi-group-payoff-white-website.png","width":610,"height":100,"caption":"Errebi Group"},"image":{"@id":"https:\/\/www.errebi-group.com\/fr#\/schema\/logo\/image\/"},"sameAs":["https:\/\/www.facebook.com\/errebigroupsrl","https:\/\/www.instagram.com\/errebi.group?igsh=cGNzN3FpcDFqNm1i","https:\/\/www.linkedin.com\/company\/errebigroup\/?originalSubdomain=it","https:\/\/www.youtube.com\/@errebigroup"]}]}},"_links":{"self":[{"href":"https:\/\/www.errebi-group.com\/fr\/wp-json\/wp\/v2\/pages\/1891","targetHints":{"allow":["GET"]}}],"collection":[{"href":"https:\/\/www.errebi-group.com\/fr\/wp-json\/wp\/v2\/pages"}],"about":[{"href":"https:\/\/www.errebi-group.com\/fr\/wp-json\/wp\/v2\/types\/page"}],"author":[{"embeddable":true,"href":"https:\/\/www.errebi-group.com\/fr\/wp-json\/wp\/v2\/users\/1"}],"replies":[{"embeddable":true,"href":"https:\/\/www.errebi-group.com\/fr\/wp-json\/wp\/v2\/comments?post=1891"}],"version-history":[{"count":2,"href":"https:\/\/www.errebi-group.com\/fr\/wp-json\/wp\/v2\/pages\/1891\/revisions"}],"predecessor-version":[{"id":2395,"href":"https:\/\/www.errebi-group.com\/fr\/wp-json\/wp\/v2\/pages\/1891\/revisions\/2395"}],"wp:featuredmedia":[{"embeddable":true,"href":"https:\/\/www.errebi-group.com\/fr\/wp-json\/wp\/v2\/media\/1727"}],"wp:attachment":[{"href":"https:\/\/www.errebi-group.com\/fr\/wp-json\/wp\/v2\/media?parent=1891"}],"curies":[{"name":"wp","href":"https:\/\/api.w.org\/{rel}","templated":true}]}}