{"id":1895,"date":"2025-04-28T10:06:53","date_gmt":"2025-04-28T10:06:53","guid":{"rendered":"https:\/\/www.errebi-group.com\/fabrications-mecaniques\/"},"modified":"2025-07-02T07:54:02","modified_gmt":"2025-07-02T07:54:02","slug":"fabrications-mecaniques","status":"publish","type":"page","link":"https:\/\/www.errebi-group.com\/fr\/fabrications-mecaniques","title":{"rendered":"Fabrications m\u00e9caniques"},"content":{"rendered":"<p><strong>La capacit\u00e9 de nos experts \u00e0 identifier les besoins sp\u00e9cifiques du client et \u00e0 appliquer le c\u00e2blage le mieux adapt\u00e9 \u00e0 la situation<\/strong>, va de pair avec notre capacit\u00e9 de <strong>cr\u00e9er directement dans nos locaux, les instruments, les structures ainsi que les composants n\u00e9cessaires afin de r\u00e9aliser le service souhait\u00e9<\/strong>. En effet, nous <strong>sommes sp\u00e9cialis\u00e9s dans la fabrication de nombreux et de diff\u00e9rents types de mat\u00e9riaux<\/strong>, parvenant ainsi \u00e0 composer et \u00e0 parfaire, \u00e0 partir de la mati\u00e8re premi\u00e8re, <strong>tous les \u00e9l\u00e9ments essentiels pour <a href=\"https:\/\/www.errebi-group.com\/it\/produzione-cablaggi-elettrici\">la r\u00e9alisation d\u2019un c\u00e2blage<\/a> en mesure de garantir efficacit\u00e9 et qualit\u00e9<\/strong>. <\/p>\n<div style=\"height: 48px;\"><\/div>\n<h2>Que faisons-nous<\/h2>\n<p><strong>Le \u00ab\u00a0secret\u00a0\u00bb d\u2019une fabrication en mesure de donner vie \u00e0 des produits performants et durables<\/strong> est sans aucun doute <strong>la qualit\u00e9 de la mati\u00e8re premi\u00e8re<\/strong> que nos experts choisissent avec soin et s\u00e9lectionnent lors de chaque <strong>activit\u00e9 sp\u00e9cifique \u00e0 r\u00e9aliser<\/strong>. En effet, chaque mat\u00e9riau n\u00e9cessite d\u2019un traitement diff\u00e9rent, tout comme<strong> le traitement sp\u00e9cifique change en fonction du produit final<\/strong> dont vous avez besoin. <\/p>\n<p>Il est possible de <strong>r\u00e9aliser des travaux de d\u00e9coupe laser de mat\u00e9riaux tels que l\u2019acier ou de mati\u00e8res plastiques<\/strong> ou encore de <strong>fraisage<\/strong> lorsqu\u2019il faut augmenter le niveau de pr\u00e9cision pour la finition d\u2019outils de petite et de grande dimension. Le laser peut \u00e9galement \u00eatre utilis\u00e9 pour <strong>une gravure et un marquage pr\u00e9cis<\/strong>, tandis que <strong>le moulage<\/strong> sous pression est la d\u00e9monstration parfaite de la fa\u00e7on dont une mati\u00e8re premi\u00e8re peut \u00eatre d\u00e9compos\u00e9e et reconstitu\u00e9e pour cr\u00e9er de nouveaux composants. <\/p>\n<p>Tous ces processus peuvent \u00eatre r\u00e9alis\u00e9s exclusivement gr\u00e2ce \u00e0 des <strong>machines et des instruments de pointe<\/strong>, utilis\u00e9s par un <strong>personnel expert et constamment mis \u00e0 jour en ce qui concerne les nouvelles techniques d&rsquo;intervention<\/strong>.<\/p>\n<div style=\"height: 48px;\"><\/div>\n<h2>D\u00e9coupe laser<\/h2>\n<p><strong>La d\u00e9coupe laser<\/strong> est un processus qui vous permet de r\u00e9duire rapidement et avec pr\u00e9cision des mat\u00e9riaux de grandes dimensions en les adaptant \u00e0 vos besoins sp\u00e9cifiques. Gr\u00e2ce \u00e0 ce type d&rsquo;activit\u00e9 il est possible d&rsquo;intervenir, par exemple, <strong>sur des plaques de mat\u00e9riaux diff\u00e9rents<\/strong>, avec possibilit\u00e9 de post-traitement en ayant recours \u00e0 des traitements thermiques ou des rev\u00eatements. <\/p>\n<p>En r\u00e9sum\u00e9,<strong> la d\u00e9coupe laser offre donc l&rsquo;avantage de pouvoir personnaliser la fabrication en fonction de la mati\u00e8re premi\u00e8re<\/strong> et des finitions souhait\u00e9es, <strong>en obtenant un travail pr\u00e9cis dans des d\u00e9lais particuli\u00e8rement courts<\/strong>.<\/p>\n<div style=\"height: 48px;\"><\/div>\n<h2>Moulage sous pression<\/h2>\n<p>Gr\u00e2ce au <strong>moulage<\/strong> sous pression, il est possible de recueillir la coul\u00e9e d\u2019un mat\u00e9riau express\u00e9ment fondu \u00e0 tr\u00e8s haute temp\u00e9rature et de le presser dans des moules o\u00f9 il sera ensuite remodel\u00e9 en fonction de l&rsquo;outil \u00e0 recr\u00e9er. <strong>Le concept est de d\u00e9composer la mati\u00e8re premi\u00e8re et de la reconstituer sous une nouvelle forme<\/strong>, en exploitant ses atouts et en transf\u00e9rant ses qualit\u00e9s dans le nouveau produit. <\/p>\n<p>Le moulage sous pression est r\u00e9alis\u00e9 dans les <strong>\u00a0\u00bb \u00eelots \u00bb sur lesquels le travail est effectu\u00e9 \u00e0 des niveaux de temp\u00e9rature et de pression tr\u00e8s \u00e9lev\u00e9s<\/strong>, par \u00e9tapes progressives au cours desquelles le m\u00e9tal, g\u00e9n\u00e9ralement en acier ou en aluminium, parvient \u00e0 changer d&rsquo;\u00e9tat sans perdre ses caract\u00e9ristiques.<\/p>\n<p>Le principal avantage de ce proc\u00e9d\u00e9 est certainement <strong>la possibilit\u00e9 d&rsquo;obtenir des produits aux formes assez complexes avec des normes de qualit\u00e9 \u00e9lev\u00e9es<\/strong> et, surtout, avec <strong>un coefficient de r\u00e9p\u00e9tabilit\u00e9 total<\/strong> permit gr\u00e2ce \u00e0 la pr\u00e9cision des moules et \u00e0 l&rsquo;attention du personnel lors du contr\u00f4le des niveaux de pression et de temp\u00e9rature tout au long de la fabrication.<\/p>\n<div style=\"height: 48px;\"><\/div>\n<h2>Gravure Laser<\/h2>\n<p>L\u2019utilisation de <strong>machines laser<\/strong> peut \u00eatre utilis\u00e9e non seulement pour des op\u00e9rations de d\u00e9coupe, mais aussi et surtout pour des activit\u00e9s beaucoup plus <strong>soign\u00e9es et m\u00e9ticuleuses<\/strong>. En effet, il s\u2019agit d\u2019un travail de gravure qui peut se faire sur de nombreux types de mat\u00e9riaux. <\/p>\n<p><strong>La pr\u00e9cision et le souci du d\u00e9tail offerts par le laser garantissent qualit\u00e9 et fiabilit\u00e9,<\/strong> des caract\u00e9ristiques essentielles pour l\u2019<strong>ablation, le noircissement, le virage de couleur<\/strong>, mais aussi <strong>l\u2019\u00e9limination et la carbonisation<\/strong>.<\/p>\n<p>De plus, parmi les proc\u00e9d\u00e9s les plus demand\u00e9s, il y a <strong>le marquage des \u00e9tiquettes<\/strong>, r\u00e9alisable aussi bien sur des mat\u00e9riaux m\u00e9talliques que plastiques.<\/p>\n<div style=\"height: 48px;\"><\/div>\n<h2>Op\u00e9rations de Fraisage<\/h2>\n<p><strong>Le fraisage <\/strong>est utilis\u00e9 lorsqu&rsquo;il est n\u00e9cessaire <strong>d&rsquo;obtenir une surface bien d\u00e9finie \u00e0 partir d&rsquo;une mati\u00e8re premi\u00e8re d&rsquo;origine<\/strong>. En effet, l\u2019outil de fraisage enl\u00e8ve une partie du mat\u00e9riel en le finissant progressivement jusqu\u2019\u00e0 <strong>la forme et la taille requises<\/strong>. <\/p>\n<p><strong>La fabrication requi\u00e8re une machine de qualit\u00e9 et une grande pr\u00e9cision de la part de ceux qui l\u2019utilise<\/strong>, car pour atteindre l&rsquo;objectif fix\u00e9, il est n\u00e9cessaire de <strong>r\u00e9gler et d&rsquo;aligner \u00e0 la fois la vitesse de coupe et l&rsquo;avancement progressif du mat\u00e9riau sur lequel intervenir<\/strong>.<\/p>\n<div style=\"height: 48px;\"><\/div>\n<h2>Pourquoi nous faire confiance<\/h2>\n<p><strong>Exp\u00e9rience, professionnalisme, disponibilit\u00e9<\/strong>: les mots d&rsquo;ordre qui garantissent <strong>la qualit\u00e9 du service offert<\/strong> dans tous les contextes. Choisir <strong>Errebi Cablaggi<\/strong>, c&rsquo;est s&rsquo;appuyer sur des sp\u00e9cialistes capables non seulement <strong>d&rsquo;identifier exactement ce dont le client a besoin et de trouver la solution \u00e0 ses probl\u00e8mes<\/strong>, mais aussi de<strong> choisir les mati\u00e8res premi\u00e8res et de cr\u00e9er sur mesure les composants n\u00e9cessaires \u00e0 l&rsquo;intervention<\/strong> en utilisant <strong>des outils modernes pour un traitement toujours rapide et pr\u00e9cis<\/strong>. <\/p>\n<p><strong>L\u2019amateurisme<\/strong>, dans des contextes comme celui des c\u00e2blages ne paie pratiquement jamais : <strong>choisir les experts en mesure de suivre litt\u00e9ralement un projet de A \u00e0 Z<\/strong> peut au contraire \u00eatre un gage de <strong>tranquillit\u00e9, de qualit\u00e9 et d&rsquo;\u00e9conomies<\/strong>.<\/p>\n","protected":false},"excerpt":{"rendered":"<p>La capacit\u00e9 de nos experts \u00e0 identifier les besoins sp\u00e9cifiques du client et \u00e0 appliquer le c\u00e2blage le mieux adapt\u00e9 \u00e0 la situation, va de pair avec notre capacit\u00e9 de cr\u00e9er directement dans nos locaux, les instruments, les structures ainsi que les composants n\u00e9cessaires afin de r\u00e9aliser le service souhait\u00e9. En effet, nous sommes sp\u00e9cialis\u00e9s [&hellip;]<\/p>\n","protected":false},"author":1,"featured_media":1731,"parent":0,"menu_order":0,"comment_status":"closed","ping_status":"closed","template":"","meta":{"footnotes":""},"class_list":["post-1895","page","type-page","status-publish","has-post-thumbnail","hentry"],"yoast_head":"<!-- This site is optimized with the Yoast SEO plugin v27.4 - https:\/\/yoast.com\/product\/yoast-seo-wordpress\/ -->\n<title>Fabrication m\u00e9canique, d\u00e9coupe laser, fraisage et moulage sous pression<\/title>\n<meta name=\"description\" content=\"La capacit\u00e9 de nos experts \u00e0 identifier les besoins sp\u00e9cifiques du client et \u00e0 appliquer le c\u00e2blage le mieux adapt\u00e9 \u00e0 la situation, va de pair avec notre capacit\u00e9 de cr\u00e9er directement dans nos...\" \/>\n<meta name=\"robots\" content=\"index, follow, max-snippet:-1, max-image-preview:large, max-video-preview:-1\" \/>\n<link rel=\"canonical\" href=\"https:\/\/www.errebi-group.com\/fr\/fabrications-mecaniques\" \/>\n<meta property=\"og:locale\" content=\"fr_FR\" \/>\n<meta property=\"og:type\" content=\"article\" \/>\n<meta property=\"og:title\" content=\"Fabrication m\u00e9canique, d\u00e9coupe laser, fraisage et moulage sous pression\" \/>\n<meta property=\"og:description\" content=\"La capacit\u00e9 de nos experts \u00e0 identifier les besoins sp\u00e9cifiques du client et \u00e0 appliquer le c\u00e2blage le mieux adapt\u00e9 \u00e0 la situation, va de pair avec notre capacit\u00e9 de cr\u00e9er directement dans nos...\" \/>\n<meta property=\"og:url\" content=\"https:\/\/www.errebi-group.com\/fr\/fabrications-mecaniques\" \/>\n<meta property=\"og:site_name\" content=\"ErreBi Group\" \/>\n<meta property=\"article:publisher\" content=\"https:\/\/www.facebook.com\/errebigroupsrl\" \/>\n<meta property=\"article:modified_time\" content=\"2025-07-02T07:54:02+00:00\" \/>\n<meta property=\"og:image\" content=\"https:\/\/www.errebi-group.com\/wp-content\/uploads\/2025\/04\/lavorazioni-meccaniche-servizi-errebi-group-hero-section.webp\" \/>\n\t<meta property=\"og:image:width\" content=\"1920\" \/>\n\t<meta property=\"og:image:height\" content=\"1080\" \/>\n\t<meta property=\"og:image:type\" content=\"image\/webp\" \/>\n<meta name=\"twitter:card\" content=\"summary_large_image\" \/>\n<meta name=\"twitter:label1\" content=\"Dur\u00e9e de lecture estim\u00e9e\" \/>\n\t<meta name=\"twitter:data1\" content=\"5 minutes\" \/>\n<script type=\"application\/ld+json\" class=\"yoast-schema-graph\">{\"@context\":\"https:\\\/\\\/schema.org\",\"@graph\":[{\"@type\":\"WebPage\",\"@id\":\"https:\\\/\\\/www.errebi-group.com\\\/fr\\\/fabrications-mecaniques\",\"url\":\"https:\\\/\\\/www.errebi-group.com\\\/fr\\\/fabrications-mecaniques\",\"name\":\"Fabrication m\u00e9canique, d\u00e9coupe laser, fraisage et moulage sous pression\",\"isPartOf\":{\"@id\":\"https:\\\/\\\/www.errebi-group.com\\\/fr#website\"},\"primaryImageOfPage\":{\"@id\":\"https:\\\/\\\/www.errebi-group.com\\\/fr\\\/fabrications-mecaniques#primaryimage\"},\"image\":{\"@id\":\"https:\\\/\\\/www.errebi-group.com\\\/fr\\\/fabrications-mecaniques#primaryimage\"},\"thumbnailUrl\":\"https:\\\/\\\/www.errebi-group.com\\\/wp-content\\\/uploads\\\/2025\\\/04\\\/lavorazioni-meccaniche-servizi-errebi-group-hero-section.webp\",\"datePublished\":\"2025-04-28T10:06:53+00:00\",\"dateModified\":\"2025-07-02T07:54:02+00:00\",\"description\":\"La capacit\u00e9 de nos experts \u00e0 identifier les besoins sp\u00e9cifiques du client et \u00e0 appliquer le c\u00e2blage le mieux adapt\u00e9 \u00e0 la situation, va de pair avec notre capacit\u00e9 de cr\u00e9er directement dans nos...\",\"breadcrumb\":{\"@id\":\"https:\\\/\\\/www.errebi-group.com\\\/fr\\\/fabrications-mecaniques#breadcrumb\"},\"inLanguage\":\"fr-FR\",\"potentialAction\":[{\"@type\":\"ReadAction\",\"target\":[\"https:\\\/\\\/www.errebi-group.com\\\/fr\\\/fabrications-mecaniques\"]}]},{\"@type\":\"ImageObject\",\"inLanguage\":\"fr-FR\",\"@id\":\"https:\\\/\\\/www.errebi-group.com\\\/fr\\\/fabrications-mecaniques#primaryimage\",\"url\":\"https:\\\/\\\/www.errebi-group.com\\\/wp-content\\\/uploads\\\/2025\\\/04\\\/lavorazioni-meccaniche-servizi-errebi-group-hero-section.webp\",\"contentUrl\":\"https:\\\/\\\/www.errebi-group.com\\\/wp-content\\\/uploads\\\/2025\\\/04\\\/lavorazioni-meccaniche-servizi-errebi-group-hero-section.webp\",\"width\":1920,\"height\":1080,\"caption\":\"Machine de d\u00e9coupe laser en fonctionnement lors d\u2019un usinage m\u00e9canique de pr\u00e9cision\"},{\"@type\":\"BreadcrumbList\",\"@id\":\"https:\\\/\\\/www.errebi-group.com\\\/fr\\\/fabrications-mecaniques#breadcrumb\",\"itemListElement\":[{\"@type\":\"ListItem\",\"position\":1,\"name\":\"Home\",\"item\":\"https:\\\/\\\/www.errebi-group.com\\\/fr\"},{\"@type\":\"ListItem\",\"position\":2,\"name\":\"Fabrications m\u00e9caniques\"}]},{\"@type\":\"WebSite\",\"@id\":\"https:\\\/\\\/www.errebi-group.com\\\/fr#website\",\"url\":\"https:\\\/\\\/www.errebi-group.com\\\/fr\",\"name\":\"Errebi Group - Azienda produttrice di Cablaggi e Quadri Elettrici\",\"description\":\"Azienda produttrice di Cablaggi e Quadri Elettrici\",\"publisher\":{\"@id\":\"https:\\\/\\\/www.errebi-group.com\\\/fr#organization\"},\"potentialAction\":[{\"@type\":\"SearchAction\",\"target\":{\"@type\":\"EntryPoint\",\"urlTemplate\":\"https:\\\/\\\/www.errebi-group.com\\\/fr?s={search_term_string}\"},\"query-input\":{\"@type\":\"PropertyValueSpecification\",\"valueRequired\":true,\"valueName\":\"search_term_string\"}}],\"inLanguage\":\"fr-FR\"},{\"@type\":\"Organization\",\"@id\":\"https:\\\/\\\/www.errebi-group.com\\\/fr#organization\",\"name\":\"Errebi Group\",\"url\":\"https:\\\/\\\/www.errebi-group.com\\\/fr\",\"logo\":{\"@type\":\"ImageObject\",\"inLanguage\":\"fr-FR\",\"@id\":\"https:\\\/\\\/www.errebi-group.com\\\/fr#\\\/schema\\\/logo\\\/image\\\/\",\"url\":\"https:\\\/\\\/www.errebi-group.com\\\/wp-content\\\/uploads\\\/2025\\\/04\\\/logo-errebi-group-payoff-white-website.png\",\"contentUrl\":\"https:\\\/\\\/www.errebi-group.com\\\/wp-content\\\/uploads\\\/2025\\\/04\\\/logo-errebi-group-payoff-white-website.png\",\"width\":610,\"height\":100,\"caption\":\"Errebi Group\"},\"image\":{\"@id\":\"https:\\\/\\\/www.errebi-group.com\\\/fr#\\\/schema\\\/logo\\\/image\\\/\"},\"sameAs\":[\"https:\\\/\\\/www.facebook.com\\\/errebigroupsrl\",\"https:\\\/\\\/www.instagram.com\\\/errebi.group?igsh=cGNzN3FpcDFqNm1i\",\"https:\\\/\\\/www.linkedin.com\\\/company\\\/errebigroup\\\/?originalSubdomain=it\",\"https:\\\/\\\/www.youtube.com\\\/@errebigroup\"]}]}<\/script>\n<!-- \/ Yoast SEO plugin. -->","yoast_head_json":{"title":"Fabrication m\u00e9canique, d\u00e9coupe laser, fraisage et moulage sous pression","description":"La capacit\u00e9 de nos experts \u00e0 identifier les besoins sp\u00e9cifiques du client et \u00e0 appliquer le c\u00e2blage le mieux adapt\u00e9 \u00e0 la situation, va de pair avec notre capacit\u00e9 de cr\u00e9er directement dans nos...","robots":{"index":"index","follow":"follow","max-snippet":"max-snippet:-1","max-image-preview":"max-image-preview:large","max-video-preview":"max-video-preview:-1"},"canonical":"https:\/\/www.errebi-group.com\/fr\/fabrications-mecaniques","og_locale":"fr_FR","og_type":"article","og_title":"Fabrication m\u00e9canique, d\u00e9coupe laser, fraisage et moulage sous pression","og_description":"La capacit\u00e9 de nos experts \u00e0 identifier les besoins sp\u00e9cifiques du client et \u00e0 appliquer le c\u00e2blage le mieux adapt\u00e9 \u00e0 la situation, va de pair avec notre capacit\u00e9 de cr\u00e9er directement dans nos...","og_url":"https:\/\/www.errebi-group.com\/fr\/fabrications-mecaniques","og_site_name":"ErreBi Group","article_publisher":"https:\/\/www.facebook.com\/errebigroupsrl","article_modified_time":"2025-07-02T07:54:02+00:00","og_image":[{"width":1920,"height":1080,"url":"https:\/\/www.errebi-group.com\/wp-content\/uploads\/2025\/04\/lavorazioni-meccaniche-servizi-errebi-group-hero-section.webp","type":"image\/webp"}],"twitter_card":"summary_large_image","twitter_misc":{"Dur\u00e9e de lecture estim\u00e9e":"5 minutes"},"schema":{"@context":"https:\/\/schema.org","@graph":[{"@type":"WebPage","@id":"https:\/\/www.errebi-group.com\/fr\/fabrications-mecaniques","url":"https:\/\/www.errebi-group.com\/fr\/fabrications-mecaniques","name":"Fabrication m\u00e9canique, d\u00e9coupe laser, fraisage et moulage sous pression","isPartOf":{"@id":"https:\/\/www.errebi-group.com\/fr#website"},"primaryImageOfPage":{"@id":"https:\/\/www.errebi-group.com\/fr\/fabrications-mecaniques#primaryimage"},"image":{"@id":"https:\/\/www.errebi-group.com\/fr\/fabrications-mecaniques#primaryimage"},"thumbnailUrl":"https:\/\/www.errebi-group.com\/wp-content\/uploads\/2025\/04\/lavorazioni-meccaniche-servizi-errebi-group-hero-section.webp","datePublished":"2025-04-28T10:06:53+00:00","dateModified":"2025-07-02T07:54:02+00:00","description":"La capacit\u00e9 de nos experts \u00e0 identifier les besoins sp\u00e9cifiques du client et \u00e0 appliquer le c\u00e2blage le mieux adapt\u00e9 \u00e0 la situation, va de pair avec notre capacit\u00e9 de cr\u00e9er directement dans nos...","breadcrumb":{"@id":"https:\/\/www.errebi-group.com\/fr\/fabrications-mecaniques#breadcrumb"},"inLanguage":"fr-FR","potentialAction":[{"@type":"ReadAction","target":["https:\/\/www.errebi-group.com\/fr\/fabrications-mecaniques"]}]},{"@type":"ImageObject","inLanguage":"fr-FR","@id":"https:\/\/www.errebi-group.com\/fr\/fabrications-mecaniques#primaryimage","url":"https:\/\/www.errebi-group.com\/wp-content\/uploads\/2025\/04\/lavorazioni-meccaniche-servizi-errebi-group-hero-section.webp","contentUrl":"https:\/\/www.errebi-group.com\/wp-content\/uploads\/2025\/04\/lavorazioni-meccaniche-servizi-errebi-group-hero-section.webp","width":1920,"height":1080,"caption":"Machine de d\u00e9coupe laser en fonctionnement lors d\u2019un usinage m\u00e9canique de pr\u00e9cision"},{"@type":"BreadcrumbList","@id":"https:\/\/www.errebi-group.com\/fr\/fabrications-mecaniques#breadcrumb","itemListElement":[{"@type":"ListItem","position":1,"name":"Home","item":"https:\/\/www.errebi-group.com\/fr"},{"@type":"ListItem","position":2,"name":"Fabrications m\u00e9caniques"}]},{"@type":"WebSite","@id":"https:\/\/www.errebi-group.com\/fr#website","url":"https:\/\/www.errebi-group.com\/fr","name":"Errebi Group - Azienda produttrice di Cablaggi e Quadri Elettrici","description":"Azienda produttrice di Cablaggi e Quadri Elettrici","publisher":{"@id":"https:\/\/www.errebi-group.com\/fr#organization"},"potentialAction":[{"@type":"SearchAction","target":{"@type":"EntryPoint","urlTemplate":"https:\/\/www.errebi-group.com\/fr?s={search_term_string}"},"query-input":{"@type":"PropertyValueSpecification","valueRequired":true,"valueName":"search_term_string"}}],"inLanguage":"fr-FR"},{"@type":"Organization","@id":"https:\/\/www.errebi-group.com\/fr#organization","name":"Errebi Group","url":"https:\/\/www.errebi-group.com\/fr","logo":{"@type":"ImageObject","inLanguage":"fr-FR","@id":"https:\/\/www.errebi-group.com\/fr#\/schema\/logo\/image\/","url":"https:\/\/www.errebi-group.com\/wp-content\/uploads\/2025\/04\/logo-errebi-group-payoff-white-website.png","contentUrl":"https:\/\/www.errebi-group.com\/wp-content\/uploads\/2025\/04\/logo-errebi-group-payoff-white-website.png","width":610,"height":100,"caption":"Errebi Group"},"image":{"@id":"https:\/\/www.errebi-group.com\/fr#\/schema\/logo\/image\/"},"sameAs":["https:\/\/www.facebook.com\/errebigroupsrl","https:\/\/www.instagram.com\/errebi.group?igsh=cGNzN3FpcDFqNm1i","https:\/\/www.linkedin.com\/company\/errebigroup\/?originalSubdomain=it","https:\/\/www.youtube.com\/@errebigroup"]}]}},"_links":{"self":[{"href":"https:\/\/www.errebi-group.com\/fr\/wp-json\/wp\/v2\/pages\/1895","targetHints":{"allow":["GET"]}}],"collection":[{"href":"https:\/\/www.errebi-group.com\/fr\/wp-json\/wp\/v2\/pages"}],"about":[{"href":"https:\/\/www.errebi-group.com\/fr\/wp-json\/wp\/v2\/types\/page"}],"author":[{"embeddable":true,"href":"https:\/\/www.errebi-group.com\/fr\/wp-json\/wp\/v2\/users\/1"}],"replies":[{"embeddable":true,"href":"https:\/\/www.errebi-group.com\/fr\/wp-json\/wp\/v2\/comments?post=1895"}],"version-history":[{"count":1,"href":"https:\/\/www.errebi-group.com\/fr\/wp-json\/wp\/v2\/pages\/1895\/revisions"}],"predecessor-version":[{"id":2196,"href":"https:\/\/www.errebi-group.com\/fr\/wp-json\/wp\/v2\/pages\/1895\/revisions\/2196"}],"wp:featuredmedia":[{"embeddable":true,"href":"https:\/\/www.errebi-group.com\/fr\/wp-json\/wp\/v2\/media\/1731"}],"wp:attachment":[{"href":"https:\/\/www.errebi-group.com\/fr\/wp-json\/wp\/v2\/media?parent=1895"}],"curies":[{"name":"wp","href":"https:\/\/api.w.org\/{rel}","templated":true}]}}