{"id":1907,"date":"2025-04-28T14:04:54","date_gmt":"2025-04-28T14:04:54","guid":{"rendered":"https:\/\/www.errebi-group.com\/cablages-et-composants-electriques-pour-lindustrie-automobile\/"},"modified":"2025-09-29T13:51:57","modified_gmt":"2025-09-29T13:51:57","slug":"automobile","status":"publish","type":"page","link":"https:\/\/www.errebi-group.com\/fr\/automobile","title":{"rendered":"C\u00e2blages et composants \u00e9lectriques pour l\u2019industrie automobile"},"content":{"rendered":"<p>Dans le <strong>secteur automobile<\/strong>, l\u2019objectif principal en mati\u00e8re de c\u00e2blages consiste \u00e0 <strong>minimiser le co\u00fbt des composants<\/strong> mais en m\u00eame temps \u00e0 pr\u00e9server une tr\u00e8s <strong>haute fiabilit\u00e9 du produit<\/strong> en visant \u00e0 d\u00e9velopper les assemblages rapides et en faisant en sorte que leurs performances soient align\u00e9es avec celles du v\u00e9hicule.<\/p>\n<p>Pour parvenir \u00e0 ces objectifs, de <strong>grandes comp\u00e9tences<\/strong> sont n\u00e9cessaires dans le domaine du d\u00e9veloppement, de la conception et de l\u2019installation des composants sp\u00e9cifiques \u00e0 ce secteur, une caract\u00e9ristique qui distingue de mani\u00e8re particuli\u00e8re notre personnel intervenant dans ce domaine : il ne suffit pas de savoir g\u00e9rer exclusivement les probl\u00e8mes de c\u00e2blage, mais il est n\u00e9cessaire de <strong>rester concentr\u00e9 sur le tableau g\u00e9n\u00e9ral<\/strong>, de comprendre en d\u00e9tail l\u2019ensemble du paysage automobile et de trouver les solutions adapt\u00e9es \u00e0 chaque question qui pourra \u00e9merger.<\/p>\n<div style=\"height: 48px;\"><\/div>\n<h2>Caract\u00e9ristiques du secteur automobile<\/h2>\n<p>Les composants utilis\u00e9s pour les <strong>c\u00e2blages du secteur automobile<\/strong> doivent obligatoirement respecter la norme <strong>ISO 6277<\/strong>, ils <strong>doivent r\u00e9sister aux vibrations, aux glissements, aux agents atmosph\u00e9riques<\/strong> et lorsque requis, ils doivent avoir un indice de <strong>protection IP68<\/strong>.<\/p>\n<p>pour cette raison, la <strong>s\u00e9lection des mat\u00e9riaux est essentielle <\/strong>si l\u2019on veut atteindre les objectifs fix\u00e9s tout en permettant une bonne performance et une bonne r\u00e9sistance mais \u00e9galement la simplicit\u00e9 d\u2019installation.<\/p>\n<p>L\u2019on pourra citer en exemple la qualit\u00e9 de la <strong>gaine thermor\u00e9tractable<\/strong> utilis\u00e9e, qui est en mesure de prot\u00e9ger les connexions contre l\u2019humidit\u00e9 et la corrosion, tout en r\u00e9sistant aux huiles et aux fluides ; cela vaut \u00e9galement pour les <strong>gaines tress\u00e9es<\/strong> ou les <strong>tubes ondul\u00e9s<\/strong> utilis\u00e9s pour prot\u00e9ger les parties les plus fragiles, et qui, gr\u00e2ce \u00e0 leur \u00e9lasticit\u00e9 et r\u00e9sistance, s\u2019av\u00e8rent \u00eatre une protection exceptionnelle contre les abrasions.<\/p>\n<div style=\"height: 48px;\"><\/div>\n<h2>Conception personnalis\u00e9e<\/h2>\n<p>Pour le <strong>secteur automobile<\/strong> comme pour tous nos secteurs d\u2019intervention, nous fournissons un <strong>service de <a href=\"https:\/\/www.errebi-group.com\/it\/progettazione-cablaggi\">conception personnalis\u00e9e de c\u00e2blages<\/a> et d\u2019<a href=\"https:\/\/www.errebi-group.com\/it\/assemblaggi-elettromeccanici\">assemblages<\/a><\/strong>, et essayons de r\u00e9pondre aux exigences des clients et d\u2019adapter autant que possible notre travail \u00e0 la fonction requise.<\/p>\n<p>Pour concevoir puis <a href=\"https:\/\/www.errebi-group.com\/it\/produzione-cablaggi-elettrici\">r\u00e9aliser un c\u00e2blage<\/a> qui s\u2019adapte au besoin indiqu\u00e9 par l\u2019acheteur, nos techniciens effectuent une <strong>visite<\/strong> afin de comprendre avec pr\u00e9cision l\u2019\u00e9quipement \u00e0 c\u00e2bler, les emplacements o\u00f9 celui-ci fonctionne et l\u2019\u00e9ventuel besoin d\u2019une <strong>structure de soutien<\/strong>, pour ensuite identifier le produit sp\u00e9cifique \u00e0 installer.<\/p>\n<p>Cette proc\u00e9dure acc\u00e9l\u00e8re sans aucun doute le processus de production, permettant au client de b\u00e9n\u00e9ficier d\u2019un service parfaitement conforme \u00e0 ses demandes et de parvenir \u00e0 r\u00e9duire en cons\u00e9quence tant les <strong>d\u00e9lais<\/strong> que les <strong>co\u00fbts<\/strong> de mise en \u0153uvre.<\/p>\n<div style=\"height: 48px;\"><\/div>\n<h2>Conseils sp\u00e9cifiques<\/h2>\n<p>Dans un <strong>secteur comme celui automobile<\/strong>, il est souvent compliqu\u00e9 de r\u00e9ussir \u00e0 comprendre de mani\u00e8re autonome quel peut \u00eatre le type de c\u00e2blage id\u00e9al pour l\u2019\u00e9quipement ou pour la fonction dont on a besoin, et encore plus si le produit demand\u00e9 est un <strong>assemblage particuli\u00e8rement complex<\/strong>e.<\/p>\n<p>Pour rem\u00e9dier \u00e0 ce type de probl\u00e9matique, nos experts mettent quotidiennement \u00e0 la disposition des clients leurs connaissances et fournissent les conseils n\u00e9cessaires \u00e0 l\u2019<strong>identification du bon produit <\/strong>pour la fonction sp\u00e9cifique et pour \u00e9ventuellement conseiller la <strong>structure la plus appropri\u00e9e<\/strong> pour soutenir son application.<\/p>\n<p>L\u2019objectif est clairement de <strong>comprendre la situation<\/strong> dans les plus brefs d\u00e9lais et de trouver pour chaque interrogation la solution la plus efficace qui puisse <strong>garantir au client un service satisfaisant en mesure d\u2019optimiser par ailleurs<\/strong> le rapport <strong>qualit\u00e9-prix<\/strong>.<\/p>\n<div style=\"height: 48px;\"><\/div>\n<h2>Assistance cibl\u00e9e<\/h2>\n<p>Le <strong>service d\u2019assistance<\/strong> est actif pour tous les secteurs d\u2019intervention et par cons\u00e9quent \u00e9galement pour celui de l\u2019<strong>automobile<\/strong>. Nos techniciens apportent une <strong><a href=\"https:\/\/www.errebi-group.com\/it\/consulenza\">assistance sp\u00e9cifique<\/a> pour tous les c\u00e2blages<\/strong> et assemblages install\u00e9s, analysant dans chaque cas la probl\u00e9matique et intervenant de mani\u00e8re cibl\u00e9e apr\u00e8s avoir identifi\u00e9 le dysfonctionnement. Les interventions peuvent porter sur l\u2019<strong>assemblage dans sa globalit\u00e9<\/strong> ou un <strong>unique c\u00e2ble<\/strong> qui peut \u00eatre identifi\u00e9 et remplac\u00e9 en temps utile afin de permettre \u00e0 l\u2019\u00e9quipement de redevenir op\u00e9rationnel le plus rapidement possible. Les comp\u00e9tences de nos experts concernent tous les secteurs couverts par notre entreprise, ce qui leur permet de comprendre le probl\u00e8me dans son ensemble, mais \u00e9galement de saisir chaque d\u00e9tail sp\u00e9cifique au domaine en question.<\/p>\n","protected":false},"excerpt":{"rendered":"<p>Dans le secteur automobile, l\u2019objectif principal en mati\u00e8re de c\u00e2blages consiste \u00e0 minimiser le co\u00fbt des composants mais en m\u00eame temps \u00e0 pr\u00e9server une tr\u00e8s haute fiabilit\u00e9 du produit en visant \u00e0 d\u00e9velopper les assemblages rapides et en faisant en sorte que leurs performances soient align\u00e9es avec celles du v\u00e9hicule. Pour parvenir \u00e0 ces objectifs, [&hellip;]<\/p>\n","protected":false},"author":1,"featured_media":1655,"parent":0,"menu_order":0,"comment_status":"closed","ping_status":"closed","template":"","meta":{"footnotes":""},"class_list":["post-1907","page","type-page","status-publish","has-post-thumbnail","hentry"],"yoast_head":"<!-- This site is optimized with the Yoast SEO plugin v27.4 - https:\/\/yoast.com\/product\/yoast-seo-wordpress\/ -->\n<title>C\u00e2blages pour l\u2019automobile, c\u00e2bles et composants \u00e9lectriques<\/title>\n<meta name=\"description\" content=\"Dans le secteur automobile, l\u2019objectif principal en mati\u00e8re de c\u00e2blages consiste \u00e0 minimiser le co\u00fbt des composants mais en m\u00eame temps \u00e0 pr\u00e9server une tr\u00e8s haute fiabilit\u00e9 du produit en visant \u00e0...\" \/>\n<meta name=\"robots\" content=\"index, follow, max-snippet:-1, max-image-preview:large, max-video-preview:-1\" \/>\n<link rel=\"canonical\" href=\"https:\/\/www.errebi-group.com\/fr\/automobile\" \/>\n<meta property=\"og:locale\" content=\"fr_FR\" \/>\n<meta property=\"og:type\" content=\"article\" \/>\n<meta property=\"og:title\" content=\"C\u00e2blages pour l\u2019automobile, c\u00e2bles et composants \u00e9lectriques\" \/>\n<meta property=\"og:description\" content=\"Dans le secteur automobile, l\u2019objectif principal en mati\u00e8re de c\u00e2blages consiste \u00e0 minimiser le co\u00fbt des composants mais en m\u00eame temps \u00e0 pr\u00e9server une tr\u00e8s haute fiabilit\u00e9 du produit en visant \u00e0...\" \/>\n<meta property=\"og:url\" content=\"https:\/\/www.errebi-group.com\/fr\/automobile\" \/>\n<meta property=\"og:site_name\" content=\"ErreBi Group\" \/>\n<meta property=\"article:publisher\" content=\"https:\/\/www.facebook.com\/errebigroupsrl\" \/>\n<meta property=\"article:modified_time\" content=\"2025-09-29T13:51:57+00:00\" \/>\n<meta property=\"og:image\" content=\"https:\/\/www.errebi-group.com\/wp-content\/uploads\/2025\/04\/automotive-campo-di-impiego-errebi-group-hero-section.webp\" \/>\n\t<meta property=\"og:image:width\" content=\"1920\" \/>\n\t<meta property=\"og:image:height\" content=\"1080\" \/>\n\t<meta property=\"og:image:type\" content=\"image\/webp\" \/>\n<meta name=\"twitter:card\" content=\"summary_large_image\" \/>\n<meta name=\"twitter:label1\" content=\"Dur\u00e9e de lecture estim\u00e9e\" \/>\n\t<meta name=\"twitter:data1\" content=\"4 minutes\" \/>\n<script type=\"application\/ld+json\" class=\"yoast-schema-graph\">{\"@context\":\"https:\\\/\\\/schema.org\",\"@graph\":[{\"@type\":\"WebPage\",\"@id\":\"https:\\\/\\\/www.errebi-group.com\\\/fr\\\/automobile\",\"url\":\"https:\\\/\\\/www.errebi-group.com\\\/fr\\\/automobile\",\"name\":\"C\u00e2blages pour l\u2019automobile, c\u00e2bles et composants \u00e9lectriques\",\"isPartOf\":{\"@id\":\"https:\\\/\\\/www.errebi-group.com\\\/fr#website\"},\"primaryImageOfPage\":{\"@id\":\"https:\\\/\\\/www.errebi-group.com\\\/fr\\\/automobile#primaryimage\"},\"image\":{\"@id\":\"https:\\\/\\\/www.errebi-group.com\\\/fr\\\/automobile#primaryimage\"},\"thumbnailUrl\":\"https:\\\/\\\/www.errebi-group.com\\\/wp-content\\\/uploads\\\/2025\\\/04\\\/automotive-campo-di-impiego-errebi-group-hero-section.webp\",\"datePublished\":\"2025-04-28T14:04:54+00:00\",\"dateModified\":\"2025-09-29T13:51:57+00:00\",\"description\":\"Dans le secteur automobile, l\u2019objectif principal en mati\u00e8re de c\u00e2blages consiste \u00e0 minimiser le co\u00fbt des composants mais en m\u00eame temps \u00e0 pr\u00e9server une tr\u00e8s haute fiabilit\u00e9 du produit en visant \u00e0...\",\"breadcrumb\":{\"@id\":\"https:\\\/\\\/www.errebi-group.com\\\/fr\\\/automobile#breadcrumb\"},\"inLanguage\":\"fr-FR\",\"potentialAction\":[{\"@type\":\"ReadAction\",\"target\":[\"https:\\\/\\\/www.errebi-group.com\\\/fr\\\/automobile\"]}]},{\"@type\":\"ImageObject\",\"inLanguage\":\"fr-FR\",\"@id\":\"https:\\\/\\\/www.errebi-group.com\\\/fr\\\/automobile#primaryimage\",\"url\":\"https:\\\/\\\/www.errebi-group.com\\\/wp-content\\\/uploads\\\/2025\\\/04\\\/automotive-campo-di-impiego-errebi-group-hero-section.webp\",\"contentUrl\":\"https:\\\/\\\/www.errebi-group.com\\\/wp-content\\\/uploads\\\/2025\\\/04\\\/automotive-campo-di-impiego-errebi-group-hero-section.webp\",\"width\":1920,\"height\":1080,\"caption\":\"Technicien travaillant sur le syst\u00e8me \u00e9lectrique automobile \u00e0 l\u2019int\u00e9rieur du compartiment moteur d\u2019un v\u00e9hicule\"},{\"@type\":\"BreadcrumbList\",\"@id\":\"https:\\\/\\\/www.errebi-group.com\\\/fr\\\/automobile#breadcrumb\",\"itemListElement\":[{\"@type\":\"ListItem\",\"position\":1,\"name\":\"Home\",\"item\":\"https:\\\/\\\/www.errebi-group.com\\\/fr\"},{\"@type\":\"ListItem\",\"position\":2,\"name\":\"C\u00e2blages et composants \u00e9lectriques pour l\u2019industrie automobile\"}]},{\"@type\":\"WebSite\",\"@id\":\"https:\\\/\\\/www.errebi-group.com\\\/fr#website\",\"url\":\"https:\\\/\\\/www.errebi-group.com\\\/fr\",\"name\":\"Errebi Group - Azienda produttrice di Cablaggi e Quadri Elettrici\",\"description\":\"Azienda produttrice di Cablaggi e Quadri Elettrici\",\"publisher\":{\"@id\":\"https:\\\/\\\/www.errebi-group.com\\\/fr#organization\"},\"potentialAction\":[{\"@type\":\"SearchAction\",\"target\":{\"@type\":\"EntryPoint\",\"urlTemplate\":\"https:\\\/\\\/www.errebi-group.com\\\/fr?s={search_term_string}\"},\"query-input\":{\"@type\":\"PropertyValueSpecification\",\"valueRequired\":true,\"valueName\":\"search_term_string\"}}],\"inLanguage\":\"fr-FR\"},{\"@type\":\"Organization\",\"@id\":\"https:\\\/\\\/www.errebi-group.com\\\/fr#organization\",\"name\":\"Errebi Group\",\"url\":\"https:\\\/\\\/www.errebi-group.com\\\/fr\",\"logo\":{\"@type\":\"ImageObject\",\"inLanguage\":\"fr-FR\",\"@id\":\"https:\\\/\\\/www.errebi-group.com\\\/fr#\\\/schema\\\/logo\\\/image\\\/\",\"url\":\"https:\\\/\\\/www.errebi-group.com\\\/wp-content\\\/uploads\\\/2025\\\/04\\\/logo-errebi-group-payoff-white-website.png\",\"contentUrl\":\"https:\\\/\\\/www.errebi-group.com\\\/wp-content\\\/uploads\\\/2025\\\/04\\\/logo-errebi-group-payoff-white-website.png\",\"width\":610,\"height\":100,\"caption\":\"Errebi Group\"},\"image\":{\"@id\":\"https:\\\/\\\/www.errebi-group.com\\\/fr#\\\/schema\\\/logo\\\/image\\\/\"},\"sameAs\":[\"https:\\\/\\\/www.facebook.com\\\/errebigroupsrl\",\"https:\\\/\\\/www.instagram.com\\\/errebi.group?igsh=cGNzN3FpcDFqNm1i\",\"https:\\\/\\\/www.linkedin.com\\\/company\\\/errebigroup\\\/?originalSubdomain=it\",\"https:\\\/\\\/www.youtube.com\\\/@errebigroup\"]}]}<\/script>\n<!-- \/ Yoast SEO plugin. -->","yoast_head_json":{"title":"C\u00e2blages pour l\u2019automobile, c\u00e2bles et composants \u00e9lectriques","description":"Dans le secteur automobile, l\u2019objectif principal en mati\u00e8re de c\u00e2blages consiste \u00e0 minimiser le co\u00fbt des composants mais en m\u00eame temps \u00e0 pr\u00e9server une tr\u00e8s haute fiabilit\u00e9 du produit en visant \u00e0...","robots":{"index":"index","follow":"follow","max-snippet":"max-snippet:-1","max-image-preview":"max-image-preview:large","max-video-preview":"max-video-preview:-1"},"canonical":"https:\/\/www.errebi-group.com\/fr\/automobile","og_locale":"fr_FR","og_type":"article","og_title":"C\u00e2blages pour l\u2019automobile, c\u00e2bles et composants \u00e9lectriques","og_description":"Dans le secteur automobile, l\u2019objectif principal en mati\u00e8re de c\u00e2blages consiste \u00e0 minimiser le co\u00fbt des composants mais en m\u00eame temps \u00e0 pr\u00e9server une tr\u00e8s haute fiabilit\u00e9 du produit en visant \u00e0...","og_url":"https:\/\/www.errebi-group.com\/fr\/automobile","og_site_name":"ErreBi Group","article_publisher":"https:\/\/www.facebook.com\/errebigroupsrl","article_modified_time":"2025-09-29T13:51:57+00:00","og_image":[{"width":1920,"height":1080,"url":"https:\/\/www.errebi-group.com\/wp-content\/uploads\/2025\/04\/automotive-campo-di-impiego-errebi-group-hero-section.webp","type":"image\/webp"}],"twitter_card":"summary_large_image","twitter_misc":{"Dur\u00e9e de lecture estim\u00e9e":"4 minutes"},"schema":{"@context":"https:\/\/schema.org","@graph":[{"@type":"WebPage","@id":"https:\/\/www.errebi-group.com\/fr\/automobile","url":"https:\/\/www.errebi-group.com\/fr\/automobile","name":"C\u00e2blages pour l\u2019automobile, c\u00e2bles et composants \u00e9lectriques","isPartOf":{"@id":"https:\/\/www.errebi-group.com\/fr#website"},"primaryImageOfPage":{"@id":"https:\/\/www.errebi-group.com\/fr\/automobile#primaryimage"},"image":{"@id":"https:\/\/www.errebi-group.com\/fr\/automobile#primaryimage"},"thumbnailUrl":"https:\/\/www.errebi-group.com\/wp-content\/uploads\/2025\/04\/automotive-campo-di-impiego-errebi-group-hero-section.webp","datePublished":"2025-04-28T14:04:54+00:00","dateModified":"2025-09-29T13:51:57+00:00","description":"Dans le secteur automobile, l\u2019objectif principal en mati\u00e8re de c\u00e2blages consiste \u00e0 minimiser le co\u00fbt des composants mais en m\u00eame temps \u00e0 pr\u00e9server une tr\u00e8s haute fiabilit\u00e9 du produit en visant \u00e0...","breadcrumb":{"@id":"https:\/\/www.errebi-group.com\/fr\/automobile#breadcrumb"},"inLanguage":"fr-FR","potentialAction":[{"@type":"ReadAction","target":["https:\/\/www.errebi-group.com\/fr\/automobile"]}]},{"@type":"ImageObject","inLanguage":"fr-FR","@id":"https:\/\/www.errebi-group.com\/fr\/automobile#primaryimage","url":"https:\/\/www.errebi-group.com\/wp-content\/uploads\/2025\/04\/automotive-campo-di-impiego-errebi-group-hero-section.webp","contentUrl":"https:\/\/www.errebi-group.com\/wp-content\/uploads\/2025\/04\/automotive-campo-di-impiego-errebi-group-hero-section.webp","width":1920,"height":1080,"caption":"Technicien travaillant sur le syst\u00e8me \u00e9lectrique automobile \u00e0 l\u2019int\u00e9rieur du compartiment moteur d\u2019un v\u00e9hicule"},{"@type":"BreadcrumbList","@id":"https:\/\/www.errebi-group.com\/fr\/automobile#breadcrumb","itemListElement":[{"@type":"ListItem","position":1,"name":"Home","item":"https:\/\/www.errebi-group.com\/fr"},{"@type":"ListItem","position":2,"name":"C\u00e2blages et composants \u00e9lectriques pour l\u2019industrie automobile"}]},{"@type":"WebSite","@id":"https:\/\/www.errebi-group.com\/fr#website","url":"https:\/\/www.errebi-group.com\/fr","name":"Errebi Group - Azienda produttrice di Cablaggi e Quadri Elettrici","description":"Azienda produttrice di Cablaggi e Quadri Elettrici","publisher":{"@id":"https:\/\/www.errebi-group.com\/fr#organization"},"potentialAction":[{"@type":"SearchAction","target":{"@type":"EntryPoint","urlTemplate":"https:\/\/www.errebi-group.com\/fr?s={search_term_string}"},"query-input":{"@type":"PropertyValueSpecification","valueRequired":true,"valueName":"search_term_string"}}],"inLanguage":"fr-FR"},{"@type":"Organization","@id":"https:\/\/www.errebi-group.com\/fr#organization","name":"Errebi Group","url":"https:\/\/www.errebi-group.com\/fr","logo":{"@type":"ImageObject","inLanguage":"fr-FR","@id":"https:\/\/www.errebi-group.com\/fr#\/schema\/logo\/image\/","url":"https:\/\/www.errebi-group.com\/wp-content\/uploads\/2025\/04\/logo-errebi-group-payoff-white-website.png","contentUrl":"https:\/\/www.errebi-group.com\/wp-content\/uploads\/2025\/04\/logo-errebi-group-payoff-white-website.png","width":610,"height":100,"caption":"Errebi Group"},"image":{"@id":"https:\/\/www.errebi-group.com\/fr#\/schema\/logo\/image\/"},"sameAs":["https:\/\/www.facebook.com\/errebigroupsrl","https:\/\/www.instagram.com\/errebi.group?igsh=cGNzN3FpcDFqNm1i","https:\/\/www.linkedin.com\/company\/errebigroup\/?originalSubdomain=it","https:\/\/www.youtube.com\/@errebigroup"]}]}},"_links":{"self":[{"href":"https:\/\/www.errebi-group.com\/fr\/wp-json\/wp\/v2\/pages\/1907","targetHints":{"allow":["GET"]}}],"collection":[{"href":"https:\/\/www.errebi-group.com\/fr\/wp-json\/wp\/v2\/pages"}],"about":[{"href":"https:\/\/www.errebi-group.com\/fr\/wp-json\/wp\/v2\/types\/page"}],"author":[{"embeddable":true,"href":"https:\/\/www.errebi-group.com\/fr\/wp-json\/wp\/v2\/users\/1"}],"replies":[{"embeddable":true,"href":"https:\/\/www.errebi-group.com\/fr\/wp-json\/wp\/v2\/comments?post=1907"}],"version-history":[{"count":3,"href":"https:\/\/www.errebi-group.com\/fr\/wp-json\/wp\/v2\/pages\/1907\/revisions"}],"predecessor-version":[{"id":2407,"href":"https:\/\/www.errebi-group.com\/fr\/wp-json\/wp\/v2\/pages\/1907\/revisions\/2407"}],"wp:featuredmedia":[{"embeddable":true,"href":"https:\/\/www.errebi-group.com\/fr\/wp-json\/wp\/v2\/media\/1655"}],"wp:attachment":[{"href":"https:\/\/www.errebi-group.com\/fr\/wp-json\/wp\/v2\/media?parent=1907"}],"curies":[{"name":"wp","href":"https:\/\/api.w.org\/{rel}","templated":true}]}}