{"id":1911,"date":"2025-04-28T10:14:48","date_gmt":"2025-04-28T10:14:48","guid":{"rendered":"https:\/\/www.errebi-group.com\/cablages-et-composants-electriques-pour-lindustrie-aerospatiale\/"},"modified":"2025-09-29T13:49:21","modified_gmt":"2025-09-29T13:49:21","slug":"aerospatiale","status":"publish","type":"page","link":"https:\/\/www.errebi-group.com\/fr\/aerospatiale","title":{"rendered":"C\u00e2blages et composants \u00e9lectriques pour l\u2019industrie a\u00e9rospatiale"},"content":{"rendered":"<p><strong>Le secteur a\u00e9rospatial <\/strong>est l\u2019un des plus complexes et des plus sp\u00e9cifiques parmi ceux o\u00f9 notre entreprise intervient : des <strong>connaissances approfondies des mati\u00e8res premi\u00e8res<\/strong> servant \u00e0 <strong>la <a href=\"https:\/\/www.errebi-group.com\/it\/produzione-cablaggi-elettrici\">production des c\u00e2blages<\/a> de ce secteur sont n\u00e9cessaires<\/strong>, comme l\u2019est bien plus encore<strong> la connaissance du processus de production et du contr\u00f4le d\u2019acceptation du produit<\/strong>, avec la n\u00e9cessit\u00e9 de cr\u00e9er des c\u00e2blages et assemblages r\u00e9sistant \u00e0 diff\u00e9rentes temp\u00e9ratures et conditions m\u00e9caniques et \u00e9lectriques.<\/p>\n<p><strong>Les c\u00e2blages \u00e0 installer changent souvent d\u2019un avion \u00e0 un autre<\/strong>. Pour cette raison, <strong>nos services sont g\u00e9n\u00e9ralement tr\u00e8s personnalis\u00e9s et adaptables \u00e0 chaque exigence<\/strong>.<\/p>\n<p><strong>Une formation approfondie de notre \u00e9quipe est donc implicite<\/strong> si l\u2019on veut pouvoir intervenir de mani\u00e8re cibl\u00e9e et efficace.<\/p>\n<div style=\"height: 48px;\"><\/div>\n<h2>Caract\u00e9ristiques pour les composants du secteur a\u00e9rospatial<\/h2>\n<p><strong>Les composants utilisables pour les c\u00e2blages dans le secteur de l\u2019a\u00e9rospatiale<\/strong> doivent \u00eatre, comme <strong>pr\u00e9cis\u00e9, fiables et r\u00e9sistants<\/strong> pour pouvoir exercer leur fonction lors des \u00e9tapes de sollicitation extr\u00eame telles que le d\u00e9collage et l\u2019atterrissage.<\/p>\n<p><strong>Les \u00e9l\u00e9ments de fixation comme les colliers de serrage avec rivet et ancrage <\/strong>en sont un exemple : rapides \u00e0 installer et \u00e0 ins\u00e9rer, adaptables de plus \u00e0 diff\u00e9rentes tailles de c\u00e2bles. <strong>La protection des c\u00e2bles est essentielle aux moments les plus d\u00e9licats de chaque \u00e9tape du vol <\/strong>: pour cette raison, nous utilisons des <strong>gaines de protection tress\u00e9es en fibre m\u00e9ta-aramide non inflammable<\/strong>, particuli\u00e8rement r\u00e9sistantes aux rayonnements, fluides et abrasions, tout en restant extr\u00eamement \u00e9lastiques et flexibles.<\/p>\n<p>Nous avons par ailleurs diff\u00e9rentes <strong>solutions adapt\u00e9es au secteur pour l\u2019identification des c\u00e2bles<\/strong>, comme des marque-c\u00e2bles flexibles et de diff\u00e9rentes couleurs, \u00e0 appliquer sur chaque c\u00e2blage, ainsi que des technologies de <strong>marquage \u00e0 jet d\u2019encre et laser<\/strong>, tant pour les c\u00e2bles que pour les diff\u00e9rents \u00e9l\u00e9ments, afin de s\u2019en sortir avec le r\u00e9seau dense composant les assemblages a\u00e9rospatiaux complexes.<\/p>\n<div style=\"height: 48px;\"><\/div>\n<h2>Conception personnalis\u00e9e<\/h2>\n<p>Pour <strong>le secteur a\u00e9rospatial <\/strong>comme pour tous nos secteurs d\u2019intervention, nous fournissons un service de <strong>conception personnalis\u00e9e de c\u00e2blages et d\u2019assemblages<\/strong>, et essayons de r\u00e9pondre aux exigences des clients et d\u2019adapter autant que possible notre travail \u00e0 la fonction requise.<\/p>\n<p>Pour concevoir puis r\u00e9aliser un c\u00e2blage qui s\u2019adapte au besoin indiqu\u00e9 par l\u2019acheteur, <strong>nos techniciens effectuent une visite afin de comprendre avec pr\u00e9cision l\u2019\u00e9quipement \u00e0 c\u00e2bler<\/strong>, les emplacements o\u00f9 celui-ci fonctionne et l\u2019\u00e9ventuel besoin d\u2019une structure de soutien, <strong>pour ensuite identifier le produit sp\u00e9cifique \u00e0 installer<\/strong>.<\/p>\n<p>Cette proc\u00e9dure <strong>acc\u00e9l\u00e8re sans aucun doute le processus de production<\/strong>, permettant au client de b\u00e9n\u00e9ficier d\u2019<strong>un service parfaitement conforme \u00e0 ses demandes<\/strong> et de parvenir \u00e0 r\u00e9duire en cons\u00e9quence tant les d\u00e9lais que les co\u00fbts de mise en \u0153uvre.<\/p>\n<div style=\"height: 48px;\"><\/div>\n<h2>Conseils sp\u00e9cifiques<\/h2>\n<p>Dans un secteur comme celui a\u00e9rospatial, il est souvent compliqu\u00e9 de r\u00e9ussir \u00e0 comprendre de mani\u00e8re autonome quel peut \u00eatre <strong>le type de c\u00e2blage id\u00e9al pour l\u2019\u00e9quipement ou pour la fonction dont on a besoin<\/strong>, et encore plus si le produit demand\u00e9 est <strong>un assemblage particuli\u00e8rement complexe<\/strong>.<\/p>\n<p>Pour rem\u00e9dier \u00e0 ce type de probl\u00e9matique, nos experts mettent quotidiennement \u00e0 la disposition des clients <strong>leurs connaissances<\/strong> et fournissent les <strong>conseils n\u00e9cessaires \u00e0 l\u2019identification du bon produit pour la fonction sp\u00e9cifiqu<\/strong>e et pour \u00e9ventuellement conseiller<strong> la structure la plus appropri\u00e9e pour soutenir son application<\/strong>.<\/p>\n<p>L\u2019objectif est clairement de <strong>comprendre la situation dans les plus brefs d\u00e9lais<\/strong> et de trouver pour chaque interrogation l<strong>a solution la plus efficace<\/strong> qui puisse garantir au client <strong>un service satisfaisant en mesure d\u2019optimiser par ailleurs le rapport qualit\u00e9-prix<\/strong>.<\/p>\n<div style=\"height: 48px;\"><\/div>\n<h2>Assistance cibl\u00e9e<\/h2>\n<p>Le <strong>service d\u2019assistance<\/strong> est actif <strong>pour tous les secteurs d\u2019intervention<\/strong> et par cons\u00e9quent \u00e9galement pour celui a\u00e9rospatial. <strong>Nos techniciens apportent une assistance sp\u00e9cifique pour tous les c\u00e2blages et assemblages install\u00e9s<\/strong>, analysant dans chaque cas la probl\u00e9matique et intervenant de mani\u00e8re cibl\u00e9e apr\u00e8s avoir identifi\u00e9 le dysfonctionnement.<\/p>\n<p>Les interventions peuvent porter sur<strong> l\u2019assemblage dans sa globalit\u00e9 ou un unique c\u00e2ble<\/strong> qui peut \u00eatre identifi\u00e9 et remplac\u00e9 en temps utile afin de permettre \u00e0 l\u2019\u00e9quipement de redevenir op\u00e9rationnel le plus rapidement possible.<\/p>\n<p><strong>Les comp\u00e9tences de nos experts<\/strong> concernent tous les secteurs couverts par notre entreprise, ce qui leur permet de <strong>comprendre le probl\u00e8me dans son ensemble<\/strong>, mais \u00e9galement de <strong>saisir chaque d\u00e9tail sp\u00e9cifique au domaine en question.<\/strong><\/p>\n","protected":false},"excerpt":{"rendered":"<p>Le secteur a\u00e9rospatial est l\u2019un des plus complexes et des plus sp\u00e9cifiques parmi ceux o\u00f9 notre entreprise intervient : des connaissances approfondies des mati\u00e8res premi\u00e8res servant \u00e0 la production des c\u00e2blages de ce secteur sont n\u00e9cessaires, comme l\u2019est bien plus encore la connaissance du processus de production et du contr\u00f4le d\u2019acceptation du produit, avec la [&hellip;]<\/p>\n","protected":false},"author":1,"featured_media":1643,"parent":0,"menu_order":0,"comment_status":"closed","ping_status":"closed","template":"","meta":{"footnotes":""},"class_list":["post-1911","page","type-page","status-publish","has-post-thumbnail","hentry"],"yoast_head":"<!-- This site is optimized with the Yoast SEO plugin v27.4 - https:\/\/yoast.com\/product\/yoast-seo-wordpress\/ -->\n<title>C\u00e2blages pour le secteur de l\u2019a\u00e9rospatiale, c\u00e2bles et composants \u00e9lectriques<\/title>\n<meta name=\"description\" content=\"Le secteur a\u00e9rospatial est l\u2019un des plus complexes et des plus sp\u00e9cifiques parmi ceux o\u00f9 notre entreprise intervient : des connaissances approfondies des mati\u00e8res premi\u00e8res servant \u00e0 la production...\" \/>\n<meta name=\"robots\" content=\"index, follow, max-snippet:-1, max-image-preview:large, max-video-preview:-1\" \/>\n<link rel=\"canonical\" href=\"https:\/\/www.errebi-group.com\/fr\/aerospatiale\" \/>\n<meta property=\"og:locale\" content=\"fr_FR\" \/>\n<meta property=\"og:type\" content=\"article\" \/>\n<meta property=\"og:title\" content=\"C\u00e2blages pour le secteur de l\u2019a\u00e9rospatiale, c\u00e2bles et composants \u00e9lectriques\" \/>\n<meta property=\"og:description\" content=\"Le secteur a\u00e9rospatial est l\u2019un des plus complexes et des plus sp\u00e9cifiques parmi ceux o\u00f9 notre entreprise intervient : des connaissances approfondies des mati\u00e8res premi\u00e8res servant \u00e0 la production...\" \/>\n<meta property=\"og:url\" content=\"https:\/\/www.errebi-group.com\/fr\/aerospatiale\" \/>\n<meta property=\"og:site_name\" content=\"ErreBi Group\" \/>\n<meta property=\"article:publisher\" content=\"https:\/\/www.facebook.com\/errebigroupsrl\" \/>\n<meta property=\"article:modified_time\" content=\"2025-09-29T13:49:21+00:00\" \/>\n<meta property=\"og:image\" content=\"https:\/\/www.errebi-group.com\/wp-content\/uploads\/2025\/04\/aerospaziale-campo-di-impiego-errebi-group-hero-section.webp\" \/>\n\t<meta property=\"og:image:width\" content=\"1920\" \/>\n\t<meta property=\"og:image:height\" content=\"1080\" \/>\n\t<meta property=\"og:image:type\" content=\"image\/webp\" \/>\n<meta name=\"twitter:card\" content=\"summary_large_image\" \/>\n<meta name=\"twitter:label1\" content=\"Dur\u00e9e de lecture estim\u00e9e\" \/>\n\t<meta name=\"twitter:data1\" content=\"4 minutes\" \/>\n<script type=\"application\/ld+json\" class=\"yoast-schema-graph\">{\"@context\":\"https:\\\/\\\/schema.org\",\"@graph\":[{\"@type\":\"WebPage\",\"@id\":\"https:\\\/\\\/www.errebi-group.com\\\/fr\\\/aerospatiale\",\"url\":\"https:\\\/\\\/www.errebi-group.com\\\/fr\\\/aerospatiale\",\"name\":\"C\u00e2blages pour le secteur de l\u2019a\u00e9rospatiale, c\u00e2bles et composants \u00e9lectriques\",\"isPartOf\":{\"@id\":\"https:\\\/\\\/www.errebi-group.com\\\/fr#website\"},\"primaryImageOfPage\":{\"@id\":\"https:\\\/\\\/www.errebi-group.com\\\/fr\\\/aerospatiale#primaryimage\"},\"image\":{\"@id\":\"https:\\\/\\\/www.errebi-group.com\\\/fr\\\/aerospatiale#primaryimage\"},\"thumbnailUrl\":\"https:\\\/\\\/www.errebi-group.com\\\/wp-content\\\/uploads\\\/2025\\\/04\\\/aerospaziale-campo-di-impiego-errebi-group-hero-section.webp\",\"datePublished\":\"2025-04-28T10:14:48+00:00\",\"dateModified\":\"2025-09-29T13:49:21+00:00\",\"description\":\"Le secteur a\u00e9rospatial est l\u2019un des plus complexes et des plus sp\u00e9cifiques parmi ceux o\u00f9 notre entreprise intervient : des connaissances approfondies des mati\u00e8res premi\u00e8res servant \u00e0 la production...\",\"breadcrumb\":{\"@id\":\"https:\\\/\\\/www.errebi-group.com\\\/fr\\\/aerospatiale#breadcrumb\"},\"inLanguage\":\"fr-FR\",\"potentialAction\":[{\"@type\":\"ReadAction\",\"target\":[\"https:\\\/\\\/www.errebi-group.com\\\/fr\\\/aerospatiale\"]}]},{\"@type\":\"ImageObject\",\"inLanguage\":\"fr-FR\",\"@id\":\"https:\\\/\\\/www.errebi-group.com\\\/fr\\\/aerospatiale#primaryimage\",\"url\":\"https:\\\/\\\/www.errebi-group.com\\\/wp-content\\\/uploads\\\/2025\\\/04\\\/aerospaziale-campo-di-impiego-errebi-group-hero-section.webp\",\"contentUrl\":\"https:\\\/\\\/www.errebi-group.com\\\/wp-content\\\/uploads\\\/2025\\\/04\\\/aerospaziale-campo-di-impiego-errebi-group-hero-section.webp\",\"width\":1920,\"height\":1080,\"caption\":\"D\u00e9tail technique d\u2019un moteur a\u00e9rospatial de haute pr\u00e9cision, application avanc\u00e9e dans l\u2019industrie a\u00e9rospatiale\"},{\"@type\":\"BreadcrumbList\",\"@id\":\"https:\\\/\\\/www.errebi-group.com\\\/fr\\\/aerospatiale#breadcrumb\",\"itemListElement\":[{\"@type\":\"ListItem\",\"position\":1,\"name\":\"Home\",\"item\":\"https:\\\/\\\/www.errebi-group.com\\\/fr\"},{\"@type\":\"ListItem\",\"position\":2,\"name\":\"C\u00e2blages et composants \u00e9lectriques pour l\u2019industrie a\u00e9rospatiale\"}]},{\"@type\":\"WebSite\",\"@id\":\"https:\\\/\\\/www.errebi-group.com\\\/fr#website\",\"url\":\"https:\\\/\\\/www.errebi-group.com\\\/fr\",\"name\":\"Errebi Group - Azienda produttrice di Cablaggi e Quadri Elettrici\",\"description\":\"Azienda produttrice di Cablaggi e Quadri Elettrici\",\"publisher\":{\"@id\":\"https:\\\/\\\/www.errebi-group.com\\\/fr#organization\"},\"potentialAction\":[{\"@type\":\"SearchAction\",\"target\":{\"@type\":\"EntryPoint\",\"urlTemplate\":\"https:\\\/\\\/www.errebi-group.com\\\/fr?s={search_term_string}\"},\"query-input\":{\"@type\":\"PropertyValueSpecification\",\"valueRequired\":true,\"valueName\":\"search_term_string\"}}],\"inLanguage\":\"fr-FR\"},{\"@type\":\"Organization\",\"@id\":\"https:\\\/\\\/www.errebi-group.com\\\/fr#organization\",\"name\":\"Errebi Group\",\"url\":\"https:\\\/\\\/www.errebi-group.com\\\/fr\",\"logo\":{\"@type\":\"ImageObject\",\"inLanguage\":\"fr-FR\",\"@id\":\"https:\\\/\\\/www.errebi-group.com\\\/fr#\\\/schema\\\/logo\\\/image\\\/\",\"url\":\"https:\\\/\\\/www.errebi-group.com\\\/wp-content\\\/uploads\\\/2025\\\/04\\\/logo-errebi-group-payoff-white-website.png\",\"contentUrl\":\"https:\\\/\\\/www.errebi-group.com\\\/wp-content\\\/uploads\\\/2025\\\/04\\\/logo-errebi-group-payoff-white-website.png\",\"width\":610,\"height\":100,\"caption\":\"Errebi Group\"},\"image\":{\"@id\":\"https:\\\/\\\/www.errebi-group.com\\\/fr#\\\/schema\\\/logo\\\/image\\\/\"},\"sameAs\":[\"https:\\\/\\\/www.facebook.com\\\/errebigroupsrl\",\"https:\\\/\\\/www.instagram.com\\\/errebi.group?igsh=cGNzN3FpcDFqNm1i\",\"https:\\\/\\\/www.linkedin.com\\\/company\\\/errebigroup\\\/?originalSubdomain=it\",\"https:\\\/\\\/www.youtube.com\\\/@errebigroup\"]}]}<\/script>\n<!-- \/ Yoast SEO plugin. -->","yoast_head_json":{"title":"C\u00e2blages pour le secteur de l\u2019a\u00e9rospatiale, c\u00e2bles et composants \u00e9lectriques","description":"Le secteur a\u00e9rospatial est l\u2019un des plus complexes et des plus sp\u00e9cifiques parmi ceux o\u00f9 notre entreprise intervient : des connaissances approfondies des mati\u00e8res premi\u00e8res servant \u00e0 la production...","robots":{"index":"index","follow":"follow","max-snippet":"max-snippet:-1","max-image-preview":"max-image-preview:large","max-video-preview":"max-video-preview:-1"},"canonical":"https:\/\/www.errebi-group.com\/fr\/aerospatiale","og_locale":"fr_FR","og_type":"article","og_title":"C\u00e2blages pour le secteur de l\u2019a\u00e9rospatiale, c\u00e2bles et composants \u00e9lectriques","og_description":"Le secteur a\u00e9rospatial est l\u2019un des plus complexes et des plus sp\u00e9cifiques parmi ceux o\u00f9 notre entreprise intervient : des connaissances approfondies des mati\u00e8res premi\u00e8res servant \u00e0 la production...","og_url":"https:\/\/www.errebi-group.com\/fr\/aerospatiale","og_site_name":"ErreBi Group","article_publisher":"https:\/\/www.facebook.com\/errebigroupsrl","article_modified_time":"2025-09-29T13:49:21+00:00","og_image":[{"width":1920,"height":1080,"url":"https:\/\/www.errebi-group.com\/wp-content\/uploads\/2025\/04\/aerospaziale-campo-di-impiego-errebi-group-hero-section.webp","type":"image\/webp"}],"twitter_card":"summary_large_image","twitter_misc":{"Dur\u00e9e de lecture estim\u00e9e":"4 minutes"},"schema":{"@context":"https:\/\/schema.org","@graph":[{"@type":"WebPage","@id":"https:\/\/www.errebi-group.com\/fr\/aerospatiale","url":"https:\/\/www.errebi-group.com\/fr\/aerospatiale","name":"C\u00e2blages pour le secteur de l\u2019a\u00e9rospatiale, c\u00e2bles et composants \u00e9lectriques","isPartOf":{"@id":"https:\/\/www.errebi-group.com\/fr#website"},"primaryImageOfPage":{"@id":"https:\/\/www.errebi-group.com\/fr\/aerospatiale#primaryimage"},"image":{"@id":"https:\/\/www.errebi-group.com\/fr\/aerospatiale#primaryimage"},"thumbnailUrl":"https:\/\/www.errebi-group.com\/wp-content\/uploads\/2025\/04\/aerospaziale-campo-di-impiego-errebi-group-hero-section.webp","datePublished":"2025-04-28T10:14:48+00:00","dateModified":"2025-09-29T13:49:21+00:00","description":"Le secteur a\u00e9rospatial est l\u2019un des plus complexes et des plus sp\u00e9cifiques parmi ceux o\u00f9 notre entreprise intervient : des connaissances approfondies des mati\u00e8res premi\u00e8res servant \u00e0 la production...","breadcrumb":{"@id":"https:\/\/www.errebi-group.com\/fr\/aerospatiale#breadcrumb"},"inLanguage":"fr-FR","potentialAction":[{"@type":"ReadAction","target":["https:\/\/www.errebi-group.com\/fr\/aerospatiale"]}]},{"@type":"ImageObject","inLanguage":"fr-FR","@id":"https:\/\/www.errebi-group.com\/fr\/aerospatiale#primaryimage","url":"https:\/\/www.errebi-group.com\/wp-content\/uploads\/2025\/04\/aerospaziale-campo-di-impiego-errebi-group-hero-section.webp","contentUrl":"https:\/\/www.errebi-group.com\/wp-content\/uploads\/2025\/04\/aerospaziale-campo-di-impiego-errebi-group-hero-section.webp","width":1920,"height":1080,"caption":"D\u00e9tail technique d\u2019un moteur a\u00e9rospatial de haute pr\u00e9cision, application avanc\u00e9e dans l\u2019industrie a\u00e9rospatiale"},{"@type":"BreadcrumbList","@id":"https:\/\/www.errebi-group.com\/fr\/aerospatiale#breadcrumb","itemListElement":[{"@type":"ListItem","position":1,"name":"Home","item":"https:\/\/www.errebi-group.com\/fr"},{"@type":"ListItem","position":2,"name":"C\u00e2blages et composants \u00e9lectriques pour l\u2019industrie a\u00e9rospatiale"}]},{"@type":"WebSite","@id":"https:\/\/www.errebi-group.com\/fr#website","url":"https:\/\/www.errebi-group.com\/fr","name":"Errebi Group - Azienda produttrice di Cablaggi e Quadri Elettrici","description":"Azienda produttrice di Cablaggi e Quadri Elettrici","publisher":{"@id":"https:\/\/www.errebi-group.com\/fr#organization"},"potentialAction":[{"@type":"SearchAction","target":{"@type":"EntryPoint","urlTemplate":"https:\/\/www.errebi-group.com\/fr?s={search_term_string}"},"query-input":{"@type":"PropertyValueSpecification","valueRequired":true,"valueName":"search_term_string"}}],"inLanguage":"fr-FR"},{"@type":"Organization","@id":"https:\/\/www.errebi-group.com\/fr#organization","name":"Errebi Group","url":"https:\/\/www.errebi-group.com\/fr","logo":{"@type":"ImageObject","inLanguage":"fr-FR","@id":"https:\/\/www.errebi-group.com\/fr#\/schema\/logo\/image\/","url":"https:\/\/www.errebi-group.com\/wp-content\/uploads\/2025\/04\/logo-errebi-group-payoff-white-website.png","contentUrl":"https:\/\/www.errebi-group.com\/wp-content\/uploads\/2025\/04\/logo-errebi-group-payoff-white-website.png","width":610,"height":100,"caption":"Errebi Group"},"image":{"@id":"https:\/\/www.errebi-group.com\/fr#\/schema\/logo\/image\/"},"sameAs":["https:\/\/www.facebook.com\/errebigroupsrl","https:\/\/www.instagram.com\/errebi.group?igsh=cGNzN3FpcDFqNm1i","https:\/\/www.linkedin.com\/company\/errebigroup\/?originalSubdomain=it","https:\/\/www.youtube.com\/@errebigroup"]}]}},"_links":{"self":[{"href":"https:\/\/www.errebi-group.com\/fr\/wp-json\/wp\/v2\/pages\/1911","targetHints":{"allow":["GET"]}}],"collection":[{"href":"https:\/\/www.errebi-group.com\/fr\/wp-json\/wp\/v2\/pages"}],"about":[{"href":"https:\/\/www.errebi-group.com\/fr\/wp-json\/wp\/v2\/types\/page"}],"author":[{"embeddable":true,"href":"https:\/\/www.errebi-group.com\/fr\/wp-json\/wp\/v2\/users\/1"}],"replies":[{"embeddable":true,"href":"https:\/\/www.errebi-group.com\/fr\/wp-json\/wp\/v2\/comments?post=1911"}],"version-history":[{"count":3,"href":"https:\/\/www.errebi-group.com\/fr\/wp-json\/wp\/v2\/pages\/1911\/revisions"}],"predecessor-version":[{"id":2403,"href":"https:\/\/www.errebi-group.com\/fr\/wp-json\/wp\/v2\/pages\/1911\/revisions\/2403"}],"wp:featuredmedia":[{"embeddable":true,"href":"https:\/\/www.errebi-group.com\/fr\/wp-json\/wp\/v2\/media\/1643"}],"wp:attachment":[{"href":"https:\/\/www.errebi-group.com\/fr\/wp-json\/wp\/v2\/media?parent=1911"}],"curies":[{"name":"wp","href":"https:\/\/api.w.org\/{rel}","templated":true}]}}