{"id":1922,"date":"2025-04-28T10:25:15","date_gmt":"2025-04-28T10:25:15","guid":{"rendered":"https:\/\/www.errebi-group.com\/cablages-et-composants-electriques-pour-vehicules-habitables-de-loisirs\/"},"modified":"2025-09-29T14:39:09","modified_gmt":"2025-09-29T14:39:09","slug":"vehicules-habitables","status":"publish","type":"page","link":"https:\/\/www.errebi-group.com\/fr\/vehicules-habitables","title":{"rendered":"C\u00e2blages et composants \u00e9lectriques pour v\u00e9hicules habitables de loisirs"},"content":{"rendered":"<p><strong>Le c\u00e2blage destin\u00e9 au secteur des v\u00e9hicules habitables<\/strong> de loisirs inclut tous <strong>les c\u00e2bles utiles au bon fonctionnement des camping-cars, caravanes et autres v\u00e9hicules dits \u00ab de loisirs \u00bb<\/strong>.<\/p>\n<p>l s\u2019agit d\u2019une branche tr\u00e8s particuli\u00e8re, <strong>en croissance constante et modernis\u00e9e<\/strong> en permanence ces derniers temps. En effet, les voyageurs qui choisissent <strong>des vacances sur quatre roues<\/strong> et qui ach\u00e8tent ou louent des v\u00e9hicules permettant d\u2019entreprendre des voyages plus ou moins importants sont de plus en plus nombreux.<\/p>\n<p><strong>Les c\u00e2blages pour ces camping-cars et caravanes<\/strong> repr\u00e9sentent donc un assortiment important et tr\u00e8s vari\u00e9 : il est question en effet tant des <strong>c\u00e2blages relatifs au <a href=\"https:\/\/www.errebi-group.com\/it\/automotive\">secteur automobile<\/a><\/strong> que des<strong><a href=\"https:\/\/www.errebi-group.com\/it\/settore-del-bianco\"> c\u00e2blages \u00e9troitement li\u00e9s aux appareils \u00e9lectrom\u00e9nagers <\/a>et aux capteurs embarqu\u00e9s<\/strong>. Il peut \u00eatre tr\u00e8s utile de les conna\u00eetre et de savoir comment ils fonctionnent afin d\u2019\u00e9viter les impr\u00e9vus et les difficult\u00e9s en cours de trajet et profiter sans se pr\u00e9occuper de chaque nouveau voyage.<\/p>\n<div style=\"height: 48px;\"><\/div>\n<h2>Caract\u00e9ristiques du secteur des v\u00e9hicules de loisirs<\/h2>\n<p>Comme mentionn\u00e9, <strong>les c\u00e2blages destin\u00e9s \u00e0 ces v\u00e9hicules <\/strong>de loisirs sont nombreux, <strong>leurs utilisations et finalit\u00e9s sont diverses<\/strong>. Parmi elles, nous pouvons clairement identifier les principales:<\/p>\n<ul>\n<li><strong>C\u00e2blages pour batteries<\/strong><\/li>\n<li><strong>C\u00e2blages pour l\u2019\u00e9clairage<\/strong> (feux du v\u00e9hicule et lumi\u00e8res int\u00e9rieures)<\/li>\n<li><strong>C\u00e2blages pour les accessoires et appareils \u00e9lectrom\u00e9nagers<\/strong> (t\u00e9l\u00e9viseur, r\u00e9frig\u00e9rateur, antivol, etc.)<\/li>\n<li><strong>C\u00e2blages li\u00e9s aux \u00e9l\u00e9ments additionnels <\/strong>(par exemple des panneaux solaires).<\/li>\n<\/ul>\n<p>Si l\u2019on ne poss\u00e8de pas les connaissances appropri\u00e9es pour choisir ou remplacer chaque type de c\u00e2blage, il est utile de pouvoir disposer de l\u2019assistance technique adapt\u00e9e et s\u2019assurer de n\u2019utiliser que du c\u00e2blage certifi\u00e9. <strong>\u00c0 cet effet, nous avons r\u00e9alis\u00e9 un catalogue complet<\/strong> et <strong>exhaustif assorti de sp\u00e9cifications techniques et informations suppl\u00e9mentaires<\/strong>.<\/p>\n<div style=\"height: 48px;\"><\/div>\n<h2>Conception personnalis\u00e9e<\/h2>\n<p>Pour <strong>le secteur des v\u00e9hicules habitables <\/strong>comme pour tous nos secteurs d\u2019intervention, nous fournissons un <strong><a href=\"https:\/\/www.errebi-group.com\/it\/progettazione-cablaggio\">service de conception personnalis\u00e9e <\/a>de c\u00e2blages et <a href=\"https:\/\/www.errebi-group.com\/it\/assemblaggi-elettromeccanici\">d\u2019assemblages<\/a><\/strong>, et essayons de r\u00e9pondre aux exigences des clients et d\u2019adapter autant que possible notre travail \u00e0 la fonction requise.<\/p>\n<p>Pour concevoir puis <a href=\"https:\/\/www.errebi-group.com\/it\/produzione-cablaggi-elettrici\">r\u00e9aliser un c\u00e2blage<\/a> qui s\u2019adapte au besoin indiqu\u00e9 par l\u2019acheteur, <strong>nos techniciens effectuent une visite<\/strong> afin de comprendre avec pr\u00e9cision l\u2019\u00e9quipement \u00e0 c\u00e2bler, les emplacements o\u00f9 celui-ci fonctionne et l\u2019\u00e9ventuel besoin d\u2019une structure de soutien, <strong>pour ensuite identifier le produit sp\u00e9cifique \u00e0 installer<\/strong>.<\/p>\n<p>Cette proc\u00e9dure <strong>acc\u00e9l\u00e8re sans aucun doute le processus de production<\/strong>, permettant au client de b\u00e9n\u00e9ficier d\u2019<strong>un service parfaitement conforme \u00e0 ses demandes<\/strong> et de parvenir \u00e0 r\u00e9duire en cons\u00e9quence tant les d\u00e9lais que les co\u00fbts de mise en \u0153uvre.<\/p>\n<div style=\"height: 48px;\"><\/div>\n<h2>Conseils sp\u00e9cifiques<\/h2>\n<p>Dans un secteur comme celui des v\u00e9hicules habitables, il est souvent compliqu\u00e9 de r\u00e9ussir \u00e0 comprendre de mani\u00e8re autonome quel peut \u00eatre<strong> le type de c\u00e2blage id\u00e9al pour l\u2019\u00e9quipement ou pour la fonction dont on a besoin<\/strong>, et encore plus si le produit demand\u00e9 est <strong>un assemblage particuli\u00e8rement complexe<\/strong>.<\/p>\n<p>Pour rem\u00e9dier \u00e0 ce type de probl\u00e9matique, nos experts mettent quotidiennement \u00e0 la disposition des clients <strong>leurs connaissances<\/strong> et fournissent les <strong>conseils n\u00e9cessaires \u00e0 l\u2019identification du bon produit pour la fonction sp\u00e9cifiqu<\/strong>e et pour \u00e9ventuellement conseiller<strong> la structure la plus appropri\u00e9e pour soutenir son application<\/strong>.<\/p>\n<p>L\u2019objectif est clairement de <strong>comprendre la situation dans les plus brefs d\u00e9lais<\/strong> et de trouver pour chaque interrogation l<strong>a solution la plus efficace<\/strong> qui puisse garantir au client <strong>un service satisfaisant en mesure d\u2019optimiser par ailleurs le rapport qualit\u00e9-prix<\/strong>.<\/p>\n<div style=\"height: 48px;\"><\/div>\n<h2>Assistance cibl\u00e9e<\/h2>\n<p>Le <strong>service d\u2019assistance <\/strong>est actif pour <strong>tous les secteurs d\u2019intervention<\/strong> et par cons\u00e9quent \u00e9galement pour celui des <strong>v\u00e9hicules habitables<\/strong>. <strong>Nos techniciens apportent une <a href=\"https:\/\/www.errebi-group.com\/it\/consulenza\">assistance sp\u00e9cifique pour tous les c\u00e2blages<\/a> et assemblages install\u00e9s<\/strong>, analysant dans chaque cas la probl\u00e9matique et intervenant de mani\u00e8re cibl\u00e9e apr\u00e8s avoir identifi\u00e9 le dysfonctionnement.<\/p>\n<p>Les interventions peuvent porter sur<strong> l\u2019assemblage dans sa globalit\u00e9 ou un unique c\u00e2ble<\/strong> qui peut \u00eatre identifi\u00e9 et remplac\u00e9 en temps utile afin de permettre \u00e0 l\u2019\u00e9quipement de redevenir op\u00e9rationnel le plus rapidement possible.<\/p>\n<p><strong>Les comp\u00e9tences de nos experts<\/strong> concernent tous les secteurs couverts par notre entreprise, ce qui leur permet de <strong>comprendre le probl\u00e8me dans son ensemble<\/strong>, mais \u00e9galement de <strong>saisir chaque d\u00e9tail sp\u00e9cifique au domaine en question.<\/strong><\/p>\n","protected":false},"excerpt":{"rendered":"<p>Le c\u00e2blage destin\u00e9 au secteur des v\u00e9hicules habitables de loisirs inclut tous les c\u00e2bles utiles au bon fonctionnement des camping-cars, caravanes et autres v\u00e9hicules dits \u00ab de loisirs \u00bb. l s\u2019agit d\u2019une branche tr\u00e8s particuli\u00e8re, en croissance constante et modernis\u00e9e en permanence ces derniers temps. En effet, les voyageurs qui choisissent des vacances sur quatre [&hellip;]<\/p>\n","protected":false},"author":1,"featured_media":1659,"parent":0,"menu_order":0,"comment_status":"closed","ping_status":"closed","template":"","meta":{"footnotes":""},"class_list":["post-1922","page","type-page","status-publish","has-post-thumbnail","hentry"],"yoast_head":"<!-- This site is optimized with the Yoast SEO plugin v27.4 - https:\/\/yoast.com\/product\/yoast-seo-wordpress\/ -->\n<title>C\u00e2blages pour v\u00e9hicules habitables de loisirs, c\u00e2bles et composants \u00e9lectriques<\/title>\n<meta name=\"description\" content=\"Le c\u00e2blage destin\u00e9 au secteur des v\u00e9hicules habitables de loisirs inclut tous les c\u00e2bles utiles au bon fonctionnement des camping-cars, caravanes et autres v\u00e9hicules dits \u00ab de loisirs \u00bb.\" \/>\n<meta name=\"robots\" content=\"index, follow, max-snippet:-1, max-image-preview:large, max-video-preview:-1\" \/>\n<link rel=\"canonical\" href=\"https:\/\/www.errebi-group.com\/fr\/vehicules-habitables\" \/>\n<meta property=\"og:locale\" content=\"fr_FR\" \/>\n<meta property=\"og:type\" content=\"article\" \/>\n<meta property=\"og:title\" content=\"C\u00e2blages pour v\u00e9hicules habitables de loisirs, c\u00e2bles et composants \u00e9lectriques\" \/>\n<meta property=\"og:description\" content=\"Le c\u00e2blage destin\u00e9 au secteur des v\u00e9hicules habitables de loisirs inclut tous les c\u00e2bles utiles au bon fonctionnement des camping-cars, caravanes et autres v\u00e9hicules dits \u00ab de loisirs \u00bb.\" \/>\n<meta property=\"og:url\" content=\"https:\/\/www.errebi-group.com\/fr\/vehicules-habitables\" \/>\n<meta property=\"og:site_name\" content=\"ErreBi Group\" \/>\n<meta property=\"article:publisher\" content=\"https:\/\/www.facebook.com\/errebigroupsrl\" \/>\n<meta property=\"article:modified_time\" content=\"2025-09-29T14:39:09+00:00\" \/>\n<meta property=\"og:image\" content=\"https:\/\/www.errebi-group.com\/wp-content\/uploads\/2025\/04\/camperistica-campo-di-impiego-errebi-group-hero-section.webp\" \/>\n\t<meta property=\"og:image:width\" content=\"1920\" \/>\n\t<meta property=\"og:image:height\" content=\"1080\" \/>\n\t<meta property=\"og:image:type\" content=\"image\/webp\" \/>\n<meta name=\"twitter:card\" content=\"summary_large_image\" \/>\n<meta name=\"twitter:label1\" content=\"Dur\u00e9e de lecture estim\u00e9e\" \/>\n\t<meta name=\"twitter:data1\" content=\"4 minutes\" \/>\n<script type=\"application\/ld+json\" class=\"yoast-schema-graph\">{\"@context\":\"https:\\\/\\\/schema.org\",\"@graph\":[{\"@type\":\"WebPage\",\"@id\":\"https:\\\/\\\/www.errebi-group.com\\\/fr\\\/vehicules-habitables\",\"url\":\"https:\\\/\\\/www.errebi-group.com\\\/fr\\\/vehicules-habitables\",\"name\":\"C\u00e2blages pour v\u00e9hicules habitables de loisirs, c\u00e2bles et composants \u00e9lectriques\",\"isPartOf\":{\"@id\":\"https:\\\/\\\/www.errebi-group.com\\\/fr#website\"},\"primaryImageOfPage\":{\"@id\":\"https:\\\/\\\/www.errebi-group.com\\\/fr\\\/vehicules-habitables#primaryimage\"},\"image\":{\"@id\":\"https:\\\/\\\/www.errebi-group.com\\\/fr\\\/vehicules-habitables#primaryimage\"},\"thumbnailUrl\":\"https:\\\/\\\/www.errebi-group.com\\\/wp-content\\\/uploads\\\/2025\\\/04\\\/camperistica-campo-di-impiego-errebi-group-hero-section.webp\",\"datePublished\":\"2025-04-28T10:25:15+00:00\",\"dateModified\":\"2025-09-29T14:39:09+00:00\",\"description\":\"Le c\u00e2blage destin\u00e9 au secteur des v\u00e9hicules habitables de loisirs inclut tous les c\u00e2bles utiles au bon fonctionnement des camping-cars, caravanes et autres v\u00e9hicules dits \u00ab de loisirs \u00bb.\",\"breadcrumb\":{\"@id\":\"https:\\\/\\\/www.errebi-group.com\\\/fr\\\/vehicules-habitables#breadcrumb\"},\"inLanguage\":\"fr-FR\",\"potentialAction\":[{\"@type\":\"ReadAction\",\"target\":[\"https:\\\/\\\/www.errebi-group.com\\\/fr\\\/vehicules-habitables\"]}]},{\"@type\":\"ImageObject\",\"inLanguage\":\"fr-FR\",\"@id\":\"https:\\\/\\\/www.errebi-group.com\\\/fr\\\/vehicules-habitables#primaryimage\",\"url\":\"https:\\\/\\\/www.errebi-group.com\\\/wp-content\\\/uploads\\\/2025\\\/04\\\/camperistica-campo-di-impiego-errebi-group-hero-section.webp\",\"contentUrl\":\"https:\\\/\\\/www.errebi-group.com\\\/wp-content\\\/uploads\\\/2025\\\/04\\\/camperistica-campo-di-impiego-errebi-group-hero-section.webp\",\"width\":1920,\"height\":1080,\"caption\":\"Op\u00e9rateur sp\u00e9cialis\u00e9 entre dans un camping-car avec \u00e9quipement technique pour des interventions \u00e9lectriques ou d\u2019entretien\"},{\"@type\":\"BreadcrumbList\",\"@id\":\"https:\\\/\\\/www.errebi-group.com\\\/fr\\\/vehicules-habitables#breadcrumb\",\"itemListElement\":[{\"@type\":\"ListItem\",\"position\":1,\"name\":\"Home\",\"item\":\"https:\\\/\\\/www.errebi-group.com\\\/fr\"},{\"@type\":\"ListItem\",\"position\":2,\"name\":\"C\u00e2blages et composants \u00e9lectriques pour v\u00e9hicules habitables de loisirs\"}]},{\"@type\":\"WebSite\",\"@id\":\"https:\\\/\\\/www.errebi-group.com\\\/fr#website\",\"url\":\"https:\\\/\\\/www.errebi-group.com\\\/fr\",\"name\":\"Errebi Group - Azienda produttrice di Cablaggi e Quadri Elettrici\",\"description\":\"Azienda produttrice di Cablaggi e Quadri Elettrici\",\"publisher\":{\"@id\":\"https:\\\/\\\/www.errebi-group.com\\\/fr#organization\"},\"potentialAction\":[{\"@type\":\"SearchAction\",\"target\":{\"@type\":\"EntryPoint\",\"urlTemplate\":\"https:\\\/\\\/www.errebi-group.com\\\/fr?s={search_term_string}\"},\"query-input\":{\"@type\":\"PropertyValueSpecification\",\"valueRequired\":true,\"valueName\":\"search_term_string\"}}],\"inLanguage\":\"fr-FR\"},{\"@type\":\"Organization\",\"@id\":\"https:\\\/\\\/www.errebi-group.com\\\/fr#organization\",\"name\":\"Errebi Group\",\"url\":\"https:\\\/\\\/www.errebi-group.com\\\/fr\",\"logo\":{\"@type\":\"ImageObject\",\"inLanguage\":\"fr-FR\",\"@id\":\"https:\\\/\\\/www.errebi-group.com\\\/fr#\\\/schema\\\/logo\\\/image\\\/\",\"url\":\"https:\\\/\\\/www.errebi-group.com\\\/wp-content\\\/uploads\\\/2025\\\/04\\\/logo-errebi-group-payoff-white-website.png\",\"contentUrl\":\"https:\\\/\\\/www.errebi-group.com\\\/wp-content\\\/uploads\\\/2025\\\/04\\\/logo-errebi-group-payoff-white-website.png\",\"width\":610,\"height\":100,\"caption\":\"Errebi Group\"},\"image\":{\"@id\":\"https:\\\/\\\/www.errebi-group.com\\\/fr#\\\/schema\\\/logo\\\/image\\\/\"},\"sameAs\":[\"https:\\\/\\\/www.facebook.com\\\/errebigroupsrl\",\"https:\\\/\\\/www.instagram.com\\\/errebi.group?igsh=cGNzN3FpcDFqNm1i\",\"https:\\\/\\\/www.linkedin.com\\\/company\\\/errebigroup\\\/?originalSubdomain=it\",\"https:\\\/\\\/www.youtube.com\\\/@errebigroup\"]}]}<\/script>\n<!-- \/ Yoast SEO plugin. -->","yoast_head_json":{"title":"C\u00e2blages pour v\u00e9hicules habitables de loisirs, c\u00e2bles et composants \u00e9lectriques","description":"Le c\u00e2blage destin\u00e9 au secteur des v\u00e9hicules habitables de loisirs inclut tous les c\u00e2bles utiles au bon fonctionnement des camping-cars, caravanes et autres v\u00e9hicules dits \u00ab de loisirs \u00bb.","robots":{"index":"index","follow":"follow","max-snippet":"max-snippet:-1","max-image-preview":"max-image-preview:large","max-video-preview":"max-video-preview:-1"},"canonical":"https:\/\/www.errebi-group.com\/fr\/vehicules-habitables","og_locale":"fr_FR","og_type":"article","og_title":"C\u00e2blages pour v\u00e9hicules habitables de loisirs, c\u00e2bles et composants \u00e9lectriques","og_description":"Le c\u00e2blage destin\u00e9 au secteur des v\u00e9hicules habitables de loisirs inclut tous les c\u00e2bles utiles au bon fonctionnement des camping-cars, caravanes et autres v\u00e9hicules dits \u00ab de loisirs \u00bb.","og_url":"https:\/\/www.errebi-group.com\/fr\/vehicules-habitables","og_site_name":"ErreBi Group","article_publisher":"https:\/\/www.facebook.com\/errebigroupsrl","article_modified_time":"2025-09-29T14:39:09+00:00","og_image":[{"width":1920,"height":1080,"url":"https:\/\/www.errebi-group.com\/wp-content\/uploads\/2025\/04\/camperistica-campo-di-impiego-errebi-group-hero-section.webp","type":"image\/webp"}],"twitter_card":"summary_large_image","twitter_misc":{"Dur\u00e9e de lecture estim\u00e9e":"4 minutes"},"schema":{"@context":"https:\/\/schema.org","@graph":[{"@type":"WebPage","@id":"https:\/\/www.errebi-group.com\/fr\/vehicules-habitables","url":"https:\/\/www.errebi-group.com\/fr\/vehicules-habitables","name":"C\u00e2blages pour v\u00e9hicules habitables de loisirs, c\u00e2bles et composants \u00e9lectriques","isPartOf":{"@id":"https:\/\/www.errebi-group.com\/fr#website"},"primaryImageOfPage":{"@id":"https:\/\/www.errebi-group.com\/fr\/vehicules-habitables#primaryimage"},"image":{"@id":"https:\/\/www.errebi-group.com\/fr\/vehicules-habitables#primaryimage"},"thumbnailUrl":"https:\/\/www.errebi-group.com\/wp-content\/uploads\/2025\/04\/camperistica-campo-di-impiego-errebi-group-hero-section.webp","datePublished":"2025-04-28T10:25:15+00:00","dateModified":"2025-09-29T14:39:09+00:00","description":"Le c\u00e2blage destin\u00e9 au secteur des v\u00e9hicules habitables de loisirs inclut tous les c\u00e2bles utiles au bon fonctionnement des camping-cars, caravanes et autres v\u00e9hicules dits \u00ab de loisirs \u00bb.","breadcrumb":{"@id":"https:\/\/www.errebi-group.com\/fr\/vehicules-habitables#breadcrumb"},"inLanguage":"fr-FR","potentialAction":[{"@type":"ReadAction","target":["https:\/\/www.errebi-group.com\/fr\/vehicules-habitables"]}]},{"@type":"ImageObject","inLanguage":"fr-FR","@id":"https:\/\/www.errebi-group.com\/fr\/vehicules-habitables#primaryimage","url":"https:\/\/www.errebi-group.com\/wp-content\/uploads\/2025\/04\/camperistica-campo-di-impiego-errebi-group-hero-section.webp","contentUrl":"https:\/\/www.errebi-group.com\/wp-content\/uploads\/2025\/04\/camperistica-campo-di-impiego-errebi-group-hero-section.webp","width":1920,"height":1080,"caption":"Op\u00e9rateur sp\u00e9cialis\u00e9 entre dans un camping-car avec \u00e9quipement technique pour des interventions \u00e9lectriques ou d\u2019entretien"},{"@type":"BreadcrumbList","@id":"https:\/\/www.errebi-group.com\/fr\/vehicules-habitables#breadcrumb","itemListElement":[{"@type":"ListItem","position":1,"name":"Home","item":"https:\/\/www.errebi-group.com\/fr"},{"@type":"ListItem","position":2,"name":"C\u00e2blages et composants \u00e9lectriques pour v\u00e9hicules habitables de loisirs"}]},{"@type":"WebSite","@id":"https:\/\/www.errebi-group.com\/fr#website","url":"https:\/\/www.errebi-group.com\/fr","name":"Errebi Group - Azienda produttrice di Cablaggi e Quadri Elettrici","description":"Azienda produttrice di Cablaggi e Quadri Elettrici","publisher":{"@id":"https:\/\/www.errebi-group.com\/fr#organization"},"potentialAction":[{"@type":"SearchAction","target":{"@type":"EntryPoint","urlTemplate":"https:\/\/www.errebi-group.com\/fr?s={search_term_string}"},"query-input":{"@type":"PropertyValueSpecification","valueRequired":true,"valueName":"search_term_string"}}],"inLanguage":"fr-FR"},{"@type":"Organization","@id":"https:\/\/www.errebi-group.com\/fr#organization","name":"Errebi Group","url":"https:\/\/www.errebi-group.com\/fr","logo":{"@type":"ImageObject","inLanguage":"fr-FR","@id":"https:\/\/www.errebi-group.com\/fr#\/schema\/logo\/image\/","url":"https:\/\/www.errebi-group.com\/wp-content\/uploads\/2025\/04\/logo-errebi-group-payoff-white-website.png","contentUrl":"https:\/\/www.errebi-group.com\/wp-content\/uploads\/2025\/04\/logo-errebi-group-payoff-white-website.png","width":610,"height":100,"caption":"Errebi Group"},"image":{"@id":"https:\/\/www.errebi-group.com\/fr#\/schema\/logo\/image\/"},"sameAs":["https:\/\/www.facebook.com\/errebigroupsrl","https:\/\/www.instagram.com\/errebi.group?igsh=cGNzN3FpcDFqNm1i","https:\/\/www.linkedin.com\/company\/errebigroup\/?originalSubdomain=it","https:\/\/www.youtube.com\/@errebigroup"]}]}},"_links":{"self":[{"href":"https:\/\/www.errebi-group.com\/fr\/wp-json\/wp\/v2\/pages\/1922","targetHints":{"allow":["GET"]}}],"collection":[{"href":"https:\/\/www.errebi-group.com\/fr\/wp-json\/wp\/v2\/pages"}],"about":[{"href":"https:\/\/www.errebi-group.com\/fr\/wp-json\/wp\/v2\/types\/page"}],"author":[{"embeddable":true,"href":"https:\/\/www.errebi-group.com\/fr\/wp-json\/wp\/v2\/users\/1"}],"replies":[{"embeddable":true,"href":"https:\/\/www.errebi-group.com\/fr\/wp-json\/wp\/v2\/comments?post=1922"}],"version-history":[{"count":2,"href":"https:\/\/www.errebi-group.com\/fr\/wp-json\/wp\/v2\/pages\/1922\/revisions"}],"predecessor-version":[{"id":2453,"href":"https:\/\/www.errebi-group.com\/fr\/wp-json\/wp\/v2\/pages\/1922\/revisions\/2453"}],"wp:featuredmedia":[{"embeddable":true,"href":"https:\/\/www.errebi-group.com\/fr\/wp-json\/wp\/v2\/media\/1659"}],"wp:attachment":[{"href":"https:\/\/www.errebi-group.com\/fr\/wp-json\/wp\/v2\/media?parent=1922"}],"curies":[{"name":"wp","href":"https:\/\/api.w.org\/{rel}","templated":true}]}}