{"id":1926,"date":"2025-04-28T10:40:05","date_gmt":"2025-04-28T10:40:05","guid":{"rendered":"https:\/\/www.errebi-group.com\/cablages-et-composants-electriques-pour-le-secteur-militaire\/"},"modified":"2025-09-29T14:36:39","modified_gmt":"2025-09-29T14:36:39","slug":"militaire","status":"publish","type":"page","link":"https:\/\/www.errebi-group.com\/fr\/militaire","title":{"rendered":"C\u00e2blages et composants \u00e9lectriques pour le secteur militaire"},"content":{"rendered":"<p><strong>Les interventions de c\u00e2blage dans le secteur militaire<\/strong> sont soumises \u00e0 <strong>la plus grande confidentialit\u00e9<\/strong> et \u00e0 des <strong>protocoles stricts de qualit\u00e9 et d\u2019efficacit\u00e9<\/strong>.<\/p>\n<p>Ce secteur offre de tr\u00e8s nombreuses possibilit\u00e9s d\u2019applications, tant dans <strong>le secteur de <a href=\"https:\/\/www.errebi-group.com\/it\/automotive\">l\u2019automobile<\/a><\/strong> que celui <strong><a href=\"https:\/\/www.errebi-group.com\/it\/navale\">naval<\/a><\/strong>, <strong><a href=\"https:\/\/www.errebi-group.com\/it\/aerospaziale\">a\u00e9rien<\/a><\/strong> et des <strong><a href=\"https:\/\/www.errebi-group.com\/it\/telecomunicazioni\">t\u00e9l\u00e9communications<\/a><\/strong>, et exige une <strong>fiabilit\u00e9 constante dans la conception<\/strong> et une <strong>pr\u00e9cision dans la r\u00e9alisation des installations<\/strong>.<\/p>\n<p>La n\u00e9cessit\u00e9 pour <strong>le c\u00e2blage de r\u00e9sister \u00e0 des conditions parfois extr\u00eames<\/strong> contraint <strong>le personnel \u00e0 conna\u00eetre parfaitement le contexte dans lequel il op\u00e8re<\/strong>, et \u00e0 investir du temps et du travail dans <strong><a href=\"https:\/\/www.errebi-group.com\/it\/progettazione-cablaggi\">le prototypage des c\u00e2bles<\/a> et sur leur contr\u00f4le au moyen de tests d\u00e9taill\u00e9s<\/strong>.<\/p>\n<div style=\"height: 48px;\"><\/div>\n<h2>Caract\u00e9ristiques des composants du secteur militaire<\/h2>\n<p><strong>\u00c9tant donn\u00e9 que les c\u00e2bles et c\u00e2blages utilis\u00e9s sont d\u2019un type diff\u00e9rent<\/strong>, <strong>les installations du secteur militaire<\/strong> peuvent n\u00e9cessiter <strong>des composants et des mat\u00e9riaux totalement diff\u00e9rents<\/strong>, \u00e0 adapter \u00e0 chaque intervention et au contexte particulier.<\/p>\n<p><strong>Cela ira des c\u00e2blages requ\u00e9rant une r\u00e9sistance particuli\u00e8re \u00e0 la pression<\/strong>, comme ceux utilis\u00e9s dans le secteur de l\u2019a\u00e9ronautique, <strong>aux c\u00e2blages structur\u00e9s avec des mat\u00e9riaux ignifuges et en mesure de r\u00e9sister \u00e0 des temp\u00e9ratures \u00e9lev\u00e9es<\/strong> comme sur les dispositifs de d\u00e9fense et les engins de terrassement qui utilisent des alimentations \u00e9lectriques mais aussi parfois de nature hybride.<\/p>\n<p>Dans chaque cas, notre priorit\u00e9 consiste <strong>\u00e0 fournir un service r\u00e9pondant aux besoins, parfois urgents<\/strong>, tout en garantissant <strong>les normes de qualit\u00e9 et de fiabilit\u00e9 les plus \u00e9lev\u00e9es<\/strong>.<\/p>\n<div style=\"height: 48px;\"><\/div>\n<h2>Conception personnalis\u00e9e<\/h2>\n<p>Pour le <strong>secteur militaire<\/strong> comme pour tous nos secteurs d\u2019intervention, nous fournissons <strong>un service de conception personnalis\u00e9e de c\u00e2blages et d\u2019assemblages<\/strong>, et essayons de r\u00e9pondre aux exigences des clients et d\u2019adapter autant que possible notre travail \u00e0 la fonction requise.<\/p>\n<p>Pour concevoir puis <a href=\"https:\/\/www.errebi-group.com\/it\/produzione-cablaggi-elettrici\">r\u00e9aliser un c\u00e2blage<\/a> qui s\u2019adapte au besoin indiqu\u00e9 par l\u2019acheteur, <strong>nos techniciens effectuent une visite<\/strong> afin de comprendre avec pr\u00e9cision l\u2019\u00e9quipement \u00e0 c\u00e2bler, les emplacements o\u00f9 celui-ci fonctionne et l\u2019\u00e9ventuel besoin d\u2019une structure de soutien, <strong>pour ensuite identifier le produit sp\u00e9cifique \u00e0 installer<\/strong>.<\/p>\n<p>Cette proc\u00e9dure <strong>acc\u00e9l\u00e8re sans aucun doute le processus de production<\/strong>, permettant au client de b\u00e9n\u00e9ficier d\u2019<strong>un service parfaitement conforme \u00e0 ses demandes<\/strong> et de parvenir \u00e0 r\u00e9duire en cons\u00e9quence tant les d\u00e9lais que les co\u00fbts de mise en \u0153uvre.<\/p>\n<div style=\"height: 48px;\"><\/div>\n<h2>Conseils sp\u00e9cifiques<\/h2>\n<p>Dans un secteur comme celui militaire, il est souvent compliqu\u00e9 de r\u00e9ussir \u00e0 comprendre de mani\u00e8re autonome quel peut \u00eatre <strong>le type de c\u00e2blage id\u00e9al pour l\u2019\u00e9quipement ou pour la fonction dont on a besoin<\/strong>, et encore plus si le produit demand\u00e9 est <strong>un assemblage particuli\u00e8rement complexe<\/strong>.<\/p>\n<p>Pour rem\u00e9dier \u00e0 ce type de probl\u00e9matique, nos experts mettent quotidiennement \u00e0 la disposition des clients <strong>leurs connaissances<\/strong> et fournissent les <strong>conseils n\u00e9cessaires \u00e0 l\u2019identification du bon produit pour la fonction sp\u00e9cifiqu<\/strong>e et pour \u00e9ventuellement conseiller<strong> la structure la plus appropri\u00e9e pour soutenir son application<\/strong>.<\/p>\n<p>L\u2019objectif est clairement de <strong>comprendre la situation dans les plus brefs d\u00e9lais<\/strong> et de trouver pour chaque interrogation l<strong>a solution la plus efficace<\/strong> qui puisse garantir au client <strong>un service satisfaisant en mesure d\u2019optimiser par ailleurs le rapport qualit\u00e9-prix<\/strong>.<\/p>\n<div style=\"height: 48px;\"><\/div>\n<h2>Assistance cibl\u00e9e<\/h2>\n<p>Le <strong>service d\u2019assistance<\/strong> est actif pour <strong>tous les secteurs d\u2019intervention<\/strong> et par cons\u00e9quent \u00e9galement pour celui <strong>militaire<\/strong>. <strong>Nos techniciens apportent une <a href=\"https:\/\/www.errebi-group.com\/it\/consulenza\">assistance sp\u00e9cifique pour tous les c\u00e2blages<\/a> et assemblages install\u00e9s<\/strong>, analysant dans chaque cas la probl\u00e9matique et intervenant de mani\u00e8re cibl\u00e9e apr\u00e8s avoir identifi\u00e9 le dysfonctionnement.<\/p>\n<p>Les interventions peuvent porter sur<strong> l\u2019assemblage dans sa globalit\u00e9 ou un unique c\u00e2ble<\/strong> qui peut \u00eatre identifi\u00e9 et remplac\u00e9 en temps utile afin de permettre \u00e0 l\u2019\u00e9quipement de redevenir op\u00e9rationnel le plus rapidement possible.<\/p>\n<p><strong>Les comp\u00e9tences de nos experts<\/strong> concernent tous les secteurs couverts par notre entreprise, ce qui leur permet de <strong>comprendre le probl\u00e8me dans son ensemble<\/strong>, mais \u00e9galement de <strong>saisir chaque d\u00e9tail sp\u00e9cifique au domaine en question.<\/strong><\/p>\n","protected":false},"excerpt":{"rendered":"<p>Les interventions de c\u00e2blage dans le secteur militaire sont soumises \u00e0 la plus grande confidentialit\u00e9 et \u00e0 des protocoles stricts de qualit\u00e9 et d\u2019efficacit\u00e9. Ce secteur offre de tr\u00e8s nombreuses possibilit\u00e9s d\u2019applications, tant dans le secteur de l\u2019automobile que celui naval, a\u00e9rien et des t\u00e9l\u00e9communications, et exige une fiabilit\u00e9 constante dans la conception et une [&hellip;]<\/p>\n","protected":false},"author":1,"featured_media":1683,"parent":0,"menu_order":0,"comment_status":"closed","ping_status":"closed","template":"","meta":{"footnotes":""},"class_list":["post-1926","page","type-page","status-publish","has-post-thumbnail","hentry"],"yoast_head":"<!-- This site is optimized with the Yoast SEO plugin v27.4 - https:\/\/yoast.com\/product\/yoast-seo-wordpress\/ -->\n<title>C\u00e2blages pour le secteur militaire, c\u00e2bles et composants \u00e9lectriques<\/title>\n<meta name=\"description\" content=\"Les interventions de c\u00e2blage dans le secteur militaire sont soumises \u00e0 la plus grande confidentialit\u00e9 et \u00e0 des protocoles stricts de qualit\u00e9 et d\u2019efficacit\u00e9. Ce secteur offre de tr\u00e8s nombreuses...\" \/>\n<meta name=\"robots\" content=\"index, follow, max-snippet:-1, max-image-preview:large, max-video-preview:-1\" \/>\n<link rel=\"canonical\" href=\"https:\/\/www.errebi-group.com\/fr\/militaire\" \/>\n<meta property=\"og:locale\" content=\"fr_FR\" \/>\n<meta property=\"og:type\" content=\"article\" \/>\n<meta property=\"og:title\" content=\"C\u00e2blages pour le secteur militaire, c\u00e2bles et composants \u00e9lectriques\" \/>\n<meta property=\"og:description\" content=\"Les interventions de c\u00e2blage dans le secteur militaire sont soumises \u00e0 la plus grande confidentialit\u00e9 et \u00e0 des protocoles stricts de qualit\u00e9 et d\u2019efficacit\u00e9. Ce secteur offre de tr\u00e8s nombreuses...\" \/>\n<meta property=\"og:url\" content=\"https:\/\/www.errebi-group.com\/fr\/militaire\" \/>\n<meta property=\"og:site_name\" content=\"ErreBi Group\" \/>\n<meta property=\"article:publisher\" content=\"https:\/\/www.facebook.com\/errebigroupsrl\" \/>\n<meta property=\"article:modified_time\" content=\"2025-09-29T14:36:39+00:00\" \/>\n<meta property=\"og:image\" content=\"https:\/\/www.errebi-group.com\/wp-content\/uploads\/2025\/04\/militare-campo-di-impiego-errebi-group-hero-section.webp\" \/>\n\t<meta property=\"og:image:width\" content=\"1920\" \/>\n\t<meta property=\"og:image:height\" content=\"1080\" \/>\n\t<meta property=\"og:image:type\" content=\"image\/webp\" \/>\n<meta name=\"twitter:card\" content=\"summary_large_image\" \/>\n<meta name=\"twitter:label1\" content=\"Dur\u00e9e de lecture estim\u00e9e\" \/>\n\t<meta name=\"twitter:data1\" content=\"4 minutes\" \/>\n<script type=\"application\/ld+json\" class=\"yoast-schema-graph\">{\"@context\":\"https:\\\/\\\/schema.org\",\"@graph\":[{\"@type\":\"WebPage\",\"@id\":\"https:\\\/\\\/www.errebi-group.com\\\/fr\\\/militaire\",\"url\":\"https:\\\/\\\/www.errebi-group.com\\\/fr\\\/militaire\",\"name\":\"C\u00e2blages pour le secteur militaire, c\u00e2bles et composants \u00e9lectriques\",\"isPartOf\":{\"@id\":\"https:\\\/\\\/www.errebi-group.com\\\/fr#website\"},\"primaryImageOfPage\":{\"@id\":\"https:\\\/\\\/www.errebi-group.com\\\/fr\\\/militaire#primaryimage\"},\"image\":{\"@id\":\"https:\\\/\\\/www.errebi-group.com\\\/fr\\\/militaire#primaryimage\"},\"thumbnailUrl\":\"https:\\\/\\\/www.errebi-group.com\\\/wp-content\\\/uploads\\\/2025\\\/04\\\/militare-campo-di-impiego-errebi-group-hero-section.webp\",\"datePublished\":\"2025-04-28T10:40:05+00:00\",\"dateModified\":\"2025-09-29T14:36:39+00:00\",\"description\":\"Les interventions de c\u00e2blage dans le secteur militaire sont soumises \u00e0 la plus grande confidentialit\u00e9 et \u00e0 des protocoles stricts de qualit\u00e9 et d\u2019efficacit\u00e9. Ce secteur offre de tr\u00e8s nombreuses...\",\"breadcrumb\":{\"@id\":\"https:\\\/\\\/www.errebi-group.com\\\/fr\\\/militaire#breadcrumb\"},\"inLanguage\":\"fr-FR\",\"potentialAction\":[{\"@type\":\"ReadAction\",\"target\":[\"https:\\\/\\\/www.errebi-group.com\\\/fr\\\/militaire\"]}]},{\"@type\":\"ImageObject\",\"inLanguage\":\"fr-FR\",\"@id\":\"https:\\\/\\\/www.errebi-group.com\\\/fr\\\/militaire#primaryimage\",\"url\":\"https:\\\/\\\/www.errebi-group.com\\\/wp-content\\\/uploads\\\/2025\\\/04\\\/militare-campo-di-impiego-errebi-group-hero-section.webp\",\"contentUrl\":\"https:\\\/\\\/www.errebi-group.com\\\/wp-content\\\/uploads\\\/2025\\\/04\\\/militare-campo-di-impiego-errebi-group-hero-section.webp\",\"width\":1920,\"height\":1080,\"caption\":\"Panneau \u00e9lectronique militaire avec r\u00e9gulateur de signal et indicateurs LED, technologie d\u00e9fensive avanc\u00e9e\"},{\"@type\":\"BreadcrumbList\",\"@id\":\"https:\\\/\\\/www.errebi-group.com\\\/fr\\\/militaire#breadcrumb\",\"itemListElement\":[{\"@type\":\"ListItem\",\"position\":1,\"name\":\"Home\",\"item\":\"https:\\\/\\\/www.errebi-group.com\\\/fr\"},{\"@type\":\"ListItem\",\"position\":2,\"name\":\"C\u00e2blages et composants \u00e9lectriques pour le secteur militaire\"}]},{\"@type\":\"WebSite\",\"@id\":\"https:\\\/\\\/www.errebi-group.com\\\/fr#website\",\"url\":\"https:\\\/\\\/www.errebi-group.com\\\/fr\",\"name\":\"Errebi Group - Azienda produttrice di Cablaggi e Quadri Elettrici\",\"description\":\"Azienda produttrice di Cablaggi e Quadri Elettrici\",\"publisher\":{\"@id\":\"https:\\\/\\\/www.errebi-group.com\\\/fr#organization\"},\"potentialAction\":[{\"@type\":\"SearchAction\",\"target\":{\"@type\":\"EntryPoint\",\"urlTemplate\":\"https:\\\/\\\/www.errebi-group.com\\\/fr?s={search_term_string}\"},\"query-input\":{\"@type\":\"PropertyValueSpecification\",\"valueRequired\":true,\"valueName\":\"search_term_string\"}}],\"inLanguage\":\"fr-FR\"},{\"@type\":\"Organization\",\"@id\":\"https:\\\/\\\/www.errebi-group.com\\\/fr#organization\",\"name\":\"Errebi Group\",\"url\":\"https:\\\/\\\/www.errebi-group.com\\\/fr\",\"logo\":{\"@type\":\"ImageObject\",\"inLanguage\":\"fr-FR\",\"@id\":\"https:\\\/\\\/www.errebi-group.com\\\/fr#\\\/schema\\\/logo\\\/image\\\/\",\"url\":\"https:\\\/\\\/www.errebi-group.com\\\/wp-content\\\/uploads\\\/2025\\\/04\\\/logo-errebi-group-payoff-white-website.png\",\"contentUrl\":\"https:\\\/\\\/www.errebi-group.com\\\/wp-content\\\/uploads\\\/2025\\\/04\\\/logo-errebi-group-payoff-white-website.png\",\"width\":610,\"height\":100,\"caption\":\"Errebi Group\"},\"image\":{\"@id\":\"https:\\\/\\\/www.errebi-group.com\\\/fr#\\\/schema\\\/logo\\\/image\\\/\"},\"sameAs\":[\"https:\\\/\\\/www.facebook.com\\\/errebigroupsrl\",\"https:\\\/\\\/www.instagram.com\\\/errebi.group?igsh=cGNzN3FpcDFqNm1i\",\"https:\\\/\\\/www.linkedin.com\\\/company\\\/errebigroup\\\/?originalSubdomain=it\",\"https:\\\/\\\/www.youtube.com\\\/@errebigroup\"]}]}<\/script>\n<!-- \/ Yoast SEO plugin. -->","yoast_head_json":{"title":"C\u00e2blages pour le secteur militaire, c\u00e2bles et composants \u00e9lectriques","description":"Les interventions de c\u00e2blage dans le secteur militaire sont soumises \u00e0 la plus grande confidentialit\u00e9 et \u00e0 des protocoles stricts de qualit\u00e9 et d\u2019efficacit\u00e9. Ce secteur offre de tr\u00e8s nombreuses...","robots":{"index":"index","follow":"follow","max-snippet":"max-snippet:-1","max-image-preview":"max-image-preview:large","max-video-preview":"max-video-preview:-1"},"canonical":"https:\/\/www.errebi-group.com\/fr\/militaire","og_locale":"fr_FR","og_type":"article","og_title":"C\u00e2blages pour le secteur militaire, c\u00e2bles et composants \u00e9lectriques","og_description":"Les interventions de c\u00e2blage dans le secteur militaire sont soumises \u00e0 la plus grande confidentialit\u00e9 et \u00e0 des protocoles stricts de qualit\u00e9 et d\u2019efficacit\u00e9. Ce secteur offre de tr\u00e8s nombreuses...","og_url":"https:\/\/www.errebi-group.com\/fr\/militaire","og_site_name":"ErreBi Group","article_publisher":"https:\/\/www.facebook.com\/errebigroupsrl","article_modified_time":"2025-09-29T14:36:39+00:00","og_image":[{"width":1920,"height":1080,"url":"https:\/\/www.errebi-group.com\/wp-content\/uploads\/2025\/04\/militare-campo-di-impiego-errebi-group-hero-section.webp","type":"image\/webp"}],"twitter_card":"summary_large_image","twitter_misc":{"Dur\u00e9e de lecture estim\u00e9e":"4 minutes"},"schema":{"@context":"https:\/\/schema.org","@graph":[{"@type":"WebPage","@id":"https:\/\/www.errebi-group.com\/fr\/militaire","url":"https:\/\/www.errebi-group.com\/fr\/militaire","name":"C\u00e2blages pour le secteur militaire, c\u00e2bles et composants \u00e9lectriques","isPartOf":{"@id":"https:\/\/www.errebi-group.com\/fr#website"},"primaryImageOfPage":{"@id":"https:\/\/www.errebi-group.com\/fr\/militaire#primaryimage"},"image":{"@id":"https:\/\/www.errebi-group.com\/fr\/militaire#primaryimage"},"thumbnailUrl":"https:\/\/www.errebi-group.com\/wp-content\/uploads\/2025\/04\/militare-campo-di-impiego-errebi-group-hero-section.webp","datePublished":"2025-04-28T10:40:05+00:00","dateModified":"2025-09-29T14:36:39+00:00","description":"Les interventions de c\u00e2blage dans le secteur militaire sont soumises \u00e0 la plus grande confidentialit\u00e9 et \u00e0 des protocoles stricts de qualit\u00e9 et d\u2019efficacit\u00e9. Ce secteur offre de tr\u00e8s nombreuses...","breadcrumb":{"@id":"https:\/\/www.errebi-group.com\/fr\/militaire#breadcrumb"},"inLanguage":"fr-FR","potentialAction":[{"@type":"ReadAction","target":["https:\/\/www.errebi-group.com\/fr\/militaire"]}]},{"@type":"ImageObject","inLanguage":"fr-FR","@id":"https:\/\/www.errebi-group.com\/fr\/militaire#primaryimage","url":"https:\/\/www.errebi-group.com\/wp-content\/uploads\/2025\/04\/militare-campo-di-impiego-errebi-group-hero-section.webp","contentUrl":"https:\/\/www.errebi-group.com\/wp-content\/uploads\/2025\/04\/militare-campo-di-impiego-errebi-group-hero-section.webp","width":1920,"height":1080,"caption":"Panneau \u00e9lectronique militaire avec r\u00e9gulateur de signal et indicateurs LED, technologie d\u00e9fensive avanc\u00e9e"},{"@type":"BreadcrumbList","@id":"https:\/\/www.errebi-group.com\/fr\/militaire#breadcrumb","itemListElement":[{"@type":"ListItem","position":1,"name":"Home","item":"https:\/\/www.errebi-group.com\/fr"},{"@type":"ListItem","position":2,"name":"C\u00e2blages et composants \u00e9lectriques pour le secteur militaire"}]},{"@type":"WebSite","@id":"https:\/\/www.errebi-group.com\/fr#website","url":"https:\/\/www.errebi-group.com\/fr","name":"Errebi Group - Azienda produttrice di Cablaggi e Quadri Elettrici","description":"Azienda produttrice di Cablaggi e Quadri Elettrici","publisher":{"@id":"https:\/\/www.errebi-group.com\/fr#organization"},"potentialAction":[{"@type":"SearchAction","target":{"@type":"EntryPoint","urlTemplate":"https:\/\/www.errebi-group.com\/fr?s={search_term_string}"},"query-input":{"@type":"PropertyValueSpecification","valueRequired":true,"valueName":"search_term_string"}}],"inLanguage":"fr-FR"},{"@type":"Organization","@id":"https:\/\/www.errebi-group.com\/fr#organization","name":"Errebi Group","url":"https:\/\/www.errebi-group.com\/fr","logo":{"@type":"ImageObject","inLanguage":"fr-FR","@id":"https:\/\/www.errebi-group.com\/fr#\/schema\/logo\/image\/","url":"https:\/\/www.errebi-group.com\/wp-content\/uploads\/2025\/04\/logo-errebi-group-payoff-white-website.png","contentUrl":"https:\/\/www.errebi-group.com\/wp-content\/uploads\/2025\/04\/logo-errebi-group-payoff-white-website.png","width":610,"height":100,"caption":"Errebi Group"},"image":{"@id":"https:\/\/www.errebi-group.com\/fr#\/schema\/logo\/image\/"},"sameAs":["https:\/\/www.facebook.com\/errebigroupsrl","https:\/\/www.instagram.com\/errebi.group?igsh=cGNzN3FpcDFqNm1i","https:\/\/www.linkedin.com\/company\/errebigroup\/?originalSubdomain=it","https:\/\/www.youtube.com\/@errebigroup"]}]}},"_links":{"self":[{"href":"https:\/\/www.errebi-group.com\/fr\/wp-json\/wp\/v2\/pages\/1926","targetHints":{"allow":["GET"]}}],"collection":[{"href":"https:\/\/www.errebi-group.com\/fr\/wp-json\/wp\/v2\/pages"}],"about":[{"href":"https:\/\/www.errebi-group.com\/fr\/wp-json\/wp\/v2\/types\/page"}],"author":[{"embeddable":true,"href":"https:\/\/www.errebi-group.com\/fr\/wp-json\/wp\/v2\/users\/1"}],"replies":[{"embeddable":true,"href":"https:\/\/www.errebi-group.com\/fr\/wp-json\/wp\/v2\/comments?post=1926"}],"version-history":[{"count":1,"href":"https:\/\/www.errebi-group.com\/fr\/wp-json\/wp\/v2\/pages\/1926\/revisions"}],"predecessor-version":[{"id":2202,"href":"https:\/\/www.errebi-group.com\/fr\/wp-json\/wp\/v2\/pages\/1926\/revisions\/2202"}],"wp:featuredmedia":[{"embeddable":true,"href":"https:\/\/www.errebi-group.com\/fr\/wp-json\/wp\/v2\/media\/1683"}],"wp:attachment":[{"href":"https:\/\/www.errebi-group.com\/fr\/wp-json\/wp\/v2\/media?parent=1926"}],"curies":[{"name":"wp","href":"https:\/\/api.w.org\/{rel}","templated":true}]}}