{"id":1930,"date":"2025-04-28T10:53:15","date_gmt":"2025-04-28T10:53:15","guid":{"rendered":"https:\/\/www.errebi-group.com\/cablages-et-composants-electriques-pour-lautomatisation-industrielle\/"},"modified":"2025-09-29T13:50:51","modified_gmt":"2025-09-29T13:50:51","slug":"automatisation-industrielle","status":"publish","type":"page","link":"https:\/\/www.errebi-group.com\/fr\/automatisation-industrielle","title":{"rendered":"C\u00e2blages et composants \u00e9lectriques pour l\u2019automatisation industrielle"},"content":{"rendered":"<p><strong>Le secteur de l\u2019automatisation industrielle<\/strong> fait assur\u00e9ment partie de ceux auxquels une attention particuli\u00e8re est accord\u00e9e, tant en ce qui concerne <strong><a href=\"https:\/\/www.errebi-group.com\/it\/produzione-cablaggi-elettrici\">la r\u00e9alisation de c\u00e2blages<\/a> et d\u2019installations \u00e9lectriques \u00e0 bord de machines<\/strong> que pour <strong><a href=\"https:\/\/www.errebi-group.com\/it\/produzione-quadri-elettrici\">la production de tableaux de commande<\/a> utilisant diff\u00e9rentes technologies<\/strong>.<\/p>\n<p>Le travail demand\u00e9 peut \u00eatre de plusieurs sortes, comme par exemple<strong> la cr\u00e9ation de syst\u00e8mes en mesure d\u2019automatiser la gestion de l\u2019\u00e9nergie et les lignes de production<\/strong>, mais \u00e9galement <strong>des instruments capables de surveiller les postes de commande gr\u00e2ce aux logiciels d\u00e9di\u00e9s<\/strong>.<\/p>\n<p><strong>Toutes les installations et tous les c\u00e2blages structur\u00e9s<\/strong> affect\u00e9s au secteur de l<strong>\u2019automatisation industrielle sont con\u00e7us avec pr\u00e9cision<\/strong> et <strong>test\u00e9s avec soin afin de garantir leur efficacit\u00e9 et leur fiabilit\u00e9<\/strong>.<\/p>\n<div style=\"height: 48px;\"><\/div>\n<h2>Caract\u00e9ristiques des composants pour l\u2019automatisation<\/h2>\n<p><strong>Pour la r\u00e9alisation de c\u00e2blages destin\u00e9s \u00e0 l\u2019automatisation industrielle<\/strong>, <strong>le choix des gaines techniques adapt\u00e9es \u00e0 l\u2019utilisation sp\u00e9cifique de l\u2019installation est essentiel<\/strong>, en portant une attention particuli\u00e8re \u00e0 <strong>l\u2019espacement entre c\u00e2bles de puissance et c\u00e2bles de commande<\/strong>.<\/p>\n<p>Par ailleurs, <strong>la s\u00e9lection du type de c\u00e2ble et de l\u2019isolant \u00e0 utiliser est tr\u00e8s importante<\/strong>, avec l\u2019utilisation de plus en plus fr\u00e9quente de <strong>r\u00e9seaux de communication qui facilitent la transmission de donn\u00e9es<\/strong>.<\/p>\n<p><strong>Les tableaux d\u2019automatisation<\/strong> peuvent n\u00e9cessiter des <strong>automates programmables<\/strong>, mais \u00e9galement <strong>num\u00e9riques ou des syst\u00e8mes de commande d\u2019axes<\/strong>, des technologies que <strong>nos experts ma\u00eetrisent parfaitement et qu\u2019ils sont en mesure d\u2019utiliser selon les besoins ou l\u2019intervention particuli\u00e8re \u00e0 r\u00e9aliser<\/strong>.<\/p>\n<div style=\"height: 48px;\"><\/div>\n<h2>Conception personnalis\u00e9e<\/h2>\n<p><strong>Pour le secteur de l\u2019automatisation industrielle<\/strong> comme pour tous nos secteurs d\u2019intervention, nous fournissons un <strong>service de conception personnalis\u00e9e de c\u00e2blages et d\u2019assemblages<\/strong>, et essayons de r\u00e9pondre aux exigences des clients et d\u2019adapter autant que possible notre travail \u00e0 la fonction requise.<\/p>\n<p>Pour concevoir puis r\u00e9aliser un c\u00e2blage qui s\u2019adapte au besoin indiqu\u00e9 par l\u2019acheteur, <strong>nos techniciens effectuent une visite afin de comprendre avec pr\u00e9cision l\u2019\u00e9quipement \u00e0 c\u00e2bler<\/strong>, les emplacements o\u00f9 celui-ci fonctionne et l\u2019\u00e9ventuel besoin d\u2019une structure de soutien, <strong>pour ensuite identifier le produit sp\u00e9cifique \u00e0 installer<\/strong>.<\/p>\n<p>Cette proc\u00e9dure <strong>acc\u00e9l\u00e8re sans aucun doute le processus de production<\/strong>, permettant au client de b\u00e9n\u00e9ficier d\u2019<strong>un service parfaitement conforme \u00e0 ses demandes<\/strong> et de parvenir \u00e0 r\u00e9duire en cons\u00e9quence tant les d\u00e9lais que les co\u00fbts de mise en \u0153uvre.<\/p>\n<div style=\"height: 48px;\"><\/div>\n<h2>Conseils sp\u00e9cifiques<\/h2>\n<p>Dans un secteur comme celui de l\u2019automatisation industrielle, il est souvent compliqu\u00e9 de r\u00e9ussir \u00e0 comprendre de mani\u00e8re autonome quel peut \u00eatre <strong>le type de c\u00e2blage id\u00e9al pour l\u2019\u00e9quipement ou pour la fonction dont on a besoin<\/strong>, et encore plus si le produit demand\u00e9 est un <a href=\"https:\/\/www.errebi-group.com\/fr\/assemblages-electromecaniques\"><strong>assemblage<\/strong><\/a> particuli\u00e8rement complexe.<\/p>\n<p>Pour rem\u00e9dier \u00e0 ce type de probl\u00e9matique, nos experts mettent quotidiennement \u00e0 la disposition des clients <strong>leurs connaissances<\/strong> et fournissent les <strong>conseils n\u00e9cessaires \u00e0 l\u2019identification du bon produit pour la fonction sp\u00e9cifiqu<\/strong>e et pour \u00e9ventuellement conseiller<strong> la structure la plus appropri\u00e9e pour soutenir son application<\/strong>.<\/p>\n<p>L\u2019objectif est clairement de <strong>comprendre la situation dans les plus brefs d\u00e9lais<\/strong> et de trouver pour chaque interrogation l<strong>a solution la plus efficace<\/strong> qui puisse garantir au client <strong>un service satisfaisant en mesure d\u2019optimiser par ailleurs le rapport qualit\u00e9-prix<\/strong>.<\/p>\n<div style=\"height: 48px;\"><\/div>\n<h2>Assistance cibl\u00e9e<\/h2>\n<p><strong>Le service d\u2019assistance<\/strong> est actif pour <strong>tous les secteurs d\u2019intervention<\/strong> et par cons\u00e9quent \u00e9galement pour celui de <strong>l\u2019automatisation industrielle<\/strong>.<\/p>\n<p>Nos techniciens apportent une <a href=\"https:\/\/www.errebi-group.com\/fr\/conseils-et-assistance-technique-pour-la-realisation-de-cablages\"><strong>assistance sp\u00e9cifique<\/strong><\/a> pour tous les c\u00e2blages et assemblages install\u00e9s, analysant dans chaque cas la probl\u00e9matique et intervenant de mani\u00e8re cibl\u00e9e apr\u00e8s avoir identifi\u00e9 le dysfonctionnement.<\/p>\n<p>Les interventions peuvent porter sur<strong> l\u2019assemblage dans sa globalit\u00e9 ou un unique c\u00e2ble<\/strong> qui peut \u00eatre identifi\u00e9 et remplac\u00e9 en temps utile afin de permettre \u00e0 l\u2019\u00e9quipement de redevenir op\u00e9rationnel le plus rapidement possible.<\/p>\n<p><strong>Les comp\u00e9tences de nos experts<\/strong> concernent tous les secteurs couverts par notre entreprise, ce qui leur permet de <strong>comprendre le probl\u00e8me dans son ensemble<\/strong>, mais \u00e9galement de <strong>saisir chaque d\u00e9tail sp\u00e9cifique au domaine en question.<\/strong><\/p>\n","protected":false},"excerpt":{"rendered":"<p>Le secteur de l\u2019automatisation industrielle fait assur\u00e9ment partie de ceux auxquels une attention particuli\u00e8re est accord\u00e9e, tant en ce qui concerne la r\u00e9alisation de c\u00e2blages et d\u2019installations \u00e9lectriques \u00e0 bord de machines que pour la production de tableaux de commande utilisant diff\u00e9rentes technologies. Le travail demand\u00e9 peut \u00eatre de plusieurs sortes, comme par exemple la [&hellip;]<\/p>\n","protected":false},"author":1,"featured_media":1651,"parent":0,"menu_order":0,"comment_status":"closed","ping_status":"closed","template":"","meta":{"footnotes":""},"class_list":["post-1930","page","type-page","status-publish","has-post-thumbnail","hentry"],"yoast_head":"<!-- This site is optimized with the Yoast SEO plugin v27.4 - https:\/\/yoast.com\/product\/yoast-seo-wordpress\/ -->\n<title>C\u00e2blages pour l\u2019automatisation industrielle, c\u00e2bles et composants \u00e9lectriques<\/title>\n<meta name=\"description\" content=\"Le secteur de l\u2019automatisation industrielle fait assur\u00e9ment partie de ceux auxquels une attention particuli\u00e8re est accord\u00e9e, tant en ce qui concerne la r\u00e9alisation de c\u00e2blages et d\u2019installations...\" \/>\n<meta name=\"robots\" content=\"index, follow, max-snippet:-1, max-image-preview:large, max-video-preview:-1\" \/>\n<link rel=\"canonical\" href=\"https:\/\/www.errebi-group.com\/fr\/automatisation-industrielle\" \/>\n<meta property=\"og:locale\" content=\"fr_FR\" \/>\n<meta property=\"og:type\" content=\"article\" \/>\n<meta property=\"og:title\" content=\"C\u00e2blages pour l\u2019automatisation industrielle, c\u00e2bles et composants \u00e9lectriques\" \/>\n<meta property=\"og:description\" content=\"Le secteur de l\u2019automatisation industrielle fait assur\u00e9ment partie de ceux auxquels une attention particuli\u00e8re est accord\u00e9e, tant en ce qui concerne la r\u00e9alisation de c\u00e2blages et d\u2019installations...\" \/>\n<meta property=\"og:url\" content=\"https:\/\/www.errebi-group.com\/fr\/automatisation-industrielle\" \/>\n<meta property=\"og:site_name\" content=\"ErreBi Group\" \/>\n<meta property=\"article:publisher\" content=\"https:\/\/www.facebook.com\/errebigroupsrl\" \/>\n<meta property=\"article:modified_time\" content=\"2025-09-29T13:50:51+00:00\" \/>\n<meta property=\"og:image\" content=\"https:\/\/www.errebi-group.com\/wp-content\/uploads\/2025\/04\/automazione-industriale-campo-di-impiego-errebi-group-hero-section.webp\" \/>\n\t<meta property=\"og:image:width\" content=\"1920\" \/>\n\t<meta property=\"og:image:height\" content=\"1080\" \/>\n\t<meta property=\"og:image:type\" content=\"image\/webp\" \/>\n<meta name=\"twitter:card\" content=\"summary_large_image\" \/>\n<meta name=\"twitter:label1\" content=\"Dur\u00e9e de lecture estim\u00e9e\" \/>\n\t<meta name=\"twitter:data1\" content=\"4 minutes\" \/>\n<script type=\"application\/ld+json\" class=\"yoast-schema-graph\">{\"@context\":\"https:\\\/\\\/schema.org\",\"@graph\":[{\"@type\":\"WebPage\",\"@id\":\"https:\\\/\\\/www.errebi-group.com\\\/fr\\\/automatisation-industrielle\",\"url\":\"https:\\\/\\\/www.errebi-group.com\\\/fr\\\/automatisation-industrielle\",\"name\":\"C\u00e2blages pour l\u2019automatisation industrielle, c\u00e2bles et composants \u00e9lectriques\",\"isPartOf\":{\"@id\":\"https:\\\/\\\/www.errebi-group.com\\\/fr#website\"},\"primaryImageOfPage\":{\"@id\":\"https:\\\/\\\/www.errebi-group.com\\\/fr\\\/automatisation-industrielle#primaryimage\"},\"image\":{\"@id\":\"https:\\\/\\\/www.errebi-group.com\\\/fr\\\/automatisation-industrielle#primaryimage\"},\"thumbnailUrl\":\"https:\\\/\\\/www.errebi-group.com\\\/wp-content\\\/uploads\\\/2025\\\/04\\\/automazione-industriale-campo-di-impiego-errebi-group-hero-section.webp\",\"datePublished\":\"2025-04-28T10:53:15+00:00\",\"dateModified\":\"2025-09-29T13:50:51+00:00\",\"description\":\"Le secteur de l\u2019automatisation industrielle fait assur\u00e9ment partie de ceux auxquels une attention particuli\u00e8re est accord\u00e9e, tant en ce qui concerne la r\u00e9alisation de c\u00e2blages et d\u2019installations...\",\"breadcrumb\":{\"@id\":\"https:\\\/\\\/www.errebi-group.com\\\/fr\\\/automatisation-industrielle#breadcrumb\"},\"inLanguage\":\"fr-FR\",\"potentialAction\":[{\"@type\":\"ReadAction\",\"target\":[\"https:\\\/\\\/www.errebi-group.com\\\/fr\\\/automatisation-industrielle\"]}]},{\"@type\":\"ImageObject\",\"inLanguage\":\"fr-FR\",\"@id\":\"https:\\\/\\\/www.errebi-group.com\\\/fr\\\/automatisation-industrielle#primaryimage\",\"url\":\"https:\\\/\\\/www.errebi-group.com\\\/wp-content\\\/uploads\\\/2025\\\/04\\\/automazione-industriale-campo-di-impiego-errebi-group-hero-section.webp\",\"contentUrl\":\"https:\\\/\\\/www.errebi-group.com\\\/wp-content\\\/uploads\\\/2025\\\/04\\\/automazione-industriale-campo-di-impiego-errebi-group-hero-section.webp\",\"width\":1920,\"height\":1080,\"caption\":\"Syst\u00e8me d\u2019automatisation industrielle avec c\u00e2blages et connecteurs sur des machines \u00e0 haute efficacit\u00e9\"},{\"@type\":\"BreadcrumbList\",\"@id\":\"https:\\\/\\\/www.errebi-group.com\\\/fr\\\/automatisation-industrielle#breadcrumb\",\"itemListElement\":[{\"@type\":\"ListItem\",\"position\":1,\"name\":\"Home\",\"item\":\"https:\\\/\\\/www.errebi-group.com\\\/fr\"},{\"@type\":\"ListItem\",\"position\":2,\"name\":\"C\u00e2blages et composants \u00e9lectriques pour l\u2019automatisation industrielle\"}]},{\"@type\":\"WebSite\",\"@id\":\"https:\\\/\\\/www.errebi-group.com\\\/fr#website\",\"url\":\"https:\\\/\\\/www.errebi-group.com\\\/fr\",\"name\":\"Errebi Group - Azienda produttrice di Cablaggi e Quadri Elettrici\",\"description\":\"Azienda produttrice di Cablaggi e Quadri Elettrici\",\"publisher\":{\"@id\":\"https:\\\/\\\/www.errebi-group.com\\\/fr#organization\"},\"potentialAction\":[{\"@type\":\"SearchAction\",\"target\":{\"@type\":\"EntryPoint\",\"urlTemplate\":\"https:\\\/\\\/www.errebi-group.com\\\/fr?s={search_term_string}\"},\"query-input\":{\"@type\":\"PropertyValueSpecification\",\"valueRequired\":true,\"valueName\":\"search_term_string\"}}],\"inLanguage\":\"fr-FR\"},{\"@type\":\"Organization\",\"@id\":\"https:\\\/\\\/www.errebi-group.com\\\/fr#organization\",\"name\":\"Errebi Group\",\"url\":\"https:\\\/\\\/www.errebi-group.com\\\/fr\",\"logo\":{\"@type\":\"ImageObject\",\"inLanguage\":\"fr-FR\",\"@id\":\"https:\\\/\\\/www.errebi-group.com\\\/fr#\\\/schema\\\/logo\\\/image\\\/\",\"url\":\"https:\\\/\\\/www.errebi-group.com\\\/wp-content\\\/uploads\\\/2025\\\/04\\\/logo-errebi-group-payoff-white-website.png\",\"contentUrl\":\"https:\\\/\\\/www.errebi-group.com\\\/wp-content\\\/uploads\\\/2025\\\/04\\\/logo-errebi-group-payoff-white-website.png\",\"width\":610,\"height\":100,\"caption\":\"Errebi Group\"},\"image\":{\"@id\":\"https:\\\/\\\/www.errebi-group.com\\\/fr#\\\/schema\\\/logo\\\/image\\\/\"},\"sameAs\":[\"https:\\\/\\\/www.facebook.com\\\/errebigroupsrl\",\"https:\\\/\\\/www.instagram.com\\\/errebi.group?igsh=cGNzN3FpcDFqNm1i\",\"https:\\\/\\\/www.linkedin.com\\\/company\\\/errebigroup\\\/?originalSubdomain=it\",\"https:\\\/\\\/www.youtube.com\\\/@errebigroup\"]}]}<\/script>\n<!-- \/ Yoast SEO plugin. -->","yoast_head_json":{"title":"C\u00e2blages pour l\u2019automatisation industrielle, c\u00e2bles et composants \u00e9lectriques","description":"Le secteur de l\u2019automatisation industrielle fait assur\u00e9ment partie de ceux auxquels une attention particuli\u00e8re est accord\u00e9e, tant en ce qui concerne la r\u00e9alisation de c\u00e2blages et d\u2019installations...","robots":{"index":"index","follow":"follow","max-snippet":"max-snippet:-1","max-image-preview":"max-image-preview:large","max-video-preview":"max-video-preview:-1"},"canonical":"https:\/\/www.errebi-group.com\/fr\/automatisation-industrielle","og_locale":"fr_FR","og_type":"article","og_title":"C\u00e2blages pour l\u2019automatisation industrielle, c\u00e2bles et composants \u00e9lectriques","og_description":"Le secteur de l\u2019automatisation industrielle fait assur\u00e9ment partie de ceux auxquels une attention particuli\u00e8re est accord\u00e9e, tant en ce qui concerne la r\u00e9alisation de c\u00e2blages et d\u2019installations...","og_url":"https:\/\/www.errebi-group.com\/fr\/automatisation-industrielle","og_site_name":"ErreBi Group","article_publisher":"https:\/\/www.facebook.com\/errebigroupsrl","article_modified_time":"2025-09-29T13:50:51+00:00","og_image":[{"width":1920,"height":1080,"url":"https:\/\/www.errebi-group.com\/wp-content\/uploads\/2025\/04\/automazione-industriale-campo-di-impiego-errebi-group-hero-section.webp","type":"image\/webp"}],"twitter_card":"summary_large_image","twitter_misc":{"Dur\u00e9e de lecture estim\u00e9e":"4 minutes"},"schema":{"@context":"https:\/\/schema.org","@graph":[{"@type":"WebPage","@id":"https:\/\/www.errebi-group.com\/fr\/automatisation-industrielle","url":"https:\/\/www.errebi-group.com\/fr\/automatisation-industrielle","name":"C\u00e2blages pour l\u2019automatisation industrielle, c\u00e2bles et composants \u00e9lectriques","isPartOf":{"@id":"https:\/\/www.errebi-group.com\/fr#website"},"primaryImageOfPage":{"@id":"https:\/\/www.errebi-group.com\/fr\/automatisation-industrielle#primaryimage"},"image":{"@id":"https:\/\/www.errebi-group.com\/fr\/automatisation-industrielle#primaryimage"},"thumbnailUrl":"https:\/\/www.errebi-group.com\/wp-content\/uploads\/2025\/04\/automazione-industriale-campo-di-impiego-errebi-group-hero-section.webp","datePublished":"2025-04-28T10:53:15+00:00","dateModified":"2025-09-29T13:50:51+00:00","description":"Le secteur de l\u2019automatisation industrielle fait assur\u00e9ment partie de ceux auxquels une attention particuli\u00e8re est accord\u00e9e, tant en ce qui concerne la r\u00e9alisation de c\u00e2blages et d\u2019installations...","breadcrumb":{"@id":"https:\/\/www.errebi-group.com\/fr\/automatisation-industrielle#breadcrumb"},"inLanguage":"fr-FR","potentialAction":[{"@type":"ReadAction","target":["https:\/\/www.errebi-group.com\/fr\/automatisation-industrielle"]}]},{"@type":"ImageObject","inLanguage":"fr-FR","@id":"https:\/\/www.errebi-group.com\/fr\/automatisation-industrielle#primaryimage","url":"https:\/\/www.errebi-group.com\/wp-content\/uploads\/2025\/04\/automazione-industriale-campo-di-impiego-errebi-group-hero-section.webp","contentUrl":"https:\/\/www.errebi-group.com\/wp-content\/uploads\/2025\/04\/automazione-industriale-campo-di-impiego-errebi-group-hero-section.webp","width":1920,"height":1080,"caption":"Syst\u00e8me d\u2019automatisation industrielle avec c\u00e2blages et connecteurs sur des machines \u00e0 haute efficacit\u00e9"},{"@type":"BreadcrumbList","@id":"https:\/\/www.errebi-group.com\/fr\/automatisation-industrielle#breadcrumb","itemListElement":[{"@type":"ListItem","position":1,"name":"Home","item":"https:\/\/www.errebi-group.com\/fr"},{"@type":"ListItem","position":2,"name":"C\u00e2blages et composants \u00e9lectriques pour l\u2019automatisation industrielle"}]},{"@type":"WebSite","@id":"https:\/\/www.errebi-group.com\/fr#website","url":"https:\/\/www.errebi-group.com\/fr","name":"Errebi Group - Azienda produttrice di Cablaggi e Quadri Elettrici","description":"Azienda produttrice di Cablaggi e Quadri Elettrici","publisher":{"@id":"https:\/\/www.errebi-group.com\/fr#organization"},"potentialAction":[{"@type":"SearchAction","target":{"@type":"EntryPoint","urlTemplate":"https:\/\/www.errebi-group.com\/fr?s={search_term_string}"},"query-input":{"@type":"PropertyValueSpecification","valueRequired":true,"valueName":"search_term_string"}}],"inLanguage":"fr-FR"},{"@type":"Organization","@id":"https:\/\/www.errebi-group.com\/fr#organization","name":"Errebi Group","url":"https:\/\/www.errebi-group.com\/fr","logo":{"@type":"ImageObject","inLanguage":"fr-FR","@id":"https:\/\/www.errebi-group.com\/fr#\/schema\/logo\/image\/","url":"https:\/\/www.errebi-group.com\/wp-content\/uploads\/2025\/04\/logo-errebi-group-payoff-white-website.png","contentUrl":"https:\/\/www.errebi-group.com\/wp-content\/uploads\/2025\/04\/logo-errebi-group-payoff-white-website.png","width":610,"height":100,"caption":"Errebi Group"},"image":{"@id":"https:\/\/www.errebi-group.com\/fr#\/schema\/logo\/image\/"},"sameAs":["https:\/\/www.facebook.com\/errebigroupsrl","https:\/\/www.instagram.com\/errebi.group?igsh=cGNzN3FpcDFqNm1i","https:\/\/www.linkedin.com\/company\/errebigroup\/?originalSubdomain=it","https:\/\/www.youtube.com\/@errebigroup"]}]}},"_links":{"self":[{"href":"https:\/\/www.errebi-group.com\/fr\/wp-json\/wp\/v2\/pages\/1930","targetHints":{"allow":["GET"]}}],"collection":[{"href":"https:\/\/www.errebi-group.com\/fr\/wp-json\/wp\/v2\/pages"}],"about":[{"href":"https:\/\/www.errebi-group.com\/fr\/wp-json\/wp\/v2\/types\/page"}],"author":[{"embeddable":true,"href":"https:\/\/www.errebi-group.com\/fr\/wp-json\/wp\/v2\/users\/1"}],"replies":[{"embeddable":true,"href":"https:\/\/www.errebi-group.com\/fr\/wp-json\/wp\/v2\/comments?post=1930"}],"version-history":[{"count":2,"href":"https:\/\/www.errebi-group.com\/fr\/wp-json\/wp\/v2\/pages\/1930\/revisions"}],"predecessor-version":[{"id":2405,"href":"https:\/\/www.errebi-group.com\/fr\/wp-json\/wp\/v2\/pages\/1930\/revisions\/2405"}],"wp:featuredmedia":[{"embeddable":true,"href":"https:\/\/www.errebi-group.com\/fr\/wp-json\/wp\/v2\/media\/1651"}],"wp:attachment":[{"href":"https:\/\/www.errebi-group.com\/fr\/wp-json\/wp\/v2\/media?parent=1930"}],"curies":[{"name":"wp","href":"https:\/\/api.w.org\/{rel}","templated":true}]}}