{"id":1934,"date":"2025-04-28T12:52:09","date_gmt":"2025-04-28T12:52:09","guid":{"rendered":"https:\/\/www.errebi-group.com\/cablages-et-composants-electriques-pour-la-robotique\/"},"modified":"2025-09-29T13:48:15","modified_gmt":"2025-09-29T13:48:15","slug":"robotique","status":"publish","type":"page","link":"https:\/\/www.errebi-group.com\/fr\/robotique","title":{"rendered":"C\u00e2blages et composants \u00e9lectriques pour la robotique"},"content":{"rendered":"<p><strong>Le secteur de la robotique<\/strong> concerne une branche de l\u2019ing\u00e9nierie qui \u00e9tudie et r\u00e9alise des <strong>syst\u00e8mes automatis\u00e9s capables d\u2019effectuer des t\u00e2ches et actions sp\u00e9cifiques<\/strong> se substituant au travail physique de l\u2019humain. Songez par exemple aux <strong>bras m\u00e9caniques<\/strong> qui d\u00e9placent de lourds \u00e9quipements dans les usines.<\/p>\n<p><strong>La domotique<\/strong>, c\u2019est-\u00e0-dire <strong>la robotique appliqu\u00e9e \u00e0 l\u2019environnement domestique<\/strong>, est un autre domaine en constante \u00e9volution dans le secteur de la robotique. Il s\u2019agit d\u2019appareils qui peuvent accomplir de simples t\u00e2ches domestiques comme se d\u00e9placer et aspirer la poussi\u00e8re sans l\u2019aide d\u2019un \u00eatre humain, ou allumer et \u00e9teindre des lumi\u00e8res sur simple commande vocale.<\/p>\n<p>Ce <strong>secteur r\u00e9solument innovant et r\u00e9volutionnaire<\/strong> n\u00e9cessite des <strong>instruments toujours nouveaux pour progresser<\/strong>: m\u00eame<strong> les c\u00e2blages relatifs \u00e0 ce secteur<\/strong> repr\u00e9sentent donc \u00e9galement une <strong>production en croissance constante<\/strong>.<\/p>\n<div style=\"height: 48px;\"><\/div>\n<h2>Caract\u00e9ristiques des composants pour la robotique<\/h2>\n<p>Comme nous l\u2019avons vu, <strong>la robotique s\u2019applique \u00e0 de nombreux domaines<\/strong> (<a href=\"https:\/\/www.errebi-group.com\/it\/settore-del-bianco\">domestique<\/a>, <a href=\"https:\/\/www.errebi-group.com\/it\/elettromedicale\">biom\u00e9dical<\/a>, <a href=\"https:\/\/www.errebi-group.com\/it\/automazione-industriale\">industriel<\/a>, <a href=\"https:\/\/www.errebi-group.com\/it\/militare\">militaire<\/a> et <a href=\"https:\/\/www.errebi-group.com\/it\/campi-di-impiego\">bien d\u2019autres<\/a>). <strong>Les c\u00e2blages appartenant \u00e0 ce secteur<\/strong> seront donc eux aussi vari\u00e9s et <strong>diff\u00e9rents les uns des autres<\/strong>.<\/p>\n<p>Cela va des <strong>c\u00e2bles les plus traditionnels<\/strong>, comme ceux que l\u2019on trouve par exemple dans les interrupteurs et dispositifs classiques (c\u00e2bles de tension, c\u00e2bles avec connecteurs, c\u00e2bles torsad\u00e9s) jusqu\u2019aux <strong>c\u00e2blages plus techniques<\/strong> et sectoriels.<\/p>\n<p>Dans cette derni\u00e8re cat\u00e9gorie, il y aura par exemples <strong>les cordons lin\u00e9aires<\/strong>, <strong>les cordons extensibles<\/strong>,<strong> les c\u00e2bles spiral\u00e9s<\/strong> et tous ces<strong> c\u00e2bles de connexion en mesure de garantir une bonne r\u00e9sistance \u00e0 la torsion et au pliage<\/strong>, afin d\u2019assurer une plus grande fiabilit\u00e9 aux installations et aux \u00e9quipements dans lesquels ils sont mont\u00e9s.<\/p>\n<div style=\"height: 48px;\"><\/div>\n<h2>Conception personnalis\u00e9e<\/h2>\n<p>Pour <strong>le secteur de la robotique<\/strong>, habitables comme pour tous nos secteurs d\u2019intervention,<strong> nous fournissons un service de <a href=\"https:\/\/www.errebi-group.com\/it\/progettazione-cablaggi\">conception personnalis\u00e9e de c\u00e2blages<\/a> et d\u2019assemblages<\/strong>, et essayons de r\u00e9pondre aux exigences des clients et d\u2019adapter autant que possible notre travail \u00e0 la fonction requise.<\/p>\n<p>Pour concevoir puis <a href=\"https:\/\/www.errebi-group.com\/it\/produzione-cablaggi-elettrici\">r\u00e9aliser un c\u00e2blage<\/a> qui s\u2019adapte au besoin indiqu\u00e9 par l\u2019acheteur, <strong>nos techniciens effectuent une visite<\/strong> afin de comprendre avec pr\u00e9cision l\u2019\u00e9quipement \u00e0 c\u00e2bler, les emplacements o\u00f9 celui-ci fonctionne et l\u2019\u00e9ventuel besoin d\u2019une structure de soutien, <strong>pour ensuite identifier le produit sp\u00e9cifique \u00e0 installer<\/strong>.<\/p>\n<p>Cette proc\u00e9dure <strong>acc\u00e9l\u00e8re sans aucun doute le processus de production<\/strong>, permettant au client de b\u00e9n\u00e9ficier d\u2019<strong>un service parfaitement conforme \u00e0 ses demandes<\/strong> et de parvenir \u00e0 r\u00e9duire en cons\u00e9quence tant les d\u00e9lais que les co\u00fbts de mise en \u0153uvre.<\/p>\n<div style=\"height: 48px;\"><\/div>\n<h2>Conseils sp\u00e9cifiques<\/h2>\n<p>Dans un secteur comme celui de <strong>la robotique<\/strong>, il est souvent compliqu\u00e9 de r\u00e9ussir \u00e0 comprendre de mani\u00e8re autonome quel peut \u00eatre l<strong>e type de c\u00e2blage id\u00e9al pour l\u2019\u00e9quipement ou pour la fonction dont on a besoin<\/strong>, et encore plus si le produit demand\u00e9 est <strong>un assemblage particuli\u00e8rement complexe<\/strong>.<\/p>\n<p>Pour rem\u00e9dier \u00e0 ce type de probl\u00e9matique, nos experts mettent quotidiennement \u00e0 la disposition des clients <strong>leurs connaissances<\/strong> et fournissent les <strong>conseils n\u00e9cessaires \u00e0 l\u2019identification du bon produit pour la fonction sp\u00e9cifiqu<\/strong>e et pour \u00e9ventuellement conseiller<strong> la structure la plus appropri\u00e9e pour soutenir son application<\/strong>.<\/p>\n<p>L\u2019objectif est clairement de <strong>comprendre la situation dans les plus brefs d\u00e9lais<\/strong> et de trouver pour chaque interrogation l<strong>a solution la plus efficace<\/strong> qui puisse garantir au client <strong>un service satisfaisant en mesure d\u2019optimiser par ailleurs le rapport qualit\u00e9-prix<\/strong>.<\/p>\n<div style=\"height: 48px;\"><\/div>\n<h2>Assistance cibl\u00e9e<\/h2>\n<p>Le service d\u2019assistance est actif pour tous les secteurs d\u2019intervention et par cons\u00e9quent \u00e9galement pour celui de la robotique. Nos techniciens apportent une <a href=\"https:\/\/www.errebi-group.com\/it\/consulenza\">assistance sp\u00e9cifique pour tous les c\u00e2blages<\/a> et assemblages install\u00e9s, analysant dans chaque cas la probl\u00e9matique et intervenant de mani\u00e8re cibl\u00e9e apr\u00e8s avoir identifi\u00e9 le dysfonctionnement. Les interventions peuvent porter sur l\u2019assemblage dans sa globalit\u00e9 ou un unique c\u00e2ble qui peut \u00eatre identifi\u00e9 et remplac\u00e9 en temps utile afin de permettre \u00e0 l\u2019\u00e9quipement de redevenir op\u00e9rationnel le plus rapidement possible. Les comp\u00e9tences de nos experts concernent tous les secteurs couverts par notre entreprise, ce qui leur permet de comprendre le probl\u00e8me dans son ensemble, mais \u00e9galement de saisir chaque d\u00e9tail sp\u00e9cifique au domaine en question.<\/p>\n","protected":false},"excerpt":{"rendered":"<p>Le secteur de la robotique concerne une branche de l\u2019ing\u00e9nierie qui \u00e9tudie et r\u00e9alise des syst\u00e8mes automatis\u00e9s capables d\u2019effectuer des t\u00e2ches et actions sp\u00e9cifiques se substituant au travail physique de l\u2019humain. Songez par exemple aux bras m\u00e9caniques qui d\u00e9placent de lourds \u00e9quipements dans les usines. La domotique, c\u2019est-\u00e0-dire la robotique appliqu\u00e9e \u00e0 l\u2019environnement domestique, est [&hellip;]<\/p>\n","protected":false},"author":1,"featured_media":1695,"parent":0,"menu_order":0,"comment_status":"closed","ping_status":"closed","template":"","meta":{"footnotes":""},"class_list":["post-1934","page","type-page","status-publish","has-post-thumbnail","hentry"],"yoast_head":"<!-- This site is optimized with the Yoast SEO plugin v27.4 - https:\/\/yoast.com\/product\/yoast-seo-wordpress\/ -->\n<title>C\u00e2blages pour la robotique, c\u00e2bles et composants \u00e9lectriques<\/title>\n<meta name=\"description\" content=\"Le secteur de la robotique concerne une branche de l\u2019ing\u00e9nierie qui \u00e9tudie et r\u00e9alise des syst\u00e8mes automatis\u00e9s capables d\u2019effectuer des t\u00e2ches et actions sp\u00e9cifiques se substituant au travail ...\" \/>\n<meta name=\"robots\" content=\"index, follow, max-snippet:-1, max-image-preview:large, max-video-preview:-1\" \/>\n<link rel=\"canonical\" href=\"https:\/\/www.errebi-group.com\/fr\/robotique\" \/>\n<meta property=\"og:locale\" content=\"fr_FR\" \/>\n<meta property=\"og:type\" content=\"article\" \/>\n<meta property=\"og:title\" content=\"C\u00e2blages pour la robotique, c\u00e2bles et composants \u00e9lectriques\" \/>\n<meta property=\"og:description\" content=\"Le secteur de la robotique concerne une branche de l\u2019ing\u00e9nierie qui \u00e9tudie et r\u00e9alise des syst\u00e8mes automatis\u00e9s capables d\u2019effectuer des t\u00e2ches et actions sp\u00e9cifiques se substituant au travail ...\" \/>\n<meta property=\"og:url\" content=\"https:\/\/www.errebi-group.com\/fr\/robotique\" \/>\n<meta property=\"og:site_name\" content=\"ErreBi Group\" \/>\n<meta property=\"article:publisher\" content=\"https:\/\/www.facebook.com\/errebigroupsrl\" \/>\n<meta property=\"article:modified_time\" content=\"2025-09-29T13:48:15+00:00\" \/>\n<meta property=\"og:image\" content=\"https:\/\/www.errebi-group.com\/wp-content\/uploads\/2025\/04\/robotica-campo-di-impiego-errebi-group-hero-section.webp\" \/>\n\t<meta property=\"og:image:width\" content=\"1920\" \/>\n\t<meta property=\"og:image:height\" content=\"1080\" \/>\n\t<meta property=\"og:image:type\" content=\"image\/webp\" \/>\n<meta name=\"twitter:card\" content=\"summary_large_image\" \/>\n<meta name=\"twitter:label1\" content=\"Dur\u00e9e de lecture estim\u00e9e\" \/>\n\t<meta name=\"twitter:data1\" content=\"4 minutes\" \/>\n<script type=\"application\/ld+json\" class=\"yoast-schema-graph\">{\"@context\":\"https:\\\/\\\/schema.org\",\"@graph\":[{\"@type\":\"WebPage\",\"@id\":\"https:\\\/\\\/www.errebi-group.com\\\/fr\\\/robotique\",\"url\":\"https:\\\/\\\/www.errebi-group.com\\\/fr\\\/robotique\",\"name\":\"C\u00e2blages pour la robotique, c\u00e2bles et composants \u00e9lectriques\",\"isPartOf\":{\"@id\":\"https:\\\/\\\/www.errebi-group.com\\\/fr#website\"},\"primaryImageOfPage\":{\"@id\":\"https:\\\/\\\/www.errebi-group.com\\\/fr\\\/robotique#primaryimage\"},\"image\":{\"@id\":\"https:\\\/\\\/www.errebi-group.com\\\/fr\\\/robotique#primaryimage\"},\"thumbnailUrl\":\"https:\\\/\\\/www.errebi-group.com\\\/wp-content\\\/uploads\\\/2025\\\/04\\\/robotica-campo-di-impiego-errebi-group-hero-section.webp\",\"datePublished\":\"2025-04-28T12:52:09+00:00\",\"dateModified\":\"2025-09-29T13:48:15+00:00\",\"description\":\"Le secteur de la robotique concerne une branche de l\u2019ing\u00e9nierie qui \u00e9tudie et r\u00e9alise des syst\u00e8mes automatis\u00e9s capables d\u2019effectuer des t\u00e2ches et actions sp\u00e9cifiques se substituant au travail ...\",\"breadcrumb\":{\"@id\":\"https:\\\/\\\/www.errebi-group.com\\\/fr\\\/robotique#breadcrumb\"},\"inLanguage\":\"fr-FR\",\"potentialAction\":[{\"@type\":\"ReadAction\",\"target\":[\"https:\\\/\\\/www.errebi-group.com\\\/fr\\\/robotique\"]}]},{\"@type\":\"ImageObject\",\"inLanguage\":\"fr-FR\",\"@id\":\"https:\\\/\\\/www.errebi-group.com\\\/fr\\\/robotique#primaryimage\",\"url\":\"https:\\\/\\\/www.errebi-group.com\\\/wp-content\\\/uploads\\\/2025\\\/04\\\/robotica-campo-di-impiego-errebi-group-hero-section.webp\",\"contentUrl\":\"https:\\\/\\\/www.errebi-group.com\\\/wp-content\\\/uploads\\\/2025\\\/04\\\/robotica-campo-di-impiego-errebi-group-hero-section.webp\",\"width\":1920,\"height\":1080,\"caption\":\"Bras de robot avec c\u00e2bles Ethernet bleus, automatisation et robotique de pr\u00e9cision\"},{\"@type\":\"BreadcrumbList\",\"@id\":\"https:\\\/\\\/www.errebi-group.com\\\/fr\\\/robotique#breadcrumb\",\"itemListElement\":[{\"@type\":\"ListItem\",\"position\":1,\"name\":\"Home\",\"item\":\"https:\\\/\\\/www.errebi-group.com\\\/fr\"},{\"@type\":\"ListItem\",\"position\":2,\"name\":\"C\u00e2blages et composants \u00e9lectriques pour la robotique\"}]},{\"@type\":\"WebSite\",\"@id\":\"https:\\\/\\\/www.errebi-group.com\\\/fr#website\",\"url\":\"https:\\\/\\\/www.errebi-group.com\\\/fr\",\"name\":\"Errebi Group - Azienda produttrice di Cablaggi e Quadri Elettrici\",\"description\":\"Azienda produttrice di Cablaggi e Quadri Elettrici\",\"publisher\":{\"@id\":\"https:\\\/\\\/www.errebi-group.com\\\/fr#organization\"},\"potentialAction\":[{\"@type\":\"SearchAction\",\"target\":{\"@type\":\"EntryPoint\",\"urlTemplate\":\"https:\\\/\\\/www.errebi-group.com\\\/fr?s={search_term_string}\"},\"query-input\":{\"@type\":\"PropertyValueSpecification\",\"valueRequired\":true,\"valueName\":\"search_term_string\"}}],\"inLanguage\":\"fr-FR\"},{\"@type\":\"Organization\",\"@id\":\"https:\\\/\\\/www.errebi-group.com\\\/fr#organization\",\"name\":\"Errebi Group\",\"url\":\"https:\\\/\\\/www.errebi-group.com\\\/fr\",\"logo\":{\"@type\":\"ImageObject\",\"inLanguage\":\"fr-FR\",\"@id\":\"https:\\\/\\\/www.errebi-group.com\\\/fr#\\\/schema\\\/logo\\\/image\\\/\",\"url\":\"https:\\\/\\\/www.errebi-group.com\\\/wp-content\\\/uploads\\\/2025\\\/04\\\/logo-errebi-group-payoff-white-website.png\",\"contentUrl\":\"https:\\\/\\\/www.errebi-group.com\\\/wp-content\\\/uploads\\\/2025\\\/04\\\/logo-errebi-group-payoff-white-website.png\",\"width\":610,\"height\":100,\"caption\":\"Errebi Group\"},\"image\":{\"@id\":\"https:\\\/\\\/www.errebi-group.com\\\/fr#\\\/schema\\\/logo\\\/image\\\/\"},\"sameAs\":[\"https:\\\/\\\/www.facebook.com\\\/errebigroupsrl\",\"https:\\\/\\\/www.instagram.com\\\/errebi.group?igsh=cGNzN3FpcDFqNm1i\",\"https:\\\/\\\/www.linkedin.com\\\/company\\\/errebigroup\\\/?originalSubdomain=it\",\"https:\\\/\\\/www.youtube.com\\\/@errebigroup\"]}]}<\/script>\n<!-- \/ Yoast SEO plugin. -->","yoast_head_json":{"title":"C\u00e2blages pour la robotique, c\u00e2bles et composants \u00e9lectriques","description":"Le secteur de la robotique concerne une branche de l\u2019ing\u00e9nierie qui \u00e9tudie et r\u00e9alise des syst\u00e8mes automatis\u00e9s capables d\u2019effectuer des t\u00e2ches et actions sp\u00e9cifiques se substituant au travail ...","robots":{"index":"index","follow":"follow","max-snippet":"max-snippet:-1","max-image-preview":"max-image-preview:large","max-video-preview":"max-video-preview:-1"},"canonical":"https:\/\/www.errebi-group.com\/fr\/robotique","og_locale":"fr_FR","og_type":"article","og_title":"C\u00e2blages pour la robotique, c\u00e2bles et composants \u00e9lectriques","og_description":"Le secteur de la robotique concerne une branche de l\u2019ing\u00e9nierie qui \u00e9tudie et r\u00e9alise des syst\u00e8mes automatis\u00e9s capables d\u2019effectuer des t\u00e2ches et actions sp\u00e9cifiques se substituant au travail ...","og_url":"https:\/\/www.errebi-group.com\/fr\/robotique","og_site_name":"ErreBi Group","article_publisher":"https:\/\/www.facebook.com\/errebigroupsrl","article_modified_time":"2025-09-29T13:48:15+00:00","og_image":[{"width":1920,"height":1080,"url":"https:\/\/www.errebi-group.com\/wp-content\/uploads\/2025\/04\/robotica-campo-di-impiego-errebi-group-hero-section.webp","type":"image\/webp"}],"twitter_card":"summary_large_image","twitter_misc":{"Dur\u00e9e de lecture estim\u00e9e":"4 minutes"},"schema":{"@context":"https:\/\/schema.org","@graph":[{"@type":"WebPage","@id":"https:\/\/www.errebi-group.com\/fr\/robotique","url":"https:\/\/www.errebi-group.com\/fr\/robotique","name":"C\u00e2blages pour la robotique, c\u00e2bles et composants \u00e9lectriques","isPartOf":{"@id":"https:\/\/www.errebi-group.com\/fr#website"},"primaryImageOfPage":{"@id":"https:\/\/www.errebi-group.com\/fr\/robotique#primaryimage"},"image":{"@id":"https:\/\/www.errebi-group.com\/fr\/robotique#primaryimage"},"thumbnailUrl":"https:\/\/www.errebi-group.com\/wp-content\/uploads\/2025\/04\/robotica-campo-di-impiego-errebi-group-hero-section.webp","datePublished":"2025-04-28T12:52:09+00:00","dateModified":"2025-09-29T13:48:15+00:00","description":"Le secteur de la robotique concerne une branche de l\u2019ing\u00e9nierie qui \u00e9tudie et r\u00e9alise des syst\u00e8mes automatis\u00e9s capables d\u2019effectuer des t\u00e2ches et actions sp\u00e9cifiques se substituant au travail ...","breadcrumb":{"@id":"https:\/\/www.errebi-group.com\/fr\/robotique#breadcrumb"},"inLanguage":"fr-FR","potentialAction":[{"@type":"ReadAction","target":["https:\/\/www.errebi-group.com\/fr\/robotique"]}]},{"@type":"ImageObject","inLanguage":"fr-FR","@id":"https:\/\/www.errebi-group.com\/fr\/robotique#primaryimage","url":"https:\/\/www.errebi-group.com\/wp-content\/uploads\/2025\/04\/robotica-campo-di-impiego-errebi-group-hero-section.webp","contentUrl":"https:\/\/www.errebi-group.com\/wp-content\/uploads\/2025\/04\/robotica-campo-di-impiego-errebi-group-hero-section.webp","width":1920,"height":1080,"caption":"Bras de robot avec c\u00e2bles Ethernet bleus, automatisation et robotique de pr\u00e9cision"},{"@type":"BreadcrumbList","@id":"https:\/\/www.errebi-group.com\/fr\/robotique#breadcrumb","itemListElement":[{"@type":"ListItem","position":1,"name":"Home","item":"https:\/\/www.errebi-group.com\/fr"},{"@type":"ListItem","position":2,"name":"C\u00e2blages et composants \u00e9lectriques pour la robotique"}]},{"@type":"WebSite","@id":"https:\/\/www.errebi-group.com\/fr#website","url":"https:\/\/www.errebi-group.com\/fr","name":"Errebi Group - Azienda produttrice di Cablaggi e Quadri Elettrici","description":"Azienda produttrice di Cablaggi e Quadri Elettrici","publisher":{"@id":"https:\/\/www.errebi-group.com\/fr#organization"},"potentialAction":[{"@type":"SearchAction","target":{"@type":"EntryPoint","urlTemplate":"https:\/\/www.errebi-group.com\/fr?s={search_term_string}"},"query-input":{"@type":"PropertyValueSpecification","valueRequired":true,"valueName":"search_term_string"}}],"inLanguage":"fr-FR"},{"@type":"Organization","@id":"https:\/\/www.errebi-group.com\/fr#organization","name":"Errebi Group","url":"https:\/\/www.errebi-group.com\/fr","logo":{"@type":"ImageObject","inLanguage":"fr-FR","@id":"https:\/\/www.errebi-group.com\/fr#\/schema\/logo\/image\/","url":"https:\/\/www.errebi-group.com\/wp-content\/uploads\/2025\/04\/logo-errebi-group-payoff-white-website.png","contentUrl":"https:\/\/www.errebi-group.com\/wp-content\/uploads\/2025\/04\/logo-errebi-group-payoff-white-website.png","width":610,"height":100,"caption":"Errebi Group"},"image":{"@id":"https:\/\/www.errebi-group.com\/fr#\/schema\/logo\/image\/"},"sameAs":["https:\/\/www.facebook.com\/errebigroupsrl","https:\/\/www.instagram.com\/errebi.group?igsh=cGNzN3FpcDFqNm1i","https:\/\/www.linkedin.com\/company\/errebigroup\/?originalSubdomain=it","https:\/\/www.youtube.com\/@errebigroup"]}]}},"_links":{"self":[{"href":"https:\/\/www.errebi-group.com\/fr\/wp-json\/wp\/v2\/pages\/1934","targetHints":{"allow":["GET"]}}],"collection":[{"href":"https:\/\/www.errebi-group.com\/fr\/wp-json\/wp\/v2\/pages"}],"about":[{"href":"https:\/\/www.errebi-group.com\/fr\/wp-json\/wp\/v2\/types\/page"}],"author":[{"embeddable":true,"href":"https:\/\/www.errebi-group.com\/fr\/wp-json\/wp\/v2\/users\/1"}],"replies":[{"embeddable":true,"href":"https:\/\/www.errebi-group.com\/fr\/wp-json\/wp\/v2\/comments?post=1934"}],"version-history":[{"count":2,"href":"https:\/\/www.errebi-group.com\/fr\/wp-json\/wp\/v2\/pages\/1934\/revisions"}],"predecessor-version":[{"id":2401,"href":"https:\/\/www.errebi-group.com\/fr\/wp-json\/wp\/v2\/pages\/1934\/revisions\/2401"}],"wp:featuredmedia":[{"embeddable":true,"href":"https:\/\/www.errebi-group.com\/fr\/wp-json\/wp\/v2\/media\/1695"}],"wp:attachment":[{"href":"https:\/\/www.errebi-group.com\/fr\/wp-json\/wp\/v2\/media?parent=1934"}],"curies":[{"name":"wp","href":"https:\/\/api.w.org\/{rel}","templated":true}]}}