{"id":1938,"date":"2025-04-28T12:57:19","date_gmt":"2025-04-28T12:57:19","guid":{"rendered":"https:\/\/www.errebi-group.com\/cablages-et-composants-electriques-de-securite\/"},"modified":"2025-09-29T13:48:51","modified_gmt":"2025-09-29T13:48:51","slug":"securite","status":"publish","type":"page","link":"https:\/\/www.errebi-group.com\/fr\/securite","title":{"rendered":"C\u00e2blages et composants \u00e9lectriques de s\u00e9curit\u00e9"},"content":{"rendered":"<p>Lorsqu\u2019il est question de <strong>c\u00e2blages de s\u00e9curit\u00e9<\/strong>, nous faisons r\u00e9f\u00e9rence aux installations employ\u00e9es pour le bon fonctionnement d\u2019appareils tels que les <strong>alarmes, radars et syst\u00e8mes de surveillance<\/strong>.<\/p>\n<p>De la m\u00eame fa\u00e7on, <strong>les c\u00e2blages de s\u00e9curit\u00e9<\/strong> garantissent <strong>la r\u00e9sistance m\u00e9canique ainsi que le d\u00e9bit d\u2019une installation \u00e9lectrique ou \u00e9lectronique<\/strong>.<\/p>\n<p><strong>Les c\u00e2bles utilis\u00e9s<\/strong> sont parmi les plus perfectionn\u00e9s mais aussi les plus fragiles. En effet, ils sont situ\u00e9s dans des appareils parfois tr\u00e8s sophistiqu\u00e9s<strong>, et soumis \u00e0 des contraintes et stimuli de toutes sortes<\/strong> auxquels ils doivent r\u00e9agir rapidement afin de permettre <strong>la transmission correcte des signaux<\/strong> (sonores, acoustiques, visuels, etc.).<\/p>\n<p>En cons\u00e9quence, il est clair que <strong>les c\u00e2blages de ce type <\/strong>devront \u00eatre, outre leur mise en place optimale, <strong>garantis de bonne qualit\u00e9<\/strong> afin de ne pas compromettre le fonctionnement des dispositifs reli\u00e9s.<\/p>\n<div style=\"height: 48px;\"><\/div>\n<h2>Caract\u00e9ristiques des composants \u00e9lectriques de s\u00e9curit\u00e9<\/h2>\n<p><strong>Les c\u00e2blages de s\u00e9curit\u00e9<\/strong> peuvent \u00eatre rang\u00e9s en deux grandes cat\u00e9gories:<\/p>\n<p><strong>Les c\u00e2bles servant \u00e0 surveiller ou \u00e0 assurer la s\u00e9curit\u00e9 d\u2019une installation<\/strong> et <strong>les c\u00e2bles utilis\u00e9s dans les dispositifs de s\u00e9curit\u00e9 ou de surveillance eux-m\u00eames.<\/strong><\/p>\n<p>Dans le premier groupe se trouvent <strong>les c\u00e2bles des dispositifs d\u2019analyse et de contr\u00f4le<\/strong>: par exemple <strong>les c\u00e2bles des testeurs<\/strong>, <strong>des outils d\u2019analyse de la qualit\u00e9 du r\u00e9seau<\/strong>, des <strong>d\u00e9tecteurs de perturbations ou de surcharges<\/strong>.<\/p>\n<p>Dans le second groupe se trouvent <strong>les c\u00e2bles de tableaux centraux<\/strong>, <strong>de d\u00e9tecteurs d\u2019ultrasons<\/strong>, <strong>de localisateurs GPS<\/strong>, <strong>d\u2019alarmes de domicile ou de v\u00e9hicule<\/strong>, ou encore <strong>les c\u00e2bles de cam\u00e9ras et de capteurs<\/strong>.<\/p>\n<p>Lorsqu\u2019ils sont correctement mis en \u0153uvre, tous ces c\u00e2bles <strong>garantissent la stabilit\u00e9 d\u2019un syst\u00e8me dans son ensemble ou d\u2019un appareil<\/strong>. Lorsque ce n\u2019est pas le cas en revanche, <strong>les risques potentiels peuvent \u00eatre plus ou moins importants<\/strong>. Il est donc toujours recommand\u00e9 de <strong>choisir des mat\u00e9riaux d\u2019excellente qualit\u00e9<\/strong> et <strong>de se fier aux conseils d\u2019un professionnel<\/strong>.<\/p>\n<div style=\"height: 48px;\"><\/div>\n<h2>Conception personnalis\u00e9e<\/h2>\n<p>Pour <strong>le secteur des s\u00e9curit\u00e9<\/strong>, habitables comme pour tous nos secteurs d\u2019intervention, nous fournissons un <strong>service de conception personnalis\u00e9e de c\u00e2blages et d\u2019assemblages<\/strong>, et essayons de r\u00e9pondre aux exigences des clients et d\u2019adapter autant que possible notre travail \u00e0 la fonction requise.<\/p>\n<p>Pour concevoir puis <a href=\"https:\/\/www.errebi-group.com\/it\/produzione-cablaggi-elettrici\">r\u00e9aliser un c\u00e2blage<\/a> qui s\u2019adapte au besoin indiqu\u00e9 par l\u2019acheteur, <strong>nos techniciens effectuent une visite<\/strong> afin de comprendre avec pr\u00e9cision l\u2019\u00e9quipement \u00e0 c\u00e2bler, les emplacements o\u00f9 celui-ci fonctionne et l\u2019\u00e9ventuel besoin d\u2019une structure de soutien, <strong>pour ensuite identifier le produit sp\u00e9cifique \u00e0 installer<\/strong>.<\/p>\n<p>Cette proc\u00e9dure <strong>acc\u00e9l\u00e8re sans aucun doute le processus de production<\/strong>, permettant au client de b\u00e9n\u00e9ficier d\u2019<strong>un service parfaitement conforme \u00e0 ses demandes<\/strong> et de parvenir \u00e0 r\u00e9duire en cons\u00e9quence tant les d\u00e9lais que les co\u00fbts de mise en \u0153uvre.<\/p>\n<div style=\"height: 48px;\"><\/div>\n<h2>Conseils sp\u00e9cifiques<\/h2>\n<p>Dans un secteur comme celui des <strong>s\u00e9curit\u00e9<\/strong>, il est souvent compliqu\u00e9 de r\u00e9ussir \u00e0 comprendre de mani\u00e8re autonome quel peut \u00eatre <strong>le type de c\u00e2blage id\u00e9al pour l\u2019\u00e9quipement ou pour la fonction dont on a besoin<\/strong>, et encore plus si le produit demand\u00e9 est <strong>un assemblage particuli\u00e8rement complexe<\/strong>.<\/p>\n<p>Pour rem\u00e9dier \u00e0 ce type de probl\u00e9matique, nos experts mettent quotidiennement \u00e0 la disposition des clients <strong>leurs connaissances<\/strong> et fournissent les <strong>conseils n\u00e9cessaires \u00e0 l\u2019identification du bon produit pour la fonction sp\u00e9cifiqu<\/strong>e et pour \u00e9ventuellement conseiller<strong> la structure la plus appropri\u00e9e pour soutenir son application<\/strong>.<\/p>\n<p>L\u2019objectif est clairement de <strong>comprendre la situation dans les plus brefs d\u00e9lais<\/strong> et de trouver pour chaque interrogation l<strong>a solution la plus efficace<\/strong> qui puisse garantir au client <strong>un service satisfaisant en mesure d\u2019optimiser par ailleurs le rapport qualit\u00e9-prix<\/strong>.<\/p>\n<div style=\"height: 48px;\"><\/div>\n<h2>Assistance cibl\u00e9e<\/h2>\n<p>Le <strong>service d\u2019assistance<\/strong> est actif pour <strong>tous les secteurs d\u2019intervention<\/strong> et par cons\u00e9quent \u00e9galement pour celui des <strong>s\u00e9curit\u00e9<\/strong>.<\/p>\n<p>Nos techniciens apportent une <strong><a href=\"https:\/\/www.errebi-group.com\/it\/consulenza\">assistance sp\u00e9cifique pour tous les c\u00e2blages<\/a> et assemblages install\u00e9s<\/strong>, analysant dans chaque cas la probl\u00e9matique et intervenant de mani\u00e8re cibl\u00e9e apr\u00e8s avoir identifi\u00e9 le dysfonctionnement.<\/p>\n<p>Les interventions peuvent porter sur<strong> l\u2019assemblage dans sa globalit\u00e9 ou un unique c\u00e2ble<\/strong> qui peut \u00eatre identifi\u00e9 et remplac\u00e9 en temps utile afin de permettre \u00e0 l\u2019\u00e9quipement de redevenir op\u00e9rationnel le plus rapidement possible.<\/p>\n<p><strong>Les comp\u00e9tences de nos experts<\/strong> concernent tous les secteurs couverts par notre entreprise, ce qui leur permet de <strong>comprendre le probl\u00e8me dans son ensemble<\/strong>, mais \u00e9galement de <strong>saisir chaque d\u00e9tail sp\u00e9cifique au domaine en question.<\/strong><\/p>\n","protected":false},"excerpt":{"rendered":"<p>Lorsqu\u2019il est question de c\u00e2blages de s\u00e9curit\u00e9, nous faisons r\u00e9f\u00e9rence aux installations employ\u00e9es pour le bon fonctionnement d\u2019appareils tels que les alarmes, radars et syst\u00e8mes de surveillance. De la m\u00eame fa\u00e7on, les c\u00e2blages de s\u00e9curit\u00e9 garantissent la r\u00e9sistance m\u00e9canique ainsi que le d\u00e9bit d\u2019une installation \u00e9lectrique ou \u00e9lectronique. Les c\u00e2bles utilis\u00e9s sont parmi les plus [&hellip;]<\/p>\n","protected":false},"author":1,"featured_media":1703,"parent":0,"menu_order":0,"comment_status":"closed","ping_status":"closed","template":"","meta":{"footnotes":""},"class_list":["post-1938","page","type-page","status-publish","has-post-thumbnail","hentry"],"yoast_head":"<!-- This site is optimized with the Yoast SEO plugin v27.4 - https:\/\/yoast.com\/product\/yoast-seo-wordpress\/ -->\n<title>C\u00e2blages des installations de s\u00e9curit\u00e9, c\u00e2bles et composants \u00e9lectriques<\/title>\n<meta name=\"description\" content=\"Lorsqu\u2019il est question de c\u00e2blages de s\u00e9curit\u00e9, nous faisons r\u00e9f\u00e9rence aux installations employ\u00e9es pour le bon fonctionnement d\u2019appareils tels que les alarmes, radars et syst\u00e8mes de surveillance\" \/>\n<meta name=\"robots\" content=\"index, follow, max-snippet:-1, max-image-preview:large, max-video-preview:-1\" \/>\n<link rel=\"canonical\" href=\"https:\/\/www.errebi-group.com\/fr\/securite\" \/>\n<meta property=\"og:locale\" content=\"fr_FR\" \/>\n<meta property=\"og:type\" content=\"article\" \/>\n<meta property=\"og:title\" content=\"C\u00e2blages des installations de s\u00e9curit\u00e9, c\u00e2bles et composants \u00e9lectriques\" \/>\n<meta property=\"og:description\" content=\"Lorsqu\u2019il est question de c\u00e2blages de s\u00e9curit\u00e9, nous faisons r\u00e9f\u00e9rence aux installations employ\u00e9es pour le bon fonctionnement d\u2019appareils tels que les alarmes, radars et syst\u00e8mes de surveillance\" \/>\n<meta property=\"og:url\" content=\"https:\/\/www.errebi-group.com\/fr\/securite\" \/>\n<meta property=\"og:site_name\" content=\"ErreBi Group\" \/>\n<meta property=\"article:publisher\" content=\"https:\/\/www.facebook.com\/errebigroupsrl\" \/>\n<meta property=\"article:modified_time\" content=\"2025-09-29T13:48:51+00:00\" \/>\n<meta property=\"og:image\" content=\"https:\/\/www.errebi-group.com\/wp-content\/uploads\/2025\/04\/sicurezza-campo-di-impiego-errebi-group-hero-section.webp\" \/>\n\t<meta property=\"og:image:width\" content=\"1920\" \/>\n\t<meta property=\"og:image:height\" content=\"1080\" \/>\n\t<meta property=\"og:image:type\" content=\"image\/webp\" \/>\n<meta name=\"twitter:card\" content=\"summary_large_image\" \/>\n<meta name=\"twitter:label1\" content=\"Dur\u00e9e de lecture estim\u00e9e\" \/>\n\t<meta name=\"twitter:data1\" content=\"4 minutes\" \/>\n<script type=\"application\/ld+json\" class=\"yoast-schema-graph\">{\"@context\":\"https:\\\/\\\/schema.org\",\"@graph\":[{\"@type\":\"WebPage\",\"@id\":\"https:\\\/\\\/www.errebi-group.com\\\/fr\\\/securite\",\"url\":\"https:\\\/\\\/www.errebi-group.com\\\/fr\\\/securite\",\"name\":\"C\u00e2blages des installations de s\u00e9curit\u00e9, c\u00e2bles et composants \u00e9lectriques\",\"isPartOf\":{\"@id\":\"https:\\\/\\\/www.errebi-group.com\\\/fr#website\"},\"primaryImageOfPage\":{\"@id\":\"https:\\\/\\\/www.errebi-group.com\\\/fr\\\/securite#primaryimage\"},\"image\":{\"@id\":\"https:\\\/\\\/www.errebi-group.com\\\/fr\\\/securite#primaryimage\"},\"thumbnailUrl\":\"https:\\\/\\\/www.errebi-group.com\\\/wp-content\\\/uploads\\\/2025\\\/04\\\/sicurezza-campo-di-impiego-errebi-group-hero-section.webp\",\"datePublished\":\"2025-04-28T12:57:19+00:00\",\"dateModified\":\"2025-09-29T13:48:51+00:00\",\"description\":\"Lorsqu\u2019il est question de c\u00e2blages de s\u00e9curit\u00e9, nous faisons r\u00e9f\u00e9rence aux installations employ\u00e9es pour le bon fonctionnement d\u2019appareils tels que les alarmes, radars et syst\u00e8mes de surveillance\",\"breadcrumb\":{\"@id\":\"https:\\\/\\\/www.errebi-group.com\\\/fr\\\/securite#breadcrumb\"},\"inLanguage\":\"fr-FR\",\"potentialAction\":[{\"@type\":\"ReadAction\",\"target\":[\"https:\\\/\\\/www.errebi-group.com\\\/fr\\\/securite\"]}]},{\"@type\":\"ImageObject\",\"inLanguage\":\"fr-FR\",\"@id\":\"https:\\\/\\\/www.errebi-group.com\\\/fr\\\/securite#primaryimage\",\"url\":\"https:\\\/\\\/www.errebi-group.com\\\/wp-content\\\/uploads\\\/2025\\\/04\\\/sicurezza-campo-di-impiego-errebi-group-hero-section.webp\",\"contentUrl\":\"https:\\\/\\\/www.errebi-group.com\\\/wp-content\\\/uploads\\\/2025\\\/04\\\/sicurezza-campo-di-impiego-errebi-group-hero-section.webp\",\"width\":1920,\"height\":1080,\"caption\":\"C\u00e2bles r\u00e9seau color\u00e9s ins\u00e9r\u00e9s dans un panneau de contr\u00f4le, des syst\u00e8mes de s\u00e9curit\u00e9 et un centre de donn\u00e9es\"},{\"@type\":\"BreadcrumbList\",\"@id\":\"https:\\\/\\\/www.errebi-group.com\\\/fr\\\/securite#breadcrumb\",\"itemListElement\":[{\"@type\":\"ListItem\",\"position\":1,\"name\":\"Home\",\"item\":\"https:\\\/\\\/www.errebi-group.com\\\/fr\"},{\"@type\":\"ListItem\",\"position\":2,\"name\":\"C\u00e2blages et composants \u00e9lectriques de s\u00e9curit\u00e9\"}]},{\"@type\":\"WebSite\",\"@id\":\"https:\\\/\\\/www.errebi-group.com\\\/fr#website\",\"url\":\"https:\\\/\\\/www.errebi-group.com\\\/fr\",\"name\":\"Errebi Group - Azienda produttrice di Cablaggi e Quadri Elettrici\",\"description\":\"Azienda produttrice di Cablaggi e Quadri Elettrici\",\"publisher\":{\"@id\":\"https:\\\/\\\/www.errebi-group.com\\\/fr#organization\"},\"potentialAction\":[{\"@type\":\"SearchAction\",\"target\":{\"@type\":\"EntryPoint\",\"urlTemplate\":\"https:\\\/\\\/www.errebi-group.com\\\/fr?s={search_term_string}\"},\"query-input\":{\"@type\":\"PropertyValueSpecification\",\"valueRequired\":true,\"valueName\":\"search_term_string\"}}],\"inLanguage\":\"fr-FR\"},{\"@type\":\"Organization\",\"@id\":\"https:\\\/\\\/www.errebi-group.com\\\/fr#organization\",\"name\":\"Errebi Group\",\"url\":\"https:\\\/\\\/www.errebi-group.com\\\/fr\",\"logo\":{\"@type\":\"ImageObject\",\"inLanguage\":\"fr-FR\",\"@id\":\"https:\\\/\\\/www.errebi-group.com\\\/fr#\\\/schema\\\/logo\\\/image\\\/\",\"url\":\"https:\\\/\\\/www.errebi-group.com\\\/wp-content\\\/uploads\\\/2025\\\/04\\\/logo-errebi-group-payoff-white-website.png\",\"contentUrl\":\"https:\\\/\\\/www.errebi-group.com\\\/wp-content\\\/uploads\\\/2025\\\/04\\\/logo-errebi-group-payoff-white-website.png\",\"width\":610,\"height\":100,\"caption\":\"Errebi Group\"},\"image\":{\"@id\":\"https:\\\/\\\/www.errebi-group.com\\\/fr#\\\/schema\\\/logo\\\/image\\\/\"},\"sameAs\":[\"https:\\\/\\\/www.facebook.com\\\/errebigroupsrl\",\"https:\\\/\\\/www.instagram.com\\\/errebi.group?igsh=cGNzN3FpcDFqNm1i\",\"https:\\\/\\\/www.linkedin.com\\\/company\\\/errebigroup\\\/?originalSubdomain=it\",\"https:\\\/\\\/www.youtube.com\\\/@errebigroup\"]}]}<\/script>\n<!-- \/ Yoast SEO plugin. -->","yoast_head_json":{"title":"C\u00e2blages des installations de s\u00e9curit\u00e9, c\u00e2bles et composants \u00e9lectriques","description":"Lorsqu\u2019il est question de c\u00e2blages de s\u00e9curit\u00e9, nous faisons r\u00e9f\u00e9rence aux installations employ\u00e9es pour le bon fonctionnement d\u2019appareils tels que les alarmes, radars et syst\u00e8mes de surveillance","robots":{"index":"index","follow":"follow","max-snippet":"max-snippet:-1","max-image-preview":"max-image-preview:large","max-video-preview":"max-video-preview:-1"},"canonical":"https:\/\/www.errebi-group.com\/fr\/securite","og_locale":"fr_FR","og_type":"article","og_title":"C\u00e2blages des installations de s\u00e9curit\u00e9, c\u00e2bles et composants \u00e9lectriques","og_description":"Lorsqu\u2019il est question de c\u00e2blages de s\u00e9curit\u00e9, nous faisons r\u00e9f\u00e9rence aux installations employ\u00e9es pour le bon fonctionnement d\u2019appareils tels que les alarmes, radars et syst\u00e8mes de surveillance","og_url":"https:\/\/www.errebi-group.com\/fr\/securite","og_site_name":"ErreBi Group","article_publisher":"https:\/\/www.facebook.com\/errebigroupsrl","article_modified_time":"2025-09-29T13:48:51+00:00","og_image":[{"width":1920,"height":1080,"url":"https:\/\/www.errebi-group.com\/wp-content\/uploads\/2025\/04\/sicurezza-campo-di-impiego-errebi-group-hero-section.webp","type":"image\/webp"}],"twitter_card":"summary_large_image","twitter_misc":{"Dur\u00e9e de lecture estim\u00e9e":"4 minutes"},"schema":{"@context":"https:\/\/schema.org","@graph":[{"@type":"WebPage","@id":"https:\/\/www.errebi-group.com\/fr\/securite","url":"https:\/\/www.errebi-group.com\/fr\/securite","name":"C\u00e2blages des installations de s\u00e9curit\u00e9, c\u00e2bles et composants \u00e9lectriques","isPartOf":{"@id":"https:\/\/www.errebi-group.com\/fr#website"},"primaryImageOfPage":{"@id":"https:\/\/www.errebi-group.com\/fr\/securite#primaryimage"},"image":{"@id":"https:\/\/www.errebi-group.com\/fr\/securite#primaryimage"},"thumbnailUrl":"https:\/\/www.errebi-group.com\/wp-content\/uploads\/2025\/04\/sicurezza-campo-di-impiego-errebi-group-hero-section.webp","datePublished":"2025-04-28T12:57:19+00:00","dateModified":"2025-09-29T13:48:51+00:00","description":"Lorsqu\u2019il est question de c\u00e2blages de s\u00e9curit\u00e9, nous faisons r\u00e9f\u00e9rence aux installations employ\u00e9es pour le bon fonctionnement d\u2019appareils tels que les alarmes, radars et syst\u00e8mes de surveillance","breadcrumb":{"@id":"https:\/\/www.errebi-group.com\/fr\/securite#breadcrumb"},"inLanguage":"fr-FR","potentialAction":[{"@type":"ReadAction","target":["https:\/\/www.errebi-group.com\/fr\/securite"]}]},{"@type":"ImageObject","inLanguage":"fr-FR","@id":"https:\/\/www.errebi-group.com\/fr\/securite#primaryimage","url":"https:\/\/www.errebi-group.com\/wp-content\/uploads\/2025\/04\/sicurezza-campo-di-impiego-errebi-group-hero-section.webp","contentUrl":"https:\/\/www.errebi-group.com\/wp-content\/uploads\/2025\/04\/sicurezza-campo-di-impiego-errebi-group-hero-section.webp","width":1920,"height":1080,"caption":"C\u00e2bles r\u00e9seau color\u00e9s ins\u00e9r\u00e9s dans un panneau de contr\u00f4le, des syst\u00e8mes de s\u00e9curit\u00e9 et un centre de donn\u00e9es"},{"@type":"BreadcrumbList","@id":"https:\/\/www.errebi-group.com\/fr\/securite#breadcrumb","itemListElement":[{"@type":"ListItem","position":1,"name":"Home","item":"https:\/\/www.errebi-group.com\/fr"},{"@type":"ListItem","position":2,"name":"C\u00e2blages et composants \u00e9lectriques de s\u00e9curit\u00e9"}]},{"@type":"WebSite","@id":"https:\/\/www.errebi-group.com\/fr#website","url":"https:\/\/www.errebi-group.com\/fr","name":"Errebi Group - Azienda produttrice di Cablaggi e Quadri Elettrici","description":"Azienda produttrice di Cablaggi e Quadri Elettrici","publisher":{"@id":"https:\/\/www.errebi-group.com\/fr#organization"},"potentialAction":[{"@type":"SearchAction","target":{"@type":"EntryPoint","urlTemplate":"https:\/\/www.errebi-group.com\/fr?s={search_term_string}"},"query-input":{"@type":"PropertyValueSpecification","valueRequired":true,"valueName":"search_term_string"}}],"inLanguage":"fr-FR"},{"@type":"Organization","@id":"https:\/\/www.errebi-group.com\/fr#organization","name":"Errebi Group","url":"https:\/\/www.errebi-group.com\/fr","logo":{"@type":"ImageObject","inLanguage":"fr-FR","@id":"https:\/\/www.errebi-group.com\/fr#\/schema\/logo\/image\/","url":"https:\/\/www.errebi-group.com\/wp-content\/uploads\/2025\/04\/logo-errebi-group-payoff-white-website.png","contentUrl":"https:\/\/www.errebi-group.com\/wp-content\/uploads\/2025\/04\/logo-errebi-group-payoff-white-website.png","width":610,"height":100,"caption":"Errebi Group"},"image":{"@id":"https:\/\/www.errebi-group.com\/fr#\/schema\/logo\/image\/"},"sameAs":["https:\/\/www.facebook.com\/errebigroupsrl","https:\/\/www.instagram.com\/errebi.group?igsh=cGNzN3FpcDFqNm1i","https:\/\/www.linkedin.com\/company\/errebigroup\/?originalSubdomain=it","https:\/\/www.youtube.com\/@errebigroup"]}]}},"_links":{"self":[{"href":"https:\/\/www.errebi-group.com\/fr\/wp-json\/wp\/v2\/pages\/1938","targetHints":{"allow":["GET"]}}],"collection":[{"href":"https:\/\/www.errebi-group.com\/fr\/wp-json\/wp\/v2\/pages"}],"about":[{"href":"https:\/\/www.errebi-group.com\/fr\/wp-json\/wp\/v2\/types\/page"}],"author":[{"embeddable":true,"href":"https:\/\/www.errebi-group.com\/fr\/wp-json\/wp\/v2\/users\/1"}],"replies":[{"embeddable":true,"href":"https:\/\/www.errebi-group.com\/fr\/wp-json\/wp\/v2\/comments?post=1938"}],"version-history":[{"count":2,"href":"https:\/\/www.errebi-group.com\/fr\/wp-json\/wp\/v2\/pages\/1938\/revisions"}],"predecessor-version":[{"id":2402,"href":"https:\/\/www.errebi-group.com\/fr\/wp-json\/wp\/v2\/pages\/1938\/revisions\/2402"}],"wp:featuredmedia":[{"embeddable":true,"href":"https:\/\/www.errebi-group.com\/fr\/wp-json\/wp\/v2\/media\/1703"}],"wp:attachment":[{"href":"https:\/\/www.errebi-group.com\/fr\/wp-json\/wp\/v2\/media?parent=1938"}],"curies":[{"name":"wp","href":"https:\/\/api.w.org\/{rel}","templated":true}]}}