{"id":1946,"date":"2025-04-28T13:02:08","date_gmt":"2025-04-28T13:02:08","guid":{"rendered":"https:\/\/www.errebi-group.com\/cablages-et-composants-electriques-pour-le-secteur-de-lelectronique\/"},"modified":"2025-09-29T13:49:56","modified_gmt":"2025-09-29T13:49:56","slug":"electronique","status":"publish","type":"page","link":"https:\/\/www.errebi-group.com\/fr\/electronique","title":{"rendered":"C\u00e2blages et composants \u00e9lectriques pour le secteur de l\u2019\u00e9lectronique"},"content":{"rendered":"<p>Le <strong>secteur de l\u2019\u00e9lectronique<\/strong> est un domaine tr\u00e8s \u00e9tendu qui comprend, comme le sugg\u00e8re le mot lui-m\u00eame, tous les dispositifs, appareils et m\u00e9canismes qui ont recours \u00e0 de l\u2019\u00e9nergie \u00e9lectrique pour fonctionner.<\/p>\n<p>Plus pr\u00e9cis\u00e9ment ensuite, <strong>les produits \u00e9lectroniques<\/strong> grand public sont une branche sp\u00e9cifique du secteur, qui inclut les produits utilis\u00e9s \u00e0 grande \u00e9chelle et appartenant \u00e0 diff\u00e9rentes cat\u00e9gories:<\/p>\n<ul>\n<li><strong>La communication<\/strong> (t\u00e9l\u00e9phones, fax, \u00e9metteurs-r\u00e9cepteurs et tous ces appareils qui re\u00e7oivent et envoient des signaux pour communiquer);<\/li>\n<li><strong>Les divertissements<\/strong> (t\u00e9l\u00e9viseurs, radios, jeux vid\u00e9o et autres produits de loisirs);<\/li>\n<li><strong>Le travail <\/strong>(ordinateurs, imprimantes, etc.).<\/li>\n<\/ul>\n<p>Il s\u2019agit donc de tr\u00e8s nombreux articles qui sont utilis\u00e9s au quotidien et qui ont envahi chaque aspect de notre vie.<\/p>\n<p><strong>Les c\u00e2bles en \u00e9lectronique<\/strong> sont donc nombreux et de tous les types. Le moins qu\u2019on puisse dire, c\u2019est qu\u2019il est essentiel de savoir avec certitude lesquels choisir et comment les utiliser.<\/p>\n<div style=\"height: 48px;\"><\/div>\n<h2>Caract\u00e9ristiques des composants pour l\u2019\u00e9lectronique<\/h2>\n<p>Pr\u00e9senter de mani\u00e8re exhaustive tous les composants et c\u00e2blages utilis\u00e9s en \u00e9lectronique g\u00e9n\u00e9rerait une liste extr\u00eamement longue et \u00e0 actualiser en permanence. De mani\u00e8re \u00e0 avoir un aper\u00e7u g\u00e9n\u00e9ral, nous pouvons identifier les <strong>principaux \u00e9l\u00e9ments<\/strong> ci-apr\u00e8s:<\/p>\n<ul>\n<li><strong>Les c\u00e2blages audios et vid\u00e9os<\/strong> : il s\u2019agit de tous les c\u00e2bles et composants connexes employ\u00e9s pour recevoir et\/ou transmettre un <strong>signal audio<\/strong>, un <strong>signal vid\u00e9o<\/strong> ou les deux, comme par exemple les <strong>c\u00e2bles HDMI<\/strong>, les <strong>c\u00e2bles auxiliaires<\/strong>, les <strong>c\u00e2bles d\u2019alimentation pour les installations hifi<\/strong>, les <strong>c\u00e2bles pour micros<\/strong>, etc.<\/li>\n<li><strong>Les c\u00e2bles pour la transmission de donn\u00e9es et de raccordement<\/strong>;<\/li>\n<li><strong>Les c\u00e2bles torsad\u00e9s<\/strong>, <strong>les c\u00e2bles de connexion d\u2019USB \u00e0 UART<\/strong> et tous les c\u00e2bles qui, en \u00e9lectronique, permettent de raccorder diff\u00e9rentes prises pour \u00e9changer des donn\u00e9es et des signaux.<\/li>\n<\/ul>\n<div style=\"height: 48px;\"><\/div>\n<h2>Conception personnalis\u00e9e<\/h2>\n<p>Pour le <strong>secteur de l\u2019\u00e9lectronique<\/strong>, habitables comme pour tous nos secteurs d\u2019intervention, nous fournissons un <strong>service de conception personnalis\u00e9e de c\u00e2blages et d\u2019assemblages<\/strong>, et essayons de r\u00e9pondre aux exigences des clients et d\u2019adapter autant que possible notre travail \u00e0 la fonction requise.<\/p>\n<p>Pour concevoir puis <a href=\"https:\/\/www.errebi-group.com\/it\/produzione-cablaggi-elettrici\">r\u00e9aliser un c\u00e2blage<\/a> qui s\u2019adapte au besoin indiqu\u00e9 par l\u2019acheteur, <strong>nos techniciens effectuent une visite<\/strong> afin de comprendre avec pr\u00e9cision l\u2019\u00e9quipement \u00e0 c\u00e2bler, les emplacements o\u00f9 celui-ci fonctionne et l\u2019\u00e9ventuel besoin d\u2019une structure de soutien, <strong>pour ensuite identifier le produit sp\u00e9cifique \u00e0 installer<\/strong>.<\/p>\n<p>Cette proc\u00e9dure <strong>acc\u00e9l\u00e8re sans aucun doute le processus de production<\/strong>, permettant au client de b\u00e9n\u00e9ficier d\u2019<strong>un service parfaitement conforme \u00e0 ses demandes<\/strong> et de parvenir \u00e0 r\u00e9duire en cons\u00e9quence tant les d\u00e9lais que les co\u00fbts de mise en \u0153uvre.<\/p>\n<div style=\"height: 48px;\"><\/div>\n<h2>Conseils sp\u00e9cifiques<\/h2>\n<p>Dans un secteur comme celui de l\u2019<strong>\u00e9lectronique<\/strong>, il est souvent compliqu\u00e9 de r\u00e9ussir \u00e0 comprendre de mani\u00e8re autonome quel peut \u00eatre <strong>le type de c\u00e2blage id\u00e9al pour l\u2019\u00e9quipement ou pour la fonction dont on a besoin<\/strong>, et encore plus si le produit demand\u00e9 est <strong>un assemblage particuli\u00e8rement complexe<\/strong>.<\/p>\n<p>Pour rem\u00e9dier \u00e0 ce type de probl\u00e9matique, nos experts mettent quotidiennement \u00e0 la disposition des clients <strong>leurs connaissances<\/strong> et fournissent les <strong>conseils n\u00e9cessaires \u00e0 l\u2019identification du bon produit pour la fonction sp\u00e9cifiqu<\/strong>e et pour \u00e9ventuellement conseiller<strong> la structure la plus appropri\u00e9e pour soutenir son application<\/strong>.<\/p>\n<p>L\u2019objectif est clairement de <strong>comprendre la situation dans les plus brefs d\u00e9lais<\/strong> et de trouver pour chaque interrogation l<strong>a solution la plus efficace<\/strong> qui puisse garantir au client <strong>un service satisfaisant en mesure d\u2019optimiser par ailleurs le rapport qualit\u00e9-prix<\/strong>.<\/p>\n<div style=\"height: 48px;\"><\/div>\n<h2>Assistance cibl\u00e9e<\/h2>\n<p>Le <strong>service d\u2019assistance<\/strong> est actif pour <strong>tous les secteurs d\u2019intervention<\/strong> et par cons\u00e9quent \u00e9galement pour celui de l\u2019<strong>\u00e9lectronique<\/strong>.<\/p>\n<p>Nos techniciens apportent une <strong><a href=\"https:\/\/www.errebi-group.com\/it\/consulenza\">assistance sp\u00e9cifique pour tous les c\u00e2blages<\/a> et assemblages install\u00e9s<\/strong>, analysant dans chaque cas la probl\u00e9matique et intervenant de mani\u00e8re cibl\u00e9e apr\u00e8s avoir identifi\u00e9 le dysfonctionnement.<\/p>\n<p>Les interventions peuvent porter sur<strong> l\u2019assemblage dans sa globalit\u00e9 ou un unique c\u00e2ble<\/strong> qui peut \u00eatre identifi\u00e9 et remplac\u00e9 en temps utile afin de permettre \u00e0 l\u2019\u00e9quipement de redevenir op\u00e9rationnel le plus rapidement possible.<\/p>\n<p><strong>Les comp\u00e9tences de nos experts<\/strong> concernent tous les secteurs couverts par notre entreprise, ce qui leur permet de <strong>comprendre le probl\u00e8me dans son ensemble<\/strong>, mais \u00e9galement de <strong>saisir chaque d\u00e9tail sp\u00e9cifique au domaine en question.<\/strong><\/p>\n","protected":false},"excerpt":{"rendered":"<p>Le secteur de l\u2019\u00e9lectronique est un domaine tr\u00e8s \u00e9tendu qui comprend, comme le sugg\u00e8re le mot lui-m\u00eame, tous les dispositifs, appareils et m\u00e9canismes qui ont recours \u00e0 de l\u2019\u00e9nergie \u00e9lectrique pour fonctionner. Plus pr\u00e9cis\u00e9ment ensuite, les produits \u00e9lectroniques grand public sont une branche sp\u00e9cifique du secteur, qui inclut les produits utilis\u00e9s \u00e0 grande \u00e9chelle et [&hellip;]<\/p>\n","protected":false},"author":1,"featured_media":1667,"parent":0,"menu_order":0,"comment_status":"closed","ping_status":"closed","template":"","meta":{"footnotes":""},"class_list":["post-1946","page","type-page","status-publish","has-post-thumbnail","hentry"],"yoast_head":"<!-- This site is optimized with the Yoast SEO plugin v27.4 - https:\/\/yoast.com\/product\/yoast-seo-wordpress\/ -->\n<title>C\u00e2blages pour l\u2019\u00e9lectronique, c\u00e2bles et autres composants \u00e9lectriques<\/title>\n<meta name=\"description\" content=\"Le secteur de l\u2019\u00e9lectronique est un domaine tr\u00e8s \u00e9tendu qui comprend, comme le sugg\u00e8re le mot lui-m\u00eame, tous les dispositifs, appareils et m\u00e9canismes qui ont recours \u00e0 de l\u2019\u00e9nergie \u00e9lectrique pour...\" \/>\n<meta name=\"robots\" content=\"index, follow, max-snippet:-1, max-image-preview:large, max-video-preview:-1\" \/>\n<link rel=\"canonical\" href=\"https:\/\/www.errebi-group.com\/fr\/electronique\" \/>\n<meta property=\"og:locale\" content=\"fr_FR\" \/>\n<meta property=\"og:type\" content=\"article\" \/>\n<meta property=\"og:title\" content=\"C\u00e2blages pour l\u2019\u00e9lectronique, c\u00e2bles et autres composants \u00e9lectriques\" \/>\n<meta property=\"og:description\" content=\"Le secteur de l\u2019\u00e9lectronique est un domaine tr\u00e8s \u00e9tendu qui comprend, comme le sugg\u00e8re le mot lui-m\u00eame, tous les dispositifs, appareils et m\u00e9canismes qui ont recours \u00e0 de l\u2019\u00e9nergie \u00e9lectrique pour...\" \/>\n<meta property=\"og:url\" content=\"https:\/\/www.errebi-group.com\/fr\/electronique\" \/>\n<meta property=\"og:site_name\" content=\"ErreBi Group\" \/>\n<meta property=\"article:publisher\" content=\"https:\/\/www.facebook.com\/errebigroupsrl\" \/>\n<meta property=\"article:modified_time\" content=\"2025-09-29T13:49:56+00:00\" \/>\n<meta property=\"og:image\" content=\"https:\/\/www.errebi-group.com\/wp-content\/uploads\/2025\/04\/elettronica-campo-di-impiego-errebi-group-hero-section.webp\" \/>\n\t<meta property=\"og:image:width\" content=\"1920\" \/>\n\t<meta property=\"og:image:height\" content=\"1080\" \/>\n\t<meta property=\"og:image:type\" content=\"image\/webp\" \/>\n<meta name=\"twitter:card\" content=\"summary_large_image\" \/>\n<meta name=\"twitter:label1\" content=\"Dur\u00e9e de lecture estim\u00e9e\" \/>\n\t<meta name=\"twitter:data1\" content=\"4 minutes\" \/>\n<script type=\"application\/ld+json\" class=\"yoast-schema-graph\">{\"@context\":\"https:\\\/\\\/schema.org\",\"@graph\":[{\"@type\":\"WebPage\",\"@id\":\"https:\\\/\\\/www.errebi-group.com\\\/fr\\\/electronique\",\"url\":\"https:\\\/\\\/www.errebi-group.com\\\/fr\\\/electronique\",\"name\":\"C\u00e2blages pour l\u2019\u00e9lectronique, c\u00e2bles et autres composants \u00e9lectriques\",\"isPartOf\":{\"@id\":\"https:\\\/\\\/www.errebi-group.com\\\/fr#website\"},\"primaryImageOfPage\":{\"@id\":\"https:\\\/\\\/www.errebi-group.com\\\/fr\\\/electronique#primaryimage\"},\"image\":{\"@id\":\"https:\\\/\\\/www.errebi-group.com\\\/fr\\\/electronique#primaryimage\"},\"thumbnailUrl\":\"https:\\\/\\\/www.errebi-group.com\\\/wp-content\\\/uploads\\\/2025\\\/04\\\/elettronica-campo-di-impiego-errebi-group-hero-section.webp\",\"datePublished\":\"2025-04-28T13:02:08+00:00\",\"dateModified\":\"2025-09-29T13:49:56+00:00\",\"description\":\"Le secteur de l\u2019\u00e9lectronique est un domaine tr\u00e8s \u00e9tendu qui comprend, comme le sugg\u00e8re le mot lui-m\u00eame, tous les dispositifs, appareils et m\u00e9canismes qui ont recours \u00e0 de l\u2019\u00e9nergie \u00e9lectrique pour...\",\"breadcrumb\":{\"@id\":\"https:\\\/\\\/www.errebi-group.com\\\/fr\\\/electronique#breadcrumb\"},\"inLanguage\":\"fr-FR\",\"potentialAction\":[{\"@type\":\"ReadAction\",\"target\":[\"https:\\\/\\\/www.errebi-group.com\\\/fr\\\/electronique\"]}]},{\"@type\":\"ImageObject\",\"inLanguage\":\"fr-FR\",\"@id\":\"https:\\\/\\\/www.errebi-group.com\\\/fr\\\/electronique#primaryimage\",\"url\":\"https:\\\/\\\/www.errebi-group.com\\\/wp-content\\\/uploads\\\/2025\\\/04\\\/elettronica-campo-di-impiego-errebi-group-hero-section.webp\",\"contentUrl\":\"https:\\\/\\\/www.errebi-group.com\\\/wp-content\\\/uploads\\\/2025\\\/04\\\/elettronica-campo-di-impiego-errebi-group-hero-section.webp\",\"width\":1920,\"height\":1080,\"caption\":\"Cartes m\u00e8res et circuits \u00e9lectroniques dans le laboratoire technique, l\u2019industrie \u00e9lectronique et les microcomposants\"},{\"@type\":\"BreadcrumbList\",\"@id\":\"https:\\\/\\\/www.errebi-group.com\\\/fr\\\/electronique#breadcrumb\",\"itemListElement\":[{\"@type\":\"ListItem\",\"position\":1,\"name\":\"Home\",\"item\":\"https:\\\/\\\/www.errebi-group.com\\\/fr\"},{\"@type\":\"ListItem\",\"position\":2,\"name\":\"C\u00e2blages et composants \u00e9lectriques pour le secteur de l\u2019\u00e9lectronique\"}]},{\"@type\":\"WebSite\",\"@id\":\"https:\\\/\\\/www.errebi-group.com\\\/fr#website\",\"url\":\"https:\\\/\\\/www.errebi-group.com\\\/fr\",\"name\":\"Errebi Group - Azienda produttrice di Cablaggi e Quadri Elettrici\",\"description\":\"Azienda produttrice di Cablaggi e Quadri Elettrici\",\"publisher\":{\"@id\":\"https:\\\/\\\/www.errebi-group.com\\\/fr#organization\"},\"potentialAction\":[{\"@type\":\"SearchAction\",\"target\":{\"@type\":\"EntryPoint\",\"urlTemplate\":\"https:\\\/\\\/www.errebi-group.com\\\/fr?s={search_term_string}\"},\"query-input\":{\"@type\":\"PropertyValueSpecification\",\"valueRequired\":true,\"valueName\":\"search_term_string\"}}],\"inLanguage\":\"fr-FR\"},{\"@type\":\"Organization\",\"@id\":\"https:\\\/\\\/www.errebi-group.com\\\/fr#organization\",\"name\":\"Errebi Group\",\"url\":\"https:\\\/\\\/www.errebi-group.com\\\/fr\",\"logo\":{\"@type\":\"ImageObject\",\"inLanguage\":\"fr-FR\",\"@id\":\"https:\\\/\\\/www.errebi-group.com\\\/fr#\\\/schema\\\/logo\\\/image\\\/\",\"url\":\"https:\\\/\\\/www.errebi-group.com\\\/wp-content\\\/uploads\\\/2025\\\/04\\\/logo-errebi-group-payoff-white-website.png\",\"contentUrl\":\"https:\\\/\\\/www.errebi-group.com\\\/wp-content\\\/uploads\\\/2025\\\/04\\\/logo-errebi-group-payoff-white-website.png\",\"width\":610,\"height\":100,\"caption\":\"Errebi Group\"},\"image\":{\"@id\":\"https:\\\/\\\/www.errebi-group.com\\\/fr#\\\/schema\\\/logo\\\/image\\\/\"},\"sameAs\":[\"https:\\\/\\\/www.facebook.com\\\/errebigroupsrl\",\"https:\\\/\\\/www.instagram.com\\\/errebi.group?igsh=cGNzN3FpcDFqNm1i\",\"https:\\\/\\\/www.linkedin.com\\\/company\\\/errebigroup\\\/?originalSubdomain=it\",\"https:\\\/\\\/www.youtube.com\\\/@errebigroup\"]}]}<\/script>\n<!-- \/ Yoast SEO plugin. -->","yoast_head_json":{"title":"C\u00e2blages pour l\u2019\u00e9lectronique, c\u00e2bles et autres composants \u00e9lectriques","description":"Le secteur de l\u2019\u00e9lectronique est un domaine tr\u00e8s \u00e9tendu qui comprend, comme le sugg\u00e8re le mot lui-m\u00eame, tous les dispositifs, appareils et m\u00e9canismes qui ont recours \u00e0 de l\u2019\u00e9nergie \u00e9lectrique pour...","robots":{"index":"index","follow":"follow","max-snippet":"max-snippet:-1","max-image-preview":"max-image-preview:large","max-video-preview":"max-video-preview:-1"},"canonical":"https:\/\/www.errebi-group.com\/fr\/electronique","og_locale":"fr_FR","og_type":"article","og_title":"C\u00e2blages pour l\u2019\u00e9lectronique, c\u00e2bles et autres composants \u00e9lectriques","og_description":"Le secteur de l\u2019\u00e9lectronique est un domaine tr\u00e8s \u00e9tendu qui comprend, comme le sugg\u00e8re le mot lui-m\u00eame, tous les dispositifs, appareils et m\u00e9canismes qui ont recours \u00e0 de l\u2019\u00e9nergie \u00e9lectrique pour...","og_url":"https:\/\/www.errebi-group.com\/fr\/electronique","og_site_name":"ErreBi Group","article_publisher":"https:\/\/www.facebook.com\/errebigroupsrl","article_modified_time":"2025-09-29T13:49:56+00:00","og_image":[{"width":1920,"height":1080,"url":"https:\/\/www.errebi-group.com\/wp-content\/uploads\/2025\/04\/elettronica-campo-di-impiego-errebi-group-hero-section.webp","type":"image\/webp"}],"twitter_card":"summary_large_image","twitter_misc":{"Dur\u00e9e de lecture estim\u00e9e":"4 minutes"},"schema":{"@context":"https:\/\/schema.org","@graph":[{"@type":"WebPage","@id":"https:\/\/www.errebi-group.com\/fr\/electronique","url":"https:\/\/www.errebi-group.com\/fr\/electronique","name":"C\u00e2blages pour l\u2019\u00e9lectronique, c\u00e2bles et autres composants \u00e9lectriques","isPartOf":{"@id":"https:\/\/www.errebi-group.com\/fr#website"},"primaryImageOfPage":{"@id":"https:\/\/www.errebi-group.com\/fr\/electronique#primaryimage"},"image":{"@id":"https:\/\/www.errebi-group.com\/fr\/electronique#primaryimage"},"thumbnailUrl":"https:\/\/www.errebi-group.com\/wp-content\/uploads\/2025\/04\/elettronica-campo-di-impiego-errebi-group-hero-section.webp","datePublished":"2025-04-28T13:02:08+00:00","dateModified":"2025-09-29T13:49:56+00:00","description":"Le secteur de l\u2019\u00e9lectronique est un domaine tr\u00e8s \u00e9tendu qui comprend, comme le sugg\u00e8re le mot lui-m\u00eame, tous les dispositifs, appareils et m\u00e9canismes qui ont recours \u00e0 de l\u2019\u00e9nergie \u00e9lectrique pour...","breadcrumb":{"@id":"https:\/\/www.errebi-group.com\/fr\/electronique#breadcrumb"},"inLanguage":"fr-FR","potentialAction":[{"@type":"ReadAction","target":["https:\/\/www.errebi-group.com\/fr\/electronique"]}]},{"@type":"ImageObject","inLanguage":"fr-FR","@id":"https:\/\/www.errebi-group.com\/fr\/electronique#primaryimage","url":"https:\/\/www.errebi-group.com\/wp-content\/uploads\/2025\/04\/elettronica-campo-di-impiego-errebi-group-hero-section.webp","contentUrl":"https:\/\/www.errebi-group.com\/wp-content\/uploads\/2025\/04\/elettronica-campo-di-impiego-errebi-group-hero-section.webp","width":1920,"height":1080,"caption":"Cartes m\u00e8res et circuits \u00e9lectroniques dans le laboratoire technique, l\u2019industrie \u00e9lectronique et les microcomposants"},{"@type":"BreadcrumbList","@id":"https:\/\/www.errebi-group.com\/fr\/electronique#breadcrumb","itemListElement":[{"@type":"ListItem","position":1,"name":"Home","item":"https:\/\/www.errebi-group.com\/fr"},{"@type":"ListItem","position":2,"name":"C\u00e2blages et composants \u00e9lectriques pour le secteur de l\u2019\u00e9lectronique"}]},{"@type":"WebSite","@id":"https:\/\/www.errebi-group.com\/fr#website","url":"https:\/\/www.errebi-group.com\/fr","name":"Errebi Group - Azienda produttrice di Cablaggi e Quadri Elettrici","description":"Azienda produttrice di Cablaggi e Quadri Elettrici","publisher":{"@id":"https:\/\/www.errebi-group.com\/fr#organization"},"potentialAction":[{"@type":"SearchAction","target":{"@type":"EntryPoint","urlTemplate":"https:\/\/www.errebi-group.com\/fr?s={search_term_string}"},"query-input":{"@type":"PropertyValueSpecification","valueRequired":true,"valueName":"search_term_string"}}],"inLanguage":"fr-FR"},{"@type":"Organization","@id":"https:\/\/www.errebi-group.com\/fr#organization","name":"Errebi Group","url":"https:\/\/www.errebi-group.com\/fr","logo":{"@type":"ImageObject","inLanguage":"fr-FR","@id":"https:\/\/www.errebi-group.com\/fr#\/schema\/logo\/image\/","url":"https:\/\/www.errebi-group.com\/wp-content\/uploads\/2025\/04\/logo-errebi-group-payoff-white-website.png","contentUrl":"https:\/\/www.errebi-group.com\/wp-content\/uploads\/2025\/04\/logo-errebi-group-payoff-white-website.png","width":610,"height":100,"caption":"Errebi Group"},"image":{"@id":"https:\/\/www.errebi-group.com\/fr#\/schema\/logo\/image\/"},"sameAs":["https:\/\/www.facebook.com\/errebigroupsrl","https:\/\/www.instagram.com\/errebi.group?igsh=cGNzN3FpcDFqNm1i","https:\/\/www.linkedin.com\/company\/errebigroup\/?originalSubdomain=it","https:\/\/www.youtube.com\/@errebigroup"]}]}},"_links":{"self":[{"href":"https:\/\/www.errebi-group.com\/fr\/wp-json\/wp\/v2\/pages\/1946","targetHints":{"allow":["GET"]}}],"collection":[{"href":"https:\/\/www.errebi-group.com\/fr\/wp-json\/wp\/v2\/pages"}],"about":[{"href":"https:\/\/www.errebi-group.com\/fr\/wp-json\/wp\/v2\/types\/page"}],"author":[{"embeddable":true,"href":"https:\/\/www.errebi-group.com\/fr\/wp-json\/wp\/v2\/users\/1"}],"replies":[{"embeddable":true,"href":"https:\/\/www.errebi-group.com\/fr\/wp-json\/wp\/v2\/comments?post=1946"}],"version-history":[{"count":2,"href":"https:\/\/www.errebi-group.com\/fr\/wp-json\/wp\/v2\/pages\/1946\/revisions"}],"predecessor-version":[{"id":2404,"href":"https:\/\/www.errebi-group.com\/fr\/wp-json\/wp\/v2\/pages\/1946\/revisions\/2404"}],"wp:featuredmedia":[{"embeddable":true,"href":"https:\/\/www.errebi-group.com\/fr\/wp-json\/wp\/v2\/media\/1667"}],"wp:attachment":[{"href":"https:\/\/www.errebi-group.com\/fr\/wp-json\/wp\/v2\/media?parent=1946"}],"curies":[{"name":"wp","href":"https:\/\/api.w.org\/{rel}","templated":true}]}}