{"id":1953,"date":"2025-04-28T13:13:11","date_gmt":"2025-04-28T13:13:11","guid":{"rendered":"https:\/\/www.errebi-group.com\/cablages-et-composants-electriques-pour-produits-blancs\/"},"modified":"2025-09-22T13:24:30","modified_gmt":"2025-09-22T13:24:30","slug":"pour-produits-blancs","status":"publish","type":"page","link":"https:\/\/www.errebi-group.com\/fr\/pour-produits-blancs","title":{"rendered":"C\u00e2blages et composants \u00e9lectriques pour produits blancs"},"content":{"rendered":"<p>Par <strong>produits blancs<\/strong>, l\u2019on entend le secteur des <strong>gros appareils \u00e9lectrom\u00e9nagers<\/strong>.<\/p>\n<p>On comprendra ais\u00e9ment que ce secteur rassemble de nombreux dispositifs et appareils et, tr\u00e8s probablement sera appel\u00e9 \u00e0 en inclure encore bien d\u2019autres avec l\u2019apport des <strong>nouvelles technologies<\/strong>.<\/p>\n<p>Depuis les ann\u00e9es 70 jusqu\u2019\u00e0 nos jours, <strong>la production de gros appareils \u00e9lectrom\u00e9nagers<\/strong> a connu une v\u00e9ritable explosion, au point qu&rsquo;il serait impossible actuellement d&rsquo;imaginer notre vie quotidienne sans eux.<\/p>\n<p>Par cons\u00e9quent, <strong>les c\u00e2blages dans le secteur des produits blancs<\/strong> incluent des composants tr\u00e8s diff\u00e9rents par leurs caract\u00e9ristiques et leur utilisation, et sont parmi les plus demand\u00e9s sur le march\u00e9.<\/p>\n<div style=\"height: 48px;\"><\/div>\n<h2>Caract\u00e9ristiques des produits blancs<\/h2>\n<p>Les composants et <strong>les types de c\u00e2blages utilis\u00e9s pour les gros appareils \u00e9lectrom\u00e9nagers<\/strong> sont diff\u00e9rents d\u2019un produit \u00e0 un autre. Parmi ceux-ci, nous pouvons identifier les <strong>c\u00e2blages de chaudi\u00e8res<\/strong>, <strong>de climatiseurs<\/strong>, <strong>de machines \u00e0 laver<\/strong>, <strong>de lave-vaisselle<\/strong>, etc. Ces c\u00e2blages sp\u00e9cifiques sont compl\u00e9t\u00e9s par des <strong>composants plus g\u00e9n\u00e9riques<\/strong>, comme notamment des <strong>prolongateurs<\/strong> et des <strong>adaptateurs<\/strong> qui sont \u00e9galement employ\u00e9s dans ce secteur.<\/p>\n<p>Comme de nombreux autres, \u00e9tant donn\u00e9 qu\u2019ils sont mont\u00e9s sur des appareils utilis\u00e9s quotidiennement, <strong>les c\u00e2bles du secteur des produits blancs<\/strong> doivent garantir en fonctionnement <strong>une forte r\u00e9sistance et une bonne \u00e9tanch\u00e9it\u00e9<\/strong> et <strong>\u00eatre homologu\u00e9s et fabriqu\u00e9s conform\u00e9ment aux r\u00e9glementations en la mati\u00e8re<\/strong>.<\/p>\n<p>Par ailleurs, lorsqu&rsquo;il s\u2019av\u00e8re n\u00e9cessaire de remplacer des c\u00e2bles usag\u00e9s ou d\u00e9fectueux, <strong>il est conseill\u00e9 de s\u2019adresser \u00e0 des professionnels du secteu<\/strong>r de mani\u00e8re \u00e0 ne pas causer de dommages suppl\u00e9mentaires \u00e0 l\u2019appareil \u00e9lectrom\u00e9nager que l\u2019on a l\u2019intention de r\u00e9parer.<\/p>\n<div style=\"height: 48px;\"><\/div>\n<h2>Conception personnalis\u00e9e<\/h2>\n<p>Pour <strong>le secteur des produits blancs<\/strong>, habitables comme pour tous nos secteurs d\u2019intervention, nous fournissons un <strong>service de c<a href=\"https:\/\/www.errebi-group.com\/it\/progettazione-cablaggi\">onception personnalis\u00e9e de c\u00e2blages<\/a> et d<a href=\"https:\/\/www.errebi-group.com\/it\/assemblaggi-elettromeccanici\">\u2019assemblages<\/a><\/strong>, et essayons de r\u00e9pondre aux exigences des clients et d\u2019adapter autant que possible notre travail \u00e0 la fonction requise.<\/p>\n<p>Pour concevoir puis <a href=\"https:\/\/www.errebi-group.com\/it\/produzione-cablaggi-elettrici\">r\u00e9aliser un c\u00e2blage<\/a> qui s\u2019adapte au besoin indiqu\u00e9 par l\u2019acheteur, <strong>nos techniciens effectuent une visite<\/strong> afin de comprendre avec pr\u00e9cision l\u2019\u00e9quipement \u00e0 c\u00e2bler, les emplacements o\u00f9 celui-ci fonctionne et l\u2019\u00e9ventuel besoin d\u2019une structure de soutien, <strong>pour ensuite identifier le produit sp\u00e9cifique \u00e0 installer<\/strong>.<\/p>\n<p>Cette proc\u00e9dure <strong>acc\u00e9l\u00e8re sans aucun doute le processus de production<\/strong>, permettant au client de b\u00e9n\u00e9ficier d\u2019<strong>un service parfaitement conforme \u00e0 ses demandes<\/strong> et de parvenir \u00e0 r\u00e9duire en cons\u00e9quence tant les d\u00e9lais que les co\u00fbts de mise en \u0153uvre.<\/p>\n<div style=\"height: 48px;\"><\/div>\n<h2>Conseils sp\u00e9cifiques<\/h2>\n<p>Dans un secteur comme celui des <strong>produits blancs<\/strong>, il est souvent compliqu\u00e9 de r\u00e9ussir \u00e0 comprendre de mani\u00e8re autonome quel peut \u00eatre <strong>le type de c\u00e2blage id\u00e9al pour l\u2019\u00e9quipement ou pour la fonction dont on a besoin<\/strong>, et encore plus si le produit demand\u00e9 est un <strong>assemblage particuli\u00e8rement complexe<\/strong>.<\/p>\n<p>Pour rem\u00e9dier \u00e0 ce type de probl\u00e9matique, nos experts mettent quotidiennement \u00e0 la disposition des clients <strong>leurs connaissances<\/strong> et fournissent les <strong>conseils n\u00e9cessaires \u00e0 l\u2019identification du bon produit pour la fonction sp\u00e9cifiqu<\/strong>e et pour \u00e9ventuellement conseiller<strong> la structure la plus appropri\u00e9e pour soutenir son application<\/strong>.<\/p>\n<p>L\u2019objectif est clairement de <strong>comprendre la situation dans les plus brefs d\u00e9lais<\/strong> et de trouver pour chaque interrogation l<strong>a solution la plus efficace<\/strong> qui puisse garantir au client <strong>un service satisfaisant en mesure d\u2019optimiser par ailleurs le rapport qualit\u00e9-prix<\/strong>.<\/p>\n<div style=\"height: 48px;\"><\/div>\n<h2>Assistance cibl\u00e9e<\/h2>\n<p>Le <strong>service d\u2019assistance<\/strong> est actif <strong>pour tous les secteurs d\u2019intervention<\/strong> et par cons\u00e9quent \u00e9galement pour celui des <strong>produits blancs<\/strong>.<\/p>\n<p>Nos techniciens apportent une <strong><a href=\"https:\/\/www.errebi-group.com\/it\/consulenza\">assistance sp\u00e9cifique pour tous les c\u00e2blages<\/a> et assemblages install\u00e9s<\/strong>, analysant dans chaque cas la probl\u00e9matique et intervenant de mani\u00e8re cibl\u00e9e apr\u00e8s avoir identifi\u00e9 le dysfonctionnement.<\/p>\n<p>Les interventions peuvent porter sur<strong> l\u2019assemblage dans sa globalit\u00e9 ou un unique c\u00e2ble<\/strong> qui peut \u00eatre identifi\u00e9 et remplac\u00e9 en temps utile afin de permettre \u00e0 l\u2019\u00e9quipement de redevenir op\u00e9rationnel le plus rapidement possible.<\/p>\n<p><strong>Les comp\u00e9tences de nos experts<\/strong> concernent tous les secteurs couverts par notre entreprise, ce qui leur permet de <strong>comprendre le probl\u00e8me dans son ensemble<\/strong>, mais \u00e9galement de <strong>saisir chaque d\u00e9tail sp\u00e9cifique au domaine en question.<\/strong><\/p>\n","protected":false},"excerpt":{"rendered":"<p>Par produits blancs, l\u2019on entend le secteur des gros appareils \u00e9lectrom\u00e9nagers. On comprendra ais\u00e9ment que ce secteur rassemble de nombreux dispositifs et appareils et, tr\u00e8s probablement sera appel\u00e9 \u00e0 en inclure encore bien d\u2019autres avec l\u2019apport des nouvelles technologies. Depuis les ann\u00e9es 70 jusqu\u2019\u00e0 nos jours, la production de gros appareils \u00e9lectrom\u00e9nagers a connu une [&hellip;]<\/p>\n","protected":false},"author":1,"featured_media":1699,"parent":0,"menu_order":0,"comment_status":"closed","ping_status":"closed","template":"","meta":{"footnotes":""},"class_list":["post-1953","page","type-page","status-publish","has-post-thumbnail","hentry"],"yoast_head":"<!-- This site is optimized with the Yoast SEO plugin v27.4 - https:\/\/yoast.com\/product\/yoast-seo-wordpress\/ -->\n<title>C\u00e2blages pour produits blancs, c\u00e2bles et composants \u00e9lectriques<\/title>\n<meta name=\"description\" content=\"Par produits blancs, l\u2019on entend le secteur des gros appareils \u00e9lectrom\u00e9nagers. On comprendra ais\u00e9ment que ce secteur rassemble de nombreux dispositifs et appareils et, tr\u00e8s probablement sera...\" \/>\n<meta name=\"robots\" content=\"index, follow, max-snippet:-1, max-image-preview:large, max-video-preview:-1\" \/>\n<link rel=\"canonical\" href=\"https:\/\/www.errebi-group.com\/fr\/pour-produits-blancs\" \/>\n<meta property=\"og:locale\" content=\"fr_FR\" \/>\n<meta property=\"og:type\" content=\"article\" \/>\n<meta property=\"og:title\" content=\"C\u00e2blages pour produits blancs, c\u00e2bles et composants \u00e9lectriques\" \/>\n<meta property=\"og:description\" content=\"Par produits blancs, l\u2019on entend le secteur des gros appareils \u00e9lectrom\u00e9nagers. On comprendra ais\u00e9ment que ce secteur rassemble de nombreux dispositifs et appareils et, tr\u00e8s probablement sera...\" \/>\n<meta property=\"og:url\" content=\"https:\/\/www.errebi-group.com\/fr\/pour-produits-blancs\" \/>\n<meta property=\"og:site_name\" content=\"ErreBi Group\" \/>\n<meta property=\"article:publisher\" content=\"https:\/\/www.facebook.com\/errebigroupsrl\" \/>\n<meta property=\"article:modified_time\" content=\"2025-09-22T13:24:30+00:00\" \/>\n<meta property=\"og:image\" content=\"https:\/\/www.errebi-group.com\/wp-content\/uploads\/2025\/04\/settore-del-bianco-campo-di-impiego-errebi-group-hero-section.webp\" \/>\n\t<meta property=\"og:image:width\" content=\"1920\" \/>\n\t<meta property=\"og:image:height\" content=\"1080\" \/>\n\t<meta property=\"og:image:type\" content=\"image\/webp\" \/>\n<meta name=\"twitter:card\" content=\"summary_large_image\" \/>\n<meta name=\"twitter:label1\" content=\"Dur\u00e9e de lecture estim\u00e9e\" \/>\n\t<meta name=\"twitter:data1\" content=\"4 minutes\" \/>\n<script type=\"application\/ld+json\" class=\"yoast-schema-graph\">{\"@context\":\"https:\\\/\\\/schema.org\",\"@graph\":[{\"@type\":\"WebPage\",\"@id\":\"https:\\\/\\\/www.errebi-group.com\\\/fr\\\/pour-produits-blancs\",\"url\":\"https:\\\/\\\/www.errebi-group.com\\\/fr\\\/pour-produits-blancs\",\"name\":\"C\u00e2blages pour produits blancs, c\u00e2bles et composants \u00e9lectriques\",\"isPartOf\":{\"@id\":\"https:\\\/\\\/www.errebi-group.com\\\/fr#website\"},\"primaryImageOfPage\":{\"@id\":\"https:\\\/\\\/www.errebi-group.com\\\/fr\\\/pour-produits-blancs#primaryimage\"},\"image\":{\"@id\":\"https:\\\/\\\/www.errebi-group.com\\\/fr\\\/pour-produits-blancs#primaryimage\"},\"thumbnailUrl\":\"https:\\\/\\\/www.errebi-group.com\\\/wp-content\\\/uploads\\\/2025\\\/04\\\/settore-del-bianco-campo-di-impiego-errebi-group-hero-section.webp\",\"datePublished\":\"2025-04-28T13:13:11+00:00\",\"dateModified\":\"2025-09-22T13:24:30+00:00\",\"description\":\"Par produits blancs, l\u2019on entend le secteur des gros appareils \u00e9lectrom\u00e9nagers. On comprendra ais\u00e9ment que ce secteur rassemble de nombreux dispositifs et appareils et, tr\u00e8s probablement sera...\",\"breadcrumb\":{\"@id\":\"https:\\\/\\\/www.errebi-group.com\\\/fr\\\/pour-produits-blancs#breadcrumb\"},\"inLanguage\":\"fr-FR\",\"potentialAction\":[{\"@type\":\"ReadAction\",\"target\":[\"https:\\\/\\\/www.errebi-group.com\\\/fr\\\/pour-produits-blancs\"]}]},{\"@type\":\"ImageObject\",\"inLanguage\":\"fr-FR\",\"@id\":\"https:\\\/\\\/www.errebi-group.com\\\/fr\\\/pour-produits-blancs#primaryimage\",\"url\":\"https:\\\/\\\/www.errebi-group.com\\\/wp-content\\\/uploads\\\/2025\\\/04\\\/settore-del-bianco-campo-di-impiego-errebi-group-hero-section.webp\",\"contentUrl\":\"https:\\\/\\\/www.errebi-group.com\\\/wp-content\\\/uploads\\\/2025\\\/04\\\/settore-del-bianco-campo-di-impiego-errebi-group-hero-section.webp\",\"width\":1920,\"height\":1080,\"caption\":\"Vue int\u00e9rieure d\u2019un appareil \u00e9lectrom\u00e9nager en phase de c\u00e2blage, secteur du blanc et des appareils m\u00e9nagers\"},{\"@type\":\"BreadcrumbList\",\"@id\":\"https:\\\/\\\/www.errebi-group.com\\\/fr\\\/pour-produits-blancs#breadcrumb\",\"itemListElement\":[{\"@type\":\"ListItem\",\"position\":1,\"name\":\"Home\",\"item\":\"https:\\\/\\\/www.errebi-group.com\\\/fr\"},{\"@type\":\"ListItem\",\"position\":2,\"name\":\"C\u00e2blages et composants \u00e9lectriques pour produits blancs\"}]},{\"@type\":\"WebSite\",\"@id\":\"https:\\\/\\\/www.errebi-group.com\\\/fr#website\",\"url\":\"https:\\\/\\\/www.errebi-group.com\\\/fr\",\"name\":\"Errebi Group - Azienda produttrice di Cablaggi e Quadri Elettrici\",\"description\":\"Azienda produttrice di Cablaggi e Quadri Elettrici\",\"publisher\":{\"@id\":\"https:\\\/\\\/www.errebi-group.com\\\/fr#organization\"},\"potentialAction\":[{\"@type\":\"SearchAction\",\"target\":{\"@type\":\"EntryPoint\",\"urlTemplate\":\"https:\\\/\\\/www.errebi-group.com\\\/fr?s={search_term_string}\"},\"query-input\":{\"@type\":\"PropertyValueSpecification\",\"valueRequired\":true,\"valueName\":\"search_term_string\"}}],\"inLanguage\":\"fr-FR\"},{\"@type\":\"Organization\",\"@id\":\"https:\\\/\\\/www.errebi-group.com\\\/fr#organization\",\"name\":\"Errebi Group\",\"url\":\"https:\\\/\\\/www.errebi-group.com\\\/fr\",\"logo\":{\"@type\":\"ImageObject\",\"inLanguage\":\"fr-FR\",\"@id\":\"https:\\\/\\\/www.errebi-group.com\\\/fr#\\\/schema\\\/logo\\\/image\\\/\",\"url\":\"https:\\\/\\\/www.errebi-group.com\\\/wp-content\\\/uploads\\\/2025\\\/04\\\/logo-errebi-group-payoff-white-website.png\",\"contentUrl\":\"https:\\\/\\\/www.errebi-group.com\\\/wp-content\\\/uploads\\\/2025\\\/04\\\/logo-errebi-group-payoff-white-website.png\",\"width\":610,\"height\":100,\"caption\":\"Errebi Group\"},\"image\":{\"@id\":\"https:\\\/\\\/www.errebi-group.com\\\/fr#\\\/schema\\\/logo\\\/image\\\/\"},\"sameAs\":[\"https:\\\/\\\/www.facebook.com\\\/errebigroupsrl\",\"https:\\\/\\\/www.instagram.com\\\/errebi.group?igsh=cGNzN3FpcDFqNm1i\",\"https:\\\/\\\/www.linkedin.com\\\/company\\\/errebigroup\\\/?originalSubdomain=it\",\"https:\\\/\\\/www.youtube.com\\\/@errebigroup\"]}]}<\/script>\n<!-- \/ Yoast SEO plugin. -->","yoast_head_json":{"title":"C\u00e2blages pour produits blancs, c\u00e2bles et composants \u00e9lectriques","description":"Par produits blancs, l\u2019on entend le secteur des gros appareils \u00e9lectrom\u00e9nagers. On comprendra ais\u00e9ment que ce secteur rassemble de nombreux dispositifs et appareils et, tr\u00e8s probablement sera...","robots":{"index":"index","follow":"follow","max-snippet":"max-snippet:-1","max-image-preview":"max-image-preview:large","max-video-preview":"max-video-preview:-1"},"canonical":"https:\/\/www.errebi-group.com\/fr\/pour-produits-blancs","og_locale":"fr_FR","og_type":"article","og_title":"C\u00e2blages pour produits blancs, c\u00e2bles et composants \u00e9lectriques","og_description":"Par produits blancs, l\u2019on entend le secteur des gros appareils \u00e9lectrom\u00e9nagers. On comprendra ais\u00e9ment que ce secteur rassemble de nombreux dispositifs et appareils et, tr\u00e8s probablement sera...","og_url":"https:\/\/www.errebi-group.com\/fr\/pour-produits-blancs","og_site_name":"ErreBi Group","article_publisher":"https:\/\/www.facebook.com\/errebigroupsrl","article_modified_time":"2025-09-22T13:24:30+00:00","og_image":[{"width":1920,"height":1080,"url":"https:\/\/www.errebi-group.com\/wp-content\/uploads\/2025\/04\/settore-del-bianco-campo-di-impiego-errebi-group-hero-section.webp","type":"image\/webp"}],"twitter_card":"summary_large_image","twitter_misc":{"Dur\u00e9e de lecture estim\u00e9e":"4 minutes"},"schema":{"@context":"https:\/\/schema.org","@graph":[{"@type":"WebPage","@id":"https:\/\/www.errebi-group.com\/fr\/pour-produits-blancs","url":"https:\/\/www.errebi-group.com\/fr\/pour-produits-blancs","name":"C\u00e2blages pour produits blancs, c\u00e2bles et composants \u00e9lectriques","isPartOf":{"@id":"https:\/\/www.errebi-group.com\/fr#website"},"primaryImageOfPage":{"@id":"https:\/\/www.errebi-group.com\/fr\/pour-produits-blancs#primaryimage"},"image":{"@id":"https:\/\/www.errebi-group.com\/fr\/pour-produits-blancs#primaryimage"},"thumbnailUrl":"https:\/\/www.errebi-group.com\/wp-content\/uploads\/2025\/04\/settore-del-bianco-campo-di-impiego-errebi-group-hero-section.webp","datePublished":"2025-04-28T13:13:11+00:00","dateModified":"2025-09-22T13:24:30+00:00","description":"Par produits blancs, l\u2019on entend le secteur des gros appareils \u00e9lectrom\u00e9nagers. On comprendra ais\u00e9ment que ce secteur rassemble de nombreux dispositifs et appareils et, tr\u00e8s probablement sera...","breadcrumb":{"@id":"https:\/\/www.errebi-group.com\/fr\/pour-produits-blancs#breadcrumb"},"inLanguage":"fr-FR","potentialAction":[{"@type":"ReadAction","target":["https:\/\/www.errebi-group.com\/fr\/pour-produits-blancs"]}]},{"@type":"ImageObject","inLanguage":"fr-FR","@id":"https:\/\/www.errebi-group.com\/fr\/pour-produits-blancs#primaryimage","url":"https:\/\/www.errebi-group.com\/wp-content\/uploads\/2025\/04\/settore-del-bianco-campo-di-impiego-errebi-group-hero-section.webp","contentUrl":"https:\/\/www.errebi-group.com\/wp-content\/uploads\/2025\/04\/settore-del-bianco-campo-di-impiego-errebi-group-hero-section.webp","width":1920,"height":1080,"caption":"Vue int\u00e9rieure d\u2019un appareil \u00e9lectrom\u00e9nager en phase de c\u00e2blage, secteur du blanc et des appareils m\u00e9nagers"},{"@type":"BreadcrumbList","@id":"https:\/\/www.errebi-group.com\/fr\/pour-produits-blancs#breadcrumb","itemListElement":[{"@type":"ListItem","position":1,"name":"Home","item":"https:\/\/www.errebi-group.com\/fr"},{"@type":"ListItem","position":2,"name":"C\u00e2blages et composants \u00e9lectriques pour produits blancs"}]},{"@type":"WebSite","@id":"https:\/\/www.errebi-group.com\/fr#website","url":"https:\/\/www.errebi-group.com\/fr","name":"Errebi Group - Azienda produttrice di Cablaggi e Quadri Elettrici","description":"Azienda produttrice di Cablaggi e Quadri Elettrici","publisher":{"@id":"https:\/\/www.errebi-group.com\/fr#organization"},"potentialAction":[{"@type":"SearchAction","target":{"@type":"EntryPoint","urlTemplate":"https:\/\/www.errebi-group.com\/fr?s={search_term_string}"},"query-input":{"@type":"PropertyValueSpecification","valueRequired":true,"valueName":"search_term_string"}}],"inLanguage":"fr-FR"},{"@type":"Organization","@id":"https:\/\/www.errebi-group.com\/fr#organization","name":"Errebi Group","url":"https:\/\/www.errebi-group.com\/fr","logo":{"@type":"ImageObject","inLanguage":"fr-FR","@id":"https:\/\/www.errebi-group.com\/fr#\/schema\/logo\/image\/","url":"https:\/\/www.errebi-group.com\/wp-content\/uploads\/2025\/04\/logo-errebi-group-payoff-white-website.png","contentUrl":"https:\/\/www.errebi-group.com\/wp-content\/uploads\/2025\/04\/logo-errebi-group-payoff-white-website.png","width":610,"height":100,"caption":"Errebi Group"},"image":{"@id":"https:\/\/www.errebi-group.com\/fr#\/schema\/logo\/image\/"},"sameAs":["https:\/\/www.facebook.com\/errebigroupsrl","https:\/\/www.instagram.com\/errebi.group?igsh=cGNzN3FpcDFqNm1i","https:\/\/www.linkedin.com\/company\/errebigroup\/?originalSubdomain=it","https:\/\/www.youtube.com\/@errebigroup"]}]}},"_links":{"self":[{"href":"https:\/\/www.errebi-group.com\/fr\/wp-json\/wp\/v2\/pages\/1953","targetHints":{"allow":["GET"]}}],"collection":[{"href":"https:\/\/www.errebi-group.com\/fr\/wp-json\/wp\/v2\/pages"}],"about":[{"href":"https:\/\/www.errebi-group.com\/fr\/wp-json\/wp\/v2\/types\/page"}],"author":[{"embeddable":true,"href":"https:\/\/www.errebi-group.com\/fr\/wp-json\/wp\/v2\/users\/1"}],"replies":[{"embeddable":true,"href":"https:\/\/www.errebi-group.com\/fr\/wp-json\/wp\/v2\/comments?post=1953"}],"version-history":[{"count":2,"href":"https:\/\/www.errebi-group.com\/fr\/wp-json\/wp\/v2\/pages\/1953\/revisions"}],"predecessor-version":[{"id":2394,"href":"https:\/\/www.errebi-group.com\/fr\/wp-json\/wp\/v2\/pages\/1953\/revisions\/2394"}],"wp:featuredmedia":[{"embeddable":true,"href":"https:\/\/www.errebi-group.com\/fr\/wp-json\/wp\/v2\/media\/1699"}],"wp:attachment":[{"href":"https:\/\/www.errebi-group.com\/fr\/wp-json\/wp\/v2\/media?parent=1953"}],"curies":[{"name":"wp","href":"https:\/\/api.w.org\/{rel}","templated":true}]}}