{"id":1956,"date":"2025-04-28T13:23:47","date_gmt":"2025-04-28T13:23:47","guid":{"rendered":"https:\/\/www.errebi-group.com\/cablages-et-composants-electriques-pour-lindustrie-petroliere-et-gaziere\/"},"modified":"2025-09-29T14:38:29","modified_gmt":"2025-09-29T14:38:29","slug":"petroliere-et-du-gaz","status":"publish","type":"page","link":"https:\/\/www.errebi-group.com\/fr\/petroliere-et-du-gaz","title":{"rendered":"C\u00e2blages et composants \u00e9lectriques pour l\u2019industrie p\u00e9troli\u00e8re et gazi\u00e8re"},"content":{"rendered":"<p>L\u2019<strong>industrie p\u00e9troli\u00e8re et gazi\u00e8re<\/strong> est un domaine en continuelle expansion et concerne toutes les activit\u00e9s et proc\u00e9dures relatives non seulement \u00e0 l\u2019<strong>extraction et \u00e0 la transformation des mati\u00e8res premi\u00e8res<\/strong> en question, mais aussi \u00e0 leur <strong>transfert et \u00e0 leur stockage<\/strong>.<\/p>\n<p>Ces op\u00e9rations, complexes et pr\u00e9cises, requi\u00e8rent des <strong>\u00e9quipements et des machines sp\u00e9cifiques<\/strong>, et sont confi\u00e9es \u00e0 des entreprises hautement sp\u00e9cialis\u00e9es.<\/p>\n<p>\u00c0 son tour, cette r\u00e9alit\u00e9 fait constamment face \u00e0 un double d\u00e9fi: <strong>optimiser les <a href=\"https:\/\/www.errebi-group.com\/it\/lavorazioni-meccaniche\">processus de transformation<\/a> <\/strong>tout en les <strong>rendant le moins pr\u00e9judiciable possible pour l\u2019environnement et les \u00e9cosyst\u00e8mes environnants<\/strong>.<\/p>\n<p>Chaque \u00e9tape de transformation doit respecter des param\u00e8tres pr\u00e9cis : en cons\u00e9quence, <strong>les appareils \u00e9lectriques et \u00e9lectroniques utilis\u00e9s doivent disposer de composants s\u00fbrs et adapt\u00e9s<\/strong> en tous points.<\/p>\n<div style=\"height: 48px;\"><\/div>\n<h2>Caract\u00e9ristiques des composants du secteur p\u00e9trolier et gazier<\/h2>\n<p>Les <strong>c\u00e2blages \u00e9quipant le secteur du p\u00e9trole et du gaz<\/strong> diff\u00e8rent en fonction de l\u2019utilisation, du mat\u00e9riau et du type, mais ils doivent tous garantir une fiabilit\u00e9, un rendement et des <strong>prestations d\u2019excellente qualit\u00e9<\/strong>.<\/p>\n<p>En effet, ce n\u2019est qu\u2019ainsi que l\u2019on parvient \u00e0 garantir une <strong>extraction s\u00fbre et optimale des ressources <\/strong>naturelles et leur<strong> correcte transformation<\/strong>.<\/p>\n<p>Les c\u00e2blages de ce secteur doivent en outre r\u00e9sister aux contraintes et aux <strong>sollicitations de facteurs tels que la temp\u00e9rature, l\u2019humidit\u00e9 et la pression<\/strong><\/p>\n<p>Les c\u00e2blages et accessoires respectifs qui appartiennent au secteur p\u00e9trolier et gazier peuvent se retrouver dans des cat\u00e9gories plus courantes:<\/p>\n<ul>\n<li><strong>Les c\u00e2blages pour tableaux de commande;<\/strong><\/li>\n<li><strong>Les c\u00e2blages des appareils de mesure et instruments de surveillance ;<\/strong><\/li>\n<li><strong>Les c\u00e2blages pour compresseurs.<\/strong><\/li>\n<\/ul>\n<p>Comme d\u00e9j\u00e0 indiqu\u00e9, ceux-ci ne sont que quelques-uns des secteurs existants : il y a en effet d\u2019autres cat\u00e9gories et sous-cat\u00e9gories sp\u00e9cifiques, qui gr\u00e2ce \u00e0 l\u2019\u00e9volution du domaine s\u2019enrichissent chaque jour de <strong>nouveaux composants et c\u00e2blages toujours plus sophistiqu\u00e9s.<\/strong><\/p>\n<div style=\"height: 48px;\"><\/div>\n<h2>Conception personnalis\u00e9e<\/h2>\n<p>Pour le secteur du <strong>p\u00e9trole et du gaz<\/strong>, habitables comme pour tous nos secteurs d\u2019intervention, nous fournissons un <strong><a href=\"https:\/\/www.errebi-group.com\/it\/progettazione-cablaggi\">service de conception personnalis\u00e9e de c\u00e2blages<\/a> et <a href=\"https:\/\/www.errebi-group.com\/it\/assemblaggi-elettromeccanici\">d\u2019assemblages<\/a><\/strong>, et essayons de r\u00e9pondre aux exigences des clients et d\u2019adapter autant que possible notre travail \u00e0 la fonction requise.<\/p>\n<p>Pour concevoir puis r\u00e9aliser un <strong>c\u00e2blage qui s\u2019adapte au besoin indiqu\u00e9 par l\u2019acheteur<\/strong>, nos techniciens effectuent une <strong>visite<\/strong> afin de comprendre avec pr\u00e9cision l\u2019\u00e9quipement \u00e0 c\u00e2bler, les emplacements o\u00f9 celui-ci fonctionne et l\u2019\u00e9ventuel besoin d\u2019une structure de soutien, pour ensuite identifier le produit sp\u00e9cifique \u00e0 installer.<\/p>\n<p>Cette proc\u00e9dure acc\u00e9l\u00e8re sans aucun doute le processus de production, permettant au client de b\u00e9n\u00e9ficier d\u2019un <strong>service parfaitement conforme \u00e0 ses demandes<\/strong> et de parvenir \u00e0 r\u00e9duire en cons\u00e9quence tant <strong>les d\u00e9lais que les co\u00fbts de mise en \u0153uvre<\/strong>.<\/p>\n<div style=\"height: 48px;\"><\/div>\n<h2>Conseils sp\u00e9cifiques<\/h2>\n<p>Dans un <strong>secteur comme celui du p\u00e9trole et du gaz<\/strong>, il est souvent compliqu\u00e9 de r\u00e9ussir \u00e0 comprendre de mani\u00e8re autonome quel peut \u00eatre le type de c\u00e2blage id\u00e9al pour l\u2019\u00e9quipement ou pour la fonction dont on a besoin, et encore plus si le produit demand\u00e9 est un <strong>assemblage particuli\u00e8rement complexe<\/strong>.<\/p>\n<p>Pour rem\u00e9dier \u00e0 ce type de probl\u00e9matique, nos experts mettent quotidiennement \u00e0 la disposition des clients leurs <strong>connaissances<\/strong> et fournissent les <strong>conseils n\u00e9cessaires \u00e0 l\u2019identification du bon produit pour la fonction sp\u00e9cifique<\/strong> et pour \u00e9ventuellement conseiller <strong>la structure la plus appropri\u00e9e pour soutenir son application<\/strong>.<\/p>\n<p>L\u2019objectif est clairement de <strong>comprendre la situation dans les plus brefs d\u00e9lais<\/strong> et de trouver pour chaque interrogation <strong>la solution la plus efficace<\/strong> qui puisse garantir au client un <strong>service satisfaisant<\/strong> en mesure d\u2019optimiser par ailleurs le <strong>rapport qualit\u00e9-prix<\/strong>.<\/p>\n<div style=\"height: 48px;\"><\/div>\n<h2>Assistance cibl\u00e9e<\/h2>\n<p>Le <strong>service d\u2019assistance<\/strong> est actif pour tous les secteurs d\u2019intervention et par cons\u00e9quent \u00e9galement pour celui du <strong>p\u00e9trole et du gaz<\/strong>.<\/p>\n<p>Nos techniciens apportent une <strong><a href=\"https:\/\/www.errebi-group.com\/it\/consulenza\">assistance sp\u00e9cifique pour tous les c\u00e2blages<\/a> et assemblages install\u00e9s<\/strong>, analysant dans chaque cas la probl\u00e9matique et intervenant de mani\u00e8re cibl\u00e9e apr\u00e8s avoir identifi\u00e9 le dysfonctionnement.<\/p>\n<p>Les interventions peuvent porter sur <strong>l\u2019assemblage dans sa globalit\u00e9<\/strong> ou un <strong>unique c\u00e2ble<\/strong> qui peut \u00eatre identifi\u00e9 et remplac\u00e9 en temps utile afin de permettre \u00e0 l\u2019\u00e9quipement de redevenir op\u00e9rationnel le plus rapidement possible.<\/p>\n<p>Les <strong>comp\u00e9tences de nos experts<\/strong> concernent tous les secteurs couverts par notre entreprise, ce qui leur permet de comprendre le probl\u00e8me dans son ensemble, mais \u00e9galement de saisir chaque d\u00e9tail sp\u00e9cifique au domaine en question.<\/p>\n","protected":false},"excerpt":{"rendered":"<p>L\u2019industrie p\u00e9troli\u00e8re et gazi\u00e8re est un domaine en continuelle expansion et concerne toutes les activit\u00e9s et proc\u00e9dures relatives non seulement \u00e0 l\u2019extraction et \u00e0 la transformation des mati\u00e8res premi\u00e8res en question, mais aussi \u00e0 leur transfert et \u00e0 leur stockage. Ces op\u00e9rations, complexes et pr\u00e9cises, requi\u00e8rent des \u00e9quipements et des machines sp\u00e9cifiques, et sont confi\u00e9es [&hellip;]<\/p>\n","protected":false},"author":1,"featured_media":1691,"parent":0,"menu_order":0,"comment_status":"closed","ping_status":"closed","template":"","meta":{"footnotes":""},"class_list":["post-1956","page","type-page","status-publish","has-post-thumbnail","hentry"],"yoast_head":"<!-- This site is optimized with the Yoast SEO plugin v27.4 - https:\/\/yoast.com\/product\/yoast-seo-wordpress\/ -->\n<title>C\u00e2blages et c\u00e2bles pour le secteur du p\u00e9trole et du gaz<\/title>\n<meta name=\"description\" content=\"L\u2019industrie p\u00e9troli\u00e8re et gazi\u00e8re est un domaine en continuelle expansion et concerne toutes les activit\u00e9s et proc\u00e9dures relatives non seulement \u00e0 l\u2019extraction et \u00e0 la transformation des mati\u00e8res prem\" \/>\n<meta name=\"robots\" content=\"index, follow, max-snippet:-1, max-image-preview:large, max-video-preview:-1\" \/>\n<link rel=\"canonical\" href=\"https:\/\/www.errebi-group.com\/fr\/petroliere-et-du-gaz\" \/>\n<meta property=\"og:locale\" content=\"fr_FR\" \/>\n<meta property=\"og:type\" content=\"article\" \/>\n<meta property=\"og:title\" content=\"C\u00e2blages et c\u00e2bles pour le secteur du p\u00e9trole et du gaz\" \/>\n<meta property=\"og:description\" content=\"L\u2019industrie p\u00e9troli\u00e8re et gazi\u00e8re est un domaine en continuelle expansion et concerne toutes les activit\u00e9s et proc\u00e9dures relatives non seulement \u00e0 l\u2019extraction et \u00e0 la transformation des mati\u00e8res prem\" \/>\n<meta property=\"og:url\" content=\"https:\/\/www.errebi-group.com\/fr\/petroliere-et-du-gaz\" \/>\n<meta property=\"og:site_name\" content=\"ErreBi Group\" \/>\n<meta property=\"article:publisher\" content=\"https:\/\/www.facebook.com\/errebigroupsrl\" \/>\n<meta property=\"article:modified_time\" content=\"2025-09-29T14:38:29+00:00\" \/>\n<meta property=\"og:image\" content=\"https:\/\/www.errebi-group.com\/wp-content\/uploads\/2025\/04\/oil-e-gas-campo-di-impiego-errebi-group-hero-section.webp\" \/>\n\t<meta property=\"og:image:width\" content=\"1920\" \/>\n\t<meta property=\"og:image:height\" content=\"1080\" \/>\n\t<meta property=\"og:image:type\" content=\"image\/webp\" \/>\n<meta name=\"twitter:card\" content=\"summary_large_image\" \/>\n<meta name=\"twitter:label1\" content=\"Dur\u00e9e de lecture estim\u00e9e\" \/>\n\t<meta name=\"twitter:data1\" content=\"4 minutes\" \/>\n<script type=\"application\/ld+json\" class=\"yoast-schema-graph\">{\"@context\":\"https:\\\/\\\/schema.org\",\"@graph\":[{\"@type\":\"WebPage\",\"@id\":\"https:\\\/\\\/www.errebi-group.com\\\/fr\\\/petroliere-et-du-gaz\",\"url\":\"https:\\\/\\\/www.errebi-group.com\\\/fr\\\/petroliere-et-du-gaz\",\"name\":\"C\u00e2blages et c\u00e2bles pour le secteur du p\u00e9trole et du gaz\",\"isPartOf\":{\"@id\":\"https:\\\/\\\/www.errebi-group.com\\\/fr#website\"},\"primaryImageOfPage\":{\"@id\":\"https:\\\/\\\/www.errebi-group.com\\\/fr\\\/petroliere-et-du-gaz#primaryimage\"},\"image\":{\"@id\":\"https:\\\/\\\/www.errebi-group.com\\\/fr\\\/petroliere-et-du-gaz#primaryimage\"},\"thumbnailUrl\":\"https:\\\/\\\/www.errebi-group.com\\\/wp-content\\\/uploads\\\/2025\\\/04\\\/oil-e-gas-campo-di-impiego-errebi-group-hero-section.webp\",\"datePublished\":\"2025-04-28T13:23:47+00:00\",\"dateModified\":\"2025-09-29T14:38:29+00:00\",\"description\":\"L\u2019industrie p\u00e9troli\u00e8re et gazi\u00e8re est un domaine en continuelle expansion et concerne toutes les activit\u00e9s et proc\u00e9dures relatives non seulement \u00e0 l\u2019extraction et \u00e0 la transformation des mati\u00e8res prem\",\"breadcrumb\":{\"@id\":\"https:\\\/\\\/www.errebi-group.com\\\/fr\\\/petroliere-et-du-gaz#breadcrumb\"},\"inLanguage\":\"fr-FR\",\"potentialAction\":[{\"@type\":\"ReadAction\",\"target\":[\"https:\\\/\\\/www.errebi-group.com\\\/fr\\\/petroliere-et-du-gaz\"]}]},{\"@type\":\"ImageObject\",\"inLanguage\":\"fr-FR\",\"@id\":\"https:\\\/\\\/www.errebi-group.com\\\/fr\\\/petroliere-et-du-gaz#primaryimage\",\"url\":\"https:\\\/\\\/www.errebi-group.com\\\/wp-content\\\/uploads\\\/2025\\\/04\\\/oil-e-gas-campo-di-impiego-errebi-group-hero-section.webp\",\"contentUrl\":\"https:\\\/\\\/www.errebi-group.com\\\/wp-content\\\/uploads\\\/2025\\\/04\\\/oil-e-gas-campo-di-impiego-errebi-group-hero-section.webp\",\"width\":1920,\"height\":1080,\"caption\":\"Vue a\u00e9rienne d\u2019une installation de stockage et de raffinage dans l\u2019industrie du p\u00e9trole et du gaz\"},{\"@type\":\"BreadcrumbList\",\"@id\":\"https:\\\/\\\/www.errebi-group.com\\\/fr\\\/petroliere-et-du-gaz#breadcrumb\",\"itemListElement\":[{\"@type\":\"ListItem\",\"position\":1,\"name\":\"Home\",\"item\":\"https:\\\/\\\/www.errebi-group.com\\\/fr\"},{\"@type\":\"ListItem\",\"position\":2,\"name\":\"C\u00e2blages et composants \u00e9lectriques pour l\u2019industrie p\u00e9troli\u00e8re et gazi\u00e8re\"}]},{\"@type\":\"WebSite\",\"@id\":\"https:\\\/\\\/www.errebi-group.com\\\/fr#website\",\"url\":\"https:\\\/\\\/www.errebi-group.com\\\/fr\",\"name\":\"Errebi Group - Azienda produttrice di Cablaggi e Quadri Elettrici\",\"description\":\"Azienda produttrice di Cablaggi e Quadri Elettrici\",\"publisher\":{\"@id\":\"https:\\\/\\\/www.errebi-group.com\\\/fr#organization\"},\"potentialAction\":[{\"@type\":\"SearchAction\",\"target\":{\"@type\":\"EntryPoint\",\"urlTemplate\":\"https:\\\/\\\/www.errebi-group.com\\\/fr?s={search_term_string}\"},\"query-input\":{\"@type\":\"PropertyValueSpecification\",\"valueRequired\":true,\"valueName\":\"search_term_string\"}}],\"inLanguage\":\"fr-FR\"},{\"@type\":\"Organization\",\"@id\":\"https:\\\/\\\/www.errebi-group.com\\\/fr#organization\",\"name\":\"Errebi Group\",\"url\":\"https:\\\/\\\/www.errebi-group.com\\\/fr\",\"logo\":{\"@type\":\"ImageObject\",\"inLanguage\":\"fr-FR\",\"@id\":\"https:\\\/\\\/www.errebi-group.com\\\/fr#\\\/schema\\\/logo\\\/image\\\/\",\"url\":\"https:\\\/\\\/www.errebi-group.com\\\/wp-content\\\/uploads\\\/2025\\\/04\\\/logo-errebi-group-payoff-white-website.png\",\"contentUrl\":\"https:\\\/\\\/www.errebi-group.com\\\/wp-content\\\/uploads\\\/2025\\\/04\\\/logo-errebi-group-payoff-white-website.png\",\"width\":610,\"height\":100,\"caption\":\"Errebi Group\"},\"image\":{\"@id\":\"https:\\\/\\\/www.errebi-group.com\\\/fr#\\\/schema\\\/logo\\\/image\\\/\"},\"sameAs\":[\"https:\\\/\\\/www.facebook.com\\\/errebigroupsrl\",\"https:\\\/\\\/www.instagram.com\\\/errebi.group?igsh=cGNzN3FpcDFqNm1i\",\"https:\\\/\\\/www.linkedin.com\\\/company\\\/errebigroup\\\/?originalSubdomain=it\",\"https:\\\/\\\/www.youtube.com\\\/@errebigroup\"]}]}<\/script>\n<!-- \/ Yoast SEO plugin. -->","yoast_head_json":{"title":"C\u00e2blages et c\u00e2bles pour le secteur du p\u00e9trole et du gaz","description":"L\u2019industrie p\u00e9troli\u00e8re et gazi\u00e8re est un domaine en continuelle expansion et concerne toutes les activit\u00e9s et proc\u00e9dures relatives non seulement \u00e0 l\u2019extraction et \u00e0 la transformation des mati\u00e8res prem","robots":{"index":"index","follow":"follow","max-snippet":"max-snippet:-1","max-image-preview":"max-image-preview:large","max-video-preview":"max-video-preview:-1"},"canonical":"https:\/\/www.errebi-group.com\/fr\/petroliere-et-du-gaz","og_locale":"fr_FR","og_type":"article","og_title":"C\u00e2blages et c\u00e2bles pour le secteur du p\u00e9trole et du gaz","og_description":"L\u2019industrie p\u00e9troli\u00e8re et gazi\u00e8re est un domaine en continuelle expansion et concerne toutes les activit\u00e9s et proc\u00e9dures relatives non seulement \u00e0 l\u2019extraction et \u00e0 la transformation des mati\u00e8res prem","og_url":"https:\/\/www.errebi-group.com\/fr\/petroliere-et-du-gaz","og_site_name":"ErreBi Group","article_publisher":"https:\/\/www.facebook.com\/errebigroupsrl","article_modified_time":"2025-09-29T14:38:29+00:00","og_image":[{"width":1920,"height":1080,"url":"https:\/\/www.errebi-group.com\/wp-content\/uploads\/2025\/04\/oil-e-gas-campo-di-impiego-errebi-group-hero-section.webp","type":"image\/webp"}],"twitter_card":"summary_large_image","twitter_misc":{"Dur\u00e9e de lecture estim\u00e9e":"4 minutes"},"schema":{"@context":"https:\/\/schema.org","@graph":[{"@type":"WebPage","@id":"https:\/\/www.errebi-group.com\/fr\/petroliere-et-du-gaz","url":"https:\/\/www.errebi-group.com\/fr\/petroliere-et-du-gaz","name":"C\u00e2blages et c\u00e2bles pour le secteur du p\u00e9trole et du gaz","isPartOf":{"@id":"https:\/\/www.errebi-group.com\/fr#website"},"primaryImageOfPage":{"@id":"https:\/\/www.errebi-group.com\/fr\/petroliere-et-du-gaz#primaryimage"},"image":{"@id":"https:\/\/www.errebi-group.com\/fr\/petroliere-et-du-gaz#primaryimage"},"thumbnailUrl":"https:\/\/www.errebi-group.com\/wp-content\/uploads\/2025\/04\/oil-e-gas-campo-di-impiego-errebi-group-hero-section.webp","datePublished":"2025-04-28T13:23:47+00:00","dateModified":"2025-09-29T14:38:29+00:00","description":"L\u2019industrie p\u00e9troli\u00e8re et gazi\u00e8re est un domaine en continuelle expansion et concerne toutes les activit\u00e9s et proc\u00e9dures relatives non seulement \u00e0 l\u2019extraction et \u00e0 la transformation des mati\u00e8res prem","breadcrumb":{"@id":"https:\/\/www.errebi-group.com\/fr\/petroliere-et-du-gaz#breadcrumb"},"inLanguage":"fr-FR","potentialAction":[{"@type":"ReadAction","target":["https:\/\/www.errebi-group.com\/fr\/petroliere-et-du-gaz"]}]},{"@type":"ImageObject","inLanguage":"fr-FR","@id":"https:\/\/www.errebi-group.com\/fr\/petroliere-et-du-gaz#primaryimage","url":"https:\/\/www.errebi-group.com\/wp-content\/uploads\/2025\/04\/oil-e-gas-campo-di-impiego-errebi-group-hero-section.webp","contentUrl":"https:\/\/www.errebi-group.com\/wp-content\/uploads\/2025\/04\/oil-e-gas-campo-di-impiego-errebi-group-hero-section.webp","width":1920,"height":1080,"caption":"Vue a\u00e9rienne d\u2019une installation de stockage et de raffinage dans l\u2019industrie du p\u00e9trole et du gaz"},{"@type":"BreadcrumbList","@id":"https:\/\/www.errebi-group.com\/fr\/petroliere-et-du-gaz#breadcrumb","itemListElement":[{"@type":"ListItem","position":1,"name":"Home","item":"https:\/\/www.errebi-group.com\/fr"},{"@type":"ListItem","position":2,"name":"C\u00e2blages et composants \u00e9lectriques pour l\u2019industrie p\u00e9troli\u00e8re et gazi\u00e8re"}]},{"@type":"WebSite","@id":"https:\/\/www.errebi-group.com\/fr#website","url":"https:\/\/www.errebi-group.com\/fr","name":"Errebi Group - Azienda produttrice di Cablaggi e Quadri Elettrici","description":"Azienda produttrice di Cablaggi e Quadri Elettrici","publisher":{"@id":"https:\/\/www.errebi-group.com\/fr#organization"},"potentialAction":[{"@type":"SearchAction","target":{"@type":"EntryPoint","urlTemplate":"https:\/\/www.errebi-group.com\/fr?s={search_term_string}"},"query-input":{"@type":"PropertyValueSpecification","valueRequired":true,"valueName":"search_term_string"}}],"inLanguage":"fr-FR"},{"@type":"Organization","@id":"https:\/\/www.errebi-group.com\/fr#organization","name":"Errebi Group","url":"https:\/\/www.errebi-group.com\/fr","logo":{"@type":"ImageObject","inLanguage":"fr-FR","@id":"https:\/\/www.errebi-group.com\/fr#\/schema\/logo\/image\/","url":"https:\/\/www.errebi-group.com\/wp-content\/uploads\/2025\/04\/logo-errebi-group-payoff-white-website.png","contentUrl":"https:\/\/www.errebi-group.com\/wp-content\/uploads\/2025\/04\/logo-errebi-group-payoff-white-website.png","width":610,"height":100,"caption":"Errebi Group"},"image":{"@id":"https:\/\/www.errebi-group.com\/fr#\/schema\/logo\/image\/"},"sameAs":["https:\/\/www.facebook.com\/errebigroupsrl","https:\/\/www.instagram.com\/errebi.group?igsh=cGNzN3FpcDFqNm1i","https:\/\/www.linkedin.com\/company\/errebigroup\/?originalSubdomain=it","https:\/\/www.youtube.com\/@errebigroup"]}]}},"_links":{"self":[{"href":"https:\/\/www.errebi-group.com\/fr\/wp-json\/wp\/v2\/pages\/1956","targetHints":{"allow":["GET"]}}],"collection":[{"href":"https:\/\/www.errebi-group.com\/fr\/wp-json\/wp\/v2\/pages"}],"about":[{"href":"https:\/\/www.errebi-group.com\/fr\/wp-json\/wp\/v2\/types\/page"}],"author":[{"embeddable":true,"href":"https:\/\/www.errebi-group.com\/fr\/wp-json\/wp\/v2\/users\/1"}],"replies":[{"embeddable":true,"href":"https:\/\/www.errebi-group.com\/fr\/wp-json\/wp\/v2\/comments?post=1956"}],"version-history":[{"count":1,"href":"https:\/\/www.errebi-group.com\/fr\/wp-json\/wp\/v2\/pages\/1956\/revisions"}],"predecessor-version":[{"id":2209,"href":"https:\/\/www.errebi-group.com\/fr\/wp-json\/wp\/v2\/pages\/1956\/revisions\/2209"}],"wp:featuredmedia":[{"embeddable":true,"href":"https:\/\/www.errebi-group.com\/fr\/wp-json\/wp\/v2\/media\/1691"}],"wp:attachment":[{"href":"https:\/\/www.errebi-group.com\/fr\/wp-json\/wp\/v2\/media?parent=1956"}],"curies":[{"name":"wp","href":"https:\/\/api.w.org\/{rel}","templated":true}]}}