{"id":1958,"date":"2025-04-28T13:07:05","date_gmt":"2025-04-28T13:07:05","guid":{"rendered":"https:\/\/www.errebi-group.com\/cablages-et-composants-electriques-pour-les-telecommunications\/"},"modified":"2025-09-29T13:46:07","modified_gmt":"2025-09-29T13:46:07","slug":"telecommunications","status":"publish","type":"page","link":"https:\/\/www.errebi-group.com\/fr\/telecommunications","title":{"rendered":"C\u00e2blages et composants \u00e9lectriques pour les t\u00e9l\u00e9communications"},"content":{"rendered":"<p>Dans le <strong>domaine des t\u00e9l\u00e9communications, l\u2019une des caract\u00e9ristiques les plus recherch\u00e9e<\/strong>s pour un <strong>c\u00e2blage, c\u2019est qu\u2019il soit aussi extensible et flexible que possible<\/strong>, et en mesure de <strong>transporter des donn\u00e9es le plus rapidement possible<\/strong>.<\/p>\n<p>Pour pouvoir correspondre pr\u00e9cis\u00e9ment \u00e0 ces param\u00e8tres, il est n\u00e9cessaire d\u2019<strong>\u00e9tudier attentivement les caract\u00e9ristiques de la zone d\u2019intervention<\/strong> et <strong>les besoins d\u2019extension de l\u2019installation<\/strong>, afin de pouvoir sugg\u00e9rer au client <strong>la meilleure solution<\/strong>, tant en ce qui concerne les c\u00e2bles que le r\u00e9seau \u00e0 installer.<\/p>\n<p>Selon le cas, il est possible de r<strong>elier des r\u00e9seaux m\u00eame tr\u00e8s \u00e9loign\u00e9s<\/strong> entre eux gr\u00e2ce \u00e0 l\u2019utilisation de <strong>ponts et d\u2019antennes ext\u00e9rieures<\/strong>, en conservant un c\u00e2blage apparent et en contournant en quelque sorte la n\u00e9cessit\u00e9 d\u2019une connexion physique.<\/p>\n<div style=\"height: 48px;\"><\/div>\n<h2>Caract\u00e9ristiques des composants de t\u00e9l\u00e9communications<\/h2>\n<p>L\u2019objectif d\u2019<strong>accro\u00eetre la polyvalence des c\u00e2blages<\/strong> conduit nos experts \u00e0 travailler sur un <strong>mode de connexion diff\u00e9rent<\/strong>, et \u00e0 adapter les <strong>syst\u00e8mes de c\u00e2blage de t\u00e9l\u00e9communications<\/strong> en fonction de la structure et des besoins r\u00e9els.<\/p>\n<p>Les <strong>installations de transmission de donn\u00e9es<\/strong> peuvent en effet \u00eatre d\u00e9velopp\u00e9es exclusivement avec des <strong>c\u00e2bles en cuivre<\/strong>, ou avec une <strong>composition m\u00e9lang\u00e9e<\/strong> pouvant anticiper une<strong> fibre optique<\/strong> ou une <strong>connexion sans fil<\/strong>.<\/p>\n<p>Gr\u00e2ce \u00e0 l\u2019installation de <strong>c\u00e2blages structur\u00e9s<\/strong>, il est donc possible de favoriser une meilleure transmission, plus rapide, des <strong>signaux audios, vid\u00e9os et des donn\u00e9es<\/strong>, en les int\u00e9grant aux appareils \u00e9lectriques et \u00e9lectroniques existants et en v\u00e9rifiant dans chaque cas le bon fonctionnement au moyen de<strong> tests d\u2019acceptation pr\u00e9cis<\/strong>.<\/p>\n<p>Le respect des <strong>normes<\/strong>, des<strong> propri\u00e9t\u00e9s des mat\u00e9riaux<\/strong> et la <strong>connaissance des nouvelles technologies<\/strong> sont pour nous une priorit\u00e9 permanente : pour cette raison, la <strong>formation continue du personnel<\/strong> est prioritaire dans chacun des domaines concern\u00e9s afin de pouvoir garantir aux clients la <strong>plus grande comp\u00e9tence et le plus grand professionnalisme<\/strong>.<\/p>\n<div style=\"height: 48px;\"><\/div>\n<h2>Conception personnalis\u00e9e<\/h2>\n<p>Pour <strong>le secteur des t\u00e9l\u00e9communications<\/strong> comme pour tous nos secteurs d\u2019intervention, nous fournissons un <strong>service de <a href=\"https:\/\/www.errebi-group.com\/it\/progettazione-cablaggi\">conception personnalis\u00e9e de c\u00e2blages<\/a> et d\u2019assemblages,<\/strong> et essayons de r\u00e9pondre aux exigences des clients et d\u2019adapter autant que possible notre travail \u00e0 la fonction requise.<\/p>\n<p>Pour concevoir puis <a href=\"https:\/\/www.errebi-group.com\/it\/produzione-cablaggi-elettrici\">r\u00e9aliser un c\u00e2blage<\/a> qui s\u2019adapte au besoin indiqu\u00e9 par l\u2019acheteur, <strong>nos techniciens effectuent une visite<\/strong> afin de comprendre avec pr\u00e9cision l\u2019\u00e9quipement \u00e0 c\u00e2bler, les emplacements o\u00f9 celui-ci fonctionne et l\u2019\u00e9ventuel besoin d\u2019une structure de soutien, <strong>pour ensuite identifier le produit sp\u00e9cifique \u00e0 installer<\/strong>.<\/p>\n<p>Cette proc\u00e9dure <strong>acc\u00e9l\u00e8re sans aucun doute le processus de production<\/strong>, permettant au client de b\u00e9n\u00e9ficier d\u2019<strong>un service parfaitement conforme \u00e0 ses demandes<\/strong> et de parvenir \u00e0 r\u00e9duire en cons\u00e9quence tant les d\u00e9lais que les co\u00fbts de mise en \u0153uvre.<\/p>\n<div style=\"height: 48px;\"><\/div>\n<h2>Conseils sp\u00e9cifiques<\/h2>\n<p>Dans un secteur comme celui des <strong>t\u00e9l\u00e9communications<\/strong>, il est souvent compliqu\u00e9 de r\u00e9ussir \u00e0 comprendre de mani\u00e8re autonome quel peut \u00eatre<strong> le type de c\u00e2blage id\u00e9al pour l\u2019\u00e9quipement ou pour la fonction dont on a besoin<\/strong>, et encore plus si le produit demand\u00e9 est <strong>un assemblage particuli\u00e8rement complexe<\/strong>.<\/p>\n<p>Pour rem\u00e9dier \u00e0 ce type de probl\u00e9matique, nos experts mettent quotidiennement \u00e0 la disposition des clients <strong>leurs connaissances<\/strong> et fournissent les <strong>conseils n\u00e9cessaires \u00e0 l\u2019identification du bon produit pour la fonction sp\u00e9cifiqu<\/strong>e et pour \u00e9ventuellement conseiller<strong> la structure la plus appropri\u00e9e pour soutenir son application<\/strong>.<\/p>\n<p>L\u2019objectif est clairement de <strong>comprendre la situation dans les plus brefs d\u00e9lais<\/strong> et de trouver pour chaque interrogation l<strong>a solution la plus efficace<\/strong> qui puisse garantir au client <strong>un service satisfaisant en mesure d\u2019optimiser par ailleurs le rapport qualit\u00e9-prix<\/strong>.<\/p>\n<div style=\"height: 48px;\"><\/div>\n<h2>Assistance cibl\u00e9e<\/h2>\n<p>Le <strong>service d\u2019assistance<\/strong> est actif pour <strong>tous les secteurs d\u2019intervention<\/strong> et par cons\u00e9quent \u00e9galement pour celui des <strong>t\u00e9l\u00e9communications<\/strong>.<\/p>\n<p>Nos techniciens apportent une <strong><a href=\"https:\/\/www.errebi-group.com\/it\/consulenza\">assistance sp\u00e9cifique pour tous les c\u00e2blages<\/a> et assemblages install\u00e9s<\/strong>, analysant dans chaque cas la probl\u00e9matique et intervenant de mani\u00e8re cibl\u00e9e apr\u00e8s avoir identifi\u00e9 le dysfonctionnement.<\/p>\n<p>Les interventions peuvent porter sur<strong> l\u2019assemblage dans sa globalit\u00e9 ou un unique c\u00e2ble<\/strong> qui peut \u00eatre identifi\u00e9 et remplac\u00e9 en temps utile afin de permettre \u00e0 l\u2019\u00e9quipement de redevenir op\u00e9rationnel le plus rapidement possible.<\/p>\n<p><strong>Les comp\u00e9tences de nos experts<\/strong> concernent tous les secteurs couverts par notre entreprise, ce qui leur permet de <strong>comprendre le probl\u00e8me dans son ensemble<\/strong>, mais \u00e9galement de <strong>saisir chaque d\u00e9tail sp\u00e9cifique au domaine en question.<\/strong><\/p>\n","protected":false},"excerpt":{"rendered":"<p>Dans le domaine des t\u00e9l\u00e9communications, l\u2019une des caract\u00e9ristiques les plus recherch\u00e9es pour un c\u00e2blage, c\u2019est qu\u2019il soit aussi extensible et flexible que possible, et en mesure de transporter des donn\u00e9es le plus rapidement possible. Pour pouvoir correspondre pr\u00e9cis\u00e9ment \u00e0 ces param\u00e8tres, il est n\u00e9cessaire d\u2019\u00e9tudier attentivement les caract\u00e9ristiques de la zone d\u2019intervention et les besoins [&hellip;]<\/p>\n","protected":false},"author":1,"featured_media":1707,"parent":0,"menu_order":0,"comment_status":"closed","ping_status":"closed","template":"","meta":{"footnotes":""},"class_list":["post-1958","page","type-page","status-publish","has-post-thumbnail","hentry"],"yoast_head":"<!-- This site is optimized with the Yoast SEO plugin v27.4 - https:\/\/yoast.com\/product\/yoast-seo-wordpress\/ -->\n<title>C\u00e2blages de t\u00e9l\u00e9communications, c\u00e2bles et composants \u00e9lectriques<\/title>\n<meta name=\"description\" content=\"Dans le domaine des t\u00e9l\u00e9communications, l\u2019une des caract\u00e9ristiques les plus recherch\u00e9es pour un c\u00e2blage, c\u2019est qu\u2019il soit aussi extensible et flexible que possible, et en mesure de transporter des...\" \/>\n<meta name=\"robots\" content=\"index, follow, max-snippet:-1, max-image-preview:large, max-video-preview:-1\" \/>\n<link rel=\"canonical\" href=\"https:\/\/www.errebi-group.com\/fr\/telecommunications\" \/>\n<meta property=\"og:locale\" content=\"fr_FR\" \/>\n<meta property=\"og:type\" content=\"article\" \/>\n<meta property=\"og:title\" content=\"C\u00e2blages de t\u00e9l\u00e9communications, c\u00e2bles et composants \u00e9lectriques\" \/>\n<meta property=\"og:description\" content=\"Dans le domaine des t\u00e9l\u00e9communications, l\u2019une des caract\u00e9ristiques les plus recherch\u00e9es pour un c\u00e2blage, c\u2019est qu\u2019il soit aussi extensible et flexible que possible, et en mesure de transporter des...\" \/>\n<meta property=\"og:url\" content=\"https:\/\/www.errebi-group.com\/fr\/telecommunications\" \/>\n<meta property=\"og:site_name\" content=\"ErreBi Group\" \/>\n<meta property=\"article:publisher\" content=\"https:\/\/www.facebook.com\/errebigroupsrl\" \/>\n<meta property=\"article:modified_time\" content=\"2025-09-29T13:46:07+00:00\" \/>\n<meta property=\"og:image\" content=\"https:\/\/www.errebi-group.com\/wp-content\/uploads\/2025\/04\/telecomunicazioni-campo-di-impiego-errebi-group-hero-section.webp\" \/>\n\t<meta property=\"og:image:width\" content=\"1920\" \/>\n\t<meta property=\"og:image:height\" content=\"1080\" \/>\n\t<meta property=\"og:image:type\" content=\"image\/webp\" \/>\n<meta name=\"twitter:card\" content=\"summary_large_image\" \/>\n<meta name=\"twitter:label1\" content=\"Dur\u00e9e de lecture estim\u00e9e\" \/>\n\t<meta name=\"twitter:data1\" content=\"4 minutes\" \/>\n<script type=\"application\/ld+json\" class=\"yoast-schema-graph\">{\"@context\":\"https:\\\/\\\/schema.org\",\"@graph\":[{\"@type\":\"WebPage\",\"@id\":\"https:\\\/\\\/www.errebi-group.com\\\/fr\\\/telecommunications\",\"url\":\"https:\\\/\\\/www.errebi-group.com\\\/fr\\\/telecommunications\",\"name\":\"C\u00e2blages de t\u00e9l\u00e9communications, c\u00e2bles et composants \u00e9lectriques\",\"isPartOf\":{\"@id\":\"https:\\\/\\\/www.errebi-group.com\\\/fr#website\"},\"primaryImageOfPage\":{\"@id\":\"https:\\\/\\\/www.errebi-group.com\\\/fr\\\/telecommunications#primaryimage\"},\"image\":{\"@id\":\"https:\\\/\\\/www.errebi-group.com\\\/fr\\\/telecommunications#primaryimage\"},\"thumbnailUrl\":\"https:\\\/\\\/www.errebi-group.com\\\/wp-content\\\/uploads\\\/2025\\\/04\\\/telecomunicazioni-campo-di-impiego-errebi-group-hero-section.webp\",\"datePublished\":\"2025-04-28T13:07:05+00:00\",\"dateModified\":\"2025-09-29T13:46:07+00:00\",\"description\":\"Dans le domaine des t\u00e9l\u00e9communications, l\u2019une des caract\u00e9ristiques les plus recherch\u00e9es pour un c\u00e2blage, c\u2019est qu\u2019il soit aussi extensible et flexible que possible, et en mesure de transporter des...\",\"breadcrumb\":{\"@id\":\"https:\\\/\\\/www.errebi-group.com\\\/fr\\\/telecommunications#breadcrumb\"},\"inLanguage\":\"fr-FR\",\"potentialAction\":[{\"@type\":\"ReadAction\",\"target\":[\"https:\\\/\\\/www.errebi-group.com\\\/fr\\\/telecommunications\"]}]},{\"@type\":\"ImageObject\",\"inLanguage\":\"fr-FR\",\"@id\":\"https:\\\/\\\/www.errebi-group.com\\\/fr\\\/telecommunications#primaryimage\",\"url\":\"https:\\\/\\\/www.errebi-group.com\\\/wp-content\\\/uploads\\\/2025\\\/04\\\/telecomunicazioni-campo-di-impiego-errebi-group-hero-section.webp\",\"contentUrl\":\"https:\\\/\\\/www.errebi-group.com\\\/wp-content\\\/uploads\\\/2025\\\/04\\\/telecomunicazioni-campo-di-impiego-errebi-group-hero-section.webp\",\"width\":1920,\"height\":1080,\"caption\":\"Centrale de distribution avec connecteurs coaxiaux et avertisseurs lumineux, secteur t\u00e9l\u00e9communications\"},{\"@type\":\"BreadcrumbList\",\"@id\":\"https:\\\/\\\/www.errebi-group.com\\\/fr\\\/telecommunications#breadcrumb\",\"itemListElement\":[{\"@type\":\"ListItem\",\"position\":1,\"name\":\"Home\",\"item\":\"https:\\\/\\\/www.errebi-group.com\\\/fr\"},{\"@type\":\"ListItem\",\"position\":2,\"name\":\"C\u00e2blages et composants \u00e9lectriques pour les t\u00e9l\u00e9communications\"}]},{\"@type\":\"WebSite\",\"@id\":\"https:\\\/\\\/www.errebi-group.com\\\/fr#website\",\"url\":\"https:\\\/\\\/www.errebi-group.com\\\/fr\",\"name\":\"Errebi Group - Azienda produttrice di Cablaggi e Quadri Elettrici\",\"description\":\"Azienda produttrice di Cablaggi e Quadri Elettrici\",\"publisher\":{\"@id\":\"https:\\\/\\\/www.errebi-group.com\\\/fr#organization\"},\"potentialAction\":[{\"@type\":\"SearchAction\",\"target\":{\"@type\":\"EntryPoint\",\"urlTemplate\":\"https:\\\/\\\/www.errebi-group.com\\\/fr?s={search_term_string}\"},\"query-input\":{\"@type\":\"PropertyValueSpecification\",\"valueRequired\":true,\"valueName\":\"search_term_string\"}}],\"inLanguage\":\"fr-FR\"},{\"@type\":\"Organization\",\"@id\":\"https:\\\/\\\/www.errebi-group.com\\\/fr#organization\",\"name\":\"Errebi Group\",\"url\":\"https:\\\/\\\/www.errebi-group.com\\\/fr\",\"logo\":{\"@type\":\"ImageObject\",\"inLanguage\":\"fr-FR\",\"@id\":\"https:\\\/\\\/www.errebi-group.com\\\/fr#\\\/schema\\\/logo\\\/image\\\/\",\"url\":\"https:\\\/\\\/www.errebi-group.com\\\/wp-content\\\/uploads\\\/2025\\\/04\\\/logo-errebi-group-payoff-white-website.png\",\"contentUrl\":\"https:\\\/\\\/www.errebi-group.com\\\/wp-content\\\/uploads\\\/2025\\\/04\\\/logo-errebi-group-payoff-white-website.png\",\"width\":610,\"height\":100,\"caption\":\"Errebi Group\"},\"image\":{\"@id\":\"https:\\\/\\\/www.errebi-group.com\\\/fr#\\\/schema\\\/logo\\\/image\\\/\"},\"sameAs\":[\"https:\\\/\\\/www.facebook.com\\\/errebigroupsrl\",\"https:\\\/\\\/www.instagram.com\\\/errebi.group?igsh=cGNzN3FpcDFqNm1i\",\"https:\\\/\\\/www.linkedin.com\\\/company\\\/errebigroup\\\/?originalSubdomain=it\",\"https:\\\/\\\/www.youtube.com\\\/@errebigroup\"]}]}<\/script>\n<!-- \/ Yoast SEO plugin. -->","yoast_head_json":{"title":"C\u00e2blages de t\u00e9l\u00e9communications, c\u00e2bles et composants \u00e9lectriques","description":"Dans le domaine des t\u00e9l\u00e9communications, l\u2019une des caract\u00e9ristiques les plus recherch\u00e9es pour un c\u00e2blage, c\u2019est qu\u2019il soit aussi extensible et flexible que possible, et en mesure de transporter des...","robots":{"index":"index","follow":"follow","max-snippet":"max-snippet:-1","max-image-preview":"max-image-preview:large","max-video-preview":"max-video-preview:-1"},"canonical":"https:\/\/www.errebi-group.com\/fr\/telecommunications","og_locale":"fr_FR","og_type":"article","og_title":"C\u00e2blages de t\u00e9l\u00e9communications, c\u00e2bles et composants \u00e9lectriques","og_description":"Dans le domaine des t\u00e9l\u00e9communications, l\u2019une des caract\u00e9ristiques les plus recherch\u00e9es pour un c\u00e2blage, c\u2019est qu\u2019il soit aussi extensible et flexible que possible, et en mesure de transporter des...","og_url":"https:\/\/www.errebi-group.com\/fr\/telecommunications","og_site_name":"ErreBi Group","article_publisher":"https:\/\/www.facebook.com\/errebigroupsrl","article_modified_time":"2025-09-29T13:46:07+00:00","og_image":[{"width":1920,"height":1080,"url":"https:\/\/www.errebi-group.com\/wp-content\/uploads\/2025\/04\/telecomunicazioni-campo-di-impiego-errebi-group-hero-section.webp","type":"image\/webp"}],"twitter_card":"summary_large_image","twitter_misc":{"Dur\u00e9e de lecture estim\u00e9e":"4 minutes"},"schema":{"@context":"https:\/\/schema.org","@graph":[{"@type":"WebPage","@id":"https:\/\/www.errebi-group.com\/fr\/telecommunications","url":"https:\/\/www.errebi-group.com\/fr\/telecommunications","name":"C\u00e2blages de t\u00e9l\u00e9communications, c\u00e2bles et composants \u00e9lectriques","isPartOf":{"@id":"https:\/\/www.errebi-group.com\/fr#website"},"primaryImageOfPage":{"@id":"https:\/\/www.errebi-group.com\/fr\/telecommunications#primaryimage"},"image":{"@id":"https:\/\/www.errebi-group.com\/fr\/telecommunications#primaryimage"},"thumbnailUrl":"https:\/\/www.errebi-group.com\/wp-content\/uploads\/2025\/04\/telecomunicazioni-campo-di-impiego-errebi-group-hero-section.webp","datePublished":"2025-04-28T13:07:05+00:00","dateModified":"2025-09-29T13:46:07+00:00","description":"Dans le domaine des t\u00e9l\u00e9communications, l\u2019une des caract\u00e9ristiques les plus recherch\u00e9es pour un c\u00e2blage, c\u2019est qu\u2019il soit aussi extensible et flexible que possible, et en mesure de transporter des...","breadcrumb":{"@id":"https:\/\/www.errebi-group.com\/fr\/telecommunications#breadcrumb"},"inLanguage":"fr-FR","potentialAction":[{"@type":"ReadAction","target":["https:\/\/www.errebi-group.com\/fr\/telecommunications"]}]},{"@type":"ImageObject","inLanguage":"fr-FR","@id":"https:\/\/www.errebi-group.com\/fr\/telecommunications#primaryimage","url":"https:\/\/www.errebi-group.com\/wp-content\/uploads\/2025\/04\/telecomunicazioni-campo-di-impiego-errebi-group-hero-section.webp","contentUrl":"https:\/\/www.errebi-group.com\/wp-content\/uploads\/2025\/04\/telecomunicazioni-campo-di-impiego-errebi-group-hero-section.webp","width":1920,"height":1080,"caption":"Centrale de distribution avec connecteurs coaxiaux et avertisseurs lumineux, secteur t\u00e9l\u00e9communications"},{"@type":"BreadcrumbList","@id":"https:\/\/www.errebi-group.com\/fr\/telecommunications#breadcrumb","itemListElement":[{"@type":"ListItem","position":1,"name":"Home","item":"https:\/\/www.errebi-group.com\/fr"},{"@type":"ListItem","position":2,"name":"C\u00e2blages et composants \u00e9lectriques pour les t\u00e9l\u00e9communications"}]},{"@type":"WebSite","@id":"https:\/\/www.errebi-group.com\/fr#website","url":"https:\/\/www.errebi-group.com\/fr","name":"Errebi Group - Azienda produttrice di Cablaggi e Quadri Elettrici","description":"Azienda produttrice di Cablaggi e Quadri Elettrici","publisher":{"@id":"https:\/\/www.errebi-group.com\/fr#organization"},"potentialAction":[{"@type":"SearchAction","target":{"@type":"EntryPoint","urlTemplate":"https:\/\/www.errebi-group.com\/fr?s={search_term_string}"},"query-input":{"@type":"PropertyValueSpecification","valueRequired":true,"valueName":"search_term_string"}}],"inLanguage":"fr-FR"},{"@type":"Organization","@id":"https:\/\/www.errebi-group.com\/fr#organization","name":"Errebi Group","url":"https:\/\/www.errebi-group.com\/fr","logo":{"@type":"ImageObject","inLanguage":"fr-FR","@id":"https:\/\/www.errebi-group.com\/fr#\/schema\/logo\/image\/","url":"https:\/\/www.errebi-group.com\/wp-content\/uploads\/2025\/04\/logo-errebi-group-payoff-white-website.png","contentUrl":"https:\/\/www.errebi-group.com\/wp-content\/uploads\/2025\/04\/logo-errebi-group-payoff-white-website.png","width":610,"height":100,"caption":"Errebi Group"},"image":{"@id":"https:\/\/www.errebi-group.com\/fr#\/schema\/logo\/image\/"},"sameAs":["https:\/\/www.facebook.com\/errebigroupsrl","https:\/\/www.instagram.com\/errebi.group?igsh=cGNzN3FpcDFqNm1i","https:\/\/www.linkedin.com\/company\/errebigroup\/?originalSubdomain=it","https:\/\/www.youtube.com\/@errebigroup"]}]}},"_links":{"self":[{"href":"https:\/\/www.errebi-group.com\/fr\/wp-json\/wp\/v2\/pages\/1958","targetHints":{"allow":["GET"]}}],"collection":[{"href":"https:\/\/www.errebi-group.com\/fr\/wp-json\/wp\/v2\/pages"}],"about":[{"href":"https:\/\/www.errebi-group.com\/fr\/wp-json\/wp\/v2\/types\/page"}],"author":[{"embeddable":true,"href":"https:\/\/www.errebi-group.com\/fr\/wp-json\/wp\/v2\/users\/1"}],"replies":[{"embeddable":true,"href":"https:\/\/www.errebi-group.com\/fr\/wp-json\/wp\/v2\/comments?post=1958"}],"version-history":[{"count":1,"href":"https:\/\/www.errebi-group.com\/fr\/wp-json\/wp\/v2\/pages\/1958\/revisions"}],"predecessor-version":[{"id":2207,"href":"https:\/\/www.errebi-group.com\/fr\/wp-json\/wp\/v2\/pages\/1958\/revisions\/2207"}],"wp:featuredmedia":[{"embeddable":true,"href":"https:\/\/www.errebi-group.com\/fr\/wp-json\/wp\/v2\/media\/1707"}],"wp:attachment":[{"href":"https:\/\/www.errebi-group.com\/fr\/wp-json\/wp\/v2\/media?parent=1958"}],"curies":[{"name":"wp","href":"https:\/\/api.w.org\/{rel}","templated":true}]}}