{"id":1968,"date":"2025-04-28T13:18:05","date_gmt":"2025-04-28T13:18:05","guid":{"rendered":"https:\/\/www.errebi-group.com\/cablages-et-composants-electriques-audios-et-videos\/"},"modified":"2025-09-22T13:22:39","modified_gmt":"2025-09-22T13:22:39","slug":"audios-et-videos","status":"publish","type":"page","link":"https:\/\/www.errebi-group.com\/fr\/audios-et-videos","title":{"rendered":"C\u00e2blages et composants \u00e9lectriques audios et vid\u00e9os"},"content":{"rendered":"<p>Dans le <strong>secteur audiovisuel<\/strong>, le <strong>c\u00e2blage<\/strong> est essentiel au bon fonctionnement des installations et permet l\u2019interconnexion d\u2019\u00e9quipements de nature <strong>\u00e9lectronique, analogique ou num\u00e9rique<\/strong>.<\/p>\n<p>Pour qu\u2019un <strong>c\u00e2blage audio ou vid\u00e9o<\/strong> soit <strong>r\u00e9alis\u00e9 correctement et soit performant<\/strong>, il est important que la conception soit r\u00e9alis\u00e9e avec soin en amont afin de tenir compte des espaces et des appareils \u00e0 connecter. De m\u00eame,<strong> la mise en \u0153uvre sur le terrain doit \u00eatre soign\u00e9e, afin que la transmission des donn\u00e9es se fasse de mani\u00e8re correcte et fluide, sans qu\u2019il n\u2019y ait la moindre interf\u00e9rence<\/strong>.<\/p>\n<div style=\"height: 48px;\"><\/div>\n<h2>Caract\u00e9ristiques des composants audios et vid\u00e9os<\/h2>\n<p>Les \u00e9l\u00e9ments les plus utilis\u00e9s pour le <strong>c\u00e2blage audio et vid\u00e9o<\/strong> sont principalement les <strong>c\u00e2bles de puissance pour les diffuseurs acoustiques<\/strong> et <strong>les c\u00e2bles de signaux pour la connexion des dispositifs \u00e9lectroniques<\/strong>, sans oublier les <strong>c\u00e2bles d\u2019alimentation<\/strong> et <strong>fiches<\/strong>.<\/p>\n<p>\u00c0 cela s\u2019ajoute une vaste gamme de <strong>connecteurs<\/strong> et notamment de <strong>gaines<\/strong> pour la protection et l\u2019isolation des c\u00e2bles utilis\u00e9s.<\/p>\n<p>Tous les composants et mat\u00e9riaux disponibles en catalogue peuvent \u00eatre utilis\u00e9s par nos experts, tant pour du <strong>c\u00e2blage simple<\/strong> que <strong>complexe et structur\u00e9<\/strong>, afin de r\u00e9pondre aux besoins des clients et adapter le travail au contexte environnemental qui se pr\u00e9sente.<\/p>\n<div style=\"height: 48px;\"><\/div>\n<h2>Conception personnalis\u00e9e<\/h2>\n<p>Pour <strong>le secteur audiovisuel<\/strong> comme pour tous nos secteurs d\u2019intervention, nous fournissons un <strong>service de <a href=\"https:\/\/www.errebi-group.com\/it\/progettazione-cablaggi\">conception personnalis\u00e9e de c\u00e2blages<\/a> et d\u2019<a href=\"https:\/\/www.errebi-group.com\/it\/assemblaggi-elettromeccanici\">assemblages<\/a><\/strong>, et essayons de r\u00e9pondre aux exigences des clients et d\u2019adapter autant que possible notre travail \u00e0 la fonction requise.<\/p>\n<p>Pour concevoir puis <a href=\"https:\/\/www.errebi-group.com\/it\/produzione-cablaggi-elettrici\">r\u00e9aliser un c\u00e2blage<\/a> qui s\u2019adapte au besoin indiqu\u00e9 par l\u2019acheteur, <strong>nos techniciens effectuent une visite<\/strong> afin de comprendre avec pr\u00e9cision l\u2019\u00e9quipement \u00e0 c\u00e2bler, les emplacements o\u00f9 celui-ci fonctionne et l\u2019\u00e9ventuel besoin d\u2019une structure de soutien, <strong>pour ensuite identifier le produit sp\u00e9cifique \u00e0 installer<\/strong>.<\/p>\n<p>Cette proc\u00e9dure <strong>acc\u00e9l\u00e8re sans aucun doute le processus de production<\/strong>, permettant au client de b\u00e9n\u00e9ficier d\u2019<strong>un service parfaitement conforme \u00e0 ses demandes<\/strong> et de parvenir \u00e0 r\u00e9duire en cons\u00e9quence tant les d\u00e9lais que les co\u00fbts de mise en \u0153uvre.<\/p>\n<div style=\"height: 48px;\"><\/div>\n<h2>Conseils sp\u00e9cifiques<\/h2>\n<p>Dans un secteur comme celui <strong>audiovisuel<\/strong>, il est souvent compliqu\u00e9 de r\u00e9ussir \u00e0 comprendre de mani\u00e8re autonome quel peut \u00eatre <strong>le type de c\u00e2blage id\u00e9al pour l\u2019\u00e9quipement ou pour la fonction dont on a besoin<\/strong>, et encore plus si le produit demand\u00e9 est <strong>un assemblage particuli\u00e8rement complexe<\/strong>.<\/p>\n<p>Pour rem\u00e9dier \u00e0 ce type de probl\u00e9matique, nos experts mettent quotidiennement \u00e0 la disposition des clients <strong>leurs connaissances<\/strong> et fournissent les <strong>conseils n\u00e9cessaires \u00e0 l\u2019identification du bon produit pour la fonction sp\u00e9cifiqu<\/strong>e et pour \u00e9ventuellement conseiller<strong> la structure la plus appropri\u00e9e pour soutenir son application<\/strong>.<\/p>\n<p>L\u2019objectif est clairement de <strong>comprendre la situation dans les plus brefs d\u00e9lais<\/strong> et de trouver pour chaque interrogation l<strong>a solution la plus efficace<\/strong> qui puisse garantir au client <strong>un service satisfaisant en mesure d\u2019optimiser par ailleurs le rapport qualit\u00e9-prix<\/strong>.<\/p>\n<div style=\"height: 48px;\"><\/div>\n<p>Le <strong>service d\u2019assistance<\/strong> est actif <strong>pour tous les secteurs d\u2019intervention<\/strong> et par cons\u00e9quent \u00e9galement pour celui de l\u2019<strong>audiovisuel<\/strong>.<\/p>\n<p>Nos techniciens apportent <strong>une <a href=\"https:\/\/www.errebi-group.com\/it\/consulenza\">assistance sp\u00e9cifique<\/a> pour tous les c\u00e2blages et assemblages install\u00e9s<\/strong>, analysant dans chaque cas la probl\u00e9matique et intervenant de mani\u00e8re cibl\u00e9e apr\u00e8s avoir identifi\u00e9 le dysfonctionnement.<\/p>\n<p>Les interventions peuvent porter sur<strong> l\u2019assemblage dans sa globalit\u00e9 ou un unique c\u00e2ble<\/strong> qui peut \u00eatre identifi\u00e9 et remplac\u00e9 en temps utile afin de permettre \u00e0 l\u2019\u00e9quipement de redevenir op\u00e9rationnel le plus rapidement possible.<\/p>\n<p><strong>Les comp\u00e9tences de nos experts<\/strong> concernent tous les secteurs couverts par notre entreprise, ce qui leur permet de <strong>comprendre le probl\u00e8me dans son ensemble<\/strong>, mais \u00e9galement de <strong>saisir chaque d\u00e9tail sp\u00e9cifique au domaine en question.<\/strong><\/p>\n","protected":false},"excerpt":{"rendered":"<p>Dans le secteur audiovisuel, le c\u00e2blage est essentiel au bon fonctionnement des installations et permet l\u2019interconnexion d\u2019\u00e9quipements de nature \u00e9lectronique, analogique ou num\u00e9rique. Pour qu\u2019un c\u00e2blage audio ou vid\u00e9o soit r\u00e9alis\u00e9 correctement et soit performant, il est important que la conception soit r\u00e9alis\u00e9e avec soin en amont afin de tenir compte des espaces et des [&hellip;]<\/p>\n","protected":false},"author":1,"featured_media":1647,"parent":0,"menu_order":0,"comment_status":"closed","ping_status":"closed","template":"","meta":{"footnotes":""},"class_list":["post-1968","page","type-page","status-publish","has-post-thumbnail","hentry"],"yoast_head":"<!-- This site is optimized with the Yoast SEO plugin v27.4 - https:\/\/yoast.com\/product\/yoast-seo-wordpress\/ -->\n<title>C\u00e2blages audios et vid\u00e9os, c\u00e2bles et composants \u00e9lectriques<\/title>\n<meta name=\"description\" content=\"Dans le secteur audiovisuel, le c\u00e2blage est essentiel au bon fonctionnement des installations et permet l\u2019interconnexion d\u2019\u00e9quipements de nature \u00e9lectronique, analogique ou num\u00e9rique...\" \/>\n<meta name=\"robots\" content=\"index, follow, max-snippet:-1, max-image-preview:large, max-video-preview:-1\" \/>\n<link rel=\"canonical\" href=\"https:\/\/www.errebi-group.com\/fr\/audios-et-videos\" \/>\n<meta property=\"og:locale\" content=\"fr_FR\" \/>\n<meta property=\"og:type\" content=\"article\" \/>\n<meta property=\"og:title\" content=\"C\u00e2blages audios et vid\u00e9os, c\u00e2bles et composants \u00e9lectriques\" \/>\n<meta property=\"og:description\" content=\"Dans le secteur audiovisuel, le c\u00e2blage est essentiel au bon fonctionnement des installations et permet l\u2019interconnexion d\u2019\u00e9quipements de nature \u00e9lectronique, analogique ou num\u00e9rique...\" \/>\n<meta property=\"og:url\" content=\"https:\/\/www.errebi-group.com\/fr\/audios-et-videos\" \/>\n<meta property=\"og:site_name\" content=\"ErreBi Group\" \/>\n<meta property=\"article:publisher\" content=\"https:\/\/www.facebook.com\/errebigroupsrl\" \/>\n<meta property=\"article:modified_time\" content=\"2025-09-22T13:22:39+00:00\" \/>\n<meta property=\"og:image\" content=\"https:\/\/www.errebi-group.com\/wp-content\/uploads\/2025\/04\/audio-e-video-campo-di-impiego-errebi-group-hero-section.webp\" \/>\n\t<meta property=\"og:image:width\" content=\"1920\" \/>\n\t<meta property=\"og:image:height\" content=\"1080\" \/>\n\t<meta property=\"og:image:type\" content=\"image\/webp\" \/>\n<meta name=\"twitter:card\" content=\"summary_large_image\" \/>\n<meta name=\"twitter:label1\" content=\"Dur\u00e9e de lecture estim\u00e9e\" \/>\n\t<meta name=\"twitter:data1\" content=\"4 minutes\" \/>\n<script type=\"application\/ld+json\" class=\"yoast-schema-graph\">{\"@context\":\"https:\\\/\\\/schema.org\",\"@graph\":[{\"@type\":\"WebPage\",\"@id\":\"https:\\\/\\\/www.errebi-group.com\\\/fr\\\/audios-et-videos\",\"url\":\"https:\\\/\\\/www.errebi-group.com\\\/fr\\\/audios-et-videos\",\"name\":\"C\u00e2blages audios et vid\u00e9os, c\u00e2bles et composants \u00e9lectriques\",\"isPartOf\":{\"@id\":\"https:\\\/\\\/www.errebi-group.com\\\/fr#website\"},\"primaryImageOfPage\":{\"@id\":\"https:\\\/\\\/www.errebi-group.com\\\/fr\\\/audios-et-videos#primaryimage\"},\"image\":{\"@id\":\"https:\\\/\\\/www.errebi-group.com\\\/fr\\\/audios-et-videos#primaryimage\"},\"thumbnailUrl\":\"https:\\\/\\\/www.errebi-group.com\\\/wp-content\\\/uploads\\\/2025\\\/04\\\/audio-e-video-campo-di-impiego-errebi-group-hero-section.webp\",\"datePublished\":\"2025-04-28T13:18:05+00:00\",\"dateModified\":\"2025-09-22T13:22:39+00:00\",\"description\":\"Dans le secteur audiovisuel, le c\u00e2blage est essentiel au bon fonctionnement des installations et permet l\u2019interconnexion d\u2019\u00e9quipements de nature \u00e9lectronique, analogique ou num\u00e9rique...\",\"breadcrumb\":{\"@id\":\"https:\\\/\\\/www.errebi-group.com\\\/fr\\\/audios-et-videos#breadcrumb\"},\"inLanguage\":\"fr-FR\",\"potentialAction\":[{\"@type\":\"ReadAction\",\"target\":[\"https:\\\/\\\/www.errebi-group.com\\\/fr\\\/audios-et-videos\"]}]},{\"@type\":\"ImageObject\",\"inLanguage\":\"fr-FR\",\"@id\":\"https:\\\/\\\/www.errebi-group.com\\\/fr\\\/audios-et-videos#primaryimage\",\"url\":\"https:\\\/\\\/www.errebi-group.com\\\/wp-content\\\/uploads\\\/2025\\\/04\\\/audio-e-video-campo-di-impiego-errebi-group-hero-section.webp\",\"contentUrl\":\"https:\\\/\\\/www.errebi-group.com\\\/wp-content\\\/uploads\\\/2025\\\/04\\\/audio-e-video-campo-di-impiego-errebi-group-hero-section.webp\",\"width\":1920,\"height\":1080,\"caption\":\"Des c\u00e2bles RCA connect\u00e9s \u00e0 une unit\u00e9 audio-vid\u00e9o, symbole de l\u2019\u00e9lectronique pour les t\u00e9l\u00e9communications et le divertissement\"},{\"@type\":\"BreadcrumbList\",\"@id\":\"https:\\\/\\\/www.errebi-group.com\\\/fr\\\/audios-et-videos#breadcrumb\",\"itemListElement\":[{\"@type\":\"ListItem\",\"position\":1,\"name\":\"Home\",\"item\":\"https:\\\/\\\/www.errebi-group.com\\\/fr\"},{\"@type\":\"ListItem\",\"position\":2,\"name\":\"C\u00e2blages et composants \u00e9lectriques audios et vid\u00e9os\"}]},{\"@type\":\"WebSite\",\"@id\":\"https:\\\/\\\/www.errebi-group.com\\\/fr#website\",\"url\":\"https:\\\/\\\/www.errebi-group.com\\\/fr\",\"name\":\"Errebi Group - Azienda produttrice di Cablaggi e Quadri Elettrici\",\"description\":\"Azienda produttrice di Cablaggi e Quadri Elettrici\",\"publisher\":{\"@id\":\"https:\\\/\\\/www.errebi-group.com\\\/fr#organization\"},\"potentialAction\":[{\"@type\":\"SearchAction\",\"target\":{\"@type\":\"EntryPoint\",\"urlTemplate\":\"https:\\\/\\\/www.errebi-group.com\\\/fr?s={search_term_string}\"},\"query-input\":{\"@type\":\"PropertyValueSpecification\",\"valueRequired\":true,\"valueName\":\"search_term_string\"}}],\"inLanguage\":\"fr-FR\"},{\"@type\":\"Organization\",\"@id\":\"https:\\\/\\\/www.errebi-group.com\\\/fr#organization\",\"name\":\"Errebi Group\",\"url\":\"https:\\\/\\\/www.errebi-group.com\\\/fr\",\"logo\":{\"@type\":\"ImageObject\",\"inLanguage\":\"fr-FR\",\"@id\":\"https:\\\/\\\/www.errebi-group.com\\\/fr#\\\/schema\\\/logo\\\/image\\\/\",\"url\":\"https:\\\/\\\/www.errebi-group.com\\\/wp-content\\\/uploads\\\/2025\\\/04\\\/logo-errebi-group-payoff-white-website.png\",\"contentUrl\":\"https:\\\/\\\/www.errebi-group.com\\\/wp-content\\\/uploads\\\/2025\\\/04\\\/logo-errebi-group-payoff-white-website.png\",\"width\":610,\"height\":100,\"caption\":\"Errebi Group\"},\"image\":{\"@id\":\"https:\\\/\\\/www.errebi-group.com\\\/fr#\\\/schema\\\/logo\\\/image\\\/\"},\"sameAs\":[\"https:\\\/\\\/www.facebook.com\\\/errebigroupsrl\",\"https:\\\/\\\/www.instagram.com\\\/errebi.group?igsh=cGNzN3FpcDFqNm1i\",\"https:\\\/\\\/www.linkedin.com\\\/company\\\/errebigroup\\\/?originalSubdomain=it\",\"https:\\\/\\\/www.youtube.com\\\/@errebigroup\"]}]}<\/script>\n<!-- \/ Yoast SEO plugin. -->","yoast_head_json":{"title":"C\u00e2blages audios et vid\u00e9os, c\u00e2bles et composants \u00e9lectriques","description":"Dans le secteur audiovisuel, le c\u00e2blage est essentiel au bon fonctionnement des installations et permet l\u2019interconnexion d\u2019\u00e9quipements de nature \u00e9lectronique, analogique ou num\u00e9rique...","robots":{"index":"index","follow":"follow","max-snippet":"max-snippet:-1","max-image-preview":"max-image-preview:large","max-video-preview":"max-video-preview:-1"},"canonical":"https:\/\/www.errebi-group.com\/fr\/audios-et-videos","og_locale":"fr_FR","og_type":"article","og_title":"C\u00e2blages audios et vid\u00e9os, c\u00e2bles et composants \u00e9lectriques","og_description":"Dans le secteur audiovisuel, le c\u00e2blage est essentiel au bon fonctionnement des installations et permet l\u2019interconnexion d\u2019\u00e9quipements de nature \u00e9lectronique, analogique ou num\u00e9rique...","og_url":"https:\/\/www.errebi-group.com\/fr\/audios-et-videos","og_site_name":"ErreBi Group","article_publisher":"https:\/\/www.facebook.com\/errebigroupsrl","article_modified_time":"2025-09-22T13:22:39+00:00","og_image":[{"width":1920,"height":1080,"url":"https:\/\/www.errebi-group.com\/wp-content\/uploads\/2025\/04\/audio-e-video-campo-di-impiego-errebi-group-hero-section.webp","type":"image\/webp"}],"twitter_card":"summary_large_image","twitter_misc":{"Dur\u00e9e de lecture estim\u00e9e":"4 minutes"},"schema":{"@context":"https:\/\/schema.org","@graph":[{"@type":"WebPage","@id":"https:\/\/www.errebi-group.com\/fr\/audios-et-videos","url":"https:\/\/www.errebi-group.com\/fr\/audios-et-videos","name":"C\u00e2blages audios et vid\u00e9os, c\u00e2bles et composants \u00e9lectriques","isPartOf":{"@id":"https:\/\/www.errebi-group.com\/fr#website"},"primaryImageOfPage":{"@id":"https:\/\/www.errebi-group.com\/fr\/audios-et-videos#primaryimage"},"image":{"@id":"https:\/\/www.errebi-group.com\/fr\/audios-et-videos#primaryimage"},"thumbnailUrl":"https:\/\/www.errebi-group.com\/wp-content\/uploads\/2025\/04\/audio-e-video-campo-di-impiego-errebi-group-hero-section.webp","datePublished":"2025-04-28T13:18:05+00:00","dateModified":"2025-09-22T13:22:39+00:00","description":"Dans le secteur audiovisuel, le c\u00e2blage est essentiel au bon fonctionnement des installations et permet l\u2019interconnexion d\u2019\u00e9quipements de nature \u00e9lectronique, analogique ou num\u00e9rique...","breadcrumb":{"@id":"https:\/\/www.errebi-group.com\/fr\/audios-et-videos#breadcrumb"},"inLanguage":"fr-FR","potentialAction":[{"@type":"ReadAction","target":["https:\/\/www.errebi-group.com\/fr\/audios-et-videos"]}]},{"@type":"ImageObject","inLanguage":"fr-FR","@id":"https:\/\/www.errebi-group.com\/fr\/audios-et-videos#primaryimage","url":"https:\/\/www.errebi-group.com\/wp-content\/uploads\/2025\/04\/audio-e-video-campo-di-impiego-errebi-group-hero-section.webp","contentUrl":"https:\/\/www.errebi-group.com\/wp-content\/uploads\/2025\/04\/audio-e-video-campo-di-impiego-errebi-group-hero-section.webp","width":1920,"height":1080,"caption":"Des c\u00e2bles RCA connect\u00e9s \u00e0 une unit\u00e9 audio-vid\u00e9o, symbole de l\u2019\u00e9lectronique pour les t\u00e9l\u00e9communications et le divertissement"},{"@type":"BreadcrumbList","@id":"https:\/\/www.errebi-group.com\/fr\/audios-et-videos#breadcrumb","itemListElement":[{"@type":"ListItem","position":1,"name":"Home","item":"https:\/\/www.errebi-group.com\/fr"},{"@type":"ListItem","position":2,"name":"C\u00e2blages et composants \u00e9lectriques audios et vid\u00e9os"}]},{"@type":"WebSite","@id":"https:\/\/www.errebi-group.com\/fr#website","url":"https:\/\/www.errebi-group.com\/fr","name":"Errebi Group - Azienda produttrice di Cablaggi e Quadri Elettrici","description":"Azienda produttrice di Cablaggi e Quadri Elettrici","publisher":{"@id":"https:\/\/www.errebi-group.com\/fr#organization"},"potentialAction":[{"@type":"SearchAction","target":{"@type":"EntryPoint","urlTemplate":"https:\/\/www.errebi-group.com\/fr?s={search_term_string}"},"query-input":{"@type":"PropertyValueSpecification","valueRequired":true,"valueName":"search_term_string"}}],"inLanguage":"fr-FR"},{"@type":"Organization","@id":"https:\/\/www.errebi-group.com\/fr#organization","name":"Errebi Group","url":"https:\/\/www.errebi-group.com\/fr","logo":{"@type":"ImageObject","inLanguage":"fr-FR","@id":"https:\/\/www.errebi-group.com\/fr#\/schema\/logo\/image\/","url":"https:\/\/www.errebi-group.com\/wp-content\/uploads\/2025\/04\/logo-errebi-group-payoff-white-website.png","contentUrl":"https:\/\/www.errebi-group.com\/wp-content\/uploads\/2025\/04\/logo-errebi-group-payoff-white-website.png","width":610,"height":100,"caption":"Errebi Group"},"image":{"@id":"https:\/\/www.errebi-group.com\/fr#\/schema\/logo\/image\/"},"sameAs":["https:\/\/www.facebook.com\/errebigroupsrl","https:\/\/www.instagram.com\/errebi.group?igsh=cGNzN3FpcDFqNm1i","https:\/\/www.linkedin.com\/company\/errebigroup\/?originalSubdomain=it","https:\/\/www.youtube.com\/@errebigroup"]}]}},"_links":{"self":[{"href":"https:\/\/www.errebi-group.com\/fr\/wp-json\/wp\/v2\/pages\/1968","targetHints":{"allow":["GET"]}}],"collection":[{"href":"https:\/\/www.errebi-group.com\/fr\/wp-json\/wp\/v2\/pages"}],"about":[{"href":"https:\/\/www.errebi-group.com\/fr\/wp-json\/wp\/v2\/types\/page"}],"author":[{"embeddable":true,"href":"https:\/\/www.errebi-group.com\/fr\/wp-json\/wp\/v2\/users\/1"}],"replies":[{"embeddable":true,"href":"https:\/\/www.errebi-group.com\/fr\/wp-json\/wp\/v2\/comments?post=1968"}],"version-history":[{"count":2,"href":"https:\/\/www.errebi-group.com\/fr\/wp-json\/wp\/v2\/pages\/1968\/revisions"}],"predecessor-version":[{"id":2393,"href":"https:\/\/www.errebi-group.com\/fr\/wp-json\/wp\/v2\/pages\/1968\/revisions\/2393"}],"wp:featuredmedia":[{"embeddable":true,"href":"https:\/\/www.errebi-group.com\/fr\/wp-json\/wp\/v2\/media\/1647"}],"wp:attachment":[{"href":"https:\/\/www.errebi-group.com\/fr\/wp-json\/wp\/v2\/media?parent=1968"}],"curies":[{"name":"wp","href":"https:\/\/api.w.org\/{rel}","templated":true}]}}