{"id":2012,"date":"2025-04-28T13:28:23","date_gmt":"2025-04-28T13:28:23","guid":{"rendered":"https:\/\/www.errebi-group.com\/cablages-et-composants-electriques-pour-le-secteur-electromedical\/"},"modified":"2025-09-29T13:46:44","modified_gmt":"2025-09-29T13:46:44","slug":"secteur-electromedical","status":"publish","type":"page","link":"https:\/\/www.errebi-group.com\/fr\/secteur-electromedical","title":{"rendered":"C\u00e2blages et composants \u00e9lectriques pour le secteur \u00e9lectrom\u00e9dical"},"content":{"rendered":"<p><strong>Les c\u00e2blages pour le secteur \u00e9lectrom\u00e9dical<\/strong> sont des \u00e9l\u00e9ments de raccordement indispensables au fonctionnement des dispositifs utilis\u00e9s dans les environnements m\u00e9dical et hospitalier et n\u00e9cessitant de l\u2019\u00e9lectricit\u00e9 pour fonctionner: ces instruments entrent en <strong>contact physique ou \u00e9lectrique directement avec le patient<\/strong>, sous la surveillance \u00e9troite d\u2019un m\u00e9decin.<\/p>\n<p><strong>Les appareils m\u00e9dicaux<\/strong> sont consid\u00e9r\u00e9s \u00eatre des dispositifs m\u00e9dicaux \u00e0 part enti\u00e8re et font partie int\u00e9grante de l\u2019ensemble des \u00e9quipements de travail. Il est donc question ici <strong>d\u2019instruments tr\u00e8s sophistiqu\u00e9s et dot\u00e9s de dispositions d\u2019utilisation pr\u00e9cises<\/strong>, et ainsi les c\u00e2blages que nous trouvons dans ce secteur s\u2019av\u00e8rent \u00eatre des accessoires \u00e0 manier avec la plus grande prudence.<\/p>\n<div style=\"height: 48px;\"><\/div>\n<h2>Caract\u00e9ristiques pour le secteur \u00e9lectrom\u00e9dical<\/h2>\n<p><strong>Les c\u00e2blages pour le secteur \u00e9lectrom\u00e9dical<\/strong> font partie d\u2019une cat\u00e9gorie tr\u00e8s particuli\u00e8re et leur fabrication est strictement r\u00e9glement\u00e9e par des normes et des r\u00e9glementations visant \u00e0 garantir qu\u2019ils sont conformes aux normes pr\u00e9\u00e9tablies.<\/p>\n<p>Parmi les types de c\u00e2blages pour utilisation \u00e9lectrom\u00e9dicaux, nous pouvons distinguer trois types:<\/p>\n<ul>\n<li><strong>Les c\u00e2blages pour appareils \u00e9lectrom\u00e9dicaux qui n\u2019entrent pas en contact physique avec le patient<\/strong><\/li>\n<li><strong>Les c\u00e2blages pour appareils \u00e9lectrom\u00e9dicaux qui entrent en contact avec le patient, mais pas avec la r\u00e9gion cardiaque<\/strong><\/li>\n<li><strong>Les c\u00e2blages pour appareils \u00e9lectrom\u00e9dicaux qui entrent \u00e9galement en contact avec la r\u00e9gion cardiaque du patient.<\/strong><\/li>\n<\/ul>\n<p><strong>Les c\u00e2blages de ce type doivent \u00eatre soumis \u00e0 des contr\u00f4les p\u00e9riodiques<\/strong> afin de v\u00e9rifier leur qualit\u00e9, r\u00e9sistance et efficacit\u00e9.<\/p>\n<div style=\"height: 48px;\"><\/div>\n<h2>Conception personnalis\u00e9e<\/h2>\n<p>Pour <strong>le secteur \u00e9lectrom\u00e9dical<\/strong>, habitables comme pour tous nos secteurs d\u2019intervention, nous fournissons <strong>un service de <a href=\"https:\/\/www.errebi-group.com\/it\/progettazione-cablaggi\">conception personnalis\u00e9e de c\u00e2blages<\/a> et d\u2019<a href=\"https:\/\/www.errebi-group.com\/it\/assemblaggi-elettromeccanici\">assemblages<\/a><\/strong>, et essayons de r\u00e9pondre aux exigences des clients et d\u2019adapter autant que possible notre travail \u00e0 la fonction requise.<\/p>\n<p><strong> Pour concevoir puis r\u00e9aliser un c\u00e2blage qui s\u2019adapte au besoin indiqu\u00e9 par l\u2019acheteur<\/strong>, nos techniciens effectuent une visite afin de comprendre avec pr\u00e9cision l\u2019\u00e9quipement \u00e0 c\u00e2bler, les emplacements o\u00f9 celui-ci fonctionne et l\u2019\u00e9ventuel besoin d\u2019une structure de soutien, pour ensuite identifier le produit sp\u00e9cifique \u00e0 installer.<\/p>\n<p>Cette proc\u00e9dure acc\u00e9l\u00e8re sans aucun doute le processus de production, permettant au client de b\u00e9n\u00e9ficier d\u2019<strong>un service parfaitement conforme \u00e0 ses demandes<\/strong> et de parvenir \u00e0 r\u00e9duire en cons\u00e9quence tant les d\u00e9lais que les co\u00fbts de mise en \u0153uvre.<\/p>\n<div style=\"height: 48px;\"><\/div>\n<h2>Conseils sp\u00e9cifiques<\/h2>\n<p>Dans <strong>un secteur comme celui \u00e9lectrom\u00e9dical<\/strong>, il est souvent compliqu\u00e9 de r\u00e9ussir \u00e0 comprendre de mani\u00e8re autonome quel peut \u00eatre le type de c\u00e2blage id\u00e9al pour l\u2019\u00e9quipement ou pour la fonction dont on a besoin, <strong>et encore plus si le produit demand\u00e9 est un assemblage particuli\u00e8rement complexe<\/strong>.<\/p>\n<p>Pour rem\u00e9dier \u00e0 ce type de probl\u00e9matique, nos experts mettent quotidiennement \u00e0 la disposition des clients leurs connaissances et fournissent <strong>les conseils n\u00e9cessaires \u00e0 l\u2019identification du bon produit pour la fonction sp\u00e9cifique <\/strong>et pour \u00e9ventuellement conseiller la structure la plus appropri\u00e9e pour soutenir son application.<\/p>\n<p>L\u2019objectif est clairement de <strong>comprendre la situation dans les plus brefs d\u00e9lais<\/strong> et de trouver pour chaque interrogation la solution la plus efficace qui puisse garantir au client un service satisfaisant en mesure d\u2019optimiser par ailleurs <strong>le rapport qualit\u00e9-prix<\/strong>.<\/p>\n<div style=\"height: 48px;\"><\/div>\n<h2>Assistance cibl\u00e9e<\/h2>\n<p>Le <strong>service d\u2019assistance<\/strong> est actif pour tous les secteurs d\u2019intervention et par cons\u00e9quent \u00e9galement pour celui <strong>\u00e9lectrom\u00e9dical<\/strong>. Nos techniciens apportent une <strong><a href=\"https:\/\/www.errebi-group.com\/it\/consulenza\">assistance sp\u00e9cifique pour tous les c\u00e2blages<\/a> et assemblages install\u00e9s<\/strong>, analysant dans chaque cas la probl\u00e9matique et intervenant de mani\u00e8re cibl\u00e9e apr\u00e8s avoir identifi\u00e9 le dysfonctionnement.<\/p>\n<p>Les interventions peuvent porter sur <strong>l\u2019assemblage dans sa globalit\u00e9<\/strong> ou un <strong>unique c\u00e2ble<\/strong> qui peut \u00eatre identifi\u00e9 et remplac\u00e9 en temps utile afin de permettre \u00e0 l\u2019\u00e9quipement de redevenir op\u00e9rationnel le plus rapidement possible.<\/p>\n<p>Les comp\u00e9tences de nos experts concernent tous les secteurs couverts par notre entreprise, ce qui leur permet de<strong> comprendre le probl\u00e8me dans son ensemble<\/strong>, mais \u00e9galement de <strong>saisir chaque d\u00e9tail sp\u00e9cifique au domaine en question<\/strong>.<\/p>\n","protected":false},"excerpt":{"rendered":"<p>Les c\u00e2blages pour le secteur \u00e9lectrom\u00e9dical sont des \u00e9l\u00e9ments de raccordement indispensables au fonctionnement des dispositifs utilis\u00e9s dans les environnements m\u00e9dical et hospitalier et n\u00e9cessitant de l\u2019\u00e9lectricit\u00e9 pour fonctionner: ces instruments entrent en contact physique ou \u00e9lectrique directement avec le patient, sous la surveillance \u00e9troite d\u2019un m\u00e9decin. Les appareils m\u00e9dicaux sont consid\u00e9r\u00e9s \u00eatre des dispositifs [&hellip;]<\/p>\n","protected":false},"author":1,"featured_media":1663,"parent":0,"menu_order":0,"comment_status":"closed","ping_status":"closed","template":"","meta":{"footnotes":""},"class_list":["post-2012","page","type-page","status-publish","has-post-thumbnail","hentry"],"yoast_head":"<!-- This site is optimized with the Yoast SEO plugin v27.4 - https:\/\/yoast.com\/product\/yoast-seo-wordpress\/ -->\n<title>C\u00e2blages pour le secteur \u00e9lectrom\u00e9dical, c\u00e2bles et composants \u00e9lectriques<\/title>\n<meta name=\"description\" content=\"Les c\u00e2blages pour le secteur \u00e9lectrom\u00e9dical sont des \u00e9l\u00e9ments de raccordement indispensables au fonctionnement des dispositifs utilis\u00e9s dans les environnements m\u00e9dical et hospitalier et n\u00e9cessitant...\" \/>\n<meta name=\"robots\" content=\"index, follow, max-snippet:-1, max-image-preview:large, max-video-preview:-1\" \/>\n<link rel=\"canonical\" href=\"https:\/\/www.errebi-group.com\/fr\/secteur-electromedical\" \/>\n<meta property=\"og:locale\" content=\"fr_FR\" \/>\n<meta property=\"og:type\" content=\"article\" \/>\n<meta property=\"og:title\" content=\"C\u00e2blages pour le secteur \u00e9lectrom\u00e9dical, c\u00e2bles et composants \u00e9lectriques\" \/>\n<meta property=\"og:description\" content=\"Les c\u00e2blages pour le secteur \u00e9lectrom\u00e9dical sont des \u00e9l\u00e9ments de raccordement indispensables au fonctionnement des dispositifs utilis\u00e9s dans les environnements m\u00e9dical et hospitalier et n\u00e9cessitant...\" \/>\n<meta property=\"og:url\" content=\"https:\/\/www.errebi-group.com\/fr\/secteur-electromedical\" \/>\n<meta property=\"og:site_name\" content=\"ErreBi Group\" \/>\n<meta property=\"article:publisher\" content=\"https:\/\/www.facebook.com\/errebigroupsrl\" \/>\n<meta property=\"article:modified_time\" content=\"2025-09-29T13:46:44+00:00\" \/>\n<meta property=\"og:image\" content=\"https:\/\/www.errebi-group.com\/wp-content\/uploads\/2025\/04\/elettromedicale-campo-di-impiego-errebi-group-hero-section.webp\" \/>\n\t<meta property=\"og:image:width\" content=\"1920\" \/>\n\t<meta property=\"og:image:height\" content=\"1080\" \/>\n\t<meta property=\"og:image:type\" content=\"image\/webp\" \/>\n<meta name=\"twitter:card\" content=\"summary_large_image\" \/>\n<meta name=\"twitter:label1\" content=\"Dur\u00e9e de lecture estim\u00e9e\" \/>\n\t<meta name=\"twitter:data1\" content=\"4 minutes\" \/>\n<script type=\"application\/ld+json\" class=\"yoast-schema-graph\">{\"@context\":\"https:\\\/\\\/schema.org\",\"@graph\":[{\"@type\":\"WebPage\",\"@id\":\"https:\\\/\\\/www.errebi-group.com\\\/fr\\\/secteur-electromedical\",\"url\":\"https:\\\/\\\/www.errebi-group.com\\\/fr\\\/secteur-electromedical\",\"name\":\"C\u00e2blages pour le secteur \u00e9lectrom\u00e9dical, c\u00e2bles et composants \u00e9lectriques\",\"isPartOf\":{\"@id\":\"https:\\\/\\\/www.errebi-group.com\\\/fr#website\"},\"primaryImageOfPage\":{\"@id\":\"https:\\\/\\\/www.errebi-group.com\\\/fr\\\/secteur-electromedical#primaryimage\"},\"image\":{\"@id\":\"https:\\\/\\\/www.errebi-group.com\\\/fr\\\/secteur-electromedical#primaryimage\"},\"thumbnailUrl\":\"https:\\\/\\\/www.errebi-group.com\\\/wp-content\\\/uploads\\\/2025\\\/04\\\/elettromedicale-campo-di-impiego-errebi-group-hero-section.webp\",\"datePublished\":\"2025-04-28T13:28:23+00:00\",\"dateModified\":\"2025-09-29T13:46:44+00:00\",\"description\":\"Les c\u00e2blages pour le secteur \u00e9lectrom\u00e9dical sont des \u00e9l\u00e9ments de raccordement indispensables au fonctionnement des dispositifs utilis\u00e9s dans les environnements m\u00e9dical et hospitalier et n\u00e9cessitant...\",\"breadcrumb\":{\"@id\":\"https:\\\/\\\/www.errebi-group.com\\\/fr\\\/secteur-electromedical#breadcrumb\"},\"inLanguage\":\"fr-FR\",\"potentialAction\":[{\"@type\":\"ReadAction\",\"target\":[\"https:\\\/\\\/www.errebi-group.com\\\/fr\\\/secteur-electromedical\"]}]},{\"@type\":\"ImageObject\",\"inLanguage\":\"fr-FR\",\"@id\":\"https:\\\/\\\/www.errebi-group.com\\\/fr\\\/secteur-electromedical#primaryimage\",\"url\":\"https:\\\/\\\/www.errebi-group.com\\\/wp-content\\\/uploads\\\/2025\\\/04\\\/elettromedicale-campo-di-impiego-errebi-group-hero-section.webp\",\"contentUrl\":\"https:\\\/\\\/www.errebi-group.com\\\/wp-content\\\/uploads\\\/2025\\\/04\\\/elettromedicale-campo-di-impiego-errebi-group-hero-section.webp\",\"width\":1920,\"height\":1080,\"caption\":\"Appareil \u00e9lectrom\u00e9dical avec plusieurs c\u00e2bles et capteurs, utilis\u00e9 dans le domaine de la sant\u00e9 et du diagnostic\"},{\"@type\":\"BreadcrumbList\",\"@id\":\"https:\\\/\\\/www.errebi-group.com\\\/fr\\\/secteur-electromedical#breadcrumb\",\"itemListElement\":[{\"@type\":\"ListItem\",\"position\":1,\"name\":\"Home\",\"item\":\"https:\\\/\\\/www.errebi-group.com\\\/fr\"},{\"@type\":\"ListItem\",\"position\":2,\"name\":\"C\u00e2blages et composants \u00e9lectriques pour le secteur \u00e9lectrom\u00e9dical\"}]},{\"@type\":\"WebSite\",\"@id\":\"https:\\\/\\\/www.errebi-group.com\\\/fr#website\",\"url\":\"https:\\\/\\\/www.errebi-group.com\\\/fr\",\"name\":\"Errebi Group - Azienda produttrice di Cablaggi e Quadri Elettrici\",\"description\":\"Azienda produttrice di Cablaggi e Quadri Elettrici\",\"publisher\":{\"@id\":\"https:\\\/\\\/www.errebi-group.com\\\/fr#organization\"},\"potentialAction\":[{\"@type\":\"SearchAction\",\"target\":{\"@type\":\"EntryPoint\",\"urlTemplate\":\"https:\\\/\\\/www.errebi-group.com\\\/fr?s={search_term_string}\"},\"query-input\":{\"@type\":\"PropertyValueSpecification\",\"valueRequired\":true,\"valueName\":\"search_term_string\"}}],\"inLanguage\":\"fr-FR\"},{\"@type\":\"Organization\",\"@id\":\"https:\\\/\\\/www.errebi-group.com\\\/fr#organization\",\"name\":\"Errebi Group\",\"url\":\"https:\\\/\\\/www.errebi-group.com\\\/fr\",\"logo\":{\"@type\":\"ImageObject\",\"inLanguage\":\"fr-FR\",\"@id\":\"https:\\\/\\\/www.errebi-group.com\\\/fr#\\\/schema\\\/logo\\\/image\\\/\",\"url\":\"https:\\\/\\\/www.errebi-group.com\\\/wp-content\\\/uploads\\\/2025\\\/04\\\/logo-errebi-group-payoff-white-website.png\",\"contentUrl\":\"https:\\\/\\\/www.errebi-group.com\\\/wp-content\\\/uploads\\\/2025\\\/04\\\/logo-errebi-group-payoff-white-website.png\",\"width\":610,\"height\":100,\"caption\":\"Errebi Group\"},\"image\":{\"@id\":\"https:\\\/\\\/www.errebi-group.com\\\/fr#\\\/schema\\\/logo\\\/image\\\/\"},\"sameAs\":[\"https:\\\/\\\/www.facebook.com\\\/errebigroupsrl\",\"https:\\\/\\\/www.instagram.com\\\/errebi.group?igsh=cGNzN3FpcDFqNm1i\",\"https:\\\/\\\/www.linkedin.com\\\/company\\\/errebigroup\\\/?originalSubdomain=it\",\"https:\\\/\\\/www.youtube.com\\\/@errebigroup\"]}]}<\/script>\n<!-- \/ Yoast SEO plugin. -->","yoast_head_json":{"title":"C\u00e2blages pour le secteur \u00e9lectrom\u00e9dical, c\u00e2bles et composants \u00e9lectriques","description":"Les c\u00e2blages pour le secteur \u00e9lectrom\u00e9dical sont des \u00e9l\u00e9ments de raccordement indispensables au fonctionnement des dispositifs utilis\u00e9s dans les environnements m\u00e9dical et hospitalier et n\u00e9cessitant...","robots":{"index":"index","follow":"follow","max-snippet":"max-snippet:-1","max-image-preview":"max-image-preview:large","max-video-preview":"max-video-preview:-1"},"canonical":"https:\/\/www.errebi-group.com\/fr\/secteur-electromedical","og_locale":"fr_FR","og_type":"article","og_title":"C\u00e2blages pour le secteur \u00e9lectrom\u00e9dical, c\u00e2bles et composants \u00e9lectriques","og_description":"Les c\u00e2blages pour le secteur \u00e9lectrom\u00e9dical sont des \u00e9l\u00e9ments de raccordement indispensables au fonctionnement des dispositifs utilis\u00e9s dans les environnements m\u00e9dical et hospitalier et n\u00e9cessitant...","og_url":"https:\/\/www.errebi-group.com\/fr\/secteur-electromedical","og_site_name":"ErreBi Group","article_publisher":"https:\/\/www.facebook.com\/errebigroupsrl","article_modified_time":"2025-09-29T13:46:44+00:00","og_image":[{"width":1920,"height":1080,"url":"https:\/\/www.errebi-group.com\/wp-content\/uploads\/2025\/04\/elettromedicale-campo-di-impiego-errebi-group-hero-section.webp","type":"image\/webp"}],"twitter_card":"summary_large_image","twitter_misc":{"Dur\u00e9e de lecture estim\u00e9e":"4 minutes"},"schema":{"@context":"https:\/\/schema.org","@graph":[{"@type":"WebPage","@id":"https:\/\/www.errebi-group.com\/fr\/secteur-electromedical","url":"https:\/\/www.errebi-group.com\/fr\/secteur-electromedical","name":"C\u00e2blages pour le secteur \u00e9lectrom\u00e9dical, c\u00e2bles et composants \u00e9lectriques","isPartOf":{"@id":"https:\/\/www.errebi-group.com\/fr#website"},"primaryImageOfPage":{"@id":"https:\/\/www.errebi-group.com\/fr\/secteur-electromedical#primaryimage"},"image":{"@id":"https:\/\/www.errebi-group.com\/fr\/secteur-electromedical#primaryimage"},"thumbnailUrl":"https:\/\/www.errebi-group.com\/wp-content\/uploads\/2025\/04\/elettromedicale-campo-di-impiego-errebi-group-hero-section.webp","datePublished":"2025-04-28T13:28:23+00:00","dateModified":"2025-09-29T13:46:44+00:00","description":"Les c\u00e2blages pour le secteur \u00e9lectrom\u00e9dical sont des \u00e9l\u00e9ments de raccordement indispensables au fonctionnement des dispositifs utilis\u00e9s dans les environnements m\u00e9dical et hospitalier et n\u00e9cessitant...","breadcrumb":{"@id":"https:\/\/www.errebi-group.com\/fr\/secteur-electromedical#breadcrumb"},"inLanguage":"fr-FR","potentialAction":[{"@type":"ReadAction","target":["https:\/\/www.errebi-group.com\/fr\/secteur-electromedical"]}]},{"@type":"ImageObject","inLanguage":"fr-FR","@id":"https:\/\/www.errebi-group.com\/fr\/secteur-electromedical#primaryimage","url":"https:\/\/www.errebi-group.com\/wp-content\/uploads\/2025\/04\/elettromedicale-campo-di-impiego-errebi-group-hero-section.webp","contentUrl":"https:\/\/www.errebi-group.com\/wp-content\/uploads\/2025\/04\/elettromedicale-campo-di-impiego-errebi-group-hero-section.webp","width":1920,"height":1080,"caption":"Appareil \u00e9lectrom\u00e9dical avec plusieurs c\u00e2bles et capteurs, utilis\u00e9 dans le domaine de la sant\u00e9 et du diagnostic"},{"@type":"BreadcrumbList","@id":"https:\/\/www.errebi-group.com\/fr\/secteur-electromedical#breadcrumb","itemListElement":[{"@type":"ListItem","position":1,"name":"Home","item":"https:\/\/www.errebi-group.com\/fr"},{"@type":"ListItem","position":2,"name":"C\u00e2blages et composants \u00e9lectriques pour le secteur \u00e9lectrom\u00e9dical"}]},{"@type":"WebSite","@id":"https:\/\/www.errebi-group.com\/fr#website","url":"https:\/\/www.errebi-group.com\/fr","name":"Errebi Group - Azienda produttrice di Cablaggi e Quadri Elettrici","description":"Azienda produttrice di Cablaggi e Quadri Elettrici","publisher":{"@id":"https:\/\/www.errebi-group.com\/fr#organization"},"potentialAction":[{"@type":"SearchAction","target":{"@type":"EntryPoint","urlTemplate":"https:\/\/www.errebi-group.com\/fr?s={search_term_string}"},"query-input":{"@type":"PropertyValueSpecification","valueRequired":true,"valueName":"search_term_string"}}],"inLanguage":"fr-FR"},{"@type":"Organization","@id":"https:\/\/www.errebi-group.com\/fr#organization","name":"Errebi Group","url":"https:\/\/www.errebi-group.com\/fr","logo":{"@type":"ImageObject","inLanguage":"fr-FR","@id":"https:\/\/www.errebi-group.com\/fr#\/schema\/logo\/image\/","url":"https:\/\/www.errebi-group.com\/wp-content\/uploads\/2025\/04\/logo-errebi-group-payoff-white-website.png","contentUrl":"https:\/\/www.errebi-group.com\/wp-content\/uploads\/2025\/04\/logo-errebi-group-payoff-white-website.png","width":610,"height":100,"caption":"Errebi Group"},"image":{"@id":"https:\/\/www.errebi-group.com\/fr#\/schema\/logo\/image\/"},"sameAs":["https:\/\/www.facebook.com\/errebigroupsrl","https:\/\/www.instagram.com\/errebi.group?igsh=cGNzN3FpcDFqNm1i","https:\/\/www.linkedin.com\/company\/errebigroup\/?originalSubdomain=it","https:\/\/www.youtube.com\/@errebigroup"]}]}},"_links":{"self":[{"href":"https:\/\/www.errebi-group.com\/fr\/wp-json\/wp\/v2\/pages\/2012","targetHints":{"allow":["GET"]}}],"collection":[{"href":"https:\/\/www.errebi-group.com\/fr\/wp-json\/wp\/v2\/pages"}],"about":[{"href":"https:\/\/www.errebi-group.com\/fr\/wp-json\/wp\/v2\/types\/page"}],"author":[{"embeddable":true,"href":"https:\/\/www.errebi-group.com\/fr\/wp-json\/wp\/v2\/users\/1"}],"replies":[{"embeddable":true,"href":"https:\/\/www.errebi-group.com\/fr\/wp-json\/wp\/v2\/comments?post=2012"}],"version-history":[{"count":3,"href":"https:\/\/www.errebi-group.com\/fr\/wp-json\/wp\/v2\/pages\/2012\/revisions"}],"predecessor-version":[{"id":2399,"href":"https:\/\/www.errebi-group.com\/fr\/wp-json\/wp\/v2\/pages\/2012\/revisions\/2399"}],"wp:featuredmedia":[{"embeddable":true,"href":"https:\/\/www.errebi-group.com\/fr\/wp-json\/wp\/v2\/media\/1663"}],"wp:attachment":[{"href":"https:\/\/www.errebi-group.com\/fr\/wp-json\/wp\/v2\/media?parent=2012"}],"curies":[{"name":"wp","href":"https:\/\/api.w.org\/{rel}","templated":true}]}}