{"id":2015,"date":"2025-04-28T13:32:55","date_gmt":"2025-04-28T13:32:55","guid":{"rendered":"https:\/\/www.errebi-group.com\/cablages-et-composants-electriques-pour-machines-agricoles\/"},"modified":"2025-09-29T14:35:09","modified_gmt":"2025-09-29T14:35:09","slug":"machines-agricoles-et-alimentaires","status":"publish","type":"page","link":"https:\/\/www.errebi-group.com\/fr\/machines-agricoles-et-alimentaires","title":{"rendered":"C\u00e2blages et composants \u00e9lectriques pour machines agricoles"},"content":{"rendered":"<p><strong>Le secteur des machines agricoles<\/strong> recouvre toutes les machines utilis\u00e9es pour <strong>la collecte, le traitement, le transport et le tri des ressources agricoles<\/strong>. Il est donc question non seulement des v\u00e9hicules comme les <strong>tracteurs, moissonneuses-batteuses et d\u00e9fricheuses de terrain<\/strong>, mais aussi de machines plus complexes comme par exemple <strong>les engins de compactage<\/strong>, <strong>les d\u00e9broussailleuses<\/strong>, <strong>les pailleuses distributrices<\/strong> et autres machines similaires.<\/p>\n<p>Les machines agricoles, comme <strong>les c\u00e2blages<\/strong> qui leur sont associ\u00e9s, doivent \u00eatre <strong>durables et r\u00e9sistantes dans le temps<\/strong>, \u00e9tant donn\u00e9 que les op\u00e9rations effectu\u00e9es dans ce domaine sont nombreuses et complexes.<\/p>\n<p>Ces op\u00e9rations, si elles ne sont pas effectu\u00e9es correctement ou avec des meilleurs instruments, pourraient mettre en p\u00e9ril non seulement la <strong>pr\u00e9servation du paysage<\/strong> mais aussi <strong>la sant\u00e9 et la s\u00e9curit\u00e9 des travailleurs<\/strong>. Pour cette raison, il convient de s\u2019assurer d\u2019utiliser exclusivement des <strong>instruments et des appareils garantis et certifi\u00e9s<\/strong>.<\/p>\n<div style=\"height: 48px;\"><\/div>\n<h2>Caract\u00e9ristiques pour le secteur agricole<\/h2>\n<p>Le secteur des <strong>machines agricoles<\/strong> fait appel \u00e0 des <strong>composants et c\u00e2blages<\/strong> de diff\u00e9rents types.<\/p>\n<p>Les engins agricoles requi\u00e8rent tant des<strong> c\u00e2blages du secteur automobile<\/strong> (c\u00e2bles de batterie, c\u00e2blage pour feux antibrouillard, raccordements pour direction assist\u00e9e \u00e9lectrique, c\u00e2ble de freins, etc\u2026) que des <strong>composants plus sp\u00e9cifiques<\/strong> qui int\u00e9ressent le secteur de l\u2019automatisation et de la robotique : notamment les <strong>cordons lin\u00e9aires<\/strong>, les <strong>cordons extensibles<\/strong>, les <strong>c\u00e2bles spiral\u00e9s<\/strong> et les <strong>c\u00e2bles sectoriels de raccordement<\/strong> en mesure de garantir une bonne r\u00e9sistance \u00e0 la torsion et au pliage des \u00e9quipements auxquels ils sont associ\u00e9s.<\/p>\n<p>Chaque c\u00e2blage devra \u00eatre choisi en fonction de <strong>sp\u00e9cificit\u00e9s techniques bien pr\u00e9cises<\/strong> qui varient en fonction de l\u2019\u00e9quipement sur lequel il est mont\u00e9. Ceci implique qu\u2019il est particuli\u00e8rement important de choisir des<strong> produits de qualit\u00e9<\/strong> et de s\u2019appuyer sur un <strong>fournisseur professionnel<\/strong>.<\/p>\n<div style=\"height: 48px;\"><\/div>\n<h2>Conception personnalis\u00e9e<\/h2>\n<p>Pour le secteur des <strong>machines agricoles<\/strong>, habitables comme pour tous nos secteurs d\u2019intervention, nous fournissons un service de <strong>conception personnalis\u00e9e de c\u00e2blages et d\u2019assemblages<\/strong>, et essayons de r\u00e9pondre aux exigences des clients et d\u2019adapter autant que possible notre travail \u00e0 la fonction requise.<\/p>\n<p>Pour concevoir puis r\u00e9aliser un c\u00e2blage qui s\u2019adapte au besoin indiqu\u00e9 par l\u2019acheteur, nos techniciens effectuent <strong>une visite<\/strong> afin de comprendre avec pr\u00e9cision <strong>l\u2019\u00e9quipement \u00e0 c\u00e2bler<\/strong>, les <strong>emplacements<\/strong> o\u00f9 celui-ci fonctionne et <strong>l\u2019\u00e9ventuel besoin d\u2019une structure de soutien<\/strong>, pour ensuite identifier <strong>le produit sp\u00e9cifique \u00e0 installer<\/strong>.<\/p>\n<p>Cette proc\u00e9dure acc\u00e9l\u00e8re sans aucun doute <strong>le processus de production<\/strong>, permettant au client de b\u00e9n\u00e9ficier d\u2019<strong>un service parfaitement conforme<\/strong> \u00e0 ses demandes et de parvenir \u00e0 r\u00e9duire en cons\u00e9quence tant les d\u00e9lais que <strong>les co\u00fbts de mise en \u0153uvre<\/strong>.<\/p>\n<div style=\"height: 48px;\"><\/div>\n<h2>Conseils sp\u00e9cifiques<\/h2>\n<p>Dans un secteur comme celui des <strong>machines agricoles<\/strong>, il est souvent compliqu\u00e9 de r\u00e9ussir \u00e0 comprendre de mani\u00e8re autonome quel peut \u00eatre <strong>le type de c\u00e2blage id\u00e9al<\/strong> pour l\u2019\u00e9quipement ou pour la fonction dont on a besoin, et encore plus si le produit demand\u00e9 est <strong>un assemblage particuli\u00e8rement complexe<\/strong>.<\/p>\n<p>Pour rem\u00e9dier \u00e0 ce type de probl\u00e9matique, nos experts mettent quotidiennement \u00e0 la disposition des clients leurs connaissances et fournissent <strong>les conseils n\u00e9cessaires \u00e0 l\u2019identification<\/strong> <strong>du bon produit pour la fonction sp\u00e9cifique<\/strong> et pour \u00e9ventuellement conseiller <strong>la structure la plus appropri\u00e9e pour soutenir son application<\/strong>.<\/p>\n<p>L\u2019objectif est clairement de comprendre la situation dans les plus brefs d\u00e9lais et de trouver pour chaque interrogation <strong>la solution la plus efficace<\/strong> qui puisse garantir au client un<strong> service satisfaisant<\/strong> en mesure d\u2019optimiser par ailleurs <strong>le rapport qualit\u00e9-prix<\/strong>.<\/p>\n<div style=\"height: 48px;\"><\/div>\n<h2>Assistance cibl\u00e9e<\/h2>\n<p>Le <strong>service d\u2019assistance<\/strong> est actif pour tous les secteurs d\u2019intervention et par cons\u00e9quent \u00e9galement pour celui des <strong>machines agricoles<\/strong>. Nos techniciens apportent une <strong>assistance sp\u00e9cifique<\/strong> pour tous <strong>les c\u00e2blages<\/strong> et <strong>assemblages install\u00e9s<\/strong>, analysant dans chaque cas la probl\u00e9matique et intervenant de mani\u00e8re cibl\u00e9e apr\u00e8s avoir identifi\u00e9 le dysfonctionnement.<\/p>\n<p>Les interventions peuvent porter sur<strong> l\u2019assemblage dans sa globalit\u00e9<\/strong> ou un <strong>unique c\u00e2ble<\/strong> qui peut \u00eatre identifi\u00e9 et remplac\u00e9 en temps utile afin de permettre \u00e0 l\u2019\u00e9quipement de redevenir op\u00e9rationnel le plus rapidement possible.<\/p>\n<p>Les comp\u00e9tences de nos experts concernent tous les secteurs couverts par notre entreprise, ce qui leur permet de comprendre le probl\u00e8me dans son ensemble, mais \u00e9galement de <strong>saisir chaque d\u00e9tail sp\u00e9cifique au domaine en question<\/strong>.<\/p>\n","protected":false},"excerpt":{"rendered":"<p>Le secteur des machines agricoles recouvre toutes les machines utilis\u00e9es pour la collecte, le traitement, le transport et le tri des ressources agricoles. Il est donc question non seulement des v\u00e9hicules comme les tracteurs, moissonneuses-batteuses et d\u00e9fricheuses de terrain, mais aussi de machines plus complexes comme par exemple les engins de compactage, les d\u00e9broussailleuses, les [&hellip;]<\/p>\n","protected":false},"author":1,"featured_media":1679,"parent":0,"menu_order":0,"comment_status":"closed","ping_status":"closed","template":"","meta":{"footnotes":""},"class_list":["post-2015","page","type-page","status-publish","has-post-thumbnail","hentry"],"yoast_head":"<!-- This site is optimized with the Yoast SEO plugin v27.4 - https:\/\/yoast.com\/product\/yoast-seo-wordpress\/ -->\n<title>C\u00e2blages pour machines agricoles et alimentaires<\/title>\n<meta name=\"description\" content=\"Le secteur des machines agricoles recouvre toutes les machines utilis\u00e9es pour la collecte, le traitement, le transport et le tri des ressources agricoles.Il est donc question non seulement des...\" \/>\n<meta name=\"robots\" content=\"index, follow, max-snippet:-1, max-image-preview:large, max-video-preview:-1\" \/>\n<link rel=\"canonical\" href=\"https:\/\/www.errebi-group.com\/fr\/machines-agricoles-et-alimentaires\" \/>\n<meta property=\"og:locale\" content=\"fr_FR\" \/>\n<meta property=\"og:type\" content=\"article\" \/>\n<meta property=\"og:title\" content=\"C\u00e2blages pour machines agricoles et alimentaires\" \/>\n<meta property=\"og:description\" content=\"Le secteur des machines agricoles recouvre toutes les machines utilis\u00e9es pour la collecte, le traitement, le transport et le tri des ressources agricoles.Il est donc question non seulement des...\" \/>\n<meta property=\"og:url\" content=\"https:\/\/www.errebi-group.com\/fr\/machines-agricoles-et-alimentaires\" \/>\n<meta property=\"og:site_name\" content=\"ErreBi Group\" \/>\n<meta property=\"article:publisher\" content=\"https:\/\/www.facebook.com\/errebigroupsrl\" \/>\n<meta property=\"article:modified_time\" content=\"2025-09-29T14:35:09+00:00\" \/>\n<meta property=\"og:image\" content=\"https:\/\/www.errebi-group.com\/wp-content\/uploads\/2025\/04\/macchine-agricole-alimentari-campo-di-impiego-errebi-group-hero-section.webp\" \/>\n\t<meta property=\"og:image:width\" content=\"1920\" \/>\n\t<meta property=\"og:image:height\" content=\"1080\" \/>\n\t<meta property=\"og:image:type\" content=\"image\/webp\" \/>\n<meta name=\"twitter:card\" content=\"summary_large_image\" \/>\n<meta name=\"twitter:label1\" content=\"Dur\u00e9e de lecture estim\u00e9e\" \/>\n\t<meta name=\"twitter:data1\" content=\"4 minutes\" \/>\n<script type=\"application\/ld+json\" class=\"yoast-schema-graph\">{\"@context\":\"https:\\\/\\\/schema.org\",\"@graph\":[{\"@type\":\"WebPage\",\"@id\":\"https:\\\/\\\/www.errebi-group.com\\\/fr\\\/machines-agricoles-et-alimentaires\",\"url\":\"https:\\\/\\\/www.errebi-group.com\\\/fr\\\/machines-agricoles-et-alimentaires\",\"name\":\"C\u00e2blages pour machines agricoles et alimentaires\",\"isPartOf\":{\"@id\":\"https:\\\/\\\/www.errebi-group.com\\\/fr#website\"},\"primaryImageOfPage\":{\"@id\":\"https:\\\/\\\/www.errebi-group.com\\\/fr\\\/machines-agricoles-et-alimentaires#primaryimage\"},\"image\":{\"@id\":\"https:\\\/\\\/www.errebi-group.com\\\/fr\\\/machines-agricoles-et-alimentaires#primaryimage\"},\"thumbnailUrl\":\"https:\\\/\\\/www.errebi-group.com\\\/wp-content\\\/uploads\\\/2025\\\/04\\\/macchine-agricole-alimentari-campo-di-impiego-errebi-group-hero-section.webp\",\"datePublished\":\"2025-04-28T13:32:55+00:00\",\"dateModified\":\"2025-09-29T14:35:09+00:00\",\"description\":\"Le secteur des machines agricoles recouvre toutes les machines utilis\u00e9es pour la collecte, le traitement, le transport et le tri des ressources agricoles.Il est donc question non seulement des...\",\"breadcrumb\":{\"@id\":\"https:\\\/\\\/www.errebi-group.com\\\/fr\\\/machines-agricoles-et-alimentaires#breadcrumb\"},\"inLanguage\":\"fr-FR\",\"potentialAction\":[{\"@type\":\"ReadAction\",\"target\":[\"https:\\\/\\\/www.errebi-group.com\\\/fr\\\/machines-agricoles-et-alimentaires\"]}]},{\"@type\":\"ImageObject\",\"inLanguage\":\"fr-FR\",\"@id\":\"https:\\\/\\\/www.errebi-group.com\\\/fr\\\/machines-agricoles-et-alimentaires#primaryimage\",\"url\":\"https:\\\/\\\/www.errebi-group.com\\\/wp-content\\\/uploads\\\/2025\\\/04\\\/macchine-agricole-alimentari-campo-di-impiego-errebi-group-hero-section.webp\",\"contentUrl\":\"https:\\\/\\\/www.errebi-group.com\\\/wp-content\\\/uploads\\\/2025\\\/04\\\/macchine-agricole-alimentari-campo-di-impiego-errebi-group-hero-section.webp\",\"width\":1920,\"height\":1080,\"caption\":\"Technicien effectue l\u2019installation sur des machines agricoles-industrielles avec c\u00e2blages et connecteurs\"},{\"@type\":\"BreadcrumbList\",\"@id\":\"https:\\\/\\\/www.errebi-group.com\\\/fr\\\/machines-agricoles-et-alimentaires#breadcrumb\",\"itemListElement\":[{\"@type\":\"ListItem\",\"position\":1,\"name\":\"Home\",\"item\":\"https:\\\/\\\/www.errebi-group.com\\\/fr\"},{\"@type\":\"ListItem\",\"position\":2,\"name\":\"C\u00e2blages et composants \u00e9lectriques pour machines agricoles\"}]},{\"@type\":\"WebSite\",\"@id\":\"https:\\\/\\\/www.errebi-group.com\\\/fr#website\",\"url\":\"https:\\\/\\\/www.errebi-group.com\\\/fr\",\"name\":\"Errebi Group - Azienda produttrice di Cablaggi e Quadri Elettrici\",\"description\":\"Azienda produttrice di Cablaggi e Quadri Elettrici\",\"publisher\":{\"@id\":\"https:\\\/\\\/www.errebi-group.com\\\/fr#organization\"},\"potentialAction\":[{\"@type\":\"SearchAction\",\"target\":{\"@type\":\"EntryPoint\",\"urlTemplate\":\"https:\\\/\\\/www.errebi-group.com\\\/fr?s={search_term_string}\"},\"query-input\":{\"@type\":\"PropertyValueSpecification\",\"valueRequired\":true,\"valueName\":\"search_term_string\"}}],\"inLanguage\":\"fr-FR\"},{\"@type\":\"Organization\",\"@id\":\"https:\\\/\\\/www.errebi-group.com\\\/fr#organization\",\"name\":\"Errebi Group\",\"url\":\"https:\\\/\\\/www.errebi-group.com\\\/fr\",\"logo\":{\"@type\":\"ImageObject\",\"inLanguage\":\"fr-FR\",\"@id\":\"https:\\\/\\\/www.errebi-group.com\\\/fr#\\\/schema\\\/logo\\\/image\\\/\",\"url\":\"https:\\\/\\\/www.errebi-group.com\\\/wp-content\\\/uploads\\\/2025\\\/04\\\/logo-errebi-group-payoff-white-website.png\",\"contentUrl\":\"https:\\\/\\\/www.errebi-group.com\\\/wp-content\\\/uploads\\\/2025\\\/04\\\/logo-errebi-group-payoff-white-website.png\",\"width\":610,\"height\":100,\"caption\":\"Errebi Group\"},\"image\":{\"@id\":\"https:\\\/\\\/www.errebi-group.com\\\/fr#\\\/schema\\\/logo\\\/image\\\/\"},\"sameAs\":[\"https:\\\/\\\/www.facebook.com\\\/errebigroupsrl\",\"https:\\\/\\\/www.instagram.com\\\/errebi.group?igsh=cGNzN3FpcDFqNm1i\",\"https:\\\/\\\/www.linkedin.com\\\/company\\\/errebigroup\\\/?originalSubdomain=it\",\"https:\\\/\\\/www.youtube.com\\\/@errebigroup\"]}]}<\/script>\n<!-- \/ Yoast SEO plugin. -->","yoast_head_json":{"title":"C\u00e2blages pour machines agricoles et alimentaires","description":"Le secteur des machines agricoles recouvre toutes les machines utilis\u00e9es pour la collecte, le traitement, le transport et le tri des ressources agricoles.Il est donc question non seulement des...","robots":{"index":"index","follow":"follow","max-snippet":"max-snippet:-1","max-image-preview":"max-image-preview:large","max-video-preview":"max-video-preview:-1"},"canonical":"https:\/\/www.errebi-group.com\/fr\/machines-agricoles-et-alimentaires","og_locale":"fr_FR","og_type":"article","og_title":"C\u00e2blages pour machines agricoles et alimentaires","og_description":"Le secteur des machines agricoles recouvre toutes les machines utilis\u00e9es pour la collecte, le traitement, le transport et le tri des ressources agricoles.Il est donc question non seulement des...","og_url":"https:\/\/www.errebi-group.com\/fr\/machines-agricoles-et-alimentaires","og_site_name":"ErreBi Group","article_publisher":"https:\/\/www.facebook.com\/errebigroupsrl","article_modified_time":"2025-09-29T14:35:09+00:00","og_image":[{"width":1920,"height":1080,"url":"https:\/\/www.errebi-group.com\/wp-content\/uploads\/2025\/04\/macchine-agricole-alimentari-campo-di-impiego-errebi-group-hero-section.webp","type":"image\/webp"}],"twitter_card":"summary_large_image","twitter_misc":{"Dur\u00e9e de lecture estim\u00e9e":"4 minutes"},"schema":{"@context":"https:\/\/schema.org","@graph":[{"@type":"WebPage","@id":"https:\/\/www.errebi-group.com\/fr\/machines-agricoles-et-alimentaires","url":"https:\/\/www.errebi-group.com\/fr\/machines-agricoles-et-alimentaires","name":"C\u00e2blages pour machines agricoles et alimentaires","isPartOf":{"@id":"https:\/\/www.errebi-group.com\/fr#website"},"primaryImageOfPage":{"@id":"https:\/\/www.errebi-group.com\/fr\/machines-agricoles-et-alimentaires#primaryimage"},"image":{"@id":"https:\/\/www.errebi-group.com\/fr\/machines-agricoles-et-alimentaires#primaryimage"},"thumbnailUrl":"https:\/\/www.errebi-group.com\/wp-content\/uploads\/2025\/04\/macchine-agricole-alimentari-campo-di-impiego-errebi-group-hero-section.webp","datePublished":"2025-04-28T13:32:55+00:00","dateModified":"2025-09-29T14:35:09+00:00","description":"Le secteur des machines agricoles recouvre toutes les machines utilis\u00e9es pour la collecte, le traitement, le transport et le tri des ressources agricoles.Il est donc question non seulement des...","breadcrumb":{"@id":"https:\/\/www.errebi-group.com\/fr\/machines-agricoles-et-alimentaires#breadcrumb"},"inLanguage":"fr-FR","potentialAction":[{"@type":"ReadAction","target":["https:\/\/www.errebi-group.com\/fr\/machines-agricoles-et-alimentaires"]}]},{"@type":"ImageObject","inLanguage":"fr-FR","@id":"https:\/\/www.errebi-group.com\/fr\/machines-agricoles-et-alimentaires#primaryimage","url":"https:\/\/www.errebi-group.com\/wp-content\/uploads\/2025\/04\/macchine-agricole-alimentari-campo-di-impiego-errebi-group-hero-section.webp","contentUrl":"https:\/\/www.errebi-group.com\/wp-content\/uploads\/2025\/04\/macchine-agricole-alimentari-campo-di-impiego-errebi-group-hero-section.webp","width":1920,"height":1080,"caption":"Technicien effectue l\u2019installation sur des machines agricoles-industrielles avec c\u00e2blages et connecteurs"},{"@type":"BreadcrumbList","@id":"https:\/\/www.errebi-group.com\/fr\/machines-agricoles-et-alimentaires#breadcrumb","itemListElement":[{"@type":"ListItem","position":1,"name":"Home","item":"https:\/\/www.errebi-group.com\/fr"},{"@type":"ListItem","position":2,"name":"C\u00e2blages et composants \u00e9lectriques pour machines agricoles"}]},{"@type":"WebSite","@id":"https:\/\/www.errebi-group.com\/fr#website","url":"https:\/\/www.errebi-group.com\/fr","name":"Errebi Group - Azienda produttrice di Cablaggi e Quadri Elettrici","description":"Azienda produttrice di Cablaggi e Quadri Elettrici","publisher":{"@id":"https:\/\/www.errebi-group.com\/fr#organization"},"potentialAction":[{"@type":"SearchAction","target":{"@type":"EntryPoint","urlTemplate":"https:\/\/www.errebi-group.com\/fr?s={search_term_string}"},"query-input":{"@type":"PropertyValueSpecification","valueRequired":true,"valueName":"search_term_string"}}],"inLanguage":"fr-FR"},{"@type":"Organization","@id":"https:\/\/www.errebi-group.com\/fr#organization","name":"Errebi Group","url":"https:\/\/www.errebi-group.com\/fr","logo":{"@type":"ImageObject","inLanguage":"fr-FR","@id":"https:\/\/www.errebi-group.com\/fr#\/schema\/logo\/image\/","url":"https:\/\/www.errebi-group.com\/wp-content\/uploads\/2025\/04\/logo-errebi-group-payoff-white-website.png","contentUrl":"https:\/\/www.errebi-group.com\/wp-content\/uploads\/2025\/04\/logo-errebi-group-payoff-white-website.png","width":610,"height":100,"caption":"Errebi Group"},"image":{"@id":"https:\/\/www.errebi-group.com\/fr#\/schema\/logo\/image\/"},"sameAs":["https:\/\/www.facebook.com\/errebigroupsrl","https:\/\/www.instagram.com\/errebi.group?igsh=cGNzN3FpcDFqNm1i","https:\/\/www.linkedin.com\/company\/errebigroup\/?originalSubdomain=it","https:\/\/www.youtube.com\/@errebigroup"]}]}},"_links":{"self":[{"href":"https:\/\/www.errebi-group.com\/fr\/wp-json\/wp\/v2\/pages\/2015","targetHints":{"allow":["GET"]}}],"collection":[{"href":"https:\/\/www.errebi-group.com\/fr\/wp-json\/wp\/v2\/pages"}],"about":[{"href":"https:\/\/www.errebi-group.com\/fr\/wp-json\/wp\/v2\/types\/page"}],"author":[{"embeddable":true,"href":"https:\/\/www.errebi-group.com\/fr\/wp-json\/wp\/v2\/users\/1"}],"replies":[{"embeddable":true,"href":"https:\/\/www.errebi-group.com\/fr\/wp-json\/wp\/v2\/comments?post=2015"}],"version-history":[{"count":1,"href":"https:\/\/www.errebi-group.com\/fr\/wp-json\/wp\/v2\/pages\/2015\/revisions"}],"predecessor-version":[{"id":2211,"href":"https:\/\/www.errebi-group.com\/fr\/wp-json\/wp\/v2\/pages\/2015\/revisions\/2211"}],"wp:featuredmedia":[{"embeddable":true,"href":"https:\/\/www.errebi-group.com\/fr\/wp-json\/wp\/v2\/media\/1679"}],"wp:attachment":[{"href":"https:\/\/www.errebi-group.com\/fr\/wp-json\/wp\/v2\/media?parent=2015"}],"curies":[{"name":"wp","href":"https:\/\/api.w.org\/{rel}","templated":true}]}}