{"id":2019,"date":"2025-04-28T13:37:30","date_gmt":"2025-04-28T13:37:30","guid":{"rendered":"https:\/\/www.errebi-group.com\/cablages-et-composants-electriques-pour-le-secteur-naval\/"},"modified":"2025-09-29T13:45:22","modified_gmt":"2025-09-29T13:45:22","slug":"cablages-navale","status":"publish","type":"page","link":"https:\/\/www.errebi-group.com\/fr\/cablages-navale","title":{"rendered":"C\u00e2blages et composants \u00e9lectriques pour le secteur naval"},"content":{"rendered":"<p><strong>Le secteur maritime et naval<\/strong> fait assur\u00e9ment partie des domaines dans lesquels <strong>les c\u00e2blages<\/strong> et <strong>les assemblages<\/strong> sont soumis aux conditions les plus difficiles. <strong>Temp\u00e9ratures \u00e9lev\u00e9es<\/strong>, risque d\u2019exposition aux <strong>liquides et fluides<\/strong>, n\u00e9cessit\u00e9 de fonctionner pendant un certain temps sans possibilit\u00e9 d\u2019effectuer de travaux d\u2019entretien ni de remplacement de pi\u00e8ces : il est possible de faire face \u00e0 toutes ces probl\u00e9matiques uniquement si l\u2019on conna\u00eet parfaitement toutes les sp\u00e9cificit\u00e9s du secteur et si l\u2019on personnalise au maximum l\u2019installation en fonction des besoins sp\u00e9cifiques.<\/p>\n<p><strong>La durabilit\u00e9 particuli\u00e8re exig\u00e9e des mat\u00e9riaux composant<\/strong> nos produits nous conduit donc \u00e0 tester leur <strong>r\u00e9sistance<\/strong> avec soin et diligence, pour garantir <strong>\u00e0 nos clients du secteur naval qu\u2019ils peuvent compter sur des c\u00e2blages s\u00fbrs, r\u00e9sistants et fonctionnels<\/strong>.<\/p>\n<div style=\"height: 48px;\"><\/div>\n<h2>Caract\u00e9ristiques pour le secteur naval<\/h2>\n<p>Outre leurs <strong>certifications en mati\u00e8re de pr\u00e9vention des incendies<\/strong>, les composants pour <strong>l\u2019industrie navale<\/strong> doivent \u00eatre en mesure de r\u00e9sister \u00e0 toutes les contraintes auxquelles ils peuvent \u00eatre expos\u00e9s pendant les trajets en mer : pour cette raison, leurs caract\u00e9ristiques principales doivent \u00eatre la <strong>r\u00e9sistance<\/strong> et <strong>l\u2019\u00e9lasticit\u00e9<\/strong>, afin de pouvoir fonctionner en toute s\u00e9curit\u00e9 m\u00eame dans des espaces r\u00e9duits.<\/p>\n<p><strong>Les supports aux applications ultra-r\u00e9sistantes que nous utilisons sont parfaits pour cette fin<\/strong>, ils sont faciles \u00e0 installer et capables de r\u00e9sister \u00e0 des <strong>vibrations plus ou moins importantes<\/strong>. \u00c0 noter \u00e9galement le choix de colliers de <strong>serrage<\/strong> avec design particulier permettant une fixation efficace m\u00eame dans les zones tr\u00e8s \u00e9troites, et <strong>les gaines de protection des c\u00e2bles \u00e9lectriques, capables de r\u00e9sister \u00e0 des temp\u00e9ratures pouvant atteindre 150 \u00b0 environ<\/strong>.<\/p>\n<div style=\"height: 48px;\"><\/div>\n<h2>Conception personnalis\u00e9e<\/h2>\n<p>Pour le <strong>secteur naval<\/strong> comme pour tous nos secteurs d\u2019intervention, nous fournissons <strong>un service de <a href=\"https:\/\/www.errebi-group.com\/it\/progettazione-cablaggi\">conception personnalis\u00e9e de c\u00e2blages<\/a> et d\u2019<a href=\"https:\/\/www.errebi-group.com\/it\/assemblaggi-elettromeccanici\">assemblages<\/a><\/strong>, et essayons de r\u00e9pondre aux exigences des clients et d\u2019adapter autant que possible notre travail \u00e0 la fonction requise.<\/p>\n<p>Pour concevoir puis <strong><a href=\"https:\/\/www.errebi-group.com\/it\/produzione-cablaggi-elettrici\">r\u00e9aliser un c\u00e2blage<\/a><\/strong> qui s\u2019adapte au besoin indiqu\u00e9 par l\u2019acheteur, nos techniciens effectuent une <strong>visite<\/strong> afin de comprendre avec pr\u00e9cision <strong>l\u2019\u00e9quipement \u00e0 c\u00e2bler<\/strong>, les emplacements o\u00f9 celui-ci fonctionne et l\u2019\u00e9ventuel besoin d\u2019<strong>une structure de soutien<\/strong>, pour ensuite identifier le produit sp\u00e9cifique \u00e0 installer.<\/p>\n<p>Cette proc\u00e9dure acc\u00e9l\u00e8re sans aucun doute le <strong>processus de production<\/strong>, permettant au client de b\u00e9n\u00e9ficier d\u2019un service parfaitement conforme \u00e0 ses demandes et de parvenir \u00e0 r\u00e9duire en cons\u00e9quence tant les d\u00e9lais que les co\u00fbts de mise en \u0153uvre.<\/p>\n<div style=\"height: 48px;\"><\/div>\n<h2>Conseils sp\u00e9cifiques<\/h2>\n<p><strong>Dans un secteur comme celui naval<\/strong>, il est souvent compliqu\u00e9 de r\u00e9ussir \u00e0 comprendre de mani\u00e8re autonome quel peut \u00eatre <strong>le type de c\u00e2blage id\u00e9al<\/strong> pour l\u2019\u00e9quipement ou pour la fonction dont on a besoin, et encore plus si le produit demand\u00e9 est <strong>un assemblage particuli\u00e8rement complexe<\/strong>.<\/p>\n<p>Pour rem\u00e9dier \u00e0 ce type de probl\u00e9matique, nos experts mettent quotidiennement \u00e0 la disposition des clients leurs connaissances et fournissent <strong>les conseils n\u00e9cessaires \u00e0 l\u2019identification du bon produit pour la fonction sp\u00e9cifique<\/strong> et pour \u00e9ventuellement conseiller <strong>la structure la plus appropri\u00e9e pour soutenir son application<\/strong>.<\/p>\n<p>L\u2019objectif est clairement de <strong>comprendre la situation<\/strong> dans les plus brefs d\u00e9lais et de trouver pour chaque interrogation la <strong>solution la plus efficace<\/strong> qui puisse garantir au client un <strong>service satisfaisant<\/strong> en mesure d\u2019<strong>optimiser par ailleurs le rapport qualit\u00e9-prix<\/strong>.<\/p>\n<div style=\"height: 48px;\"><\/div>\n<h2>Assistance cibl\u00e9e<\/h2>\n<p>Le <strong>service d\u2019assistance<\/strong> est actif pour tous les secteurs d\u2019intervention et par cons\u00e9quent \u00e9galement pour celui <strong>naval<\/strong>. Nos techniciens apportent une <strong><a href=\"https:\/\/www.errebi-group.com\/it\/consulenza\">assistance sp\u00e9cifique<\/a><\/strong> pour tous les c\u00e2blages et assemblages install\u00e9s, analysant dans chaque cas la probl\u00e9matique et intervenant de mani\u00e8re cibl\u00e9e apr\u00e8s avoir identifi\u00e9 le dysfonctionnement.<\/p>\n<p>Les interventions peuvent porter sur<strong> l\u2019assemblage dans sa globalit\u00e9<\/strong> ou un <strong>unique c\u00e2ble<\/strong> qui peut \u00eatre identifi\u00e9 et remplac\u00e9 en temps utile afin de permettre \u00e0 l\u2019\u00e9quipement de redevenir op\u00e9rationnel le plus rapidement possible.<\/p>\n<p>Les comp\u00e9tences de nos experts concernent tous les secteurs couverts par notre entreprise, ce qui leur permet de <strong>comprendre le probl\u00e8me dans son ensemble<\/strong>, mais \u00e9galement de <strong>saisir chaque d\u00e9tail sp\u00e9cifique au domaine en question<\/strong>.<\/p>\n","protected":false},"excerpt":{"rendered":"<p>Le secteur maritime et naval fait assur\u00e9ment partie des domaines dans lesquels les c\u00e2blages et les assemblages sont soumis aux conditions les plus difficiles. Temp\u00e9ratures \u00e9lev\u00e9es, risque d\u2019exposition aux liquides et fluides, n\u00e9cessit\u00e9 de fonctionner pendant un certain temps sans possibilit\u00e9 d\u2019effectuer de travaux d\u2019entretien ni de remplacement de pi\u00e8ces : il est possible de [&hellip;]<\/p>\n","protected":false},"author":1,"featured_media":1687,"parent":0,"menu_order":0,"comment_status":"closed","ping_status":"closed","template":"","meta":{"footnotes":""},"class_list":["post-2019","page","type-page","status-publish","has-post-thumbnail","hentry"],"yoast_head":"<!-- This site is optimized with the Yoast SEO plugin v27.4 - https:\/\/yoast.com\/product\/yoast-seo-wordpress\/ -->\n<title>C\u00e2blages pour l\u2019industrie navale, c\u00e2bles et composants \u00e9lectriques<\/title>\n<meta name=\"description\" content=\"Le secteur maritime et naval fait assur\u00e9ment partie des domaines dans lesquels les c\u00e2blages et les assemblages sont soumis aux conditions les plus difficiles. Temp\u00e9ratures \u00e9lev\u00e9es, risque...\" \/>\n<meta name=\"robots\" content=\"index, follow, max-snippet:-1, max-image-preview:large, max-video-preview:-1\" \/>\n<link rel=\"canonical\" href=\"https:\/\/www.errebi-group.com\/fr\/cablages-navale\" \/>\n<meta property=\"og:locale\" content=\"fr_FR\" \/>\n<meta property=\"og:type\" content=\"article\" \/>\n<meta property=\"og:title\" content=\"C\u00e2blages pour l\u2019industrie navale, c\u00e2bles et composants \u00e9lectriques\" \/>\n<meta property=\"og:description\" content=\"Le secteur maritime et naval fait assur\u00e9ment partie des domaines dans lesquels les c\u00e2blages et les assemblages sont soumis aux conditions les plus difficiles. Temp\u00e9ratures \u00e9lev\u00e9es, risque...\" \/>\n<meta property=\"og:url\" content=\"https:\/\/www.errebi-group.com\/fr\/cablages-navale\" \/>\n<meta property=\"og:site_name\" content=\"ErreBi Group\" \/>\n<meta property=\"article:publisher\" content=\"https:\/\/www.facebook.com\/errebigroupsrl\" \/>\n<meta property=\"article:modified_time\" content=\"2025-09-29T13:45:22+00:00\" \/>\n<meta property=\"og:image\" content=\"https:\/\/www.errebi-group.com\/wp-content\/uploads\/2025\/04\/navale-campo-di-impiego-errebi-group-hero-section.webp\" \/>\n\t<meta property=\"og:image:width\" content=\"1920\" \/>\n\t<meta property=\"og:image:height\" content=\"1080\" \/>\n\t<meta property=\"og:image:type\" content=\"image\/webp\" \/>\n<meta name=\"twitter:card\" content=\"summary_large_image\" \/>\n<meta name=\"twitter:label1\" content=\"Dur\u00e9e de lecture estim\u00e9e\" \/>\n\t<meta name=\"twitter:data1\" content=\"4 minutes\" \/>\n<script type=\"application\/ld+json\" class=\"yoast-schema-graph\">{\"@context\":\"https:\\\/\\\/schema.org\",\"@graph\":[{\"@type\":\"WebPage\",\"@id\":\"https:\\\/\\\/www.errebi-group.com\\\/fr\\\/cablages-navale\",\"url\":\"https:\\\/\\\/www.errebi-group.com\\\/fr\\\/cablages-navale\",\"name\":\"C\u00e2blages pour l\u2019industrie navale, c\u00e2bles et composants \u00e9lectriques\",\"isPartOf\":{\"@id\":\"https:\\\/\\\/www.errebi-group.com\\\/fr#website\"},\"primaryImageOfPage\":{\"@id\":\"https:\\\/\\\/www.errebi-group.com\\\/fr\\\/cablages-navale#primaryimage\"},\"image\":{\"@id\":\"https:\\\/\\\/www.errebi-group.com\\\/fr\\\/cablages-navale#primaryimage\"},\"thumbnailUrl\":\"https:\\\/\\\/www.errebi-group.com\\\/wp-content\\\/uploads\\\/2025\\\/04\\\/navale-campo-di-impiego-errebi-group-hero-section.webp\",\"datePublished\":\"2025-04-28T13:37:30+00:00\",\"dateModified\":\"2025-09-29T13:45:22+00:00\",\"description\":\"Le secteur maritime et naval fait assur\u00e9ment partie des domaines dans lesquels les c\u00e2blages et les assemblages sont soumis aux conditions les plus difficiles. Temp\u00e9ratures \u00e9lev\u00e9es, risque...\",\"breadcrumb\":{\"@id\":\"https:\\\/\\\/www.errebi-group.com\\\/fr\\\/cablages-navale#breadcrumb\"},\"inLanguage\":\"fr-FR\",\"potentialAction\":[{\"@type\":\"ReadAction\",\"target\":[\"https:\\\/\\\/www.errebi-group.com\\\/fr\\\/cablages-navale\"]}]},{\"@type\":\"ImageObject\",\"inLanguage\":\"fr-FR\",\"@id\":\"https:\\\/\\\/www.errebi-group.com\\\/fr\\\/cablages-navale#primaryimage\",\"url\":\"https:\\\/\\\/www.errebi-group.com\\\/wp-content\\\/uploads\\\/2025\\\/04\\\/navale-campo-di-impiego-errebi-group-hero-section.webp\",\"contentUrl\":\"https:\\\/\\\/www.errebi-group.com\\\/wp-content\\\/uploads\\\/2025\\\/04\\\/navale-campo-di-impiego-errebi-group-hero-section.webp\",\"width\":1920,\"height\":1080,\"caption\":\"Leviers de commande et boutons sur la passerelle de commande navale, installations maritimes professionnelles\"},{\"@type\":\"BreadcrumbList\",\"@id\":\"https:\\\/\\\/www.errebi-group.com\\\/fr\\\/cablages-navale#breadcrumb\",\"itemListElement\":[{\"@type\":\"ListItem\",\"position\":1,\"name\":\"Home\",\"item\":\"https:\\\/\\\/www.errebi-group.com\\\/fr\"},{\"@type\":\"ListItem\",\"position\":2,\"name\":\"C\u00e2blages et composants \u00e9lectriques pour le secteur naval\"}]},{\"@type\":\"WebSite\",\"@id\":\"https:\\\/\\\/www.errebi-group.com\\\/fr#website\",\"url\":\"https:\\\/\\\/www.errebi-group.com\\\/fr\",\"name\":\"Errebi Group - Azienda produttrice di Cablaggi e Quadri Elettrici\",\"description\":\"Azienda produttrice di Cablaggi e Quadri Elettrici\",\"publisher\":{\"@id\":\"https:\\\/\\\/www.errebi-group.com\\\/fr#organization\"},\"potentialAction\":[{\"@type\":\"SearchAction\",\"target\":{\"@type\":\"EntryPoint\",\"urlTemplate\":\"https:\\\/\\\/www.errebi-group.com\\\/fr?s={search_term_string}\"},\"query-input\":{\"@type\":\"PropertyValueSpecification\",\"valueRequired\":true,\"valueName\":\"search_term_string\"}}],\"inLanguage\":\"fr-FR\"},{\"@type\":\"Organization\",\"@id\":\"https:\\\/\\\/www.errebi-group.com\\\/fr#organization\",\"name\":\"Errebi Group\",\"url\":\"https:\\\/\\\/www.errebi-group.com\\\/fr\",\"logo\":{\"@type\":\"ImageObject\",\"inLanguage\":\"fr-FR\",\"@id\":\"https:\\\/\\\/www.errebi-group.com\\\/fr#\\\/schema\\\/logo\\\/image\\\/\",\"url\":\"https:\\\/\\\/www.errebi-group.com\\\/wp-content\\\/uploads\\\/2025\\\/04\\\/logo-errebi-group-payoff-white-website.png\",\"contentUrl\":\"https:\\\/\\\/www.errebi-group.com\\\/wp-content\\\/uploads\\\/2025\\\/04\\\/logo-errebi-group-payoff-white-website.png\",\"width\":610,\"height\":100,\"caption\":\"Errebi Group\"},\"image\":{\"@id\":\"https:\\\/\\\/www.errebi-group.com\\\/fr#\\\/schema\\\/logo\\\/image\\\/\"},\"sameAs\":[\"https:\\\/\\\/www.facebook.com\\\/errebigroupsrl\",\"https:\\\/\\\/www.instagram.com\\\/errebi.group?igsh=cGNzN3FpcDFqNm1i\",\"https:\\\/\\\/www.linkedin.com\\\/company\\\/errebigroup\\\/?originalSubdomain=it\",\"https:\\\/\\\/www.youtube.com\\\/@errebigroup\"]}]}<\/script>\n<!-- \/ Yoast SEO plugin. -->","yoast_head_json":{"title":"C\u00e2blages pour l\u2019industrie navale, c\u00e2bles et composants \u00e9lectriques","description":"Le secteur maritime et naval fait assur\u00e9ment partie des domaines dans lesquels les c\u00e2blages et les assemblages sont soumis aux conditions les plus difficiles. Temp\u00e9ratures \u00e9lev\u00e9es, risque...","robots":{"index":"index","follow":"follow","max-snippet":"max-snippet:-1","max-image-preview":"max-image-preview:large","max-video-preview":"max-video-preview:-1"},"canonical":"https:\/\/www.errebi-group.com\/fr\/cablages-navale","og_locale":"fr_FR","og_type":"article","og_title":"C\u00e2blages pour l\u2019industrie navale, c\u00e2bles et composants \u00e9lectriques","og_description":"Le secteur maritime et naval fait assur\u00e9ment partie des domaines dans lesquels les c\u00e2blages et les assemblages sont soumis aux conditions les plus difficiles. Temp\u00e9ratures \u00e9lev\u00e9es, risque...","og_url":"https:\/\/www.errebi-group.com\/fr\/cablages-navale","og_site_name":"ErreBi Group","article_publisher":"https:\/\/www.facebook.com\/errebigroupsrl","article_modified_time":"2025-09-29T13:45:22+00:00","og_image":[{"width":1920,"height":1080,"url":"https:\/\/www.errebi-group.com\/wp-content\/uploads\/2025\/04\/navale-campo-di-impiego-errebi-group-hero-section.webp","type":"image\/webp"}],"twitter_card":"summary_large_image","twitter_misc":{"Dur\u00e9e de lecture estim\u00e9e":"4 minutes"},"schema":{"@context":"https:\/\/schema.org","@graph":[{"@type":"WebPage","@id":"https:\/\/www.errebi-group.com\/fr\/cablages-navale","url":"https:\/\/www.errebi-group.com\/fr\/cablages-navale","name":"C\u00e2blages pour l\u2019industrie navale, c\u00e2bles et composants \u00e9lectriques","isPartOf":{"@id":"https:\/\/www.errebi-group.com\/fr#website"},"primaryImageOfPage":{"@id":"https:\/\/www.errebi-group.com\/fr\/cablages-navale#primaryimage"},"image":{"@id":"https:\/\/www.errebi-group.com\/fr\/cablages-navale#primaryimage"},"thumbnailUrl":"https:\/\/www.errebi-group.com\/wp-content\/uploads\/2025\/04\/navale-campo-di-impiego-errebi-group-hero-section.webp","datePublished":"2025-04-28T13:37:30+00:00","dateModified":"2025-09-29T13:45:22+00:00","description":"Le secteur maritime et naval fait assur\u00e9ment partie des domaines dans lesquels les c\u00e2blages et les assemblages sont soumis aux conditions les plus difficiles. Temp\u00e9ratures \u00e9lev\u00e9es, risque...","breadcrumb":{"@id":"https:\/\/www.errebi-group.com\/fr\/cablages-navale#breadcrumb"},"inLanguage":"fr-FR","potentialAction":[{"@type":"ReadAction","target":["https:\/\/www.errebi-group.com\/fr\/cablages-navale"]}]},{"@type":"ImageObject","inLanguage":"fr-FR","@id":"https:\/\/www.errebi-group.com\/fr\/cablages-navale#primaryimage","url":"https:\/\/www.errebi-group.com\/wp-content\/uploads\/2025\/04\/navale-campo-di-impiego-errebi-group-hero-section.webp","contentUrl":"https:\/\/www.errebi-group.com\/wp-content\/uploads\/2025\/04\/navale-campo-di-impiego-errebi-group-hero-section.webp","width":1920,"height":1080,"caption":"Leviers de commande et boutons sur la passerelle de commande navale, installations maritimes professionnelles"},{"@type":"BreadcrumbList","@id":"https:\/\/www.errebi-group.com\/fr\/cablages-navale#breadcrumb","itemListElement":[{"@type":"ListItem","position":1,"name":"Home","item":"https:\/\/www.errebi-group.com\/fr"},{"@type":"ListItem","position":2,"name":"C\u00e2blages et composants \u00e9lectriques pour le secteur naval"}]},{"@type":"WebSite","@id":"https:\/\/www.errebi-group.com\/fr#website","url":"https:\/\/www.errebi-group.com\/fr","name":"Errebi Group - Azienda produttrice di Cablaggi e Quadri Elettrici","description":"Azienda produttrice di Cablaggi e Quadri Elettrici","publisher":{"@id":"https:\/\/www.errebi-group.com\/fr#organization"},"potentialAction":[{"@type":"SearchAction","target":{"@type":"EntryPoint","urlTemplate":"https:\/\/www.errebi-group.com\/fr?s={search_term_string}"},"query-input":{"@type":"PropertyValueSpecification","valueRequired":true,"valueName":"search_term_string"}}],"inLanguage":"fr-FR"},{"@type":"Organization","@id":"https:\/\/www.errebi-group.com\/fr#organization","name":"Errebi Group","url":"https:\/\/www.errebi-group.com\/fr","logo":{"@type":"ImageObject","inLanguage":"fr-FR","@id":"https:\/\/www.errebi-group.com\/fr#\/schema\/logo\/image\/","url":"https:\/\/www.errebi-group.com\/wp-content\/uploads\/2025\/04\/logo-errebi-group-payoff-white-website.png","contentUrl":"https:\/\/www.errebi-group.com\/wp-content\/uploads\/2025\/04\/logo-errebi-group-payoff-white-website.png","width":610,"height":100,"caption":"Errebi Group"},"image":{"@id":"https:\/\/www.errebi-group.com\/fr#\/schema\/logo\/image\/"},"sameAs":["https:\/\/www.facebook.com\/errebigroupsrl","https:\/\/www.instagram.com\/errebi.group?igsh=cGNzN3FpcDFqNm1i","https:\/\/www.linkedin.com\/company\/errebigroup\/?originalSubdomain=it","https:\/\/www.youtube.com\/@errebigroup"]}]}},"_links":{"self":[{"href":"https:\/\/www.errebi-group.com\/fr\/wp-json\/wp\/v2\/pages\/2019","targetHints":{"allow":["GET"]}}],"collection":[{"href":"https:\/\/www.errebi-group.com\/fr\/wp-json\/wp\/v2\/pages"}],"about":[{"href":"https:\/\/www.errebi-group.com\/fr\/wp-json\/wp\/v2\/types\/page"}],"author":[{"embeddable":true,"href":"https:\/\/www.errebi-group.com\/fr\/wp-json\/wp\/v2\/users\/1"}],"replies":[{"embeddable":true,"href":"https:\/\/www.errebi-group.com\/fr\/wp-json\/wp\/v2\/comments?post=2019"}],"version-history":[{"count":3,"href":"https:\/\/www.errebi-group.com\/fr\/wp-json\/wp\/v2\/pages\/2019\/revisions"}],"predecessor-version":[{"id":2398,"href":"https:\/\/www.errebi-group.com\/fr\/wp-json\/wp\/v2\/pages\/2019\/revisions\/2398"}],"wp:featuredmedia":[{"embeddable":true,"href":"https:\/\/www.errebi-group.com\/fr\/wp-json\/wp\/v2\/media\/1687"}],"wp:attachment":[{"href":"https:\/\/www.errebi-group.com\/fr\/wp-json\/wp\/v2\/media?parent=2019"}],"curies":[{"name":"wp","href":"https:\/\/api.w.org\/{rel}","templated":true}]}}