{"id":2022,"date":"2025-04-28T13:52:55","date_gmt":"2025-04-28T13:52:55","guid":{"rendered":"https:\/\/www.errebi-group.com\/cablages-et-composants-electriques-pour-le-secteur-ferroviaire\/"},"modified":"2025-09-29T13:43:57","modified_gmt":"2025-09-29T13:43:57","slug":"ferroviaire","status":"publish","type":"page","link":"https:\/\/www.errebi-group.com\/fr\/ferroviaire","title":{"rendered":"C\u00e2blages et composants \u00e9lectriques pour le secteur ferroviaire"},"content":{"rendered":"<p>Le <strong>secteur ferroviaire<\/strong> est assur\u00e9ment l\u2019un des domaines requ\u00e9rant une grande polyvalence et flexibilit\u00e9, l\u2019activit\u00e9 de <strong>c\u00e2blage<\/strong> pouvant s\u2019effectuer tant dans les postes de commande qu\u2019\u00e0 bord des v\u00e9hicules ferroviaires.<\/p>\n<p>Le service \u00e0 fournir peut donc s\u2019effectuer \u00e0 diff\u00e9rents niveaux : de la simple <strong>d\u00e9coupe de c\u00e2bles<\/strong> jusqu\u2019\u00e0 la <strong>r\u00e9alisation d\u2019installations compl\u00e8tes<\/strong>. Pour cette raison, les composants utilis\u00e9s doivent se caract\u00e9riser par une grande capacit\u00e9 d\u2019adaptation, de mani\u00e8re \u00e0 ce que chaque produit puisse \u00eatre utilisable dans les diff\u00e9rents domaines d\u2019application de <strong>l\u2019industrie ferroviaire<\/strong> en parfaite s\u00e9curit\u00e9.<\/p>\n<p>Dans ce contexte, <strong>le choix minutieux des mat\u00e9riaux<\/strong> joue un r\u00f4le capital pour assurer <strong>la r\u00e9sistance des c\u00e2blages<\/strong>, garantir le fonctionnement \u00e9lectrique des composants et assurer une <strong>transmission des signaux<\/strong> sans le moindre risque de coupure.<\/p>\n<div style=\"height: 48px;\"><\/div>\n<h2>Caract\u00e9ristiques pour le secteur ferroviaire<\/h2>\n<p>Les caract\u00e9ristiques des mat\u00e9riaux et des composants des <strong>c\u00e2blages sp\u00e9cifiques au secteur ferroviaire d\u00e9coulent<\/strong>, comme nous l\u2019avons vu plus haut, de <strong>leur capacit\u00e9 de r\u00e9sistance<\/strong>, notamment aux fortes vibrations et aux <strong>variations de temp\u00e9rature<\/strong>.<\/p>\n<p>La protection des c\u00e2blages est garantie par des mat\u00e9riaux totalement <strong>ignifuges<\/strong> pour les connecteurs et les c\u00e2bles, dont le verrouillage est assur\u00e9 par des <strong>freins anti-vibration<\/strong> appliqu\u00e9s sp\u00e9cialement aux points subissant les plus fortes sollicitations.<\/p>\n<p>Chaque c\u00e2blage est test\u00e9 ponctuellement dans une large plage de temp\u00e9ratures, de mani\u00e8re \u00e0 ne pas subir de dommages m\u00eame dans les pires sc\u00e9narios de <strong>choc thermique<\/strong>. Ces param\u00e8tres sont appliqu\u00e9s de mani\u00e8re stricte \u00e0 tous les c\u00e2bles, connecteurs et bo\u00eetiers utilis\u00e9s dans le secteur, et d\u00e9notent du soin m\u00e9ticuleux que nous apportons \u00e0 nos services et \u00e0 la qualit\u00e9 du produit final.<\/p>\n<div style=\"height: 48px;\"><\/div>\n<h2>Conception personnalis\u00e9e<\/h2>\n<p>Pour le <strong>secteur ferroviaire<\/strong> comme pour tous nos secteurs d\u2019intervention, nous fournissons <strong>un service de <a href=\"https:\/\/www.errebi-group.com\/it\/progettazione-cablaggi\">conception personnalis\u00e9e de c\u00e2blages<\/a> et d\u2019<a href=\"https:\/\/www.errebi-group.com\/it\/assemblaggi-elettromeccanici\">assemblages<\/a><\/strong>, et essayons de r\u00e9pondre aux exigences des clients et d\u2019adapter autant que possible notre travail \u00e0 la fonction requise.<\/p>\n<p>Pour concevoir puis <a href=\"https:\/\/www.errebi-group.com\/it\/produzione-cablaggi-elettrici\">r\u00e9aliser un c\u00e2blage<\/a> qui s\u2019adapte au besoin indiqu\u00e9 par l\u2019acheteur, <strong>nos techniciens effectuent une visite<\/strong> afin de comprendre avec pr\u00e9cision l\u2019\u00e9quipement \u00e0 c\u00e2bler, les emplacements o\u00f9 celui-ci fonctionne et l\u2019\u00e9ventuel besoin d\u2019une structure de soutien, pour ensuite identifier le produit sp\u00e9cifique \u00e0 installer.<\/p>\n<p>Cette proc\u00e9dure acc\u00e9l\u00e8re sans aucun doute le processus de production, permettant au client de b\u00e9n\u00e9ficier d\u2019un service parfaitement conforme \u00e0 ses demandes et de parvenir \u00e0 r\u00e9duire en cons\u00e9quence tant les d\u00e9lais que les co\u00fbts de mise en \u0153uvre.<\/p>\n<div style=\"height: 48px;\"><\/div>\n<h2>Conseils sp\u00e9cifiques<\/h2>\n<p><strong>Dans un secteur comme celui ferroviaire<\/strong>, il est souvent compliqu\u00e9 de r\u00e9ussir \u00e0 comprendre de mani\u00e8re autonome quel peut \u00eatre le type de c\u00e2blage id\u00e9al pour l\u2019\u00e9quipement ou pour la fonction dont on a besoin, et encore plus si le produit demand\u00e9 est un assemblage particuli\u00e8rement complexe.<\/p>\n<p>Pour rem\u00e9dier \u00e0 ce type de probl\u00e9matique, nos experts mettent quotidiennement \u00e0 la disposition des clients leurs connaissances et fournissent les <strong>conseils n\u00e9cessaires \u00e0 l\u2019identification du bon produit pour la fonction sp\u00e9cifique<\/strong> et pour \u00e9ventuellement conseiller la structure la plus appropri\u00e9e pour soutenir son application.<\/p>\n<p>L\u2019objectif est clairement de <strong>comprendre la situation dans les plus brefs d\u00e9lais<\/strong> et de trouver pour chaque interrogation la solution la plus efficace qui puisse garantir au client un service satisfaisant en mesure d\u2019<strong>optimiser par ailleurs le rapport qualit\u00e9-prix<\/strong>.<\/p>\n<div style=\"height: 48px;\"><\/div>\n<h2>Assistance cibl\u00e9e<\/h2>\n<p>Le <strong>service d\u2019assistance<\/strong> est actif pour tous les secteurs d\u2019intervention et par cons\u00e9quent \u00e9galement pour celui <strong>ferroviaire<\/strong>. Nos techniciens apportent une <strong><a href=\"https:\/\/www.errebi-group.com\/it\/consulenza\">assistance sp\u00e9cifique pour tous les c\u00e2blages<\/a> et assemblages install\u00e9s<\/strong>, analysant dans chaque cas la probl\u00e9matique et intervenant de mani\u00e8re cibl\u00e9e apr\u00e8s avoir identifi\u00e9 le dysfonctionnement.<\/p>\n<p>Les interventions peuvent porter sur<strong> l\u2019assemblage dans sa globalit\u00e9<\/strong> ou un <strong>unique c\u00e2ble<\/strong> qui peut \u00eatre identifi\u00e9 et remplac\u00e9 en temps utile afin de permettre \u00e0 l\u2019\u00e9quipement de redevenir op\u00e9rationnel le plus rapidement possible.<\/p>\n<p>Les comp\u00e9tences de nos experts concernent tous les secteurs couverts par notre entreprise, ce qui leur permet de comprendre le probl\u00e8me dans son ensemble, mais \u00e9galement de saisir chaque d\u00e9tail sp\u00e9cifique au domaine en question.<\/p>\n","protected":false},"excerpt":{"rendered":"<p>Le secteur ferroviaire est assur\u00e9ment l\u2019un des domaines requ\u00e9rant une grande polyvalence et flexibilit\u00e9, l\u2019activit\u00e9 de c\u00e2blage pouvant s\u2019effectuer tant dans les postes de commande qu\u2019\u00e0 bord des v\u00e9hicules ferroviaires. Le service \u00e0 fournir peut donc s\u2019effectuer \u00e0 diff\u00e9rents niveaux : de la simple d\u00e9coupe de c\u00e2bles jusqu\u2019\u00e0 la r\u00e9alisation d\u2019installations compl\u00e8tes. Pour cette raison, [&hellip;]<\/p>\n","protected":false},"author":1,"featured_media":1671,"parent":0,"menu_order":0,"comment_status":"closed","ping_status":"closed","template":"","meta":{"footnotes":""},"class_list":["post-2022","page","type-page","status-publish","has-post-thumbnail","hentry"],"yoast_head":"<!-- This site is optimized with the Yoast SEO plugin v27.4 - https:\/\/yoast.com\/product\/yoast-seo-wordpress\/ -->\n<title>C\u00e2blages pour l\u2019industrie ferroviaire, c\u00e2bles et composants \u00e9lectriques<\/title>\n<meta name=\"description\" content=\"Le secteur ferroviaire est assur\u00e9ment l\u2019un des domaines requ\u00e9rant une grande polyvalence et flexibilit\u00e9, l\u2019activit\u00e9 de c\u00e2blage pouvant s\u2019effectuer tant dans les postes de commande qu\u2019\u00e0 bord des...\" \/>\n<meta name=\"robots\" content=\"index, follow, max-snippet:-1, max-image-preview:large, max-video-preview:-1\" \/>\n<link rel=\"canonical\" href=\"https:\/\/www.errebi-group.com\/fr\/ferroviaire\" \/>\n<meta property=\"og:locale\" content=\"fr_FR\" \/>\n<meta property=\"og:type\" content=\"article\" \/>\n<meta property=\"og:title\" content=\"C\u00e2blages pour l\u2019industrie ferroviaire, c\u00e2bles et composants \u00e9lectriques\" \/>\n<meta property=\"og:description\" content=\"Le secteur ferroviaire est assur\u00e9ment l\u2019un des domaines requ\u00e9rant une grande polyvalence et flexibilit\u00e9, l\u2019activit\u00e9 de c\u00e2blage pouvant s\u2019effectuer tant dans les postes de commande qu\u2019\u00e0 bord des...\" \/>\n<meta property=\"og:url\" content=\"https:\/\/www.errebi-group.com\/fr\/ferroviaire\" \/>\n<meta property=\"og:site_name\" content=\"ErreBi Group\" \/>\n<meta property=\"article:publisher\" content=\"https:\/\/www.facebook.com\/errebigroupsrl\" \/>\n<meta property=\"article:modified_time\" content=\"2025-09-29T13:43:57+00:00\" \/>\n<meta property=\"og:image\" content=\"https:\/\/www.errebi-group.com\/wp-content\/uploads\/2025\/04\/ferroviario-campo-di-impiego-errebi-group-hero-section.webp\" \/>\n\t<meta property=\"og:image:width\" content=\"1920\" \/>\n\t<meta property=\"og:image:height\" content=\"1080\" \/>\n\t<meta property=\"og:image:type\" content=\"image\/webp\" \/>\n<meta name=\"twitter:card\" content=\"summary_large_image\" \/>\n<meta name=\"twitter:label1\" content=\"Dur\u00e9e de lecture estim\u00e9e\" \/>\n\t<meta name=\"twitter:data1\" content=\"4 minutes\" \/>\n<script type=\"application\/ld+json\" class=\"yoast-schema-graph\">{\"@context\":\"https:\\\/\\\/schema.org\",\"@graph\":[{\"@type\":\"WebPage\",\"@id\":\"https:\\\/\\\/www.errebi-group.com\\\/fr\\\/ferroviaire\",\"url\":\"https:\\\/\\\/www.errebi-group.com\\\/fr\\\/ferroviaire\",\"name\":\"C\u00e2blages pour l\u2019industrie ferroviaire, c\u00e2bles et composants \u00e9lectriques\",\"isPartOf\":{\"@id\":\"https:\\\/\\\/www.errebi-group.com\\\/fr#website\"},\"primaryImageOfPage\":{\"@id\":\"https:\\\/\\\/www.errebi-group.com\\\/fr\\\/ferroviaire#primaryimage\"},\"image\":{\"@id\":\"https:\\\/\\\/www.errebi-group.com\\\/fr\\\/ferroviaire#primaryimage\"},\"thumbnailUrl\":\"https:\\\/\\\/www.errebi-group.com\\\/wp-content\\\/uploads\\\/2025\\\/04\\\/ferroviario-campo-di-impiego-errebi-group-hero-section.webp\",\"datePublished\":\"2025-04-28T13:52:55+00:00\",\"dateModified\":\"2025-09-29T13:43:57+00:00\",\"description\":\"Le secteur ferroviaire est assur\u00e9ment l\u2019un des domaines requ\u00e9rant une grande polyvalence et flexibilit\u00e9, l\u2019activit\u00e9 de c\u00e2blage pouvant s\u2019effectuer tant dans les postes de commande qu\u2019\u00e0 bord des...\",\"breadcrumb\":{\"@id\":\"https:\\\/\\\/www.errebi-group.com\\\/fr\\\/ferroviaire#breadcrumb\"},\"inLanguage\":\"fr-FR\",\"potentialAction\":[{\"@type\":\"ReadAction\",\"target\":[\"https:\\\/\\\/www.errebi-group.com\\\/fr\\\/ferroviaire\"]}]},{\"@type\":\"ImageObject\",\"inLanguage\":\"fr-FR\",\"@id\":\"https:\\\/\\\/www.errebi-group.com\\\/fr\\\/ferroviaire#primaryimage\",\"url\":\"https:\\\/\\\/www.errebi-group.com\\\/wp-content\\\/uploads\\\/2025\\\/04\\\/ferroviario-campo-di-impiego-errebi-group-hero-section.webp\",\"contentUrl\":\"https:\\\/\\\/www.errebi-group.com\\\/wp-content\\\/uploads\\\/2025\\\/04\\\/ferroviario-campo-di-impiego-errebi-group-hero-section.webp\",\"width\":1920,\"height\":1080,\"caption\":\"Train \u00e0 grande vitesse en gare, symbole de l\u2019innovation technologique dans le secteur ferroviaire\"},{\"@type\":\"BreadcrumbList\",\"@id\":\"https:\\\/\\\/www.errebi-group.com\\\/fr\\\/ferroviaire#breadcrumb\",\"itemListElement\":[{\"@type\":\"ListItem\",\"position\":1,\"name\":\"Home\",\"item\":\"https:\\\/\\\/www.errebi-group.com\\\/fr\"},{\"@type\":\"ListItem\",\"position\":2,\"name\":\"C\u00e2blages et composants \u00e9lectriques pour le secteur ferroviaire\"}]},{\"@type\":\"WebSite\",\"@id\":\"https:\\\/\\\/www.errebi-group.com\\\/fr#website\",\"url\":\"https:\\\/\\\/www.errebi-group.com\\\/fr\",\"name\":\"Errebi Group - Azienda produttrice di Cablaggi e Quadri Elettrici\",\"description\":\"Azienda produttrice di Cablaggi e Quadri Elettrici\",\"publisher\":{\"@id\":\"https:\\\/\\\/www.errebi-group.com\\\/fr#organization\"},\"potentialAction\":[{\"@type\":\"SearchAction\",\"target\":{\"@type\":\"EntryPoint\",\"urlTemplate\":\"https:\\\/\\\/www.errebi-group.com\\\/fr?s={search_term_string}\"},\"query-input\":{\"@type\":\"PropertyValueSpecification\",\"valueRequired\":true,\"valueName\":\"search_term_string\"}}],\"inLanguage\":\"fr-FR\"},{\"@type\":\"Organization\",\"@id\":\"https:\\\/\\\/www.errebi-group.com\\\/fr#organization\",\"name\":\"Errebi Group\",\"url\":\"https:\\\/\\\/www.errebi-group.com\\\/fr\",\"logo\":{\"@type\":\"ImageObject\",\"inLanguage\":\"fr-FR\",\"@id\":\"https:\\\/\\\/www.errebi-group.com\\\/fr#\\\/schema\\\/logo\\\/image\\\/\",\"url\":\"https:\\\/\\\/www.errebi-group.com\\\/wp-content\\\/uploads\\\/2025\\\/04\\\/logo-errebi-group-payoff-white-website.png\",\"contentUrl\":\"https:\\\/\\\/www.errebi-group.com\\\/wp-content\\\/uploads\\\/2025\\\/04\\\/logo-errebi-group-payoff-white-website.png\",\"width\":610,\"height\":100,\"caption\":\"Errebi Group\"},\"image\":{\"@id\":\"https:\\\/\\\/www.errebi-group.com\\\/fr#\\\/schema\\\/logo\\\/image\\\/\"},\"sameAs\":[\"https:\\\/\\\/www.facebook.com\\\/errebigroupsrl\",\"https:\\\/\\\/www.instagram.com\\\/errebi.group?igsh=cGNzN3FpcDFqNm1i\",\"https:\\\/\\\/www.linkedin.com\\\/company\\\/errebigroup\\\/?originalSubdomain=it\",\"https:\\\/\\\/www.youtube.com\\\/@errebigroup\"]}]}<\/script>\n<!-- \/ Yoast SEO plugin. -->","yoast_head_json":{"title":"C\u00e2blages pour l\u2019industrie ferroviaire, c\u00e2bles et composants \u00e9lectriques","description":"Le secteur ferroviaire est assur\u00e9ment l\u2019un des domaines requ\u00e9rant une grande polyvalence et flexibilit\u00e9, l\u2019activit\u00e9 de c\u00e2blage pouvant s\u2019effectuer tant dans les postes de commande qu\u2019\u00e0 bord des...","robots":{"index":"index","follow":"follow","max-snippet":"max-snippet:-1","max-image-preview":"max-image-preview:large","max-video-preview":"max-video-preview:-1"},"canonical":"https:\/\/www.errebi-group.com\/fr\/ferroviaire","og_locale":"fr_FR","og_type":"article","og_title":"C\u00e2blages pour l\u2019industrie ferroviaire, c\u00e2bles et composants \u00e9lectriques","og_description":"Le secteur ferroviaire est assur\u00e9ment l\u2019un des domaines requ\u00e9rant une grande polyvalence et flexibilit\u00e9, l\u2019activit\u00e9 de c\u00e2blage pouvant s\u2019effectuer tant dans les postes de commande qu\u2019\u00e0 bord des...","og_url":"https:\/\/www.errebi-group.com\/fr\/ferroviaire","og_site_name":"ErreBi Group","article_publisher":"https:\/\/www.facebook.com\/errebigroupsrl","article_modified_time":"2025-09-29T13:43:57+00:00","og_image":[{"width":1920,"height":1080,"url":"https:\/\/www.errebi-group.com\/wp-content\/uploads\/2025\/04\/ferroviario-campo-di-impiego-errebi-group-hero-section.webp","type":"image\/webp"}],"twitter_card":"summary_large_image","twitter_misc":{"Dur\u00e9e de lecture estim\u00e9e":"4 minutes"},"schema":{"@context":"https:\/\/schema.org","@graph":[{"@type":"WebPage","@id":"https:\/\/www.errebi-group.com\/fr\/ferroviaire","url":"https:\/\/www.errebi-group.com\/fr\/ferroviaire","name":"C\u00e2blages pour l\u2019industrie ferroviaire, c\u00e2bles et composants \u00e9lectriques","isPartOf":{"@id":"https:\/\/www.errebi-group.com\/fr#website"},"primaryImageOfPage":{"@id":"https:\/\/www.errebi-group.com\/fr\/ferroviaire#primaryimage"},"image":{"@id":"https:\/\/www.errebi-group.com\/fr\/ferroviaire#primaryimage"},"thumbnailUrl":"https:\/\/www.errebi-group.com\/wp-content\/uploads\/2025\/04\/ferroviario-campo-di-impiego-errebi-group-hero-section.webp","datePublished":"2025-04-28T13:52:55+00:00","dateModified":"2025-09-29T13:43:57+00:00","description":"Le secteur ferroviaire est assur\u00e9ment l\u2019un des domaines requ\u00e9rant une grande polyvalence et flexibilit\u00e9, l\u2019activit\u00e9 de c\u00e2blage pouvant s\u2019effectuer tant dans les postes de commande qu\u2019\u00e0 bord des...","breadcrumb":{"@id":"https:\/\/www.errebi-group.com\/fr\/ferroviaire#breadcrumb"},"inLanguage":"fr-FR","potentialAction":[{"@type":"ReadAction","target":["https:\/\/www.errebi-group.com\/fr\/ferroviaire"]}]},{"@type":"ImageObject","inLanguage":"fr-FR","@id":"https:\/\/www.errebi-group.com\/fr\/ferroviaire#primaryimage","url":"https:\/\/www.errebi-group.com\/wp-content\/uploads\/2025\/04\/ferroviario-campo-di-impiego-errebi-group-hero-section.webp","contentUrl":"https:\/\/www.errebi-group.com\/wp-content\/uploads\/2025\/04\/ferroviario-campo-di-impiego-errebi-group-hero-section.webp","width":1920,"height":1080,"caption":"Train \u00e0 grande vitesse en gare, symbole de l\u2019innovation technologique dans le secteur ferroviaire"},{"@type":"BreadcrumbList","@id":"https:\/\/www.errebi-group.com\/fr\/ferroviaire#breadcrumb","itemListElement":[{"@type":"ListItem","position":1,"name":"Home","item":"https:\/\/www.errebi-group.com\/fr"},{"@type":"ListItem","position":2,"name":"C\u00e2blages et composants \u00e9lectriques pour le secteur ferroviaire"}]},{"@type":"WebSite","@id":"https:\/\/www.errebi-group.com\/fr#website","url":"https:\/\/www.errebi-group.com\/fr","name":"Errebi Group - Azienda produttrice di Cablaggi e Quadri Elettrici","description":"Azienda produttrice di Cablaggi e Quadri Elettrici","publisher":{"@id":"https:\/\/www.errebi-group.com\/fr#organization"},"potentialAction":[{"@type":"SearchAction","target":{"@type":"EntryPoint","urlTemplate":"https:\/\/www.errebi-group.com\/fr?s={search_term_string}"},"query-input":{"@type":"PropertyValueSpecification","valueRequired":true,"valueName":"search_term_string"}}],"inLanguage":"fr-FR"},{"@type":"Organization","@id":"https:\/\/www.errebi-group.com\/fr#organization","name":"Errebi Group","url":"https:\/\/www.errebi-group.com\/fr","logo":{"@type":"ImageObject","inLanguage":"fr-FR","@id":"https:\/\/www.errebi-group.com\/fr#\/schema\/logo\/image\/","url":"https:\/\/www.errebi-group.com\/wp-content\/uploads\/2025\/04\/logo-errebi-group-payoff-white-website.png","contentUrl":"https:\/\/www.errebi-group.com\/wp-content\/uploads\/2025\/04\/logo-errebi-group-payoff-white-website.png","width":610,"height":100,"caption":"Errebi Group"},"image":{"@id":"https:\/\/www.errebi-group.com\/fr#\/schema\/logo\/image\/"},"sameAs":["https:\/\/www.facebook.com\/errebigroupsrl","https:\/\/www.instagram.com\/errebi.group?igsh=cGNzN3FpcDFqNm1i","https:\/\/www.linkedin.com\/company\/errebigroup\/?originalSubdomain=it","https:\/\/www.youtube.com\/@errebigroup"]}]}},"_links":{"self":[{"href":"https:\/\/www.errebi-group.com\/fr\/wp-json\/wp\/v2\/pages\/2022","targetHints":{"allow":["GET"]}}],"collection":[{"href":"https:\/\/www.errebi-group.com\/fr\/wp-json\/wp\/v2\/pages"}],"about":[{"href":"https:\/\/www.errebi-group.com\/fr\/wp-json\/wp\/v2\/types\/page"}],"author":[{"embeddable":true,"href":"https:\/\/www.errebi-group.com\/fr\/wp-json\/wp\/v2\/users\/1"}],"replies":[{"embeddable":true,"href":"https:\/\/www.errebi-group.com\/fr\/wp-json\/wp\/v2\/comments?post=2022"}],"version-history":[{"count":2,"href":"https:\/\/www.errebi-group.com\/fr\/wp-json\/wp\/v2\/pages\/2022\/revisions"}],"predecessor-version":[{"id":2397,"href":"https:\/\/www.errebi-group.com\/fr\/wp-json\/wp\/v2\/pages\/2022\/revisions\/2397"}],"wp:featuredmedia":[{"embeddable":true,"href":"https:\/\/www.errebi-group.com\/fr\/wp-json\/wp\/v2\/media\/1671"}],"wp:attachment":[{"href":"https:\/\/www.errebi-group.com\/fr\/wp-json\/wp\/v2\/media?parent=2022"}],"curies":[{"name":"wp","href":"https:\/\/api.w.org\/{rel}","templated":true}]}}