{"id":2025,"date":"2025-04-28T13:57:41","date_gmt":"2025-04-28T13:57:41","guid":{"rendered":"https:\/\/www.errebi-group.com\/verkabelungen-und-elektrische-komponenten-fur-die-bahnbranche\/"},"modified":"2025-09-17T15:04:20","modified_gmt":"2025-09-17T15:04:20","slug":"eclairage","status":"publish","type":"page","link":"https:\/\/www.errebi-group.com\/fr\/eclairage","title":{"rendered":"C\u00e2blages et composants \u00e9lectriques pour l\u2019\u00e9clairage"},"content":{"rendered":"<p>Le<strong> secteur de l\u2019\u00e9clairage<\/strong> inclut tous les accessoires et appareils en mesure de g\u00e9n\u00e9rer de la lumi\u00e8re. Ils fonctionnent en g\u00e9n\u00e9ral avec de l\u2019\u00e9nergie \u00e9lectrique ou solaire, dont la production et la demande ont fortement augment\u00e9 au cours des derni\u00e8res ann\u00e9es.<\/p>\n<p>Le secteur de l\u2019\u00e9clairage comprend un tr\u00e8s grand nombre de produits, comme les <strong>lampes d\u2019\u00e9clairage int\u00e9rieur et ext\u00e9rieur<\/strong>, <strong>des composants sp\u00e9cifiques \u00e0 l\u2019\u00e9clairage urbain<\/strong> ou des <strong>lampes permettant d\u2019\u00e9clairer l\u2019int\u00e9rieur de certains \u00e9l\u00e9ments de d\u00e9coration<\/strong>, comme notamment les lampes LED pour baignoires, piscines ou dressings.<\/p>\n<p>Nous sommes en d\u00e9finitive face \u00e0 un secteur plut\u00f4t complexe, entra\u00eenant l\u2019utilisation d\u2019une grande vari\u00e9t\u00e9 de c\u00e2bles.<\/p>\n<div style=\"height: 48px;\"><\/div>\n<h2>Caract\u00e9ristiques des \u00e9l\u00e9ments d\u2019\u00e9clairage<\/h2>\n<p><strong>L\u2019\u00e9clairage<\/strong> est depuis toujours un facteur tr\u00e8s important, et sans lui notre vie serait assur\u00e9ment plus compliqu\u00e9e. Nous le retrouvons en effet quasiment partout : il rend nos routes et les zones urbaines moins sombres, il nous permet d\u2019avoir de la lumi\u00e8re dans nos maisons, au bureau et dans les transports publics <\/p>\n<p>Par ailleurs, l\u2019\u00e9clairage devient de plus en plus souvent un v\u00e9ritable acteur du design : <strong>les lampes et spots en mesure de moduler le niveau d\u2019\u00e9clairage<\/strong> et de valoriser les espaces et les volumes dans lesquels ils sont install\u00e9s sont de plus en plus demand\u00e9s. Les c\u00e2blages pour l\u2019\u00e9clairage se sont adapt\u00e9s \u00e0 tous ces besoins et il en existe actuellement de plusieurs types. <\/p>\n<p>Entre autres, outre des composants comme les <strong>c\u00e2bles rigides<\/strong>, <strong>les cordons avec fiches<\/strong>, <strong>les c\u00e2bles unipolaires<\/strong> et <strong>les c\u00e2blages de phares ou de feux antibrouillard<\/strong>, nous fabriquons \u00e9galement une gamme de produits modernes et vari\u00e9s pour <strong>les c\u00e2bles de r\u00e9sistance pour LED, les alimentations, les adaptateurs et les rubans LED<\/strong>.<\/p>\n<div style=\"height: 48px;\"><\/div>\n<h2>Conception personnalis\u00e9e<\/h2>\n<p>Pour <strong>le secteur de l\u2019\u00e9clairage<\/strong>, habitables comme pour tous nos secteurs d\u2019intervention, nous fournissons <strong>un service de <a href=\"https:\/\/www.errebi-group.com\/it\/progettazione-cablaggi\">conception personnalis\u00e9e<\/a> de c\u00e2blages et d\u2019<a href=\"https:\/\/www.errebi-group.com\/it\/assemblaggi-elettromeccanici\">assemblages<\/a><\/strong>, et essayons de r\u00e9pondre aux exigences des clients et d\u2019adapter autant que possible notre travail \u00e0 la fonction requise.<\/p>\n<p>Pour concevoir puis r\u00e9aliser un c\u00e2blage qui s\u2019adapte au besoin indiqu\u00e9 par l\u2019acheteur, nos techniciens effectuent <strong>une visite afin de comprendre avec pr\u00e9cision l\u2019\u00e9quipement \u00e0 c\u00e2bler<\/strong>, les emplacements o\u00f9 celui-ci fonctionne et l\u2019\u00e9ventuel besoin d\u2019une structure de soutien, pour ensuite identifier le produit sp\u00e9cifique \u00e0 installer.<\/p>\n<p>Cette proc\u00e9dure acc\u00e9l\u00e8re sans aucun doute le processus de production, permettant au client de b\u00e9n\u00e9ficier d\u2019un service parfaitement conforme \u00e0 ses demandes et de <strong>parvenir \u00e0 r\u00e9duire en cons\u00e9quence tant les d\u00e9lais que les co\u00fbts de mise en \u0153uvre<\/strong>.<\/p>\n<div style=\"height: 48px;\"><\/div>\n<h2>Conseils sp\u00e9cifiques<\/h2>\n<p>Dans un secteur comme celui de <strong>l\u2019\u00e9clairage<\/strong>, il est souvent compliqu\u00e9 de r\u00e9ussir \u00e0 comprendre de mani\u00e8re autonome quel peut \u00eatre le type de c\u00e2blage id\u00e9al pour l\u2019\u00e9quipement ou pour la fonction dont on a besoin, et encore plus si le produit demand\u00e9 est <strong>un assemblage particuli\u00e8rement complexe<\/strong>.<\/p>\n<p>Pour rem\u00e9dier \u00e0 ce type de probl\u00e9matique, nos experts mettent quotidiennement \u00e0 la disposition des clients leurs connaissances et fournissent les <strong>conseils n\u00e9cessaires \u00e0 l\u2019identification du bon produit pour la fonction sp\u00e9cifique<\/strong> et pour \u00e9ventuellement conseiller la structure la plus appropri\u00e9e pour soutenir son application.<\/p>\n<p>L\u2019objectif est clairement de comprendre la situation dans les plus brefs d\u00e9lais et de trouver pour chaque interrogation la solution la plus efficace qui puisse garantir au client <strong>un service satisfaisant en mesure d\u2019optimiser par ailleurs le rapport qualit\u00e9-prix<\/strong>.<\/p>\n<div style=\"height: 48px;\"><\/div>\n<h2>Assistance cibl\u00e9e<\/h2>\n<p><strong>Le service d\u2019assistance<\/strong> est actif pour tous les secteurs d\u2019intervention et par cons\u00e9quent \u00e9galement pour celui de <strong>l\u2019\u00e9clairage<\/strong>. Nos techniciens apportent une <a href=\"https:\/\/www.errebi-group.com\/it\/consulenza\">assistance sp\u00e9cifique pour tous les c\u00e2blages<\/a> et assemblages install\u00e9s, analysant dans chaque cas la probl\u00e9matique et intervenant de mani\u00e8re cibl\u00e9e apr\u00e8s avoir identifi\u00e9 le dysfonctionnement. <\/p>\n<p>Les interventions peuvent porter sur<strong> l\u2019assemblage dans sa globalit\u00e9<\/strong> ou un <strong>unique c\u00e2ble<\/strong> qui peut \u00eatre identifi\u00e9 et remplac\u00e9 en temps utile afin de permettre \u00e0 l\u2019\u00e9quipement de redevenir op\u00e9rationnel le plus rapidement possible.<\/p>\n<p>Les comp\u00e9tences de nos experts concernent tous les secteurs couverts par notre entreprise, ce qui leur permet de comprendre le probl\u00e8me dans son ensemble, mais \u00e9galement de saisir chaque d\u00e9tail sp\u00e9cifique au domaine en question.<\/p>\n","protected":false},"excerpt":{"rendered":"<p>Le secteur de l\u2019\u00e9clairage inclut tous les accessoires et appareils en mesure de g\u00e9n\u00e9rer de la lumi\u00e8re. Ils fonctionnent en g\u00e9n\u00e9ral avec de l\u2019\u00e9nergie \u00e9lectrique ou solaire, dont la production et la demande ont fortement augment\u00e9 au cours des derni\u00e8res ann\u00e9es. Le secteur de l\u2019\u00e9clairage comprend un tr\u00e8s grand nombre de produits, comme les lampes [&hellip;]<\/p>\n","protected":false},"author":1,"featured_media":1675,"parent":0,"menu_order":0,"comment_status":"closed","ping_status":"closed","template":"","meta":{"footnotes":""},"class_list":["post-2025","page","type-page","status-publish","has-post-thumbnail","hentry"],"yoast_head":"<!-- This site is optimized with the Yoast SEO plugin v27.4 - https:\/\/yoast.com\/product\/yoast-seo-wordpress\/ -->\n<title>C\u00e2blages pour l\u2019\u00e9clairage, c\u00e2bles et composants \u00e9lectriques<\/title>\n<meta name=\"description\" content=\"Le secteur de l\u2019\u00e9clairage inclut tous les accessoires et appareils en mesure de g\u00e9n\u00e9rer de la lumi\u00e8re. Ils fonctionnent en g\u00e9n\u00e9ral avec de l\u2019\u00e9nergie \u00e9lectrique ou solaire, dont la production et...\" \/>\n<meta name=\"robots\" content=\"index, follow, max-snippet:-1, max-image-preview:large, max-video-preview:-1\" \/>\n<link rel=\"canonical\" href=\"https:\/\/www.errebi-group.com\/fr\/eclairage\" \/>\n<meta property=\"og:locale\" content=\"fr_FR\" \/>\n<meta property=\"og:type\" content=\"article\" \/>\n<meta property=\"og:title\" content=\"C\u00e2blages pour l\u2019\u00e9clairage, c\u00e2bles et composants \u00e9lectriques\" \/>\n<meta property=\"og:description\" content=\"Le secteur de l\u2019\u00e9clairage inclut tous les accessoires et appareils en mesure de g\u00e9n\u00e9rer de la lumi\u00e8re. Ils fonctionnent en g\u00e9n\u00e9ral avec de l\u2019\u00e9nergie \u00e9lectrique ou solaire, dont la production et...\" \/>\n<meta property=\"og:url\" content=\"https:\/\/www.errebi-group.com\/fr\/eclairage\" \/>\n<meta property=\"og:site_name\" content=\"ErreBi Group\" \/>\n<meta property=\"article:publisher\" content=\"https:\/\/www.facebook.com\/errebigroupsrl\" \/>\n<meta property=\"article:modified_time\" content=\"2025-09-17T15:04:20+00:00\" \/>\n<meta property=\"og:image\" content=\"https:\/\/www.errebi-group.com\/wp-content\/uploads\/2025\/04\/illuminazione-campo-di-impiego-errebi-group-hero-section.webp\" \/>\n\t<meta property=\"og:image:width\" content=\"1920\" \/>\n\t<meta property=\"og:image:height\" content=\"1080\" \/>\n\t<meta property=\"og:image:type\" content=\"image\/webp\" \/>\n<meta name=\"twitter:card\" content=\"summary_large_image\" \/>\n<meta name=\"twitter:label1\" content=\"Dur\u00e9e de lecture estim\u00e9e\" \/>\n\t<meta name=\"twitter:data1\" content=\"4 minutes\" \/>\n<script type=\"application\/ld+json\" class=\"yoast-schema-graph\">{\"@context\":\"https:\\\/\\\/schema.org\",\"@graph\":[{\"@type\":\"WebPage\",\"@id\":\"https:\\\/\\\/www.errebi-group.com\\\/fr\\\/eclairage\",\"url\":\"https:\\\/\\\/www.errebi-group.com\\\/fr\\\/eclairage\",\"name\":\"C\u00e2blages pour l\u2019\u00e9clairage, c\u00e2bles et composants \u00e9lectriques\",\"isPartOf\":{\"@id\":\"https:\\\/\\\/www.errebi-group.com\\\/fr#website\"},\"primaryImageOfPage\":{\"@id\":\"https:\\\/\\\/www.errebi-group.com\\\/fr\\\/eclairage#primaryimage\"},\"image\":{\"@id\":\"https:\\\/\\\/www.errebi-group.com\\\/fr\\\/eclairage#primaryimage\"},\"thumbnailUrl\":\"https:\\\/\\\/www.errebi-group.com\\\/wp-content\\\/uploads\\\/2025\\\/04\\\/illuminazione-campo-di-impiego-errebi-group-hero-section.webp\",\"datePublished\":\"2025-04-28T13:57:41+00:00\",\"dateModified\":\"2025-09-17T15:04:20+00:00\",\"description\":\"Le secteur de l\u2019\u00e9clairage inclut tous les accessoires et appareils en mesure de g\u00e9n\u00e9rer de la lumi\u00e8re. Ils fonctionnent en g\u00e9n\u00e9ral avec de l\u2019\u00e9nergie \u00e9lectrique ou solaire, dont la production et...\",\"breadcrumb\":{\"@id\":\"https:\\\/\\\/www.errebi-group.com\\\/fr\\\/eclairage#breadcrumb\"},\"inLanguage\":\"fr-FR\",\"potentialAction\":[{\"@type\":\"ReadAction\",\"target\":[\"https:\\\/\\\/www.errebi-group.com\\\/fr\\\/eclairage\"]}]},{\"@type\":\"ImageObject\",\"inLanguage\":\"fr-FR\",\"@id\":\"https:\\\/\\\/www.errebi-group.com\\\/fr\\\/eclairage#primaryimage\",\"url\":\"https:\\\/\\\/www.errebi-group.com\\\/wp-content\\\/uploads\\\/2025\\\/04\\\/illuminazione-campo-di-impiego-errebi-group-hero-section.webp\",\"contentUrl\":\"https:\\\/\\\/www.errebi-group.com\\\/wp-content\\\/uploads\\\/2025\\\/04\\\/illuminazione-campo-di-impiego-errebi-group-hero-section.webp\",\"width\":1920,\"height\":1080,\"caption\":\"Phares LED professionnels bleus allum\u00e9s sur installation d\u2019\u00e9clairage sc\u00e9nique \u00e0 haute efficacit\u00e9\"},{\"@type\":\"BreadcrumbList\",\"@id\":\"https:\\\/\\\/www.errebi-group.com\\\/fr\\\/eclairage#breadcrumb\",\"itemListElement\":[{\"@type\":\"ListItem\",\"position\":1,\"name\":\"Home\",\"item\":\"https:\\\/\\\/www.errebi-group.com\\\/fr\"},{\"@type\":\"ListItem\",\"position\":2,\"name\":\"C\u00e2blages et composants \u00e9lectriques pour l\u2019\u00e9clairage\"}]},{\"@type\":\"WebSite\",\"@id\":\"https:\\\/\\\/www.errebi-group.com\\\/fr#website\",\"url\":\"https:\\\/\\\/www.errebi-group.com\\\/fr\",\"name\":\"Errebi Group - Azienda produttrice di Cablaggi e Quadri Elettrici\",\"description\":\"Azienda produttrice di Cablaggi e Quadri Elettrici\",\"publisher\":{\"@id\":\"https:\\\/\\\/www.errebi-group.com\\\/fr#organization\"},\"potentialAction\":[{\"@type\":\"SearchAction\",\"target\":{\"@type\":\"EntryPoint\",\"urlTemplate\":\"https:\\\/\\\/www.errebi-group.com\\\/fr?s={search_term_string}\"},\"query-input\":{\"@type\":\"PropertyValueSpecification\",\"valueRequired\":true,\"valueName\":\"search_term_string\"}}],\"inLanguage\":\"fr-FR\"},{\"@type\":\"Organization\",\"@id\":\"https:\\\/\\\/www.errebi-group.com\\\/fr#organization\",\"name\":\"Errebi Group\",\"url\":\"https:\\\/\\\/www.errebi-group.com\\\/fr\",\"logo\":{\"@type\":\"ImageObject\",\"inLanguage\":\"fr-FR\",\"@id\":\"https:\\\/\\\/www.errebi-group.com\\\/fr#\\\/schema\\\/logo\\\/image\\\/\",\"url\":\"https:\\\/\\\/www.errebi-group.com\\\/wp-content\\\/uploads\\\/2025\\\/04\\\/logo-errebi-group-payoff-white-website.png\",\"contentUrl\":\"https:\\\/\\\/www.errebi-group.com\\\/wp-content\\\/uploads\\\/2025\\\/04\\\/logo-errebi-group-payoff-white-website.png\",\"width\":610,\"height\":100,\"caption\":\"Errebi Group\"},\"image\":{\"@id\":\"https:\\\/\\\/www.errebi-group.com\\\/fr#\\\/schema\\\/logo\\\/image\\\/\"},\"sameAs\":[\"https:\\\/\\\/www.facebook.com\\\/errebigroupsrl\",\"https:\\\/\\\/www.instagram.com\\\/errebi.group?igsh=cGNzN3FpcDFqNm1i\",\"https:\\\/\\\/www.linkedin.com\\\/company\\\/errebigroup\\\/?originalSubdomain=it\",\"https:\\\/\\\/www.youtube.com\\\/@errebigroup\"]}]}<\/script>\n<!-- \/ Yoast SEO plugin. -->","yoast_head_json":{"title":"C\u00e2blages pour l\u2019\u00e9clairage, c\u00e2bles et composants \u00e9lectriques","description":"Le secteur de l\u2019\u00e9clairage inclut tous les accessoires et appareils en mesure de g\u00e9n\u00e9rer de la lumi\u00e8re. Ils fonctionnent en g\u00e9n\u00e9ral avec de l\u2019\u00e9nergie \u00e9lectrique ou solaire, dont la production et...","robots":{"index":"index","follow":"follow","max-snippet":"max-snippet:-1","max-image-preview":"max-image-preview:large","max-video-preview":"max-video-preview:-1"},"canonical":"https:\/\/www.errebi-group.com\/fr\/eclairage","og_locale":"fr_FR","og_type":"article","og_title":"C\u00e2blages pour l\u2019\u00e9clairage, c\u00e2bles et composants \u00e9lectriques","og_description":"Le secteur de l\u2019\u00e9clairage inclut tous les accessoires et appareils en mesure de g\u00e9n\u00e9rer de la lumi\u00e8re. Ils fonctionnent en g\u00e9n\u00e9ral avec de l\u2019\u00e9nergie \u00e9lectrique ou solaire, dont la production et...","og_url":"https:\/\/www.errebi-group.com\/fr\/eclairage","og_site_name":"ErreBi Group","article_publisher":"https:\/\/www.facebook.com\/errebigroupsrl","article_modified_time":"2025-09-17T15:04:20+00:00","og_image":[{"width":1920,"height":1080,"url":"https:\/\/www.errebi-group.com\/wp-content\/uploads\/2025\/04\/illuminazione-campo-di-impiego-errebi-group-hero-section.webp","type":"image\/webp"}],"twitter_card":"summary_large_image","twitter_misc":{"Dur\u00e9e de lecture estim\u00e9e":"4 minutes"},"schema":{"@context":"https:\/\/schema.org","@graph":[{"@type":"WebPage","@id":"https:\/\/www.errebi-group.com\/fr\/eclairage","url":"https:\/\/www.errebi-group.com\/fr\/eclairage","name":"C\u00e2blages pour l\u2019\u00e9clairage, c\u00e2bles et composants \u00e9lectriques","isPartOf":{"@id":"https:\/\/www.errebi-group.com\/fr#website"},"primaryImageOfPage":{"@id":"https:\/\/www.errebi-group.com\/fr\/eclairage#primaryimage"},"image":{"@id":"https:\/\/www.errebi-group.com\/fr\/eclairage#primaryimage"},"thumbnailUrl":"https:\/\/www.errebi-group.com\/wp-content\/uploads\/2025\/04\/illuminazione-campo-di-impiego-errebi-group-hero-section.webp","datePublished":"2025-04-28T13:57:41+00:00","dateModified":"2025-09-17T15:04:20+00:00","description":"Le secteur de l\u2019\u00e9clairage inclut tous les accessoires et appareils en mesure de g\u00e9n\u00e9rer de la lumi\u00e8re. Ils fonctionnent en g\u00e9n\u00e9ral avec de l\u2019\u00e9nergie \u00e9lectrique ou solaire, dont la production et...","breadcrumb":{"@id":"https:\/\/www.errebi-group.com\/fr\/eclairage#breadcrumb"},"inLanguage":"fr-FR","potentialAction":[{"@type":"ReadAction","target":["https:\/\/www.errebi-group.com\/fr\/eclairage"]}]},{"@type":"ImageObject","inLanguage":"fr-FR","@id":"https:\/\/www.errebi-group.com\/fr\/eclairage#primaryimage","url":"https:\/\/www.errebi-group.com\/wp-content\/uploads\/2025\/04\/illuminazione-campo-di-impiego-errebi-group-hero-section.webp","contentUrl":"https:\/\/www.errebi-group.com\/wp-content\/uploads\/2025\/04\/illuminazione-campo-di-impiego-errebi-group-hero-section.webp","width":1920,"height":1080,"caption":"Phares LED professionnels bleus allum\u00e9s sur installation d\u2019\u00e9clairage sc\u00e9nique \u00e0 haute efficacit\u00e9"},{"@type":"BreadcrumbList","@id":"https:\/\/www.errebi-group.com\/fr\/eclairage#breadcrumb","itemListElement":[{"@type":"ListItem","position":1,"name":"Home","item":"https:\/\/www.errebi-group.com\/fr"},{"@type":"ListItem","position":2,"name":"C\u00e2blages et composants \u00e9lectriques pour l\u2019\u00e9clairage"}]},{"@type":"WebSite","@id":"https:\/\/www.errebi-group.com\/fr#website","url":"https:\/\/www.errebi-group.com\/fr","name":"Errebi Group - Azienda produttrice di Cablaggi e Quadri Elettrici","description":"Azienda produttrice di Cablaggi e Quadri Elettrici","publisher":{"@id":"https:\/\/www.errebi-group.com\/fr#organization"},"potentialAction":[{"@type":"SearchAction","target":{"@type":"EntryPoint","urlTemplate":"https:\/\/www.errebi-group.com\/fr?s={search_term_string}"},"query-input":{"@type":"PropertyValueSpecification","valueRequired":true,"valueName":"search_term_string"}}],"inLanguage":"fr-FR"},{"@type":"Organization","@id":"https:\/\/www.errebi-group.com\/fr#organization","name":"Errebi Group","url":"https:\/\/www.errebi-group.com\/fr","logo":{"@type":"ImageObject","inLanguage":"fr-FR","@id":"https:\/\/www.errebi-group.com\/fr#\/schema\/logo\/image\/","url":"https:\/\/www.errebi-group.com\/wp-content\/uploads\/2025\/04\/logo-errebi-group-payoff-white-website.png","contentUrl":"https:\/\/www.errebi-group.com\/wp-content\/uploads\/2025\/04\/logo-errebi-group-payoff-white-website.png","width":610,"height":100,"caption":"Errebi Group"},"image":{"@id":"https:\/\/www.errebi-group.com\/fr#\/schema\/logo\/image\/"},"sameAs":["https:\/\/www.facebook.com\/errebigroupsrl","https:\/\/www.instagram.com\/errebi.group?igsh=cGNzN3FpcDFqNm1i","https:\/\/www.linkedin.com\/company\/errebigroup\/?originalSubdomain=it","https:\/\/www.youtube.com\/@errebigroup"]}]}},"_links":{"self":[{"href":"https:\/\/www.errebi-group.com\/fr\/wp-json\/wp\/v2\/pages\/2025","targetHints":{"allow":["GET"]}}],"collection":[{"href":"https:\/\/www.errebi-group.com\/fr\/wp-json\/wp\/v2\/pages"}],"about":[{"href":"https:\/\/www.errebi-group.com\/fr\/wp-json\/wp\/v2\/types\/page"}],"author":[{"embeddable":true,"href":"https:\/\/www.errebi-group.com\/fr\/wp-json\/wp\/v2\/users\/1"}],"replies":[{"embeddable":true,"href":"https:\/\/www.errebi-group.com\/fr\/wp-json\/wp\/v2\/comments?post=2025"}],"version-history":[{"count":1,"href":"https:\/\/www.errebi-group.com\/fr\/wp-json\/wp\/v2\/pages\/2025\/revisions"}],"predecessor-version":[{"id":2027,"href":"https:\/\/www.errebi-group.com\/fr\/wp-json\/wp\/v2\/pages\/2025\/revisions\/2027"}],"wp:featuredmedia":[{"embeddable":true,"href":"https:\/\/www.errebi-group.com\/fr\/wp-json\/wp\/v2\/media\/1675"}],"wp:attachment":[{"href":"https:\/\/www.errebi-group.com\/fr\/wp-json\/wp\/v2\/media?parent=2025"}],"curies":[{"name":"wp","href":"https:\/\/api.w.org\/{rel}","templated":true}]}}