{"id":2774,"date":"2025-12-04T09:20:18","date_gmt":"2025-12-04T09:20:18","guid":{"rendered":"https:\/\/www.errebi-group.com\/declaration-daccessibilite"},"modified":"2025-12-04T09:20:18","modified_gmt":"2025-12-04T09:20:18","slug":"declaration-daccessibilite","status":"publish","type":"page","link":"https:\/\/www.errebi-group.com\/fr\/declaration-daccessibilite","title":{"rendered":"D\u00e9claration d\u2019accessibilit\u00e9"},"content":{"rendered":"<h2>Engagement en faveur de l\u2019accessibilit\u00e9<\/h2>\n<p>Errebi Group s\u2019engage \u00e0 rendre son site web accessible au plus grand nombre, en coh\u00e9rence avec les principes des Web Content Accessibility Guidelines (WCAG) 2.1, niveau AA.<\/p>\n<p>Cet engagement est continu et concerne \u00e0 la fois les contenus textuels et les \u00e9l\u00e9ments graphiques et de navigation du site.<\/p>\n<h2>\u00c9tat de conformit\u00e9<\/h2>\n<p>Le site web<br \/>\n<a href=\"https:\/\/www.errebi-group.com\" target=\"_blank\" rel=\"noopener noreferrer\"><br \/>\nwww.errebi-group.com<br \/>\n<\/a><br \/>\nest partiellement conforme aux exigences d\u2019accessibilit\u00e9 pr\u00e9vues par les WCAG 2.1 niveau AA.<\/p>\n<p>Les v\u00e9rifications effectu\u00e9es \u00e0 l\u2019aide d\u2019outils automatiques (par ex. Lighthouse) et de contr\u00f4les manuels ont mis en \u00e9vidence un bon niveau de base, mais \u00e9galement certaines probl\u00e9matiques encore pr\u00e9sentes.<\/p>\n<h2>Contenus et fonctionnalit\u00e9s non pleinement accessibles<\/h2>\n<p>En particulier, il peut exister :<\/p>\n<ul>\n<li>des textes ou \u00e9l\u00e9ments graphiques dont le contraste de couleur n\u2019est pas toujours suffisant ;<\/li>\n<li>certains liens ou ic\u00f4nes qui ne disposent pas d\u2019un nom clairement compr\u00e9hensible pour les technologies d\u2019assistance ;<\/li>\n<li>des titres (H1, H2, H3\u2026) qui ne respectent pas toujours un ordre hi\u00e9rarchique correct ;<\/li>\n<li>des \u00e9l\u00e9ments cliquables (notamment sur les appareils mobiles) avec une zone d\u2019activation r\u00e9duite ;<\/li>\n<li>des documents PDF publi\u00e9s par le pass\u00e9 qui peuvent ne pas r\u00e9pondre pleinement aux crit\u00e8res d\u2019accessibilit\u00e9.<\/li>\n<\/ul>\n<p>Ces probl\u00e9matiques n\u2019emp\u00eachent pas totalement l\u2019utilisation du site, mais elles peuvent rendre l\u2019exp\u00e9rience de navigation moins fluide pour certaines personnes.<\/p>\n<h2>Plan d\u2019am\u00e9lioration<\/h2>\n<p>Errebi Group pr\u00e9voit des actions d\u2019am\u00e9lioration progressives afin de :<\/p>\n<ul>\n<li>am\u00e9liorer le contraste de couleur des contenus textuels et des boutons ;<\/li>\n<li>rendre les liens et les ic\u00f4nes plus clairs et plus compr\u00e9hensibles ;<\/li>\n<li>r\u00e9aligner la structure des titres selon une hi\u00e9rarchie correcte ;<\/li>\n<li>augmenter la taille et l\u2019espacement des contr\u00f4les interactifs, en particulier sur mobile ;<\/li>\n<li>rendre les documents t\u00e9l\u00e9chargeables plus accessibles lorsque cela est possible.\n<\/li>\n<\/ul>\n<h2>Retour et contacts<\/h2>\n<p>Si vous rencontrez des difficult\u00e9s pour acc\u00e9der aux contenus de ce site ou si vous souhaitez nous signaler un probl\u00e8me d\u2019accessibilit\u00e9,<br \/>\nnous vous invitons \u00e0 nous contacter :<\/p>\n<ul>\n<li>\ud83d\udce7 Email: <a href=\"mailto:info@errebi-group.com\">info@errebi-group.com<br \/>\n<\/a><\/li>\n<li>\u260e\ufe0f T\u00e9l\u00e9phone:<a href=\"tel:+39055863311\"> +39 055 863311<br \/>\n<\/a><\/li>\n<\/ul>\n<p>Nous ferons de notre mieux pour vous apporter une r\u00e9ponse et, si n\u00e9cessaire, une solution alternative accessible dans les plus brefs d\u00e9lais.<\/p>\n","protected":false},"excerpt":{"rendered":"<p>Engagement en faveur de l\u2019accessibilit\u00e9 Errebi Group s\u2019engage \u00e0 rendre son site web accessible au plus grand nombre, en coh\u00e9rence avec les principes des Web Content Accessibility Guidelines (WCAG) 2.1, niveau AA. Cet engagement est continu et concerne \u00e0 la fois les contenus textuels et les \u00e9l\u00e9ments graphiques et de navigation du site. \u00c9tat de [&hellip;]<\/p>\n","protected":false},"author":1,"featured_media":1731,"parent":0,"menu_order":0,"comment_status":"closed","ping_status":"closed","template":"","meta":{"footnotes":""},"class_list":["post-2774","page","type-page","status-publish","has-post-thumbnail","hentry"],"yoast_head":"<!-- This site is optimized with the Yoast SEO plugin v27.4 - https:\/\/yoast.com\/product\/yoast-seo-wordpress\/ -->\n<title>D\u00e9claration d\u2019accessibilit\u00e9 | Errebi Group<\/title>\n<meta name=\"description\" content=\"D\u00e9couvrez la d\u00e9claration d\u2019accessibilit\u00e9 du site Errebi Group, les actions en cours et les contacts d\u00e9di\u00e9s pour signaler toute difficult\u00e9 de navigation.\" \/>\n<meta name=\"robots\" content=\"index, follow, max-snippet:-1, max-image-preview:large, max-video-preview:-1\" \/>\n<link rel=\"canonical\" href=\"https:\/\/www.errebi-group.com\/fr\/declaration-daccessibilite\" \/>\n<meta property=\"og:locale\" content=\"fr_FR\" \/>\n<meta property=\"og:type\" content=\"article\" \/>\n<meta property=\"og:title\" content=\"D\u00e9claration d\u2019accessibilit\u00e9 | Errebi Group\" \/>\n<meta property=\"og:description\" content=\"D\u00e9couvrez la d\u00e9claration d\u2019accessibilit\u00e9 du site Errebi Group, les actions en cours et les contacts d\u00e9di\u00e9s pour signaler toute difficult\u00e9 de navigation.\" \/>\n<meta property=\"og:url\" content=\"https:\/\/www.errebi-group.com\/fr\/declaration-daccessibilite\" \/>\n<meta property=\"og:site_name\" content=\"ErreBi Group\" \/>\n<meta property=\"article:publisher\" content=\"https:\/\/www.facebook.com\/errebigroupsrl\" \/>\n<meta property=\"og:image\" content=\"https:\/\/www.errebi-group.com\/wp-content\/uploads\/2025\/04\/lavorazioni-meccaniche-servizi-errebi-group-hero-section.webp\" \/>\n\t<meta property=\"og:image:width\" content=\"1920\" \/>\n\t<meta property=\"og:image:height\" content=\"1080\" \/>\n\t<meta property=\"og:image:type\" content=\"image\/webp\" \/>\n<meta name=\"twitter:card\" content=\"summary_large_image\" \/>\n<meta name=\"twitter:label1\" content=\"Dur\u00e9e de lecture estim\u00e9e\" \/>\n\t<meta name=\"twitter:data1\" content=\"2 minutes\" \/>\n<script type=\"application\/ld+json\" class=\"yoast-schema-graph\">{\"@context\":\"https:\\\/\\\/schema.org\",\"@graph\":[{\"@type\":\"WebPage\",\"@id\":\"https:\\\/\\\/www.errebi-group.com\\\/fr\\\/declaration-daccessibilite\",\"url\":\"https:\\\/\\\/www.errebi-group.com\\\/fr\\\/declaration-daccessibilite\",\"name\":\"D\u00e9claration d\u2019accessibilit\u00e9 | Errebi Group\",\"isPartOf\":{\"@id\":\"https:\\\/\\\/www.errebi-group.com\\\/fr#website\"},\"primaryImageOfPage\":{\"@id\":\"https:\\\/\\\/www.errebi-group.com\\\/fr\\\/declaration-daccessibilite#primaryimage\"},\"image\":{\"@id\":\"https:\\\/\\\/www.errebi-group.com\\\/fr\\\/declaration-daccessibilite#primaryimage\"},\"thumbnailUrl\":\"https:\\\/\\\/www.errebi-group.com\\\/wp-content\\\/uploads\\\/2025\\\/04\\\/lavorazioni-meccaniche-servizi-errebi-group-hero-section.webp\",\"datePublished\":\"2025-12-04T09:20:18+00:00\",\"description\":\"D\u00e9couvrez la d\u00e9claration d\u2019accessibilit\u00e9 du site Errebi Group, les actions en cours et les contacts d\u00e9di\u00e9s pour signaler toute difficult\u00e9 de navigation.\",\"breadcrumb\":{\"@id\":\"https:\\\/\\\/www.errebi-group.com\\\/fr\\\/declaration-daccessibilite#breadcrumb\"},\"inLanguage\":\"fr-FR\",\"potentialAction\":[{\"@type\":\"ReadAction\",\"target\":[\"https:\\\/\\\/www.errebi-group.com\\\/fr\\\/declaration-daccessibilite\"]}]},{\"@type\":\"ImageObject\",\"inLanguage\":\"fr-FR\",\"@id\":\"https:\\\/\\\/www.errebi-group.com\\\/fr\\\/declaration-daccessibilite#primaryimage\",\"url\":\"https:\\\/\\\/www.errebi-group.com\\\/wp-content\\\/uploads\\\/2025\\\/04\\\/lavorazioni-meccaniche-servizi-errebi-group-hero-section.webp\",\"contentUrl\":\"https:\\\/\\\/www.errebi-group.com\\\/wp-content\\\/uploads\\\/2025\\\/04\\\/lavorazioni-meccaniche-servizi-errebi-group-hero-section.webp\",\"width\":1920,\"height\":1080,\"caption\":\"Machine de d\u00e9coupe laser en fonctionnement lors d\u2019un usinage m\u00e9canique de pr\u00e9cision\"},{\"@type\":\"BreadcrumbList\",\"@id\":\"https:\\\/\\\/www.errebi-group.com\\\/fr\\\/declaration-daccessibilite#breadcrumb\",\"itemListElement\":[{\"@type\":\"ListItem\",\"position\":1,\"name\":\"Home\",\"item\":\"https:\\\/\\\/www.errebi-group.com\\\/fr\"},{\"@type\":\"ListItem\",\"position\":2,\"name\":\"D\u00e9claration d\u2019accessibilit\u00e9\"}]},{\"@type\":\"WebSite\",\"@id\":\"https:\\\/\\\/www.errebi-group.com\\\/fr#website\",\"url\":\"https:\\\/\\\/www.errebi-group.com\\\/fr\",\"name\":\"Errebi Group - Azienda produttrice di Cablaggi e Quadri Elettrici\",\"description\":\"Azienda produttrice di Cablaggi e Quadri Elettrici\",\"publisher\":{\"@id\":\"https:\\\/\\\/www.errebi-group.com\\\/fr#organization\"},\"potentialAction\":[{\"@type\":\"SearchAction\",\"target\":{\"@type\":\"EntryPoint\",\"urlTemplate\":\"https:\\\/\\\/www.errebi-group.com\\\/fr?s={search_term_string}\"},\"query-input\":{\"@type\":\"PropertyValueSpecification\",\"valueRequired\":true,\"valueName\":\"search_term_string\"}}],\"inLanguage\":\"fr-FR\"},{\"@type\":\"Organization\",\"@id\":\"https:\\\/\\\/www.errebi-group.com\\\/fr#organization\",\"name\":\"Errebi Group\",\"url\":\"https:\\\/\\\/www.errebi-group.com\\\/fr\",\"logo\":{\"@type\":\"ImageObject\",\"inLanguage\":\"fr-FR\",\"@id\":\"https:\\\/\\\/www.errebi-group.com\\\/fr#\\\/schema\\\/logo\\\/image\\\/\",\"url\":\"https:\\\/\\\/www.errebi-group.com\\\/wp-content\\\/uploads\\\/2025\\\/04\\\/logo-errebi-group-payoff-white-website.png\",\"contentUrl\":\"https:\\\/\\\/www.errebi-group.com\\\/wp-content\\\/uploads\\\/2025\\\/04\\\/logo-errebi-group-payoff-white-website.png\",\"width\":610,\"height\":100,\"caption\":\"Errebi Group\"},\"image\":{\"@id\":\"https:\\\/\\\/www.errebi-group.com\\\/fr#\\\/schema\\\/logo\\\/image\\\/\"},\"sameAs\":[\"https:\\\/\\\/www.facebook.com\\\/errebigroupsrl\",\"https:\\\/\\\/www.instagram.com\\\/errebi.group?igsh=cGNzN3FpcDFqNm1i\",\"https:\\\/\\\/www.linkedin.com\\\/company\\\/errebigroup\\\/?originalSubdomain=it\",\"https:\\\/\\\/www.youtube.com\\\/@errebigroup\"]}]}<\/script>\n<!-- \/ Yoast SEO plugin. -->","yoast_head_json":{"title":"D\u00e9claration d\u2019accessibilit\u00e9 | Errebi Group","description":"D\u00e9couvrez la d\u00e9claration d\u2019accessibilit\u00e9 du site Errebi Group, les actions en cours et les contacts d\u00e9di\u00e9s pour signaler toute difficult\u00e9 de navigation.","robots":{"index":"index","follow":"follow","max-snippet":"max-snippet:-1","max-image-preview":"max-image-preview:large","max-video-preview":"max-video-preview:-1"},"canonical":"https:\/\/www.errebi-group.com\/fr\/declaration-daccessibilite","og_locale":"fr_FR","og_type":"article","og_title":"D\u00e9claration d\u2019accessibilit\u00e9 | Errebi Group","og_description":"D\u00e9couvrez la d\u00e9claration d\u2019accessibilit\u00e9 du site Errebi Group, les actions en cours et les contacts d\u00e9di\u00e9s pour signaler toute difficult\u00e9 de navigation.","og_url":"https:\/\/www.errebi-group.com\/fr\/declaration-daccessibilite","og_site_name":"ErreBi Group","article_publisher":"https:\/\/www.facebook.com\/errebigroupsrl","og_image":[{"width":1920,"height":1080,"url":"https:\/\/www.errebi-group.com\/wp-content\/uploads\/2025\/04\/lavorazioni-meccaniche-servizi-errebi-group-hero-section.webp","type":"image\/webp"}],"twitter_card":"summary_large_image","twitter_misc":{"Dur\u00e9e de lecture estim\u00e9e":"2 minutes"},"schema":{"@context":"https:\/\/schema.org","@graph":[{"@type":"WebPage","@id":"https:\/\/www.errebi-group.com\/fr\/declaration-daccessibilite","url":"https:\/\/www.errebi-group.com\/fr\/declaration-daccessibilite","name":"D\u00e9claration d\u2019accessibilit\u00e9 | Errebi Group","isPartOf":{"@id":"https:\/\/www.errebi-group.com\/fr#website"},"primaryImageOfPage":{"@id":"https:\/\/www.errebi-group.com\/fr\/declaration-daccessibilite#primaryimage"},"image":{"@id":"https:\/\/www.errebi-group.com\/fr\/declaration-daccessibilite#primaryimage"},"thumbnailUrl":"https:\/\/www.errebi-group.com\/wp-content\/uploads\/2025\/04\/lavorazioni-meccaniche-servizi-errebi-group-hero-section.webp","datePublished":"2025-12-04T09:20:18+00:00","description":"D\u00e9couvrez la d\u00e9claration d\u2019accessibilit\u00e9 du site Errebi Group, les actions en cours et les contacts d\u00e9di\u00e9s pour signaler toute difficult\u00e9 de navigation.","breadcrumb":{"@id":"https:\/\/www.errebi-group.com\/fr\/declaration-daccessibilite#breadcrumb"},"inLanguage":"fr-FR","potentialAction":[{"@type":"ReadAction","target":["https:\/\/www.errebi-group.com\/fr\/declaration-daccessibilite"]}]},{"@type":"ImageObject","inLanguage":"fr-FR","@id":"https:\/\/www.errebi-group.com\/fr\/declaration-daccessibilite#primaryimage","url":"https:\/\/www.errebi-group.com\/wp-content\/uploads\/2025\/04\/lavorazioni-meccaniche-servizi-errebi-group-hero-section.webp","contentUrl":"https:\/\/www.errebi-group.com\/wp-content\/uploads\/2025\/04\/lavorazioni-meccaniche-servizi-errebi-group-hero-section.webp","width":1920,"height":1080,"caption":"Machine de d\u00e9coupe laser en fonctionnement lors d\u2019un usinage m\u00e9canique de pr\u00e9cision"},{"@type":"BreadcrumbList","@id":"https:\/\/www.errebi-group.com\/fr\/declaration-daccessibilite#breadcrumb","itemListElement":[{"@type":"ListItem","position":1,"name":"Home","item":"https:\/\/www.errebi-group.com\/fr"},{"@type":"ListItem","position":2,"name":"D\u00e9claration d\u2019accessibilit\u00e9"}]},{"@type":"WebSite","@id":"https:\/\/www.errebi-group.com\/fr#website","url":"https:\/\/www.errebi-group.com\/fr","name":"Errebi Group - Azienda produttrice di Cablaggi e Quadri Elettrici","description":"Azienda produttrice di Cablaggi e Quadri Elettrici","publisher":{"@id":"https:\/\/www.errebi-group.com\/fr#organization"},"potentialAction":[{"@type":"SearchAction","target":{"@type":"EntryPoint","urlTemplate":"https:\/\/www.errebi-group.com\/fr?s={search_term_string}"},"query-input":{"@type":"PropertyValueSpecification","valueRequired":true,"valueName":"search_term_string"}}],"inLanguage":"fr-FR"},{"@type":"Organization","@id":"https:\/\/www.errebi-group.com\/fr#organization","name":"Errebi Group","url":"https:\/\/www.errebi-group.com\/fr","logo":{"@type":"ImageObject","inLanguage":"fr-FR","@id":"https:\/\/www.errebi-group.com\/fr#\/schema\/logo\/image\/","url":"https:\/\/www.errebi-group.com\/wp-content\/uploads\/2025\/04\/logo-errebi-group-payoff-white-website.png","contentUrl":"https:\/\/www.errebi-group.com\/wp-content\/uploads\/2025\/04\/logo-errebi-group-payoff-white-website.png","width":610,"height":100,"caption":"Errebi Group"},"image":{"@id":"https:\/\/www.errebi-group.com\/fr#\/schema\/logo\/image\/"},"sameAs":["https:\/\/www.facebook.com\/errebigroupsrl","https:\/\/www.instagram.com\/errebi.group?igsh=cGNzN3FpcDFqNm1i","https:\/\/www.linkedin.com\/company\/errebigroup\/?originalSubdomain=it","https:\/\/www.youtube.com\/@errebigroup"]}]}},"_links":{"self":[{"href":"https:\/\/www.errebi-group.com\/fr\/wp-json\/wp\/v2\/pages\/2774","targetHints":{"allow":["GET"]}}],"collection":[{"href":"https:\/\/www.errebi-group.com\/fr\/wp-json\/wp\/v2\/pages"}],"about":[{"href":"https:\/\/www.errebi-group.com\/fr\/wp-json\/wp\/v2\/types\/page"}],"author":[{"embeddable":true,"href":"https:\/\/www.errebi-group.com\/fr\/wp-json\/wp\/v2\/users\/1"}],"replies":[{"embeddable":true,"href":"https:\/\/www.errebi-group.com\/fr\/wp-json\/wp\/v2\/comments?post=2774"}],"version-history":[{"count":0,"href":"https:\/\/www.errebi-group.com\/fr\/wp-json\/wp\/v2\/pages\/2774\/revisions"}],"wp:featuredmedia":[{"embeddable":true,"href":"https:\/\/www.errebi-group.com\/fr\/wp-json\/wp\/v2\/media\/1731"}],"wp:attachment":[{"href":"https:\/\/www.errebi-group.com\/fr\/wp-json\/wp\/v2\/media?parent=2774"}],"curies":[{"name":"wp","href":"https:\/\/api.w.org\/{rel}","templated":true}]}}