{"id":2765,"date":"2025-12-04T09:20:18","date_gmt":"2025-12-04T09:20:18","guid":{"rendered":"https:\/\/www.errebi-group.com\/?page_id=2765"},"modified":"2025-12-04T09:20:18","modified_gmt":"2025-12-04T09:20:18","slug":"dichiarazione-accessibilita","status":"publish","type":"page","link":"https:\/\/www.errebi-group.com\/it\/dichiarazione-accessibilita","title":{"rendered":"Dichiarazione di accessibilit\u00e0"},"content":{"rendered":"<h2>Impegno per l\u2019accessibilit\u00e0<\/h2>\n<p>Errebi Group si impegna a rendere il proprio sito web accessibile al maggior numero possibile di persone,<br \/>\nin coerenza con i principi delle Web Content Accessibility Guidelines (WCAG) 2.1, livello AA.<\/p>\n<p>Questo impegno \u00e8 continuo e riguarda sia i contenuti testuali sia gli elementi grafici e di navigazione del sito.<\/p>\n<h2>Stato di conformit\u00e0<\/h2>\n<p>Il sito web<br \/>\n<a href=\"https:\/\/www.errebi-group.com\" target=\"_blank\" rel=\"noopener noreferrer\"><br \/>\nwww.errebi-group.com<br \/>\n<\/a><br \/>\nrisulta <strong>parzialmente conforme<\/strong> ai requisiti di accessibilit\u00e0 previsti dalle WCAG 2.1 livello AA.<\/p>\n<p>Le verifiche effettuate con strumenti automatici (es. Lighthouse) e controlli manuali<br \/>\nhanno evidenziato un buon livello di base, ma anche alcune criticit\u00e0 ancora presenti.<\/p>\n<h2>Contenuti e funzionalit\u00e0 non pienamente accessibili<\/h2>\n<p>In particolare, potrebbero essere presenti:<\/p>\n<ul>\n<li>testi o elementi grafici con contrasto colore non sempre sufficiente;<\/li>\n<li>alcuni link o icone che non hanno un nome chiaramente comprensibile per le tecnologie assistive;<\/li>\n<li>titoli (H1, H2, H3\u2026) non sempre in ordine gerarchico corretto;<\/li>\n<li>elementi cliccabili (soprattutto su dispositivi mobili) con area di attivazione ridotta;<\/li>\n<li>eventuali documenti PDF pubblicati in passato che potrebbero non rispettare pienamente i criteri di accessibilit\u00e0.<\/li>\n<\/ul>\n<p>Queste criticit\u00e0 non impediscono in modo totale l\u2019utilizzo del sito, ma possono rendere<br \/>\nl\u2019esperienza di navigazione meno agevole per alcune persone.<\/p>\n<h2>Piano di miglioramento<\/h2>\n<p>Errebi Group sta pianificando interventi progressivi per:<\/p>\n<ul>\n<li>migliorare il contrasto colore dei contenuti testuali e dei pulsanti;<\/li>\n<li>rendere pi\u00f9 chiari e comprensibili i link e le icone;<\/li>\n<li>riallineare la struttura dei titoli secondo una gerarchia corretta;<\/li>\n<li>aumentare la dimensione e lo spazio dei controlli interattivi, in particolare su mobile;<\/li>\n<li>rendere pi\u00f9 accessibili i documenti scaricabili ove possibile.<\/li>\n<\/ul>\n<h2>Feedback e contatti<\/h2>\n<p>Se riscontri difficolt\u00e0 nell\u2019accesso ai contenuti del sito o desideri segnalarci problemi di accessibilit\u00e0,<br \/>\nti invitiamo a contattarci:<\/p>\n<ul>\n<li>\ud83d\udce7 Email: <a href=\"mailto:info@errebi-group.com\">info@errebi-group.com<br \/>\n<\/a><\/li>\n<li>\u260e\ufe0f Telefono:<a href=\"tel:+39055863311\"> +39 055 863311<br \/>\n<\/a><\/li>\n<\/ul>\n<p>Faremo il possibile per fornirti una risposta e, quando necessario, una soluzione alternativa accessibile<br \/>\nnel pi\u00f9 breve tempo possibile.<\/p>\n","protected":false},"excerpt":{"rendered":"<p>Impegno per l\u2019accessibilit\u00e0 Errebi Group si impegna a rendere il proprio sito web accessibile al maggior numero possibile di persone, in coerenza con i principi delle Web Content Accessibility Guidelines (WCAG) 2.1, livello AA. Questo impegno \u00e8 continuo e riguarda sia i contenuti testuali sia gli elementi grafici e di navigazione del sito. Stato di [&hellip;]<\/p>\n","protected":false},"author":1,"featured_media":1241,"parent":0,"menu_order":0,"comment_status":"closed","ping_status":"closed","template":"","meta":{"footnotes":""},"class_list":["post-2765","page","type-page","status-publish","has-post-thumbnail","hentry"],"yoast_head":"<!-- This site is optimized with the Yoast SEO plugin v27.4 - https:\/\/yoast.com\/product\/yoast-seo-wordpress\/ -->\n<title>Dichiarazione di accessibilit\u00e0 | Errebi Group<\/title>\n<meta name=\"description\" content=\"Scopri la dichiarazione di accessibilit\u00e0 del sito Errebi Group, gli interventi in corso e i contatti dedicati per segnalare eventuali difficolt\u00e0 di navigazione.\" \/>\n<meta name=\"robots\" content=\"index, follow, max-snippet:-1, max-image-preview:large, max-video-preview:-1\" \/>\n<link rel=\"canonical\" href=\"https:\/\/www.errebi-group.com\/it\/dichiarazione-accessibilita\" \/>\n<meta property=\"og:locale\" content=\"it_IT\" \/>\n<meta property=\"og:type\" content=\"article\" \/>\n<meta property=\"og:title\" content=\"Dichiarazione di accessibilit\u00e0 | Errebi Group\" \/>\n<meta property=\"og:description\" content=\"Scopri la dichiarazione di accessibilit\u00e0 del sito Errebi Group, gli interventi in corso e i contatti dedicati per segnalare eventuali difficolt\u00e0 di navigazione.\" \/>\n<meta property=\"og:url\" content=\"https:\/\/www.errebi-group.com\/it\/dichiarazione-accessibilita\" \/>\n<meta property=\"og:site_name\" content=\"ErreBi Group\" \/>\n<meta property=\"article:publisher\" content=\"https:\/\/www.facebook.com\/errebigroupsrl\" \/>\n<meta property=\"og:image\" content=\"https:\/\/www.errebi-group.com\/wp-content\/uploads\/2025\/04\/lavorazioni-meccaniche-servizi-errebi-group-hero-section.webp\" \/>\n\t<meta property=\"og:image:width\" content=\"1920\" \/>\n\t<meta property=\"og:image:height\" content=\"1080\" \/>\n\t<meta property=\"og:image:type\" content=\"image\/webp\" \/>\n<meta name=\"twitter:card\" content=\"summary_large_image\" \/>\n<meta name=\"twitter:label1\" content=\"Tempo di lettura stimato\" \/>\n\t<meta name=\"twitter:data1\" content=\"2 minuti\" \/>\n<script type=\"application\/ld+json\" class=\"yoast-schema-graph\">{\"@context\":\"https:\\\/\\\/schema.org\",\"@graph\":[{\"@type\":\"WebPage\",\"@id\":\"https:\\\/\\\/www.errebi-group.com\\\/it\\\/dichiarazione-accessibilita\",\"url\":\"https:\\\/\\\/www.errebi-group.com\\\/it\\\/dichiarazione-accessibilita\",\"name\":\"Dichiarazione di accessibilit\u00e0 | Errebi Group\",\"isPartOf\":{\"@id\":\"https:\\\/\\\/www.errebi-group.com\\\/it\\\/#website\"},\"primaryImageOfPage\":{\"@id\":\"https:\\\/\\\/www.errebi-group.com\\\/it\\\/dichiarazione-accessibilita#primaryimage\"},\"image\":{\"@id\":\"https:\\\/\\\/www.errebi-group.com\\\/it\\\/dichiarazione-accessibilita#primaryimage\"},\"thumbnailUrl\":\"https:\\\/\\\/www.errebi-group.com\\\/wp-content\\\/uploads\\\/2025\\\/04\\\/lavorazioni-meccaniche-servizi-errebi-group-hero-section.webp\",\"datePublished\":\"2025-12-04T09:20:18+00:00\",\"description\":\"Scopri la dichiarazione di accessibilit\u00e0 del sito Errebi Group, gli interventi in corso e i contatti dedicati per segnalare eventuali difficolt\u00e0 di navigazione.\",\"breadcrumb\":{\"@id\":\"https:\\\/\\\/www.errebi-group.com\\\/it\\\/dichiarazione-accessibilita#breadcrumb\"},\"inLanguage\":\"it-IT\",\"potentialAction\":[{\"@type\":\"ReadAction\",\"target\":[\"https:\\\/\\\/www.errebi-group.com\\\/it\\\/dichiarazione-accessibilita\"]}]},{\"@type\":\"ImageObject\",\"inLanguage\":\"it-IT\",\"@id\":\"https:\\\/\\\/www.errebi-group.com\\\/it\\\/dichiarazione-accessibilita#primaryimage\",\"url\":\"https:\\\/\\\/www.errebi-group.com\\\/wp-content\\\/uploads\\\/2025\\\/04\\\/lavorazioni-meccaniche-servizi-errebi-group-hero-section.webp\",\"contentUrl\":\"https:\\\/\\\/www.errebi-group.com\\\/wp-content\\\/uploads\\\/2025\\\/04\\\/lavorazioni-meccaniche-servizi-errebi-group-hero-section.webp\",\"width\":1920,\"height\":1080,\"caption\":\"Macchina a taglio laser in funzione durante una lavorazione meccanica di precisione\"},{\"@type\":\"BreadcrumbList\",\"@id\":\"https:\\\/\\\/www.errebi-group.com\\\/it\\\/dichiarazione-accessibilita#breadcrumb\",\"itemListElement\":[{\"@type\":\"ListItem\",\"position\":1,\"name\":\"Home\",\"item\":\"https:\\\/\\\/www.errebi-group.com\\\/it\"},{\"@type\":\"ListItem\",\"position\":2,\"name\":\"Dichiarazione di accessibilit\u00e0\"}]},{\"@type\":\"WebSite\",\"@id\":\"https:\\\/\\\/www.errebi-group.com\\\/it\\\/#website\",\"url\":\"https:\\\/\\\/www.errebi-group.com\\\/it\\\/\",\"name\":\"Errebi Group - Azienda produttrice di Cablaggi e Quadri Elettrici\",\"description\":\"Azienda produttrice di Cablaggi e Quadri Elettrici\",\"publisher\":{\"@id\":\"https:\\\/\\\/www.errebi-group.com\\\/it\\\/#organization\"},\"potentialAction\":[{\"@type\":\"SearchAction\",\"target\":{\"@type\":\"EntryPoint\",\"urlTemplate\":\"https:\\\/\\\/www.errebi-group.com\\\/it\\\/?s={search_term_string}\"},\"query-input\":{\"@type\":\"PropertyValueSpecification\",\"valueRequired\":true,\"valueName\":\"search_term_string\"}}],\"inLanguage\":\"it-IT\"},{\"@type\":\"Organization\",\"@id\":\"https:\\\/\\\/www.errebi-group.com\\\/it\\\/#organization\",\"name\":\"Errebi Group\",\"url\":\"https:\\\/\\\/www.errebi-group.com\\\/it\\\/\",\"logo\":{\"@type\":\"ImageObject\",\"inLanguage\":\"it-IT\",\"@id\":\"https:\\\/\\\/www.errebi-group.com\\\/it\\\/#\\\/schema\\\/logo\\\/image\\\/\",\"url\":\"https:\\\/\\\/www.errebi-group.com\\\/wp-content\\\/uploads\\\/2025\\\/04\\\/logo-errebi-group-payoff-white-website.png\",\"contentUrl\":\"https:\\\/\\\/www.errebi-group.com\\\/wp-content\\\/uploads\\\/2025\\\/04\\\/logo-errebi-group-payoff-white-website.png\",\"width\":610,\"height\":100,\"caption\":\"Errebi Group\"},\"image\":{\"@id\":\"https:\\\/\\\/www.errebi-group.com\\\/it\\\/#\\\/schema\\\/logo\\\/image\\\/\"},\"sameAs\":[\"https:\\\/\\\/www.facebook.com\\\/errebigroupsrl\",\"https:\\\/\\\/www.instagram.com\\\/errebi.group?igsh=cGNzN3FpcDFqNm1i\",\"https:\\\/\\\/www.linkedin.com\\\/company\\\/errebigroup\\\/?originalSubdomain=it\",\"https:\\\/\\\/www.youtube.com\\\/@errebigroup\"]}]}<\/script>\n<!-- \/ Yoast SEO plugin. -->","yoast_head_json":{"title":"Dichiarazione di accessibilit\u00e0 | Errebi Group","description":"Scopri la dichiarazione di accessibilit\u00e0 del sito Errebi Group, gli interventi in corso e i contatti dedicati per segnalare eventuali difficolt\u00e0 di navigazione.","robots":{"index":"index","follow":"follow","max-snippet":"max-snippet:-1","max-image-preview":"max-image-preview:large","max-video-preview":"max-video-preview:-1"},"canonical":"https:\/\/www.errebi-group.com\/it\/dichiarazione-accessibilita","og_locale":"it_IT","og_type":"article","og_title":"Dichiarazione di accessibilit\u00e0 | Errebi Group","og_description":"Scopri la dichiarazione di accessibilit\u00e0 del sito Errebi Group, gli interventi in corso e i contatti dedicati per segnalare eventuali difficolt\u00e0 di navigazione.","og_url":"https:\/\/www.errebi-group.com\/it\/dichiarazione-accessibilita","og_site_name":"ErreBi Group","article_publisher":"https:\/\/www.facebook.com\/errebigroupsrl","og_image":[{"width":1920,"height":1080,"url":"https:\/\/www.errebi-group.com\/wp-content\/uploads\/2025\/04\/lavorazioni-meccaniche-servizi-errebi-group-hero-section.webp","type":"image\/webp"}],"twitter_card":"summary_large_image","twitter_misc":{"Tempo di lettura stimato":"2 minuti"},"schema":{"@context":"https:\/\/schema.org","@graph":[{"@type":"WebPage","@id":"https:\/\/www.errebi-group.com\/it\/dichiarazione-accessibilita","url":"https:\/\/www.errebi-group.com\/it\/dichiarazione-accessibilita","name":"Dichiarazione di accessibilit\u00e0 | Errebi Group","isPartOf":{"@id":"https:\/\/www.errebi-group.com\/it\/#website"},"primaryImageOfPage":{"@id":"https:\/\/www.errebi-group.com\/it\/dichiarazione-accessibilita#primaryimage"},"image":{"@id":"https:\/\/www.errebi-group.com\/it\/dichiarazione-accessibilita#primaryimage"},"thumbnailUrl":"https:\/\/www.errebi-group.com\/wp-content\/uploads\/2025\/04\/lavorazioni-meccaniche-servizi-errebi-group-hero-section.webp","datePublished":"2025-12-04T09:20:18+00:00","description":"Scopri la dichiarazione di accessibilit\u00e0 del sito Errebi Group, gli interventi in corso e i contatti dedicati per segnalare eventuali difficolt\u00e0 di navigazione.","breadcrumb":{"@id":"https:\/\/www.errebi-group.com\/it\/dichiarazione-accessibilita#breadcrumb"},"inLanguage":"it-IT","potentialAction":[{"@type":"ReadAction","target":["https:\/\/www.errebi-group.com\/it\/dichiarazione-accessibilita"]}]},{"@type":"ImageObject","inLanguage":"it-IT","@id":"https:\/\/www.errebi-group.com\/it\/dichiarazione-accessibilita#primaryimage","url":"https:\/\/www.errebi-group.com\/wp-content\/uploads\/2025\/04\/lavorazioni-meccaniche-servizi-errebi-group-hero-section.webp","contentUrl":"https:\/\/www.errebi-group.com\/wp-content\/uploads\/2025\/04\/lavorazioni-meccaniche-servizi-errebi-group-hero-section.webp","width":1920,"height":1080,"caption":"Macchina a taglio laser in funzione durante una lavorazione meccanica di precisione"},{"@type":"BreadcrumbList","@id":"https:\/\/www.errebi-group.com\/it\/dichiarazione-accessibilita#breadcrumb","itemListElement":[{"@type":"ListItem","position":1,"name":"Home","item":"https:\/\/www.errebi-group.com\/it"},{"@type":"ListItem","position":2,"name":"Dichiarazione di accessibilit\u00e0"}]},{"@type":"WebSite","@id":"https:\/\/www.errebi-group.com\/it\/#website","url":"https:\/\/www.errebi-group.com\/it\/","name":"Errebi Group - Azienda produttrice di Cablaggi e Quadri Elettrici","description":"Azienda produttrice di Cablaggi e Quadri Elettrici","publisher":{"@id":"https:\/\/www.errebi-group.com\/it\/#organization"},"potentialAction":[{"@type":"SearchAction","target":{"@type":"EntryPoint","urlTemplate":"https:\/\/www.errebi-group.com\/it\/?s={search_term_string}"},"query-input":{"@type":"PropertyValueSpecification","valueRequired":true,"valueName":"search_term_string"}}],"inLanguage":"it-IT"},{"@type":"Organization","@id":"https:\/\/www.errebi-group.com\/it\/#organization","name":"Errebi Group","url":"https:\/\/www.errebi-group.com\/it\/","logo":{"@type":"ImageObject","inLanguage":"it-IT","@id":"https:\/\/www.errebi-group.com\/it\/#\/schema\/logo\/image\/","url":"https:\/\/www.errebi-group.com\/wp-content\/uploads\/2025\/04\/logo-errebi-group-payoff-white-website.png","contentUrl":"https:\/\/www.errebi-group.com\/wp-content\/uploads\/2025\/04\/logo-errebi-group-payoff-white-website.png","width":610,"height":100,"caption":"Errebi Group"},"image":{"@id":"https:\/\/www.errebi-group.com\/it\/#\/schema\/logo\/image\/"},"sameAs":["https:\/\/www.facebook.com\/errebigroupsrl","https:\/\/www.instagram.com\/errebi.group?igsh=cGNzN3FpcDFqNm1i","https:\/\/www.linkedin.com\/company\/errebigroup\/?originalSubdomain=it","https:\/\/www.youtube.com\/@errebigroup"]}]}},"_links":{"self":[{"href":"https:\/\/www.errebi-group.com\/it\/wp-json\/wp\/v2\/pages\/2765","targetHints":{"allow":["GET"]}}],"collection":[{"href":"https:\/\/www.errebi-group.com\/it\/wp-json\/wp\/v2\/pages"}],"about":[{"href":"https:\/\/www.errebi-group.com\/it\/wp-json\/wp\/v2\/types\/page"}],"author":[{"embeddable":true,"href":"https:\/\/www.errebi-group.com\/it\/wp-json\/wp\/v2\/users\/1"}],"replies":[{"embeddable":true,"href":"https:\/\/www.errebi-group.com\/it\/wp-json\/wp\/v2\/comments?post=2765"}],"version-history":[{"count":1,"href":"https:\/\/www.errebi-group.com\/it\/wp-json\/wp\/v2\/pages\/2765\/revisions"}],"predecessor-version":[{"id":2766,"href":"https:\/\/www.errebi-group.com\/it\/wp-json\/wp\/v2\/pages\/2765\/revisions\/2766"}],"wp:featuredmedia":[{"embeddable":true,"href":"https:\/\/www.errebi-group.com\/it\/wp-json\/wp\/v2\/media\/1241"}],"wp:attachment":[{"href":"https:\/\/www.errebi-group.com\/it\/wp-json\/wp\/v2\/media?parent=2765"}],"curies":[{"name":"wp","href":"https:\/\/api.w.org\/{rel}","templated":true}]}}