{"id":598,"date":"2025-04-24T13:35:19","date_gmt":"2025-04-24T13:35:19","guid":{"rendered":"https:\/\/www.errebi-group.com\/?page_id=598"},"modified":"2025-07-01T14:25:02","modified_gmt":"2025-07-01T14:25:02","slug":"azienda","status":"publish","type":"page","link":"https:\/\/www.errebi-group.com\/it\/azienda","title":{"rendered":"Azienda"},"content":{"rendered":"<h2>Chi siamo<\/h2>\n<p>Noi di <strong>ErreBi Group<\/strong> siamo <strong>esperti cablatori<\/strong> e siamo strutturati per gestire <strong>la produzione e fornitura di svariate tipologie di cablaggi, quadri elettrici e componentistica elettrica di elevata qualit\u00e0<\/strong>. Grazie ad anni di studio e ricerca siamo <strong>una delle aziende pi\u00f9 attrezzate del territorio a livello di macchinari automatici e di software di gestione<\/strong>. <strong>La formazione meticolosa che contraddistingue la preparazione del nostro personale<\/strong>, negli anni ci ha portato ad avere una conoscenza cos\u00ec ampia del cablaggio da consentirci di portare il meglio di un settore in un altro ed a trovare <strong>soluzioni a problemi spesso insormontabili<\/strong>.<\/p>\n<div style=\"height: 48px;\"><\/div>\n<h2>Sfide passate e future<\/h2>\n<div style=\"height: 48px;\"><\/div>\n<h3>2020 &#8211; 2021 &#8211; ErreBi Group e la sfida internazionale<\/h3>\n<p>Il 2020 \u00e8 senza ombra di dubbio <strong>l\u2019anno all\u2019insegna dell\u2019internazionalizzazione<\/strong>. L\u2019azienda procede con <strong>il restyling aziendale<\/strong> e prosegue il processo di internazionalizzazione, cambiando il logo, le grafiche e di conseguenza anche il sito e i materiali comunicativi.<\/p>\n<p>Il 2020 purtroppo \u00e8 ben noto per <strong>l\u2019insorgere della pandemia da COVID-19<\/strong> e parte della nostra capacit\u00e0 produttiva viene convertita per <strong>la produzione di componentistica elettronica per dispositivi medici<\/strong>.<\/p>\n<p>Tra la fine del 2020 e l\u2019inizio del 2021 <strong>l\u2019azienda inaugura il nuovo sito aziendale ed il restyling di errebishop.com<\/strong>, tappe fondamentali nel processo di internazionalizzazione.<\/p>\n<p>Nel 2021, visto l\u2019importante incremento di servizi e di capacit\u00e0 produttiva avvenuto negli anni precedenti, <strong>l\u2019azienda investe in un nuovo stabile, amplia l&#8217;area produttiva a 2200 mq e suddivide la produzione in due aziende<\/strong>:<\/p>\n<ul>\n<li><strong>ErreBi Group<\/strong> per <strong>la produzione di quadri elettrici, assemblaggi elettromeccanici e lavorazioni meccaniche<\/strong>;<\/li>\n<li><strong>ErreBi Cablaggi<\/strong> per <strong>la consulenza, personalizzazione e produzione su misura di cablaggi elettrici<\/strong>.<\/li>\n<\/ul>\n<div style=\"height: 48px;\"><\/div>\n<h3>2016 &#8211; 2019 &#8211; La sfida web<\/h3>\n<p>In questo trienno si affaccia <strong>la sfida Web<\/strong>, l\u2019azienda si arricchisce della piattaforma <strong>errebishop.com<\/strong> che consente di entrare in contatto anche con gli utenti finali, anche solo per l\u2019acquisto di piccoli quantitativi di prodotti altrimenti difficilmente reperibili.<\/p>\n<p><strong>L\u2019offerta competitiva<\/strong>, <strong>l\u2019elevato numero di prodotti specifici<\/strong> ed <strong>un\u2019assistenza dedicata all\u2019acquisto<\/strong> ci consentono di far crescere rapidamente la nostra presenza sul web per i prodotti e servizi che meglio conosciamo.<\/p>\n<p>Nel 2019 si avvia <strong>il restyling del sito aziendale<\/strong> per venire incontro alle esigenze di un mondo digitale in continua evoluzione e per meglio comunicare le nuove tipologie di lavorazioni che il nostro impegno continuo nella ricerca ci ha consentito implementare:<\/p>\n<p><strong>Stampa prototipi 3D, lavorazioni di CNC, taglio laser e incisione laser<\/strong>, solo per citarne alcuni, sono i nuovi benvenuti nei nostri processi di produzione.<\/p>\n<div style=\"height: 48px;\"><\/div>\n<h3>2010 &#8211; 2016<\/h3>\n<p>Nel 2010 vengono inserite <strong>figure chiave per la gestione della produzione<\/strong>, che in sintonia con l&#8217;ufficio qualit\u00e0 riorganizzano tutto il reparto produttivo, iniziando ad usufruire <strong>del metodo kanban<\/strong>, incrementando la produttivit\u00e0, diminuendo gli scarti di produzione e ottimizzando gli acquisti della materia prima, con significativi vantaggi soprattutto al cliente, che inizia ad avere <strong>un servizio ancora pi\u00f9 affidabile e consegne istantanee<\/strong>.<\/p>\n<p>Nel 2011, l&#8217;azienda arriva a gestire <strong>oltre 10.000 articoli che ruotano regolarmente in magazzino<\/strong> ed inserisce <strong>automatismi significativi per la gestione del magazzino<\/strong>. Inoltre, alcuni componenti dello staff acquisiscono <strong>la certificazione IPC620<\/strong> aumentando cos\u00ec il grado di affidabilit\u00e0 dell&#8217;azienda stessa.<\/p>\n<p>A Febbraio del 2012, l&#8217;azienda acquista <strong>un software per la progettazione e la realizzazione dei disegni tecnici<\/strong> sia per cablaggio che per la quadristica, subito apprezzatissimo dai clienti.<\/p>\n<p>A Gennaio 2015, dopo un anno di studi, progettazione e messe a punto, <strong>apre il proprio e-commerce<\/strong>, che viene subito legato agli attuali marketplace, unificando la gestione in un unico processo ed ottimizzando di conseguenza i tempi di preparazione\/evasione ordine.<\/p>\n<p>Il 2015 \u00e8 un anno molto importante anche per quanto riguarda <strong>l\u2019acquisizione di nuove certificazioni<\/strong>, in quanto, da Novembre, <strong>l\u2019azienda diventa cablatore UL<\/strong>, con la possibilit\u00e0 di certificare il prodotto per i mercati di U.S.A. e Canada, aprendosi cosi a nuovi mercati.<\/p>\n<div style=\"height: 48px;\"><\/div>\n<h3>2004 &#8211; 2009<\/h3>\n<p>In questi anni l&#8217;azienda si affaccia per la prima volta <strong>nel settore della quadristica<\/strong>, producendo i primi quadri bordo macchina. Ma <strong>la vera e propria svolta in questo settore<\/strong> avverr\u00e0 nel 2009 con <strong>la nascita della ErreBi Cablaggi S.r.l.<\/strong>, che decider\u00e0 da subito di sviluppare una nuova divisione per <strong>la costruzione di quadri elettrici<\/strong>, iniziando ad assumere personale qualificato ed investendo nella formazione e su strumentazioni adeguate al settore.<\/p>\n<p>Negli ultimi mesi del 2006, <strong>i volumi di vendite aumentano<\/strong> cos\u00ec tanto che nasce la necessit\u00e0 di trovare una sede produttiva pi\u00f9 grande. Cos\u00ec l&#8217;azienda ad Aprile 2008 <strong>si trasferisce nel nuovo locale situato nel comune di Reggello<\/strong> a circa 20 Km da Firenze ed a soli 2 Km dal casello autostradale, ottimizzando il reparto produttivo ed agevolando anche il trasporto delle merci.<\/p>\n<p>In questo periodo <strong>si acquistano nuovi macchinari automatici<\/strong> che permettono all&#8217;azienda di diventare <strong>una tra le aziende all&#8217;avanguardia nel settore<\/strong>.<\/p>\n<div style=\"height: 48px;\"><\/div>\n<h3>1998 &#8211; Le origini<\/h3>\n<p>Per risalire alle origini, dobbiamo andare indietro fino a Luglio del 1998, anno in cui viene costituita <strong>l&#8217;azienda individuale a conduzione familiare<\/strong>, che diventer\u00e0 <strong>la ErreBi Group S.r.l.<\/strong> nel Luglio del 2009.<\/p>\n<p>Sin dai primi anni, <strong>l&#8217;azienda investe in macchinari con tecnologie di ultima generazione<\/strong>, affermandosi presto fra i pi\u00f9 affidabili produttori di cablaggi elettrici di tutto il territorio nazionale, ampliando mese dopo mese il parco clienti e fidelizzando sempre di pi\u00f9 i vecchi clienti, acquisendo competenza e diventando <strong>un vero e proprio riferimento nel settore<\/strong>.<\/p>\n<p>Dopo appena 2 anni dalla sua nascita, per dare un maggior servizio\/supporto al cliente, <strong>l&#8217;azienda decide di specializzarsi nell&#8217;assemblaggio meccanico<\/strong>, strutturando linee per il montaggio di parti meccaniche ed iniziando a fornire oltre ai cablaggi, semilavorati cablati e addirittura prodotti finiti e collaudati.<\/p>\n<p>Nei primi mesi del 2002, grazie alla forte crescita, l&#8217;azienda fa <strong>un ulteriore passo in avanti in termini di affidabilit\u00e0<\/strong> acquisendo <strong>la certificazione ISO 9001<\/strong>, perseguita da subito ed ottenuta nel Gennaio del 2003.<\/p>\n","protected":false},"excerpt":{"rendered":"<p>Chi siamo Noi di ErreBi Group siamo esperti cablatori e siamo strutturati per gestire la produzione e fornitura di svariate tipologie di cablaggi, quadri elettrici e componentistica elettrica di elevata qualit\u00e0. Grazie ad anni di studio e ricerca siamo una delle aziende pi\u00f9 attrezzate del territorio a livello di macchinari automatici e di software di [&hellip;]<\/p>\n","protected":false},"author":1,"featured_media":597,"parent":0,"menu_order":0,"comment_status":"closed","ping_status":"closed","template":"","meta":{"footnotes":""},"class_list":["post-598","page","type-page","status-publish","has-post-thumbnail","hentry"],"yoast_head":"<!-- This site is optimized with the Yoast SEO plugin v27.4 - https:\/\/yoast.com\/product\/yoast-seo-wordpress\/ -->\n<title>Errebi Group | Azienda produttrice di cablaggi elettrici<\/title>\n<meta name=\"description\" content=\"Errebi Group, azienda produttrice di cablaggi e quadri elettrici su misura. Scopri la nostra storia e contattaci per una consulenza personalizzata!\" \/>\n<meta name=\"robots\" content=\"index, follow, max-snippet:-1, max-image-preview:large, max-video-preview:-1\" \/>\n<link rel=\"canonical\" href=\"https:\/\/www.errebi-group.com\/it\/azienda\" \/>\n<meta property=\"og:locale\" content=\"it_IT\" \/>\n<meta property=\"og:type\" content=\"article\" \/>\n<meta property=\"og:title\" content=\"Errebi Group | Azienda produttrice di cablaggi elettrici\" \/>\n<meta property=\"og:description\" content=\"Errebi Group, azienda produttrice di cablaggi e quadri elettrici su misura. Scopri la nostra storia e contattaci per una consulenza personalizzata!\" \/>\n<meta property=\"og:url\" content=\"https:\/\/www.errebi-group.com\/it\/azienda\" \/>\n<meta property=\"og:site_name\" content=\"ErreBi Group\" \/>\n<meta property=\"article:publisher\" content=\"https:\/\/www.facebook.com\/errebigroupsrl\" \/>\n<meta property=\"article:modified_time\" content=\"2025-07-01T14:25:02+00:00\" \/>\n<meta property=\"og:image\" content=\"https:\/\/www.errebi-group.com\/wp-content\/uploads\/2025\/04\/sede-operativa-errebi-group-produzione-cablaggi-elettrici-industriali.webp\" \/>\n\t<meta property=\"og:image:width\" content=\"1280\" \/>\n\t<meta property=\"og:image:height\" content=\"720\" \/>\n\t<meta property=\"og:image:type\" content=\"image\/webp\" \/>\n<meta name=\"twitter:card\" content=\"summary_large_image\" \/>\n<meta name=\"twitter:label1\" content=\"Tempo di lettura stimato\" \/>\n\t<meta name=\"twitter:data1\" content=\"6 minuti\" \/>\n<script type=\"application\/ld+json\" class=\"yoast-schema-graph\">{\"@context\":\"https:\\\/\\\/schema.org\",\"@graph\":[{\"@type\":\"WebPage\",\"@id\":\"https:\\\/\\\/www.errebi-group.com\\\/it\\\/azienda\",\"url\":\"https:\\\/\\\/www.errebi-group.com\\\/it\\\/azienda\",\"name\":\"Errebi Group | Azienda produttrice di cablaggi elettrici\",\"isPartOf\":{\"@id\":\"https:\\\/\\\/www.errebi-group.com\\\/it\\\/#website\"},\"primaryImageOfPage\":{\"@id\":\"https:\\\/\\\/www.errebi-group.com\\\/it\\\/azienda#primaryimage\"},\"image\":{\"@id\":\"https:\\\/\\\/www.errebi-group.com\\\/it\\\/azienda#primaryimage\"},\"thumbnailUrl\":\"https:\\\/\\\/www.errebi-group.com\\\/wp-content\\\/uploads\\\/2025\\\/04\\\/sede-operativa-errebi-group-produzione-cablaggi-elettrici-industriali.webp\",\"datePublished\":\"2025-04-24T13:35:19+00:00\",\"dateModified\":\"2025-07-01T14:25:02+00:00\",\"description\":\"Errebi Group, azienda produttrice di cablaggi e quadri elettrici su misura. Scopri la nostra storia e contattaci per una consulenza personalizzata!\",\"breadcrumb\":{\"@id\":\"https:\\\/\\\/www.errebi-group.com\\\/it\\\/azienda#breadcrumb\"},\"inLanguage\":\"it-IT\",\"potentialAction\":[{\"@type\":\"ReadAction\",\"target\":[\"https:\\\/\\\/www.errebi-group.com\\\/it\\\/azienda\"]}]},{\"@type\":\"ImageObject\",\"inLanguage\":\"it-IT\",\"@id\":\"https:\\\/\\\/www.errebi-group.com\\\/it\\\/azienda#primaryimage\",\"url\":\"https:\\\/\\\/www.errebi-group.com\\\/wp-content\\\/uploads\\\/2025\\\/04\\\/sede-operativa-errebi-group-produzione-cablaggi-elettrici-industriali.webp\",\"contentUrl\":\"https:\\\/\\\/www.errebi-group.com\\\/wp-content\\\/uploads\\\/2025\\\/04\\\/sede-operativa-errebi-group-produzione-cablaggi-elettrici-industriali.webp\",\"width\":1280,\"height\":720,\"caption\":\"vista esterna della sede ErreBi Group con logo aziendale visibile sulla facciata\"},{\"@type\":\"BreadcrumbList\",\"@id\":\"https:\\\/\\\/www.errebi-group.com\\\/it\\\/azienda#breadcrumb\",\"itemListElement\":[{\"@type\":\"ListItem\",\"position\":1,\"name\":\"Home\",\"item\":\"https:\\\/\\\/www.errebi-group.com\\\/it\"},{\"@type\":\"ListItem\",\"position\":2,\"name\":\"Azienda\"}]},{\"@type\":\"WebSite\",\"@id\":\"https:\\\/\\\/www.errebi-group.com\\\/it\\\/#website\",\"url\":\"https:\\\/\\\/www.errebi-group.com\\\/it\\\/\",\"name\":\"Errebi Group - Azienda produttrice di Cablaggi e Quadri Elettrici\",\"description\":\"Azienda produttrice di Cablaggi e Quadri Elettrici\",\"publisher\":{\"@id\":\"https:\\\/\\\/www.errebi-group.com\\\/it\\\/#organization\"},\"potentialAction\":[{\"@type\":\"SearchAction\",\"target\":{\"@type\":\"EntryPoint\",\"urlTemplate\":\"https:\\\/\\\/www.errebi-group.com\\\/it\\\/?s={search_term_string}\"},\"query-input\":{\"@type\":\"PropertyValueSpecification\",\"valueRequired\":true,\"valueName\":\"search_term_string\"}}],\"inLanguage\":\"it-IT\"},{\"@type\":\"Organization\",\"@id\":\"https:\\\/\\\/www.errebi-group.com\\\/it\\\/#organization\",\"name\":\"Errebi Group\",\"url\":\"https:\\\/\\\/www.errebi-group.com\\\/it\\\/\",\"logo\":{\"@type\":\"ImageObject\",\"inLanguage\":\"it-IT\",\"@id\":\"https:\\\/\\\/www.errebi-group.com\\\/it\\\/#\\\/schema\\\/logo\\\/image\\\/\",\"url\":\"https:\\\/\\\/www.errebi-group.com\\\/wp-content\\\/uploads\\\/2025\\\/04\\\/logo-errebi-group-payoff-white-website.png\",\"contentUrl\":\"https:\\\/\\\/www.errebi-group.com\\\/wp-content\\\/uploads\\\/2025\\\/04\\\/logo-errebi-group-payoff-white-website.png\",\"width\":610,\"height\":100,\"caption\":\"Errebi Group\"},\"image\":{\"@id\":\"https:\\\/\\\/www.errebi-group.com\\\/it\\\/#\\\/schema\\\/logo\\\/image\\\/\"},\"sameAs\":[\"https:\\\/\\\/www.facebook.com\\\/errebigroupsrl\",\"https:\\\/\\\/www.instagram.com\\\/errebi.group?igsh=cGNzN3FpcDFqNm1i\",\"https:\\\/\\\/www.linkedin.com\\\/company\\\/errebigroup\\\/?originalSubdomain=it\",\"https:\\\/\\\/www.youtube.com\\\/@errebigroup\"]}]}<\/script>\n<!-- \/ Yoast SEO plugin. -->","yoast_head_json":{"title":"Errebi Group | Azienda produttrice di cablaggi elettrici","description":"Errebi Group, azienda produttrice di cablaggi e quadri elettrici su misura. Scopri la nostra storia e contattaci per una consulenza personalizzata!","robots":{"index":"index","follow":"follow","max-snippet":"max-snippet:-1","max-image-preview":"max-image-preview:large","max-video-preview":"max-video-preview:-1"},"canonical":"https:\/\/www.errebi-group.com\/it\/azienda","og_locale":"it_IT","og_type":"article","og_title":"Errebi Group | Azienda produttrice di cablaggi elettrici","og_description":"Errebi Group, azienda produttrice di cablaggi e quadri elettrici su misura. Scopri la nostra storia e contattaci per una consulenza personalizzata!","og_url":"https:\/\/www.errebi-group.com\/it\/azienda","og_site_name":"ErreBi Group","article_publisher":"https:\/\/www.facebook.com\/errebigroupsrl","article_modified_time":"2025-07-01T14:25:02+00:00","og_image":[{"width":1280,"height":720,"url":"https:\/\/www.errebi-group.com\/wp-content\/uploads\/2025\/04\/sede-operativa-errebi-group-produzione-cablaggi-elettrici-industriali.webp","type":"image\/webp"}],"twitter_card":"summary_large_image","twitter_misc":{"Tempo di lettura stimato":"6 minuti"},"schema":{"@context":"https:\/\/schema.org","@graph":[{"@type":"WebPage","@id":"https:\/\/www.errebi-group.com\/it\/azienda","url":"https:\/\/www.errebi-group.com\/it\/azienda","name":"Errebi Group | Azienda produttrice di cablaggi elettrici","isPartOf":{"@id":"https:\/\/www.errebi-group.com\/it\/#website"},"primaryImageOfPage":{"@id":"https:\/\/www.errebi-group.com\/it\/azienda#primaryimage"},"image":{"@id":"https:\/\/www.errebi-group.com\/it\/azienda#primaryimage"},"thumbnailUrl":"https:\/\/www.errebi-group.com\/wp-content\/uploads\/2025\/04\/sede-operativa-errebi-group-produzione-cablaggi-elettrici-industriali.webp","datePublished":"2025-04-24T13:35:19+00:00","dateModified":"2025-07-01T14:25:02+00:00","description":"Errebi Group, azienda produttrice di cablaggi e quadri elettrici su misura. Scopri la nostra storia e contattaci per una consulenza personalizzata!","breadcrumb":{"@id":"https:\/\/www.errebi-group.com\/it\/azienda#breadcrumb"},"inLanguage":"it-IT","potentialAction":[{"@type":"ReadAction","target":["https:\/\/www.errebi-group.com\/it\/azienda"]}]},{"@type":"ImageObject","inLanguage":"it-IT","@id":"https:\/\/www.errebi-group.com\/it\/azienda#primaryimage","url":"https:\/\/www.errebi-group.com\/wp-content\/uploads\/2025\/04\/sede-operativa-errebi-group-produzione-cablaggi-elettrici-industriali.webp","contentUrl":"https:\/\/www.errebi-group.com\/wp-content\/uploads\/2025\/04\/sede-operativa-errebi-group-produzione-cablaggi-elettrici-industriali.webp","width":1280,"height":720,"caption":"vista esterna della sede ErreBi Group con logo aziendale visibile sulla facciata"},{"@type":"BreadcrumbList","@id":"https:\/\/www.errebi-group.com\/it\/azienda#breadcrumb","itemListElement":[{"@type":"ListItem","position":1,"name":"Home","item":"https:\/\/www.errebi-group.com\/it"},{"@type":"ListItem","position":2,"name":"Azienda"}]},{"@type":"WebSite","@id":"https:\/\/www.errebi-group.com\/it\/#website","url":"https:\/\/www.errebi-group.com\/it\/","name":"Errebi Group - Azienda produttrice di Cablaggi e Quadri Elettrici","description":"Azienda produttrice di Cablaggi e Quadri Elettrici","publisher":{"@id":"https:\/\/www.errebi-group.com\/it\/#organization"},"potentialAction":[{"@type":"SearchAction","target":{"@type":"EntryPoint","urlTemplate":"https:\/\/www.errebi-group.com\/it\/?s={search_term_string}"},"query-input":{"@type":"PropertyValueSpecification","valueRequired":true,"valueName":"search_term_string"}}],"inLanguage":"it-IT"},{"@type":"Organization","@id":"https:\/\/www.errebi-group.com\/it\/#organization","name":"Errebi Group","url":"https:\/\/www.errebi-group.com\/it\/","logo":{"@type":"ImageObject","inLanguage":"it-IT","@id":"https:\/\/www.errebi-group.com\/it\/#\/schema\/logo\/image\/","url":"https:\/\/www.errebi-group.com\/wp-content\/uploads\/2025\/04\/logo-errebi-group-payoff-white-website.png","contentUrl":"https:\/\/www.errebi-group.com\/wp-content\/uploads\/2025\/04\/logo-errebi-group-payoff-white-website.png","width":610,"height":100,"caption":"Errebi Group"},"image":{"@id":"https:\/\/www.errebi-group.com\/it\/#\/schema\/logo\/image\/"},"sameAs":["https:\/\/www.facebook.com\/errebigroupsrl","https:\/\/www.instagram.com\/errebi.group?igsh=cGNzN3FpcDFqNm1i","https:\/\/www.linkedin.com\/company\/errebigroup\/?originalSubdomain=it","https:\/\/www.youtube.com\/@errebigroup"]}]}},"_links":{"self":[{"href":"https:\/\/www.errebi-group.com\/it\/wp-json\/wp\/v2\/pages\/598","targetHints":{"allow":["GET"]}}],"collection":[{"href":"https:\/\/www.errebi-group.com\/it\/wp-json\/wp\/v2\/pages"}],"about":[{"href":"https:\/\/www.errebi-group.com\/it\/wp-json\/wp\/v2\/types\/page"}],"author":[{"embeddable":true,"href":"https:\/\/www.errebi-group.com\/it\/wp-json\/wp\/v2\/users\/1"}],"replies":[{"embeddable":true,"href":"https:\/\/www.errebi-group.com\/it\/wp-json\/wp\/v2\/comments?post=598"}],"version-history":[{"count":23,"href":"https:\/\/www.errebi-group.com\/it\/wp-json\/wp\/v2\/pages\/598\/revisions"}],"predecessor-version":[{"id":2148,"href":"https:\/\/www.errebi-group.com\/it\/wp-json\/wp\/v2\/pages\/598\/revisions\/2148"}],"wp:featuredmedia":[{"embeddable":true,"href":"https:\/\/www.errebi-group.com\/it\/wp-json\/wp\/v2\/media\/597"}],"wp:attachment":[{"href":"https:\/\/www.errebi-group.com\/it\/wp-json\/wp\/v2\/media?parent=598"}],"curies":[{"name":"wp","href":"https:\/\/api.w.org\/{rel}","templated":true}]}}