{"id":680,"date":"2025-04-24T15:27:40","date_gmt":"2025-04-24T15:27:40","guid":{"rendered":"https:\/\/www.errebi-group.com\/?page_id=680"},"modified":"2025-07-01T15:30:42","modified_gmt":"2025-07-01T15:30:42","slug":"produzione-cablaggi-elettrici","status":"publish","type":"page","link":"https:\/\/www.errebi-group.com\/it\/produzione-cablaggi-elettrici","title":{"rendered":"Produzione cablaggi elettrici"},"content":{"rendered":"<p>ErreBi Group \u00e8 strutturata per la fornitura di svariate tipologie di cablaggi: <strong>l\u2019ingente investimento compiuto negli anni sulla ricerca e lo studio delle materie prime<\/strong>, su di <strong>una meticolosa formazione del personale<\/strong> e su <strong>una differenziazione del lavoro in base alla tipologia del prodotto<\/strong> ci offre oggi la possibilit\u00e0 di produrre per settori totalmente differenti tra loro, minimizzando i margini di errori e mantenendo un elevato standard qualitativo. <strong>Una conoscenza a 360 gradi del cablaggio<\/strong> ci offre, cos\u00ec, una visione completa dei possibili problemi che potrebbe incontrare il cliente, riuscendo ad offrire sempre soluzioni ottimali ed efficaci.<\/p>\n<div style=\"height: 48px;\"><\/div>\n<h2>Controllo qualit\u00e0 e gestione del processo produttivo<\/h2>\n<p>L\u2019intero processo produttivo \u00e8 monitorato a livello qualitativo da <strong>un software di gestione<\/strong>, il quale indica all\u2019operatore i controlli e gli interventi da effettuare in ogni fase. L\u2019operatore, di conseguenza, stila dei report riguardo quanto emerso dall\u2019analisi preliminare, seguendo ogni passaggio del processo produttivo dal magazzino fino all\u2019imballaggio del prodotto finale. <strong>La qualit\u00e0 \u00e8 quindi assicurata da una completa tracciabilit\u00e0 delle commesse archiviate<\/strong>, permettendo dunque di risalire ad informazioni e dettagli utili anche a distanza di anni. Il lavoro di magazzino \u00e8 a sua volta agevolato da <strong>uno speciale algoritmo che permette al software di accorpare pi\u00f9 commesse in base al criterio di ricerca scelto<\/strong>, permettendo di abbreviare le tempistiche di prelievo e, di conseguenza, essere pi\u00f9 competitivi dal punto di vista economico.<\/p>\n<div style=\"height: 48px;\"><\/div>\n<h2>Processo di produzione<\/h2>\n<p>La prima fase del processo di produzione \u00e8 chiaramente <strong>il contatto con il cliente<\/strong>. Per poter identificare al meglio quelle che sono le esigenze, \u00e8 necessario valutare <strong>un disegno tecnico del prodotto richiesto o un suo campione<\/strong>. La valutazione preliminare \u00e8 fondamentale per poter indicare al cliente una risposta adeguata per quanto riguarda <strong>la fattibilit\u00e0 del servizio e soprattutto le tempistiche esatte<\/strong> per provvedere alla produzione e la consegna. Una volta analizzati i dettagli della richiesta del cliente, viene elaborato <strong>un preventivo sul servizio completo da svolgere<\/strong> in tutti i suoi dettagli, presentato con una tabella dei costi ed una possibile data di spedizione. Il cliente pu\u00f2 avere la facolt\u00e0 di richiedere alcuni campioni del prodotto, per poter valutare con mano la qualit\u00e0 del servizio prima di confermare in via definitiva il progetto ed avviare cos\u00ec il processo produttivo. Come detto in precedenza, ogni fase della produzione viene minuziosamente seguita sia dal software addetto che da operatori specializzati, minimizzando <strong>la possibilit\u00e0 di errori e verificando la qualit\u00e0 del prodotto finale con test e collaudi finali<\/strong>. La consegna al cliente avverr\u00e0, dunque, soltanto al termine di <strong>attente verifiche qualitative<\/strong>, in rispetto delle richieste iniziali ed in previsione di possibili difficolt\u00e0 o problematiche che potrebbero avvenire nel tempo.<\/p>\n<div style=\"height: 48px;\"><\/div>\n<h2>Ricezione dello schema e delle specifiche<\/h2>\n<p>Come accennato, \u00e8 fondamentale che il cliente garantisca <strong>la pi\u00f9 completa collaborazione nel fornire dati precisi ed accurati sul servizio richiesto<\/strong>, possibilmente accompagnati da un campione o un disegno tecnico. Permettere ai nostri esperti <strong>un\u2019analisi preliminare efficace<\/strong> \u00e8 nel pi\u00f9 totale interesse del cliente, poich\u00e9 in questo modo sar\u00e0 possibile evitare ulteriori verifiche, chiarimenti, richieste e sopralluoghi, inevitabili per poter avviare la produzione in maniera efficace ma che impiegherebbero tempo altres\u00ec utilizzabile nell\u2019avvio immediato dei lavori. Per poter stilare <strong>un preventivo dettagliato ed affidabile<\/strong> \u00e8 necessario essere a conoscenza di ogni singola specifica del progetto da intraprendere, cosa possibile soltanto alla ricezione di tutti gli elementi necessari.<\/p>\n<div style=\"height: 48px;\"><\/div>\n<h2>Formulazione dell&#8217;offerta<\/h2>\n<p>Alla ricezione dello schema del prodotto corredato da tutte le informazioni necessarie all\u2019analisi preliminare, sar\u00e0 possibile <strong>formulare un preventivo dettagliato che illustri al cliente costi e tempistiche di consegna<\/strong>. Chiaramente, il tutto pu\u00f2 variare a seconda del volume della produzione e dalla sua complessit\u00e0, poich\u00e9 ogni tipologia di cablaggio pu\u00f2 avere una struttura semplice o che preveda l\u2019utilizzo di un numero maggiore di componenti. All\u2019accettazione dell\u2019offerta, il cliente ha la possibilit\u00e0 di richiedere <strong>un campione del prodotto richiesto<\/strong>, per poterne verificare l\u2019idoneit\u00e0 e poter cos\u00ec confermare l\u2019avviamento della produzione dell\u2019intero quantitativo. Il campione pu\u00f2 essere presentato in foto o, se possibile, di persona al cliente, che pu\u00f2 usufruire di questo servizio gratuitamente in caso di cablaggi particolarmente semplici. Nei casi in cui la campionatura sia di natura pi\u00f9 complessa e preveda dunque un pagamento extra, solitamente abbiamo la premura di <strong>scontare parzialmente il totale richiesto in caso di avanzamento dell\u2019ordine<\/strong>, permettendo dunque al cliente di recuperare una percentuale di quanto versato. Alla conferma del cliente ed in mancanza di anomalie riscontrate nella documentazione fornita, <strong>la produzione pu\u00f2 dunque essere definitivamente avviata<\/strong>.<\/p>\n<div style=\"height: 48px;\"><\/div>\n<h2>Produzione e collaudo cablaggi<\/h2>\n<p>L\u2019intero processo di produzione avviene in maniera <strong>totalmente informatizzata<\/strong>, con la documentazione che passa in formato elettronico sugli schemi presenti nelle varie postazioni di lavoro. Il primo step spetta all\u2019<strong>ufficio tecnico<\/strong>, che inserisce le distinte base, definisce sul gestionale le varie fasi con le rispettive lavorazioni interne e crea il disegno tecnico (se non gi\u00e0 fornito dal cliente).<\/p>\n<p>Dopo una verifica generale da parte di un addetto tecnico sul corretto inserimento dei dati, <strong>il processo viene validato e passato al responsabile di produzione<\/strong>, il quale definisce le tempistiche della commessa e sceglie gli operatori da applicare ad ogni singola fase in base alle competenze previste. Una volta calcolati i carichi di lavoro ed i tempi di lavorazione, viene generata <strong>una scheda d\u2019ordine da inviare al cliente<\/strong>.<\/p>\n<p>Il calendario di ogni operatore viene, a questo punto, aggiornato con la nuova commessa, la quale verr\u00e0 lavorata in base alla suddivisione prevista nei giorni stabiliti. <strong>Grazie alla accuratezza del software<\/strong>, \u00e8 possibile monitorare man mano lo stato di avanzamento della commessa, risalire a chi la stia lavorando al momento della verifica e controllare inoltre l\u2019insorgenza di eventuali anomalie durante il processo di produzione da portare all\u2019attenzione del cliente.<\/p>\n<div style=\"height: 48px;\"><\/div>\n<h2>Controllo finale e consegna<\/h2>\n<p>Con il completamento di tutte le fasi di intervento, il processo pu\u00f2 ritenersi terminato soltanto al termine di <strong>un ulteriore controllo della qualit\u00e0 ed un collaudo<\/strong> per verificare la funzionalit\u00e0 del prodotto finale. Anche in questo caso, <strong>la precisione e la meticolosit\u00e0 degli addetti \u00e8 fondamentale<\/strong>, poich\u00e9 si tratta dell\u2019ultimo step prima della fase di imballaggio e di spedizione al cliente. Quando l\u2019operatore ha ultimato i controlli e validato la conformit\u00e0 del lavoro, <strong>la commessa viene imballata, etichettata e distinta da un codice a barre<\/strong>, da cui si genera un documento di trasporto per la consegna. Dal momento in cui il corriere ritira il pacco, al cliente viene inviato <strong>un numero di tracking per monitorarne il tragitto e le tempistiche per la consegna finale<\/strong>.<\/p>\n<div style=\"height: 48px;\"><\/div>\n<h2>Lavorazioni e automazione dei processi<\/h2>\n<p>Siamo in assoluto tra le aziende pi\u00f9 attrezzate del territorio per quanto riguarda <strong>la disponibilit\u00e0 di macchinari automatici predisposti per lavorazioni e produzione di cablaggi di ogni tipologia<\/strong>.<\/p>\n<p>Tra le numerose tipologie di lavorazioni che siamo in grado di svolgere, grazie alla nostra dotazione di macchinari siamo in grado di eseguire le seguenti tipologie di lavorazioni in modo automatizzato:<\/p>\n<ul>\n<li><strong>Taglio, aggraffatura, coprifastonatura<\/strong>;<\/li>\n<li><strong>Lavorazione di terminali con gommini di tenuta stagna<\/strong>;<\/li>\n<li><strong>Crimpatura di capocorda isolati e non<\/strong>;<\/li>\n<li><strong>Stampaggio a iniezione<\/strong>;<\/li>\n<li><strong>Lavorazione e crimpatura di cavi piatti, flat e ffc<\/strong>;<\/li>\n<li><strong>Taglio, sguainatura e spelatura di cavi multipolari e coassiali<\/strong>;<\/li>\n<li><strong>Taglio in automatico di guaine rigide e flessibili<\/strong>;<\/li>\n<li><strong>Saldatura automatica<\/strong>;<\/li>\n<li><strong>Siglatura di cavi e componenti a inkjer<\/strong>;<\/li>\n<li><strong>Taglio laser, stampa 3D e CNC<\/strong>.<\/li>\n<\/ul>\n<p><strong>La nostra capacit\u00e0 di svolgere tutte le lavorazioni necessarie alla realizzazione di cablaggi<\/strong>, la differenziazione del lavoro e la competenza del personale per ogni settore trattato ci offrono la possibilit\u00e0 di poter lavorare in svariati campi in ambito di consulenza, produzione, collaudo ed installazione dei cablaggi.<\/p>\n","protected":false},"excerpt":{"rendered":"<p>ErreBi Group \u00e8 strutturata per la fornitura di svariate tipologie di cablaggi: l\u2019ingente investimento compiuto negli anni sulla ricerca e lo studio delle materie prime, su di una meticolosa formazione del personale e su una differenziazione del lavoro in base alla tipologia del prodotto ci offre oggi la possibilit\u00e0 di produrre per settori totalmente differenti [&hellip;]<\/p>\n","protected":false},"author":1,"featured_media":1230,"parent":0,"menu_order":0,"comment_status":"closed","ping_status":"closed","template":"","meta":{"footnotes":""},"class_list":["post-680","page","type-page","status-publish","has-post-thumbnail","hentry"],"yoast_head":"<!-- This site is optimized with the Yoast SEO plugin v27.5 - https:\/\/yoast.com\/product\/yoast-seo-wordpress\/ -->\n<title>Produzione cablaggi elettrici e realizzazione su commissione<\/title>\n<meta name=\"description\" content=\"Produzione cablaggi elettrici su commissione, con lavorazioni su misura e alta qualit\u00e0. Contattaci per soluzioni personalizzate e tempi di consegna garantiti!\" \/>\n<meta name=\"robots\" content=\"index, follow, max-snippet:-1, max-image-preview:large, max-video-preview:-1\" \/>\n<link rel=\"canonical\" href=\"https:\/\/www.errebi-group.com\/it\/produzione-cablaggi-elettrici\" \/>\n<meta property=\"og:locale\" content=\"it_IT\" \/>\n<meta property=\"og:type\" content=\"article\" \/>\n<meta property=\"og:title\" content=\"Produzione cablaggi elettrici e realizzazione su commissione\" \/>\n<meta property=\"og:description\" content=\"Produzione cablaggi elettrici su commissione, con lavorazioni su misura e alta qualit\u00e0. Contattaci per soluzioni personalizzate e tempi di consegna garantiti!\" \/>\n<meta property=\"og:url\" content=\"https:\/\/www.errebi-group.com\/it\/produzione-cablaggi-elettrici\" \/>\n<meta property=\"og:site_name\" content=\"ErreBi Group\" \/>\n<meta property=\"article:publisher\" content=\"https:\/\/www.facebook.com\/errebigroupsrl\" \/>\n<meta property=\"article:modified_time\" content=\"2025-07-01T15:30:42+00:00\" \/>\n<meta property=\"og:image\" content=\"https:\/\/www.errebi-group.com\/wp-content\/uploads\/2025\/04\/produzione-cablaggi-elettrici-servizi-errebi-group-hero-section.webp\" \/>\n\t<meta property=\"og:image:width\" content=\"1920\" \/>\n\t<meta property=\"og:image:height\" content=\"1080\" \/>\n\t<meta property=\"og:image:type\" content=\"image\/webp\" \/>\n<meta name=\"twitter:card\" content=\"summary_large_image\" \/>\n<meta name=\"twitter:label1\" content=\"Tempo di lettura stimato\" \/>\n\t<meta name=\"twitter:data1\" content=\"7 minuti\" \/>\n<script type=\"application\/ld+json\" class=\"yoast-schema-graph\">{\"@context\":\"https:\\\/\\\/schema.org\",\"@graph\":[{\"@type\":\"WebPage\",\"@id\":\"https:\\\/\\\/www.errebi-group.com\\\/it\\\/produzione-cablaggi-elettrici\",\"url\":\"https:\\\/\\\/www.errebi-group.com\\\/it\\\/produzione-cablaggi-elettrici\",\"name\":\"Produzione cablaggi elettrici e realizzazione su commissione\",\"isPartOf\":{\"@id\":\"https:\\\/\\\/www.errebi-group.com\\\/it\\\/#website\"},\"primaryImageOfPage\":{\"@id\":\"https:\\\/\\\/www.errebi-group.com\\\/it\\\/produzione-cablaggi-elettrici#primaryimage\"},\"image\":{\"@id\":\"https:\\\/\\\/www.errebi-group.com\\\/it\\\/produzione-cablaggi-elettrici#primaryimage\"},\"thumbnailUrl\":\"https:\\\/\\\/www.errebi-group.com\\\/wp-content\\\/uploads\\\/2025\\\/04\\\/produzione-cablaggi-elettrici-servizi-errebi-group-hero-section.webp\",\"datePublished\":\"2025-04-24T15:27:40+00:00\",\"dateModified\":\"2025-07-01T15:30:42+00:00\",\"description\":\"Produzione cablaggi elettrici su commissione, con lavorazioni su misura e alta qualit\u00e0. Contattaci per soluzioni personalizzate e tempi di consegna garantiti!\",\"breadcrumb\":{\"@id\":\"https:\\\/\\\/www.errebi-group.com\\\/it\\\/produzione-cablaggi-elettrici#breadcrumb\"},\"inLanguage\":\"it-IT\",\"potentialAction\":[{\"@type\":\"ReadAction\",\"target\":[\"https:\\\/\\\/www.errebi-group.com\\\/it\\\/produzione-cablaggi-elettrici\"]}]},{\"@type\":\"ImageObject\",\"inLanguage\":\"it-IT\",\"@id\":\"https:\\\/\\\/www.errebi-group.com\\\/it\\\/produzione-cablaggi-elettrici#primaryimage\",\"url\":\"https:\\\/\\\/www.errebi-group.com\\\/wp-content\\\/uploads\\\/2025\\\/04\\\/produzione-cablaggi-elettrici-servizi-errebi-group-hero-section.webp\",\"contentUrl\":\"https:\\\/\\\/www.errebi-group.com\\\/wp-content\\\/uploads\\\/2025\\\/04\\\/produzione-cablaggi-elettrici-servizi-errebi-group-hero-section.webp\",\"width\":1920,\"height\":1080,\"caption\":\"Operatore ErreBi Group con guanti tecnici che tiene in mano cablaggi elettrici assemblati\"},{\"@type\":\"BreadcrumbList\",\"@id\":\"https:\\\/\\\/www.errebi-group.com\\\/it\\\/produzione-cablaggi-elettrici#breadcrumb\",\"itemListElement\":[{\"@type\":\"ListItem\",\"position\":1,\"name\":\"Home\",\"item\":\"https:\\\/\\\/www.errebi-group.com\\\/it\"},{\"@type\":\"ListItem\",\"position\":2,\"name\":\"Produzione cablaggi elettrici\"}]},{\"@type\":\"WebSite\",\"@id\":\"https:\\\/\\\/www.errebi-group.com\\\/it\\\/#website\",\"url\":\"https:\\\/\\\/www.errebi-group.com\\\/it\\\/\",\"name\":\"Errebi Group - Azienda produttrice di Cablaggi e Quadri Elettrici\",\"description\":\"Azienda produttrice di Cablaggi e Quadri Elettrici\",\"publisher\":{\"@id\":\"https:\\\/\\\/www.errebi-group.com\\\/it\\\/#organization\"},\"potentialAction\":[{\"@type\":\"SearchAction\",\"target\":{\"@type\":\"EntryPoint\",\"urlTemplate\":\"https:\\\/\\\/www.errebi-group.com\\\/it\\\/?s={search_term_string}\"},\"query-input\":{\"@type\":\"PropertyValueSpecification\",\"valueRequired\":true,\"valueName\":\"search_term_string\"}}],\"inLanguage\":\"it-IT\"},{\"@type\":\"Organization\",\"@id\":\"https:\\\/\\\/www.errebi-group.com\\\/it\\\/#organization\",\"name\":\"Errebi Group\",\"url\":\"https:\\\/\\\/www.errebi-group.com\\\/it\\\/\",\"logo\":{\"@type\":\"ImageObject\",\"inLanguage\":\"it-IT\",\"@id\":\"https:\\\/\\\/www.errebi-group.com\\\/it\\\/#\\\/schema\\\/logo\\\/image\\\/\",\"url\":\"https:\\\/\\\/www.errebi-group.com\\\/wp-content\\\/uploads\\\/2025\\\/04\\\/logo-errebi-group-payoff-white-website.png\",\"contentUrl\":\"https:\\\/\\\/www.errebi-group.com\\\/wp-content\\\/uploads\\\/2025\\\/04\\\/logo-errebi-group-payoff-white-website.png\",\"width\":610,\"height\":100,\"caption\":\"Errebi Group\"},\"image\":{\"@id\":\"https:\\\/\\\/www.errebi-group.com\\\/it\\\/#\\\/schema\\\/logo\\\/image\\\/\"},\"sameAs\":[\"https:\\\/\\\/www.facebook.com\\\/errebigroupsrl\",\"https:\\\/\\\/www.instagram.com\\\/errebi.group?igsh=cGNzN3FpcDFqNm1i\",\"https:\\\/\\\/www.linkedin.com\\\/company\\\/errebigroup\\\/?originalSubdomain=it\",\"https:\\\/\\\/www.youtube.com\\\/@errebigroup\"]}]}<\/script>\n<!-- \/ Yoast SEO plugin. -->","yoast_head_json":{"title":"Produzione cablaggi elettrici e realizzazione su commissione","description":"Produzione cablaggi elettrici su commissione, con lavorazioni su misura e alta qualit\u00e0. Contattaci per soluzioni personalizzate e tempi di consegna garantiti!","robots":{"index":"index","follow":"follow","max-snippet":"max-snippet:-1","max-image-preview":"max-image-preview:large","max-video-preview":"max-video-preview:-1"},"canonical":"https:\/\/www.errebi-group.com\/it\/produzione-cablaggi-elettrici","og_locale":"it_IT","og_type":"article","og_title":"Produzione cablaggi elettrici e realizzazione su commissione","og_description":"Produzione cablaggi elettrici su commissione, con lavorazioni su misura e alta qualit\u00e0. Contattaci per soluzioni personalizzate e tempi di consegna garantiti!","og_url":"https:\/\/www.errebi-group.com\/it\/produzione-cablaggi-elettrici","og_site_name":"ErreBi Group","article_publisher":"https:\/\/www.facebook.com\/errebigroupsrl","article_modified_time":"2025-07-01T15:30:42+00:00","og_image":[{"width":1920,"height":1080,"url":"https:\/\/www.errebi-group.com\/wp-content\/uploads\/2025\/04\/produzione-cablaggi-elettrici-servizi-errebi-group-hero-section.webp","type":"image\/webp"}],"twitter_card":"summary_large_image","twitter_misc":{"Tempo di lettura stimato":"7 minuti"},"schema":{"@context":"https:\/\/schema.org","@graph":[{"@type":"WebPage","@id":"https:\/\/www.errebi-group.com\/it\/produzione-cablaggi-elettrici","url":"https:\/\/www.errebi-group.com\/it\/produzione-cablaggi-elettrici","name":"Produzione cablaggi elettrici e realizzazione su commissione","isPartOf":{"@id":"https:\/\/www.errebi-group.com\/it\/#website"},"primaryImageOfPage":{"@id":"https:\/\/www.errebi-group.com\/it\/produzione-cablaggi-elettrici#primaryimage"},"image":{"@id":"https:\/\/www.errebi-group.com\/it\/produzione-cablaggi-elettrici#primaryimage"},"thumbnailUrl":"https:\/\/www.errebi-group.com\/wp-content\/uploads\/2025\/04\/produzione-cablaggi-elettrici-servizi-errebi-group-hero-section.webp","datePublished":"2025-04-24T15:27:40+00:00","dateModified":"2025-07-01T15:30:42+00:00","description":"Produzione cablaggi elettrici su commissione, con lavorazioni su misura e alta qualit\u00e0. Contattaci per soluzioni personalizzate e tempi di consegna garantiti!","breadcrumb":{"@id":"https:\/\/www.errebi-group.com\/it\/produzione-cablaggi-elettrici#breadcrumb"},"inLanguage":"it-IT","potentialAction":[{"@type":"ReadAction","target":["https:\/\/www.errebi-group.com\/it\/produzione-cablaggi-elettrici"]}]},{"@type":"ImageObject","inLanguage":"it-IT","@id":"https:\/\/www.errebi-group.com\/it\/produzione-cablaggi-elettrici#primaryimage","url":"https:\/\/www.errebi-group.com\/wp-content\/uploads\/2025\/04\/produzione-cablaggi-elettrici-servizi-errebi-group-hero-section.webp","contentUrl":"https:\/\/www.errebi-group.com\/wp-content\/uploads\/2025\/04\/produzione-cablaggi-elettrici-servizi-errebi-group-hero-section.webp","width":1920,"height":1080,"caption":"Operatore ErreBi Group con guanti tecnici che tiene in mano cablaggi elettrici assemblati"},{"@type":"BreadcrumbList","@id":"https:\/\/www.errebi-group.com\/it\/produzione-cablaggi-elettrici#breadcrumb","itemListElement":[{"@type":"ListItem","position":1,"name":"Home","item":"https:\/\/www.errebi-group.com\/it"},{"@type":"ListItem","position":2,"name":"Produzione cablaggi elettrici"}]},{"@type":"WebSite","@id":"https:\/\/www.errebi-group.com\/it\/#website","url":"https:\/\/www.errebi-group.com\/it\/","name":"Errebi Group - Azienda produttrice di Cablaggi e Quadri Elettrici","description":"Azienda produttrice di Cablaggi e Quadri Elettrici","publisher":{"@id":"https:\/\/www.errebi-group.com\/it\/#organization"},"potentialAction":[{"@type":"SearchAction","target":{"@type":"EntryPoint","urlTemplate":"https:\/\/www.errebi-group.com\/it\/?s={search_term_string}"},"query-input":{"@type":"PropertyValueSpecification","valueRequired":true,"valueName":"search_term_string"}}],"inLanguage":"it-IT"},{"@type":"Organization","@id":"https:\/\/www.errebi-group.com\/it\/#organization","name":"Errebi Group","url":"https:\/\/www.errebi-group.com\/it\/","logo":{"@type":"ImageObject","inLanguage":"it-IT","@id":"https:\/\/www.errebi-group.com\/it\/#\/schema\/logo\/image\/","url":"https:\/\/www.errebi-group.com\/wp-content\/uploads\/2025\/04\/logo-errebi-group-payoff-white-website.png","contentUrl":"https:\/\/www.errebi-group.com\/wp-content\/uploads\/2025\/04\/logo-errebi-group-payoff-white-website.png","width":610,"height":100,"caption":"Errebi Group"},"image":{"@id":"https:\/\/www.errebi-group.com\/it\/#\/schema\/logo\/image\/"},"sameAs":["https:\/\/www.facebook.com\/errebigroupsrl","https:\/\/www.instagram.com\/errebi.group?igsh=cGNzN3FpcDFqNm1i","https:\/\/www.linkedin.com\/company\/errebigroup\/?originalSubdomain=it","https:\/\/www.youtube.com\/@errebigroup"]}]}},"_links":{"self":[{"href":"https:\/\/www.errebi-group.com\/it\/wp-json\/wp\/v2\/pages\/680","targetHints":{"allow":["GET"]}}],"collection":[{"href":"https:\/\/www.errebi-group.com\/it\/wp-json\/wp\/v2\/pages"}],"about":[{"href":"https:\/\/www.errebi-group.com\/it\/wp-json\/wp\/v2\/types\/page"}],"author":[{"embeddable":true,"href":"https:\/\/www.errebi-group.com\/it\/wp-json\/wp\/v2\/users\/1"}],"replies":[{"embeddable":true,"href":"https:\/\/www.errebi-group.com\/it\/wp-json\/wp\/v2\/comments?post=680"}],"version-history":[{"count":4,"href":"https:\/\/www.errebi-group.com\/it\/wp-json\/wp\/v2\/pages\/680\/revisions"}],"predecessor-version":[{"id":1232,"href":"https:\/\/www.errebi-group.com\/it\/wp-json\/wp\/v2\/pages\/680\/revisions\/1232"}],"wp:featuredmedia":[{"embeddable":true,"href":"https:\/\/www.errebi-group.com\/it\/wp-json\/wp\/v2\/media\/1230"}],"wp:attachment":[{"href":"https:\/\/www.errebi-group.com\/it\/wp-json\/wp\/v2\/media?parent=680"}],"curies":[{"name":"wp","href":"https:\/\/api.w.org\/{rel}","templated":true}]}}